{"id":82762,"date":"2021-12-03T16:56:32","date_gmt":"2021-12-03T15:56:32","guid":{"rendered":"https:\/\/zenkit.com\/projects\/integrationen\/time-doctor\/"},"modified":"2025-11-04T06:53:15","modified_gmt":"2025-11-04T05:53:15","slug":"time-doctor","status":"publish","type":"page","link":"https:\/\/zenkit.com\/de\/integrationen\/time-doctor\/","title":{"rendered":"Time Doctor"},"content":{"rendered":"\n<div style=\"height:45px;--tablet-height:45px;--mobile-height:16px\" class=\"wp-block-lookeen-blocks-responsive-spacer\"><\/div>\n\n\n\n<div class=\"wp-block-group has-global-padding is-layout-constrained wp-block-group-is-layout-constrained\">\n<div class=\"wp-block-columns is-layout-flex wp-container-core-columns-is-layout-467d341d wp-block-columns-is-layout-flex\" id=\"main__integrations\" style=\"margin-top:0px;margin-bottom:0px\">\n<div class=\"wp-block-column side__bar__integrations is-layout-flow wp-block-column-is-layout-flow\" style=\"flex-basis:23%\">\n<h2 class=\"wp-block-heading has-da-blue-color-new has-text-color has-link-color wp-elements-47e6a21834f124d3eeca2206f31c647f\" style=\"margin-top:0px;margin-bottom:0px;font-size:16px;line-height:1.5\">Zeiterfassungs Integrationen<\/h2>\n\n\n<nav class=\"is-vertical integrations__menu wp-block-navigation is-layout-flex wp-container-core-navigation-is-layout-5f9f5280 wp-block-navigation-is-layout-flex\" aria-label=\"de-timetracking-integrations\"><ul class=\"wp-block-navigation__container  is-vertical integrations__menu wp-block-navigation\"><li class=\" wp-block-navigation-item wp-block-navigation-link\"><a class=\"wp-block-navigation-item__content\"  href=\"https:\/\/zenkit.com\/de\/integrationen\/clicktime\/\"><span class=\"wp-block-navigation-item__label\">ClickTime<\/span><\/a><\/li><li class=\" wp-block-navigation-item wp-block-navigation-link\"><a class=\"wp-block-navigation-item__content\"  href=\"https:\/\/zenkit.com\/de\/integrationen\/clockify\/\"><span class=\"wp-block-navigation-item__label\">Clockify<\/span><\/a><\/li><li class=\" wp-block-navigation-item wp-block-navigation-link\"><a class=\"wp-block-navigation-item__content\"  href=\"https:\/\/zenkit.com\/de\/integrationen\/desktime\/\"><span class=\"wp-block-navigation-item__label\">DeskTime<\/span><\/a><\/li><li class=\" wp-block-navigation-item wp-block-navigation-link\"><a class=\"wp-block-navigation-item__content\"  href=\"https:\/\/zenkit.com\/de\/integrationen\/everhour\/\"><span class=\"wp-block-navigation-item__label\">Everhour<\/span><\/a><\/li><li class=\" wp-block-navigation-item wp-block-navigation-link\"><a class=\"wp-block-navigation-item__content\"  href=\"https:\/\/zenkit.com\/de\/integrationen\/pomodoneapp\/\"><span class=\"wp-block-navigation-item__label\">PomoDoneApp<\/span><\/a><\/li><li class=\" wp-block-navigation-item wp-block-navigation-link\"><a class=\"wp-block-navigation-item__content\"  href=\"https:\/\/zenkit.com\/de\/integrationen\/timecamp\/\"><span class=\"wp-block-navigation-item__label\">TimeCamp<\/span><\/a><\/li><li class=\" wp-block-navigation-item wp-block-navigation-link\"><a class=\"wp-block-navigation-item__content\"  href=\"https:\/\/zenkit.com\/de\/integrationen\/time-doctor\/\"><span class=\"wp-block-navigation-item__label\">Time Doctor<\/span><\/a><\/li><li class=\" wp-block-navigation-item wp-block-navigation-link\"><a class=\"wp-block-navigation-item__content\"  href=\"https:\/\/zenkit.com\/de\/integrationen\/tmetric\/\"><span class=\"wp-block-navigation-item__label\">TMetric<\/span><\/a><\/li><li class=\" wp-block-navigation-item wp-block-navigation-link\"><a class=\"wp-block-navigation-item__content\"  href=\"https:\/\/zenkit.com\/de\/integrationen\/toggl-track\/\"><span class=\"wp-block-navigation-item__label\">Toggl Track<\/span><\/a><\/li><\/ul><\/nav><\/div>\n\n\n\n<div class=\"wp-block-column content__integrations is-layout-flow wp-block-column-is-layout-flow\" style=\"flex-basis:77%\">\n<div class=\"wp-block-group has-global-padding is-layout-constrained wp-block-group-is-layout-constrained\">\n<div class=\"wp-block-group title is-layout-flex wp-container-core-group-is-layout-ed4b00df wp-block-group-is-layout-flex\">\n<figure class=\"wp-block-image size-full is-resized\"><img loading=\"lazy\" decoding=\"async\" width=\"242\" height=\"240\" src=\"https:\/\/zenkit.com\/wp-content\/uploads\/2025\/07\/TD-icon@2x-1.webp\" alt=\"Time Doctor Logo\" class=\"wp-image-117588\" style=\"width:auto;height:46px\" srcset=\"https:\/\/zenkit.com\/wp-content\/uploads\/2025\/07\/TD-icon@2x-1.webp 242w, https:\/\/zenkit.com\/wp-content\/uploads\/2025\/07\/TD-icon@2x-1-150x150.webp 150w\" sizes=\"auto, (max-width: 242px) 100vw, 242px\" \/><\/figure>\n\n\n\n<h1 class=\"wp-block-heading\">Time Doctor und Zenkit<\/h1>\n<\/div>\n\n\n\n<div class=\"wp-block-group has-global-padding is-layout-constrained wp-block-group-is-layout-constrained\">\n<h3 class=\"wp-block-heading display-h2\">Verbinden Sie Ihre Zenkit- und Time Doctor-Konten<\/h3>\n\n\n\n<p>Vereinen Sie Ihre Zeiterfassung und das Erstellen von Berichten. Verschwenden Sie nie wieder Zeit mit Copy und Paste.<\/p>\n<\/div>\n<\/div>\n\n\n\n<div style=\"height:48px;--tablet-height:36px;--mobile-height:24px\" class=\"wp-block-lookeen-blocks-responsive-spacer\"><\/div>\n\n\n\n<div class=\"wp-block-group has-global-padding is-layout-constrained wp-block-group-is-layout-constrained\">\n<figure class=\"wp-block-video\"><video controls src=\"https:\/\/zenkit.com\/wp-content\/uploads\/2023\/09\/Time-Doctor-Overview-Time-Doctor-Product-Tour-Video.mp4\"><\/video><\/figure>\n<\/div>\n\n\n\n<div style=\"height:48px;--tablet-height:36px;--mobile-height:24px\" class=\"wp-block-lookeen-blocks-responsive-spacer\"><\/div>\n\n\n\n<div class=\"wp-block-group has-global-padding is-layout-constrained wp-block-group-is-layout-constrained\">\n<h3 class=\"wp-block-heading display-h2\">\u00dcber TimeDoctor<\/h3>\n\n\n\n<p>TimeDoctor ist ein Zeiterfassungstool zur Verbesserung der Produktivit\u00e4t. Es hilft Ihnen dabei herauszufinden, wie produktiv Ihr Team wirklich ist. Es eignet sich perfekt f\u00fcr Teams zwischen 20 und 500 Mitarbeitern und auch f\u00fcr CRM- und White-Label-Funktionen. Es ist webbasiert und bietet folgende Funktionen:<\/p>\n\n\n\n<ul class=\"wp-block-list is-style-da-left-indent\">\n<li>Zeiterfassung<\/li>\n\n\n\n<li>\u00dcberwachung von (Computer-)Sitzungszeiten<\/li>\n\n\n\n<li>Erinnerungen<\/li>\n\n\n\n<li>Screenshot-Aufnahmen<\/li>\n\n\n\n<li>Fakturierung<\/li>\n\n\n\n<li>Reporting-Tools<\/li>\n\n\n\n<li>Integrationen<\/li>\n<\/ul>\n<\/div>\n\n\n\n<div style=\"height:48px;--tablet-height:36px;--mobile-height:24px\" class=\"wp-block-lookeen-blocks-responsive-spacer\"><\/div>\n\n\n\n<div class=\"wp-block-group has-global-padding is-layout-constrained wp-block-group-is-layout-constrained\">\n<h3 class=\"wp-block-heading display-h2\">\u00dcber Zenkit<\/h3>\n\n\n\n<p><a href=\"https:\/\/zenkit.com\/\">Zenkit&nbsp;<\/a>ist eine Softwarel\u00f6sung f\u00fcr agiles und klassisches Projektmanagment. Sie bietet Funktionen f\u00fcr die Zusammenarbeit in Echtzeit, intelligente Ansichten, Berichte und Ressourcenplanung, die Ihrem Team echte Fortschritte erm\u00f6glichen. Mit einem Klick k\u00f6nnen Sie Ihre Projekte in verschiedenen Ansichten anzeigen lassen, darunter Kanban, Gantt-Diagramm, Tabelle, Mind Map, Hierarchie, Liste und Kalender. Sie k\u00f6nnen auf Zenkit auf fast jeder Plattform zugreifen \u2013 einschlie\u00dflich Web-, Windows-, Linux- und MacOS-Anwendungen sowie mobile Versionen f\u00fcr Android- und iOS-Ger\u00e4te.<\/p>\n\n\n\n<p>Weitere Informationen finden Sie unter&nbsp;<a href=\"https:\/\/zenkit.com\/de\/projects\/\">https:\/\/zenkit.com\/<\/a>.<\/p>\n<\/div>\n\n\n\n<div style=\"height:48px;--tablet-height:36px;--mobile-height:24px\" class=\"wp-block-lookeen-blocks-responsive-spacer\"><\/div>\n\n\n\n<div class=\"wp-block-group has-global-padding is-layout-constrained wp-block-group-is-layout-constrained\">\n<h3 class=\"wp-block-heading display-h2\">Synchronisieren Sie Time Doctor und Zenkit<\/h3>\n\n\n\n<ol class=\"wp-block-list list__style__position-inside\">\n<li><a href=\"https:\/\/zapier.com\/sign-up\/\">Registrieren Sie sich<\/a>\u00a0bei Zapier, um Zugang zu Zapier zu erhalten.<\/li>\n\n\n\n<li><a href=\"https:\/\/www.timedoctor.com\/de\/\">Erstelle ein Konto<\/a>\u00a0bei Time Doctor.<\/li>\n\n\n\n<li>Melden Sie sich bei Zapier an und gehen Sie zum\u00a0<a href=\"https:\/\/zapier.com\/app-directory\/zenkit\/integrations\/timedoctor\">Zenkit + Time Doctor Zapbook<\/a>, um Zap-Vorlagen zu finden.<\/li>\n\n\n\n<li>Sie k\u00f6nnen auch Ihre eigene Zenkit und Time Doctor-Integration erstellen, indem Sie diese beim Erstellen eines Zaps ausw\u00e4hlen.<\/li>\n<\/ol>\n<\/div>\n\n\n\n<div style=\"height:48px;--tablet-height:36px;--mobile-height:24px\" class=\"wp-block-lookeen-blocks-responsive-spacer\"><\/div>\n\n\n\n<div class=\"wp-block-group has-global-padding is-layout-constrained wp-block-group-is-layout-constrained\">\n<h3 class=\"wp-block-heading display-h2\">Haben Sie Fragen?<\/h3>\n\n\n\n<p>Diese Integration wird durch Zapier unterst\u00fctzt. Bitte wenden Sie sich bei Problemen an den<a href=\"https:\/\/zapier.com\/app\/contact-us\">\u00a0Zapier-Support<\/a>. Weitere Informationen zur Verbindung von Zenkit mit Zapier finden Sie in unserer\u00a0<a href=\"https:\/\/help.zenkit.com\/de\/support\/solutions\">Dokumentation<\/a>.<\/p>\n<\/div>\n<\/div>\n<\/div>\n<\/div>\n\n\n\n<div style=\"height:110px;--tablet-height:60px;--mobile-height:48px\" class=\"wp-block-lookeen-blocks-responsive-spacer\"><\/div>\n","protected":false},"excerpt":{"rendered":"<p>Zeiterfassungs Integrationen Time Doctor und Zenkit Verbinden Sie Ihre Zenkit- und Time Doctor-Konten Vereinen Sie Ihre Zeiterfassung und das Erstellen von Berichten. Verschwenden Sie nie wieder Zeit mit Copy und Paste. \u00dcber TimeDoctor TimeDoctor ist ein Zeiterfassungstool zur Verbesserung der Produktivit\u00e4t. Es hilft Ihnen dabei herauszufinden, wie produktiv Ihr Team wirklich ist. Es eignet sich [&hellip;]<\/p>\n","protected":false},"author":15,"featured_media":0,"parent":67564,"menu_order":29,"comment_status":"closed","ping_status":"closed","template":"","meta":{"yasr_overall_rating":0,"yasr_post_is_review":"","yasr_auto_insert_disabled":"","yasr_review_type":"","footnotes":""},"class_list":["post-82762","page","type-page","status-publish","hentry"],"yoast_head":"<!-- This site is optimized with the Yoast SEO plugin v27.4 - https:\/\/yoast.com\/product\/yoast-seo-wordpress\/ -->\n<title>Time Doctor | Zenkit<\/title>\n<meta name=\"description\" content=\"Vereinen Sie Ihre Zeiterfassung und das Erstellen von Berichten. Verschwenden Sie nie wieder Zeit mit Copy und Paste.\" \/>\n<meta name=\"robots\" content=\"index, follow, max-snippet:-1, max-image-preview:large, max-video-preview:-1\" \/>\n<link rel=\"canonical\" href=\"https:\/\/zenkit.com\/de\/integrationen\/time-doctor\/\" \/>\n<meta property=\"og:locale\" content=\"de_DE\" \/>\n<meta property=\"og:type\" content=\"article\" \/>\n<meta property=\"og:title\" content=\"Time Doctor | Zenkit\" \/>\n<meta property=\"og:description\" content=\"Vereinen Sie Ihre Zeiterfassung und das Erstellen von Berichten. Verschwenden Sie nie wieder Zeit mit Copy und Paste.\" \/>\n<meta property=\"og:url\" content=\"https:\/\/zenkit.com\/de\/integrationen\/time-doctor\/\" \/>\n<meta property=\"og:site_name\" content=\"Zenkit\" \/>\n<meta property=\"article:publisher\" content=\"https:\/\/www.facebook.com\/ZenkitHQ\" \/>\n<meta property=\"article:modified_time\" content=\"2025-11-04T05:53:15+00:00\" \/>\n<meta property=\"og:image\" content=\"https:\/\/zenkit.com\/wp-content\/uploads\/2025\/07\/TD-icon@2x-1.webp\" \/>\n<meta name=\"twitter:card\" content=\"summary_large_image\" \/>\n<meta name=\"twitter:site\" content=\"@ZenkitHQ\" \/>\n<script type=\"application\/ld+json\" class=\"yoast-schema-graph\">{\"@context\":\"https:\\\/\\\/schema.org\",\"@graph\":[{\"@type\":\"WebPage\",\"@id\":\"https:\\\/\\\/zenkit.com\\\/de\\\/integrationen\\\/time-doctor\\\/\",\"url\":\"https:\\\/\\\/zenkit.com\\\/de\\\/integrationen\\\/time-doctor\\\/\",\"name\":\"Time Doctor | Zenkit\",\"isPartOf\":{\"@id\":\"https:\\\/\\\/zenkit.com\\\/de\\\/#website\"},\"primaryImageOfPage\":{\"@id\":\"https:\\\/\\\/zenkit.com\\\/de\\\/integrationen\\\/time-doctor\\\/#primaryimage\"},\"image\":{\"@id\":\"https:\\\/\\\/zenkit.com\\\/de\\\/integrationen\\\/time-doctor\\\/#primaryimage\"},\"thumbnailUrl\":\"https:\\\/\\\/zenkit.com\\\/wp-content\\\/uploads\\\/2025\\\/07\\\/TD-icon@2x-1.webp\",\"datePublished\":\"2021-12-03T15:56:32+00:00\",\"dateModified\":\"2025-11-04T05:53:15+00:00\",\"description\":\"Vereinen Sie Ihre Zeiterfassung und das Erstellen von Berichten. Verschwenden Sie nie wieder Zeit mit Copy und Paste.\",\"breadcrumb\":{\"@id\":\"https:\\\/\\\/zenkit.com\\\/de\\\/integrationen\\\/time-doctor\\\/#breadcrumb\"},\"inLanguage\":\"de\",\"potentialAction\":[{\"@type\":\"ReadAction\",\"target\":[\"https:\\\/\\\/zenkit.com\\\/de\\\/integrationen\\\/time-doctor\\\/\"]}]},{\"@type\":\"ImageObject\",\"inLanguage\":\"de\",\"@id\":\"https:\\\/\\\/zenkit.com\\\/de\\\/integrationen\\\/time-doctor\\\/#primaryimage\",\"url\":\"https:\\\/\\\/zenkit.com\\\/wp-content\\\/uploads\\\/2025\\\/07\\\/TD-icon@2x-1.webp\",\"contentUrl\":\"https:\\\/\\\/zenkit.com\\\/wp-content\\\/uploads\\\/2025\\\/07\\\/TD-icon@2x-1.webp\"},{\"@type\":\"BreadcrumbList\",\"@id\":\"https:\\\/\\\/zenkit.com\\\/de\\\/integrationen\\\/time-doctor\\\/#breadcrumb\",\"itemListElement\":[{\"@type\":\"ListItem\",\"position\":1,\"name\":\"Home\",\"item\":\"https:\\\/\\\/zenkit.com\\\/de\\\/\"},{\"@type\":\"ListItem\",\"position\":2,\"name\":\"Integrationen\",\"item\":\"https:\\\/\\\/zenkit.com\\\/de\\\/integrationen\\\/\"},{\"@type\":\"ListItem\",\"position\":3,\"name\":\"Time Doctor\"}]},{\"@type\":\"WebSite\",\"@id\":\"https:\\\/\\\/zenkit.com\\\/de\\\/#website\",\"url\":\"https:\\\/\\\/zenkit.com\\\/de\\\/\",\"name\":\"Zenkit\",\"description\":\"Zenkit Tagline\",\"potentialAction\":[{\"@type\":\"SearchAction\",\"target\":{\"@type\":\"EntryPoint\",\"urlTemplate\":\"https:\\\/\\\/zenkit.com\\\/de\\\/?s={search_term_string}\"},\"query-input\":{\"@type\":\"PropertyValueSpecification\",\"valueRequired\":true,\"valueName\":\"search_term_string\"}}],\"inLanguage\":\"de\"},false]}<\/script>\n<!-- \/ Yoast SEO plugin. -->","yoast_head_json":{"title":"Time Doctor | Zenkit","description":"Vereinen Sie Ihre Zeiterfassung und das Erstellen von Berichten. Verschwenden Sie nie wieder Zeit mit Copy und Paste.","robots":{"index":"index","follow":"follow","max-snippet":"max-snippet:-1","max-image-preview":"max-image-preview:large","max-video-preview":"max-video-preview:-1"},"canonical":"https:\/\/zenkit.com\/de\/integrationen\/time-doctor\/","og_locale":"de_DE","og_type":"article","og_title":"Time Doctor | Zenkit","og_description":"Vereinen Sie Ihre Zeiterfassung und das Erstellen von Berichten. Verschwenden Sie nie wieder Zeit mit Copy und Paste.","og_url":"https:\/\/zenkit.com\/de\/integrationen\/time-doctor\/","og_site_name":"Zenkit","article_publisher":"https:\/\/www.facebook.com\/ZenkitHQ","article_modified_time":"2025-11-04T05:53:15+00:00","og_image":[{"url":"https:\/\/zenkit.com\/wp-content\/uploads\/2025\/07\/TD-icon@2x-1.webp","type":"","width":"","height":""}],"twitter_card":"summary_large_image","twitter_site":"@ZenkitHQ","schema":{"@context":"https:\/\/schema.org","@graph":[{"@type":"WebPage","@id":"https:\/\/zenkit.com\/de\/integrationen\/time-doctor\/","url":"https:\/\/zenkit.com\/de\/integrationen\/time-doctor\/","name":"Time Doctor | Zenkit","isPartOf":{"@id":"https:\/\/zenkit.com\/de\/#website"},"primaryImageOfPage":{"@id":"https:\/\/zenkit.com\/de\/integrationen\/time-doctor\/#primaryimage"},"image":{"@id":"https:\/\/zenkit.com\/de\/integrationen\/time-doctor\/#primaryimage"},"thumbnailUrl":"https:\/\/zenkit.com\/wp-content\/uploads\/2025\/07\/TD-icon@2x-1.webp","datePublished":"2021-12-03T15:56:32+00:00","dateModified":"2025-11-04T05:53:15+00:00","description":"Vereinen Sie Ihre Zeiterfassung und das Erstellen von Berichten. Verschwenden Sie nie wieder Zeit mit Copy und Paste.","breadcrumb":{"@id":"https:\/\/zenkit.com\/de\/integrationen\/time-doctor\/#breadcrumb"},"inLanguage":"de","potentialAction":[{"@type":"ReadAction","target":["https:\/\/zenkit.com\/de\/integrationen\/time-doctor\/"]}]},{"@type":"ImageObject","inLanguage":"de","@id":"https:\/\/zenkit.com\/de\/integrationen\/time-doctor\/#primaryimage","url":"https:\/\/zenkit.com\/wp-content\/uploads\/2025\/07\/TD-icon@2x-1.webp","contentUrl":"https:\/\/zenkit.com\/wp-content\/uploads\/2025\/07\/TD-icon@2x-1.webp"},{"@type":"BreadcrumbList","@id":"https:\/\/zenkit.com\/de\/integrationen\/time-doctor\/#breadcrumb","itemListElement":[{"@type":"ListItem","position":1,"name":"Home","item":"https:\/\/zenkit.com\/de\/"},{"@type":"ListItem","position":2,"name":"Integrationen","item":"https:\/\/zenkit.com\/de\/integrationen\/"},{"@type":"ListItem","position":3,"name":"Time Doctor"}]},{"@type":"WebSite","@id":"https:\/\/zenkit.com\/de\/#website","url":"https:\/\/zenkit.com\/de\/","name":"Zenkit","description":"Zenkit Tagline","potentialAction":[{"@type":"SearchAction","target":{"@type":"EntryPoint","urlTemplate":"https:\/\/zenkit.com\/de\/?s={search_term_string}"},"query-input":{"@type":"PropertyValueSpecification","valueRequired":true,"valueName":"search_term_string"}}],"inLanguage":"de"},false]}},"yasr_visitor_votes":{"stars_attributes":{"read_only":false,"span_bottom":false},"number_of_votes":0,"sum_votes":0},"_links":{"self":[{"href":"https:\/\/zenkit.com\/de\/wp-json\/wp\/v2\/pages\/82762","targetHints":{"allow":["GET"]}}],"collection":[{"href":"https:\/\/zenkit.com\/de\/wp-json\/wp\/v2\/pages"}],"about":[{"href":"https:\/\/zenkit.com\/de\/wp-json\/wp\/v2\/types\/page"}],"author":[{"embeddable":true,"href":"https:\/\/zenkit.com\/de\/wp-json\/wp\/v2\/users\/15"}],"replies":[{"embeddable":true,"href":"https:\/\/zenkit.com\/de\/wp-json\/wp\/v2\/comments?post=82762"}],"version-history":[{"count":4,"href":"https:\/\/zenkit.com\/de\/wp-json\/wp\/v2\/pages\/82762\/revisions"}],"predecessor-version":[{"id":117602,"href":"https:\/\/zenkit.com\/de\/wp-json\/wp\/v2\/pages\/82762\/revisions\/117602"}],"up":[{"embeddable":true,"href":"https:\/\/zenkit.com\/de\/wp-json\/wp\/v2\/pages\/67564"}],"wp:attachment":[{"href":"https:\/\/zenkit.com\/de\/wp-json\/wp\/v2\/media?parent=82762"}],"curies":[{"name":"wp","href":"https:\/\/api.w.org\/{rel}","templated":true}]}}