{"id":82768,"date":"2021-12-03T17:08:27","date_gmt":"2021-12-03T16:08:27","guid":{"rendered":"https:\/\/zenkit.com\/projects\/integrationen\/tmetric\/"},"modified":"2025-11-04T06:53:15","modified_gmt":"2025-11-04T05:53:15","slug":"tmetric","status":"publish","type":"page","link":"https:\/\/zenkit.com\/de\/integrationen\/tmetric\/","title":{"rendered":"TMetric"},"content":{"rendered":"\n<div style=\"height:45px;--tablet-height:45px;--mobile-height:16px\" class=\"wp-block-lookeen-blocks-responsive-spacer\"><\/div>\n\n\n\n<div class=\"wp-block-group has-global-padding is-layout-constrained wp-block-group-is-layout-constrained\">\n<div class=\"wp-block-columns is-layout-flex wp-container-core-columns-is-layout-467d341d wp-block-columns-is-layout-flex\" id=\"main__integrations\" style=\"margin-top:0px;margin-bottom:0px\">\n<div class=\"wp-block-column side__bar__integrations is-layout-flow wp-block-column-is-layout-flow\" style=\"flex-basis:23%\">\n<h2 class=\"wp-block-heading has-da-blue-color-new has-text-color has-link-color wp-elements-47e6a21834f124d3eeca2206f31c647f\" style=\"margin-top:0px;margin-bottom:0px;font-size:16px;line-height:1.5\">Zeiterfassungs Integrationen<\/h2>\n\n\n<nav class=\"is-vertical integrations__menu wp-block-navigation is-layout-flex wp-container-core-navigation-is-layout-5f9f5280 wp-block-navigation-is-layout-flex\" aria-label=\"de-timetracking-integrations\"><ul class=\"wp-block-navigation__container  is-vertical integrations__menu wp-block-navigation\"><li class=\" wp-block-navigation-item wp-block-navigation-link\"><a class=\"wp-block-navigation-item__content\"  href=\"https:\/\/zenkit.com\/de\/integrationen\/clicktime\/\"><span class=\"wp-block-navigation-item__label\">ClickTime<\/span><\/a><\/li><li class=\" wp-block-navigation-item wp-block-navigation-link\"><a class=\"wp-block-navigation-item__content\"  href=\"https:\/\/zenkit.com\/de\/integrationen\/clockify\/\"><span class=\"wp-block-navigation-item__label\">Clockify<\/span><\/a><\/li><li class=\" wp-block-navigation-item wp-block-navigation-link\"><a class=\"wp-block-navigation-item__content\"  href=\"https:\/\/zenkit.com\/de\/integrationen\/desktime\/\"><span class=\"wp-block-navigation-item__label\">DeskTime<\/span><\/a><\/li><li class=\" wp-block-navigation-item wp-block-navigation-link\"><a class=\"wp-block-navigation-item__content\"  href=\"https:\/\/zenkit.com\/de\/integrationen\/everhour\/\"><span class=\"wp-block-navigation-item__label\">Everhour<\/span><\/a><\/li><li class=\" wp-block-navigation-item wp-block-navigation-link\"><a class=\"wp-block-navigation-item__content\"  href=\"https:\/\/zenkit.com\/de\/integrationen\/pomodoneapp\/\"><span class=\"wp-block-navigation-item__label\">PomoDoneApp<\/span><\/a><\/li><li class=\" wp-block-navigation-item wp-block-navigation-link\"><a class=\"wp-block-navigation-item__content\"  href=\"https:\/\/zenkit.com\/de\/integrationen\/timecamp\/\"><span class=\"wp-block-navigation-item__label\">TimeCamp<\/span><\/a><\/li><li class=\" wp-block-navigation-item wp-block-navigation-link\"><a class=\"wp-block-navigation-item__content\"  href=\"https:\/\/zenkit.com\/de\/integrationen\/time-doctor\/\"><span class=\"wp-block-navigation-item__label\">Time Doctor<\/span><\/a><\/li><li class=\" wp-block-navigation-item wp-block-navigation-link\"><a class=\"wp-block-navigation-item__content\"  href=\"https:\/\/zenkit.com\/de\/integrationen\/tmetric\/\"><span class=\"wp-block-navigation-item__label\">TMetric<\/span><\/a><\/li><li class=\" wp-block-navigation-item wp-block-navigation-link\"><a class=\"wp-block-navigation-item__content\"  href=\"https:\/\/zenkit.com\/de\/integrationen\/toggl-track\/\"><span class=\"wp-block-navigation-item__label\">Toggl Track<\/span><\/a><\/li><\/ul><\/nav><\/div>\n\n\n\n<div class=\"wp-block-column content__integrations is-layout-flow wp-block-column-is-layout-flow\" style=\"flex-basis:77%\">\n<div class=\"wp-block-group has-global-padding is-layout-constrained wp-block-group-is-layout-constrained\">\n<div class=\"wp-block-group title is-layout-flex wp-container-core-group-is-layout-ed4b00df wp-block-group-is-layout-flex\">\n<figure class=\"wp-block-image size-full is-resized\"><img loading=\"lazy\" decoding=\"async\" width=\"512\" height=\"512\" src=\"https:\/\/zenkit.com\/wp-content\/uploads\/2025\/07\/unnamed.webp\" alt=\"TMetric Logo\" class=\"wp-image-117528\" style=\"width:auto;height:46px\" srcset=\"https:\/\/zenkit.com\/wp-content\/uploads\/2025\/07\/unnamed.webp 512w, https:\/\/zenkit.com\/wp-content\/uploads\/2025\/07\/unnamed-300x300.webp 300w, https:\/\/zenkit.com\/wp-content\/uploads\/2025\/07\/unnamed-150x150.webp 150w\" sizes=\"auto, (max-width: 512px) 100vw, 512px\" \/><\/figure>\n\n\n\n<h1 class=\"wp-block-heading\">TMetric und Zenkit<\/h1>\n<\/div>\n\n\n\n<div class=\"wp-block-group has-global-padding is-layout-constrained wp-block-group-is-layout-constrained\">\n<h3 class=\"wp-block-heading display-h2\">Verbinden Sie Ihre Zenkit- und TMetric-Konten<\/h3>\n\n\n\n<p>Halten Sie den Aufwand den Sie f\u00fcr die einzelnen Aufgaben bent\u00f6tigen fest und steigern Sie so die Produktivit\u00e4t Ihres Teams!<\/p>\n<\/div>\n\n\n\n<div style=\"height:48px;--tablet-height:36px;--mobile-height:24px\" class=\"wp-block-lookeen-blocks-responsive-spacer\"><\/div>\n<\/div>\n\n\n\n<div class=\"wp-block-group has-global-padding is-layout-constrained wp-block-group-is-layout-constrained\">\n<figure class=\"wp-block-video\"><video controls src=\"https:\/\/zenkit.com\/wp-content\/uploads\/2019\/03\/Time-tracking-with-TMetric.-Quick-service-presentation.mp4\"><\/video><\/figure>\n<\/div>\n\n\n\n<div style=\"height:48px;--tablet-height:36px;--mobile-height:24px\" class=\"wp-block-lookeen-blocks-responsive-spacer\"><\/div>\n\n\n\n<figure class=\"wp-block-image size-large\"><img loading=\"lazy\" decoding=\"async\" width=\"1024\" height=\"623\" src=\"https:\/\/zenkit.com\/wp-content\/uploads\/2025\/07\/home_timetracking_image-1-1024x623.webp\" alt=\"\" class=\"wp-image-117540\" srcset=\"https:\/\/zenkit.com\/wp-content\/uploads\/2025\/07\/home_timetracking_image-1-1024x623.webp 1024w, https:\/\/zenkit.com\/wp-content\/uploads\/2025\/07\/home_timetracking_image-1-300x182.webp 300w, https:\/\/zenkit.com\/wp-content\/uploads\/2025\/07\/home_timetracking_image-1-768x467.webp 768w, https:\/\/zenkit.com\/wp-content\/uploads\/2025\/07\/home_timetracking_image-1.webp 1184w\" sizes=\"auto, (max-width: 1024px) 100vw, 1024px\" \/><\/figure>\n\n\n\n<div style=\"height:48px;--tablet-height:36px;--mobile-height:24px\" class=\"wp-block-lookeen-blocks-responsive-spacer\"><\/div>\n\n\n\n<div class=\"wp-block-group has-global-padding is-layout-constrained wp-block-group-is-layout-constrained\">\n<h3 class=\"wp-block-heading display-h2\">\u00dcber TMetric<\/h3>\n\n\n\n<p>TMetric ist eine kostenlose und benutzerfreundliche Zeiterfassungsoftware f\u00fcr Freiberufler und Teams von jeder Gr\u00f6\u00dfe. Sie k\u00f6nnen Ihr Team verwalten, sehen wie viel Zeit f\u00fcr unterschiedliche Aufgaben ben\u00f6tigt wird und Budgets festlegen. Zudem k\u00f6nnen Sie mit TMetric Aufgaben, Klienten und Mitgliederzahlen konfigurieren. Jeder Arbeitstag kann auf einem Zeitstrahl angezeigt werden und gibt detaillierte Berichte \u00fcber Zeiten und Kosten.<\/p>\n\n\n\n<p>TMetric bietet mehr als 50 verschiedene Integrationen an. Sie k\u00f6nnen sogar Ihre eigene Integration erstellen. TMetric ist auf jeder Plattform verf\u00fcgbar.<\/p>\n<\/div>\n\n\n\n<div style=\"height:48px;--tablet-height:36px;--mobile-height:24px\" class=\"wp-block-lookeen-blocks-responsive-spacer\"><\/div>\n\n\n\n<div class=\"wp-block-group has-global-padding is-layout-constrained wp-block-group-is-layout-constrained\">\n<h3 class=\"wp-block-heading display-h2\">\u00dcber Zenkit<\/h3>\n\n\n\n<p><a href=\"https:\/\/zenkit.com\/\">Zenkit<\/a>&nbsp;ist eine Softwarel\u00f6sung f\u00fcr agiles und klassisches Projektmanagment. Sie bietet Funktionen f\u00fcr die Zusammenarbeit in Echtzeit, intelligente Ansichten, Berichte und Ressourcenplanung, die Ihrem Team echte Fortschritte erm\u00f6glichen. Mit einem Klick k\u00f6nnen Sie Ihre Projekte in verschiedenen Ansichten anzeigen lassen, darunter Kanban, Gantt-Diagramm, Tabelle, Mind Map, Hierarchie, Liste und Kalender. Sie k\u00f6nnen auf Zenkit auf fast jeder Plattform zugreifen \u2013 einschlie\u00dflich Web-, Windows-, Linux- und MacOS-Anwendungen sowie mobile Versionen f\u00fcr Android- und iOS-Ger\u00e4te.<\/p>\n\n\n\n<p>Weitere Informationen finden Sie unter&nbsp;<a href=\"https:\/\/zenkit.com\/de\/projects\/\">https:\/\/zenkit.com\/<\/a>.<\/p>\n<\/div>\n\n\n\n<div style=\"height:48px;--tablet-height:36px;--mobile-height:24px\" class=\"wp-block-lookeen-blocks-responsive-spacer\"><\/div>\n\n\n\n<div class=\"wp-block-group has-global-padding is-layout-constrained wp-block-group-is-layout-constrained\">\n<h3 class=\"wp-block-heading display-h2\">Synchronisieren Sie TMetric und Zenkit<\/h3>\n\n\n\n<ol class=\"wp-block-list list__style__position-inside\">\n<li><a href=\"https:\/\/zapier.com\/sign-up\/\">Registrieren Sie sich<\/a>&nbsp;bei Zapier, um Zugang zu Zapier zu erhalten.<\/li>\n\n\n\n<li><a href=\"https:\/\/id.tmetric.com\/core\/register?redirect_uri=%2fcore%2fconnect%2fauthorize%2fcallback%3fclient_id%3dwebapp%26redirect_uri%3dhttps%253A%252F%252Fapp.tmetric.com%252Fcallback%26response_mode%3dform_post%26response_type%3did_token%2520code%26scope%3dopenid%2520email%2520profile%2520offline_access%2520main_api%26state%3dOpenIdConnect.AuthenticationProperties%253D1fiBOtsvuxUIkcRIloRJTzuV1sRZD-upUueylDpK9cCEjSNqiUTOlklc7d6tPJulMa-SA76-V8j3us1mtTbnLG_cKb-2237aYU-YMN5BeZW0ekShw4U5BjDEPmVuEEC6uh1umEF5kyrVK7FMaSx_Ns_5SYsqU1nmN_OPB7-P36atnKHXOB4ipG58iGDhhI9s7gp_E-FQbrT89uhezUiCaL15z9Y-RhTsxkuCDT7YYuE%26nonce%3d637050944805234318.NTQyNmU2MWQtOWQ1NC00MDk0LWJhMDYtYzdlNTA2ZDMyNzAwMDcxZWMwOTItZDdiNC00YTQyLWE5ODEtZjUwZTg2ZjljYWU3%26acr_values%3dregister%253A#_ga=2.119755848.1119230110.1551685959-924661716.1502978625\">Erstelle ein Konto<\/a>&nbsp;bei TMetric.<\/li>\n\n\n\n<li>Melden Sie sich bei Zapier an und gehen Sie zum&nbsp;<a href=\"https:\/\/zapier.com\/app-directory\/zenkit\/integrations\/tmetric\">Zenkit + TMetric Zapbook<\/a>, um Zap-Vorlagen zu finden.<\/li>\n\n\n\n<li>Sie k\u00f6nnen auch Ihre eigene Zenkit und TMetric-Integration erstellen, indem Sie diese beim Erstellen eines Zaps ausw\u00e4hlen.<\/li>\n<\/ol>\n\n\n\n<script type=\"text\/javascript\" src=\"https:\/\/zapier.com\/apps\/embed\/widget.js?guided_zaps= 40661\"><\/script>\n<\/div>\n\n\n\n<div style=\"height:48px;--tablet-height:36px;--mobile-height:24px\" class=\"wp-block-lookeen-blocks-responsive-spacer\"><\/div>\n\n\n\n<div class=\"wp-block-group has-global-padding is-layout-constrained wp-block-group-is-layout-constrained\">\n<h3 class=\"wp-block-heading display-h2\">Haben Sie Fragen?<\/h3>\n\n\n\n<p>Diese Integration wird durch Zapier unterst\u00fctzt. Bitte wenden Sie sich bei Problemen an den&nbsp;<a href=\"https:\/\/zapier.com\/app\/contact-us\">Zapier-Support<\/a>. Weitere Informationen zur Verbindung von Zenkit mit Zapier finden Sie in unserer&nbsp;<a href=\"https:\/\/help.zenkit.com\/de\/support\/solutions\">Dokumentation<\/a>.<\/p>\n<\/div>\n<\/div>\n<\/div>\n<\/div>\n\n\n\n<div style=\"height:110px;--tablet-height:60px;--mobile-height:48px\" class=\"wp-block-lookeen-blocks-responsive-spacer\"><\/div>\n","protected":false},"excerpt":{"rendered":"<p>Zeiterfassungs Integrationen TMetric und Zenkit Verbinden Sie Ihre Zenkit- und TMetric-Konten Halten Sie den Aufwand den Sie f\u00fcr die einzelnen Aufgaben bent\u00f6tigen fest und steigern Sie so die Produktivit\u00e4t Ihres Teams! \u00dcber TMetric TMetric ist eine kostenlose und benutzerfreundliche Zeiterfassungsoftware f\u00fcr Freiberufler und Teams von jeder Gr\u00f6\u00dfe. Sie k\u00f6nnen Ihr Team verwalten, sehen wie viel [&hellip;]<\/p>\n","protected":false},"author":15,"featured_media":0,"parent":67564,"menu_order":30,"comment_status":"closed","ping_status":"closed","template":"","meta":{"yasr_overall_rating":0,"yasr_post_is_review":"","yasr_auto_insert_disabled":"","yasr_review_type":"","footnotes":""},"class_list":["post-82768","page","type-page","status-publish","hentry"],"yoast_head":"<!-- This site is optimized with the Yoast SEO plugin v27.3 - https:\/\/yoast.com\/product\/yoast-seo-wordpress\/ -->\n<title>TMetric | Zenkit<\/title>\n<meta name=\"description\" content=\"Sie m\u00f6chten Ihre Daten von TMetric automatisch f\u00fcr weitere Aufgaben verwenden? Erfahren Sie jetzt mehr \u00fcber die Integration von TMetric und Zenkit Projects.\" \/>\n<meta name=\"robots\" content=\"index, follow, max-snippet:-1, max-image-preview:large, max-video-preview:-1\" \/>\n<link rel=\"canonical\" href=\"https:\/\/zenkit.com\/de\/integrationen\/tmetric\/\" \/>\n<meta property=\"og:locale\" content=\"de_DE\" \/>\n<meta property=\"og:type\" content=\"article\" \/>\n<meta property=\"og:title\" content=\"TMetric | Zenkit\" \/>\n<meta property=\"og:description\" content=\"Sie m\u00f6chten Ihre Daten von TMetric automatisch f\u00fcr weitere Aufgaben verwenden? Erfahren Sie jetzt mehr \u00fcber die Integration von TMetric und Zenkit Projects.\" \/>\n<meta property=\"og:url\" content=\"https:\/\/zenkit.com\/de\/integrationen\/tmetric\/\" \/>\n<meta property=\"og:site_name\" content=\"Zenkit\" \/>\n<meta property=\"article:publisher\" content=\"https:\/\/www.facebook.com\/ZenkitHQ\" \/>\n<meta property=\"article:modified_time\" content=\"2025-11-04T05:53:15+00:00\" \/>\n<meta property=\"og:image\" content=\"https:\/\/zenkit.com\/wp-content\/uploads\/2025\/07\/unnamed.webp\" \/>\n<meta name=\"twitter:card\" content=\"summary_large_image\" \/>\n<meta name=\"twitter:site\" content=\"@ZenkitHQ\" \/>\n<script type=\"application\/ld+json\" class=\"yoast-schema-graph\">{\"@context\":\"https:\\\/\\\/schema.org\",\"@graph\":[{\"@type\":\"WebPage\",\"@id\":\"https:\\\/\\\/zenkit.com\\\/de\\\/integrationen\\\/tmetric\\\/\",\"url\":\"https:\\\/\\\/zenkit.com\\\/de\\\/integrationen\\\/tmetric\\\/\",\"name\":\"TMetric | Zenkit\",\"isPartOf\":{\"@id\":\"https:\\\/\\\/zenkit.com\\\/de\\\/#website\"},\"primaryImageOfPage\":{\"@id\":\"https:\\\/\\\/zenkit.com\\\/de\\\/integrationen\\\/tmetric\\\/#primaryimage\"},\"image\":{\"@id\":\"https:\\\/\\\/zenkit.com\\\/de\\\/integrationen\\\/tmetric\\\/#primaryimage\"},\"thumbnailUrl\":\"https:\\\/\\\/zenkit.com\\\/wp-content\\\/uploads\\\/2025\\\/07\\\/unnamed.webp\",\"datePublished\":\"2021-12-03T16:08:27+00:00\",\"dateModified\":\"2025-11-04T05:53:15+00:00\",\"description\":\"Sie m\u00f6chten Ihre Daten von TMetric automatisch f\u00fcr weitere Aufgaben verwenden? Erfahren Sie jetzt mehr \u00fcber die Integration von TMetric und Zenkit Projects.\",\"breadcrumb\":{\"@id\":\"https:\\\/\\\/zenkit.com\\\/de\\\/integrationen\\\/tmetric\\\/#breadcrumb\"},\"inLanguage\":\"de\",\"potentialAction\":[{\"@type\":\"ReadAction\",\"target\":[\"https:\\\/\\\/zenkit.com\\\/de\\\/integrationen\\\/tmetric\\\/\"]}]},{\"@type\":\"ImageObject\",\"inLanguage\":\"de\",\"@id\":\"https:\\\/\\\/zenkit.com\\\/de\\\/integrationen\\\/tmetric\\\/#primaryimage\",\"url\":\"https:\\\/\\\/zenkit.com\\\/wp-content\\\/uploads\\\/2025\\\/07\\\/unnamed.webp\",\"contentUrl\":\"https:\\\/\\\/zenkit.com\\\/wp-content\\\/uploads\\\/2025\\\/07\\\/unnamed.webp\"},{\"@type\":\"BreadcrumbList\",\"@id\":\"https:\\\/\\\/zenkit.com\\\/de\\\/integrationen\\\/tmetric\\\/#breadcrumb\",\"itemListElement\":[{\"@type\":\"ListItem\",\"position\":1,\"name\":\"Home\",\"item\":\"https:\\\/\\\/zenkit.com\\\/de\\\/\"},{\"@type\":\"ListItem\",\"position\":2,\"name\":\"Integrationen\",\"item\":\"https:\\\/\\\/zenkit.com\\\/de\\\/integrationen\\\/\"},{\"@type\":\"ListItem\",\"position\":3,\"name\":\"TMetric\"}]},{\"@type\":\"WebSite\",\"@id\":\"https:\\\/\\\/zenkit.com\\\/de\\\/#website\",\"url\":\"https:\\\/\\\/zenkit.com\\\/de\\\/\",\"name\":\"Zenkit\",\"description\":\"Zenkit Tagline\",\"potentialAction\":[{\"@type\":\"SearchAction\",\"target\":{\"@type\":\"EntryPoint\",\"urlTemplate\":\"https:\\\/\\\/zenkit.com\\\/de\\\/?s={search_term_string}\"},\"query-input\":{\"@type\":\"PropertyValueSpecification\",\"valueRequired\":true,\"valueName\":\"search_term_string\"}}],\"inLanguage\":\"de\"},false]}<\/script>\n<!-- \/ Yoast SEO plugin. -->","yoast_head_json":{"title":"TMetric | Zenkit","description":"Sie m\u00f6chten Ihre Daten von TMetric automatisch f\u00fcr weitere Aufgaben verwenden? Erfahren Sie jetzt mehr \u00fcber die Integration von TMetric und Zenkit Projects.","robots":{"index":"index","follow":"follow","max-snippet":"max-snippet:-1","max-image-preview":"max-image-preview:large","max-video-preview":"max-video-preview:-1"},"canonical":"https:\/\/zenkit.com\/de\/integrationen\/tmetric\/","og_locale":"de_DE","og_type":"article","og_title":"TMetric | Zenkit","og_description":"Sie m\u00f6chten Ihre Daten von TMetric automatisch f\u00fcr weitere Aufgaben verwenden? Erfahren Sie jetzt mehr \u00fcber die Integration von TMetric und Zenkit Projects.","og_url":"https:\/\/zenkit.com\/de\/integrationen\/tmetric\/","og_site_name":"Zenkit","article_publisher":"https:\/\/www.facebook.com\/ZenkitHQ","article_modified_time":"2025-11-04T05:53:15+00:00","og_image":[{"url":"https:\/\/zenkit.com\/wp-content\/uploads\/2025\/07\/unnamed.webp","type":"","width":"","height":""}],"twitter_card":"summary_large_image","twitter_site":"@ZenkitHQ","schema":{"@context":"https:\/\/schema.org","@graph":[{"@type":"WebPage","@id":"https:\/\/zenkit.com\/de\/integrationen\/tmetric\/","url":"https:\/\/zenkit.com\/de\/integrationen\/tmetric\/","name":"TMetric | Zenkit","isPartOf":{"@id":"https:\/\/zenkit.com\/de\/#website"},"primaryImageOfPage":{"@id":"https:\/\/zenkit.com\/de\/integrationen\/tmetric\/#primaryimage"},"image":{"@id":"https:\/\/zenkit.com\/de\/integrationen\/tmetric\/#primaryimage"},"thumbnailUrl":"https:\/\/zenkit.com\/wp-content\/uploads\/2025\/07\/unnamed.webp","datePublished":"2021-12-03T16:08:27+00:00","dateModified":"2025-11-04T05:53:15+00:00","description":"Sie m\u00f6chten Ihre Daten von TMetric automatisch f\u00fcr weitere Aufgaben verwenden? Erfahren Sie jetzt mehr \u00fcber die Integration von TMetric und Zenkit Projects.","breadcrumb":{"@id":"https:\/\/zenkit.com\/de\/integrationen\/tmetric\/#breadcrumb"},"inLanguage":"de","potentialAction":[{"@type":"ReadAction","target":["https:\/\/zenkit.com\/de\/integrationen\/tmetric\/"]}]},{"@type":"ImageObject","inLanguage":"de","@id":"https:\/\/zenkit.com\/de\/integrationen\/tmetric\/#primaryimage","url":"https:\/\/zenkit.com\/wp-content\/uploads\/2025\/07\/unnamed.webp","contentUrl":"https:\/\/zenkit.com\/wp-content\/uploads\/2025\/07\/unnamed.webp"},{"@type":"BreadcrumbList","@id":"https:\/\/zenkit.com\/de\/integrationen\/tmetric\/#breadcrumb","itemListElement":[{"@type":"ListItem","position":1,"name":"Home","item":"https:\/\/zenkit.com\/de\/"},{"@type":"ListItem","position":2,"name":"Integrationen","item":"https:\/\/zenkit.com\/de\/integrationen\/"},{"@type":"ListItem","position":3,"name":"TMetric"}]},{"@type":"WebSite","@id":"https:\/\/zenkit.com\/de\/#website","url":"https:\/\/zenkit.com\/de\/","name":"Zenkit","description":"Zenkit Tagline","potentialAction":[{"@type":"SearchAction","target":{"@type":"EntryPoint","urlTemplate":"https:\/\/zenkit.com\/de\/?s={search_term_string}"},"query-input":{"@type":"PropertyValueSpecification","valueRequired":true,"valueName":"search_term_string"}}],"inLanguage":"de"},false]}},"yasr_visitor_votes":{"stars_attributes":{"read_only":false,"span_bottom":false},"number_of_votes":0,"sum_votes":0},"_links":{"self":[{"href":"https:\/\/zenkit.com\/de\/wp-json\/wp\/v2\/pages\/82768","targetHints":{"allow":["GET"]}}],"collection":[{"href":"https:\/\/zenkit.com\/de\/wp-json\/wp\/v2\/pages"}],"about":[{"href":"https:\/\/zenkit.com\/de\/wp-json\/wp\/v2\/types\/page"}],"author":[{"embeddable":true,"href":"https:\/\/zenkit.com\/de\/wp-json\/wp\/v2\/users\/15"}],"replies":[{"embeddable":true,"href":"https:\/\/zenkit.com\/de\/wp-json\/wp\/v2\/comments?post=82768"}],"version-history":[{"count":3,"href":"https:\/\/zenkit.com\/de\/wp-json\/wp\/v2\/pages\/82768\/revisions"}],"predecessor-version":[{"id":151161,"href":"https:\/\/zenkit.com\/de\/wp-json\/wp\/v2\/pages\/82768\/revisions\/151161"}],"up":[{"embeddable":true,"href":"https:\/\/zenkit.com\/de\/wp-json\/wp\/v2\/pages\/67564"}],"wp:attachment":[{"href":"https:\/\/zenkit.com\/de\/wp-json\/wp\/v2\/media?parent=82768"}],"curies":[{"name":"wp","href":"https:\/\/api.w.org\/{rel}","templated":true}]}}