{"id":82773,"date":"2021-12-03T17:12:42","date_gmt":"2021-12-03T16:12:42","guid":{"rendered":"https:\/\/zenkit.com\/projects\/integrationen\/toggl-track\/"},"modified":"2025-11-04T06:53:15","modified_gmt":"2025-11-04T05:53:15","slug":"toggl-track","status":"publish","type":"page","link":"https:\/\/zenkit.com\/de\/integrationen\/toggl-track\/","title":{"rendered":"Toggl Track"},"content":{"rendered":"\n<div style=\"height:45px;--tablet-height:45px;--mobile-height:16px\" class=\"wp-block-lookeen-blocks-responsive-spacer\"><\/div>\n\n\n\n<div class=\"wp-block-group has-global-padding is-layout-constrained wp-block-group-is-layout-constrained\">\n<div class=\"wp-block-columns is-layout-flex wp-container-core-columns-is-layout-467d341d wp-block-columns-is-layout-flex\" id=\"main__integrations\" style=\"margin-top:0px;margin-bottom:0px\">\n<div class=\"wp-block-column side__bar__integrations is-layout-flow wp-block-column-is-layout-flow\" style=\"flex-basis:23%\">\n<h2 class=\"wp-block-heading has-da-blue-color-new has-text-color has-link-color wp-elements-47e6a21834f124d3eeca2206f31c647f\" style=\"margin-top:0px;margin-bottom:0px;font-size:16px;line-height:1.5\">Zeiterfassungs Integrationen<\/h2>\n\n\n<nav class=\"is-vertical integrations__menu wp-block-navigation is-layout-flex wp-container-core-navigation-is-layout-5f9f5280 wp-block-navigation-is-layout-flex\" aria-label=\"de-timetracking-integrations\"><ul class=\"wp-block-navigation__container  is-vertical integrations__menu wp-block-navigation\"><li class=\" wp-block-navigation-item wp-block-navigation-link\"><a class=\"wp-block-navigation-item__content\"  href=\"https:\/\/zenkit.com\/de\/integrationen\/clicktime\/\"><span class=\"wp-block-navigation-item__label\">ClickTime<\/span><\/a><\/li><li class=\" wp-block-navigation-item wp-block-navigation-link\"><a class=\"wp-block-navigation-item__content\"  href=\"https:\/\/zenkit.com\/de\/integrationen\/clockify\/\"><span class=\"wp-block-navigation-item__label\">Clockify<\/span><\/a><\/li><li class=\" wp-block-navigation-item wp-block-navigation-link\"><a class=\"wp-block-navigation-item__content\"  href=\"https:\/\/zenkit.com\/de\/integrationen\/desktime\/\"><span class=\"wp-block-navigation-item__label\">DeskTime<\/span><\/a><\/li><li class=\" wp-block-navigation-item wp-block-navigation-link\"><a class=\"wp-block-navigation-item__content\"  href=\"https:\/\/zenkit.com\/de\/integrationen\/everhour\/\"><span class=\"wp-block-navigation-item__label\">Everhour<\/span><\/a><\/li><li class=\" wp-block-navigation-item wp-block-navigation-link\"><a class=\"wp-block-navigation-item__content\"  href=\"https:\/\/zenkit.com\/de\/integrationen\/pomodoneapp\/\"><span class=\"wp-block-navigation-item__label\">PomoDoneApp<\/span><\/a><\/li><li class=\" wp-block-navigation-item wp-block-navigation-link\"><a class=\"wp-block-navigation-item__content\"  href=\"https:\/\/zenkit.com\/de\/integrationen\/timecamp\/\"><span class=\"wp-block-navigation-item__label\">TimeCamp<\/span><\/a><\/li><li class=\" wp-block-navigation-item wp-block-navigation-link\"><a class=\"wp-block-navigation-item__content\"  href=\"https:\/\/zenkit.com\/de\/integrationen\/time-doctor\/\"><span class=\"wp-block-navigation-item__label\">Time Doctor<\/span><\/a><\/li><li class=\" wp-block-navigation-item wp-block-navigation-link\"><a class=\"wp-block-navigation-item__content\"  href=\"https:\/\/zenkit.com\/de\/integrationen\/tmetric\/\"><span class=\"wp-block-navigation-item__label\">TMetric<\/span><\/a><\/li><li class=\" wp-block-navigation-item wp-block-navigation-link\"><a class=\"wp-block-navigation-item__content\"  href=\"https:\/\/zenkit.com\/de\/integrationen\/toggl-track\/\"><span class=\"wp-block-navigation-item__label\">Toggl Track<\/span><\/a><\/li><\/ul><\/nav><\/div>\n\n\n\n<div class=\"wp-block-column content__integrations is-layout-flow wp-block-column-is-layout-flow\" style=\"flex-basis:77%\">\n<div class=\"wp-block-group has-global-padding is-layout-constrained wp-block-group-is-layout-constrained\">\n<div class=\"wp-block-group title is-layout-flex wp-container-core-group-is-layout-ed4b00df wp-block-group-is-layout-flex\">\n<figure class=\"wp-block-image size-full is-resized\"><img loading=\"lazy\" decoding=\"async\" width=\"1502\" height=\"1502\" src=\"https:\/\/zenkit.com\/wp-content\/uploads\/2025\/07\/toggl-track_icon_pink_rgb.webp\" alt=\"Toggl Track Logo\" class=\"wp-image-117501\" style=\"width:auto;height:46px\" srcset=\"https:\/\/zenkit.com\/wp-content\/uploads\/2025\/07\/toggl-track_icon_pink_rgb.webp 1502w, https:\/\/zenkit.com\/wp-content\/uploads\/2025\/07\/toggl-track_icon_pink_rgb-300x300.webp 300w, https:\/\/zenkit.com\/wp-content\/uploads\/2025\/07\/toggl-track_icon_pink_rgb-1024x1024.webp 1024w, https:\/\/zenkit.com\/wp-content\/uploads\/2025\/07\/toggl-track_icon_pink_rgb-150x150.webp 150w, https:\/\/zenkit.com\/wp-content\/uploads\/2025\/07\/toggl-track_icon_pink_rgb-768x768.webp 768w\" sizes=\"auto, (max-width: 1502px) 100vw, 1502px\" \/><\/figure>\n\n\n\n<h1 class=\"wp-block-heading\">Toggl Track und Zenkit<\/h1>\n<\/div>\n\n\n\n<div class=\"wp-block-group has-global-padding is-layout-constrained wp-block-group-is-layout-constrained\">\n<h3 class=\"wp-block-heading display-h2\">Verbinden Sie ihre Zenkit- und Toggl Track-Konten<\/h3>\n\n\n\n<p>Sie haben sich wahrscheinlich f\u00fcr Zenkit entschieden, wegen den umfassenden Projektmanagementfunktionen. Dar\u00fcber hinaus m\u00f6chten sie Toggl Track dazu verwenden um die aufgewendete Zeit f\u00fcr Ihre Projekte zu verwalten. Wir verstehen, dass es sehr anstrengend und zeitaufwendig sein kann, die verschiedenen Aufgaben manuell zu integrieren, wenn Sie mit beiden Programmen gleichzeitig arbeiten wollen. Aus diesem Grund haben wir diese Integration f\u00fcr Sie entworfen!<\/p>\n\n\n\n<p>Wann immer Sie eine neue Aufgabe in Zenkit Project erstellen, wird mithilfe dieser Zapier Integration automatisch ein neues Projekt in Toggle Track angelegt um den Zeitaufwand zu verfolgen. Das bewahrt Sie vor l\u00e4stiger Schreibarbeit und verhindert, dass Sie wichtige Daten beim manuellen Erstellen von neuen Projekten verlieren.<\/p>\n<\/div>\n\n\n\n<div style=\"height:48px;--tablet-height:36px;--mobile-height:24px\" class=\"wp-block-lookeen-blocks-responsive-spacer\"><\/div>\n<\/div>\n\n\n\n<div class=\"wp-block-group has-global-padding is-layout-constrained wp-block-group-is-layout-constrained\">\n<figure class=\"wp-block-image size-large\"><img loading=\"lazy\" decoding=\"async\" width=\"1024\" height=\"664\" src=\"https:\/\/zenkit.com\/wp-content\/uploads\/2025\/07\/Toggl-Timer_screenshot-1024x664.webp\" alt=\"Verbinden Sie ihre Zenkit- und Toggl Track-Konten\" class=\"wp-image-117515\" srcset=\"https:\/\/zenkit.com\/wp-content\/uploads\/2025\/07\/Toggl-Timer_screenshot-1024x664.webp 1024w, https:\/\/zenkit.com\/wp-content\/uploads\/2025\/07\/Toggl-Timer_screenshot-300x194.webp 300w, https:\/\/zenkit.com\/wp-content\/uploads\/2025\/07\/Toggl-Timer_screenshot-768x498.webp 768w, https:\/\/zenkit.com\/wp-content\/uploads\/2025\/07\/Toggl-Timer_screenshot-1536x996.webp 1536w, https:\/\/zenkit.com\/wp-content\/uploads\/2025\/07\/Toggl-Timer_screenshot-2048x1328.webp 2048w\" sizes=\"auto, (max-width: 1024px) 100vw, 1024px\" \/><\/figure>\n<\/div>\n\n\n\n<div style=\"height:48px;--tablet-height:36px;--mobile-height:24px\" class=\"wp-block-lookeen-blocks-responsive-spacer\"><\/div>\n\n\n\n<div class=\"wp-block-group has-global-padding is-layout-constrained wp-block-group-is-layout-constrained\">\n<h3 class=\"wp-block-heading display-h2\">\u00dcber Toggl Track<\/h3>\n\n\n\n<p>Toggl Track ist eine Zeiterfassungssoftware mit welcher Sie die Zeit verwalten k\u00f6nnen die Sie f\u00fcr Aufgaben oder Projekte aufgewendet haben. Die Software ist verf\u00fcgbar als Webapplikation, Desktopapp, Mobileapp oder Browsererweiterung, was auch immer sich am besten f\u00fcr Ihre Arbeitsabl\u00e4ufe eignet. Sie k\u00f6nnen ganz einfach wichtige Daten filtern und individualisierte Berichte erstellen. Dar\u00fcber hinaus sind Sie in der Lage regelm\u00e4\u00dfige Berichte f\u00fcr ihre Projekte zu planen. Erstellen Sie jetzt Ihr kostenloses Konto:\u00a0<a href=\"https:\/\/toggl.com\/track\/signup\/\">https:\/\/toggl.com\/track\/signup\/<\/a>.<\/p>\n<\/div>\n\n\n\n<div style=\"height:48px;--tablet-height:36px;--mobile-height:24px\" class=\"wp-block-lookeen-blocks-responsive-spacer\"><\/div>\n\n\n\n<div class=\"wp-block-group has-global-padding is-layout-constrained wp-block-group-is-layout-constrained\">\n<h3 class=\"wp-block-heading display-h2\">\u00dcber Zenkit<\/h3>\n\n\n\n<p><a href=\"https:\/\/zenkit.com\/de\/projects\/\">Zenkit<\/a>&nbsp;ist eine Softwarel\u00f6sung f\u00fcr agiles und klassisches Projektmanagment. Sie bietet Funktionen f\u00fcr die Zusammenarbeit in Echtzeit, intelligente Ansichten, Berichte und Ressourcenplanung, die Ihrem Team echte Fortschritte erm\u00f6glichen. Mit einem Klick k\u00f6nnen Sie Ihre Projekte in verschiedenen Ansichten anzeigen lassen, darunter Kanban, Gantt-Diagramm, Tabelle, Mind Map, Hierarchie, Liste und Kalender. Sie k\u00f6nnen auf Zenkit auf fast jeder Plattform zugreifen \u2013 einschlie\u00dflich Web-, Windows-, Linux- und MacOS-Anwendungen sowie mobile Versionen f\u00fcr Android- und iOS-Ger\u00e4te.<\/p>\n\n\n\n<p>Weitere Informationen finden Sie unter&nbsp;<a href=\"https:\/\/zenkit.com\/de\/projects\/\">https:\/\/zenkit.com\/<\/a>.<\/p>\n<\/div>\n\n\n\n<div style=\"height:48px;--tablet-height:36px;--mobile-height:24px\" class=\"wp-block-lookeen-blocks-responsive-spacer\"><\/div>\n\n\n\n<div class=\"wp-block-group has-global-padding is-layout-constrained wp-block-group-is-layout-constrained\">\n<h3 class=\"wp-block-heading display-h2\">Synchronisieren Sie Toggl Track und Zenkit Base<\/h3>\n\n\n\n<ol class=\"wp-block-list list__style__position-inside\">\n<li><a href=\"https:\/\/zapier.com\/sign-up\/\">Registrieren\u00a0<\/a>\u00a0Sie sich bei Zapier um Zugang zu Zapier zu erhalten.<\/li>\n\n\n\n<li><a href=\"https:\/\/toggl.com\/track\/login\">Erstelle ein Konto<br><\/a>bei Toggl Track.<\/li>\n\n\n\n<li>Melden Sie sich bei Zapier an und gehen Sie zum\u00a0<a href=\"https:\/\/zapier.com\/apps\/toggl-track\/integrations\/zenkit\">Zenkit Base + Toggle Track Zapbook,<\/a>\u00a0um Zap-Vorlagen zu finden.<\/li>\n\n\n\n<li>Sie k\u00f6nnen auch Ihre eigene Zenkit Base und Toggl Track-Integration erstellen, indem Sie diese beim Erstellen eines Zaps ausw\u00e4hlen.<\/li>\n<\/ol>\n<\/div>\n\n\n\n<div style=\"height:48px;--tablet-height:36px;--mobile-height:24px\" class=\"wp-block-lookeen-blocks-responsive-spacer\"><\/div>\n\n\n\n<div class=\"wp-block-group has-global-padding is-layout-constrained wp-block-group-is-layout-constrained\">\n<h3 class=\"wp-block-heading display-h2\">Wer profitiert von der Toggl Track und Zenkit Integration?<\/h3>\n\n\n\n<ul class=\"wp-block-list is-style-da-left-indent\">\n<li>Project managers who wish to keep track of time spent on each project without having to leave Zenkit.<\/li>\n\n\n\n<li>Small business owners who want to save human and time resources by automating the copy and paste work.<\/li>\n<\/ul>\n<\/div>\n\n\n\n<div style=\"height:48px;--tablet-height:36px;--mobile-height:24px\" class=\"wp-block-lookeen-blocks-responsive-spacer\"><\/div>\n\n\n\n<div class=\"wp-block-group has-global-padding is-layout-constrained wp-block-group-is-layout-constrained\">\n<h3 class=\"wp-block-heading display-h2\">Haben Sie Fragen?<\/h3>\n\n\n\n<p>Diese Integration wird durch Zapier unterst\u00fctzt. Bitte wenden Sie sich bei Problemen an den<a href=\"https:\/\/zapier.com\/app\/contact-us\">\u00a0Zapier-Support<\/a>. Weitere Informationen zur Verbindung von Zenkit mit Zapier finden Sie in unserer\u00a0<a href=\"https:\/\/help.zenkit.com\/de\/support\/solutions\">Dokumentation<\/a>.<\/p>\n<\/div>\n<\/div>\n<\/div>\n<\/div>\n\n\n\n<div style=\"height:110px;--tablet-height:60px;--mobile-height:48px\" class=\"wp-block-lookeen-blocks-responsive-spacer\"><\/div>\n","protected":false},"excerpt":{"rendered":"<p>Zeiterfassungs Integrationen Toggl Track und Zenkit Verbinden Sie ihre Zenkit- und Toggl Track-Konten Sie haben sich wahrscheinlich f\u00fcr Zenkit entschieden, wegen den umfassenden Projektmanagementfunktionen. Dar\u00fcber hinaus m\u00f6chten sie Toggl Track dazu verwenden um die aufgewendete Zeit f\u00fcr Ihre Projekte zu verwalten. Wir verstehen, dass es sehr anstrengend und zeitaufwendig sein kann, die verschiedenen Aufgaben manuell [&hellip;]<\/p>\n","protected":false},"author":15,"featured_media":0,"parent":67564,"menu_order":6,"comment_status":"closed","ping_status":"closed","template":"","meta":{"yasr_overall_rating":0,"yasr_post_is_review":"","yasr_auto_insert_disabled":"","yasr_review_type":"","footnotes":""},"class_list":["post-82773","page","type-page","status-publish","hentry"],"yoast_head":"<!-- This site is optimized with the Yoast SEO plugin v27.3 - https:\/\/yoast.com\/product\/yoast-seo-wordpress\/ -->\n<title>Toggl Track + Zenkit Projects: Einfache Projekt-Zeiterfassung<\/title>\n<meta name=\"description\" content=\"Die Zenkit Projects &amp; Toggl Track Integration liefert Ihnen einen detailierten \u00dcberblick \u00fcber Ihre Projekte und die dabei aufgewandte Zeit.\" \/>\n<meta name=\"robots\" content=\"index, follow, max-snippet:-1, max-image-preview:large, max-video-preview:-1\" \/>\n<link rel=\"canonical\" href=\"https:\/\/zenkit.com\/de\/integrationen\/toggl-track\/\" \/>\n<meta property=\"og:locale\" content=\"de_DE\" \/>\n<meta property=\"og:type\" content=\"article\" \/>\n<meta property=\"og:title\" content=\"Toggl Track + Zenkit Projects: Einfache Projekt-Zeiterfassung\" \/>\n<meta property=\"og:description\" content=\"Die Zenkit Projects &amp; Toggl Track Integration liefert Ihnen einen detailierten \u00dcberblick \u00fcber Ihre Projekte und die dabei aufgewandte Zeit.\" \/>\n<meta property=\"og:url\" content=\"https:\/\/zenkit.com\/de\/integrationen\/toggl-track\/\" \/>\n<meta property=\"og:site_name\" content=\"Zenkit\" \/>\n<meta property=\"article:publisher\" content=\"https:\/\/www.facebook.com\/ZenkitHQ\" \/>\n<meta property=\"article:modified_time\" content=\"2025-11-04T05:53:15+00:00\" \/>\n<meta property=\"og:image\" content=\"https:\/\/zenkit.com\/wp-content\/uploads\/2025\/07\/toggl-track_icon_pink_rgb.webp\" \/>\n<meta name=\"twitter:card\" content=\"summary_large_image\" \/>\n<meta name=\"twitter:site\" content=\"@ZenkitHQ\" \/>\n<script type=\"application\/ld+json\" class=\"yoast-schema-graph\">{\"@context\":\"https:\\\/\\\/schema.org\",\"@graph\":[{\"@type\":\"WebPage\",\"@id\":\"https:\\\/\\\/zenkit.com\\\/de\\\/integrationen\\\/toggl-track\\\/\",\"url\":\"https:\\\/\\\/zenkit.com\\\/de\\\/integrationen\\\/toggl-track\\\/\",\"name\":\"Toggl Track + Zenkit Projects: Einfache Projekt-Zeiterfassung\",\"isPartOf\":{\"@id\":\"https:\\\/\\\/zenkit.com\\\/de\\\/#website\"},\"primaryImageOfPage\":{\"@id\":\"https:\\\/\\\/zenkit.com\\\/de\\\/integrationen\\\/toggl-track\\\/#primaryimage\"},\"image\":{\"@id\":\"https:\\\/\\\/zenkit.com\\\/de\\\/integrationen\\\/toggl-track\\\/#primaryimage\"},\"thumbnailUrl\":\"https:\\\/\\\/zenkit.com\\\/wp-content\\\/uploads\\\/2025\\\/07\\\/toggl-track_icon_pink_rgb.webp\",\"datePublished\":\"2021-12-03T16:12:42+00:00\",\"dateModified\":\"2025-11-04T05:53:15+00:00\",\"description\":\"Die Zenkit Projects & Toggl Track Integration liefert Ihnen einen detailierten \u00dcberblick \u00fcber Ihre Projekte und die dabei aufgewandte Zeit.\",\"breadcrumb\":{\"@id\":\"https:\\\/\\\/zenkit.com\\\/de\\\/integrationen\\\/toggl-track\\\/#breadcrumb\"},\"inLanguage\":\"de\",\"potentialAction\":[{\"@type\":\"ReadAction\",\"target\":[\"https:\\\/\\\/zenkit.com\\\/de\\\/integrationen\\\/toggl-track\\\/\"]}]},{\"@type\":\"ImageObject\",\"inLanguage\":\"de\",\"@id\":\"https:\\\/\\\/zenkit.com\\\/de\\\/integrationen\\\/toggl-track\\\/#primaryimage\",\"url\":\"https:\\\/\\\/zenkit.com\\\/wp-content\\\/uploads\\\/2025\\\/07\\\/toggl-track_icon_pink_rgb.webp\",\"contentUrl\":\"https:\\\/\\\/zenkit.com\\\/wp-content\\\/uploads\\\/2025\\\/07\\\/toggl-track_icon_pink_rgb.webp\"},{\"@type\":\"BreadcrumbList\",\"@id\":\"https:\\\/\\\/zenkit.com\\\/de\\\/integrationen\\\/toggl-track\\\/#breadcrumb\",\"itemListElement\":[{\"@type\":\"ListItem\",\"position\":1,\"name\":\"Home\",\"item\":\"https:\\\/\\\/zenkit.com\\\/de\\\/\"},{\"@type\":\"ListItem\",\"position\":2,\"name\":\"Integrationen\",\"item\":\"https:\\\/\\\/zenkit.com\\\/de\\\/integrationen\\\/\"},{\"@type\":\"ListItem\",\"position\":3,\"name\":\"Toggl Track\"}]},{\"@type\":\"WebSite\",\"@id\":\"https:\\\/\\\/zenkit.com\\\/de\\\/#website\",\"url\":\"https:\\\/\\\/zenkit.com\\\/de\\\/\",\"name\":\"Zenkit\",\"description\":\"Zenkit Tagline\",\"potentialAction\":[{\"@type\":\"SearchAction\",\"target\":{\"@type\":\"EntryPoint\",\"urlTemplate\":\"https:\\\/\\\/zenkit.com\\\/de\\\/?s={search_term_string}\"},\"query-input\":{\"@type\":\"PropertyValueSpecification\",\"valueRequired\":true,\"valueName\":\"search_term_string\"}}],\"inLanguage\":\"de\"},false]}<\/script>\n<!-- \/ Yoast SEO plugin. -->","yoast_head_json":{"title":"Toggl Track + Zenkit Projects: Einfache Projekt-Zeiterfassung","description":"Die Zenkit Projects & Toggl Track Integration liefert Ihnen einen detailierten \u00dcberblick \u00fcber Ihre Projekte und die dabei aufgewandte Zeit.","robots":{"index":"index","follow":"follow","max-snippet":"max-snippet:-1","max-image-preview":"max-image-preview:large","max-video-preview":"max-video-preview:-1"},"canonical":"https:\/\/zenkit.com\/de\/integrationen\/toggl-track\/","og_locale":"de_DE","og_type":"article","og_title":"Toggl Track + Zenkit Projects: Einfache Projekt-Zeiterfassung","og_description":"Die Zenkit Projects & Toggl Track Integration liefert Ihnen einen detailierten \u00dcberblick \u00fcber Ihre Projekte und die dabei aufgewandte Zeit.","og_url":"https:\/\/zenkit.com\/de\/integrationen\/toggl-track\/","og_site_name":"Zenkit","article_publisher":"https:\/\/www.facebook.com\/ZenkitHQ","article_modified_time":"2025-11-04T05:53:15+00:00","og_image":[{"url":"https:\/\/zenkit.com\/wp-content\/uploads\/2025\/07\/toggl-track_icon_pink_rgb.webp","type":"","width":"","height":""}],"twitter_card":"summary_large_image","twitter_site":"@ZenkitHQ","schema":{"@context":"https:\/\/schema.org","@graph":[{"@type":"WebPage","@id":"https:\/\/zenkit.com\/de\/integrationen\/toggl-track\/","url":"https:\/\/zenkit.com\/de\/integrationen\/toggl-track\/","name":"Toggl Track + Zenkit Projects: Einfache Projekt-Zeiterfassung","isPartOf":{"@id":"https:\/\/zenkit.com\/de\/#website"},"primaryImageOfPage":{"@id":"https:\/\/zenkit.com\/de\/integrationen\/toggl-track\/#primaryimage"},"image":{"@id":"https:\/\/zenkit.com\/de\/integrationen\/toggl-track\/#primaryimage"},"thumbnailUrl":"https:\/\/zenkit.com\/wp-content\/uploads\/2025\/07\/toggl-track_icon_pink_rgb.webp","datePublished":"2021-12-03T16:12:42+00:00","dateModified":"2025-11-04T05:53:15+00:00","description":"Die Zenkit Projects & Toggl Track Integration liefert Ihnen einen detailierten \u00dcberblick \u00fcber Ihre Projekte und die dabei aufgewandte Zeit.","breadcrumb":{"@id":"https:\/\/zenkit.com\/de\/integrationen\/toggl-track\/#breadcrumb"},"inLanguage":"de","potentialAction":[{"@type":"ReadAction","target":["https:\/\/zenkit.com\/de\/integrationen\/toggl-track\/"]}]},{"@type":"ImageObject","inLanguage":"de","@id":"https:\/\/zenkit.com\/de\/integrationen\/toggl-track\/#primaryimage","url":"https:\/\/zenkit.com\/wp-content\/uploads\/2025\/07\/toggl-track_icon_pink_rgb.webp","contentUrl":"https:\/\/zenkit.com\/wp-content\/uploads\/2025\/07\/toggl-track_icon_pink_rgb.webp"},{"@type":"BreadcrumbList","@id":"https:\/\/zenkit.com\/de\/integrationen\/toggl-track\/#breadcrumb","itemListElement":[{"@type":"ListItem","position":1,"name":"Home","item":"https:\/\/zenkit.com\/de\/"},{"@type":"ListItem","position":2,"name":"Integrationen","item":"https:\/\/zenkit.com\/de\/integrationen\/"},{"@type":"ListItem","position":3,"name":"Toggl Track"}]},{"@type":"WebSite","@id":"https:\/\/zenkit.com\/de\/#website","url":"https:\/\/zenkit.com\/de\/","name":"Zenkit","description":"Zenkit Tagline","potentialAction":[{"@type":"SearchAction","target":{"@type":"EntryPoint","urlTemplate":"https:\/\/zenkit.com\/de\/?s={search_term_string}"},"query-input":{"@type":"PropertyValueSpecification","valueRequired":true,"valueName":"search_term_string"}}],"inLanguage":"de"},false]}},"yasr_visitor_votes":{"stars_attributes":{"read_only":false,"span_bottom":false},"number_of_votes":0,"sum_votes":0},"_links":{"self":[{"href":"https:\/\/zenkit.com\/de\/wp-json\/wp\/v2\/pages\/82773","targetHints":{"allow":["GET"]}}],"collection":[{"href":"https:\/\/zenkit.com\/de\/wp-json\/wp\/v2\/pages"}],"about":[{"href":"https:\/\/zenkit.com\/de\/wp-json\/wp\/v2\/types\/page"}],"author":[{"embeddable":true,"href":"https:\/\/zenkit.com\/de\/wp-json\/wp\/v2\/users\/15"}],"replies":[{"embeddable":true,"href":"https:\/\/zenkit.com\/de\/wp-json\/wp\/v2\/comments?post=82773"}],"version-history":[{"count":3,"href":"https:\/\/zenkit.com\/de\/wp-json\/wp\/v2\/pages\/82773\/revisions"}],"predecessor-version":[{"id":117527,"href":"https:\/\/zenkit.com\/de\/wp-json\/wp\/v2\/pages\/82773\/revisions\/117527"}],"up":[{"embeddable":true,"href":"https:\/\/zenkit.com\/de\/wp-json\/wp\/v2\/pages\/67564"}],"wp:attachment":[{"href":"https:\/\/zenkit.com\/de\/wp-json\/wp\/v2\/media?parent=82773"}],"curies":[{"name":"wp","href":"https:\/\/api.w.org\/{rel}","templated":true}]}}