{"id":82776,"date":"2021-12-22T16:26:15","date_gmt":"2021-12-22T15:26:15","guid":{"rendered":"https:\/\/zenkit.com\/projects\/integrationen\/asana\/"},"modified":"2025-11-04T06:53:15","modified_gmt":"2025-11-04T05:53:15","slug":"asana","status":"publish","type":"page","link":"https:\/\/zenkit.com\/de\/integrationen\/asana\/","title":{"rendered":"Asana"},"content":{"rendered":"\n<div style=\"height:45px;--tablet-height:45px;--mobile-height:16px\" class=\"wp-block-lookeen-blocks-responsive-spacer\"><\/div>\n\n\n\n<div class=\"wp-block-group has-global-padding is-layout-constrained wp-block-group-is-layout-constrained\">\n<div class=\"wp-block-columns is-layout-flex wp-container-core-columns-is-layout-467d341d wp-block-columns-is-layout-flex\" id=\"main__integrations\" style=\"margin-top:0px;margin-bottom:0px\">\n<div class=\"wp-block-column side__bar__integrations is-layout-flow wp-block-column-is-layout-flow\" style=\"flex-basis:23%\">\n<h2 class=\"wp-block-heading has-da-blue-color-new has-text-color has-link-color wp-elements-bfd75d876b6b1035b67000228780bf24\" style=\"margin-top:0px;margin-bottom:0px;font-size:16px;line-height:1.5\">Projektmanagement Integrationen<\/h2>\n\n\n<nav class=\"is-vertical integrations__menu wp-block-navigation is-layout-flex wp-container-core-navigation-is-layout-5f9f5280 wp-block-navigation-is-layout-flex\" aria-label=\"de-integrations-project-management\"><ul class=\"wp-block-navigation__container  is-vertical integrations__menu wp-block-navigation\"><li class=\" wp-block-navigation-item wp-block-navigation-link\"><a class=\"wp-block-navigation-item__content\"  href=\"https:\/\/zenkit.com\/de\/integrationen\/asana\/\"><span class=\"wp-block-navigation-item__label\">Asana<\/span><\/a><\/li><li class=\" wp-block-navigation-item wp-block-navigation-link\"><a class=\"wp-block-navigation-item__content\"  href=\"https:\/\/zenkit.com\/de\/integrationen\/trello\/\"><span class=\"wp-block-navigation-item__label\">Trello<\/span><\/a><\/li><\/ul><\/nav><\/div>\n\n\n\n<div class=\"wp-block-column content__integrations is-layout-flow wp-block-column-is-layout-flow\" style=\"flex-basis:77%\">\n<div class=\"wp-block-group has-global-padding is-layout-constrained wp-block-group-is-layout-constrained\">\n<div class=\"wp-block-group title is-layout-flex wp-container-core-group-is-layout-ed4b00df wp-block-group-is-layout-flex\">\n<figure class=\"wp-block-image size-full is-resized\"><img loading=\"lazy\" decoding=\"async\" width=\"1024\" height=\"1024\" src=\"https:\/\/zenkit.com\/wp-content\/uploads\/2025\/07\/Asana-Logo-2.webp\" alt=\"\" class=\"wp-image-118309\" style=\"width:auto;height:46px\" srcset=\"https:\/\/zenkit.com\/wp-content\/uploads\/2025\/07\/Asana-Logo-2.webp 1024w, https:\/\/zenkit.com\/wp-content\/uploads\/2025\/07\/Asana-Logo-2-300x300.webp 300w, https:\/\/zenkit.com\/wp-content\/uploads\/2025\/07\/Asana-Logo-2-150x150.webp 150w, https:\/\/zenkit.com\/wp-content\/uploads\/2025\/07\/Asana-Logo-2-768x768.webp 768w\" sizes=\"auto, (max-width: 1024px) 100vw, 1024px\" \/><\/figure>\n\n\n\n<h1 class=\"wp-block-heading\">Asana und Zenkit<\/h1>\n<\/div>\n\n\n\n<div class=\"wp-block-group has-global-padding is-layout-constrained wp-block-group-is-layout-constrained\">\n<h3 class=\"wp-block-heading display-h2\">Verbinden Sie Ihre Zenkit- und Asana-Konten<\/h3>\n\n\n\n<p>Diese Zapier Integration synchronisiert Asana mit Zenkit und verbindet automatisch Aufgaben, Projekte, Listen und viele andere Funktionen beider Tools miteinander. So k\u00f6nnen Sie nahtlos im Team zusammenarbeiten, egal welches Tool genutzt wird.<\/p>\n<\/div>\n<\/div>\n\n\n\n<div style=\"height:48px;--tablet-height:36px;--mobile-height:24px\" class=\"wp-block-lookeen-blocks-responsive-spacer\"><\/div>\n\n\n\n<div class=\"wp-block-group has-global-padding is-layout-constrained wp-block-group-is-layout-constrained\">\n<h3 class=\"wp-block-heading display-h2\">\u00dcber Asana und Zenkit<\/h3>\n\n\n\n<p>Asana ist ein Projektmanagement Tool, das Nutzer bei der Teamarbeit unterst\u00fctzt. Zenkit&nbsp;ist eine Softwarel\u00f6sung f\u00fcr agiles und klassisches Projektmanagment. Sie bietet Funktionen f\u00fcr die Zusammenarbeit in Echtzeit, intelligente Ansichten, Berichte und Ressourcenplanung, die Ihrem Team echte Fortschritte erm\u00f6glichen.&nbsp;Um Asana- und Zenkit zu vergleichen, besuchen Sie bitte&nbsp;<a href=\"https:\/\/zenkit.com\/de\/projects\/alternativen\/asana-alternative\/\">https:\/\/zenkit.com\/de\/projects\/alternativen\/asana-alternative\/<\/a>.<\/p>\n<\/div>\n\n\n\n<div style=\"height:48px;--tablet-height:36px;--mobile-height:24px\" class=\"wp-block-lookeen-blocks-responsive-spacer\"><\/div>\n\n\n\n<div class=\"wp-block-group has-global-padding is-layout-constrained wp-block-group-is-layout-constrained\">\n<h3 class=\"wp-block-heading display-h2\">Synchronisieren Sie Asana und Zenkit<\/h3>\n\n\n\n<ol class=\"wp-block-list list__style__position-inside\">\n<li><a href=\"https:\/\/zapier.com\/sign-up\/\">Registrieren Sie sich<\/a>&nbsp;bei Zapier um Zugang zu Zapier zu erhalten.<\/li>\n\n\n\n<li><a href=\"https:\/\/asana.com\/de\">Erstellen<\/a>&nbsp;Sie ein Konto bei Asana.<\/li>\n\n\n\n<li>Melden Sie sich bei Zapier an und gehen Sie zum&nbsp;<a href=\"https:\/\/zapier.com\/apps\/zenkit\/integrations\/etermin\">Zenkit + Asana Zapbook<\/a>, um Zap-Vorlagen zu finden.<\/li>\n\n\n\n<li>Sie k\u00f6nnen auch Ihre eigene Zenkit und Asana-Integration erstellen, indem Sie diese beim Erstellen eines Zaps ausw\u00e4hlen.<\/li>\n<\/ol>\n\n\n\n<div id=\"zapierEmbedAsana\"><\/div>\n<script type=\"text\/javascript\" src=\"https:\/\/zapier.com\/zapbook\/embed\/widget.js?guided_zaps=15897&#038;html_id=zapierEmbedAsana\"><\/script>\n<\/div>\n\n\n\n<div style=\"height:48px;--tablet-height:36px;--mobile-height:24px\" class=\"wp-block-lookeen-blocks-responsive-spacer\"><\/div>\n\n\n\n<div class=\"wp-block-group has-global-padding is-layout-constrained wp-block-group-is-layout-constrained\">\n<h3 class=\"wp-block-heading display-h2\">Haben Sie Fragen?<\/h3>\n\n\n\n<p>Diese Integration wird durch Zapier unterst\u00fctzt. Bitte wenden Sie sich bei Problemen an den<a href=\"https:\/\/zapier.com\/app\/contact-us\">&nbsp;Zapier-Support<\/a>. Weitere Informationen zur Verbindung von Zenkit mit Zapier finden Sie in unserer&nbsp;<a href=\"https:\/\/help.zenkit.com\/de\/support\/solutions\">Dokumentation<\/a>.<\/p>\n<\/div>\n<\/div>\n<\/div>\n<\/div>\n\n\n\n<div style=\"height:110px;--tablet-height:60px;--mobile-height:48px\" class=\"wp-block-lookeen-blocks-responsive-spacer\"><\/div>\n","protected":false},"excerpt":{"rendered":"<p>Projektmanagement Integrationen Asana und Zenkit Verbinden Sie Ihre Zenkit- und Asana-Konten Diese Zapier Integration synchronisiert Asana mit Zenkit und verbindet automatisch Aufgaben, Projekte, Listen und viele andere Funktionen beider Tools miteinander. So k\u00f6nnen Sie nahtlos im Team zusammenarbeiten, egal welches Tool genutzt wird. \u00dcber Asana und Zenkit Asana ist ein Projektmanagement Tool, das Nutzer bei [&hellip;]<\/p>\n","protected":false},"author":15,"featured_media":0,"parent":67564,"menu_order":1,"comment_status":"closed","ping_status":"closed","template":"","meta":{"yasr_overall_rating":0,"yasr_post_is_review":"","yasr_auto_insert_disabled":"","yasr_review_type":"","footnotes":""},"class_list":["post-82776","page","type-page","status-publish","hentry"],"yoast_head":"<!-- This site is optimized with the Yoast SEO plugin v27.3 - https:\/\/yoast.com\/product\/yoast-seo-wordpress\/ -->\n<title>Zenkit Projects Asana Integration<\/title>\n<meta name=\"description\" content=\"Synchronisieren Sie Asana mit Zenkit und verbinden Sie automatisch Aufgaben, Projekte, Listen und viele andere Funktionen beider Tools.\" \/>\n<meta name=\"robots\" content=\"index, follow, max-snippet:-1, max-image-preview:large, max-video-preview:-1\" \/>\n<link rel=\"canonical\" href=\"https:\/\/zenkit.com\/de\/integrationen\/asana\/\" \/>\n<meta property=\"og:locale\" content=\"de_DE\" \/>\n<meta property=\"og:type\" content=\"article\" \/>\n<meta property=\"og:title\" content=\"Zenkit Projects Asana Integration\" \/>\n<meta property=\"og:description\" content=\"Synchronisieren Sie Asana mit Zenkit und verbinden Sie automatisch Aufgaben, Projekte, Listen und viele andere Funktionen beider Tools.\" \/>\n<meta property=\"og:url\" content=\"https:\/\/zenkit.com\/de\/integrationen\/asana\/\" \/>\n<meta property=\"og:site_name\" content=\"Zenkit\" \/>\n<meta property=\"article:publisher\" content=\"https:\/\/www.facebook.com\/ZenkitHQ\" \/>\n<meta property=\"article:modified_time\" content=\"2025-11-04T05:53:15+00:00\" \/>\n<meta property=\"og:image\" content=\"https:\/\/zenkit.com\/wp-content\/uploads\/2025\/07\/Asana-Logo-2.webp\" \/>\n<meta name=\"twitter:card\" content=\"summary_large_image\" \/>\n<meta name=\"twitter:site\" content=\"@ZenkitHQ\" \/>\n<script type=\"application\/ld+json\" class=\"yoast-schema-graph\">{\"@context\":\"https:\\\/\\\/schema.org\",\"@graph\":[{\"@type\":\"WebPage\",\"@id\":\"https:\\\/\\\/zenkit.com\\\/de\\\/integrationen\\\/asana\\\/\",\"url\":\"https:\\\/\\\/zenkit.com\\\/de\\\/integrationen\\\/asana\\\/\",\"name\":\"Zenkit Projects Asana Integration\",\"isPartOf\":{\"@id\":\"https:\\\/\\\/zenkit.com\\\/de\\\/#website\"},\"primaryImageOfPage\":{\"@id\":\"https:\\\/\\\/zenkit.com\\\/de\\\/integrationen\\\/asana\\\/#primaryimage\"},\"image\":{\"@id\":\"https:\\\/\\\/zenkit.com\\\/de\\\/integrationen\\\/asana\\\/#primaryimage\"},\"thumbnailUrl\":\"https:\\\/\\\/zenkit.com\\\/wp-content\\\/uploads\\\/2025\\\/07\\\/Asana-Logo-2.webp\",\"datePublished\":\"2021-12-22T15:26:15+00:00\",\"dateModified\":\"2025-11-04T05:53:15+00:00\",\"description\":\"Synchronisieren Sie Asana mit Zenkit und verbinden Sie automatisch Aufgaben, Projekte, Listen und viele andere Funktionen beider Tools.\",\"breadcrumb\":{\"@id\":\"https:\\\/\\\/zenkit.com\\\/de\\\/integrationen\\\/asana\\\/#breadcrumb\"},\"inLanguage\":\"de\",\"potentialAction\":[{\"@type\":\"ReadAction\",\"target\":[\"https:\\\/\\\/zenkit.com\\\/de\\\/integrationen\\\/asana\\\/\"]}]},{\"@type\":\"ImageObject\",\"inLanguage\":\"de\",\"@id\":\"https:\\\/\\\/zenkit.com\\\/de\\\/integrationen\\\/asana\\\/#primaryimage\",\"url\":\"https:\\\/\\\/zenkit.com\\\/wp-content\\\/uploads\\\/2025\\\/07\\\/Asana-Logo-2.webp\",\"contentUrl\":\"https:\\\/\\\/zenkit.com\\\/wp-content\\\/uploads\\\/2025\\\/07\\\/Asana-Logo-2.webp\"},{\"@type\":\"BreadcrumbList\",\"@id\":\"https:\\\/\\\/zenkit.com\\\/de\\\/integrationen\\\/asana\\\/#breadcrumb\",\"itemListElement\":[{\"@type\":\"ListItem\",\"position\":1,\"name\":\"Home\",\"item\":\"https:\\\/\\\/zenkit.com\\\/de\\\/\"},{\"@type\":\"ListItem\",\"position\":2,\"name\":\"Integrationen\",\"item\":\"https:\\\/\\\/zenkit.com\\\/de\\\/integrationen\\\/\"},{\"@type\":\"ListItem\",\"position\":3,\"name\":\"Asana\"}]},{\"@type\":\"WebSite\",\"@id\":\"https:\\\/\\\/zenkit.com\\\/de\\\/#website\",\"url\":\"https:\\\/\\\/zenkit.com\\\/de\\\/\",\"name\":\"Zenkit\",\"description\":\"Zenkit Tagline\",\"potentialAction\":[{\"@type\":\"SearchAction\",\"target\":{\"@type\":\"EntryPoint\",\"urlTemplate\":\"https:\\\/\\\/zenkit.com\\\/de\\\/?s={search_term_string}\"},\"query-input\":{\"@type\":\"PropertyValueSpecification\",\"valueRequired\":true,\"valueName\":\"search_term_string\"}}],\"inLanguage\":\"de\"},false]}<\/script>\n<!-- \/ Yoast SEO plugin. -->","yoast_head_json":{"title":"Zenkit Projects Asana Integration","description":"Synchronisieren Sie Asana mit Zenkit und verbinden Sie automatisch Aufgaben, Projekte, Listen und viele andere Funktionen beider Tools.","robots":{"index":"index","follow":"follow","max-snippet":"max-snippet:-1","max-image-preview":"max-image-preview:large","max-video-preview":"max-video-preview:-1"},"canonical":"https:\/\/zenkit.com\/de\/integrationen\/asana\/","og_locale":"de_DE","og_type":"article","og_title":"Zenkit Projects Asana Integration","og_description":"Synchronisieren Sie Asana mit Zenkit und verbinden Sie automatisch Aufgaben, Projekte, Listen und viele andere Funktionen beider Tools.","og_url":"https:\/\/zenkit.com\/de\/integrationen\/asana\/","og_site_name":"Zenkit","article_publisher":"https:\/\/www.facebook.com\/ZenkitHQ","article_modified_time":"2025-11-04T05:53:15+00:00","og_image":[{"url":"https:\/\/zenkit.com\/wp-content\/uploads\/2025\/07\/Asana-Logo-2.webp","type":"","width":"","height":""}],"twitter_card":"summary_large_image","twitter_site":"@ZenkitHQ","schema":{"@context":"https:\/\/schema.org","@graph":[{"@type":"WebPage","@id":"https:\/\/zenkit.com\/de\/integrationen\/asana\/","url":"https:\/\/zenkit.com\/de\/integrationen\/asana\/","name":"Zenkit Projects Asana Integration","isPartOf":{"@id":"https:\/\/zenkit.com\/de\/#website"},"primaryImageOfPage":{"@id":"https:\/\/zenkit.com\/de\/integrationen\/asana\/#primaryimage"},"image":{"@id":"https:\/\/zenkit.com\/de\/integrationen\/asana\/#primaryimage"},"thumbnailUrl":"https:\/\/zenkit.com\/wp-content\/uploads\/2025\/07\/Asana-Logo-2.webp","datePublished":"2021-12-22T15:26:15+00:00","dateModified":"2025-11-04T05:53:15+00:00","description":"Synchronisieren Sie Asana mit Zenkit und verbinden Sie automatisch Aufgaben, Projekte, Listen und viele andere Funktionen beider Tools.","breadcrumb":{"@id":"https:\/\/zenkit.com\/de\/integrationen\/asana\/#breadcrumb"},"inLanguage":"de","potentialAction":[{"@type":"ReadAction","target":["https:\/\/zenkit.com\/de\/integrationen\/asana\/"]}]},{"@type":"ImageObject","inLanguage":"de","@id":"https:\/\/zenkit.com\/de\/integrationen\/asana\/#primaryimage","url":"https:\/\/zenkit.com\/wp-content\/uploads\/2025\/07\/Asana-Logo-2.webp","contentUrl":"https:\/\/zenkit.com\/wp-content\/uploads\/2025\/07\/Asana-Logo-2.webp"},{"@type":"BreadcrumbList","@id":"https:\/\/zenkit.com\/de\/integrationen\/asana\/#breadcrumb","itemListElement":[{"@type":"ListItem","position":1,"name":"Home","item":"https:\/\/zenkit.com\/de\/"},{"@type":"ListItem","position":2,"name":"Integrationen","item":"https:\/\/zenkit.com\/de\/integrationen\/"},{"@type":"ListItem","position":3,"name":"Asana"}]},{"@type":"WebSite","@id":"https:\/\/zenkit.com\/de\/#website","url":"https:\/\/zenkit.com\/de\/","name":"Zenkit","description":"Zenkit Tagline","potentialAction":[{"@type":"SearchAction","target":{"@type":"EntryPoint","urlTemplate":"https:\/\/zenkit.com\/de\/?s={search_term_string}"},"query-input":{"@type":"PropertyValueSpecification","valueRequired":true,"valueName":"search_term_string"}}],"inLanguage":"de"},false]}},"yasr_visitor_votes":{"stars_attributes":{"read_only":false,"span_bottom":false},"number_of_votes":0,"sum_votes":0},"_links":{"self":[{"href":"https:\/\/zenkit.com\/de\/wp-json\/wp\/v2\/pages\/82776","targetHints":{"allow":["GET"]}}],"collection":[{"href":"https:\/\/zenkit.com\/de\/wp-json\/wp\/v2\/pages"}],"about":[{"href":"https:\/\/zenkit.com\/de\/wp-json\/wp\/v2\/types\/page"}],"author":[{"embeddable":true,"href":"https:\/\/zenkit.com\/de\/wp-json\/wp\/v2\/users\/15"}],"replies":[{"embeddable":true,"href":"https:\/\/zenkit.com\/de\/wp-json\/wp\/v2\/comments?post=82776"}],"version-history":[{"count":5,"href":"https:\/\/zenkit.com\/de\/wp-json\/wp\/v2\/pages\/82776\/revisions"}],"predecessor-version":[{"id":150946,"href":"https:\/\/zenkit.com\/de\/wp-json\/wp\/v2\/pages\/82776\/revisions\/150946"}],"up":[{"embeddable":true,"href":"https:\/\/zenkit.com\/de\/wp-json\/wp\/v2\/pages\/67564"}],"wp:attachment":[{"href":"https:\/\/zenkit.com\/de\/wp-json\/wp\/v2\/media?parent=82776"}],"curies":[{"name":"wp","href":"https:\/\/api.w.org\/{rel}","templated":true}]}}