{"id":82788,"date":"2021-12-22T16:52:27","date_gmt":"2021-12-22T15:52:27","guid":{"rendered":"https:\/\/zenkit.com\/projects\/integrationen\/dropbox\/"},"modified":"2025-12-24T16:38:53","modified_gmt":"2025-12-24T15:38:53","slug":"dropbox","status":"publish","type":"page","link":"https:\/\/zenkit.com\/de\/integrationen\/dropbox\/","title":{"rendered":"Dropbox"},"content":{"rendered":"\n<div style=\"height:45px;--tablet-height:45px;--mobile-height:16px\" class=\"wp-block-lookeen-blocks-responsive-spacer\"><\/div>\n\n\n\n<div class=\"wp-block-group has-global-padding is-layout-constrained wp-block-group-is-layout-constrained\">\n<div class=\"wp-block-columns is-layout-flex wp-container-core-columns-is-layout-467d341d wp-block-columns-is-layout-flex\" id=\"main__integrations\" style=\"margin-top:0px;margin-bottom:0px\">\n<div class=\"wp-block-column side__bar__integrations is-layout-flow wp-block-column-is-layout-flow\" style=\"flex-basis:23%\">\n<h2 class=\"wp-block-heading has-da-blue-color-new has-text-color has-link-color wp-elements-13d5a74ca8eb170ed93b716ab81ce796\" style=\"margin-top:0px;margin-bottom:0px;font-size:16px;line-height:1.5\">File Sharing Integrationen<\/h2>\n\n\n<nav class=\"is-vertical integrations__menu wp-block-navigation is-layout-flex wp-container-core-navigation-is-layout-5f9f5280 wp-block-navigation-is-layout-flex\" aria-label=\"de-integrations-filesharing\"><ul class=\"wp-block-navigation__container  is-vertical integrations__menu wp-block-navigation\"><li class=\" wp-block-navigation-item wp-block-navigation-link\"><a class=\"wp-block-navigation-item__content\"  href=\"https:\/\/zenkit.com\/de\/integrationen\/box\/\"><span class=\"wp-block-navigation-item__label\">Box<\/span><\/a><\/li><li class=\" wp-block-navigation-item wp-block-navigation-link\"><a class=\"wp-block-navigation-item__content\"  href=\"https:\/\/zenkit.com\/de\/integrationen\/dropbox\/\"><span class=\"wp-block-navigation-item__label\">Dropbox<\/span><\/a><\/li><li class=\" wp-block-navigation-item wp-block-navigation-link\"><a class=\"wp-block-navigation-item__content\"  href=\"https:\/\/zenkit.com\/de\/integrationen\/google-drive\/\"><span class=\"wp-block-navigation-item__label\">Google Drive<\/span><\/a><\/li><\/ul><\/nav><\/div>\n\n\n\n<div class=\"wp-block-column content__integrations is-layout-flow wp-block-column-is-layout-flow\" style=\"flex-basis:77%\">\n<div class=\"wp-block-group title is-layout-flex wp-container-core-group-is-layout-ed4b00df wp-block-group-is-layout-flex\">\n<figure class=\"wp-block-image size-full is-resized\"><img loading=\"lazy\" decoding=\"async\" width=\"1026\" height=\"1026\" src=\"https:\/\/zenkit.com\/wp-content\/uploads\/2025\/07\/dropbox-logo.webp\" alt=\"\" class=\"wp-image-118371\" style=\"width:auto;height:46px\" srcset=\"https:\/\/zenkit.com\/wp-content\/uploads\/2025\/07\/dropbox-logo.webp 1026w, https:\/\/zenkit.com\/wp-content\/uploads\/2025\/07\/dropbox-logo-300x300.webp 300w, https:\/\/zenkit.com\/wp-content\/uploads\/2025\/07\/dropbox-logo-1024x1024.webp 1024w, https:\/\/zenkit.com\/wp-content\/uploads\/2025\/07\/dropbox-logo-150x150.webp 150w, https:\/\/zenkit.com\/wp-content\/uploads\/2025\/07\/dropbox-logo-768x768.webp 768w\" sizes=\"auto, (max-width: 1026px) 100vw, 1026px\" \/><\/figure>\n\n\n\n<h1 class=\"wp-block-heading\">Dropbox und Zenkit<\/h1>\n<\/div>\n\n\n\n<div class=\"wp-block-group has-global-padding is-layout-constrained wp-block-group-is-layout-constrained\">\n<p>Greifen Sie auf Dateien Ihres Dropbox Accounts direkt in Zenkit zu, um Ihren Aufgaben schnell wichtige Informationen hinzuf\u00fcgen zu k\u00f6nnen.<\/p>\n<\/div>\n\n\n\n<div style=\"height:48px;--tablet-height:36px;--mobile-height:24px\" class=\"wp-block-lookeen-blocks-responsive-spacer\"><\/div>\n\n\n\n<div class=\"wp-block-group has-global-padding is-layout-constrained wp-container-core-group-is-layout-1026f38c wp-block-group-is-layout-constrained\">\n<figure class=\"wp-block-image size-full\" style=\"margin-top:0px;margin-bottom:0px\"><img loading=\"lazy\" decoding=\"async\" width=\"700\" height=\"387\" src=\"https:\/\/zenkit.com\/wp-content\/uploads\/2025\/07\/dropbox_integration-1.webp\" alt=\"\" class=\"wp-image-118358\" srcset=\"https:\/\/zenkit.com\/wp-content\/uploads\/2025\/07\/dropbox_integration-1.webp 700w, https:\/\/zenkit.com\/wp-content\/uploads\/2025\/07\/dropbox_integration-1-300x166.webp 300w\" sizes=\"auto, (max-width: 700px) 100vw, 700px\" \/><\/figure>\n<\/div>\n\n\n\n<div style=\"height:48px;--tablet-height:36px;--mobile-height:24px\" class=\"wp-block-lookeen-blocks-responsive-spacer\"><\/div>\n\n\n\n<div class=\"wp-block-group has-global-padding is-layout-constrained wp-block-group-is-layout-constrained\">\n<h3 class=\"wp-block-heading display-h2\">Synchronisieren Sie Dropbox und Zenkit<\/h3>\n\n\n\n<ol class=\"wp-block-list  list__style__position-inside\">\n<li><a href=\"https:\/\/www.dropbox.com\/\">Dropbox Account<\/a>&nbsp;ein.<\/li>\n\n\n\n<li>F\u00fcgen Sie Ihrem Zenkit Project ein neues&nbsp;<a href=\"https:\/\/zenkit.com\/documentation#\/lists\/HJQBQ1Hw\/sections\/S1Kl95zA\/entries\/ryTBjcG0?_k=jn43tj\">Dateifeld<\/a>&nbsp;hinzu.<\/li>\n\n\n\n<li>W\u00e4hlen Sie\u201cDatei hinzuf\u00fcgen\u201c in der Detailansicht der Aufgabe, welches Sie hinzuf\u00fcgen m\u00f6chten.<\/li>\n\n\n\n<li>Klicken Sie auf \u201cDropbox\u201d in der Upload-Liste.<\/li>\n\n\n\n<li>W\u00e4hlen Sie die ben\u00f6tigte Datei aus Ihrem Dropbox Account und klicken Sie auf \u201cAusw\u00e4hlen\u201d.<\/li>\n\n\n\n<li>Ihre ausgew\u00e4hlte Dropbox Datei erscheint nun in der Liste der angeh\u00e4ngten Dateien der Aufgabe.<\/li>\n<\/ol>\n<\/div>\n\n\n\n<div style=\"height:48px;--tablet-height:36px;--mobile-height:24px\" class=\"wp-block-lookeen-blocks-responsive-spacer\"><\/div>\n\n\n\n<div class=\"wp-block-group has-global-padding is-layout-constrained wp-block-group-is-layout-constrained\">\n<h3 class=\"wp-block-heading display-h2\">Haben Sie Fragen?<\/h3>\n\n\n\n<p>Diese Integration wird von Zenkit unterst\u00fctzt. Bei Fragen oder Problemen\u00a0<a href=\"https:\/\/zenkit.com\/de\/kontakt\/\">kontaktieren Sie uns<\/a>\u00a0bitte.<\/p>\n<\/div>\n<\/div>\n<\/div>\n<\/div>\n\n\n\n<div style=\"height:110px;--tablet-height:60px;--mobile-height:48px\" class=\"wp-block-lookeen-blocks-responsive-spacer\"><\/div>\n","protected":false},"excerpt":{"rendered":"<p>File Sharing Integrationen Dropbox und Zenkit Greifen Sie auf Dateien Ihres Dropbox Accounts direkt in Zenkit zu, um Ihren Aufgaben schnell wichtige Informationen hinzuf\u00fcgen zu k\u00f6nnen. Synchronisieren Sie Dropbox und Zenkit Haben Sie Fragen? Diese Integration wird von Zenkit unterst\u00fctzt. Bei Fragen oder Problemen\u00a0kontaktieren Sie uns\u00a0bitte.<\/p>\n","protected":false},"author":15,"featured_media":0,"parent":67564,"menu_order":17,"comment_status":"closed","ping_status":"closed","template":"","meta":{"yasr_overall_rating":0,"yasr_post_is_review":"","yasr_auto_insert_disabled":"","yasr_review_type":"","footnotes":""},"class_list":["post-82788","page","type-page","status-publish","hentry"],"yoast_head":"<!-- This site is optimized with the Yoast SEO plugin v27.3 - https:\/\/yoast.com\/product\/yoast-seo-wordpress\/ -->\n<title>Daten-Verwaltung mit der Zenkit Projects-Integration in Dropbox<\/title>\n<meta name=\"description\" content=\"Verbinden Sie Dropbox mit Zenkit und f\u00fcgen Sie Ihren Aufgaben und Projekte ganz einfach die wichtigsten Dateien hinzu!\" \/>\n<meta name=\"robots\" content=\"index, follow, max-snippet:-1, max-image-preview:large, max-video-preview:-1\" \/>\n<link rel=\"canonical\" href=\"https:\/\/zenkit.com\/de\/integrationen\/dropbox\/\" \/>\n<meta property=\"og:locale\" content=\"de_DE\" \/>\n<meta property=\"og:type\" content=\"article\" \/>\n<meta property=\"og:title\" content=\"Daten-Verwaltung mit der Zenkit Projects-Integration in Dropbox\" \/>\n<meta property=\"og:description\" content=\"Verbinden Sie Dropbox mit Zenkit und f\u00fcgen Sie Ihren Aufgaben und Projekte ganz einfach die wichtigsten Dateien hinzu!\" \/>\n<meta property=\"og:url\" content=\"https:\/\/zenkit.com\/de\/integrationen\/dropbox\/\" \/>\n<meta property=\"og:site_name\" content=\"Zenkit\" \/>\n<meta property=\"article:publisher\" content=\"https:\/\/www.facebook.com\/ZenkitHQ\" \/>\n<meta property=\"article:modified_time\" content=\"2025-12-24T15:38:53+00:00\" \/>\n<meta property=\"og:image\" content=\"https:\/\/zenkit.com\/wp-content\/uploads\/2025\/07\/dropbox-logo.webp\" \/>\n\t<meta property=\"og:image:width\" content=\"1026\" \/>\n\t<meta property=\"og:image:height\" content=\"1026\" \/>\n\t<meta property=\"og:image:type\" content=\"image\/webp\" \/>\n<meta name=\"twitter:card\" content=\"summary_large_image\" \/>\n<meta name=\"twitter:site\" content=\"@ZenkitHQ\" \/>\n<meta name=\"twitter:label1\" content=\"Gesch\u00e4tzte Lesezeit\" \/>\n\t<meta name=\"twitter:data1\" content=\"4\u00a0Minuten\" \/>\n<script type=\"application\/ld+json\" class=\"yoast-schema-graph\">{\"@context\":\"https:\\\/\\\/schema.org\",\"@graph\":[{\"@type\":\"WebPage\",\"@id\":\"https:\\\/\\\/zenkit.com\\\/de\\\/integrationen\\\/dropbox\\\/\",\"url\":\"https:\\\/\\\/zenkit.com\\\/de\\\/integrationen\\\/dropbox\\\/\",\"name\":\"Daten-Verwaltung mit der Zenkit Projects-Integration in Dropbox\",\"isPartOf\":{\"@id\":\"https:\\\/\\\/zenkit.com\\\/de\\\/#website\"},\"primaryImageOfPage\":{\"@id\":\"https:\\\/\\\/zenkit.com\\\/de\\\/integrationen\\\/dropbox\\\/#primaryimage\"},\"image\":{\"@id\":\"https:\\\/\\\/zenkit.com\\\/de\\\/integrationen\\\/dropbox\\\/#primaryimage\"},\"thumbnailUrl\":\"https:\\\/\\\/zenkit.com\\\/wp-content\\\/uploads\\\/2025\\\/07\\\/dropbox-logo.webp\",\"datePublished\":\"2021-12-22T15:52:27+00:00\",\"dateModified\":\"2025-12-24T15:38:53+00:00\",\"description\":\"Verbinden Sie Dropbox mit Zenkit und f\u00fcgen Sie Ihren Aufgaben und Projekte ganz einfach die wichtigsten Dateien hinzu!\",\"breadcrumb\":{\"@id\":\"https:\\\/\\\/zenkit.com\\\/de\\\/integrationen\\\/dropbox\\\/#breadcrumb\"},\"inLanguage\":\"de\",\"potentialAction\":[{\"@type\":\"ReadAction\",\"target\":[\"https:\\\/\\\/zenkit.com\\\/de\\\/integrationen\\\/dropbox\\\/\"]}]},{\"@type\":\"ImageObject\",\"inLanguage\":\"de\",\"@id\":\"https:\\\/\\\/zenkit.com\\\/de\\\/integrationen\\\/dropbox\\\/#primaryimage\",\"url\":\"https:\\\/\\\/zenkit.com\\\/wp-content\\\/uploads\\\/2025\\\/07\\\/dropbox-logo.webp\",\"contentUrl\":\"https:\\\/\\\/zenkit.com\\\/wp-content\\\/uploads\\\/2025\\\/07\\\/dropbox-logo.webp\"},{\"@type\":\"BreadcrumbList\",\"@id\":\"https:\\\/\\\/zenkit.com\\\/de\\\/integrationen\\\/dropbox\\\/#breadcrumb\",\"itemListElement\":[{\"@type\":\"ListItem\",\"position\":1,\"name\":\"Home\",\"item\":\"https:\\\/\\\/zenkit.com\\\/de\\\/\"},{\"@type\":\"ListItem\",\"position\":2,\"name\":\"Integrationen\",\"item\":\"https:\\\/\\\/zenkit.com\\\/de\\\/integrationen\\\/\"},{\"@type\":\"ListItem\",\"position\":3,\"name\":\"Dropbox\"}]},{\"@type\":\"WebSite\",\"@id\":\"https:\\\/\\\/zenkit.com\\\/de\\\/#website\",\"url\":\"https:\\\/\\\/zenkit.com\\\/de\\\/\",\"name\":\"Zenkit\",\"description\":\"Zenkit Tagline\",\"potentialAction\":[{\"@type\":\"SearchAction\",\"target\":{\"@type\":\"EntryPoint\",\"urlTemplate\":\"https:\\\/\\\/zenkit.com\\\/de\\\/?s={search_term_string}\"},\"query-input\":{\"@type\":\"PropertyValueSpecification\",\"valueRequired\":true,\"valueName\":\"search_term_string\"}}],\"inLanguage\":\"de\"},false]}<\/script>\n<!-- \/ Yoast SEO plugin. -->","yoast_head_json":{"title":"Daten-Verwaltung mit der Zenkit Projects-Integration in Dropbox","description":"Verbinden Sie Dropbox mit Zenkit und f\u00fcgen Sie Ihren Aufgaben und Projekte ganz einfach die wichtigsten Dateien hinzu!","robots":{"index":"index","follow":"follow","max-snippet":"max-snippet:-1","max-image-preview":"max-image-preview:large","max-video-preview":"max-video-preview:-1"},"canonical":"https:\/\/zenkit.com\/de\/integrationen\/dropbox\/","og_locale":"de_DE","og_type":"article","og_title":"Daten-Verwaltung mit der Zenkit Projects-Integration in Dropbox","og_description":"Verbinden Sie Dropbox mit Zenkit und f\u00fcgen Sie Ihren Aufgaben und Projekte ganz einfach die wichtigsten Dateien hinzu!","og_url":"https:\/\/zenkit.com\/de\/integrationen\/dropbox\/","og_site_name":"Zenkit","article_publisher":"https:\/\/www.facebook.com\/ZenkitHQ","article_modified_time":"2025-12-24T15:38:53+00:00","og_image":[{"width":1026,"height":1026,"url":"https:\/\/zenkit.com\/wp-content\/uploads\/2025\/07\/dropbox-logo.webp","type":"image\/webp"}],"twitter_card":"summary_large_image","twitter_site":"@ZenkitHQ","twitter_misc":{"Gesch\u00e4tzte Lesezeit":"4\u00a0Minuten"},"schema":{"@context":"https:\/\/schema.org","@graph":[{"@type":"WebPage","@id":"https:\/\/zenkit.com\/de\/integrationen\/dropbox\/","url":"https:\/\/zenkit.com\/de\/integrationen\/dropbox\/","name":"Daten-Verwaltung mit der Zenkit Projects-Integration in Dropbox","isPartOf":{"@id":"https:\/\/zenkit.com\/de\/#website"},"primaryImageOfPage":{"@id":"https:\/\/zenkit.com\/de\/integrationen\/dropbox\/#primaryimage"},"image":{"@id":"https:\/\/zenkit.com\/de\/integrationen\/dropbox\/#primaryimage"},"thumbnailUrl":"https:\/\/zenkit.com\/wp-content\/uploads\/2025\/07\/dropbox-logo.webp","datePublished":"2021-12-22T15:52:27+00:00","dateModified":"2025-12-24T15:38:53+00:00","description":"Verbinden Sie Dropbox mit Zenkit und f\u00fcgen Sie Ihren Aufgaben und Projekte ganz einfach die wichtigsten Dateien hinzu!","breadcrumb":{"@id":"https:\/\/zenkit.com\/de\/integrationen\/dropbox\/#breadcrumb"},"inLanguage":"de","potentialAction":[{"@type":"ReadAction","target":["https:\/\/zenkit.com\/de\/integrationen\/dropbox\/"]}]},{"@type":"ImageObject","inLanguage":"de","@id":"https:\/\/zenkit.com\/de\/integrationen\/dropbox\/#primaryimage","url":"https:\/\/zenkit.com\/wp-content\/uploads\/2025\/07\/dropbox-logo.webp","contentUrl":"https:\/\/zenkit.com\/wp-content\/uploads\/2025\/07\/dropbox-logo.webp"},{"@type":"BreadcrumbList","@id":"https:\/\/zenkit.com\/de\/integrationen\/dropbox\/#breadcrumb","itemListElement":[{"@type":"ListItem","position":1,"name":"Home","item":"https:\/\/zenkit.com\/de\/"},{"@type":"ListItem","position":2,"name":"Integrationen","item":"https:\/\/zenkit.com\/de\/integrationen\/"},{"@type":"ListItem","position":3,"name":"Dropbox"}]},{"@type":"WebSite","@id":"https:\/\/zenkit.com\/de\/#website","url":"https:\/\/zenkit.com\/de\/","name":"Zenkit","description":"Zenkit Tagline","potentialAction":[{"@type":"SearchAction","target":{"@type":"EntryPoint","urlTemplate":"https:\/\/zenkit.com\/de\/?s={search_term_string}"},"query-input":{"@type":"PropertyValueSpecification","valueRequired":true,"valueName":"search_term_string"}}],"inLanguage":"de"},false]}},"yasr_visitor_votes":{"stars_attributes":{"read_only":false,"span_bottom":false},"number_of_votes":0,"sum_votes":0},"_links":{"self":[{"href":"https:\/\/zenkit.com\/de\/wp-json\/wp\/v2\/pages\/82788","targetHints":{"allow":["GET"]}}],"collection":[{"href":"https:\/\/zenkit.com\/de\/wp-json\/wp\/v2\/pages"}],"about":[{"href":"https:\/\/zenkit.com\/de\/wp-json\/wp\/v2\/types\/page"}],"author":[{"embeddable":true,"href":"https:\/\/zenkit.com\/de\/wp-json\/wp\/v2\/users\/15"}],"replies":[{"embeddable":true,"href":"https:\/\/zenkit.com\/de\/wp-json\/wp\/v2\/comments?post=82788"}],"version-history":[{"count":3,"href":"https:\/\/zenkit.com\/de\/wp-json\/wp\/v2\/pages\/82788\/revisions"}],"predecessor-version":[{"id":175351,"href":"https:\/\/zenkit.com\/de\/wp-json\/wp\/v2\/pages\/82788\/revisions\/175351"}],"up":[{"embeddable":true,"href":"https:\/\/zenkit.com\/de\/wp-json\/wp\/v2\/pages\/67564"}],"wp:attachment":[{"href":"https:\/\/zenkit.com\/de\/wp-json\/wp\/v2\/media?parent=82788"}],"curies":[{"name":"wp","href":"https:\/\/api.w.org\/{rel}","templated":true}]}}