{"id":85102,"date":"2022-11-08T11:34:34","date_gmt":"2022-11-08T10:34:34","guid":{"rendered":"https:\/\/zenkit.com\/projects\/integrationen\/everhour\/"},"modified":"2025-11-04T06:53:15","modified_gmt":"2025-11-04T05:53:15","slug":"everhour","status":"publish","type":"page","link":"https:\/\/zenkit.com\/de\/integrationen\/everhour\/","title":{"rendered":"Everhour"},"content":{"rendered":"\n<div style=\"height:45px;--tablet-height:45px;--mobile-height:16px\" class=\"wp-block-lookeen-blocks-responsive-spacer\"><\/div>\n\n\n\n<div class=\"wp-block-group has-global-padding is-layout-constrained wp-block-group-is-layout-constrained\">\n<div class=\"wp-block-columns is-layout-flex wp-container-core-columns-is-layout-467d341d wp-block-columns-is-layout-flex\" id=\"main__integrations\" style=\"margin-top:0px;margin-bottom:0px\">\n<div class=\"wp-block-column side__bar__integrations is-layout-flow wp-block-column-is-layout-flow\" style=\"flex-basis:23%\">\n<h2 class=\"wp-block-heading has-da-blue-color-new has-text-color has-link-color wp-elements-47e6a21834f124d3eeca2206f31c647f\" style=\"margin-top:0px;margin-bottom:0px;font-size:16px;line-height:1.5\">Zeiterfassungs Integrationen<\/h2>\n\n\n<nav class=\"is-vertical integrations__menu wp-block-navigation is-layout-flex wp-container-core-navigation-is-layout-5f9f5280 wp-block-navigation-is-layout-flex\" aria-label=\"de-timetracking-integrations\"><ul class=\"wp-block-navigation__container  is-vertical integrations__menu wp-block-navigation\"><li class=\" wp-block-navigation-item wp-block-navigation-link\"><a class=\"wp-block-navigation-item__content\"  href=\"https:\/\/zenkit.com\/de\/integrationen\/clicktime\/\"><span class=\"wp-block-navigation-item__label\">ClickTime<\/span><\/a><\/li><li class=\" wp-block-navigation-item wp-block-navigation-link\"><a class=\"wp-block-navigation-item__content\"  href=\"https:\/\/zenkit.com\/de\/integrationen\/clockify\/\"><span class=\"wp-block-navigation-item__label\">Clockify<\/span><\/a><\/li><li class=\" wp-block-navigation-item wp-block-navigation-link\"><a class=\"wp-block-navigation-item__content\"  href=\"https:\/\/zenkit.com\/de\/integrationen\/desktime\/\"><span class=\"wp-block-navigation-item__label\">DeskTime<\/span><\/a><\/li><li class=\" wp-block-navigation-item wp-block-navigation-link\"><a class=\"wp-block-navigation-item__content\"  href=\"https:\/\/zenkit.com\/de\/integrationen\/everhour\/\"><span class=\"wp-block-navigation-item__label\">Everhour<\/span><\/a><\/li><li class=\" wp-block-navigation-item wp-block-navigation-link\"><a class=\"wp-block-navigation-item__content\"  href=\"https:\/\/zenkit.com\/de\/integrationen\/pomodoneapp\/\"><span class=\"wp-block-navigation-item__label\">PomoDoneApp<\/span><\/a><\/li><li class=\" wp-block-navigation-item wp-block-navigation-link\"><a class=\"wp-block-navigation-item__content\"  href=\"https:\/\/zenkit.com\/de\/integrationen\/timecamp\/\"><span class=\"wp-block-navigation-item__label\">TimeCamp<\/span><\/a><\/li><li class=\" wp-block-navigation-item wp-block-navigation-link\"><a class=\"wp-block-navigation-item__content\"  href=\"https:\/\/zenkit.com\/de\/integrationen\/time-doctor\/\"><span class=\"wp-block-navigation-item__label\">Time Doctor<\/span><\/a><\/li><li class=\" wp-block-navigation-item wp-block-navigation-link\"><a class=\"wp-block-navigation-item__content\"  href=\"https:\/\/zenkit.com\/de\/integrationen\/tmetric\/\"><span class=\"wp-block-navigation-item__label\">TMetric<\/span><\/a><\/li><li class=\" wp-block-navigation-item wp-block-navigation-link\"><a class=\"wp-block-navigation-item__content\"  href=\"https:\/\/zenkit.com\/de\/integrationen\/toggl-track\/\"><span class=\"wp-block-navigation-item__label\">Toggl Track<\/span><\/a><\/li><\/ul><\/nav><\/div>\n\n\n\n<div class=\"wp-block-column content__integrations is-layout-flow wp-block-column-is-layout-flow\" style=\"flex-basis:77%\">\n<div class=\"wp-block-group has-global-padding is-layout-constrained wp-block-group-is-layout-constrained\">\n<div class=\"wp-block-group title is-layout-flex wp-container-core-group-is-layout-ed4b00df wp-block-group-is-layout-flex\">\n<figure class=\"wp-block-image size-full is-resized\"><img loading=\"lazy\" decoding=\"async\" width=\"256\" height=\"256\" src=\"https:\/\/zenkit.com\/wp-content\/uploads\/2025\/07\/everhour-logo-256.webp\" alt=\"\" class=\"wp-image-118464\" style=\"width:auto;height:46px\" srcset=\"https:\/\/zenkit.com\/wp-content\/uploads\/2025\/07\/everhour-logo-256.webp 256w, https:\/\/zenkit.com\/wp-content\/uploads\/2025\/07\/everhour-logo-256-150x150.webp 150w\" sizes=\"auto, (max-width: 256px) 100vw, 256px\" \/><\/figure>\n\n\n\n<h1 class=\"wp-block-heading\">Everhour und Zenkit<\/h1>\n<\/div>\n\n\n\n<div class=\"wp-block-group has-global-padding is-layout-constrained wp-block-group-is-layout-constrained\">\n<h3 class=\"wp-block-heading display-h2\">Verbinden Sie Ihre Zenkit-und Everhour-Konten<\/h3>\n\n\n\n<p>Durch die Verbindung mit Everhour k\u00f6nnen Sie Zeiterfassung direkt in Zenkit durchf\u00fchren. Erstellen Sie detaillierte Berichte, um zu sehen, wie viel Zeit Sie f\u00fcr das gesamte Projekt aufwenden.<\/p>\n<\/div>\n\n\n\n<div style=\"height:48px;--tablet-height:36px;--mobile-height:24px\" class=\"wp-block-lookeen-blocks-responsive-spacer\"><\/div>\n<\/div>\n\n\n\n<div class=\"wp-block-group has-global-padding is-layout-constrained wp-block-group-is-layout-constrained\">\n<figure class=\"wp-block-image size-full\"><img loading=\"lazy\" decoding=\"async\" width=\"972\" height=\"628\" src=\"https:\/\/zenkit.com\/wp-content\/uploads\/2025\/07\/Everhour-integration.webp\" alt=\"\" class=\"wp-image-118475\" srcset=\"https:\/\/zenkit.com\/wp-content\/uploads\/2025\/07\/Everhour-integration.webp 972w, https:\/\/zenkit.com\/wp-content\/uploads\/2025\/07\/Everhour-integration-300x194.webp 300w, https:\/\/zenkit.com\/wp-content\/uploads\/2025\/07\/Everhour-integration-768x496.webp 768w\" sizes=\"auto, (max-width: 972px) 100vw, 972px\" \/><\/figure>\n<\/div>\n\n\n\n<div style=\"height:48px;--tablet-height:36px;--mobile-height:24px\" class=\"wp-block-lookeen-blocks-responsive-spacer\"><\/div>\n\n\n\n<div class=\"wp-block-group has-global-padding is-layout-constrained wp-block-group-is-layout-constrained\">\n<h3 class=\"wp-block-heading display-h2\">\u00dcber Everhour: Zeiterfassungssoftware<\/h3>\n\n\n\n<p>Everhour ist eine intuitive und einfach zu bedienende Zeiterfassungssoftware. Erfassen Sie Zeiten, erstellen Sie Kostenvoranschl\u00e4ge, wandeln Sie die erfassten Stunden in Rechnungen um, verwalten Sie die Gehaltsabrechnung oder analysieren Sie die Teamleistung mit benutzerdefinierten Berichten. Everhour l\u00e4sst sich nativ mit den beliebtesten Projektmanagement-Tools wie Zenkit, Asana, Trello und vielen anderen integrieren. Lassen Sie den Wechsel zwischen verschiedenen Tabs hinter sich!<\/p>\n<\/div>\n\n\n\n<div style=\"height:48px;--tablet-height:36px;--mobile-height:24px\" class=\"wp-block-lookeen-blocks-responsive-spacer\"><\/div>\n\n\n\n<div class=\"wp-block-group has-global-padding is-layout-constrained wp-block-group-is-layout-constrained\">\n<h3 class=\"wp-block-heading display-h2\">\u00dcber Zenkit: Online-Projektmanagement<\/h3>\n\n\n\n<p><a href=\"https:\/\/zenkit.com\/de\/\">Zenkit<\/a>&nbsp;ist eine Softwarel\u00f6sung f\u00fcr agiles und klassisches Projektmanagment. Sie bietet Funktionen f\u00fcr die Zusammenarbeit in Echtzeit, intelligente Ansichten, Berichte und Ressourcenplanung, die Ihrem Team echte Fortschritte erm\u00f6glichen. Mit einem Klick k\u00f6nnen Sie Ihre Projekte in verschiedenen Ansichten anzeigen lassen, darunter Kanban, Gantt-Diagramm, Tabelle, Mind Map, Hierarchie, Liste und Kalender. Sie k\u00f6nnen auf Zenkit auf fast jeder Plattform zugreifen \u2013 einschlie\u00dflich Web-, Windows-, Linux- und MacOS-Anwendungen sowie mobile Versionen f\u00fcr Android- und iOS-Ger\u00e4te.<\/p>\n\n\n\n<p>Weitere Informationen finden Sie unter&nbsp;<a href=\"https:\/\/zenkit.com\/de\/projects\/\">https:\/\/zenkit.com\/de\/<\/a>.<\/p>\n<\/div>\n\n\n\n<div style=\"height:48px;--tablet-height:36px;--mobile-height:24px\" class=\"wp-block-lookeen-blocks-responsive-spacer\"><\/div>\n\n\n\n<div class=\"wp-block-group has-global-padding is-layout-constrained wp-block-group-is-layout-constrained\">\n<h3 class=\"wp-block-heading display-h2\">Synchronisieren Sie Everhour mit Zenkit<\/h3>\n\n\n\n<ol class=\"wp-block-list list__style__position-inside\">\n<li><a href=\"https:\/\/everhour.com\/signup\">Registrieren<\/a>\u00a0Sie sich f\u00fcr ein Everhour Konto.<\/li>\n\n\n\n<li>Installieren Sie die Everhour Browsererweiterung f\u00fcr\u00a0<a href=\"https:\/\/support.everhour.com\/article\/441-how-to-install-everhour-extension-in-chrome\">Chrome<\/a>,\u00a0<a href=\"https:\/\/support.everhour.com\/article\/442-how-to-install-everhour-extension-in-firefox\">Firefox<\/a>,\u00a0<a href=\"https:\/\/support.everhour.com\/article\/177-browser-extension-safari\">Safari<\/a>,\u00a0<a href=\"https:\/\/support.everhour.com\/article\/303-how-to-install-everhour-browser-extensions-on-opera\">Opera<\/a>\u00a0oder\u00a0<a href=\"https:\/\/support.everhour.com\/article\/302-how-to-install-everhour-browser-extensions-on-microsoft-edge\">Edge<\/a>.<\/li>\n\n\n\n<li>\u00d6ffnen Sie die Everhour-Erweiterung und klicken Sie auf das Avatar-Symbol, um die Seite \u201eIntegrationen\u201c aufzurufen. Suchen Sie nach Zenkit und aktivieren Sie es.<\/li>\n\n\n\n<li>Starten und stoppen Sie den Timer oder f\u00fcgen Sie manuell die Zeit f\u00fcr das heutige oder vergangene Datum in alle Zenkit-Aufgaben ein.<\/li>\n\n\n\n<li>F\u00fchren Sie Ihren Zeitbericht sp\u00e4ter in\u00a0<a href=\"http:\/\/app.everhour.com\/\">Everhour<\/a>\u00a0aus.<\/li>\n<\/ol>\n\n\n\n<p>Erfahren Sie mehr:\u00a0<a href=\"https:\/\/everhour.com\/integrations\/zenkit-time-tracking\">https:\/\/everhour.com\/integrations\/zenkit-time-tracking<\/a>.<\/p>\n<\/div>\n\n\n\n<div style=\"height:48px;--tablet-height:36px;--mobile-height:24px\" class=\"wp-block-lookeen-blocks-responsive-spacer\"><\/div>\n\n\n\n<div class=\"wp-block-group has-global-padding is-layout-constrained wp-block-group-is-layout-constrained\">\n<h3 class=\"wp-block-heading display-h2\">Wer profitiert von der Everhour and Zenkit Integration?<\/h3>\n\n\n\n<ul class=\"wp-block-list is-style-da-left-indent\">\n<li>Projektleiter, die auf einfache Weise verfolgen m\u00f6chten, wie viel Zeit f\u00fcr jede Aufgabe aufgewendet wurde.<\/li>\n\n\n\n<li>Menschen, die verhindern wollen, dass sie st\u00e4ndig zwischen verschiedenen Anwendungen wechseln m\u00fcssen.<\/li>\n<\/ul>\n<\/div>\n\n\n\n<div style=\"height:48px;--tablet-height:36px;--mobile-height:24px\" class=\"wp-block-lookeen-blocks-responsive-spacer\"><\/div>\n\n\n\n<div class=\"wp-block-group has-global-padding is-layout-constrained wp-block-group-is-layout-constrained\">\n<h3 class=\"wp-block-heading display-h2\">Haben Sie Fragen?<\/h3>\n\n\n\n<ul class=\"wp-block-list is-style-da-left-indent\">\n<li>Diese Integration wird durch Everhour unterst\u00fctzt. Bitte wenden Sie sich bei Problemen an den\u00a0<a href=\"mailto:ask@everhour.com\">Everhour-Support<\/a>.<\/li>\n<\/ul>\n<\/div>\n<\/div>\n<\/div>\n<\/div>\n\n\n\n<div style=\"height:110px;--tablet-height:60px;--mobile-height:48px\" class=\"wp-block-lookeen-blocks-responsive-spacer\"><\/div>\n","protected":false},"excerpt":{"rendered":"<p>Zeiterfassungs Integrationen Everhour und Zenkit Verbinden Sie Ihre Zenkit-und Everhour-Konten Durch die Verbindung mit Everhour k\u00f6nnen Sie Zeiterfassung direkt in Zenkit durchf\u00fchren. Erstellen Sie detaillierte Berichte, um zu sehen, wie viel Zeit Sie f\u00fcr das gesamte Projekt aufwenden. \u00dcber Everhour: Zeiterfassungssoftware Everhour ist eine intuitive und einfach zu bedienende Zeiterfassungssoftware. Erfassen Sie Zeiten, erstellen Sie [&hellip;]<\/p>\n","protected":false},"author":15,"featured_media":0,"parent":67564,"menu_order":22,"comment_status":"closed","ping_status":"closed","template":"","meta":{"yasr_overall_rating":0,"yasr_post_is_review":"","yasr_auto_insert_disabled":"","yasr_review_type":"","footnotes":""},"class_list":["post-85102","page","type-page","status-publish","hentry"],"yoast_head":"<!-- This site is optimized with the Yoast SEO plugin v27.4 - https:\/\/yoast.com\/product\/yoast-seo-wordpress\/ -->\n<title>Everhour | Zenkit<\/title>\n<meta name=\"description\" content=\"Zenkit integration with Everhour allows you to sync data automatically without manual typing. Learn more how this integration can grow with you here.\" \/>\n<meta name=\"robots\" content=\"index, follow, max-snippet:-1, max-image-preview:large, max-video-preview:-1\" \/>\n<link rel=\"canonical\" href=\"https:\/\/zenkit.com\/de\/integrationen\/everhour\/\" \/>\n<meta property=\"og:locale\" content=\"de_DE\" \/>\n<meta property=\"og:type\" content=\"article\" \/>\n<meta property=\"og:title\" content=\"Everhour | Zenkit\" \/>\n<meta property=\"og:description\" content=\"Zenkit integration with Everhour allows you to sync data automatically without manual typing. Learn more how this integration can grow with you here.\" \/>\n<meta property=\"og:url\" content=\"https:\/\/zenkit.com\/de\/integrationen\/everhour\/\" \/>\n<meta property=\"og:site_name\" content=\"Zenkit\" \/>\n<meta property=\"article:publisher\" content=\"https:\/\/www.facebook.com\/ZenkitHQ\" \/>\n<meta property=\"article:modified_time\" content=\"2025-11-04T05:53:15+00:00\" \/>\n<meta property=\"og:image\" content=\"https:\/\/zenkit.com\/wp-content\/uploads\/2025\/07\/everhour-logo-256.webp\" \/>\n<meta name=\"twitter:card\" content=\"summary_large_image\" \/>\n<meta name=\"twitter:site\" content=\"@ZenkitHQ\" \/>\n<script type=\"application\/ld+json\" class=\"yoast-schema-graph\">{\"@context\":\"https:\\\/\\\/schema.org\",\"@graph\":[{\"@type\":\"WebPage\",\"@id\":\"https:\\\/\\\/zenkit.com\\\/de\\\/integrationen\\\/everhour\\\/\",\"url\":\"https:\\\/\\\/zenkit.com\\\/de\\\/integrationen\\\/everhour\\\/\",\"name\":\"Everhour | Zenkit\",\"isPartOf\":{\"@id\":\"https:\\\/\\\/zenkit.com\\\/de\\\/#website\"},\"primaryImageOfPage\":{\"@id\":\"https:\\\/\\\/zenkit.com\\\/de\\\/integrationen\\\/everhour\\\/#primaryimage\"},\"image\":{\"@id\":\"https:\\\/\\\/zenkit.com\\\/de\\\/integrationen\\\/everhour\\\/#primaryimage\"},\"thumbnailUrl\":\"https:\\\/\\\/zenkit.com\\\/wp-content\\\/uploads\\\/2025\\\/07\\\/everhour-logo-256.webp\",\"datePublished\":\"2022-11-08T10:34:34+00:00\",\"dateModified\":\"2025-11-04T05:53:15+00:00\",\"description\":\"Zenkit integration with Everhour allows you to sync data automatically without manual typing. Learn more how this integration can grow with you here.\",\"breadcrumb\":{\"@id\":\"https:\\\/\\\/zenkit.com\\\/de\\\/integrationen\\\/everhour\\\/#breadcrumb\"},\"inLanguage\":\"de\",\"potentialAction\":[{\"@type\":\"ReadAction\",\"target\":[\"https:\\\/\\\/zenkit.com\\\/de\\\/integrationen\\\/everhour\\\/\"]}]},{\"@type\":\"ImageObject\",\"inLanguage\":\"de\",\"@id\":\"https:\\\/\\\/zenkit.com\\\/de\\\/integrationen\\\/everhour\\\/#primaryimage\",\"url\":\"https:\\\/\\\/zenkit.com\\\/wp-content\\\/uploads\\\/2025\\\/07\\\/everhour-logo-256.webp\",\"contentUrl\":\"https:\\\/\\\/zenkit.com\\\/wp-content\\\/uploads\\\/2025\\\/07\\\/everhour-logo-256.webp\"},{\"@type\":\"BreadcrumbList\",\"@id\":\"https:\\\/\\\/zenkit.com\\\/de\\\/integrationen\\\/everhour\\\/#breadcrumb\",\"itemListElement\":[{\"@type\":\"ListItem\",\"position\":1,\"name\":\"Home\",\"item\":\"https:\\\/\\\/zenkit.com\\\/de\\\/\"},{\"@type\":\"ListItem\",\"position\":2,\"name\":\"Integrationen\",\"item\":\"https:\\\/\\\/zenkit.com\\\/de\\\/integrationen\\\/\"},{\"@type\":\"ListItem\",\"position\":3,\"name\":\"Everhour\"}]},{\"@type\":\"WebSite\",\"@id\":\"https:\\\/\\\/zenkit.com\\\/de\\\/#website\",\"url\":\"https:\\\/\\\/zenkit.com\\\/de\\\/\",\"name\":\"Zenkit\",\"description\":\"Zenkit Tagline\",\"potentialAction\":[{\"@type\":\"SearchAction\",\"target\":{\"@type\":\"EntryPoint\",\"urlTemplate\":\"https:\\\/\\\/zenkit.com\\\/de\\\/?s={search_term_string}\"},\"query-input\":{\"@type\":\"PropertyValueSpecification\",\"valueRequired\":true,\"valueName\":\"search_term_string\"}}],\"inLanguage\":\"de\"},false]}<\/script>\n<!-- \/ Yoast SEO plugin. -->","yoast_head_json":{"title":"Everhour | Zenkit","description":"Zenkit integration with Everhour allows you to sync data automatically without manual typing. Learn more how this integration can grow with you here.","robots":{"index":"index","follow":"follow","max-snippet":"max-snippet:-1","max-image-preview":"max-image-preview:large","max-video-preview":"max-video-preview:-1"},"canonical":"https:\/\/zenkit.com\/de\/integrationen\/everhour\/","og_locale":"de_DE","og_type":"article","og_title":"Everhour | Zenkit","og_description":"Zenkit integration with Everhour allows you to sync data automatically without manual typing. Learn more how this integration can grow with you here.","og_url":"https:\/\/zenkit.com\/de\/integrationen\/everhour\/","og_site_name":"Zenkit","article_publisher":"https:\/\/www.facebook.com\/ZenkitHQ","article_modified_time":"2025-11-04T05:53:15+00:00","og_image":[{"url":"https:\/\/zenkit.com\/wp-content\/uploads\/2025\/07\/everhour-logo-256.webp","type":"","width":"","height":""}],"twitter_card":"summary_large_image","twitter_site":"@ZenkitHQ","schema":{"@context":"https:\/\/schema.org","@graph":[{"@type":"WebPage","@id":"https:\/\/zenkit.com\/de\/integrationen\/everhour\/","url":"https:\/\/zenkit.com\/de\/integrationen\/everhour\/","name":"Everhour | Zenkit","isPartOf":{"@id":"https:\/\/zenkit.com\/de\/#website"},"primaryImageOfPage":{"@id":"https:\/\/zenkit.com\/de\/integrationen\/everhour\/#primaryimage"},"image":{"@id":"https:\/\/zenkit.com\/de\/integrationen\/everhour\/#primaryimage"},"thumbnailUrl":"https:\/\/zenkit.com\/wp-content\/uploads\/2025\/07\/everhour-logo-256.webp","datePublished":"2022-11-08T10:34:34+00:00","dateModified":"2025-11-04T05:53:15+00:00","description":"Zenkit integration with Everhour allows you to sync data automatically without manual typing. Learn more how this integration can grow with you here.","breadcrumb":{"@id":"https:\/\/zenkit.com\/de\/integrationen\/everhour\/#breadcrumb"},"inLanguage":"de","potentialAction":[{"@type":"ReadAction","target":["https:\/\/zenkit.com\/de\/integrationen\/everhour\/"]}]},{"@type":"ImageObject","inLanguage":"de","@id":"https:\/\/zenkit.com\/de\/integrationen\/everhour\/#primaryimage","url":"https:\/\/zenkit.com\/wp-content\/uploads\/2025\/07\/everhour-logo-256.webp","contentUrl":"https:\/\/zenkit.com\/wp-content\/uploads\/2025\/07\/everhour-logo-256.webp"},{"@type":"BreadcrumbList","@id":"https:\/\/zenkit.com\/de\/integrationen\/everhour\/#breadcrumb","itemListElement":[{"@type":"ListItem","position":1,"name":"Home","item":"https:\/\/zenkit.com\/de\/"},{"@type":"ListItem","position":2,"name":"Integrationen","item":"https:\/\/zenkit.com\/de\/integrationen\/"},{"@type":"ListItem","position":3,"name":"Everhour"}]},{"@type":"WebSite","@id":"https:\/\/zenkit.com\/de\/#website","url":"https:\/\/zenkit.com\/de\/","name":"Zenkit","description":"Zenkit Tagline","potentialAction":[{"@type":"SearchAction","target":{"@type":"EntryPoint","urlTemplate":"https:\/\/zenkit.com\/de\/?s={search_term_string}"},"query-input":{"@type":"PropertyValueSpecification","valueRequired":true,"valueName":"search_term_string"}}],"inLanguage":"de"},false]}},"yasr_visitor_votes":{"stars_attributes":{"read_only":false,"span_bottom":false},"number_of_votes":0,"sum_votes":0},"_links":{"self":[{"href":"https:\/\/zenkit.com\/de\/wp-json\/wp\/v2\/pages\/85102","targetHints":{"allow":["GET"]}}],"collection":[{"href":"https:\/\/zenkit.com\/de\/wp-json\/wp\/v2\/pages"}],"about":[{"href":"https:\/\/zenkit.com\/de\/wp-json\/wp\/v2\/types\/page"}],"author":[{"embeddable":true,"href":"https:\/\/zenkit.com\/de\/wp-json\/wp\/v2\/users\/15"}],"replies":[{"embeddable":true,"href":"https:\/\/zenkit.com\/de\/wp-json\/wp\/v2\/comments?post=85102"}],"version-history":[{"count":1,"href":"https:\/\/zenkit.com\/de\/wp-json\/wp\/v2\/pages\/85102\/revisions"}],"predecessor-version":[{"id":118485,"href":"https:\/\/zenkit.com\/de\/wp-json\/wp\/v2\/pages\/85102\/revisions\/118485"}],"up":[{"embeddable":true,"href":"https:\/\/zenkit.com\/de\/wp-json\/wp\/v2\/pages\/67564"}],"wp:attachment":[{"href":"https:\/\/zenkit.com\/de\/wp-json\/wp\/v2\/media?parent=85102"}],"curies":[{"name":"wp","href":"https:\/\/api.w.org\/{rel}","templated":true}]}}