{"id":87605,"date":"2023-01-04T11:14:37","date_gmt":"2023-01-04T10:14:37","guid":{"rendered":"https:\/\/zenkit.com\/base\/integrationen\/openai\/"},"modified":"2025-11-04T06:53:15","modified_gmt":"2025-11-04T05:53:15","slug":"openai","status":"publish","type":"page","link":"https:\/\/zenkit.com\/de\/integrationen\/openai\/","title":{"rendered":"OpenAI"},"content":{"rendered":"\n<div style=\"height:45px;--tablet-height:45px;--mobile-height:16px\" class=\"wp-block-lookeen-blocks-responsive-spacer\"><\/div>\n\n\n\n<div class=\"wp-block-group has-global-padding is-layout-constrained wp-block-group-is-layout-constrained\">\n<div class=\"wp-block-columns is-layout-flex wp-container-core-columns-is-layout-467d341d wp-block-columns-is-layout-flex\" id=\"main__integrations\" style=\"margin-top:0px;margin-bottom:0px\">\n<div class=\"wp-block-column side__bar__integrations is-layout-flow wp-block-column-is-layout-flow\" style=\"flex-basis:23%\">\n<h2 class=\"wp-block-heading has-da-blue-color-new has-text-color has-link-color wp-elements-3df084bb1aaa05461bf0e910e0da2c39\" style=\"margin-top:0px;margin-bottom:0px;font-size:16px;line-height:1.5\">Marketing-Automatisierungs Integrationen<\/h2>\n\n\n<nav class=\"is-vertical integrations__menu wp-block-navigation is-layout-flex wp-container-core-navigation-is-layout-5f9f5280 wp-block-navigation-is-layout-flex\" aria-label=\"de-integrations-marketing-automation-2\"><ul class=\"wp-block-navigation__container  is-vertical integrations__menu wp-block-navigation\"><li class=\" wp-block-navigation-item wp-block-navigation-link\"><a class=\"wp-block-navigation-item__content\"  href=\"https:\/\/zenkit.com\/de\/integrationen\/activecampaign\/\"><span class=\"wp-block-navigation-item__label\">ActiveCampaign<\/span><\/a><\/li><li class=\" wp-block-navigation-item wp-block-navigation-link\"><a class=\"wp-block-navigation-item__content\"  href=\"https:\/\/zenkit.com\/de\/integrationen\/leadboxer\/\"><span class=\"wp-block-navigation-item__label\">LeadBoxer<\/span><\/a><\/li><li class=\" wp-block-navigation-item wp-block-navigation-link\"><a class=\"wp-block-navigation-item__content\"  href=\"https:\/\/zenkit.com\/de\/integrationen\/mailjet\/\"><span class=\"wp-block-navigation-item__label\">Mailjet<\/span><\/a><\/li><li class=\" wp-block-navigation-item wp-block-navigation-link\"><a class=\"wp-block-navigation-item__content\"  href=\"https:\/\/zenkit.com\/de\/integrationen\/moosend\/\"><span class=\"wp-block-navigation-item__label\">Moosend<\/span><\/a><\/li><li class=\" wp-block-navigation-item wp-block-navigation-link\"><a class=\"wp-block-navigation-item__content\"  href=\"https:\/\/zenkit.com\/de\/integrationen\/openai\/\"><span class=\"wp-block-navigation-item__label\">OpenAI<\/span><\/a><\/li><li class=\" wp-block-navigation-item wp-block-navigation-link\"><a class=\"wp-block-navigation-item__content\"  href=\"https:\/\/zenkit.com\/de\/integrationen\/parseur\/\"><span class=\"wp-block-navigation-item__label\">Parseur<\/span><\/a><\/li><li class=\" wp-block-navigation-item wp-block-navigation-link\"><a class=\"wp-block-navigation-item__content\"  href=\"https:\/\/zenkit.com\/de\/integrationen\/sakari-sms\/\"><span class=\"wp-block-navigation-item__label\">Sakari SMS<\/span><\/a><\/li><li class=\" wp-block-navigation-item wp-block-navigation-link\"><a class=\"wp-block-navigation-item__content\"  href=\"https:\/\/zenkit.com\/de\/integrationen\/seamless-ai\/\"><span class=\"wp-block-navigation-item__label\">Seamless.AI<\/span><\/a><\/li><li class=\" wp-block-navigation-item wp-block-navigation-link\"><a class=\"wp-block-navigation-item__content\"  href=\"https:\/\/zenkit.com\/de\/integrationen\/sendinblue\/\"><span class=\"wp-block-navigation-item__label\">SendinBlue<\/span><\/a><\/li><li class=\" wp-block-navigation-item wp-block-navigation-link\"><a class=\"wp-block-navigation-item__content\"  href=\"https:\/\/zenkit.com\/de\/integrationen\/sharpspring\/\"><span class=\"wp-block-navigation-item__label\">SharpSpring<\/span><\/a><\/li><li class=\" wp-block-navigation-item wp-block-navigation-link\"><a class=\"wp-block-navigation-item__content\"  href=\"https:\/\/zenkit.com\/de\/integrationen\/simpletexting\/\"><span class=\"wp-block-navigation-item__label\">SimpleTexting<\/span><\/a><\/li><li class=\" wp-block-navigation-item wp-block-navigation-link\"><a class=\"wp-block-navigation-item__content\"  href=\"https:\/\/zenkit.com\/de\/integrationen\/smsapi\/\"><span class=\"wp-block-navigation-item__label\">SMSAPI<\/span><\/a><\/li><li class=\" wp-block-navigation-item wp-block-navigation-link\"><a class=\"wp-block-navigation-item__content\"  href=\"https:\/\/zenkit.com\/de\/integrationen\/smsfactor\/\"><span class=\"wp-block-navigation-item__label\">SMSFactor<\/span><\/a><\/li><li class=\" wp-block-navigation-item wp-block-navigation-link\"><a class=\"wp-block-navigation-item__content\"  href=\"https:\/\/zenkit.com\/de\/integrationen\/storychief\/\"><span class=\"wp-block-navigation-item__label\">StoryChief<\/span><\/a><\/li><li class=\" wp-block-navigation-item wp-block-navigation-link\"><a class=\"wp-block-navigation-item__content\"  href=\"https:\/\/zenkit.com\/de\/integrationen\/thankster\/\"><span class=\"wp-block-navigation-item__label\">Thankster<\/span><\/a><\/li><li class=\" wp-block-navigation-item wp-block-navigation-link\"><a class=\"wp-block-navigation-item__content\"  href=\"https:\/\/zenkit.com\/de\/integrationen\/whatconverts\/\"><span class=\"wp-block-navigation-item__label\">WhatConverts<\/span><\/a><\/li><\/ul><\/nav><\/div>\n\n\n\n<div class=\"wp-block-column content__integrations is-layout-flow wp-block-column-is-layout-flow\" style=\"flex-basis:77%\">\n<div class=\"wp-block-group has-global-padding is-layout-constrained wp-block-group-is-layout-constrained\">\n<div class=\"wp-block-group title is-layout-flex wp-container-core-group-is-layout-ed4b00df wp-block-group-is-layout-flex\">\n<figure class=\"wp-block-image size-full is-resized\"><img loading=\"lazy\" decoding=\"async\" width=\"150\" height=\"150\" src=\"https:\/\/zenkit.com\/wp-content\/uploads\/2025\/07\/OPENAI.webp\" alt=\"OpenAI logo\" class=\"wp-image-118448\" style=\"width:auto;height:46px\"\/><\/figure>\n\n\n\n<h1 class=\"wp-block-heading\">OpenAI und Zenkit<\/h1>\n<\/div>\n\n\n\n<div class=\"wp-block-group has-global-padding is-layout-constrained wp-block-group-is-layout-constrained\">\n<p>Die Integration von OpenAI in Zenkit er\u00f6ffnet f\u00fcr Nutzer zahlreiche M\u00f6glichkeiten zur Optimierung ihrer Arbeitsabl\u00e4ufe und zur Steigerung ihrer Produktivit\u00e4t.<\/p>\n\n\n\n<p>OpenAI bietet leistungsstarke KI-Modelle, die in der Lage sind, komplexe Aufgaben wie die Verarbeitung nat\u00fcrlicher Sprache, automatisierte Texterstellung und Datenanalyse zu \u00fcbernehmen. Durch die Einbindung dieser fortschrittlichen Technologie in die vielseitige Projektmanagement-Plattform Zenkit k\u00f6nnen Nutzer ihre Projekte effizienter organisieren, die Kommunikation innerhalb des Teams verbessern und repetitive Aufgaben automatisieren.<\/p>\n\n\n\n<p>Dies f\u00fchrt nicht nur zu einer Zeitersparnis, sondern erm\u00f6glicht es den Nutzern auch, sich auf strategisch wichtige Aufgaben zu konzentrieren und die Qualit\u00e4t ihrer Arbeit zu steigern.<\/p>\n\n\n\n<p>Die Kombination aus den flexiblen, benutzerfreundlichen Funktionen von Zenkit und den intelligenten, datengetriebenen L\u00f6sungen von OpenAI schafft ein m\u00e4chtiges Toolset, das sowohl f\u00fcr Einzelpersonen als auch f\u00fcr Teams einen erheblichen Mehrwert bietet.<\/p>\n<\/div>\n\n\n\n<div style=\"height:48px;--tablet-height:36px;--mobile-height:24px\" class=\"wp-block-lookeen-blocks-responsive-spacer\"><\/div>\n<\/div>\n\n\n\n<div class=\"wp-block-group has-global-padding is-layout-constrained wp-block-group-is-layout-constrained\">\n<figure class=\"wp-block-video\"><video controls src=\"https:\/\/zenkit.com\/wp-content\/uploads\/2023\/01\/OpenAIZenkit_Example_Large.mp4\"><\/video><\/figure>\n\n\n\n<p>Nehmen wir als Beispiel eine&nbsp;<a href=\"https:\/\/public.zenkit.com\/c\/SyI2Oo6NQ\/dinner-party-menu-planner?v=rketh_jp4X&amp;hide=workspaceLists\">Zenkit Collection f\u00fcr Rezepte<\/a>. Mit dieser Integration kann OpenAI jedes Mal, wenn ein neues Gericht zur Zenkit Collection hinzugef\u00fcgt wird, automatisch das Rezept f\u00fcr das Gericht in einem daf\u00fcr vorgesehenen Feld in Zenkit generieren. Au\u00dferdem k\u00f6nnen Sie verschiedene Befehle einrichten, um bestimmte Arten von Inhalten abzufragen, z. B. \u00dcbersetzungen, Zusammenfassungen, Definitionen und vieles mehr.Die Integration mit OpenAI bietet endlose M\u00f6glichkeiten, die f\u00fcr jeden Einzelnen einzigartig sind. Durch die Nutzung der KI-Funktionen \u00fcber Zapier k\u00f6nnen Sie Zeit sparen und Ihre Arbeitsabl\u00e4ufe optimieren, ohne dass Sie programmieren m\u00fcssen.<\/p>\n<\/div>\n\n\n\n<div style=\"height:48px;--tablet-height:36px;--mobile-height:24px\" class=\"wp-block-lookeen-blocks-responsive-spacer\"><\/div>\n\n\n\n<div class=\"wp-block-group has-global-padding is-layout-constrained wp-block-group-is-layout-constrained\">\n<h3 class=\"wp-block-heading display-h2\">\u00dcber OpenAI<\/h3>\n\n\n\n<p>OpenAI ist eine Forschungsorganisation, die sich mit der Entwicklung k\u00fcnstlicher Intelligenz besch\u00e4ftigt. Es wurde 2015 gegr\u00fcndet und hat f\u00fcr seine Arbeit im Bereich der KI und sein Engagement, seine Forschungsergebnisse der Welt zug\u00e4nglich zu machen, Anerkennung gefunden.<\/p>\n\n\n\n<p>Zu den bemerkenswerten Errungenschaften von OpenAI geh\u00f6rt die Entwicklung von fortschrittlichen Systemen zur Verarbeitung nat\u00fcrlicher Sprache und von Algorithmen f\u00fcr maschinelles Lernen. Zu ihren Diensten geh\u00f6ren ChatGPT, DALL-E, Whisper und viele mehr. OpenAI setzt neue Ma\u00dfst\u00e4be bez\u00fcglich dessen, was mit KI m\u00f6glich ist, und gestaltet die Richtung der Branche neu.<\/p>\n<\/div>\n\n\n\n<div style=\"height:48px;--tablet-height:36px;--mobile-height:24px\" class=\"wp-block-lookeen-blocks-responsive-spacer\"><\/div>\n\n\n\n<div class=\"wp-block-group has-global-padding is-layout-constrained wp-block-group-is-layout-constrained\">\n<h3 class=\"wp-block-heading display-h2\">\u00dcber Zenkit<\/h3>\n\n\n\n<p><a href=\"https:\/\/zenkit.com\/de\">Zenkit<\/a>&nbsp;ist eine vielseitige Online-Plattform zur Organisation und Verwaltung von Projekten und Aufgaben. Mit Funktionen wie Kanban-Boards, Tabellen, Kalenderansichten und Gantt-Diagrammen erm\u00f6glicht Zenkit eine flexible und effiziente Projektsteuerung<\/p>\n\n\n\n<p>Zenkit wurde in Deutschland entwickelt und mit deutschen Serverstandorten wird f\u00fcr h\u00f6chste Sicherheits- und Datenschutzstandards gem\u00e4\u00df der Datenschutz-Grundverordnung (DSGVO) gesorgt. Verschl\u00fcsselte Daten\u00fcbertragung, redundante Server und regelm\u00e4\u00dfige Backups sorgen daf\u00fcr, dass die Daten der Benutzer stets gesch\u00fctzt sind.<\/p>\n\n\n\n<p>Mit mobilen Apps f\u00fcr iOS und Android bleibt Zenkit auch unterwegs stets zug\u00e4nglich, was die Produktivit\u00e4t und Flexibilit\u00e4t weiter erh\u00f6ht.&nbsp;<a href=\"https:\/\/app.zenkit.com\/register\">Erstellen Sie Ihr kostenloses Konto!<\/a><\/p>\n<\/div>\n\n\n\n<div style=\"height:48px;--tablet-height:36px;--mobile-height:24px\" class=\"wp-block-lookeen-blocks-responsive-spacer\"><\/div>\n\n\n\n<div class=\"wp-block-group has-global-padding is-layout-constrained wp-block-group-is-layout-constrained\">\n<h3 class=\"wp-block-heading display-h2\">Wie synchronisieren Sie OpenAI und Zenkit?<\/h3>\n\n\n\n<ol class=\"wp-block-list list__style__position-inside\">\n<li><a href=\"https:\/\/zapier.com\/sign-up\/\">Registrieren Sie sich<\/a>\u00a0f\u00fcr einen Zapier-Account um Zugang zu Zapier zu enthalten.<\/li>\n\n\n\n<li><a href=\"https:\/\/openai.com\/\">Erstellen Sie ein Konto<\/a>\u00a0bei OpenAI.<\/li>\n\n\n\n<li>Melden Sie sich bei Zapier an und gehen Sie zum\u00a0<a href=\"https:\/\/zapier.com\/apps\/openai\/integrations\/zenkit\">Zenkit + OpenAI Zapbook<\/a>, um Zap-Vorlagen zu finden.<\/li>\n\n\n\n<li>Sie k\u00f6nnen auch Ihre eigene Zenkit- und OpenAI-Integration erstellen, indem Sie sie beim Erstellen eines Zaps ausw\u00e4hlen.<\/li>\n\n\n\n<li>Stellen Sie bei der Einrichtung des Zap sicher, dass Sie die Eingabeaufforderung so anpassen, dass OpenAI wei\u00df, was es f\u00fcr Sie tun soll. Um unser Rezeptbeispiel von vorhin zu verwenden, k\u00f6nnten Sie zum Beispiel schreiben: \u201ePr\u00e4sentieren Sie ein einfaches und leckeres Rezept f\u00fcr das Gericht [Item Name]\u201c.<\/li>\n<\/ol>\n<\/div>\n\n\n\n<div style=\"height:48px;--tablet-height:36px;--mobile-height:24px\" class=\"wp-block-lookeen-blocks-responsive-spacer\"><\/div>\n\n\n\n<div class=\"wp-block-group has-global-padding is-layout-constrained wp-block-group-is-layout-constrained\">\n<script type=\"text\/javascript\" src=\"https:\/\/zapier.com\/apps\/embed\/widget.js?guided_zaps=1161915\"><\/script>\n<\/div>\n\n\n\n<div style=\"height:48px;--tablet-height:36px;--mobile-height:24px\" class=\"wp-block-lookeen-blocks-responsive-spacer\"><\/div>\n\n\n\n<div class=\"wp-block-group has-global-padding is-layout-constrained wp-block-group-is-layout-constrained\">\n<h3 class=\"wp-block-heading display-h2\">Wer profitiert von der OpenAI und Zenkit Integration?<\/h3>\n\n\n\n<ul class=\"wp-block-list is-style-da-left-indent\">\n<li><strong>Unternehmen, die ihre Kundeninteraktionen verbessern und effizienter gestalten m\u00f6chten:<\/strong>\u00a0Durch die Integration von OpenAI mit Zenkit k\u00f6nnen Unternehmen auf KI-gest\u00fctzte Textanalyse und -generierung zugreifen, um Kundenanfragen, Support-Tickets und Feedback automatisch zu kategorisieren und zu beantworten. Dies f\u00fchrt zu einer schnelleren Reaktionszeit und einer verbesserten Kundenzufriedenheit, w\u00e4hrend gleichzeitig die Verwaltung und Verfolgung dieser Interaktionen in Zenkit vereinfacht wird.<\/li>\n\n\n\n<li><strong>Forschungsteams, die gro\u00dfe Mengen an Daten analysieren und verwalten m\u00fcssen:<\/strong>\u00a0Forschungsgruppen k\u00f6nnen die Integration nutzen, um Daten aus verschiedenen Quellen zu sammeln und mithilfe von OpenAI-Algorithmen zu analysieren. Die Ergebnisse und Erkenntnisse k\u00f6nnen dann direkt in Zenkit organisiert und verwaltet werden, was den Arbeitsablauf optimiert und die Zusammenarbeit im Team erleichtert.<\/li>\n<\/ul>\n<\/div>\n\n\n\n<div style=\"height:48px;--tablet-height:36px;--mobile-height:24px\" class=\"wp-block-lookeen-blocks-responsive-spacer\"><\/div>\n\n\n\n<div class=\"wp-block-group has-global-padding is-layout-constrained wp-block-group-is-layout-constrained\">\n<h3 class=\"wp-block-heading display-h2\">Weitere Integrations-Details<\/h3>\n\n\n\n<ul class=\"wp-block-list is-style-da-left-indent\">\n<li>Unterst\u00fctzt von Zapier: Bitte kontaktieren Sie den\u00a0<a href=\"https:\/\/zapier.com\/app\/get-help\">Zapier-Support<\/a>, wenn Sie Probleme haben.<\/li>\n\n\n\n<li>F\u00fcr weitere Informationen zur Verwendung von Zenkit mit Zapier lesen Sie bitte unsere\u00a0<a href=\"https:\/\/help.zenkit.com\/de\/support\/solutions\/articles\/43000590360-andere-apps-mit-zapier-in-zenkit-integrieren\">Dokumentation<\/a>.<\/li>\n<\/ul>\n<\/div>\n<\/div>\n<\/div>\n<\/div>\n\n\n\n<div style=\"height:110px;--tablet-height:60px;--mobile-height:48px\" class=\"wp-block-lookeen-blocks-responsive-spacer\"><\/div>\n","protected":false},"excerpt":{"rendered":"<p>Marketing-Automatisierungs Integrationen OpenAI und Zenkit Die Integration von OpenAI in Zenkit er\u00f6ffnet f\u00fcr Nutzer zahlreiche M\u00f6glichkeiten zur Optimierung ihrer Arbeitsabl\u00e4ufe und zur Steigerung ihrer Produktivit\u00e4t. OpenAI bietet leistungsstarke KI-Modelle, die in der Lage sind, komplexe Aufgaben wie die Verarbeitung nat\u00fcrlicher Sprache, automatisierte Texterstellung und Datenanalyse zu \u00fcbernehmen. Durch die Einbindung dieser fortschrittlichen Technologie in die [&hellip;]<\/p>\n","protected":false},"author":15,"featured_media":0,"parent":67564,"menu_order":3,"comment_status":"closed","ping_status":"closed","template":"","meta":{"yasr_overall_rating":0,"yasr_post_is_review":"","yasr_auto_insert_disabled":"","yasr_review_type":"","footnotes":""},"class_list":["post-87605","page","type-page","status-publish","hentry"],"yoast_head":"<!-- This site is optimized with the Yoast SEO plugin v27.4 - https:\/\/yoast.com\/product\/yoast-seo-wordpress\/ -->\n<title>OpenAI und Zenkit Integration<\/title>\n<meta name=\"description\" content=\"Die Integration von OpenAI macht Ihnen KI-generierte Inhalte zug\u00e4nglich, ohne Zenkit zu verlassen. Erfahren Sie, wie diese Integration mit Ihnen w\u00e4chst!\" \/>\n<meta name=\"robots\" content=\"index, follow, max-snippet:-1, max-image-preview:large, max-video-preview:-1\" \/>\n<link rel=\"canonical\" href=\"https:\/\/zenkit.com\/de\/integrationen\/openai\/\" \/>\n<meta property=\"og:locale\" content=\"de_DE\" \/>\n<meta property=\"og:type\" content=\"article\" \/>\n<meta property=\"og:title\" content=\"OpenAI und Zenkit Integration\" \/>\n<meta property=\"og:description\" content=\"Die Integration von OpenAI macht Ihnen KI-generierte Inhalte zug\u00e4nglich, ohne Zenkit zu verlassen. Erfahren Sie, wie diese Integration mit Ihnen w\u00e4chst!\" \/>\n<meta property=\"og:url\" content=\"https:\/\/zenkit.com\/de\/integrationen\/openai\/\" \/>\n<meta property=\"og:site_name\" content=\"Zenkit\" \/>\n<meta property=\"article:publisher\" content=\"https:\/\/www.facebook.com\/ZenkitHQ\" \/>\n<meta property=\"article:modified_time\" content=\"2025-11-04T05:53:15+00:00\" \/>\n<meta property=\"og:image\" content=\"https:\/\/zenkit.com\/wp-content\/uploads\/2023\/01\/openai.jpeg\" \/>\n\t<meta property=\"og:image:width\" content=\"1200\" \/>\n\t<meta property=\"og:image:height\" content=\"667\" \/>\n\t<meta property=\"og:image:type\" content=\"image\/jpeg\" \/>\n<meta name=\"twitter:card\" content=\"summary_large_image\" \/>\n<meta name=\"twitter:site\" content=\"@ZenkitHQ\" \/>\n<script type=\"application\/ld+json\" class=\"yoast-schema-graph\">{\"@context\":\"https:\\\/\\\/schema.org\",\"@graph\":[{\"@type\":\"WebPage\",\"@id\":\"https:\\\/\\\/zenkit.com\\\/de\\\/integrationen\\\/openai\\\/\",\"url\":\"https:\\\/\\\/zenkit.com\\\/de\\\/integrationen\\\/openai\\\/\",\"name\":\"OpenAI und Zenkit Integration\",\"isPartOf\":{\"@id\":\"https:\\\/\\\/zenkit.com\\\/de\\\/#website\"},\"primaryImageOfPage\":{\"@id\":\"https:\\\/\\\/zenkit.com\\\/de\\\/integrationen\\\/openai\\\/#primaryimage\"},\"image\":{\"@id\":\"https:\\\/\\\/zenkit.com\\\/de\\\/integrationen\\\/openai\\\/#primaryimage\"},\"thumbnailUrl\":\"https:\\\/\\\/zenkit.com\\\/wp-content\\\/uploads\\\/2025\\\/07\\\/OPENAI.webp\",\"datePublished\":\"2023-01-04T10:14:37+00:00\",\"dateModified\":\"2025-11-04T05:53:15+00:00\",\"description\":\"Die Integration von OpenAI macht Ihnen KI-generierte Inhalte zug\u00e4nglich, ohne Zenkit zu verlassen. Erfahren Sie, wie diese Integration mit Ihnen w\u00e4chst!\",\"breadcrumb\":{\"@id\":\"https:\\\/\\\/zenkit.com\\\/de\\\/integrationen\\\/openai\\\/#breadcrumb\"},\"inLanguage\":\"de\",\"potentialAction\":[{\"@type\":\"ReadAction\",\"target\":[\"https:\\\/\\\/zenkit.com\\\/de\\\/integrationen\\\/openai\\\/\"]}]},{\"@type\":\"ImageObject\",\"inLanguage\":\"de\",\"@id\":\"https:\\\/\\\/zenkit.com\\\/de\\\/integrationen\\\/openai\\\/#primaryimage\",\"url\":\"https:\\\/\\\/zenkit.com\\\/wp-content\\\/uploads\\\/2025\\\/07\\\/OPENAI.webp\",\"contentUrl\":\"https:\\\/\\\/zenkit.com\\\/wp-content\\\/uploads\\\/2025\\\/07\\\/OPENAI.webp\"},{\"@type\":\"BreadcrumbList\",\"@id\":\"https:\\\/\\\/zenkit.com\\\/de\\\/integrationen\\\/openai\\\/#breadcrumb\",\"itemListElement\":[{\"@type\":\"ListItem\",\"position\":1,\"name\":\"Home\",\"item\":\"https:\\\/\\\/zenkit.com\\\/de\\\/\"},{\"@type\":\"ListItem\",\"position\":2,\"name\":\"Integrationen\",\"item\":\"https:\\\/\\\/zenkit.com\\\/de\\\/integrationen\\\/\"},{\"@type\":\"ListItem\",\"position\":3,\"name\":\"OpenAI\"}]},{\"@type\":\"WebSite\",\"@id\":\"https:\\\/\\\/zenkit.com\\\/de\\\/#website\",\"url\":\"https:\\\/\\\/zenkit.com\\\/de\\\/\",\"name\":\"Zenkit\",\"description\":\"Zenkit Tagline\",\"potentialAction\":[{\"@type\":\"SearchAction\",\"target\":{\"@type\":\"EntryPoint\",\"urlTemplate\":\"https:\\\/\\\/zenkit.com\\\/de\\\/?s={search_term_string}\"},\"query-input\":{\"@type\":\"PropertyValueSpecification\",\"valueRequired\":true,\"valueName\":\"search_term_string\"}}],\"inLanguage\":\"de\"},false]}<\/script>\n<!-- \/ Yoast SEO plugin. -->","yoast_head_json":{"title":"OpenAI und Zenkit Integration","description":"Die Integration von OpenAI macht Ihnen KI-generierte Inhalte zug\u00e4nglich, ohne Zenkit zu verlassen. Erfahren Sie, wie diese Integration mit Ihnen w\u00e4chst!","robots":{"index":"index","follow":"follow","max-snippet":"max-snippet:-1","max-image-preview":"max-image-preview:large","max-video-preview":"max-video-preview:-1"},"canonical":"https:\/\/zenkit.com\/de\/integrationen\/openai\/","og_locale":"de_DE","og_type":"article","og_title":"OpenAI und Zenkit Integration","og_description":"Die Integration von OpenAI macht Ihnen KI-generierte Inhalte zug\u00e4nglich, ohne Zenkit zu verlassen. Erfahren Sie, wie diese Integration mit Ihnen w\u00e4chst!","og_url":"https:\/\/zenkit.com\/de\/integrationen\/openai\/","og_site_name":"Zenkit","article_publisher":"https:\/\/www.facebook.com\/ZenkitHQ","article_modified_time":"2025-11-04T05:53:15+00:00","og_image":[{"width":1200,"height":667,"url":"https:\/\/zenkit.com\/wp-content\/uploads\/2023\/01\/openai.jpeg","type":"image\/jpeg"}],"twitter_card":"summary_large_image","twitter_site":"@ZenkitHQ","schema":{"@context":"https:\/\/schema.org","@graph":[{"@type":"WebPage","@id":"https:\/\/zenkit.com\/de\/integrationen\/openai\/","url":"https:\/\/zenkit.com\/de\/integrationen\/openai\/","name":"OpenAI und Zenkit Integration","isPartOf":{"@id":"https:\/\/zenkit.com\/de\/#website"},"primaryImageOfPage":{"@id":"https:\/\/zenkit.com\/de\/integrationen\/openai\/#primaryimage"},"image":{"@id":"https:\/\/zenkit.com\/de\/integrationen\/openai\/#primaryimage"},"thumbnailUrl":"https:\/\/zenkit.com\/wp-content\/uploads\/2025\/07\/OPENAI.webp","datePublished":"2023-01-04T10:14:37+00:00","dateModified":"2025-11-04T05:53:15+00:00","description":"Die Integration von OpenAI macht Ihnen KI-generierte Inhalte zug\u00e4nglich, ohne Zenkit zu verlassen. Erfahren Sie, wie diese Integration mit Ihnen w\u00e4chst!","breadcrumb":{"@id":"https:\/\/zenkit.com\/de\/integrationen\/openai\/#breadcrumb"},"inLanguage":"de","potentialAction":[{"@type":"ReadAction","target":["https:\/\/zenkit.com\/de\/integrationen\/openai\/"]}]},{"@type":"ImageObject","inLanguage":"de","@id":"https:\/\/zenkit.com\/de\/integrationen\/openai\/#primaryimage","url":"https:\/\/zenkit.com\/wp-content\/uploads\/2025\/07\/OPENAI.webp","contentUrl":"https:\/\/zenkit.com\/wp-content\/uploads\/2025\/07\/OPENAI.webp"},{"@type":"BreadcrumbList","@id":"https:\/\/zenkit.com\/de\/integrationen\/openai\/#breadcrumb","itemListElement":[{"@type":"ListItem","position":1,"name":"Home","item":"https:\/\/zenkit.com\/de\/"},{"@type":"ListItem","position":2,"name":"Integrationen","item":"https:\/\/zenkit.com\/de\/integrationen\/"},{"@type":"ListItem","position":3,"name":"OpenAI"}]},{"@type":"WebSite","@id":"https:\/\/zenkit.com\/de\/#website","url":"https:\/\/zenkit.com\/de\/","name":"Zenkit","description":"Zenkit Tagline","potentialAction":[{"@type":"SearchAction","target":{"@type":"EntryPoint","urlTemplate":"https:\/\/zenkit.com\/de\/?s={search_term_string}"},"query-input":{"@type":"PropertyValueSpecification","valueRequired":true,"valueName":"search_term_string"}}],"inLanguage":"de"},false]}},"yasr_visitor_votes":{"stars_attributes":{"read_only":false,"span_bottom":false},"number_of_votes":0,"sum_votes":0},"_links":{"self":[{"href":"https:\/\/zenkit.com\/de\/wp-json\/wp\/v2\/pages\/87605","targetHints":{"allow":["GET"]}}],"collection":[{"href":"https:\/\/zenkit.com\/de\/wp-json\/wp\/v2\/pages"}],"about":[{"href":"https:\/\/zenkit.com\/de\/wp-json\/wp\/v2\/types\/page"}],"author":[{"embeddable":true,"href":"https:\/\/zenkit.com\/de\/wp-json\/wp\/v2\/users\/15"}],"replies":[{"embeddable":true,"href":"https:\/\/zenkit.com\/de\/wp-json\/wp\/v2\/comments?post=87605"}],"version-history":[{"count":4,"href":"https:\/\/zenkit.com\/de\/wp-json\/wp\/v2\/pages\/87605\/revisions"}],"predecessor-version":[{"id":118463,"href":"https:\/\/zenkit.com\/de\/wp-json\/wp\/v2\/pages\/87605\/revisions\/118463"}],"up":[{"embeddable":true,"href":"https:\/\/zenkit.com\/de\/wp-json\/wp\/v2\/pages\/67564"}],"wp:attachment":[{"href":"https:\/\/zenkit.com\/de\/wp-json\/wp\/v2\/media?parent=87605"}],"curies":[{"name":"wp","href":"https:\/\/api.w.org\/{rel}","templated":true}]}}