{"id":97495,"date":"2023-05-30T13:08:30","date_gmt":"2023-05-30T11:08:30","guid":{"rendered":"https:\/\/zenkit.com\/chat\/alternativen\/signal-alternative-copy\/"},"modified":"2025-11-04T06:53:15","modified_gmt":"2025-11-04T05:53:15","slug":"google-chat-alternative","status":"publish","type":"page","link":"https:\/\/zenkit.com\/de\/chat\/alternativen\/google-chat-alternative\/","title":{"rendered":"Google Chat Alternative"},"content":{"rendered":"\n<div class=\"wp-block-group has-global-padding is-layout-constrained wp-block-group-is-layout-constrained\">\n<div class=\"wp-block-group has-global-padding is-layout-constrained wp-container-core-group-is-layout-5bc7cfa1 wp-block-group-is-layout-constrained\">\n<div style=\"height:45px;--tablet-height:45px;--mobile-height:16px\" class=\"wp-block-lookeen-blocks-responsive-spacer\"><\/div>\n\n\n\n<h1 class=\"wp-block-heading has-text-align-center has-da-blue-color-new has-text-color has-link-color wp-elements-c117d8ca21f62c1788aea410ae36e248\" style=\"margin-bottom:8px;font-size:24px;line-height:1.5\">Zenchat als Google Chat Alternative<\/h1>\n\n\n\n<h2 class=\"wp-block-heading has-text-align-center display-h1\">Google Chat ist die neue Version des klassischen Google Hangouts. Es handelt sich um ein Tool f\u00fcr die Teamkommunikation, das die Unternehmenskommunikation innerhalb des Google Workspace-\u00d6kosystems verbessern soll.<\/h2>\n\n\n\n<div style=\"height:48px;--tablet-height:36px;--mobile-height:24px\" class=\"wp-block-lookeen-blocks-responsive-spacer\"><\/div>\n\n\n\n<p class=\"has-text-align-center\">Was jedoch, wenn wichtige Informationen wie umsetzbare Aufgaben oft in der Konversation verloren gehen? Was w\u00e4re, wenn Teams etwas besprechen, f\u00fcr dessen Verwaltung ein komplizierteres Projektmanagement-Tool erforderlich ist?&nbsp;<\/p>\n\n\n\n<p class=\"has-text-align-center\">Uns ist bewusst, dass ein Projektmanagement-Tool all Ihren Anforderungen gewachsen sein muss. Aus diesem Grund haben wir die Zenkit Suite entwickelt, mit Zenkit To Do (Aufgabenverwaltungstool), Zenkit Project (Projektverwaltungstool) und vielen weiteren Apps die bald folgen. Zenchat ist vollst\u00e4ndig in die Zenkit Base integriert. Das bedeutet, dass Teammitglieder sich einfach \u00fcber beliebige Projekte und Aufgaben im Chat austauschen und Manager ausgefeilte Ansichten f\u00fcr komplexeres Projektmanagement nutzen k\u00f6nnen.&nbsp;<\/p>\n\n\n\n<p class=\"has-text-align-center\">Mit Zenkit haben wir eine einfach zu bedienende, aber dennoch leistungsstarke Suite entwickelt, die sich weiterentwickelt und an Ihre Bed\u00fcrfnisse anpasst! Wenn Sie auf der Suche nach einer flexibleren Alternative zu&nbsp;Google Chat&nbsp;sind, probieren Sie Zenchat aus!<\/p>\n<\/div>\n<\/div>\n\n\n\n<div class=\"wp-block-group badges__section has-global-padding is-layout-constrained wp-block-group-is-layout-constrained\">\n<div style=\"height:88px;--tablet-height:60px;--mobile-height:45px\" class=\"wp-block-lookeen-blocks-responsive-spacer\"><\/div>\n\n\n\n<div class=\"wp-block-group has-global-padding is-layout-constrained wp-block-group-is-layout-constrained\">\n<div class=\"wp-block-zenkit-blocks-flexible-table comparison--table first__cell__inrow_header table-cell-mw-318px-desktop h-scroll-mobile\"><div class=\"zenkit-table-wrapper\"><table><tbody>\n\n<tr class=\"wp-block-zenkit-blocks-flexible-table-row table-row\">\n\n<td class=\"wp-block-zenkit-blocks-flexible-table-cell table-cell\">\n\n<p><\/p>\n\n<\/td>\n\n\n<td class=\"wp-block-zenkit-blocks-flexible-table-cell table-cell\">\n\n<p class=\"has-text-align-center has-da-blue-color-new has-text-color has-link-color wp-elements-8b6c02fa38f0b3f1c558404732d0e2ee\" style=\"font-size:22px;font-style:normal;font-weight:700;line-height:1.36\">Google Chat<\/p>\n\n<\/td>\n\n\n<td class=\"wp-block-zenkit-blocks-flexible-table-cell table-cell\">\n\n<p class=\"has-text-align-center has-da-blue-color-new has-text-color has-link-color wp-elements-9ea2df3823cde6aacc93d68181e860b7\" style=\"font-size:22px;font-style:normal;font-weight:700;line-height:1.36\">Zenchat<\/p>\n\n<\/td>\n\n<\/tr>\n\n\n<tr class=\"wp-block-zenkit-blocks-flexible-table-row table-row\">\n\n<td class=\"wp-block-zenkit-blocks-flexible-table-cell table-cell\">\n\n<p>\ud83d\udcac Gruppenchats und Direktnachrichten<\/p>\n\n<\/td>\n\n\n<td class=\"wp-block-zenkit-blocks-flexible-table-cell table-cell\">\n\n<figure class=\"wp-block-image size-full is-resized\"><img decoding=\"async\" src=\"https:\/\/zenkit.com\/wp-content\/uploads\/2025\/06\/check.svg\" alt=\"\" class=\"wp-image-115965\" style=\"width:18px\"\/><\/figure>\n\n<\/td>\n\n\n<td class=\"wp-block-zenkit-blocks-flexible-table-cell table-cell\">\n\n<figure class=\"wp-block-image size-full is-resized\"><img decoding=\"async\" src=\"https:\/\/zenkit.com\/wp-content\/uploads\/2025\/06\/check.svg\" alt=\"\" class=\"wp-image-115965\" style=\"width:18px\"\/><\/figure>\n\n<\/td>\n\n<\/tr>\n\n\n<tr class=\"wp-block-zenkit-blocks-flexible-table-row table-row\">\n\n<td class=\"wp-block-zenkit-blocks-flexible-table-cell table-cell\">\n\n<p>\ud83c\udf0d Verf\u00fcgbar in 10+ Sprachen<\/p>\n\n<\/td>\n\n\n<td class=\"wp-block-zenkit-blocks-flexible-table-cell table-cell\">\n\n<figure class=\"wp-block-image size-full is-resized\"><img decoding=\"async\" src=\"https:\/\/zenkit.com\/wp-content\/uploads\/2025\/06\/check.svg\" alt=\"\" class=\"wp-image-115965\" style=\"width:18px\"\/><\/figure>\n\n<\/td>\n\n\n<td class=\"wp-block-zenkit-blocks-flexible-table-cell table-cell\">\n\n<figure class=\"wp-block-image size-full is-resized\"><img decoding=\"async\" src=\"https:\/\/zenkit.com\/wp-content\/uploads\/2025\/06\/check.svg\" alt=\"\" class=\"wp-image-115965\" style=\"width:18px\"\/><\/figure>\n\n<\/td>\n\n<\/tr>\n\n\n<tr class=\"wp-block-zenkit-blocks-flexible-table-row table-row\">\n\n<td class=\"wp-block-zenkit-blocks-flexible-table-cell table-cell\">\n\n<p>\u2705 Aufgaben- und Projektverwaltung<\/p>\n\n<\/td>\n\n\n<td class=\"wp-block-zenkit-blocks-flexible-table-cell table-cell\">\n\n<figure class=\"wp-block-image size-full is-resized\"><img decoding=\"async\" src=\"https:\/\/zenkit.com\/wp-content\/uploads\/2025\/06\/cross.svg\" alt=\"\" class=\"wp-image-115982\" style=\"width:18px\"\/><\/figure>\n\n<\/td>\n\n\n<td class=\"wp-block-zenkit-blocks-flexible-table-cell table-cell\">\n\n<figure class=\"wp-block-image size-full is-resized\"><img decoding=\"async\" src=\"https:\/\/zenkit.com\/wp-content\/uploads\/2025\/06\/check.svg\" alt=\"\" class=\"wp-image-115965\" style=\"width:18px\"\/><\/figure>\n\n<\/td>\n\n<\/tr>\n\n\n<tr class=\"wp-block-zenkit-blocks-flexible-table-row table-row\">\n\n<td class=\"wp-block-zenkit-blocks-flexible-table-cell table-cell\">\n\n<p>\ud83d\udccb Kanban, Listenansicht, Gantt<\/p>\n\n<\/td>\n\n\n<td class=\"wp-block-zenkit-blocks-flexible-table-cell table-cell\">\n\n<figure class=\"wp-block-image size-full is-resized\"><img decoding=\"async\" src=\"https:\/\/zenkit.com\/wp-content\/uploads\/2025\/06\/cross.svg\" alt=\"\" class=\"wp-image-115982\" style=\"width:18px\"\/><\/figure>\n\n<\/td>\n\n\n<td class=\"wp-block-zenkit-blocks-flexible-table-cell table-cell\">\n\n<figure class=\"wp-block-image size-full is-resized\"><img decoding=\"async\" src=\"https:\/\/zenkit.com\/wp-content\/uploads\/2025\/06\/check.svg\" alt=\"\" class=\"wp-image-115965\" style=\"width:18px\"\/><\/figure>\n\n<\/td>\n\n<\/tr>\n\n\n<tr class=\"wp-block-zenkit-blocks-flexible-table-row table-row\">\n\n<td class=\"wp-block-zenkit-blocks-flexible-table-cell table-cell\">\n\n<p>\ud83e\udd16 Zapier-Integration f\u00fcr Automatisierung<\/p>\n\n<\/td>\n\n\n<td class=\"wp-block-zenkit-blocks-flexible-table-cell table-cell\">\n\n<figure class=\"wp-block-image size-full is-resized\"><img decoding=\"async\" src=\"https:\/\/zenkit.com\/wp-content\/uploads\/2025\/06\/cross.svg\" alt=\"\" class=\"wp-image-115982\" style=\"width:18px\"\/><\/figure>\n\n<\/td>\n\n\n<td class=\"wp-block-zenkit-blocks-flexible-table-cell table-cell\">\n\n<figure class=\"wp-block-image size-full is-resized\"><img decoding=\"async\" src=\"https:\/\/zenkit.com\/wp-content\/uploads\/2025\/06\/check.svg\" alt=\"\" class=\"wp-image-115965\" style=\"width:18px\"\/><\/figure>\n\n<\/td>\n\n<\/tr>\n\n\n<tr class=\"wp-block-zenkit-blocks-flexible-table-row table-row\">\n\n<td class=\"wp-block-zenkit-blocks-flexible-table-cell table-cell\">\n\n<p>\ud83d\udcd6 Wikis und Dokumentationen<\/p>\n\n<\/td>\n\n\n<td class=\"wp-block-zenkit-blocks-flexible-table-cell table-cell\">\n\n<figure class=\"wp-block-image size-full is-resized\"><img decoding=\"async\" src=\"https:\/\/zenkit.com\/wp-content\/uploads\/2025\/06\/cross.svg\" alt=\"\" class=\"wp-image-115982\" style=\"width:18px\"\/><\/figure>\n\n<\/td>\n\n\n<td class=\"wp-block-zenkit-blocks-flexible-table-cell table-cell\">\n\n<figure class=\"wp-block-image size-full is-resized\"><img decoding=\"async\" src=\"https:\/\/zenkit.com\/wp-content\/uploads\/2025\/06\/check.svg\" alt=\"\" class=\"wp-image-115965\" style=\"width:18px\"\/><\/figure>\n\n<\/td>\n\n<\/tr>\n\n\n<tr class=\"wp-block-zenkit-blocks-flexible-table-row table-row\">\n\n<td class=\"wp-block-zenkit-blocks-flexible-table-cell table-cell\">\n\n<p>\ud83d\udcde Kostenlose deutschsprachige Erstberatung<\/p>\n\n<\/td>\n\n\n<td class=\"wp-block-zenkit-blocks-flexible-table-cell table-cell\">\n\n<figure class=\"wp-block-image size-full is-resized\"><img decoding=\"async\" src=\"https:\/\/zenkit.com\/wp-content\/uploads\/2025\/06\/cross.svg\" alt=\"\" class=\"wp-image-115982\" style=\"width:18px\"\/><\/figure>\n\n<\/td>\n\n\n<td class=\"wp-block-zenkit-blocks-flexible-table-cell table-cell\">\n\n<figure class=\"wp-block-image size-full is-resized\"><img decoding=\"async\" src=\"https:\/\/zenkit.com\/wp-content\/uploads\/2025\/06\/check.svg\" alt=\"\" class=\"wp-image-115965\" style=\"width:18px\"\/><\/figure>\n\n<\/td>\n\n<\/tr>\n\n\n<tr class=\"wp-block-zenkit-blocks-flexible-table-row table-row\">\n\n<td class=\"wp-block-zenkit-blocks-flexible-table-cell table-cell\">\n\n<p>\ud83c\udde9\ud83c\uddea Au\u00dfschlie\u00dflich deutscher Serverstandort<\/p>\n\n<\/td>\n\n\n<td class=\"wp-block-zenkit-blocks-flexible-table-cell table-cell\">\n\n<figure class=\"wp-block-image size-full is-resized\"><img decoding=\"async\" src=\"https:\/\/zenkit.com\/wp-content\/uploads\/2025\/06\/cross.svg\" alt=\"\" class=\"wp-image-115982\" style=\"width:18px\"\/><\/figure>\n\n<\/td>\n\n\n<td class=\"wp-block-zenkit-blocks-flexible-table-cell table-cell\">\n\n<figure class=\"wp-block-image size-full is-resized\"><img decoding=\"async\" src=\"https:\/\/zenkit.com\/wp-content\/uploads\/2025\/06\/check.svg\" alt=\"\" class=\"wp-image-115965\" style=\"width:18px\"\/><\/figure>\n\n<\/td>\n\n<\/tr>\n\n\n<tr class=\"wp-block-zenkit-blocks-flexible-table-row table-row\">\n\n<td class=\"wp-block-zenkit-blocks-flexible-table-cell table-cell\">\n\n<p>\ud83d\udd12 Fokus auf deutschen Datenschutz<\/p>\n\n<\/td>\n\n\n<td class=\"wp-block-zenkit-blocks-flexible-table-cell table-cell\">\n\n<figure class=\"wp-block-image size-full is-resized\"><img decoding=\"async\" src=\"https:\/\/zenkit.com\/wp-content\/uploads\/2025\/06\/cross.svg\" alt=\"\" class=\"wp-image-115982\" style=\"width:18px\"\/><\/figure>\n\n<\/td>\n\n\n<td class=\"wp-block-zenkit-blocks-flexible-table-cell table-cell\">\n\n<figure class=\"wp-block-image size-full is-resized\"><img decoding=\"async\" src=\"https:\/\/zenkit.com\/wp-content\/uploads\/2025\/06\/check.svg\" alt=\"\" class=\"wp-image-115965\" style=\"width:18px\"\/><\/figure>\n\n<\/td>\n\n<\/tr>\n\n\n<tr class=\"wp-block-zenkit-blocks-flexible-table-row table-row\">\n\n<td class=\"wp-block-zenkit-blocks-flexible-table-cell table-cell\">\n\n<p>\ud83d\udedf Deutscher Kundenservice per Email und Chat<\/p>\n\n<\/td>\n\n\n<td class=\"wp-block-zenkit-blocks-flexible-table-cell table-cell\">\n\n<figure class=\"wp-block-image size-full is-resized\"><img decoding=\"async\" src=\"https:\/\/zenkit.com\/wp-content\/uploads\/2025\/06\/cross.svg\" alt=\"\" class=\"wp-image-115982\" style=\"width:18px\"\/><\/figure>\n\n<\/td>\n\n\n<td class=\"wp-block-zenkit-blocks-flexible-table-cell table-cell\">\n\n<figure class=\"wp-block-image size-full is-resized\"><img decoding=\"async\" src=\"https:\/\/zenkit.com\/wp-content\/uploads\/2025\/06\/check.svg\" alt=\"\" class=\"wp-image-115965\" style=\"width:18px\"\/><\/figure>\n\n<\/td>\n\n<\/tr>\n\n<\/tbody><\/table><\/div><\/div>\n<\/div>\n<\/div>\n\n\n\n<div class=\"wp-block-group has-global-padding is-layout-constrained wp-block-group-is-layout-constrained\">\n<div style=\"height:88px;--tablet-height:60px;--mobile-height:45px\" class=\"wp-block-lookeen-blocks-responsive-spacer\"><\/div>\n\n\n\n<div class=\"wp-block-zenkit-blocks-flexible-table comparison--table  table-cell-mw-318px-desktop h-scroll-mobile\"><div class=\"zenkit-table-wrapper\"><table><tbody>\n\n<tr class=\"wp-block-zenkit-blocks-flexible-table-row table-row\">\n\n<td class=\"wp-block-zenkit-blocks-flexible-table-cell table-cell\">\n\n<p class=\"has-text-align-center has-da-blue-color-new has-text-color has-link-color wp-elements-5d81179e54e5bd08d405a76fe849e30a\" style=\"font-size:22px;font-style:normal;font-weight:700;line-height:1.36\">Vorteile Google Chat<\/p>\n\n<\/td>\n\n\n<td class=\"wp-block-zenkit-blocks-flexible-table-cell table-cell\">\n\n<p class=\"has-text-align-center has-da-blue-color-new has-text-color has-link-color wp-elements-de9e20a0c36edc888c8f935ef29417b5\" style=\"font-size:22px;font-style:normal;font-weight:700;line-height:1.36\">Nachteile Google Chat<\/p>\n\n<\/td>\n\n\n<td class=\"wp-block-zenkit-blocks-flexible-table-cell table-cell\">\n\n<p class=\"has-text-align-center has-da-blue-color-new has-text-color has-link-color wp-elements-1b5a15a50500a2997ba285dd14897eb0\" style=\"font-size:22px;font-style:normal;font-weight:700;line-height:1.36\">Vorteile Zenchat<\/p>\n\n<\/td>\n\n<\/tr>\n\n\n<tr class=\"wp-block-zenkit-blocks-flexible-table-row table-row\">\n\n<td class=\"wp-block-zenkit-blocks-flexible-table-cell table-cell\">\n\n<p class=\"has-text-align-center\">Anrufe verf\u00fcgbar<\/p>\n\n<\/td>\n\n\n<td class=\"wp-block-zenkit-blocks-flexible-table-cell table-cell\">\n\n<p class=\"has-text-align-center\">Sprachnachrichten unverf\u00fcgbar<\/p>\n\n<\/td>\n\n\n<td class=\"wp-block-zenkit-blocks-flexible-table-cell table-cell\">\n\n<p class=\"has-text-align-center\">Datensicherheit gew\u00e4hrleistet<\/p>\n\n<\/td>\n\n<\/tr>\n\n\n<tr class=\"wp-block-zenkit-blocks-flexible-table-row table-row\">\n\n<td class=\"wp-block-zenkit-blocks-flexible-table-cell table-cell\">\n\n<p class=\"has-text-align-center\">Nachrichten k\u00f6nnen an den Gmail-Posteingang weitergeleitet werden<\/p>\n\n<\/td>\n\n\n<td class=\"wp-block-zenkit-blocks-flexible-table-cell table-cell\">\n\n<p class=\"has-text-align-center\">Mangelhaftes Aufgabenmanagement<\/p>\n\n<\/td>\n\n\n<td class=\"wp-block-zenkit-blocks-flexible-table-cell table-cell\">\n\n<p class=\"has-text-align-center\">Detaillierte Aufgabenverwaltung<\/p>\n\n<\/td>\n\n<\/tr>\n\n\n<tr class=\"wp-block-zenkit-blocks-flexible-table-row table-row\">\n\n<td class=\"wp-block-zenkit-blocks-flexible-table-cell table-cell\">\n\n<p class=\"has-text-align-center\">Mit Google Kalender integrieren<\/p>\n\n<\/td>\n\n\n<td class=\"wp-block-zenkit-blocks-flexible-table-cell table-cell\">\n\n<p class=\"has-text-align-center\">Nicht in Deutschland gehostet<\/p>\n\n<\/td>\n\n\n<td class=\"wp-block-zenkit-blocks-flexible-table-cell table-cell\">\n\n<p class=\"has-text-align-center\">Aufgabenspezifische Chatrooms<\/p>\n\n<\/td>\n\n<\/tr>\n\n<\/tbody><\/table><\/div><\/div>\n\n\n\n<div style=\"height:88px;--tablet-height:60px;--mobile-height:45px\" class=\"wp-block-lookeen-blocks-responsive-spacer\"><\/div>\n<\/div>\n\n\n\n<div class=\"wp-block-group has-global-padding is-layout-constrained wp-container-core-group-is-layout-7cc94c3e wp-block-group-is-layout-constrained\">\n<figure class=\"wp-block-image aligncenter size-full is-resized\" style=\"margin-bottom:8px\"><img decoding=\"async\" src=\"https:\/\/zenkit.com\/wp-content\/uploads\/2025\/05\/info.svg\" alt=\"Haftungsausschluss\" class=\"wp-image-113476\" style=\"width:36px;height:auto\"\/><\/figure>\n\n\n\n<p class=\"has-text-align-center has-da-grey-1-color has-text-color has-link-color wp-elements-24580c380a0a305534fdc2e4e0b1b275\" style=\"margin-top:0px;margin-bottom:0px;font-style:normal;font-weight:700\">Haftungsausschluss:<\/p>\n\n\n\n<p class=\"has-text-align-center has-da-grey-1-color has-text-color has-link-color wp-elements-9b46551fcf4d8036f3d6aa68db9339e9\">Zenkit steht in keinerlei Verbindung zu jeglichen, auf dieser Webseite genannten, Produkten. Daten und Angaben zu Produktmerkmalen stammen direkt von den jeweiligen Webseiten und aus Marketingmaterialien Dezember 2022. Der Autor und Betreiber dieser Website \u00fcbernimmt keinerlei Gew\u00e4hr f\u00fcr die Aktualit\u00e4t, Korrektheit, Vollst\u00e4ndigkeit oder Qualit\u00e4t der bereitgestellten Informationen. Jegliche Haftungsanspr\u00fcche sind grunds\u00e4tzlich ausgeschlossen, sofern seitens des Autors und Betreibers dieser Website kein nachweislich vors\u00e4tzliches oder grob fahrl\u00e4ssiges Verschulden vorliegt. Um uns Korrekturen zukommen zu lassen,&nbsp;<a href=\"https:\/\/zenkit.com\/de\/kontakt\/\" data-type=\"page\" data-id=\"98184\">kontaktieren Sie uns<\/a>&nbsp;bitte.<\/p>\n<\/div>\n\n\n\n<div style=\"height:110px;--tablet-height:60px;--mobile-height:60px\" class=\"wp-block-lookeen-blocks-responsive-spacer\"><\/div>\n","protected":false},"excerpt":{"rendered":"<p>Zenchat als Google Chat Alternative Google Chat ist die neue Version des klassischen Google Hangouts. Es handelt sich um ein Tool f\u00fcr die Teamkommunikation, das die Unternehmenskommunikation innerhalb des Google Workspace-\u00d6kosystems verbessern soll. Was jedoch, wenn wichtige Informationen wie umsetzbare Aufgaben oft in der Konversation verloren gehen? Was w\u00e4re, wenn Teams etwas besprechen, f\u00fcr dessen [&hellip;]<\/p>\n","protected":false},"author":39,"featured_media":0,"parent":61049,"menu_order":6,"comment_status":"closed","ping_status":"closed","template":"wp-custom-template-de-page-chat","meta":{"yasr_overall_rating":0,"yasr_post_is_review":"","yasr_auto_insert_disabled":"","yasr_review_type":"","footnotes":""},"class_list":["post-97495","page","type-page","status-publish","hentry"],"yoast_head":"<!-- This site is optimized with the Yoast SEO plugin v27.3 - https:\/\/yoast.com\/product\/yoast-seo-wordpress\/ -->\n<title>Zenchat als Google Chat Alternative<\/title>\n<meta name=\"description\" content=\"Sie suchen nach einer Messaging-App, bei der Sie sich voll auf Datensicherheit verlassen k\u00f6nnen? Dann entdecken Sie Zenchat!\" \/>\n<meta name=\"robots\" content=\"index, follow, max-snippet:-1, max-image-preview:large, max-video-preview:-1\" \/>\n<link rel=\"canonical\" href=\"https:\/\/zenkit.com\/de\/chat\/alternativen\/google-chat-alternative\/\" \/>\n<meta property=\"og:locale\" content=\"de_DE\" \/>\n<meta property=\"og:type\" content=\"article\" \/>\n<meta property=\"og:title\" content=\"Zenchat als Google Chat Alternative\" \/>\n<meta property=\"og:description\" content=\"Sie suchen nach einer Messaging-App, bei der Sie sich voll auf Datensicherheit verlassen k\u00f6nnen? Dann entdecken Sie Zenchat!\" \/>\n<meta property=\"og:url\" content=\"https:\/\/zenkit.com\/de\/chat\/alternativen\/google-chat-alternative\/\" \/>\n<meta property=\"og:site_name\" content=\"Zenkit\" \/>\n<meta property=\"article:publisher\" content=\"https:\/\/www.facebook.com\/ZenkitHQ\" \/>\n<meta property=\"article:modified_time\" content=\"2025-11-04T05:53:15+00:00\" \/>\n<meta name=\"twitter:card\" content=\"summary_large_image\" \/>\n<meta name=\"twitter:site\" content=\"@ZenkitHQ\" \/>\n<script type=\"application\/ld+json\" class=\"yoast-schema-graph\">{\"@context\":\"https:\\\/\\\/schema.org\",\"@graph\":[{\"@type\":\"WebPage\",\"@id\":\"https:\\\/\\\/zenkit.com\\\/de\\\/chat\\\/alternativen\\\/google-chat-alternative\\\/\",\"url\":\"https:\\\/\\\/zenkit.com\\\/de\\\/chat\\\/alternativen\\\/google-chat-alternative\\\/\",\"name\":\"Zenchat als Google Chat Alternative\",\"isPartOf\":{\"@id\":\"https:\\\/\\\/zenkit.com\\\/de\\\/#website\"},\"primaryImageOfPage\":{\"@id\":\"https:\\\/\\\/zenkit.com\\\/de\\\/chat\\\/alternativen\\\/google-chat-alternative\\\/#primaryimage\"},\"image\":{\"@id\":\"https:\\\/\\\/zenkit.com\\\/de\\\/chat\\\/alternativen\\\/google-chat-alternative\\\/#primaryimage\"},\"thumbnailUrl\":\"https:\\\/\\\/zenkit.com\\\/wp-content\\\/uploads\\\/2025\\\/06\\\/check.svg\",\"datePublished\":\"2023-05-30T11:08:30+00:00\",\"dateModified\":\"2025-11-04T05:53:15+00:00\",\"description\":\"Sie suchen nach einer Messaging-App, bei der Sie sich voll auf Datensicherheit verlassen k\u00f6nnen? Dann entdecken Sie Zenchat!\",\"breadcrumb\":{\"@id\":\"https:\\\/\\\/zenkit.com\\\/de\\\/chat\\\/alternativen\\\/google-chat-alternative\\\/#breadcrumb\"},\"inLanguage\":\"de\",\"potentialAction\":[{\"@type\":\"ReadAction\",\"target\":[\"https:\\\/\\\/zenkit.com\\\/de\\\/chat\\\/alternativen\\\/google-chat-alternative\\\/\"]}]},{\"@type\":\"ImageObject\",\"inLanguage\":\"de\",\"@id\":\"https:\\\/\\\/zenkit.com\\\/de\\\/chat\\\/alternativen\\\/google-chat-alternative\\\/#primaryimage\",\"url\":\"https:\\\/\\\/zenkit.com\\\/wp-content\\\/uploads\\\/2025\\\/06\\\/check.svg\",\"contentUrl\":\"https:\\\/\\\/zenkit.com\\\/wp-content\\\/uploads\\\/2025\\\/06\\\/check.svg\"},{\"@type\":\"BreadcrumbList\",\"@id\":\"https:\\\/\\\/zenkit.com\\\/de\\\/chat\\\/alternativen\\\/google-chat-alternative\\\/#breadcrumb\",\"itemListElement\":[{\"@type\":\"ListItem\",\"position\":1,\"name\":\"Home\",\"item\":\"https:\\\/\\\/zenkit.com\\\/de\\\/\"},{\"@type\":\"ListItem\",\"position\":2,\"name\":\"Zenchat\",\"item\":\"https:\\\/\\\/zenkit.com\\\/de\\\/chat\\\/\"},{\"@type\":\"ListItem\",\"position\":3,\"name\":\"Zenchat Alternativen\",\"item\":\"https:\\\/\\\/zenkit.com\\\/de\\\/chat\\\/alternativen\\\/\"},{\"@type\":\"ListItem\",\"position\":4,\"name\":\"Google Chat Alternative\"}]},{\"@type\":\"WebSite\",\"@id\":\"https:\\\/\\\/zenkit.com\\\/de\\\/#website\",\"url\":\"https:\\\/\\\/zenkit.com\\\/de\\\/\",\"name\":\"Zenkit\",\"description\":\"Zenkit Tagline\",\"potentialAction\":[{\"@type\":\"SearchAction\",\"target\":{\"@type\":\"EntryPoint\",\"urlTemplate\":\"https:\\\/\\\/zenkit.com\\\/de\\\/?s={search_term_string}\"},\"query-input\":{\"@type\":\"PropertyValueSpecification\",\"valueRequired\":true,\"valueName\":\"search_term_string\"}}],\"inLanguage\":\"de\"},false]}<\/script>\n<!-- \/ Yoast SEO plugin. -->","yoast_head_json":{"title":"Zenchat als Google Chat Alternative","description":"Sie suchen nach einer Messaging-App, bei der Sie sich voll auf Datensicherheit verlassen k\u00f6nnen? Dann entdecken Sie Zenchat!","robots":{"index":"index","follow":"follow","max-snippet":"max-snippet:-1","max-image-preview":"max-image-preview:large","max-video-preview":"max-video-preview:-1"},"canonical":"https:\/\/zenkit.com\/de\/chat\/alternativen\/google-chat-alternative\/","og_locale":"de_DE","og_type":"article","og_title":"Zenchat als Google Chat Alternative","og_description":"Sie suchen nach einer Messaging-App, bei der Sie sich voll auf Datensicherheit verlassen k\u00f6nnen? Dann entdecken Sie Zenchat!","og_url":"https:\/\/zenkit.com\/de\/chat\/alternativen\/google-chat-alternative\/","og_site_name":"Zenkit","article_publisher":"https:\/\/www.facebook.com\/ZenkitHQ","article_modified_time":"2025-11-04T05:53:15+00:00","twitter_card":"summary_large_image","twitter_site":"@ZenkitHQ","schema":{"@context":"https:\/\/schema.org","@graph":[{"@type":"WebPage","@id":"https:\/\/zenkit.com\/de\/chat\/alternativen\/google-chat-alternative\/","url":"https:\/\/zenkit.com\/de\/chat\/alternativen\/google-chat-alternative\/","name":"Zenchat als Google Chat Alternative","isPartOf":{"@id":"https:\/\/zenkit.com\/de\/#website"},"primaryImageOfPage":{"@id":"https:\/\/zenkit.com\/de\/chat\/alternativen\/google-chat-alternative\/#primaryimage"},"image":{"@id":"https:\/\/zenkit.com\/de\/chat\/alternativen\/google-chat-alternative\/#primaryimage"},"thumbnailUrl":"https:\/\/zenkit.com\/wp-content\/uploads\/2025\/06\/check.svg","datePublished":"2023-05-30T11:08:30+00:00","dateModified":"2025-11-04T05:53:15+00:00","description":"Sie suchen nach einer Messaging-App, bei der Sie sich voll auf Datensicherheit verlassen k\u00f6nnen? Dann entdecken Sie Zenchat!","breadcrumb":{"@id":"https:\/\/zenkit.com\/de\/chat\/alternativen\/google-chat-alternative\/#breadcrumb"},"inLanguage":"de","potentialAction":[{"@type":"ReadAction","target":["https:\/\/zenkit.com\/de\/chat\/alternativen\/google-chat-alternative\/"]}]},{"@type":"ImageObject","inLanguage":"de","@id":"https:\/\/zenkit.com\/de\/chat\/alternativen\/google-chat-alternative\/#primaryimage","url":"https:\/\/zenkit.com\/wp-content\/uploads\/2025\/06\/check.svg","contentUrl":"https:\/\/zenkit.com\/wp-content\/uploads\/2025\/06\/check.svg"},{"@type":"BreadcrumbList","@id":"https:\/\/zenkit.com\/de\/chat\/alternativen\/google-chat-alternative\/#breadcrumb","itemListElement":[{"@type":"ListItem","position":1,"name":"Home","item":"https:\/\/zenkit.com\/de\/"},{"@type":"ListItem","position":2,"name":"Zenchat","item":"https:\/\/zenkit.com\/de\/chat\/"},{"@type":"ListItem","position":3,"name":"Zenchat Alternativen","item":"https:\/\/zenkit.com\/de\/chat\/alternativen\/"},{"@type":"ListItem","position":4,"name":"Google Chat Alternative"}]},{"@type":"WebSite","@id":"https:\/\/zenkit.com\/de\/#website","url":"https:\/\/zenkit.com\/de\/","name":"Zenkit","description":"Zenkit Tagline","potentialAction":[{"@type":"SearchAction","target":{"@type":"EntryPoint","urlTemplate":"https:\/\/zenkit.com\/de\/?s={search_term_string}"},"query-input":{"@type":"PropertyValueSpecification","valueRequired":true,"valueName":"search_term_string"}}],"inLanguage":"de"},false]}},"yasr_visitor_votes":{"stars_attributes":{"read_only":false,"span_bottom":false},"number_of_votes":0,"sum_votes":0},"_links":{"self":[{"href":"https:\/\/zenkit.com\/de\/wp-json\/wp\/v2\/pages\/97495","targetHints":{"allow":["GET"]}}],"collection":[{"href":"https:\/\/zenkit.com\/de\/wp-json\/wp\/v2\/pages"}],"about":[{"href":"https:\/\/zenkit.com\/de\/wp-json\/wp\/v2\/types\/page"}],"author":[{"embeddable":true,"href":"https:\/\/zenkit.com\/de\/wp-json\/wp\/v2\/users\/39"}],"replies":[{"embeddable":true,"href":"https:\/\/zenkit.com\/de\/wp-json\/wp\/v2\/comments?post=97495"}],"version-history":[{"count":4,"href":"https:\/\/zenkit.com\/de\/wp-json\/wp\/v2\/pages\/97495\/revisions"}],"predecessor-version":[{"id":152922,"href":"https:\/\/zenkit.com\/de\/wp-json\/wp\/v2\/pages\/97495\/revisions\/152922"}],"up":[{"embeddable":true,"href":"https:\/\/zenkit.com\/de\/wp-json\/wp\/v2\/pages\/61049"}],"wp:attachment":[{"href":"https:\/\/zenkit.com\/de\/wp-json\/wp\/v2\/media?parent=97495"}],"curies":[{"name":"wp","href":"https:\/\/api.w.org\/{rel}","templated":true}]}}