{"id":99992,"date":"2023-08-03T10:22:43","date_gmt":"2023-08-03T08:22:43","guid":{"rendered":"https:\/\/zenkit.com\/?page_id=99992"},"modified":"2025-11-04T06:53:15","modified_gmt":"2025-11-04T05:53:15","slug":"demo","status":"publish","type":"page","link":"https:\/\/zenkit.com\/de\/suite\/demo\/","title":{"rendered":"Suite Demo"},"content":{"rendered":"\n<div class=\"wp-block-group has-global-padding is-layout-constrained wp-block-group-is-layout-constrained\">\n<div class=\"wp-block-group has-global-padding is-layout-constrained wp-container-core-group-is-layout-704e782a wp-block-group-is-layout-constrained\">\n<div style=\"height:45px;--tablet-height:45px;--mobile-height:16px\" class=\"wp-block-lookeen-blocks-responsive-spacer\"><\/div>\n\n\n\n<div class=\"wp-block-group has-global-padding is-layout-constrained wp-block-group-is-layout-constrained\" style=\"margin-bottom:10px\">\n<h1 class=\"wp-block-heading has-text-align-center subheading--blue\">Kostenlose Beratung mit einem Experten f\u00fcr Produktivit\u00e4t<\/h1>\n<\/div>\n\n\n\n<div class=\"wp-block-group has-global-padding is-layout-constrained wp-block-group-is-layout-constrained\">\n<h2 class=\"wp-block-heading has-text-align-center display-h1\" style=\"margin-bottom:8px\">In nur 20 Minuten zeigen wir Ihnen, wie Zenkit Ihre Produktivit\u00e4t steigert.<\/h2>\n\n\n\n<div style=\"height:80px;--tablet-height:36px;--mobile-height:26px\" class=\"wp-block-lookeen-blocks-responsive-spacer\"><\/div>\n<\/div>\n<\/div>\n<\/div>\n\n\n\n<div class=\"wp-block-group has-global-padding is-layout-constrained wp-block-group-is-layout-constrained\">\n<div class=\"wp-block-columns form__container-two-column is-layout-flex wp-container-core-columns-is-layout-533dc52e wp-block-columns-is-layout-flex\">\n<div class=\"wp-block-column is-vertically-aligned-center is-layout-flow wp-block-column-is-layout-flow\">\n<p style=\"font-size:20px;font-style:normal;font-weight:700;line-height:1.5\">Buchen Sie Ihre pers\u00f6nliche Video-Demo!<\/p>\n\n\n\n<p>Lernen Sie Zenkit kennen! In nur 20 Minuten zeigen unsere Produktexperten Ihnen, wie Sie Zenkit nutzen k\u00f6nnen und beantworten Ihnen s\u00e4mtliche Fragen.<\/p>\n\n\n\n<ul class=\"wp-block-list is-style-list-blue-check\">\n<li>Auf Ihren Anwendungsfall bezogen<\/li>\n\n\n\n<li>Einf\u00fchrung in alle relevanten Features<\/li>\n\n\n\n<li>Wir beantworten Ihre Fragen<\/li>\n\n\n\n<li>Vollkommen kostenlos und unverbindlich.<\/li>\n<\/ul>\n<\/div>\n\n\n\n<div class=\"wp-block-column is-layout-flow wp-block-column-is-layout-flow\"><div class=\"zenkit-demo-iframe-wrap\">\r\n    <iframe\r\n        src=\"https:\/\/public.zenkit.com\/f\/BHDPo4P5x\/zenkit-book-a-demo-form?v=HjdLtbp0If&#038;entry=%7B%22804f69d8-4a89-439c-82ab-bcdc41d73e41_categories%22%3A%5B13262632%5D%2C%22ce611851-cf99-4854-9c44-2d8d7a1786a8_categories%22%3A%5B13602893%5D%7D\"\r\n         style=\"border:0;min-height:700px;\"\r\n        loading=\"lazy\"\r\n        referrerpolicy=\"no-referrer-when-downgrade\"\r\n        sandbox=\"allow-scripts allow-forms allow-same-origin\"\r\n        class=\"border-radius--20 box__shadow\"\r\n    ><\/iframe>\r\n            <div style=\"margin-top:8px;font:12px\/1.4 system-ui,Segoe UI,Roboto,sans-serif;color:#475569;\">\r\n            <strong>Preview:<\/strong> redirects disabled. Variant=<code>new<\/code>\r\n        <\/div>\r\n    <\/div>\r\n<\/div>\n<\/div>\n<\/div>\n\n\n\n<div class=\"wp-block-group has-global-padding is-layout-constrained wp-block-group-is-layout-constrained\">\n<div class=\"wp-block-group has-global-padding is-layout-constrained wp-block-group-is-layout-constrained\">\n<div style=\"height:88px;--tablet-height:72px;--mobile-height:36px\" class=\"wp-block-lookeen-blocks-responsive-spacer\"><\/div>\n\n\n\n<div class=\"wp-block-group has-global-padding is-layout-constrained wp-block-group-is-layout-constrained\">\n<h3 class=\"wp-block-heading has-text-align-center subheading--blue\">Kunden in \u00fcber 100 L\u00e4ndern vertrauen Zenkit<\/h3>\n<\/div>\n<\/div>\n\n\n\n<div style=\"height:40px;--tablet-height:24px;--mobile-height:24px\" class=\"wp-block-lookeen-blocks-responsive-spacer\"><\/div>\n\n\n\n<div class=\"wp-block-group testimonial__grid has-global-padding is-layout-constrained wp-block-group-is-layout-constrained\">\n<div class=\"wp-block-group testimonial has-global-padding is-layout-constrained wp-block-group-is-layout-constrained\" style=\"border-radius:20px\">\n<figure class=\"wp-block-image aligncenter size-full is-resized has-custom-border testimonial__img\" style=\"margin-bottom:20px\"><img loading=\"lazy\" decoding=\"async\" width=\"180\" height=\"180\" src=\"https:\/\/zenkit.com\/wp-content\/uploads\/2025\/01\/schuba-1.png\" alt=\"\" class=\"wp-image-109461\" style=\"border-radius:100%;object-fit:cover;width:90px;height:89px\" srcset=\"https:\/\/zenkit.com\/wp-content\/uploads\/2025\/01\/schuba-1.png 180w, https:\/\/zenkit.com\/wp-content\/uploads\/2025\/01\/schuba-1-150x150.png 150w\" sizes=\"auto, (max-width: 180px) 100vw, 180px\" \/><\/figure>\n\n\n\n<h3 class=\"wp-block-heading has-text-align-center testimonial__author card__title has-da-blue-color-new has-text-color has-link-color wp-elements-de1652336afcbcead0cf94bba8ae638b\" style=\"font-size:20px\">Thomas Zerlaut<\/h3>\n\n\n\n<p class=\"has-text-align-center testimonial__position\" style=\"margin-bottom:0px;font-style:normal;font-weight:700\">Inhaber @ Thomas Zerlaut &#8211; Sanit\u00e4r \/ Heizung, Deutschland<\/p>\n\n\n\n<div class=\"wp-block-group has-global-padding is-layout-constrained wp-block-group-is-layout-constrained\" style=\"padding-top:16px;padding-bottom:16px\">\n<figure class=\"wp-block-image aligncenter size-full is-resized\"><img decoding=\"async\" src=\"https:\/\/zenkit.com\/wp-content\/uploads\/2025\/01\/stars-1.svg\" alt=\"\" class=\"wp-image-109481\" style=\"width:114px\"\/><\/figure>\n<\/div>\n\n\n\n<p class=\"has-text-align-center has-da-grey-1-color has-text-color has-link-color wp-elements-a6c4f7f811f92bcab1caca3137e7df06\" style=\"font-style:normal;font-weight:500\">Mit den Produkten der Zenkit-Familie planen und \u00fcberwachen wir die kompletten Prozesse in unserer Firma. Die Software ist einfach und verst\u00e4ndlich aufgebaut und bietet trotzdem eine Vielzahl an M\u00f6glichkeiten und Vertiefungen. Der Support funktioniert super.<\/p>\n<\/div>\n\n\n\n<div class=\"wp-block-group testimonial has-global-padding is-layout-constrained wp-block-group-is-layout-constrained\" style=\"border-radius:20px\">\n<figure class=\"wp-block-image aligncenter size-full is-resized has-custom-border testimonial__img\" style=\"margin-bottom:20px\"><img loading=\"lazy\" decoding=\"async\" width=\"180\" height=\"180\" src=\"https:\/\/zenkit.com\/wp-content\/uploads\/2025\/01\/schuba-2.png\" alt=\"\" class=\"wp-image-109497\" style=\"border-radius:100%;object-fit:cover;width:90px;height:89px\" srcset=\"https:\/\/zenkit.com\/wp-content\/uploads\/2025\/01\/schuba-2.png 180w, https:\/\/zenkit.com\/wp-content\/uploads\/2025\/01\/schuba-2-150x150.png 150w\" sizes=\"auto, (max-width: 180px) 100vw, 180px\" \/><\/figure>\n\n\n\n<h3 class=\"wp-block-heading has-text-align-center testimonial__author card__title has-da-blue-color-new has-text-color has-link-color wp-elements-c7f5246b5dae008d3fa5efa5026097f4\" style=\"font-size:20px\">Marina Stover<\/h3>\n\n\n\n<p class=\"has-text-align-center testimonial__position\" style=\"margin-bottom:0px;font-style:normal;font-weight:700\">Senior-Anforderungsanalyst @ Rowboat Software<\/p>\n\n\n\n<div class=\"wp-block-group has-global-padding is-layout-constrained wp-block-group-is-layout-constrained\" style=\"padding-top:16px;padding-bottom:16px\">\n<figure class=\"wp-block-image aligncenter size-full is-resized\"><img decoding=\"async\" src=\"https:\/\/zenkit.com\/wp-content\/uploads\/2025\/01\/stars-1.svg\" alt=\"\" class=\"wp-image-109481\" style=\"width:114px\"\/><\/figure>\n<\/div>\n\n\n\n<p class=\"has-text-align-center has-da-grey-1-color has-text-color has-link-color wp-elements-faaf555bef8fb3482c71b23a1aaf3314\" style=\"font-style:normal;font-weight:500\">Dieses Tool ist genial!! Es ist so sch\u00f6n und handhabt alles so elegant. Wir sind von Trello umgezogen und werden nicht mehr zur\u00fcckgehen!<\/p>\n<\/div>\n\n\n\n<div class=\"wp-block-group testimonial has-global-padding is-layout-constrained wp-block-group-is-layout-constrained\" style=\"border-radius:20px\">\n<figure class=\"wp-block-image aligncenter size-full is-resized has-custom-border testimonial__img\" style=\"margin-bottom:20px\"><img loading=\"lazy\" decoding=\"async\" width=\"180\" height=\"180\" src=\"https:\/\/zenkit.com\/wp-content\/uploads\/2025\/01\/schuba-3.png\" alt=\"\" class=\"wp-image-109508\" style=\"border-radius:100%;object-fit:cover;width:90px;height:89px\" srcset=\"https:\/\/zenkit.com\/wp-content\/uploads\/2025\/01\/schuba-3.png 180w, https:\/\/zenkit.com\/wp-content\/uploads\/2025\/01\/schuba-3-150x150.png 150w\" sizes=\"auto, (max-width: 180px) 100vw, 180px\" \/><\/figure>\n\n\n\n<h3 class=\"wp-block-heading has-text-align-center testimonial__author card__title has-da-blue-color-new has-text-color has-link-color wp-elements-15d9684b2f264efefd3b17fd2ba18500\" style=\"font-size:20px\">Lauriane Berton<\/h3>\n\n\n\n<p class=\"has-text-align-center testimonial__position\" style=\"margin-bottom:0px;font-style:normal;font-weight:700\">Marketing-Projektmanager @ B&amp;B H\u00f4tels<\/p>\n\n\n\n<div class=\"wp-block-group has-global-padding is-layout-constrained wp-block-group-is-layout-constrained\" style=\"padding-top:16px;padding-bottom:16px\">\n<figure class=\"wp-block-image aligncenter size-full is-resized\"><img decoding=\"async\" src=\"https:\/\/zenkit.com\/wp-content\/uploads\/2025\/01\/stars-1.svg\" alt=\"\" class=\"wp-image-109481\" style=\"width:114px\"\/><\/figure>\n<\/div>\n\n\n\n<p class=\"has-text-align-center has-da-grey-1-color has-text-color has-link-color wp-elements-1e5c578dff4650d9a4d4888d8870e851\" style=\"font-style:normal;font-weight:500\">Nachdem wir viele Tools getestet hatten, war Zenkit eine echte Offenbarung. Endlich haben wir das Werkzeug, das all unsere Erwartungen erf\u00fcllt. Unm\u00f6glich, ohne es weiterzumachen!<\/p>\n<\/div>\n<\/div>\n<\/div>\n\n\n\n<div class=\"wp-block-group has-global-padding is-layout-constrained wp-block-group-is-layout-constrained\">\n<div style=\"height:88px;--tablet-height:72px;--mobile-height:36px\" class=\"wp-block-lookeen-blocks-responsive-spacer\"><\/div>\n\n\n\n<div class=\"wp-block-group has-global-padding is-layout-constrained wp-block-group-is-layout-constrained\">\n<div class=\"wp-block-group has-global-padding is-layout-constrained wp-container-core-group-is-layout-4383d167 wp-block-group-is-layout-constrained\">\n<figure class=\"wp-block-gallery has-nested-images columns-default is-cropped logo__gallery wp-block-gallery-1 is-layout-flex wp-block-gallery-is-layout-flex\">\n<figure class=\"wp-block-image size-full\"><img decoding=\"async\" data-id=\"109683\" src=\"https:\/\/zenkit.com\/wp-content\/uploads\/2025\/01\/ibm.svg\" alt=\"\" class=\"wp-image-109683\"\/><\/figure>\n\n\n\n<figure class=\"wp-block-image size-full\"><img decoding=\"async\" data-id=\"109693\" src=\"https:\/\/zenkit.com\/wp-content\/uploads\/2025\/01\/microsoft.svg\" alt=\"\" class=\"wp-image-109693\"\/><\/figure>\n\n\n\n<figure class=\"wp-block-image size-full\"><img decoding=\"async\" data-id=\"109703\" src=\"https:\/\/zenkit.com\/wp-content\/uploads\/2025\/01\/fedex.svg\" alt=\"\" class=\"wp-image-109703\"\/><\/figure>\n\n\n\n<figure class=\"wp-block-image size-full\"><img decoding=\"async\" data-id=\"109713\" src=\"https:\/\/zenkit.com\/wp-content\/uploads\/2025\/01\/mozilla.svg\" alt=\"\" class=\"wp-image-109713\"\/><\/figure>\n\n\n\n<figure class=\"wp-block-image size-full\"><img decoding=\"async\" data-id=\"109723\" src=\"https:\/\/zenkit.com\/wp-content\/uploads\/2025\/01\/walmart.svg\" alt=\"\" class=\"wp-image-109723\"\/><\/figure>\n\n\n\n<figure class=\"wp-block-image size-full\"><img decoding=\"async\" data-id=\"109733\" src=\"https:\/\/zenkit.com\/wp-content\/uploads\/2025\/01\/american.svg\" alt=\"\" class=\"wp-image-109733\"\/><\/figure>\n\n\n\n<figure class=\"wp-block-image size-full\"><img decoding=\"async\" data-id=\"109743\" src=\"https:\/\/zenkit.com\/wp-content\/uploads\/2025\/01\/intel.svg\" alt=\"\" class=\"wp-image-109743\"\/><\/figure>\n\n\n\n<figure class=\"wp-block-image size-full\"><img decoding=\"async\" data-id=\"109753\" src=\"https:\/\/zenkit.com\/wp-content\/uploads\/2025\/01\/airbus-1.svg\" alt=\"\" class=\"wp-image-109753\"\/><\/figure>\n\n\n\n<figure class=\"wp-block-image size-full\"><img decoding=\"async\" data-id=\"109764\" src=\"https:\/\/zenkit.com\/wp-content\/uploads\/2025\/01\/siemens.svg\" alt=\"\" class=\"wp-image-109764\"\/><\/figure>\n\n\n\n<figure class=\"wp-block-image size-full\"><img loading=\"lazy\" decoding=\"async\" width=\"226\" height=\"150\" data-id=\"109848\" src=\"https:\/\/zenkit.com\/wp-content\/uploads\/2025\/01\/sap-2.png\" alt=\"\" class=\"wp-image-109848\"\/><\/figure>\n\n\n\n<figure class=\"wp-block-image size-full\"><img decoding=\"async\" data-id=\"109784\" src=\"https:\/\/zenkit.com\/wp-content\/uploads\/2025\/01\/pwc.svg\" alt=\"\" class=\"wp-image-109784\"\/><\/figure>\n\n\n\n<figure class=\"wp-block-image size-full\"><img decoding=\"async\" data-id=\"109794\" src=\"https:\/\/zenkit.com\/wp-content\/uploads\/2025\/01\/roche.svg\" alt=\"\" class=\"wp-image-109794\"\/><\/figure>\n\n\n\n<figure class=\"wp-block-image size-full\"><img decoding=\"async\" data-id=\"109804\" src=\"https:\/\/zenkit.com\/wp-content\/uploads\/2025\/01\/vmware.svg\" alt=\"\" class=\"wp-image-109804\"\/><\/figure>\n\n\n\n<figure class=\"wp-block-image size-full\"><img decoding=\"async\" data-id=\"109814\" src=\"https:\/\/zenkit.com\/wp-content\/uploads\/2025\/01\/stanford.svg\" alt=\"\" class=\"wp-image-109814\"\/><\/figure>\n<\/figure>\n<\/div>\n<\/div>\n<\/div>\n\n\n\n<div style=\"height:110px;--tablet-height:60px;--mobile-height:48px\" class=\"wp-block-lookeen-blocks-responsive-spacer\"><\/div>\n","protected":false},"excerpt":{"rendered":"<p>Kostenlose Beratung mit einem Experten f\u00fcr Produktivit\u00e4t In nur 20 Minuten zeigen wir Ihnen, wie Zenkit Ihre Produktivit\u00e4t steigert. Buchen Sie Ihre pers\u00f6nliche Video-Demo! Lernen Sie Zenkit kennen! In nur 20 Minuten zeigen unsere Produktexperten Ihnen, wie Sie Zenkit nutzen k\u00f6nnen und beantworten Ihnen s\u00e4mtliche Fragen. Kunden in \u00fcber 100 L\u00e4ndern vertrauen Zenkit Thomas Zerlaut [&hellip;]<\/p>\n","protected":false},"author":39,"featured_media":0,"parent":51276,"menu_order":2,"comment_status":"closed","ping_status":"closed","template":"wp-custom-template-de-page-demo","meta":{"yasr_overall_rating":0,"yasr_post_is_review":"","yasr_auto_insert_disabled":"","yasr_review_type":"","footnotes":""},"class_list":["post-99992","page","type-page","status-publish","hentry"],"yoast_head":"<!-- This site is optimized with the Yoast SEO plugin v27.3 - https:\/\/yoast.com\/product\/yoast-seo-wordpress\/ -->\n<title>Suite Demo | Zenkit<\/title>\n<meta name=\"description\" content=\"In nur 20 Minuten zeigen wir Ihnen, wie Sie Ihre Produktivit\u00e4t steigern k\u00f6nnen.\" \/>\n<meta name=\"robots\" content=\"index, follow, max-snippet:-1, max-image-preview:large, max-video-preview:-1\" \/>\n<link rel=\"canonical\" href=\"https:\/\/zenkit.com\/de\/suite\/demo\/\" \/>\n<meta property=\"og:locale\" content=\"de_DE\" \/>\n<meta property=\"og:type\" content=\"article\" \/>\n<meta property=\"og:title\" content=\"Suite Demo | Zenkit\" \/>\n<meta property=\"og:description\" content=\"In nur 20 Minuten zeigen wir Ihnen, wie Sie Ihre Produktivit\u00e4t steigern k\u00f6nnen.\" \/>\n<meta property=\"og:url\" content=\"https:\/\/zenkit.com\/de\/suite\/demo\/\" \/>\n<meta property=\"og:site_name\" content=\"Zenkit\" \/>\n<meta property=\"article:publisher\" content=\"https:\/\/www.facebook.com\/ZenkitHQ\" \/>\n<meta property=\"article:modified_time\" content=\"2025-11-04T05:53:15+00:00\" \/>\n<meta property=\"og:image\" content=\"https:\/\/zenkit.com\/wp-content\/uploads\/2025\/01\/schuba-1.png\" \/>\n\t<meta property=\"og:image:width\" content=\"180\" \/>\n\t<meta property=\"og:image:height\" content=\"180\" \/>\n\t<meta property=\"og:image:type\" content=\"image\/png\" \/>\n<meta name=\"twitter:card\" content=\"summary_large_image\" \/>\n<meta name=\"twitter:site\" content=\"@ZenkitHQ\" \/>\n<meta name=\"twitter:label1\" content=\"Gesch\u00e4tzte Lesezeit\" \/>\n\t<meta name=\"twitter:data1\" content=\"14\u00a0Minuten\" \/>\n<script type=\"application\/ld+json\" class=\"yoast-schema-graph\">{\"@context\":\"https:\\\/\\\/schema.org\",\"@graph\":[{\"@type\":\"WebPage\",\"@id\":\"https:\\\/\\\/zenkit.com\\\/de\\\/suite\\\/demo\\\/\",\"url\":\"https:\\\/\\\/zenkit.com\\\/de\\\/suite\\\/demo\\\/\",\"name\":\"Suite Demo | Zenkit\",\"isPartOf\":{\"@id\":\"https:\\\/\\\/zenkit.com\\\/de\\\/#website\"},\"primaryImageOfPage\":{\"@id\":\"https:\\\/\\\/zenkit.com\\\/de\\\/suite\\\/demo\\\/#primaryimage\"},\"image\":{\"@id\":\"https:\\\/\\\/zenkit.com\\\/de\\\/suite\\\/demo\\\/#primaryimage\"},\"thumbnailUrl\":\"https:\\\/\\\/zenkit.com\\\/wp-content\\\/uploads\\\/2025\\\/01\\\/schuba-1.png\",\"datePublished\":\"2023-08-03T08:22:43+00:00\",\"dateModified\":\"2025-11-04T05:53:15+00:00\",\"description\":\"In nur 20 Minuten zeigen wir Ihnen, wie Sie Ihre Produktivit\u00e4t steigern k\u00f6nnen.\",\"breadcrumb\":{\"@id\":\"https:\\\/\\\/zenkit.com\\\/de\\\/suite\\\/demo\\\/#breadcrumb\"},\"inLanguage\":\"de\",\"potentialAction\":[{\"@type\":\"ReadAction\",\"target\":[\"https:\\\/\\\/zenkit.com\\\/de\\\/suite\\\/demo\\\/\"]}]},{\"@type\":\"ImageObject\",\"inLanguage\":\"de\",\"@id\":\"https:\\\/\\\/zenkit.com\\\/de\\\/suite\\\/demo\\\/#primaryimage\",\"url\":\"https:\\\/\\\/zenkit.com\\\/wp-content\\\/uploads\\\/2025\\\/01\\\/schuba-1.png\",\"contentUrl\":\"https:\\\/\\\/zenkit.com\\\/wp-content\\\/uploads\\\/2025\\\/01\\\/schuba-1.png\"},{\"@type\":\"BreadcrumbList\",\"@id\":\"https:\\\/\\\/zenkit.com\\\/de\\\/suite\\\/demo\\\/#breadcrumb\",\"itemListElement\":[{\"@type\":\"ListItem\",\"position\":1,\"name\":\"Home\",\"item\":\"https:\\\/\\\/zenkit.com\\\/de\\\/\"},{\"@type\":\"ListItem\",\"position\":2,\"name\":\"Zenkit Suite\",\"item\":\"https:\\\/\\\/zenkit.com\\\/de\\\/suite\\\/\"},{\"@type\":\"ListItem\",\"position\":3,\"name\":\"Suite Demo\"}]},{\"@type\":\"WebSite\",\"@id\":\"https:\\\/\\\/zenkit.com\\\/de\\\/#website\",\"url\":\"https:\\\/\\\/zenkit.com\\\/de\\\/\",\"name\":\"Zenkit\",\"description\":\"Zenkit Tagline\",\"potentialAction\":[{\"@type\":\"SearchAction\",\"target\":{\"@type\":\"EntryPoint\",\"urlTemplate\":\"https:\\\/\\\/zenkit.com\\\/de\\\/?s={search_term_string}\"},\"query-input\":{\"@type\":\"PropertyValueSpecification\",\"valueRequired\":true,\"valueName\":\"search_term_string\"}}],\"inLanguage\":\"de\"},false]}<\/script>\n<!-- \/ Yoast SEO plugin. -->","yoast_head_json":{"title":"Suite Demo | Zenkit","description":"In nur 20 Minuten zeigen wir Ihnen, wie Sie Ihre Produktivit\u00e4t steigern k\u00f6nnen.","robots":{"index":"index","follow":"follow","max-snippet":"max-snippet:-1","max-image-preview":"max-image-preview:large","max-video-preview":"max-video-preview:-1"},"canonical":"https:\/\/zenkit.com\/de\/suite\/demo\/","og_locale":"de_DE","og_type":"article","og_title":"Suite Demo | Zenkit","og_description":"In nur 20 Minuten zeigen wir Ihnen, wie Sie Ihre Produktivit\u00e4t steigern k\u00f6nnen.","og_url":"https:\/\/zenkit.com\/de\/suite\/demo\/","og_site_name":"Zenkit","article_publisher":"https:\/\/www.facebook.com\/ZenkitHQ","article_modified_time":"2025-11-04T05:53:15+00:00","og_image":[{"width":180,"height":180,"url":"https:\/\/zenkit.com\/wp-content\/uploads\/2025\/01\/schuba-1.png","type":"image\/png"}],"twitter_card":"summary_large_image","twitter_site":"@ZenkitHQ","twitter_misc":{"Gesch\u00e4tzte Lesezeit":"14\u00a0Minuten"},"schema":{"@context":"https:\/\/schema.org","@graph":[{"@type":"WebPage","@id":"https:\/\/zenkit.com\/de\/suite\/demo\/","url":"https:\/\/zenkit.com\/de\/suite\/demo\/","name":"Suite Demo | Zenkit","isPartOf":{"@id":"https:\/\/zenkit.com\/de\/#website"},"primaryImageOfPage":{"@id":"https:\/\/zenkit.com\/de\/suite\/demo\/#primaryimage"},"image":{"@id":"https:\/\/zenkit.com\/de\/suite\/demo\/#primaryimage"},"thumbnailUrl":"https:\/\/zenkit.com\/wp-content\/uploads\/2025\/01\/schuba-1.png","datePublished":"2023-08-03T08:22:43+00:00","dateModified":"2025-11-04T05:53:15+00:00","description":"In nur 20 Minuten zeigen wir Ihnen, wie Sie Ihre Produktivit\u00e4t steigern k\u00f6nnen.","breadcrumb":{"@id":"https:\/\/zenkit.com\/de\/suite\/demo\/#breadcrumb"},"inLanguage":"de","potentialAction":[{"@type":"ReadAction","target":["https:\/\/zenkit.com\/de\/suite\/demo\/"]}]},{"@type":"ImageObject","inLanguage":"de","@id":"https:\/\/zenkit.com\/de\/suite\/demo\/#primaryimage","url":"https:\/\/zenkit.com\/wp-content\/uploads\/2025\/01\/schuba-1.png","contentUrl":"https:\/\/zenkit.com\/wp-content\/uploads\/2025\/01\/schuba-1.png"},{"@type":"BreadcrumbList","@id":"https:\/\/zenkit.com\/de\/suite\/demo\/#breadcrumb","itemListElement":[{"@type":"ListItem","position":1,"name":"Home","item":"https:\/\/zenkit.com\/de\/"},{"@type":"ListItem","position":2,"name":"Zenkit Suite","item":"https:\/\/zenkit.com\/de\/suite\/"},{"@type":"ListItem","position":3,"name":"Suite Demo"}]},{"@type":"WebSite","@id":"https:\/\/zenkit.com\/de\/#website","url":"https:\/\/zenkit.com\/de\/","name":"Zenkit","description":"Zenkit Tagline","potentialAction":[{"@type":"SearchAction","target":{"@type":"EntryPoint","urlTemplate":"https:\/\/zenkit.com\/de\/?s={search_term_string}"},"query-input":{"@type":"PropertyValueSpecification","valueRequired":true,"valueName":"search_term_string"}}],"inLanguage":"de"},false]}},"yasr_visitor_votes":{"stars_attributes":{"read_only":false,"span_bottom":false},"number_of_votes":0,"sum_votes":0},"_links":{"self":[{"href":"https:\/\/zenkit.com\/de\/wp-json\/wp\/v2\/pages\/99992","targetHints":{"allow":["GET"]}}],"collection":[{"href":"https:\/\/zenkit.com\/de\/wp-json\/wp\/v2\/pages"}],"about":[{"href":"https:\/\/zenkit.com\/de\/wp-json\/wp\/v2\/types\/page"}],"author":[{"embeddable":true,"href":"https:\/\/zenkit.com\/de\/wp-json\/wp\/v2\/users\/39"}],"replies":[{"embeddable":true,"href":"https:\/\/zenkit.com\/de\/wp-json\/wp\/v2\/comments?post=99992"}],"version-history":[{"count":8,"href":"https:\/\/zenkit.com\/de\/wp-json\/wp\/v2\/pages\/99992\/revisions"}],"predecessor-version":[{"id":166747,"href":"https:\/\/zenkit.com\/de\/wp-json\/wp\/v2\/pages\/99992\/revisions\/166747"}],"up":[{"embeddable":true,"href":"https:\/\/zenkit.com\/de\/wp-json\/wp\/v2\/pages\/51276"}],"wp:attachment":[{"href":"https:\/\/zenkit.com\/de\/wp-json\/wp\/v2\/media?parent=99992"}],"curies":[{"name":"wp","href":"https:\/\/api.w.org\/{rel}","templated":true}]}}