{"id":13641,"date":"2018-07-07T02:43:46","date_gmt":"2018-07-07T00:43:46","guid":{"rendered":"https:\/\/zenkit.com\/?page_id=13641"},"modified":"2025-12-14T23:47:50","modified_gmt":"2025-12-14T22:47:50","slug":"zenkit-launches-major-list-and-collaboration-updates-to-take-on-industry-leaders","status":"publish","type":"page","link":"https:\/\/zenkit.com\/en\/press-kit\/zenkit-launches-major-list-and-collaboration-updates-to-take-on-industry-leaders\/","title":{"rendered":"Zenkit launches major list and collaboration updates to take on industry leaders"},"content":{"rendered":"\n<div class=\"wp-block-group page__header has-global-padding is-layout-constrained wp-block-group-is-layout-constrained\">\n<div class=\"wp-block-group width--950 has-global-padding is-layout-constrained wp-block-group-is-layout-constrained\">\n<div style=\"height:45px;--tablet-height:45px;--mobile-height:16px\" class=\"wp-block-lookeen-blocks-responsive-spacer\"><\/div>\n\n\n\n<div class=\"wp-block-group has-global-padding is-layout-constrained wp-block-group-is-layout-constrained\">\n<h1 class=\"wp-block-heading has-text-align-center\" style=\"margin-bottom:8px\">Zenkit launches major list and collaboration updates to take on industry leaders<\/h1>\n<\/div>\n\n\n\n<div class=\"wp-block-group has-global-padding is-layout-constrained wp-block-group-is-layout-constrained\">\n<p class=\"has-text-align-center subheading\">Wunderlist-like features available for all users today<\/p>\n<\/div>\n\n\n\n<div style=\"height:48px;--tablet-height:36px;--mobile-height:24px\" class=\"wp-block-lookeen-blocks-responsive-spacer\"><\/div>\n<\/div>\n<\/div>\n\n\n\n<div class=\"wp-block-group has-global-padding is-layout-constrained wp-block-group-is-layout-constrained\">\n<div class=\"wp-block-columns is-layout-flex wp-container-core-columns-is-layout-28f84493 wp-block-columns-is-layout-flex\">\n<div class=\"wp-block-column is-layout-flow wp-block-column-is-layout-flow\">\n<p><strong>Thursday, October 12th, 2017 \u2013 Karlsruhe, Germany:<\/strong><br>German software producer Axonic is changing how online project management solutions are built. With its newest tool Zenkit, the company has successfully made a big step towards its overall aim of creating the first truly flexible project management platform.<\/p>\n\n\n\n<p>New to the Zenkit family of features are the adapted versions of the most famous project management solutions around: Trello and Wunderlist. Trello popularized Kanban-style workflows for online project management. Zenkit has already integrated Kanban into the application. Features such as favorites and strikethrough tasks were popularized by Wunderlist, a list making app also built in Germany. Wunderlist was acquired by Microsoft in 2012. According to techcrunch.com, Microsoft has stated that Wunderlist will soon be retired to be replaced by an alternative called \u201cToDo\u201d. With this release, Zenkit will cover both feature sets of both Kanban and list in a single tool. This will help Zenkit expand its user base even further and, at the same time, provide Kanban Board and Task List enthusiasts with a fully customizable solution with the possibility to make use of additional features.<\/p>\n\n\n\n<p>Included in the update is \u201cMy Favorites\u201d, which gives the user the power to mark items across their profile to be be viewed in one place. \u201cMy Teams\u201d provides the user with a new place to view all items assigned to the user\u2019s profile, as well as a way to view and assign items to team members. The self-explanatory \u201cTask Management\u201d add-on enables users to easily create, edit, and share to-do lists. Also, users can now import their lists directly from their Wunderlist account.<\/p>\n<\/div>\n\n\n\n<div class=\"wp-block-column is-layout-flow wp-block-column-is-layout-flow\">\n<p>Axonic Founder and CEO Martin Welker is positive about the benefit to the users of both list style apps and traditional Kanban apps. \u201cCompanies have a huge variety of tools to choose from. All of the available tools on the market have very different and specific features. We believe that, especially in the project management sector, people should have the power to decide which feature is best suited for their current situation and workflow. Users should be able to switch between these features when needed, without needing to constantly switch between software tools. With Zenkit we aim to provide the user with this flexibility in order to encourage creativity and customization.\u201d<\/p>\n\n\n\n<p>\u201cWhen Microsoft said that they were going to retire Wunderlist, we decided that we should add those features into Zenkit, too. I\u2019m very excited with how it turned out. For the first time ever, users can switch between lists and Kanban boards without losing any information. Now we can all finally get along.\u201d<\/p>\n\n\n\n<p>Zenkit has recently released its iOS app, and plans to release an Android app later this year. In the long run, Axonic plans to expand the variety of enterprise features available in Zenkit in order to enable businesses to build custom tools to run their companies on.<\/p>\n<\/div>\n<\/div>\n<\/div>\n\n\n\n<div class=\"wp-block-group has-global-padding is-layout-constrained wp-block-group-is-layout-constrained\">\n<div style=\"height:88px;--tablet-height:72px;--mobile-height:40px\" class=\"wp-block-lookeen-blocks-responsive-spacer\"><\/div>\n\n\n\n<div class=\"wp-block-group has-global-padding is-layout-constrained wp-container-core-group-is-layout-41c06ba8 wp-block-group-is-layout-constrained\">\n<figure class=\"wp-block-image aligncenter size-full box__shadow border-radius--20 overflow__hidden\"><img loading=\"lazy\" decoding=\"async\" width=\"1024\" height=\"538\" src=\"https:\/\/zenkit.com\/wp-content\/uploads\/2025\/05\/base-1024x538-1.webp\" alt=\"Zenkit f\u00fchrt wichtige Updates f\u00fcr Listen und Zusammenarbeit ein, um es mit den Branchenf\u00fchrern aufzunehmen\" class=\"wp-image-115465\" srcset=\"https:\/\/zenkit.com\/wp-content\/uploads\/2025\/05\/base-1024x538-1.webp 1024w, https:\/\/zenkit.com\/wp-content\/uploads\/2025\/05\/base-1024x538-1-300x158.webp 300w, https:\/\/zenkit.com\/wp-content\/uploads\/2025\/05\/base-1024x538-1-768x404.webp 768w\" sizes=\"auto, (max-width: 1024px) 100vw, 1024px\" \/><\/figure>\n<\/div>\n<\/div>\n\n\n\n<div style=\"height:88px;--tablet-height:72px;--mobile-height:40px\" class=\"wp-block-lookeen-blocks-responsive-spacer\"><\/div>\n\n\n\n<div class=\"wp-block-group has-global-padding is-layout-constrained wp-block-group-is-layout-constrained\">\n<div class=\"wp-block-group has-global-padding is-layout-constrained wp-container-core-group-is-layout-7cc94c3e wp-block-group-is-layout-constrained\">\n<h3 class=\"wp-block-heading has-text-align-center\" style=\"margin-bottom:8px;font-style:normal;font-weight:700\">Additional information:<\/h3>\n\n\n\n<p><a href=\"https:\/\/techcrunch.com\/2017\/04\/19\/microsoft-to-shut-down-wunderlist-in-favor-of-its-new-app-to-do\/\" target=\"_blank\" rel=\"noreferrer noopener\">https:\/\/techcrunch.com\/2017\/04\/19\/microsoft-to-shut-down-wunderlist-in-favor-of-its-new-app-to-do\/<\/a><\/p>\n\n\n\n<div style=\"height:88px;--tablet-height:72px;--mobile-height:40px\" class=\"wp-block-lookeen-blocks-responsive-spacer\"><\/div>\n\n\n\n<h3 class=\"wp-block-heading has-text-align-center\" style=\"margin-bottom:8px;font-style:normal;font-weight:700\">About Zenkit:<\/h3>\n\n\n\n<p class=\"has-text-align-center has-da-grey-2-color has-text-color has-link-color wp-elements-d741563e2d0c3034bbd7294255c42407\">Zenkit is a project management and database building platform created by Axonic GmbH in Germany. It was launched in October of 2016.<\/p>\n\n\n\n<div style=\"height:88px;--tablet-height:72px;--mobile-height:40px\" class=\"wp-block-lookeen-blocks-responsive-spacer\"><\/div>\n\n\n\n<h3 class=\"wp-block-heading has-text-align-center\" style=\"margin-bottom:8px;font-style:normal;font-weight:700\">About Axonic:<\/h3>\n\n\n\n<p class=\"has-text-align-center has-da-grey-2-color has-text-color has-link-color wp-elements-e08840f7d5b81099cd1d1ab9c1f688ae\">Axonic GmbH is a privately held software vendor focusing on technology concerning information, communication and recognition. The company is located in Karlsruhe, Germany and was founded by Martin Welker in 2003. Axonic has been successfully developing software in the areas of artificial intelligence, knowledge and information extraction for over a decade. Since 2002, their research has primarily been based on the area of \u201ccommunication intelligence\u201d \u2013 the analysis and presentation of communication. Axonic has released 6 major products that serve over 5,000,000 people around the world.<\/p>\n<\/div>\n<\/div>\n\n\n\n<div style=\"height:110px;--tablet-height:60px;--mobile-height:48px\" class=\"wp-block-lookeen-blocks-responsive-spacer\"><\/div>\n","protected":false},"excerpt":{"rendered":"<p>Zenkit launches major list and collaboration updates to take on industry leaders Wunderlist-like features available for all users today Thursday, October 12th, 2017 \u2013 Karlsruhe, Germany:German software producer Axonic is changing how online project management solutions are built. With its newest tool Zenkit, the company has successfully made a big step towards its overall aim [&hellip;]<\/p>\n","protected":false},"author":1,"featured_media":0,"parent":61504,"menu_order":0,"comment_status":"closed","ping_status":"closed","template":"","meta":{"yasr_overall_rating":0,"yasr_post_is_review":"","yasr_auto_insert_disabled":"","yasr_review_type":"","footnotes":""},"class_list":["post-13641","page","type-page","status-publish","hentry"],"yoast_head":"<!-- This site is optimized with the Yoast SEO plugin v27.3 - https:\/\/yoast.com\/product\/yoast-seo-wordpress\/ -->\n<title>Zenkit Takes on Industry Leaders with List &amp; Collaboration Updates | Zenkit<\/title>\n<meta name=\"description\" content=\"With Zenkit, Axonic has successfully made a big step towards its overall aim of creating the first truly flexible project management platform.\" \/>\n<meta name=\"robots\" content=\"index, follow, max-snippet:-1, max-image-preview:large, max-video-preview:-1\" \/>\n<link rel=\"canonical\" href=\"https:\/\/zenkit.com\/en\/press-kit\/zenkit-launches-major-list-and-collaboration-updates-to-take-on-industry-leaders\/\" \/>\n<meta property=\"og:locale\" content=\"en_US\" \/>\n<meta property=\"og:type\" content=\"article\" \/>\n<meta property=\"og:title\" content=\"Zenkit Takes on Industry Leaders with List &amp; Collaboration Updates | Zenkit\" \/>\n<meta property=\"og:description\" content=\"With Zenkit, Axonic has successfully made a big step towards its overall aim of creating the first truly flexible project management platform.\" \/>\n<meta property=\"og:url\" content=\"https:\/\/zenkit.com\/en\/press-kit\/zenkit-launches-major-list-and-collaboration-updates-to-take-on-industry-leaders\/\" \/>\n<meta property=\"og:site_name\" content=\"Zenkit\" \/>\n<meta property=\"article:publisher\" content=\"https:\/\/www.facebook.com\/ZenkitHQ\" \/>\n<meta property=\"article:modified_time\" content=\"2025-12-14T22:47:50+00:00\" \/>\n<meta property=\"og:image\" content=\"https:\/\/zenkit.com\/wp-content\/uploads\/2025\/05\/base-1024x538-1.webp\" \/>\n\t<meta property=\"og:image:width\" content=\"1024\" \/>\n\t<meta property=\"og:image:height\" content=\"538\" \/>\n\t<meta property=\"og:image:type\" content=\"image\/webp\" \/>\n<meta name=\"twitter:card\" content=\"summary_large_image\" \/>\n<meta name=\"twitter:site\" content=\"@ZenkitHQ\" \/>\n<meta name=\"twitter:label1\" content=\"Est. reading time\" \/>\n\t<meta name=\"twitter:data1\" content=\"9 minutes\" \/>\n<script type=\"application\/ld+json\" class=\"yoast-schema-graph\">{\"@context\":\"https:\\\/\\\/schema.org\",\"@graph\":[{\"@type\":\"WebPage\",\"@id\":\"https:\\\/\\\/zenkit.com\\\/en\\\/press-kit\\\/zenkit-launches-major-list-and-collaboration-updates-to-take-on-industry-leaders\\\/\",\"url\":\"https:\\\/\\\/zenkit.com\\\/en\\\/press-kit\\\/zenkit-launches-major-list-and-collaboration-updates-to-take-on-industry-leaders\\\/\",\"name\":\"Zenkit Takes on Industry Leaders with List & Collaboration Updates | Zenkit\",\"isPartOf\":{\"@id\":\"https:\\\/\\\/zenkit.com\\\/en\\\/#website\"},\"primaryImageOfPage\":{\"@id\":\"https:\\\/\\\/zenkit.com\\\/en\\\/press-kit\\\/zenkit-launches-major-list-and-collaboration-updates-to-take-on-industry-leaders\\\/#primaryimage\"},\"image\":{\"@id\":\"https:\\\/\\\/zenkit.com\\\/en\\\/press-kit\\\/zenkit-launches-major-list-and-collaboration-updates-to-take-on-industry-leaders\\\/#primaryimage\"},\"thumbnailUrl\":\"https:\\\/\\\/zenkit.com\\\/wp-content\\\/uploads\\\/2025\\\/05\\\/base-1024x538-1.webp\",\"datePublished\":\"2018-07-07T00:43:46+00:00\",\"dateModified\":\"2025-12-14T22:47:50+00:00\",\"description\":\"With Zenkit, Axonic has successfully made a big step towards its overall aim of creating the first truly flexible project management platform.\",\"breadcrumb\":{\"@id\":\"https:\\\/\\\/zenkit.com\\\/en\\\/press-kit\\\/zenkit-launches-major-list-and-collaboration-updates-to-take-on-industry-leaders\\\/#breadcrumb\"},\"inLanguage\":\"en-US\",\"potentialAction\":[{\"@type\":\"ReadAction\",\"target\":[\"https:\\\/\\\/zenkit.com\\\/en\\\/press-kit\\\/zenkit-launches-major-list-and-collaboration-updates-to-take-on-industry-leaders\\\/\"]}]},{\"@type\":\"ImageObject\",\"inLanguage\":\"en-US\",\"@id\":\"https:\\\/\\\/zenkit.com\\\/en\\\/press-kit\\\/zenkit-launches-major-list-and-collaboration-updates-to-take-on-industry-leaders\\\/#primaryimage\",\"url\":\"https:\\\/\\\/zenkit.com\\\/wp-content\\\/uploads\\\/2025\\\/05\\\/base-1024x538-1.webp\",\"contentUrl\":\"https:\\\/\\\/zenkit.com\\\/wp-content\\\/uploads\\\/2025\\\/05\\\/base-1024x538-1.webp\"},{\"@type\":\"BreadcrumbList\",\"@id\":\"https:\\\/\\\/zenkit.com\\\/en\\\/press-kit\\\/zenkit-launches-major-list-and-collaboration-updates-to-take-on-industry-leaders\\\/#breadcrumb\",\"itemListElement\":[{\"@type\":\"ListItem\",\"position\":1,\"name\":\"Home\",\"item\":\"https:\\\/\\\/zenkit.com\\\/en\\\/\"},{\"@type\":\"ListItem\",\"position\":2,\"name\":\"Press Kit\",\"item\":\"https:\\\/\\\/zenkit.com\\\/en\\\/press-kit\\\/\"},{\"@type\":\"ListItem\",\"position\":3,\"name\":\"Zenkit launches major list and collaboration updates to take on industry leaders\"}]},{\"@type\":\"WebSite\",\"@id\":\"https:\\\/\\\/zenkit.com\\\/en\\\/#website\",\"url\":\"https:\\\/\\\/zenkit.com\\\/en\\\/\",\"name\":\"Zenkit\",\"description\":\"Zenkit Tagline\",\"potentialAction\":[{\"@type\":\"SearchAction\",\"target\":{\"@type\":\"EntryPoint\",\"urlTemplate\":\"https:\\\/\\\/zenkit.com\\\/en\\\/?s={search_term_string}\"},\"query-input\":{\"@type\":\"PropertyValueSpecification\",\"valueRequired\":true,\"valueName\":\"search_term_string\"}}],\"inLanguage\":\"en-US\"},false]}<\/script>\n<!-- \/ Yoast SEO plugin. -->","yoast_head_json":{"title":"Zenkit Takes on Industry Leaders with List & Collaboration Updates | Zenkit","description":"With Zenkit, Axonic has successfully made a big step towards its overall aim of creating the first truly flexible project management platform.","robots":{"index":"index","follow":"follow","max-snippet":"max-snippet:-1","max-image-preview":"max-image-preview:large","max-video-preview":"max-video-preview:-1"},"canonical":"https:\/\/zenkit.com\/en\/press-kit\/zenkit-launches-major-list-and-collaboration-updates-to-take-on-industry-leaders\/","og_locale":"en_US","og_type":"article","og_title":"Zenkit Takes on Industry Leaders with List & Collaboration Updates | Zenkit","og_description":"With Zenkit, Axonic has successfully made a big step towards its overall aim of creating the first truly flexible project management platform.","og_url":"https:\/\/zenkit.com\/en\/press-kit\/zenkit-launches-major-list-and-collaboration-updates-to-take-on-industry-leaders\/","og_site_name":"Zenkit","article_publisher":"https:\/\/www.facebook.com\/ZenkitHQ","article_modified_time":"2025-12-14T22:47:50+00:00","og_image":[{"width":1024,"height":538,"url":"https:\/\/zenkit.com\/wp-content\/uploads\/2025\/05\/base-1024x538-1.webp","type":"image\/webp"}],"twitter_card":"summary_large_image","twitter_site":"@ZenkitHQ","twitter_misc":{"Est. reading time":"9 minutes"},"schema":{"@context":"https:\/\/schema.org","@graph":[{"@type":"WebPage","@id":"https:\/\/zenkit.com\/en\/press-kit\/zenkit-launches-major-list-and-collaboration-updates-to-take-on-industry-leaders\/","url":"https:\/\/zenkit.com\/en\/press-kit\/zenkit-launches-major-list-and-collaboration-updates-to-take-on-industry-leaders\/","name":"Zenkit Takes on Industry Leaders with List & Collaboration Updates | Zenkit","isPartOf":{"@id":"https:\/\/zenkit.com\/en\/#website"},"primaryImageOfPage":{"@id":"https:\/\/zenkit.com\/en\/press-kit\/zenkit-launches-major-list-and-collaboration-updates-to-take-on-industry-leaders\/#primaryimage"},"image":{"@id":"https:\/\/zenkit.com\/en\/press-kit\/zenkit-launches-major-list-and-collaboration-updates-to-take-on-industry-leaders\/#primaryimage"},"thumbnailUrl":"https:\/\/zenkit.com\/wp-content\/uploads\/2025\/05\/base-1024x538-1.webp","datePublished":"2018-07-07T00:43:46+00:00","dateModified":"2025-12-14T22:47:50+00:00","description":"With Zenkit, Axonic has successfully made a big step towards its overall aim of creating the first truly flexible project management platform.","breadcrumb":{"@id":"https:\/\/zenkit.com\/en\/press-kit\/zenkit-launches-major-list-and-collaboration-updates-to-take-on-industry-leaders\/#breadcrumb"},"inLanguage":"en-US","potentialAction":[{"@type":"ReadAction","target":["https:\/\/zenkit.com\/en\/press-kit\/zenkit-launches-major-list-and-collaboration-updates-to-take-on-industry-leaders\/"]}]},{"@type":"ImageObject","inLanguage":"en-US","@id":"https:\/\/zenkit.com\/en\/press-kit\/zenkit-launches-major-list-and-collaboration-updates-to-take-on-industry-leaders\/#primaryimage","url":"https:\/\/zenkit.com\/wp-content\/uploads\/2025\/05\/base-1024x538-1.webp","contentUrl":"https:\/\/zenkit.com\/wp-content\/uploads\/2025\/05\/base-1024x538-1.webp"},{"@type":"BreadcrumbList","@id":"https:\/\/zenkit.com\/en\/press-kit\/zenkit-launches-major-list-and-collaboration-updates-to-take-on-industry-leaders\/#breadcrumb","itemListElement":[{"@type":"ListItem","position":1,"name":"Home","item":"https:\/\/zenkit.com\/en\/"},{"@type":"ListItem","position":2,"name":"Press Kit","item":"https:\/\/zenkit.com\/en\/press-kit\/"},{"@type":"ListItem","position":3,"name":"Zenkit launches major list and collaboration updates to take on industry leaders"}]},{"@type":"WebSite","@id":"https:\/\/zenkit.com\/en\/#website","url":"https:\/\/zenkit.com\/en\/","name":"Zenkit","description":"Zenkit Tagline","potentialAction":[{"@type":"SearchAction","target":{"@type":"EntryPoint","urlTemplate":"https:\/\/zenkit.com\/en\/?s={search_term_string}"},"query-input":{"@type":"PropertyValueSpecification","valueRequired":true,"valueName":"search_term_string"}}],"inLanguage":"en-US"},false]}},"yasr_visitor_votes":{"stars_attributes":{"read_only":false,"span_bottom":false},"number_of_votes":0,"sum_votes":0},"_links":{"self":[{"href":"https:\/\/zenkit.com\/en\/wp-json\/wp\/v2\/pages\/13641","targetHints":{"allow":["GET"]}}],"collection":[{"href":"https:\/\/zenkit.com\/en\/wp-json\/wp\/v2\/pages"}],"about":[{"href":"https:\/\/zenkit.com\/en\/wp-json\/wp\/v2\/types\/page"}],"author":[{"embeddable":true,"href":"https:\/\/zenkit.com\/en\/wp-json\/wp\/v2\/users\/1"}],"replies":[{"embeddable":true,"href":"https:\/\/zenkit.com\/en\/wp-json\/wp\/v2\/comments?post=13641"}],"version-history":[{"count":6,"href":"https:\/\/zenkit.com\/en\/wp-json\/wp\/v2\/pages\/13641\/revisions"}],"predecessor-version":[{"id":175132,"href":"https:\/\/zenkit.com\/en\/wp-json\/wp\/v2\/pages\/13641\/revisions\/175132"}],"up":[{"embeddable":true,"href":"https:\/\/zenkit.com\/en\/wp-json\/wp\/v2\/pages\/61504"}],"wp:attachment":[{"href":"https:\/\/zenkit.com\/en\/wp-json\/wp\/v2\/media?parent=13641"}],"curies":[{"name":"wp","href":"https:\/\/api.w.org\/{rel}","templated":true}]}}