{"id":153038,"date":"2019-09-12T16:38:30","date_gmt":"2019-09-12T14:38:30","guid":{"rendered":"https:\/\/zenkit.com\/suite\/solutions\/eventplanung\/"},"modified":"2025-09-16T16:54:11","modified_gmt":"2025-09-16T14:54:11","slug":"event-management","status":"publish","type":"page","link":"https:\/\/zenkit.com\/en\/suite\/solutions\/event-management\/","title":{"rendered":"Event Management"},"content":{"rendered":"\n<div class=\"wp-block-group has-global-padding is-layout-constrained wp-block-group-is-layout-constrained\">\n<div class=\"wp-block-group width--950 has-global-padding is-layout-constrained wp-block-group-is-layout-constrained\">\n<div style=\"height:45px;--tablet-height:45px;--mobile-height:16px\" class=\"wp-block-lookeen-blocks-responsive-spacer\"><\/div>\n\n\n\n<div class=\"wp-block-group has-global-padding is-layout-constrained wp-block-group-is-layout-constrained\">\n<h1 class=\"wp-block-heading has-text-align-center\" style=\"margin-bottom:8px\">Event Management with Zenkit<\/h1>\n<\/div>\n\n\n\n<div class=\"wp-block-group has-global-padding is-layout-constrained wp-block-group-is-layout-constrained\">\n<p class=\"has-text-align-center subheading\">Big picture planning with an eye for detail<\/p>\n<\/div>\n\n\n\n<div style=\"height:48px;--tablet-height:36px;--mobile-height:24px\" class=\"wp-block-lookeen-blocks-responsive-spacer\"><\/div>\n<\/div>\n<\/div>\n\n\n\n<div class=\"wp-block-group has-global-padding is-layout-constrained wp-block-group-is-layout-constrained\">\n<div class=\"wp-block-columns is-layout-flex wp-container-core-columns-is-layout-28f84493 wp-block-columns-is-layout-flex\">\n<div class=\"wp-block-column is-layout-flow wp-block-column-is-layout-flow\">\n<p class=\"has-text-align-center\">Just like any large project, successfully managing an event requires keeping track of thousands of moving parts. Often tasked with planning, scheduling, booking, designing, and more, event managers have their work cut out for them.<\/p>\n\n\n\n<p class=\"has-text-align-center\">When it comes to event planning, organization is key. Whether it\u2019s a conference, wedding, child\u2019s birthday party, or a full-blown festival, Zenkit is up to the challenge.<\/p>\n<\/div>\n\n\n\n<div class=\"wp-block-column is-layout-flow wp-block-column-is-layout-flow\">\n<p class=\"has-text-align-center\">With Zenkit, you can plan every aspect of your event, from devising the initial event concept via mind map, to creating the master plan, planning a play-by-play of events, and even publishing the event schedule.<\/p>\n\n\n\n<p class=\"has-text-align-center\">Zenkit helps you connect the dots between staff, venues, budgets, guests, promotion, and much, much more. Use our tried and tested templates, or build your own planner with Zenkit\u2019s wide range of building blocks.<\/p>\n<\/div>\n<\/div>\n<\/div>\n\n\n\n<div class=\"wp-block-group has-global-padding is-layout-constrained wp-block-group-is-layout-constrained\">\n<div style=\"height:88px;--tablet-height:72px;--mobile-height:36px\" class=\"wp-block-lookeen-blocks-responsive-spacer\"><\/div>\n\n\n\n<div class=\"wp-block-group solutions__grid has-global-padding is-layout-constrained wp-block-group-is-layout-constrained\">\n<div class=\"wp-block-group solutions__box has-global-padding is-layout-constrained wp-block-group-is-layout-constrained\" style=\"border-radius:20px\">\n<div class=\"wp-block-group has-global-padding is-layout-constrained wp-block-group-is-layout-constrained\" style=\"margin-bottom:24px\">\n<figure class=\"wp-block-image aligncenter size-full\"><img loading=\"lazy\" decoding=\"async\" width=\"500\" height=\"296\" src=\"https:\/\/zenkit.com\/wp-content\/uploads\/2025\/05\/major-event-masterplan.webp\" alt=\"Masterplan f\u00fcr Gro\u00dfveranstaltungen\" class=\"wp-image-112381\" srcset=\"https:\/\/zenkit.com\/wp-content\/uploads\/2025\/05\/major-event-masterplan.webp 500w, https:\/\/zenkit.com\/wp-content\/uploads\/2025\/05\/major-event-masterplan-300x178.webp 300w\" sizes=\"auto, (max-width: 500px) 100vw, 500px\" \/><\/figure>\n<\/div>\n\n\n\n<div class=\"wp-block-group has-global-padding is-layout-constrained wp-container-core-group-is-layout-bdda2a7d wp-block-group-is-layout-constrained\" style=\"padding-right:30px;padding-bottom:32px;padding-left:30px\">\n<h3 class=\"wp-block-heading has-text-align-center\">Major Event Master Plan<\/h3>\n\n\n\n<p class=\"has-text-align-center has-da-grey-1-color has-text-color has-link-color wp-elements-d20d6c5f30bf1756090f9b309521457a\">Plan everything from guest access and entertainment, to catering and scheduling with Zenkit.<\/p>\n<\/div>\n<\/div>\n\n\n\n<div class=\"wp-block-group solutions__box has-global-padding is-layout-constrained wp-block-group-is-layout-constrained\" style=\"border-radius:20px\">\n<div class=\"wp-block-group has-global-padding is-layout-constrained wp-block-group-is-layout-constrained\" style=\"margin-bottom:24px\">\n<figure class=\"wp-block-image aligncenter size-full\"><img loading=\"lazy\" decoding=\"async\" width=\"500\" height=\"296\" src=\"https:\/\/zenkit.com\/wp-content\/uploads\/2025\/05\/conference.webp\" alt=\"Konferenzplanung\" class=\"wp-image-112399\" srcset=\"https:\/\/zenkit.com\/wp-content\/uploads\/2025\/05\/conference.webp 500w, https:\/\/zenkit.com\/wp-content\/uploads\/2025\/05\/conference-300x178.webp 300w\" sizes=\"auto, (max-width: 500px) 100vw, 500px\" \/><\/figure>\n<\/div>\n\n\n\n<div class=\"wp-block-group has-global-padding is-layout-constrained wp-container-core-group-is-layout-bdda2a7d wp-block-group-is-layout-constrained\" style=\"padding-right:30px;padding-bottom:32px;padding-left:30px\">\n<h3 class=\"wp-block-heading has-text-align-center\">Conference Planning<\/h3>\n\n\n\n<p class=\"has-text-align-center has-da-grey-1-color has-text-color has-link-color wp-elements-e901dabdeb02a31f9645a351110144b2\">Manage your conference in Zenkit: post schedules, manage guest attendance and track speakers, all in one place.<\/p>\n<\/div>\n<\/div>\n\n\n\n<div class=\"wp-block-group solutions__box has-global-padding is-layout-constrained wp-block-group-is-layout-constrained\" style=\"border-radius:20px\">\n<div class=\"wp-block-group has-global-padding is-layout-constrained wp-block-group-is-layout-constrained\" style=\"margin-bottom:24px\">\n<figure class=\"wp-block-image aligncenter size-full\"><img loading=\"lazy\" decoding=\"async\" width=\"500\" height=\"296\" src=\"https:\/\/zenkit.com\/wp-content\/uploads\/2025\/05\/wedding-planning.webp\" alt=\"Hochzeitsplanung\" class=\"wp-image-112409\" srcset=\"https:\/\/zenkit.com\/wp-content\/uploads\/2025\/05\/wedding-planning.webp 500w, https:\/\/zenkit.com\/wp-content\/uploads\/2025\/05\/wedding-planning-300x178.webp 300w\" sizes=\"auto, (max-width: 500px) 100vw, 500px\" \/><\/figure>\n<\/div>\n\n\n\n<div class=\"wp-block-group has-global-padding is-layout-constrained wp-container-core-group-is-layout-bdda2a7d wp-block-group-is-layout-constrained\" style=\"padding-right:30px;padding-bottom:32px;padding-left:30px\">\n<h3 class=\"wp-block-heading has-text-align-center\">Wedding Planning<\/h3>\n\n\n\n<p class=\"has-text-align-center has-da-grey-1-color has-text-color has-link-color wp-elements-b1c5942351cda434dc7cafe129953e37\">From the initial mood board, right up to the wedding day timeline. Zenkit has everything you need to plan your special day.<\/p>\n<\/div>\n<\/div>\n\n\n\n<div class=\"wp-block-group solutions__box has-global-padding is-layout-constrained wp-block-group-is-layout-constrained\" style=\"border-radius:20px\">\n<div class=\"wp-block-group has-global-padding is-layout-constrained wp-block-group-is-layout-constrained\" style=\"margin-bottom:24px\">\n<figure class=\"wp-block-image aligncenter size-full\"><img loading=\"lazy\" decoding=\"async\" width=\"500\" height=\"296\" src=\"https:\/\/zenkit.com\/wp-content\/uploads\/2025\/05\/sport-events.webp\" alt=\"Sportveranstaltungen\" class=\"wp-image-112419\" srcset=\"https:\/\/zenkit.com\/wp-content\/uploads\/2025\/05\/sport-events.webp 500w, https:\/\/zenkit.com\/wp-content\/uploads\/2025\/05\/sport-events-300x178.webp 300w\" sizes=\"auto, (max-width: 500px) 100vw, 500px\" \/><\/figure>\n<\/div>\n\n\n\n<div class=\"wp-block-group has-global-padding is-layout-constrained wp-container-core-group-is-layout-bdda2a7d wp-block-group-is-layout-constrained\" style=\"padding-right:30px;padding-bottom:32px;padding-left:30px\">\n<h3 class=\"wp-block-heading has-text-align-center\">Sport Events<\/h3>\n\n\n\n<p class=\"has-text-align-center has-da-grey-1-color has-text-color has-link-color wp-elements-e143dd0eb8e49a5e81ec045fbdcf4655\">Whether you\u2019re organizing little league playoffs or hosting a super bowl watch party, Zenkit has the tools you need to pull it off.<\/p>\n<\/div>\n<\/div>\n\n\n\n<div class=\"wp-block-group solutions__box has-global-padding is-layout-constrained wp-block-group-is-layout-constrained\" style=\"border-radius:20px\">\n<div class=\"wp-block-group has-global-padding is-layout-constrained wp-block-group-is-layout-constrained\" style=\"margin-bottom:24px\">\n<figure class=\"wp-block-image aligncenter size-full\"><img loading=\"lazy\" decoding=\"async\" width=\"500\" height=\"296\" src=\"https:\/\/zenkit.com\/wp-content\/uploads\/2025\/05\/event-marketing-1.webp\" alt=\"Event-Marketing\" class=\"wp-image-112429\" srcset=\"https:\/\/zenkit.com\/wp-content\/uploads\/2025\/05\/event-marketing-1.webp 500w, https:\/\/zenkit.com\/wp-content\/uploads\/2025\/05\/event-marketing-1-300x178.webp 300w\" sizes=\"auto, (max-width: 500px) 100vw, 500px\" \/><\/figure>\n<\/div>\n\n\n\n<div class=\"wp-block-group has-global-padding is-layout-constrained wp-container-core-group-is-layout-bdda2a7d wp-block-group-is-layout-constrained\" style=\"padding-right:30px;padding-bottom:32px;padding-left:30px\">\n<h3 class=\"wp-block-heading has-text-align-center\">Event Marketing<\/h3>\n\n\n\n<p class=\"has-text-align-center has-da-grey-1-color has-text-color has-link-color wp-elements-3e8e3b4ae67f44600e3ec2052f7beccf\">Make sure you\u2019ve got everything you need to run any event without a hitch. Handle basically anything except ticketing with Zenkit!<\/p>\n<\/div>\n<\/div>\n\n\n\n<div class=\"wp-block-group solutions__box has-global-padding is-layout-constrained wp-block-group-is-layout-constrained\" style=\"border-radius:20px\">\n<div class=\"wp-block-group has-global-padding is-layout-constrained wp-block-group-is-layout-constrained\" style=\"margin-bottom:24px\">\n<figure class=\"wp-block-image aligncenter size-full\"><img loading=\"lazy\" decoding=\"async\" width=\"500\" height=\"296\" src=\"https:\/\/zenkit.com\/wp-content\/uploads\/2025\/05\/festival-management.webp\" alt=\"Festivals\" class=\"wp-image-112439\" srcset=\"https:\/\/zenkit.com\/wp-content\/uploads\/2025\/05\/festival-management.webp 500w, https:\/\/zenkit.com\/wp-content\/uploads\/2025\/05\/festival-management-300x178.webp 300w\" sizes=\"auto, (max-width: 500px) 100vw, 500px\" \/><\/figure>\n<\/div>\n\n\n\n<div class=\"wp-block-group has-global-padding is-layout-constrained wp-container-core-group-is-layout-bdda2a7d wp-block-group-is-layout-constrained\" style=\"padding-right:30px;padding-bottom:32px;padding-left:30px\">\n<h3 class=\"wp-block-heading has-text-align-center\">Festival Management<\/h3>\n\n\n\n<p class=\"has-text-align-center has-da-grey-1-color has-text-color has-link-color wp-elements-2c61ee258fc465b7d9e8c55a7e7083ee\">From inception to the big show, coordinate everything from artist management and volunteering to security and catering.<\/p>\n<\/div>\n<\/div>\n\n\n\n<div class=\"wp-block-group solutions__box has-global-padding is-layout-constrained wp-block-group-is-layout-constrained\" style=\"border-radius:20px\">\n<div class=\"wp-block-group has-global-padding is-layout-constrained wp-block-group-is-layout-constrained\" style=\"margin-bottom:24px\">\n<figure class=\"wp-block-image aligncenter size-full\"><img loading=\"lazy\" decoding=\"async\" width=\"500\" height=\"296\" src=\"https:\/\/zenkit.com\/wp-content\/uploads\/2025\/05\/dinner-party-planning.webp\" alt=\"Dinner-Parties\" class=\"wp-image-112449\" srcset=\"https:\/\/zenkit.com\/wp-content\/uploads\/2025\/05\/dinner-party-planning.webp 500w, https:\/\/zenkit.com\/wp-content\/uploads\/2025\/05\/dinner-party-planning-300x178.webp 300w\" sizes=\"auto, (max-width: 500px) 100vw, 500px\" \/><\/figure>\n<\/div>\n\n\n\n<div class=\"wp-block-group has-global-padding is-layout-constrained wp-container-core-group-is-layout-bdda2a7d wp-block-group-is-layout-constrained\" style=\"padding-right:30px;padding-bottom:32px;padding-left:30px\">\n<h3 class=\"wp-block-heading has-text-align-center\">Dinner Party Planning<\/h3>\n\n\n\n<p class=\"has-text-align-center has-da-grey-1-color has-text-color has-link-color wp-elements-2b4caf40d6d0926e26be093b004bf909\">Sometimes a simple dinner party needs more planning than you think! Deal with guest lists, dietary requirements, recipes, and more.<\/p>\n<\/div>\n<\/div>\n\n\n\n<div class=\"wp-block-group solutions__box has-global-padding is-layout-constrained wp-block-group-is-layout-constrained\" style=\"border-radius:20px\">\n<div class=\"wp-block-group has-global-padding is-layout-constrained wp-block-group-is-layout-constrained\" style=\"margin-bottom:24px\">\n<figure class=\"wp-block-image aligncenter size-full\"><img loading=\"lazy\" decoding=\"async\" width=\"500\" height=\"296\" src=\"https:\/\/zenkit.com\/wp-content\/uploads\/2025\/05\/birthday.webp\" alt=\"Geburtstagsfeiern\" class=\"wp-image-112459\" srcset=\"https:\/\/zenkit.com\/wp-content\/uploads\/2025\/05\/birthday.webp 500w, https:\/\/zenkit.com\/wp-content\/uploads\/2025\/05\/birthday-300x178.webp 300w\" sizes=\"auto, (max-width: 500px) 100vw, 500px\" \/><\/figure>\n<\/div>\n\n\n\n<div class=\"wp-block-group has-global-padding is-layout-constrained wp-container-core-group-is-layout-bdda2a7d wp-block-group-is-layout-constrained\" style=\"padding-right:30px;padding-bottom:32px;padding-left:30px\">\n<h3 class=\"wp-block-heading has-text-align-center\">Birthday Party Planning<\/h3>\n\n\n\n<p class=\"has-text-align-center has-da-grey-1-color has-text-color has-link-color wp-elements-282ed04a4225e72d21a5ce0ef4242666\">Plan any birthday, big or small in Zenkit: track everything from guests and music to location, entertainment, staff, and decor!<\/p>\n<\/div>\n<\/div>\n<\/div>\n\n\n\n<div style=\"height:88px;--tablet-height:72px;--mobile-height:36px\" class=\"wp-block-lookeen-blocks-responsive-spacer\"><\/div>\n<\/div>\n\n\n\n<div class=\"wp-block-group has-da-blue-light-background-color has-background has-global-padding is-layout-constrained wp-container-core-group-is-layout-bea02a06 wp-block-group-is-layout-constrained\">\n<div style=\"height:88px;--tablet-height:72px;--mobile-height:36px\" class=\"wp-block-lookeen-blocks-responsive-spacer\"><\/div>\n\n\n\n<p class=\"has-text-align-center\">Whether you\u2019re planning something small for friends, managing the office Christmas party, or work as a professional event planner, Zenkit has the range and ability to help you pull off any event with success.<\/p>\n\n\n\n<div class=\"wp-block-buttons is-content-justification-center is-layout-flex wp-container-core-buttons-is-layout-a89b3969 wp-block-buttons-is-layout-flex\">\n<div class=\"wp-block-button\"><a class=\"wp-block-button__link wp-element-button\" href=\"https:\/\/app.zenkit.com\/register\" target=\"_blank\" rel=\"noreferrer noopener\">Join for Free<\/a><\/div>\n<\/div>\n\n\n\n<div style=\"height:88px;--tablet-height:72px;--mobile-height:36px\" class=\"wp-block-lookeen-blocks-responsive-spacer\"><\/div>\n<\/div>\n","protected":false},"excerpt":{"rendered":"<p>Event Management with Zenkit Big picture planning with an eye for detail Just like any large project, successfully managing an event requires keeping track of thousands of moving parts. Often tasked with planning, scheduling, booking, designing, and more, event managers have their work cut out for them. When it comes to event planning, organization is [&hellip;]<\/p>\n","protected":false},"author":5,"featured_media":0,"parent":151322,"menu_order":5,"comment_status":"closed","ping_status":"closed","template":"","meta":{"yasr_overall_rating":0,"yasr_post_is_review":"","yasr_auto_insert_disabled":"","yasr_review_type":"","footnotes":""},"class_list":["post-153038","page","type-page","status-publish","hentry"],"yoast_head":"<!-- This site is optimized with the Yoast SEO plugin v27.3 - https:\/\/yoast.com\/product\/yoast-seo-wordpress\/ -->\n<title>Event Planung | Zenkit<\/title>\n<meta name=\"description\" content=\"Sie m\u00f6chten nicht den \u00dcberblick \u00fcber Veranstaltungsorte, Budgets, G\u00e4ste, oder Werbeaktionen verlieren? Mit Zenkit planen Sie Veranstaltungen jeder Gr\u00f6\u00dfe.\" \/>\n<meta name=\"robots\" content=\"index, follow, max-snippet:-1, max-image-preview:large, max-video-preview:-1\" \/>\n<link rel=\"canonical\" href=\"https:\/\/zenkit.com\/en\/suite\/solutions\/event-management\/\" \/>\n<meta property=\"og:locale\" content=\"en_US\" \/>\n<meta property=\"og:type\" content=\"article\" \/>\n<meta property=\"og:title\" content=\"Event Planung | Zenkit\" \/>\n<meta property=\"og:description\" content=\"Sie m\u00f6chten nicht den \u00dcberblick \u00fcber Veranstaltungsorte, Budgets, G\u00e4ste, oder Werbeaktionen verlieren? Mit Zenkit planen Sie Veranstaltungen jeder Gr\u00f6\u00dfe.\" \/>\n<meta property=\"og:url\" content=\"https:\/\/zenkit.com\/en\/suite\/solutions\/event-management\/\" \/>\n<meta property=\"og:site_name\" content=\"Zenkit\" \/>\n<meta property=\"article:publisher\" content=\"https:\/\/www.facebook.com\/ZenkitHQ\" \/>\n<meta property=\"article:modified_time\" content=\"2025-09-16T14:54:11+00:00\" \/>\n<meta property=\"og:image\" content=\"https:\/\/zenkit.com\/wp-content\/uploads\/2025\/05\/major-event-masterplan.webp\" \/>\n<meta name=\"twitter:card\" content=\"summary_large_image\" \/>\n<meta name=\"twitter:site\" content=\"@ZenkitHQ\" \/>\n<meta name=\"twitter:label1\" content=\"Est. reading time\" \/>\n\t<meta name=\"twitter:data1\" content=\"23 minutes\" \/>\n<script type=\"application\/ld+json\" class=\"yoast-schema-graph\">{\"@context\":\"https:\\\/\\\/schema.org\",\"@graph\":[{\"@type\":\"WebPage\",\"@id\":\"https:\\\/\\\/zenkit.com\\\/en\\\/suite\\\/solutions\\\/event-management\\\/\",\"url\":\"https:\\\/\\\/zenkit.com\\\/en\\\/suite\\\/solutions\\\/event-management\\\/\",\"name\":\"Event Planung | Zenkit\",\"isPartOf\":{\"@id\":\"https:\\\/\\\/zenkit.com\\\/en\\\/#website\"},\"primaryImageOfPage\":{\"@id\":\"https:\\\/\\\/zenkit.com\\\/en\\\/suite\\\/solutions\\\/event-management\\\/#primaryimage\"},\"image\":{\"@id\":\"https:\\\/\\\/zenkit.com\\\/en\\\/suite\\\/solutions\\\/event-management\\\/#primaryimage\"},\"thumbnailUrl\":\"https:\\\/\\\/zenkit.com\\\/wp-content\\\/uploads\\\/2025\\\/05\\\/major-event-masterplan.webp\",\"datePublished\":\"2019-09-12T14:38:30+00:00\",\"dateModified\":\"2025-09-16T14:54:11+00:00\",\"description\":\"Sie m\u00f6chten nicht den \u00dcberblick \u00fcber Veranstaltungsorte, Budgets, G\u00e4ste, oder Werbeaktionen verlieren? Mit Zenkit planen Sie Veranstaltungen jeder Gr\u00f6\u00dfe.\",\"breadcrumb\":{\"@id\":\"https:\\\/\\\/zenkit.com\\\/en\\\/suite\\\/solutions\\\/event-management\\\/#breadcrumb\"},\"inLanguage\":\"en-US\",\"potentialAction\":[{\"@type\":\"ReadAction\",\"target\":[\"https:\\\/\\\/zenkit.com\\\/en\\\/suite\\\/solutions\\\/event-management\\\/\"]}]},{\"@type\":\"ImageObject\",\"inLanguage\":\"en-US\",\"@id\":\"https:\\\/\\\/zenkit.com\\\/en\\\/suite\\\/solutions\\\/event-management\\\/#primaryimage\",\"url\":\"https:\\\/\\\/zenkit.com\\\/wp-content\\\/uploads\\\/2025\\\/05\\\/major-event-masterplan.webp\",\"contentUrl\":\"https:\\\/\\\/zenkit.com\\\/wp-content\\\/uploads\\\/2025\\\/05\\\/major-event-masterplan.webp\"},{\"@type\":\"BreadcrumbList\",\"@id\":\"https:\\\/\\\/zenkit.com\\\/en\\\/suite\\\/solutions\\\/event-management\\\/#breadcrumb\",\"itemListElement\":[{\"@type\":\"ListItem\",\"position\":1,\"name\":\"Home\",\"item\":\"https:\\\/\\\/zenkit.com\\\/en\\\/\"},{\"@type\":\"ListItem\",\"position\":2,\"name\":\"Zenkit Suite\",\"item\":\"https:\\\/\\\/zenkit.com\\\/en\\\/suite\\\/\"},{\"@type\":\"ListItem\",\"position\":3,\"name\":\"Solutions (suite)\",\"item\":\"https:\\\/\\\/zenkit.com\\\/en\\\/suite\\\/solutions\\\/\"},{\"@type\":\"ListItem\",\"position\":4,\"name\":\"Event Management\"}]},{\"@type\":\"WebSite\",\"@id\":\"https:\\\/\\\/zenkit.com\\\/en\\\/#website\",\"url\":\"https:\\\/\\\/zenkit.com\\\/en\\\/\",\"name\":\"Zenkit\",\"description\":\"Zenkit Tagline\",\"potentialAction\":[{\"@type\":\"SearchAction\",\"target\":{\"@type\":\"EntryPoint\",\"urlTemplate\":\"https:\\\/\\\/zenkit.com\\\/en\\\/?s={search_term_string}\"},\"query-input\":{\"@type\":\"PropertyValueSpecification\",\"valueRequired\":true,\"valueName\":\"search_term_string\"}}],\"inLanguage\":\"en-US\"},false]}<\/script>\n<!-- \/ Yoast SEO plugin. -->","yoast_head_json":{"title":"Event Planung | Zenkit","description":"Sie m\u00f6chten nicht den \u00dcberblick \u00fcber Veranstaltungsorte, Budgets, G\u00e4ste, oder Werbeaktionen verlieren? Mit Zenkit planen Sie Veranstaltungen jeder Gr\u00f6\u00dfe.","robots":{"index":"index","follow":"follow","max-snippet":"max-snippet:-1","max-image-preview":"max-image-preview:large","max-video-preview":"max-video-preview:-1"},"canonical":"https:\/\/zenkit.com\/en\/suite\/solutions\/event-management\/","og_locale":"en_US","og_type":"article","og_title":"Event Planung | Zenkit","og_description":"Sie m\u00f6chten nicht den \u00dcberblick \u00fcber Veranstaltungsorte, Budgets, G\u00e4ste, oder Werbeaktionen verlieren? Mit Zenkit planen Sie Veranstaltungen jeder Gr\u00f6\u00dfe.","og_url":"https:\/\/zenkit.com\/en\/suite\/solutions\/event-management\/","og_site_name":"Zenkit","article_publisher":"https:\/\/www.facebook.com\/ZenkitHQ","article_modified_time":"2025-09-16T14:54:11+00:00","og_image":[{"url":"https:\/\/zenkit.com\/wp-content\/uploads\/2025\/05\/major-event-masterplan.webp","type":"","width":"","height":""}],"twitter_card":"summary_large_image","twitter_site":"@ZenkitHQ","twitter_misc":{"Est. reading time":"23 minutes"},"schema":{"@context":"https:\/\/schema.org","@graph":[{"@type":"WebPage","@id":"https:\/\/zenkit.com\/en\/suite\/solutions\/event-management\/","url":"https:\/\/zenkit.com\/en\/suite\/solutions\/event-management\/","name":"Event Planung | Zenkit","isPartOf":{"@id":"https:\/\/zenkit.com\/en\/#website"},"primaryImageOfPage":{"@id":"https:\/\/zenkit.com\/en\/suite\/solutions\/event-management\/#primaryimage"},"image":{"@id":"https:\/\/zenkit.com\/en\/suite\/solutions\/event-management\/#primaryimage"},"thumbnailUrl":"https:\/\/zenkit.com\/wp-content\/uploads\/2025\/05\/major-event-masterplan.webp","datePublished":"2019-09-12T14:38:30+00:00","dateModified":"2025-09-16T14:54:11+00:00","description":"Sie m\u00f6chten nicht den \u00dcberblick \u00fcber Veranstaltungsorte, Budgets, G\u00e4ste, oder Werbeaktionen verlieren? Mit Zenkit planen Sie Veranstaltungen jeder Gr\u00f6\u00dfe.","breadcrumb":{"@id":"https:\/\/zenkit.com\/en\/suite\/solutions\/event-management\/#breadcrumb"},"inLanguage":"en-US","potentialAction":[{"@type":"ReadAction","target":["https:\/\/zenkit.com\/en\/suite\/solutions\/event-management\/"]}]},{"@type":"ImageObject","inLanguage":"en-US","@id":"https:\/\/zenkit.com\/en\/suite\/solutions\/event-management\/#primaryimage","url":"https:\/\/zenkit.com\/wp-content\/uploads\/2025\/05\/major-event-masterplan.webp","contentUrl":"https:\/\/zenkit.com\/wp-content\/uploads\/2025\/05\/major-event-masterplan.webp"},{"@type":"BreadcrumbList","@id":"https:\/\/zenkit.com\/en\/suite\/solutions\/event-management\/#breadcrumb","itemListElement":[{"@type":"ListItem","position":1,"name":"Home","item":"https:\/\/zenkit.com\/en\/"},{"@type":"ListItem","position":2,"name":"Zenkit Suite","item":"https:\/\/zenkit.com\/en\/suite\/"},{"@type":"ListItem","position":3,"name":"Solutions (suite)","item":"https:\/\/zenkit.com\/en\/suite\/solutions\/"},{"@type":"ListItem","position":4,"name":"Event Management"}]},{"@type":"WebSite","@id":"https:\/\/zenkit.com\/en\/#website","url":"https:\/\/zenkit.com\/en\/","name":"Zenkit","description":"Zenkit Tagline","potentialAction":[{"@type":"SearchAction","target":{"@type":"EntryPoint","urlTemplate":"https:\/\/zenkit.com\/en\/?s={search_term_string}"},"query-input":{"@type":"PropertyValueSpecification","valueRequired":true,"valueName":"search_term_string"}}],"inLanguage":"en-US"},false]}},"yasr_visitor_votes":{"stars_attributes":{"read_only":false,"span_bottom":false},"number_of_votes":0,"sum_votes":0},"_links":{"self":[{"href":"https:\/\/zenkit.com\/en\/wp-json\/wp\/v2\/pages\/153038","targetHints":{"allow":["GET"]}}],"collection":[{"href":"https:\/\/zenkit.com\/en\/wp-json\/wp\/v2\/pages"}],"about":[{"href":"https:\/\/zenkit.com\/en\/wp-json\/wp\/v2\/types\/page"}],"author":[{"embeddable":true,"href":"https:\/\/zenkit.com\/en\/wp-json\/wp\/v2\/users\/5"}],"replies":[{"embeddable":true,"href":"https:\/\/zenkit.com\/en\/wp-json\/wp\/v2\/comments?post=153038"}],"version-history":[{"count":1,"href":"https:\/\/zenkit.com\/en\/wp-json\/wp\/v2\/pages\/153038\/revisions"}],"predecessor-version":[{"id":153040,"href":"https:\/\/zenkit.com\/en\/wp-json\/wp\/v2\/pages\/153038\/revisions\/153040"}],"up":[{"embeddable":true,"href":"https:\/\/zenkit.com\/en\/wp-json\/wp\/v2\/pages\/151322"}],"wp:attachment":[{"href":"https:\/\/zenkit.com\/en\/wp-json\/wp\/v2\/media?parent=153038"}],"curies":[{"name":"wp","href":"https:\/\/api.w.org\/{rel}","templated":true}]}}