{"id":58622,"date":"2021-03-18T09:56:53","date_gmt":"2021-03-18T08:56:53","guid":{"rendered":"https:\/\/zenkit.com\/?page_id=58622"},"modified":"2025-11-03T08:13:15","modified_gmt":"2025-11-03T07:13:15","slug":"awo-giessen","status":"publish","type":"page","link":"https:\/\/zenkit.com\/en\/customer-stories\/awo-giessen\/","title":{"rendered":"AWO Gie\u00dfen"},"content":{"rendered":"\n<div class=\"wp-block-group page__header has-global-padding is-layout-constrained wp-block-group-is-layout-constrained\">\n<div class=\"wp-block-group width--950 has-global-padding is-layout-constrained wp-block-group-is-layout-constrained\">\n<div style=\"height:45px;--tablet-height:45px;--mobile-height:16px\" class=\"wp-block-lookeen-blocks-responsive-spacer\"><\/div>\n\n\n\n<div class=\"wp-block-group has-global-padding is-layout-constrained wp-block-group-is-layout-constrained\">\n<h1 class=\"wp-block-heading has-text-align-center\" style=\"margin-bottom:8px\">Success Story: AWO in Gie\u00dfen<\/h1>\n<\/div>\n\n\n\n<div class=\"wp-block-group has-global-padding is-layout-constrained wp-container-core-group-is-layout-ebe15cfa wp-block-group-is-layout-constrained\">\n<p class=\"has-text-align-center subheading\">Arbeiterwohlfahrt Bundesverband (AWO) in Gie\u00dfen cuts time spent managing projects with Zenkit<\/p>\n<\/div>\n\n\n\n<div style=\"height:48px;--tablet-height:36px;--mobile-height:24px\" class=\"wp-block-lookeen-blocks-responsive-spacer\"><\/div>\n\n\n\n<section class=\"wp-block-group da-banner-customer-story-pattern is-layout-flow wp-block-group-is-layout-flow\">\n<div class=\"wp-block-group container container--small is-layout-flow wp-block-group-is-layout-flow\">\n<div class=\"wp-block-group da-banner-customer-story-pattern__image-wrapper is-layout-flow wp-block-group-is-layout-flow\">\n<figure class=\"wp-block-image\" style=\"margin-top:0px;margin-bottom:0px\"><img decoding=\"async\" src=\"https:\/\/zenkit.com\/wp-content\/uploads\/2021\/03\/awo_team_innovationsmanagement-2-1.png\" alt=\"Erfolgsgeschichte: AWO in Gie\u00dfen\"\/><\/figure>\n\n\n\n<figure class=\"wp-block-image da-banner-customer-story-pattern__logo\"><img decoding=\"async\" src=\"https:\/\/zenkit.com\/wp-content\/uploads\/2021\/04\/awo-giessen.jpg\" alt=\"awo logo\"\/><\/figure>\n<\/div>\n<\/div>\n<\/section>\n\n\n\n<div style=\"height:88px;--tablet-height:72px;--mobile-height:40px\" class=\"wp-block-lookeen-blocks-responsive-spacer\"><\/div>\n\n\n\n<p class=\"has-text-align-center\"><strong>AWO in Gie\u00dfen is a local member of the German registered non-profit organization, Arbeiterwohlfahrt Bundesverband (AWO). They provide welfare services and support senior citizens and children in need with compassion and respect.<\/strong><\/p>\n\n\n\n<p class=\"has-text-align-center\"><strong>To ensure an optimal workflow for running various events and projects, AWO in Gie\u00dfen has used our project management solution, Zenkit Base, in their team for over 2 years. Today, Roland Scheld, their Head of Senior Citizens Department &amp; Innovation Management, will share the story of how Zenkit has helped them optimize their processes and improve their service to the community.<\/strong><\/p>\n<\/div>\n\n\n\n<div style=\"height:88px;--tablet-height:72px;--mobile-height:40px\" class=\"wp-block-lookeen-blocks-responsive-spacer\"><\/div>\n<\/div>\n\n\n\n<section class=\"wp-block-group da-columns-cards has-global-padding is-layout-constrained wp-block-group-is-layout-constrained\">\n<div class=\"wp-block-group container has-global-padding is-layout-constrained wp-block-group-is-layout-constrained\">\n<div class=\"wp-block-columns is-not-stacked-on-mobile is-layout-flex wp-container-core-columns-is-layout-28f84493 wp-block-columns-is-layout-flex\">\n<div class=\"wp-block-column is-layout-flow wp-block-column-is-layout-flow\">\n<figure class=\"wp-block-image aligncenter size-full\"><img decoding=\"async\" src=\"https:\/\/zenkit.com\/wp-content\/uploads\/2025\/03\/loca-1.svg\" alt=\"location pin\" class=\"wp-image-111491\"\/><\/figure>\n\n\n\n<p class=\"has-text-align-center is-style-default\">Gie\u00dfen,<br>Germany<\/p>\n<\/div>\n\n\n\n<div class=\"wp-block-column is-layout-flow wp-block-column-is-layout-flow\">\n<figure class=\"wp-block-image aligncenter size-full\"><img decoding=\"async\" src=\"https:\/\/zenkit.com\/wp-content\/uploads\/2025\/03\/loca-2.svg\" alt=\"people\" class=\"wp-image-111501\"\/><\/figure>\n\n\n\n<p class=\"has-text-align-center\">480<br>employees<\/p>\n<\/div>\n\n\n\n<div class=\"wp-block-column is-layout-flow wp-block-column-is-layout-flow\">\n<figure class=\"wp-block-image aligncenter size-full\"><img decoding=\"async\" src=\"https:\/\/zenkit.com\/wp-content\/uploads\/2025\/03\/loca-3.svg\" alt=\"website\" class=\"wp-image-111511\"\/><\/figure>\n\n\n\n<p class=\"has-text-align-center link_style-inherit\"><a href=\"http:\/\/www.awo-giessen.org\" target=\"_blank\" rel=\"noreferrer noopener\">www.awo-giessen.org<\/a><\/p>\n<\/div>\n\n\n\n<div class=\"wp-block-column is-layout-flow wp-block-column-is-layout-flow\">\n<figure class=\"wp-block-image aligncenter size-full\"><img decoding=\"async\" src=\"https:\/\/zenkit.com\/wp-content\/uploads\/2025\/03\/loca-4.svg\" alt=\"Time\" class=\"wp-image-111521\"\/><\/figure>\n\n\n\n<p class=\"has-text-align-center\">2 years using<br>Zenkit Base<\/p>\n<\/div>\n\n\n\n<div class=\"wp-block-column is-layout-flow wp-block-column-is-layout-flow\">\n<figure class=\"wp-block-image aligncenter size-full\"><img decoding=\"async\" src=\"https:\/\/zenkit.com\/wp-content\/uploads\/2025\/03\/loca-5.svg\" alt=\"Project Management, documentation\n&amp; team communication\" class=\"wp-image-111531\"\/><\/figure>\n\n\n\n<p class=\"has-text-align-center\">Project management, task management and relational database<\/p>\n<\/div>\n<\/div>\n<\/div>\n<\/section>\n\n\n\n<div class=\"wp-block-group has-global-padding is-layout-constrained wp-block-group-is-layout-constrained\">\n<div style=\"height:88px;--tablet-height:72px;--mobile-height:40px\" class=\"wp-block-lookeen-blocks-responsive-spacer\"><\/div>\n\n\n\n<div class=\"wp-block-columns is-style-default is-layout-flex wp-container-core-columns-is-layout-2eb748b2 wp-block-columns-is-layout-flex\" style=\"margin-top:0px;margin-bottom:0px\">\n<div class=\"wp-block-column is-layout-flow wp-block-column-is-layout-flow\">\n<h2 class=\"wp-block-heading\" style=\"margin-top:0;margin-right:0;margin-bottom:0;margin-left:0\">\u201cManaging complex projects on one platform is easy with Zenkit\u2019s rich views.\u201d<\/h2>\n\n\n\n<div style=\"height:24px;--tablet-height:24px;--mobile-height:24px\" class=\"wp-block-lookeen-blocks-responsive-spacer\"><\/div>\n\n\n\n<hr class=\"wp-block-separator has-alpha-channel-opacity is-style-colored-line\"\/>\n<\/div>\n\n\n\n<div class=\"wp-block-column is-layout-flow wp-block-column-is-layout-flow\">\n<p>AWO in Gie\u00dfen primarily use Zenkit Base to help them overcome the challenges faced in managing multiple projects simultaneously. Roland indicated that Zenkit\u2019s varied and rich views have enabled them to conduct their projects more successfully.<\/p>\n\n\n\n<p>To carry out their projects, AWO in Gie\u00dfen have created various essential collections in Zenkit, including project plans, a team member directory, a global project calendar, and a project file &amp; document archive. With each collection, they\u2019re able to choose a suitable view to display its data.<\/p>\n\n\n\n<p>For instance, because the Wiki view provides a clear way to structure information and bring every team member on the same page, the Wiki view is used for their project &amp; subproject plans, and project topics collections, where a clear and thorough understanding of the material is essential. Meanwhile, they consider the list view more suitable for the team member directory and the project file and document archive, since the information doesn\u2019t need to be so structured and can be easily searched and filtered. Last but not least, when dealing with day-to-day task and project management, the Kanban view helps them easily visualize and track tasks under different stages.<\/p>\n\n\n\n<p>With Zenkit\u2019s rich views, AWO in Gie\u00dfen don\u2019t have to compromise by trying to fit all of their data into one fixed structure, or use many different tools to achieve the same success.<\/p>\n<\/div>\n<\/div>\n<\/div>\n\n\n\n<div style=\"height:88px;--tablet-height:72px;--mobile-height:40px\" class=\"wp-block-lookeen-blocks-responsive-spacer\"><\/div>\n\n\n\n<div class=\"wp-block-group has-global-padding is-layout-constrained wp-block-group-is-layout-constrained\">\n<div class=\"wp-block-columns is-style-da-column-order-reverse is-layout-flex wp-container-core-columns-is-layout-2eb748b2 wp-block-columns-is-layout-flex\" style=\"margin-top:0px;margin-bottom:0px\">\n<div class=\"wp-block-column is-layout-flow wp-block-column-is-layout-flow\">\n<p>In order to manage their various projects, databases, and team wikis, AWO in Gie\u00dfen use multiple collections separated by purpose-specific workspaces. The team makes considerable use of Zenkit\u2019s reference feature to connect different but relevant collections with each other.<\/p>\n\n\n\n<p>For instance, they link their project plan collection to the project tasks collection, so they always can track precisely which part of the plan a task contributes to. In this way, they\u2019re able to closely track the progress of various projects without cluttering their plan overviews with minor tasks and to-dos.<\/p>\n\n\n\n<p>Of course, the reference feature is just one of many powerful Zenkit features. Other features, such as the aggregation of referenced items across collections, are also specifically mentioned. Roland also pointed out that the intuitive and user-friendly design of the UI makes it easy for the team to create the small databases they need to build to keep their projects running smoothly.<\/p>\n<\/div>\n\n\n\n<div class=\"wp-block-column is-layout-flow wp-block-column-is-layout-flow\">\n<h2 class=\"wp-block-heading\" style=\"margin-top:0;margin-right:0;margin-bottom:0;margin-left:0\">\u201cThe reference feature stood out as it helps us to cleverly connect different collections.\u201d<\/h2>\n\n\n\n<div style=\"height:24px;--tablet-height:24px;--mobile-height:24px\" class=\"wp-block-lookeen-blocks-responsive-spacer\"><\/div>\n\n\n\n<hr class=\"wp-block-separator has-alpha-channel-opacity is-style-colored-line\"\/>\n<\/div>\n<\/div>\n<\/div>\n\n\n\n<div class=\"wp-block-group has-global-padding is-layout-constrained wp-block-group-is-layout-constrained\">\n<div style=\"height:88px;--tablet-height:72px;--mobile-height:40px\" class=\"wp-block-lookeen-blocks-responsive-spacer\"><\/div>\n\n\n\n<div class=\"wp-block-group has-global-padding is-layout-constrained wp-container-core-group-is-layout-61f7a5d6 wp-block-group-is-layout-constrained\">\n<figure class=\"wp-block-image size-full\"><img loading=\"lazy\" decoding=\"async\" width=\"660\" height=\"444\" src=\"https:\/\/zenkit.com\/wp-content\/uploads\/2025\/03\/Albert-Osswald-Giesen-1.jpg\" alt=\"awo building\" class=\"wp-image-111561\" srcset=\"https:\/\/zenkit.com\/wp-content\/uploads\/2025\/03\/Albert-Osswald-Giesen-1.jpg 660w, https:\/\/zenkit.com\/wp-content\/uploads\/2025\/03\/Albert-Osswald-Giesen-1-300x202.jpg 300w\" sizes=\"auto, (max-width: 660px) 100vw, 660px\" \/><\/figure>\n<\/div>\n\n\n\n<div style=\"height:88px;--tablet-height:72px;--mobile-height:40px\" class=\"wp-block-lookeen-blocks-responsive-spacer\"><\/div>\n<\/div>\n\n\n\n<div class=\"wp-block-group has-global-padding is-layout-constrained wp-block-group-is-layout-constrained\">\n<div class=\"wp-block-columns is-style-default is-layout-flex wp-container-core-columns-is-layout-2eb748b2 wp-block-columns-is-layout-flex\" style=\"margin-top:0px;margin-bottom:0px\">\n<div class=\"wp-block-column is-layout-flow wp-block-column-is-layout-flow\">\n<h2 class=\"wp-block-heading\" style=\"margin-top:0;margin-right:0;margin-bottom:0;margin-left:0\">\u201cZenkit allows us to quickly gain a clear overview by automa- tically calculating the numerical data.\u201d<\/h2>\n\n\n\n<div style=\"height:24px;--tablet-height:24px;--mobile-height:24px\" class=\"wp-block-lookeen-blocks-responsive-spacer\"><\/div>\n\n\n\n<hr class=\"wp-block-separator has-alpha-channel-opacity is-style-colored-line\"\/>\n<\/div>\n\n\n\n<div class=\"wp-block-column is-layout-flow wp-block-column-is-layout-flow\">\n<p>Employees in AWO in Gie\u00dfen log their time spent working on each project in Zenkit. With the help of Zenkit\u2019s aggregation and formula functions, the total time spent on a project, breakdown of hours per employee, hours per task, and much more are calculated automatically. This means that managers can have a quick overview of these figures without having to manually calculate them, or depend on external reporting software.<\/p>\n\n\n\n<p>Thanks to the clarity delivered by these functions, AWO in Gie\u00dfen\u2019s project managers are able to track their projects, and plan and reallocate resources more efficiently.<\/p>\n<\/div>\n<\/div>\n\n\n\n<div style=\"height:88px;--tablet-height:72px;--mobile-height:40px\" class=\"wp-block-lookeen-blocks-responsive-spacer\"><\/div>\n\n\n\n<div class=\"wp-block-columns is-style-da-column-order-reverse is-layout-flex wp-container-core-columns-is-layout-2eb748b2 wp-block-columns-is-layout-flex\" style=\"margin-top:0px;margin-bottom:0px\">\n<div class=\"wp-block-column is-layout-flow wp-block-column-is-layout-flow\">\n<p>Last but not least, Roland concluded that utilizing Zenkit results in reducing both the planned and actual time spent on entire projects. He attributed this achievement to Zenkit, since Zenkit brings clarity and simplicity into each stage of their project management. That includes the monitoring and improving of processes, and the reduction of time spent for planning, executing, monitoring, revising to finally closing projects. With its powerful yet easy-to-use features, AWO in Gie\u00dfen found Zenkit the ideal tool to improve their work efficiency and stay productive!<\/p>\n<\/div>\n\n\n\n<div class=\"wp-block-column is-layout-flow wp-block-column-is-layout-flow\">\n<h2 class=\"wp-block-heading\" style=\"margin-top:0;margin-right:0;margin-bottom:0;margin-left:0\">\u201cWe improve our team\u2019s time management with Zenkit.\u201d<\/h2>\n\n\n\n<div style=\"height:24px;--tablet-height:24px;--mobile-height:24px\" class=\"wp-block-lookeen-blocks-responsive-spacer\"><\/div>\n\n\n\n<hr class=\"wp-block-separator has-alpha-channel-opacity is-style-colored-line\"\/>\n<\/div>\n<\/div>\n<\/div>\n\n\n\n<div style=\"height:88px;--tablet-height:72px;--mobile-height:40px\" class=\"wp-block-lookeen-blocks-responsive-spacer\"><\/div>\n\n\n\n<div class=\"wp-block-group has-global-padding is-layout-constrained wp-block-group-is-layout-constrained\">\n<div class=\"wp-block-buttons is-content-justification-center is-layout-flex wp-container-core-buttons-is-layout-a89b3969 wp-block-buttons-is-layout-flex\">\n<div class=\"wp-block-button is-style-rainbow\"><a class=\"wp-block-button__link wp-element-button\" href=\"https:\/\/zenkit.com\/wp-content\/uploads\/2023\/09\/zenkit-customer-story-awo-giessen-en.pdf\" target=\"_blank\" rel=\"noreferrer noopener\"><span>Download PDF<\/span><\/a><\/div>\n<\/div>\n<\/div>\n\n\n\n<div style=\"height:110px;--tablet-height:60px;--mobile-height:48px\" class=\"wp-block-lookeen-blocks-responsive-spacer\"><\/div>\n\n\n\n<div style=\"height:110px;--tablet-height:60px;--mobile-height:60px\" class=\"wp-block-lookeen-blocks-responsive-spacer\"><\/div>\n","protected":false},"excerpt":{"rendered":"<p>Success Story: AWO in Gie\u00dfen Arbeiterwohlfahrt Bundesverband (AWO) in Gie\u00dfen cuts time spent managing projects with Zenkit AWO in Gie\u00dfen is a local member of the German registered non-profit organization, Arbeiterwohlfahrt Bundesverband (AWO). They provide welfare services and support senior citizens and children in need with compassion and respect. To ensure an optimal workflow for [&hellip;]<\/p>\n","protected":false},"author":28,"featured_media":0,"parent":57403,"menu_order":0,"comment_status":"closed","ping_status":"closed","template":"","meta":{"yasr_overall_rating":0,"yasr_post_is_review":"","yasr_auto_insert_disabled":"","yasr_review_type":"","footnotes":""},"class_list":["post-58622","page","type-page","status-publish","hentry"],"yoast_head":"<!-- This site is optimized with the Yoast SEO plugin v27.3 - https:\/\/yoast.com\/product\/yoast-seo-wordpress\/ -->\n<title>AWO Gie\u00dfen | Zenkit<\/title>\n<meta name=\"robots\" content=\"index, follow, max-snippet:-1, max-image-preview:large, max-video-preview:-1\" \/>\n<link rel=\"canonical\" href=\"https:\/\/zenkit.com\/en\/customer-stories\/awo-giessen\/\" \/>\n<meta property=\"og:locale\" content=\"en_US\" \/>\n<meta property=\"og:type\" content=\"article\" \/>\n<meta property=\"og:title\" content=\"AWO Gie\u00dfen | Zenkit\" \/>\n<meta property=\"og:description\" content=\"Success Story: AWO in Gie\u00dfen Arbeiterwohlfahrt Bundesverband (AWO) in Gie\u00dfen cuts time spent managing projects with Zenkit AWO in Gie\u00dfen is a local member of the German registered non-profit organization, Arbeiterwohlfahrt Bundesverband (AWO). They provide welfare services and support senior citizens and children in need with compassion and respect. To ensure an optimal workflow for [&hellip;]\" \/>\n<meta property=\"og:url\" content=\"https:\/\/zenkit.com\/en\/customer-stories\/awo-giessen\/\" \/>\n<meta property=\"og:site_name\" content=\"Zenkit\" \/>\n<meta property=\"article:publisher\" content=\"https:\/\/www.facebook.com\/ZenkitHQ\" \/>\n<meta property=\"article:modified_time\" content=\"2025-11-03T07:13:15+00:00\" \/>\n<meta property=\"og:image\" content=\"https:\/\/zenkit.com\/wp-content\/uploads\/2021\/04\/awo-social.png\" \/>\n\t<meta property=\"og:image:width\" content=\"1101\" \/>\n\t<meta property=\"og:image:height\" content=\"760\" \/>\n\t<meta property=\"og:image:type\" content=\"image\/png\" \/>\n<meta name=\"twitter:card\" content=\"summary_large_image\" \/>\n<meta name=\"twitter:image\" content=\"https:\/\/zenkit.com\/wp-content\/uploads\/2021\/04\/awo-social.png\" \/>\n<meta name=\"twitter:site\" content=\"@ZenkitHQ\" \/>\n<meta name=\"twitter:label1\" content=\"Est. reading time\" \/>\n\t<meta name=\"twitter:data1\" content=\"34 minutes\" \/>\n<script type=\"application\/ld+json\" class=\"yoast-schema-graph\">{\"@context\":\"https:\\\/\\\/schema.org\",\"@graph\":[{\"@type\":\"WebPage\",\"@id\":\"https:\\\/\\\/zenkit.com\\\/en\\\/customer-stories\\\/awo-giessen\\\/\",\"url\":\"https:\\\/\\\/zenkit.com\\\/en\\\/customer-stories\\\/awo-giessen\\\/\",\"name\":\"AWO Gie\u00dfen | Zenkit\",\"isPartOf\":{\"@id\":\"https:\\\/\\\/zenkit.com\\\/en\\\/#website\"},\"primaryImageOfPage\":{\"@id\":\"https:\\\/\\\/zenkit.com\\\/en\\\/customer-stories\\\/awo-giessen\\\/#primaryimage\"},\"image\":{\"@id\":\"https:\\\/\\\/zenkit.com\\\/en\\\/customer-stories\\\/awo-giessen\\\/#primaryimage\"},\"thumbnailUrl\":\"https:\\\/\\\/zenkit.com\\\/wp-content\\\/uploads\\\/2021\\\/03\\\/awo_team_innovationsmanagement-2-1.png\",\"datePublished\":\"2021-03-18T08:56:53+00:00\",\"dateModified\":\"2025-11-03T07:13:15+00:00\",\"breadcrumb\":{\"@id\":\"https:\\\/\\\/zenkit.com\\\/en\\\/customer-stories\\\/awo-giessen\\\/#breadcrumb\"},\"inLanguage\":\"en-US\",\"potentialAction\":[{\"@type\":\"ReadAction\",\"target\":[\"https:\\\/\\\/zenkit.com\\\/en\\\/customer-stories\\\/awo-giessen\\\/\"]}]},{\"@type\":\"ImageObject\",\"inLanguage\":\"en-US\",\"@id\":\"https:\\\/\\\/zenkit.com\\\/en\\\/customer-stories\\\/awo-giessen\\\/#primaryimage\",\"url\":\"https:\\\/\\\/zenkit.com\\\/wp-content\\\/uploads\\\/2021\\\/03\\\/awo_team_innovationsmanagement-2-1.png\",\"contentUrl\":\"https:\\\/\\\/zenkit.com\\\/wp-content\\\/uploads\\\/2021\\\/03\\\/awo_team_innovationsmanagement-2-1.png\"},{\"@type\":\"BreadcrumbList\",\"@id\":\"https:\\\/\\\/zenkit.com\\\/en\\\/customer-stories\\\/awo-giessen\\\/#breadcrumb\",\"itemListElement\":[{\"@type\":\"ListItem\",\"position\":1,\"name\":\"Home\",\"item\":\"https:\\\/\\\/zenkit.com\\\/en\\\/\"},{\"@type\":\"ListItem\",\"position\":2,\"name\":\"Customer Stories\",\"item\":\"https:\\\/\\\/zenkit.com\\\/en\\\/customer-stories\\\/\"},{\"@type\":\"ListItem\",\"position\":3,\"name\":\"AWO Gie\u00dfen\"}]},{\"@type\":\"WebSite\",\"@id\":\"https:\\\/\\\/zenkit.com\\\/en\\\/#website\",\"url\":\"https:\\\/\\\/zenkit.com\\\/en\\\/\",\"name\":\"Zenkit\",\"description\":\"Zenkit Tagline\",\"potentialAction\":[{\"@type\":\"SearchAction\",\"target\":{\"@type\":\"EntryPoint\",\"urlTemplate\":\"https:\\\/\\\/zenkit.com\\\/en\\\/?s={search_term_string}\"},\"query-input\":{\"@type\":\"PropertyValueSpecification\",\"valueRequired\":true,\"valueName\":\"search_term_string\"}}],\"inLanguage\":\"en-US\"},false]}<\/script>\n<!-- \/ Yoast SEO plugin. -->","yoast_head_json":{"title":"AWO Gie\u00dfen | Zenkit","robots":{"index":"index","follow":"follow","max-snippet":"max-snippet:-1","max-image-preview":"max-image-preview:large","max-video-preview":"max-video-preview:-1"},"canonical":"https:\/\/zenkit.com\/en\/customer-stories\/awo-giessen\/","og_locale":"en_US","og_type":"article","og_title":"AWO Gie\u00dfen | Zenkit","og_description":"Success Story: AWO in Gie\u00dfen Arbeiterwohlfahrt Bundesverband (AWO) in Gie\u00dfen cuts time spent managing projects with Zenkit AWO in Gie\u00dfen is a local member of the German registered non-profit organization, Arbeiterwohlfahrt Bundesverband (AWO). They provide welfare services and support senior citizens and children in need with compassion and respect. To ensure an optimal workflow for [&hellip;]","og_url":"https:\/\/zenkit.com\/en\/customer-stories\/awo-giessen\/","og_site_name":"Zenkit","article_publisher":"https:\/\/www.facebook.com\/ZenkitHQ","article_modified_time":"2025-11-03T07:13:15+00:00","og_image":[{"width":1101,"height":760,"url":"https:\/\/zenkit.com\/wp-content\/uploads\/2021\/04\/awo-social.png","type":"image\/png"}],"twitter_card":"summary_large_image","twitter_image":"https:\/\/zenkit.com\/wp-content\/uploads\/2021\/04\/awo-social.png","twitter_site":"@ZenkitHQ","twitter_misc":{"Est. reading time":"34 minutes"},"schema":{"@context":"https:\/\/schema.org","@graph":[{"@type":"WebPage","@id":"https:\/\/zenkit.com\/en\/customer-stories\/awo-giessen\/","url":"https:\/\/zenkit.com\/en\/customer-stories\/awo-giessen\/","name":"AWO Gie\u00dfen | Zenkit","isPartOf":{"@id":"https:\/\/zenkit.com\/en\/#website"},"primaryImageOfPage":{"@id":"https:\/\/zenkit.com\/en\/customer-stories\/awo-giessen\/#primaryimage"},"image":{"@id":"https:\/\/zenkit.com\/en\/customer-stories\/awo-giessen\/#primaryimage"},"thumbnailUrl":"https:\/\/zenkit.com\/wp-content\/uploads\/2021\/03\/awo_team_innovationsmanagement-2-1.png","datePublished":"2021-03-18T08:56:53+00:00","dateModified":"2025-11-03T07:13:15+00:00","breadcrumb":{"@id":"https:\/\/zenkit.com\/en\/customer-stories\/awo-giessen\/#breadcrumb"},"inLanguage":"en-US","potentialAction":[{"@type":"ReadAction","target":["https:\/\/zenkit.com\/en\/customer-stories\/awo-giessen\/"]}]},{"@type":"ImageObject","inLanguage":"en-US","@id":"https:\/\/zenkit.com\/en\/customer-stories\/awo-giessen\/#primaryimage","url":"https:\/\/zenkit.com\/wp-content\/uploads\/2021\/03\/awo_team_innovationsmanagement-2-1.png","contentUrl":"https:\/\/zenkit.com\/wp-content\/uploads\/2021\/03\/awo_team_innovationsmanagement-2-1.png"},{"@type":"BreadcrumbList","@id":"https:\/\/zenkit.com\/en\/customer-stories\/awo-giessen\/#breadcrumb","itemListElement":[{"@type":"ListItem","position":1,"name":"Home","item":"https:\/\/zenkit.com\/en\/"},{"@type":"ListItem","position":2,"name":"Customer Stories","item":"https:\/\/zenkit.com\/en\/customer-stories\/"},{"@type":"ListItem","position":3,"name":"AWO Gie\u00dfen"}]},{"@type":"WebSite","@id":"https:\/\/zenkit.com\/en\/#website","url":"https:\/\/zenkit.com\/en\/","name":"Zenkit","description":"Zenkit Tagline","potentialAction":[{"@type":"SearchAction","target":{"@type":"EntryPoint","urlTemplate":"https:\/\/zenkit.com\/en\/?s={search_term_string}"},"query-input":{"@type":"PropertyValueSpecification","valueRequired":true,"valueName":"search_term_string"}}],"inLanguage":"en-US"},false]}},"yasr_visitor_votes":{"stars_attributes":{"read_only":false,"span_bottom":false},"number_of_votes":0,"sum_votes":0},"_links":{"self":[{"href":"https:\/\/zenkit.com\/en\/wp-json\/wp\/v2\/pages\/58622","targetHints":{"allow":["GET"]}}],"collection":[{"href":"https:\/\/zenkit.com\/en\/wp-json\/wp\/v2\/pages"}],"about":[{"href":"https:\/\/zenkit.com\/en\/wp-json\/wp\/v2\/types\/page"}],"author":[{"embeddable":true,"href":"https:\/\/zenkit.com\/en\/wp-json\/wp\/v2\/users\/28"}],"replies":[{"embeddable":true,"href":"https:\/\/zenkit.com\/en\/wp-json\/wp\/v2\/comments?post=58622"}],"version-history":[{"count":7,"href":"https:\/\/zenkit.com\/en\/wp-json\/wp\/v2\/pages\/58622\/revisions"}],"predecessor-version":[{"id":166216,"href":"https:\/\/zenkit.com\/en\/wp-json\/wp\/v2\/pages\/58622\/revisions\/166216"}],"up":[{"embeddable":true,"href":"https:\/\/zenkit.com\/en\/wp-json\/wp\/v2\/pages\/57403"}],"wp:attachment":[{"href":"https:\/\/zenkit.com\/en\/wp-json\/wp\/v2\/media?parent=58622"}],"curies":[{"name":"wp","href":"https:\/\/api.w.org\/{rel}","templated":true}]}}