{"id":59374,"date":"2021-04-06T10:14:06","date_gmt":"2021-04-06T08:14:06","guid":{"rendered":"https:\/\/zenkit.com\/?page_id=59374"},"modified":"2025-11-03T08:13:15","modified_gmt":"2025-11-03T07:13:15","slug":"baeckerei-sipl","status":"publish","type":"page","link":"https:\/\/zenkit.com\/en\/customer-stories\/baeckerei-sipl\/","title":{"rendered":"B\u00e4ckerei Sipl"},"content":{"rendered":"\n<div class=\"wp-block-group page__header has-global-padding is-layout-constrained wp-block-group-is-layout-constrained\">\n<div class=\"wp-block-group width--950 has-global-padding is-layout-constrained wp-block-group-is-layout-constrained\">\n<div style=\"height:45px;--tablet-height:45px;--mobile-height:16px\" class=\"wp-block-lookeen-blocks-responsive-spacer\"><\/div>\n\n\n\n<div class=\"wp-block-group has-global-padding is-layout-constrained wp-block-group-is-layout-constrained\">\n<h1 class=\"wp-block-heading has-text-align-center\" style=\"margin-bottom:8px\">Success Story: B\u00e4ckerei Sipl<\/h1>\n<\/div>\n\n\n\n<div class=\"wp-block-group has-global-padding is-layout-constrained wp-block-group-is-layout-constrained\">\n<p class=\"has-text-align-center subheading\">B\u00e4ckerei Sipl organizes important business processes more efficiently with Zenkit<\/p>\n<\/div>\n\n\n\n<div style=\"height:48px;--tablet-height:36px;--mobile-height:24px\" class=\"wp-block-lookeen-blocks-responsive-spacer\"><\/div>\n\n\n\n<section class=\"wp-block-group da-banner-customer-story-pattern is-layout-flow wp-block-group-is-layout-flow\">\n<div class=\"wp-block-group container container--small is-layout-flow wp-block-group-is-layout-flow\">\n<div class=\"wp-block-group da-banner-customer-story-pattern__image-wrapper is-layout-flow wp-block-group-is-layout-flow\">\n<figure class=\"wp-block-image size-large\"><img loading=\"lazy\" decoding=\"async\" width=\"1024\" height=\"695\" src=\"https:\/\/zenkit.com\/wp-content\/uploads\/2025\/05\/baeckerei-sipl-team-1024x695.webp\" alt=\"sipl team\" class=\"wp-image-113166\" srcset=\"https:\/\/zenkit.com\/wp-content\/uploads\/2025\/05\/baeckerei-sipl-team-1024x695.webp 1024w, https:\/\/zenkit.com\/wp-content\/uploads\/2025\/05\/baeckerei-sipl-team-300x204.webp 300w, https:\/\/zenkit.com\/wp-content\/uploads\/2025\/05\/baeckerei-sipl-team-768x521.webp 768w, https:\/\/zenkit.com\/wp-content\/uploads\/2025\/05\/baeckerei-sipl-team-1536x1042.webp 1536w, https:\/\/zenkit.com\/wp-content\/uploads\/2025\/05\/baeckerei-sipl-team.webp 1637w\" sizes=\"auto, (max-width: 1024px) 100vw, 1024px\" \/><\/figure>\n\n\n\n<figure class=\"wp-block-image size-full da-banner-customer-story-pattern__logo\"><img loading=\"lazy\" decoding=\"async\" width=\"580\" height=\"266\" src=\"https:\/\/zenkit.com\/wp-content\/uploads\/2025\/05\/sipl-logo.webp\" alt=\"sipl logo\" class=\"wp-image-113177\" srcset=\"https:\/\/zenkit.com\/wp-content\/uploads\/2025\/05\/sipl-logo.webp 580w, https:\/\/zenkit.com\/wp-content\/uploads\/2025\/05\/sipl-logo-300x138.webp 300w\" sizes=\"auto, (max-width: 580px) 100vw, 580px\" \/><\/figure>\n<\/div>\n<\/div>\n<\/section>\n\n\n\n<div style=\"height:48px;--tablet-height:36px;--mobile-height:24px\" class=\"wp-block-lookeen-blocks-responsive-spacer\"><\/div>\n\n\n\n<p class=\"has-text-align-center\">B\u00e4ckerei Sipl GmbH is a family run, medium-sized bakery based in Bavaria, Germany established in 1914. Their philosophy is to produce every bread, roll, cake and pastry with love, care, and in the traditional way. With this philosophy in mind, they also guarantee no deep-frozen goods or pre-made baking will be sold. The brand is loved by many people and the company has established around 50 physical bakery stores so far.<\/p>\n\n\n\n<p class=\"has-text-align-center\">What are the secrets that made B\u00e4ckerei Sipl such a successful brand? Among many reasons, Franz Sipl, the owner of B\u00e4ckerei Sipl, is excited to share with us why Zenkit plays a crucial role in helping to run his business better.<\/p>\n<\/div>\n\n\n\n<div style=\"height:88px;--tablet-height:72px;--mobile-height:40px\" class=\"wp-block-lookeen-blocks-responsive-spacer\"><\/div>\n<\/div>\n\n\n\n<section class=\"wp-block-group da-columns-cards has-global-padding is-layout-constrained wp-block-group-is-layout-constrained\">\n<div class=\"wp-block-group container has-global-padding is-layout-constrained wp-block-group-is-layout-constrained\">\n<div class=\"wp-block-columns is-not-stacked-on-mobile is-layout-flex wp-container-core-columns-is-layout-28f84493 wp-block-columns-is-layout-flex\">\n<div class=\"wp-block-column is-layout-flow wp-block-column-is-layout-flow\">\n<figure class=\"wp-block-image aligncenter size-full\"><img decoding=\"async\" src=\"https:\/\/zenkit.com\/wp-content\/uploads\/2025\/03\/loca-1.svg\" alt=\"location pin\" class=\"wp-image-111491\"\/><\/figure>\n\n\n\n<p class=\"has-text-align-center is-style-default\">Bavaria,<br>Germany<\/p>\n<\/div>\n\n\n\n<div class=\"wp-block-column is-layout-flow wp-block-column-is-layout-flow\">\n<figure class=\"wp-block-image aligncenter size-full\"><img decoding=\"async\" src=\"https:\/\/zenkit.com\/wp-content\/uploads\/2025\/03\/loca-2.svg\" alt=\"people\" class=\"wp-image-111501\"\/><\/figure>\n\n\n\n<p class=\"has-text-align-center\">600<br>employees<\/p>\n<\/div>\n\n\n\n<div class=\"wp-block-column is-layout-flow wp-block-column-is-layout-flow\">\n<figure class=\"wp-block-image aligncenter size-full\"><img decoding=\"async\" src=\"https:\/\/zenkit.com\/wp-content\/uploads\/2025\/03\/loca-3.svg\" alt=\"website\" class=\"wp-image-111511\"\/><\/figure>\n\n\n\n<p class=\"has-text-align-center link_style-inherit\"><a href=\"https:\/\/www.sipl.de\/\" target=\"_blank\" rel=\"noreferrer noopener\"><a href=\"https:\/\/www.sipl.de\/\" target=\"_blank\" rel=\"noreferrer noopener\">www.sipl.de<\/a><\/a><\/p>\n<\/div>\n\n\n\n<div class=\"wp-block-column is-layout-flow wp-block-column-is-layout-flow\">\n<figure class=\"wp-block-image aligncenter size-full\"><img decoding=\"async\" src=\"https:\/\/zenkit.com\/wp-content\/uploads\/2025\/05\/base-1.svg\" alt=\"zenkit Base and Zenchat\" class=\"wp-image-112995\"\/><\/figure>\n\n\n\n<p class=\"has-text-align-center\">1 year using<br>Zenkit Base<\/p>\n<\/div>\n\n\n\n<div class=\"wp-block-column is-layout-flow wp-block-column-is-layout-flow\">\n<figure class=\"wp-block-image aligncenter size-full\"><img decoding=\"async\" src=\"https:\/\/zenkit.com\/wp-content\/uploads\/2025\/03\/loca-5.svg\" alt=\"Project Management, documentation\n&amp; team communication\" class=\"wp-image-111531\"\/><\/figure>\n\n\n\n<p class=\"has-text-align-center\">Task management, team Wiki,<br>and process management<\/p>\n<\/div>\n<\/div>\n<\/div>\n<\/section>\n\n\n\n<div class=\"wp-block-group has-global-padding is-layout-constrained wp-block-group-is-layout-constrained\">\n<div style=\"height:88px;--tablet-height:72px;--mobile-height:40px\" class=\"wp-block-lookeen-blocks-responsive-spacer\"><\/div>\n\n\n\n<div class=\"wp-block-columns is-style-default is-layout-flex wp-container-core-columns-is-layout-2eb748b2 wp-block-columns-is-layout-flex\" style=\"margin-top:0px;margin-bottom:0px\">\n<div class=\"wp-block-column is-layout-flow wp-block-column-is-layout-flow\">\n<h2 class=\"wp-block-heading\" style=\"margin-top:0;margin-right:0;margin-bottom:0;margin-left:0\">\u201cZenkit is a centralized place where we can organize important processes.\u201d<\/h2>\n\n\n\n<div style=\"height:24px;--tablet-height:24px;--mobile-height:24px\" class=\"wp-block-lookeen-blocks-responsive-spacer\"><\/div>\n\n\n\n<hr class=\"wp-block-separator has-alpha-channel-opacity is-style-colored-line\"\/>\n<\/div>\n\n\n\n<div class=\"wp-block-column is-layout-flow wp-block-column-is-layout-flow\">\n<p class=\"has-da-grey-2-color has-text-color has-link-color wp-elements-52c5c59b82609a19cada7d49f9876a3c\">It\u2018s no easy task to manage a brand with hundreds of employees. Needless to say, it\u2018s also challenging to keep track of every little aspect in the making of B\u00e4ckerei Sipl\u2018s high-quality products and services. Franz told us that after introducing Zenkit to his team one year ago, they\u2018ve been able to transfer the management of many things to Zenkit, due to its rich feature set.<\/p>\n\n\n\n<p class=\"has-da-grey-2-color has-text-color has-link-color wp-elements-255137dc8f17f93b6ff45ec54687a1ba\">Zenkit allows them to carry out quality assurance, applications &amp; facility management, CRM, financial planning, meetings, car pool, task management, wikipedia for sales and production, internal chat, and many other vital processes for their operation.<\/p>\n<\/div>\n<\/div>\n\n\n\n<div style=\"height:48px;--tablet-height:36px;--mobile-height:24px\" class=\"wp-block-lookeen-blocks-responsive-spacer\"><\/div>\n\n\n\n<div class=\"wp-block-columns is-style-da-column-order-reverse is-layout-flex wp-container-core-columns-is-layout-2eb748b2 wp-block-columns-is-layout-flex\" style=\"margin-top:0px;margin-bottom:0px\">\n<div class=\"wp-block-column is-layout-flow wp-block-column-is-layout-flow\">\n<p class=\"has-da-grey-2-color has-text-color has-link-color wp-elements-3a57d9e1df175d014a6369930514d120\">As B\u00e4ckerei Sipl has 50 branches now, efficient communication is especially important for them. Here Franz kindly provided an example demonstrating how head office and different stores can communicate seamlessly with the help of Zenkit.<\/p>\n\n\n\n<p>When it comes to running a bakery business, it\u2019s essential to make sure that each machine and facility functions well. At B\u00e4ckerei Sipl, they have a Zenkit collection established exactly for this purpose. That means that when stores have an inquiry regarding equipment repair, they simply create a new item in this Zenkit collection. The head office can then easily review and assign responsible craftsmen to corresponding tasks. Once the repair is completed, each craftsman can easily tick the checkbox to mark the task as done.<\/p>\n\n\n\n<p class=\"has-da-grey-2-color has-text-color has-link-color wp-elements-7fbb26cba78dccb6c323d86fe6327f7d\">As one can see in this example, with the help of Zenkit, the head office, stores, and craftsmen are always informed about what\u2019s happening in a glance. Besides this, Franz also likes that each member was able to create their own views in the collection to suit their personal preferences without interfering with others\u2019 workflow.<\/p>\n<\/div>\n\n\n\n<div class=\"wp-block-column is-layout-flow wp-block-column-is-layout-flow\">\n<h2 class=\"wp-block-heading\" style=\"margin-top:0;margin-right:0;margin-bottom:0;margin-left:0\">\u201cZenkit makes it easy to communicate between head office and different stores.\u201d<\/h2>\n\n\n\n<div style=\"height:24px;--tablet-height:24px;--mobile-height:24px\" class=\"wp-block-lookeen-blocks-responsive-spacer\"><\/div>\n\n\n\n<hr class=\"wp-block-separator has-alpha-channel-opacity is-style-colored-line\"\/>\n<\/div>\n<\/div>\n<\/div>\n\n\n\n<div class=\"wp-block-group has-global-padding is-layout-constrained wp-block-group-is-layout-constrained\">\n<div style=\"height:88px;--tablet-height:72px;--mobile-height:40px\" class=\"wp-block-lookeen-blocks-responsive-spacer\"><\/div>\n\n\n\n<div class=\"wp-block-group has-global-padding is-layout-constrained wp-container-core-group-is-layout-61f7a5d6 wp-block-group-is-layout-constrained\">\n<figure class=\"wp-block-image aligncenter size-full border-radius--20 overflow__hidden box__shadow\"><img loading=\"lazy\" decoding=\"async\" width=\"795\" height=\"495\" src=\"https:\/\/zenkit.com\/wp-content\/uploads\/2025\/05\/sipl-impression.webp\" alt=\"B\u00e4ckerei Sipl GmbH \" class=\"wp-image-113188\" srcset=\"https:\/\/zenkit.com\/wp-content\/uploads\/2025\/05\/sipl-impression.webp 795w, https:\/\/zenkit.com\/wp-content\/uploads\/2025\/05\/sipl-impression-300x187.webp 300w, https:\/\/zenkit.com\/wp-content\/uploads\/2025\/05\/sipl-impression-768x478.webp 768w\" sizes=\"auto, (max-width: 795px) 100vw, 795px\" \/><\/figure>\n<\/div>\n\n\n\n<div style=\"height:88px;--tablet-height:72px;--mobile-height:40px\" class=\"wp-block-lookeen-blocks-responsive-spacer\"><\/div>\n<\/div>\n\n\n\n<div class=\"wp-block-group has-global-padding is-layout-constrained wp-block-group-is-layout-constrained\">\n<div class=\"wp-block-columns is-style-default is-layout-flex wp-container-core-columns-is-layout-2eb748b2 wp-block-columns-is-layout-flex\" style=\"margin-top:0px;margin-bottom:0px\">\n<div class=\"wp-block-column is-layout-flow wp-block-column-is-layout-flow\">\n<h2 class=\"wp-block-heading\" style=\"margin-top:0;margin-right:0;margin-bottom:0;margin-left:0\">\u201cWe shorten the time spent on problem solving with Zenkit.\u201d<\/h2>\n\n\n\n<div style=\"height:24px;--tablet-height:24px;--mobile-height:24px\" class=\"wp-block-lookeen-blocks-responsive-spacer\"><\/div>\n\n\n\n<hr class=\"wp-block-separator has-alpha-channel-opacity is-style-colored-line\"\/>\n<\/div>\n\n\n\n<div class=\"wp-block-column is-layout-flow wp-block-column-is-layout-flow\">\n<p class=\"has-da-grey-2-color has-text-color has-link-color wp-elements-f81a60bcc3eec18ea8d7ae4d69d49c50\">It would be naive to think that once Zenkit is implemented, an organization will never encounter any problems. In an ever-changing world, every business faces new and different issues here and there, no matter how wellprepared they are.<\/p>\n\n\n\n<p class=\"has-da-grey-2-color has-text-color has-link-color wp-elements-5472cf3f7c094d0b2b53e2ef330c78dc\">However, Franz takes on a positive view concerning problem solving. For him, solutions arise if you begin to deal with them. He pointed out that Zenkit makes it possible to digitize their processes, and with features such as \u201cEmail to collection\u201d and \u201cconnecting with Zenchat\u201d (another product within Zenkit Suite) they are able to save time from switching among different tools while trying to solve problems that come up. To conclude, Zenkit, as a well-designed digital solution, simply helps them handle business in a more efficient way!<\/p>\n<\/div>\n<\/div>\n\n\n\n<div style=\"height:48px;--tablet-height:36px;--mobile-height:24px\" class=\"wp-block-lookeen-blocks-responsive-spacer\"><\/div>\n\n\n\n<div class=\"wp-block-columns is-style-da-column-order-reverse is-layout-flex wp-container-core-columns-is-layout-2eb748b2 wp-block-columns-is-layout-flex\" style=\"margin-top:0px;margin-bottom:0px\">\n<div class=\"wp-block-column is-layout-flow wp-block-column-is-layout-flow\">\n<p class=\"has-da-grey-2-color has-text-color has-link-color wp-elements-ba15b0ba4030fcf9ddac3a8543bf2236\">Franz especially emphasized how Zenkit has facilitated their team collaboration by bringing transparency to their organization. Franz and his team manage extensive data everyday, which naturally makes them wonder whether important information might be buried in a flood of data and get lost. Naturally, the loss of data in this way is not desirable, as it would hinder the success of team communication and collaboration.<\/p>\n\n\n\n<p>However, according to Franz, Zenkit makes it possible to bring massive data and process details together on one device. He added that team members are always well-informed because the data is represented meaningfully and appropriately with Zenkit.<\/p>\n\n\n\n<p class=\"has-da-grey-2-color has-text-color has-link-color wp-elements-a67c1f78d2400c79c7b2c461923b235c\">Finally, Franz mentioned an important point that all businesses care about: the cost. Using Zenkit in a business is a cost efficient decision. As Franz concluded, Zenkit itself can replace many systems which are used in other companies. Therefore, if any business decides to use Zenkit, it also saves them from having to invest in many other tools!<\/p>\n<\/div>\n\n\n\n<div class=\"wp-block-column is-layout-flow wp-block-column-is-layout-flow\">\n<h2 class=\"wp-block-heading\" style=\"margin-top:0;margin-right:0;margin-bottom:0;margin-left:0\">\u201cThe transparency brought by Zenkit facilitates our team collaboration.\u201d<\/h2>\n\n\n\n<div style=\"height:24px;--tablet-height:24px;--mobile-height:24px\" class=\"wp-block-lookeen-blocks-responsive-spacer\"><\/div>\n\n\n\n<hr class=\"wp-block-separator has-alpha-channel-opacity is-style-colored-line\"\/>\n<\/div>\n<\/div>\n<\/div>\n\n\n\n<div style=\"height:88px;--tablet-height:72px;--mobile-height:40px\" class=\"wp-block-lookeen-blocks-responsive-spacer\"><\/div>\n\n\n\n<div class=\"wp-block-group has-global-padding is-layout-constrained wp-block-group-is-layout-constrained\">\n<div class=\"wp-block-buttons is-content-justification-center is-layout-flex wp-container-core-buttons-is-layout-f78c5dac wp-block-buttons-is-layout-flex\" style=\"margin-top:0px;margin-bottom:0px\">\n<div class=\"wp-block-button is-style-rainbow\"><a class=\"wp-block-button__link wp-element-button\" href=\"https:\/\/zenkit.com\/wp-content\/uploads\/2023\/09\/zenkit-customer-story-baeckerei-sipl-en.pdf\" target=\"_blank\" rel=\"noreferrer noopener\"><span>Download PDF<\/span><\/a><\/div>\n<\/div>\n<\/div>\n\n\n\n<div style=\"height:110px;--tablet-height:60px;--mobile-height:48px\" class=\"wp-block-lookeen-blocks-responsive-spacer\"><\/div>\n","protected":false},"excerpt":{"rendered":"<p>Success Story: B\u00e4ckerei Sipl B\u00e4ckerei Sipl organizes important business processes more efficiently with Zenkit B\u00e4ckerei Sipl GmbH is a family run, medium-sized bakery based in Bavaria, Germany established in 1914. Their philosophy is to produce every bread, roll, cake and pastry with love, care, and in the traditional way. With this philosophy in mind, they [&hellip;]<\/p>\n","protected":false},"author":28,"featured_media":0,"parent":57403,"menu_order":0,"comment_status":"closed","ping_status":"closed","template":"","meta":{"yasr_overall_rating":0,"yasr_post_is_review":"","yasr_auto_insert_disabled":"","yasr_review_type":"","footnotes":""},"class_list":["post-59374","page","type-page","status-publish","hentry"],"yoast_head":"<!-- This site is optimized with the Yoast SEO plugin v27.3 - https:\/\/yoast.com\/product\/yoast-seo-wordpress\/ -->\n<title>B\u00e4ckerei Sipl | Zenkit<\/title>\n<meta name=\"robots\" content=\"index, follow, max-snippet:-1, max-image-preview:large, max-video-preview:-1\" \/>\n<link rel=\"canonical\" href=\"https:\/\/zenkit.com\/en\/customer-stories\/baeckerei-sipl\/\" \/>\n<meta property=\"og:locale\" content=\"en_US\" \/>\n<meta property=\"og:type\" content=\"article\" \/>\n<meta property=\"og:title\" content=\"B\u00e4ckerei Sipl | Zenkit\" \/>\n<meta property=\"og:description\" content=\"Success Story: B\u00e4ckerei Sipl B\u00e4ckerei Sipl organizes important business processes more efficiently with Zenkit B\u00e4ckerei Sipl GmbH is a family run, medium-sized bakery based in Bavaria, Germany established in 1914. Their philosophy is to produce every bread, roll, cake and pastry with love, care, and in the traditional way. With this philosophy in mind, they [&hellip;]\" \/>\n<meta property=\"og:url\" content=\"https:\/\/zenkit.com\/en\/customer-stories\/baeckerei-sipl\/\" \/>\n<meta property=\"og:site_name\" content=\"Zenkit\" \/>\n<meta property=\"article:publisher\" content=\"https:\/\/www.facebook.com\/ZenkitHQ\" \/>\n<meta property=\"article:modified_time\" content=\"2025-11-03T07:13:15+00:00\" \/>\n<meta property=\"og:image\" content=\"https:\/\/zenkit.com\/wp-content\/uploads\/2021\/05\/Sipl-1.png\" \/>\n\t<meta property=\"og:image:width\" content=\"977\" \/>\n\t<meta property=\"og:image:height\" content=\"676\" \/>\n\t<meta property=\"og:image:type\" content=\"image\/png\" \/>\n<meta name=\"twitter:card\" content=\"summary_large_image\" \/>\n<meta name=\"twitter:image\" content=\"https:\/\/zenkit.com\/wp-content\/uploads\/2021\/05\/Sipl-1.png\" \/>\n<meta name=\"twitter:site\" content=\"@ZenkitHQ\" \/>\n<script type=\"application\/ld+json\" class=\"yoast-schema-graph\">{\"@context\":\"https:\\\/\\\/schema.org\",\"@graph\":[{\"@type\":\"WebPage\",\"@id\":\"https:\\\/\\\/zenkit.com\\\/en\\\/customer-stories\\\/baeckerei-sipl\\\/\",\"url\":\"https:\\\/\\\/zenkit.com\\\/en\\\/customer-stories\\\/baeckerei-sipl\\\/\",\"name\":\"B\u00e4ckerei Sipl | Zenkit\",\"isPartOf\":{\"@id\":\"https:\\\/\\\/zenkit.com\\\/en\\\/#website\"},\"primaryImageOfPage\":{\"@id\":\"https:\\\/\\\/zenkit.com\\\/en\\\/customer-stories\\\/baeckerei-sipl\\\/#primaryimage\"},\"image\":{\"@id\":\"https:\\\/\\\/zenkit.com\\\/en\\\/customer-stories\\\/baeckerei-sipl\\\/#primaryimage\"},\"thumbnailUrl\":\"https:\\\/\\\/zenkit.com\\\/wp-content\\\/uploads\\\/2025\\\/05\\\/baeckerei-sipl-team-1024x695.webp\",\"datePublished\":\"2021-04-06T08:14:06+00:00\",\"dateModified\":\"2025-11-03T07:13:15+00:00\",\"breadcrumb\":{\"@id\":\"https:\\\/\\\/zenkit.com\\\/en\\\/customer-stories\\\/baeckerei-sipl\\\/#breadcrumb\"},\"inLanguage\":\"en-US\",\"potentialAction\":[{\"@type\":\"ReadAction\",\"target\":[\"https:\\\/\\\/zenkit.com\\\/en\\\/customer-stories\\\/baeckerei-sipl\\\/\"]}]},{\"@type\":\"ImageObject\",\"inLanguage\":\"en-US\",\"@id\":\"https:\\\/\\\/zenkit.com\\\/en\\\/customer-stories\\\/baeckerei-sipl\\\/#primaryimage\",\"url\":\"https:\\\/\\\/zenkit.com\\\/wp-content\\\/uploads\\\/2025\\\/05\\\/baeckerei-sipl-team-1024x695.webp\",\"contentUrl\":\"https:\\\/\\\/zenkit.com\\\/wp-content\\\/uploads\\\/2025\\\/05\\\/baeckerei-sipl-team-1024x695.webp\"},{\"@type\":\"BreadcrumbList\",\"@id\":\"https:\\\/\\\/zenkit.com\\\/en\\\/customer-stories\\\/baeckerei-sipl\\\/#breadcrumb\",\"itemListElement\":[{\"@type\":\"ListItem\",\"position\":1,\"name\":\"Home\",\"item\":\"https:\\\/\\\/zenkit.com\\\/en\\\/\"},{\"@type\":\"ListItem\",\"position\":2,\"name\":\"Customer Stories\",\"item\":\"https:\\\/\\\/zenkit.com\\\/en\\\/customer-stories\\\/\"},{\"@type\":\"ListItem\",\"position\":3,\"name\":\"B\u00e4ckerei Sipl\"}]},{\"@type\":\"WebSite\",\"@id\":\"https:\\\/\\\/zenkit.com\\\/en\\\/#website\",\"url\":\"https:\\\/\\\/zenkit.com\\\/en\\\/\",\"name\":\"Zenkit\",\"description\":\"Zenkit Tagline\",\"potentialAction\":[{\"@type\":\"SearchAction\",\"target\":{\"@type\":\"EntryPoint\",\"urlTemplate\":\"https:\\\/\\\/zenkit.com\\\/en\\\/?s={search_term_string}\"},\"query-input\":{\"@type\":\"PropertyValueSpecification\",\"valueRequired\":true,\"valueName\":\"search_term_string\"}}],\"inLanguage\":\"en-US\"},false]}<\/script>\n<!-- \/ Yoast SEO plugin. -->","yoast_head_json":{"title":"B\u00e4ckerei Sipl | Zenkit","robots":{"index":"index","follow":"follow","max-snippet":"max-snippet:-1","max-image-preview":"max-image-preview:large","max-video-preview":"max-video-preview:-1"},"canonical":"https:\/\/zenkit.com\/en\/customer-stories\/baeckerei-sipl\/","og_locale":"en_US","og_type":"article","og_title":"B\u00e4ckerei Sipl | Zenkit","og_description":"Success Story: B\u00e4ckerei Sipl B\u00e4ckerei Sipl organizes important business processes more efficiently with Zenkit B\u00e4ckerei Sipl GmbH is a family run, medium-sized bakery based in Bavaria, Germany established in 1914. Their philosophy is to produce every bread, roll, cake and pastry with love, care, and in the traditional way. With this philosophy in mind, they [&hellip;]","og_url":"https:\/\/zenkit.com\/en\/customer-stories\/baeckerei-sipl\/","og_site_name":"Zenkit","article_publisher":"https:\/\/www.facebook.com\/ZenkitHQ","article_modified_time":"2025-11-03T07:13:15+00:00","og_image":[{"width":977,"height":676,"url":"https:\/\/zenkit.com\/wp-content\/uploads\/2021\/05\/Sipl-1.png","type":"image\/png"}],"twitter_card":"summary_large_image","twitter_image":"https:\/\/zenkit.com\/wp-content\/uploads\/2021\/05\/Sipl-1.png","twitter_site":"@ZenkitHQ","schema":{"@context":"https:\/\/schema.org","@graph":[{"@type":"WebPage","@id":"https:\/\/zenkit.com\/en\/customer-stories\/baeckerei-sipl\/","url":"https:\/\/zenkit.com\/en\/customer-stories\/baeckerei-sipl\/","name":"B\u00e4ckerei Sipl | Zenkit","isPartOf":{"@id":"https:\/\/zenkit.com\/en\/#website"},"primaryImageOfPage":{"@id":"https:\/\/zenkit.com\/en\/customer-stories\/baeckerei-sipl\/#primaryimage"},"image":{"@id":"https:\/\/zenkit.com\/en\/customer-stories\/baeckerei-sipl\/#primaryimage"},"thumbnailUrl":"https:\/\/zenkit.com\/wp-content\/uploads\/2025\/05\/baeckerei-sipl-team-1024x695.webp","datePublished":"2021-04-06T08:14:06+00:00","dateModified":"2025-11-03T07:13:15+00:00","breadcrumb":{"@id":"https:\/\/zenkit.com\/en\/customer-stories\/baeckerei-sipl\/#breadcrumb"},"inLanguage":"en-US","potentialAction":[{"@type":"ReadAction","target":["https:\/\/zenkit.com\/en\/customer-stories\/baeckerei-sipl\/"]}]},{"@type":"ImageObject","inLanguage":"en-US","@id":"https:\/\/zenkit.com\/en\/customer-stories\/baeckerei-sipl\/#primaryimage","url":"https:\/\/zenkit.com\/wp-content\/uploads\/2025\/05\/baeckerei-sipl-team-1024x695.webp","contentUrl":"https:\/\/zenkit.com\/wp-content\/uploads\/2025\/05\/baeckerei-sipl-team-1024x695.webp"},{"@type":"BreadcrumbList","@id":"https:\/\/zenkit.com\/en\/customer-stories\/baeckerei-sipl\/#breadcrumb","itemListElement":[{"@type":"ListItem","position":1,"name":"Home","item":"https:\/\/zenkit.com\/en\/"},{"@type":"ListItem","position":2,"name":"Customer Stories","item":"https:\/\/zenkit.com\/en\/customer-stories\/"},{"@type":"ListItem","position":3,"name":"B\u00e4ckerei Sipl"}]},{"@type":"WebSite","@id":"https:\/\/zenkit.com\/en\/#website","url":"https:\/\/zenkit.com\/en\/","name":"Zenkit","description":"Zenkit Tagline","potentialAction":[{"@type":"SearchAction","target":{"@type":"EntryPoint","urlTemplate":"https:\/\/zenkit.com\/en\/?s={search_term_string}"},"query-input":{"@type":"PropertyValueSpecification","valueRequired":true,"valueName":"search_term_string"}}],"inLanguage":"en-US"},false]}},"yasr_visitor_votes":{"stars_attributes":{"read_only":false,"span_bottom":false},"number_of_votes":0,"sum_votes":0},"_links":{"self":[{"href":"https:\/\/zenkit.com\/en\/wp-json\/wp\/v2\/pages\/59374","targetHints":{"allow":["GET"]}}],"collection":[{"href":"https:\/\/zenkit.com\/en\/wp-json\/wp\/v2\/pages"}],"about":[{"href":"https:\/\/zenkit.com\/en\/wp-json\/wp\/v2\/types\/page"}],"author":[{"embeddable":true,"href":"https:\/\/zenkit.com\/en\/wp-json\/wp\/v2\/users\/28"}],"replies":[{"embeddable":true,"href":"https:\/\/zenkit.com\/en\/wp-json\/wp\/v2\/comments?post=59374"}],"version-history":[{"count":1,"href":"https:\/\/zenkit.com\/en\/wp-json\/wp\/v2\/pages\/59374\/revisions"}],"predecessor-version":[{"id":117043,"href":"https:\/\/zenkit.com\/en\/wp-json\/wp\/v2\/pages\/59374\/revisions\/117043"}],"up":[{"embeddable":true,"href":"https:\/\/zenkit.com\/en\/wp-json\/wp\/v2\/pages\/57403"}],"wp:attachment":[{"href":"https:\/\/zenkit.com\/en\/wp-json\/wp\/v2\/media?parent=59374"}],"curies":[{"name":"wp","href":"https:\/\/api.w.org\/{rel}","templated":true}]}}