{"id":95304,"date":"2023-04-25T10:39:04","date_gmt":"2023-04-25T08:39:04","guid":{"rendered":"https:\/\/zenkit.com\/chat\/alternatives\/signal-alternative-copy\/"},"modified":"2025-11-04T06:53:15","modified_gmt":"2025-11-04T05:53:15","slug":"ringcentral-alternative","status":"publish","type":"page","link":"https:\/\/zenkit.com\/en\/chat\/alternatives\/ringcentral-alternative\/","title":{"rendered":"RingCentral Alternative"},"content":{"rendered":"\n<div class=\"wp-block-group has-global-padding is-layout-constrained wp-block-group-is-layout-constrained\">\n<div class=\"wp-block-group has-global-padding is-layout-constrained wp-container-core-group-is-layout-5bc7cfa1 wp-block-group-is-layout-constrained\">\n<div style=\"height:45px;--tablet-height:45px;--mobile-height:16px\" class=\"wp-block-lookeen-blocks-responsive-spacer\"><\/div>\n\n\n\n<h1 class=\"wp-block-heading has-text-align-center has-da-blue-color-new has-text-color has-link-color wp-elements-37d52bf6fe9f6b46f818aabe110e4fa9\" style=\"margin-bottom:8px;font-size:24px;line-height:1.5\">Zenchat als RingCentral Alternative<\/h1>\n\n\n\n<h2 class=\"wp-block-heading has-text-align-center display-h1\">RingCentral ist eine cloud-basierte Kommunikationsplattform f\u00fcr Unternehmen.<\/h2>\n\n\n\n<div style=\"height:48px;--tablet-height:36px;--mobile-height:24px\" class=\"wp-block-lookeen-blocks-responsive-spacer\"><\/div>\n\n\n\n<p class=\"has-text-align-center\">Es kombiniert Tools f\u00fcr Video-Meetings, Team-Messaging, File-Sharing, Task-Management und Kalenderfunktionen.<\/p>\n\n\n\n<p class=\"has-text-align-center\">Was jedoch, wenn wichtige Informationen wie umsetzbare Aufgaben oft in der Konversation verloren gehen? Was w\u00e4re, wenn Teams etwas besprechen, f\u00fcr dessen Verwaltung ein komplizierteres Projektmanagement-Tool erforderlich ist?<\/p>\n\n\n\n<p class=\"has-text-align-center\">Uns ist bewusst, dass ein Projektmanagement-Tool all Ihren Anforderungen gewachsen sein muss. Aus diesem Grund haben wir die Zenkit Suite entwickelt, mit Zenkit To Do (Aufgabenverwaltungstool), Zenkit Project (Projektverwaltungstool) und vielen weiteren Apps die bald folgen. Zenchat ist vollst\u00e4ndig in die Zenkit Base integriert. Das bedeutet, dass Teammitglieder sich einfach \u00fcber beliebige Projekte und Aufgaben im Chat austauschen und Manager ausgefeilte Ansichten f\u00fcr komplexeres Projektmanagement nutzen k\u00f6nnen.<\/p>\n\n\n\n<p class=\"has-text-align-center\">Mit Zenkit haben wir eine einfach zu bedienende, aber dennoch leistungsstarke Suite entwickelt, die sich weiterentwickelt und an Ihre Bed\u00fcrfnisse anpasst! Wenn Sie auf der Suche nach einer flexibleren Alternative zu RingCentral\u00a0 sind, probieren Sie Zenchat aus!.\u00a0<\/p>\n<\/div>\n<\/div>\n\n<div class=\"wp-block-group badges__section has-global-padding is-layout-constrained wp-block-group-is-layout-constrained\">\n<div style=\"height:88px;--tablet-height:60px;--mobile-height:45px\" class=\"wp-block-lookeen-blocks-responsive-spacer\"><\/div>\n\n\n\n<div class=\"wp-block-group has-global-padding is-layout-constrained wp-block-group-is-layout-constrained\">\n<div class=\"wp-block-zenkit-blocks-flexible-table comparison--table first__cell__inrow_header table-cell-mw-318px-desktop h-scroll-mobile\"><div class=\"zenkit-table-wrapper\"><table><tbody>\n<tr class=\"wp-block-zenkit-blocks-flexible-table-row table-row\">\n<td class=\"wp-block-zenkit-blocks-flexible-table-cell table-cell\">\n<p><\/p>\n<\/td>\n\n\n\n<td class=\"wp-block-zenkit-blocks-flexible-table-cell table-cell\">\n<p class=\"has-text-align-center has-da-blue-color-new has-text-color has-link-color wp-elements-c8b37d0d5a500f7d8c345a13b50687a9\" style=\"font-size:22px;font-style:normal;font-weight:700;line-height:1.36\">RingCentral<\/p>\n<\/td>\n\n\n\n<td class=\"wp-block-zenkit-blocks-flexible-table-cell table-cell\">\n<p class=\"has-text-align-center has-da-blue-color-new has-text-color has-link-color wp-elements-9ea2df3823cde6aacc93d68181e860b7\" style=\"font-size:22px;font-style:normal;font-weight:700;line-height:1.36\">Zenchat<\/p>\n<\/td>\n<\/tr>\n\n\n\n<tr class=\"wp-block-zenkit-blocks-flexible-table-row table-row\">\n<td class=\"wp-block-zenkit-blocks-flexible-table-cell table-cell\">\n<p>\ud83d\udcac Gruppenchats und Direktnachrichten<\/p>\n<\/td>\n\n\n\n<td class=\"wp-block-zenkit-blocks-flexible-table-cell table-cell\">\n<figure class=\"wp-block-image size-full is-resized\"><img decoding=\"async\" src=\"https:\/\/zenkit.com\/wp-content\/uploads\/2025\/06\/check.svg\" alt=\"\" class=\"wp-image-115965\" style=\"width:18px\"\/><\/figure>\n<\/td>\n\n\n\n<td class=\"wp-block-zenkit-blocks-flexible-table-cell table-cell\">\n<figure class=\"wp-block-image size-full is-resized\"><img decoding=\"async\" src=\"https:\/\/zenkit.com\/wp-content\/uploads\/2025\/06\/check.svg\" alt=\"\" class=\"wp-image-115965\" style=\"width:18px\"\/><\/figure>\n<\/td>\n<\/tr>\n\n\n\n<tr class=\"wp-block-zenkit-blocks-flexible-table-row table-row\">\n<td class=\"wp-block-zenkit-blocks-flexible-table-cell table-cell\">\n<p>\ud83c\udf0d Verf\u00fcgbar in 10+ Sprachen<\/p>\n<\/td>\n\n\n\n<td class=\"wp-block-zenkit-blocks-flexible-table-cell table-cell\">\n<figure class=\"wp-block-image size-full is-resized\"><img decoding=\"async\" src=\"https:\/\/zenkit.com\/wp-content\/uploads\/2025\/06\/check.svg\" alt=\"\" class=\"wp-image-115965\" style=\"width:18px\"\/><\/figure>\n<\/td>\n\n\n\n<td class=\"wp-block-zenkit-blocks-flexible-table-cell table-cell\">\n<figure class=\"wp-block-image size-full is-resized\"><img decoding=\"async\" src=\"https:\/\/zenkit.com\/wp-content\/uploads\/2025\/06\/check.svg\" alt=\"\" class=\"wp-image-115965\" style=\"width:18px\"\/><\/figure>\n<\/td>\n<\/tr>\n\n\n\n<tr class=\"wp-block-zenkit-blocks-flexible-table-row table-row\">\n<td class=\"wp-block-zenkit-blocks-flexible-table-cell table-cell\">\n<p>\u2705 Aufgaben- und Projektverwaltung<\/p>\n<\/td>\n\n\n\n<td class=\"wp-block-zenkit-blocks-flexible-table-cell table-cell\">\n<figure class=\"wp-block-image size-full is-resized\"><img decoding=\"async\" src=\"https:\/\/zenkit.com\/wp-content\/uploads\/2025\/06\/cross.svg\" alt=\"\" class=\"wp-image-115982\" style=\"width:18px\"\/><\/figure>\n<\/td>\n\n\n\n<td class=\"wp-block-zenkit-blocks-flexible-table-cell table-cell\">\n<figure class=\"wp-block-image size-full is-resized\"><img decoding=\"async\" src=\"https:\/\/zenkit.com\/wp-content\/uploads\/2025\/06\/check.svg\" alt=\"\" class=\"wp-image-115965\" style=\"width:18px\"\/><\/figure>\n<\/td>\n<\/tr>\n\n\n\n<tr class=\"wp-block-zenkit-blocks-flexible-table-row table-row\">\n<td class=\"wp-block-zenkit-blocks-flexible-table-cell table-cell\">\n<p>\ud83d\udccb Kanban, Listenansicht, Gantt<\/p>\n<\/td>\n\n\n\n<td class=\"wp-block-zenkit-blocks-flexible-table-cell table-cell\">\n<figure class=\"wp-block-image size-full is-resized\"><img decoding=\"async\" src=\"https:\/\/zenkit.com\/wp-content\/uploads\/2025\/06\/cross.svg\" alt=\"\" class=\"wp-image-115982\" style=\"width:18px\"\/><\/figure>\n<\/td>\n\n\n\n<td class=\"wp-block-zenkit-blocks-flexible-table-cell table-cell\">\n<figure class=\"wp-block-image size-full is-resized\"><img decoding=\"async\" src=\"https:\/\/zenkit.com\/wp-content\/uploads\/2025\/06\/check.svg\" alt=\"\" class=\"wp-image-115965\" style=\"width:18px\"\/><\/figure>\n<\/td>\n<\/tr>\n\n\n\n<tr class=\"wp-block-zenkit-blocks-flexible-table-row table-row\">\n<td class=\"wp-block-zenkit-blocks-flexible-table-cell table-cell\">\n<p>\ud83e\udd16 Zapier-Integration f\u00fcr Automatisierung<\/p>\n<\/td>\n\n\n\n<td class=\"wp-block-zenkit-blocks-flexible-table-cell table-cell\">\n<figure class=\"wp-block-image size-full is-resized\"><img decoding=\"async\" src=\"https:\/\/zenkit.com\/wp-content\/uploads\/2025\/06\/cross.svg\" alt=\"\" class=\"wp-image-115982\" style=\"width:18px\"\/><\/figure>\n<\/td>\n\n\n\n<td class=\"wp-block-zenkit-blocks-flexible-table-cell table-cell\">\n<figure class=\"wp-block-image size-full is-resized\"><img decoding=\"async\" src=\"https:\/\/zenkit.com\/wp-content\/uploads\/2025\/06\/check.svg\" alt=\"\" class=\"wp-image-115965\" style=\"width:18px\"\/><\/figure>\n<\/td>\n<\/tr>\n\n\n\n<tr class=\"wp-block-zenkit-blocks-flexible-table-row table-row\">\n<td class=\"wp-block-zenkit-blocks-flexible-table-cell table-cell\">\n<p>\ud83d\udcd6 Wikis und Dokumentationen<\/p>\n<\/td>\n\n\n\n<td class=\"wp-block-zenkit-blocks-flexible-table-cell table-cell\">\n<figure class=\"wp-block-image size-full is-resized\"><img decoding=\"async\" src=\"https:\/\/zenkit.com\/wp-content\/uploads\/2025\/06\/cross.svg\" alt=\"\" class=\"wp-image-115982\" style=\"width:18px\"\/><\/figure>\n<\/td>\n\n\n\n<td class=\"wp-block-zenkit-blocks-flexible-table-cell table-cell\">\n<figure class=\"wp-block-image size-full is-resized\"><img decoding=\"async\" src=\"https:\/\/zenkit.com\/wp-content\/uploads\/2025\/06\/check.svg\" alt=\"\" class=\"wp-image-115965\" style=\"width:18px\"\/><\/figure>\n<\/td>\n<\/tr>\n\n\n\n<tr class=\"wp-block-zenkit-blocks-flexible-table-row table-row\">\n<td class=\"wp-block-zenkit-blocks-flexible-table-cell table-cell\">\n<p>\ud83d\udcde Kostenlose deutschsprachige Erstberatung<\/p>\n<\/td>\n\n\n\n<td class=\"wp-block-zenkit-blocks-flexible-table-cell table-cell\">\n<figure class=\"wp-block-image size-full is-resized\"><img decoding=\"async\" src=\"https:\/\/zenkit.com\/wp-content\/uploads\/2025\/06\/cross.svg\" alt=\"\" class=\"wp-image-115982\" style=\"width:18px\"\/><\/figure>\n<\/td>\n\n\n\n<td class=\"wp-block-zenkit-blocks-flexible-table-cell table-cell\">\n<figure class=\"wp-block-image size-full is-resized\"><img decoding=\"async\" src=\"https:\/\/zenkit.com\/wp-content\/uploads\/2025\/06\/check.svg\" alt=\"\" class=\"wp-image-115965\" style=\"width:18px\"\/><\/figure>\n<\/td>\n<\/tr>\n\n\n\n<tr class=\"wp-block-zenkit-blocks-flexible-table-row table-row\">\n<td class=\"wp-block-zenkit-blocks-flexible-table-cell table-cell\">\n<p>\ud83c\udde9\ud83c\uddea Au\u00dfschlie\u00dflich deutscher Serverstandort<\/p>\n<\/td>\n\n\n\n<td class=\"wp-block-zenkit-blocks-flexible-table-cell table-cell\">\n<figure class=\"wp-block-image size-full is-resized\"><img decoding=\"async\" src=\"https:\/\/zenkit.com\/wp-content\/uploads\/2025\/06\/cross.svg\" alt=\"\" class=\"wp-image-115982\" style=\"width:18px\"\/><\/figure>\n<\/td>\n\n\n\n<td class=\"wp-block-zenkit-blocks-flexible-table-cell table-cell\">\n<figure class=\"wp-block-image size-full is-resized\"><img decoding=\"async\" src=\"https:\/\/zenkit.com\/wp-content\/uploads\/2025\/06\/check.svg\" alt=\"\" class=\"wp-image-115965\" style=\"width:18px\"\/><\/figure>\n<\/td>\n<\/tr>\n\n\n\n<tr class=\"wp-block-zenkit-blocks-flexible-table-row table-row\">\n<td class=\"wp-block-zenkit-blocks-flexible-table-cell table-cell\">\n<p>\ud83d\udd12 Fokus auf deutschen Datenschutz<\/p>\n<\/td>\n\n\n\n<td class=\"wp-block-zenkit-blocks-flexible-table-cell table-cell\">\n<figure class=\"wp-block-image size-full is-resized\"><img decoding=\"async\" src=\"https:\/\/zenkit.com\/wp-content\/uploads\/2025\/06\/cross.svg\" alt=\"\" class=\"wp-image-115982\" style=\"width:18px\"\/><\/figure>\n<\/td>\n\n\n\n<td class=\"wp-block-zenkit-blocks-flexible-table-cell table-cell\">\n<figure class=\"wp-block-image size-full is-resized\"><img decoding=\"async\" src=\"https:\/\/zenkit.com\/wp-content\/uploads\/2025\/06\/check.svg\" alt=\"\" class=\"wp-image-115965\" style=\"width:18px\"\/><\/figure>\n<\/td>\n<\/tr>\n\n\n\n<tr class=\"wp-block-zenkit-blocks-flexible-table-row table-row\">\n<td class=\"wp-block-zenkit-blocks-flexible-table-cell table-cell\">\n<p>\ud83d\udedf Deutscher Kundenservice per Email und Chat<\/p>\n<\/td>\n\n\n\n<td class=\"wp-block-zenkit-blocks-flexible-table-cell table-cell\">\n<figure class=\"wp-block-image size-full is-resized\"><img decoding=\"async\" src=\"https:\/\/zenkit.com\/wp-content\/uploads\/2025\/06\/cross.svg\" alt=\"\" class=\"wp-image-115982\" style=\"width:18px\"\/><\/figure>\n<\/td>\n\n\n\n<td class=\"wp-block-zenkit-blocks-flexible-table-cell table-cell\">\n<figure class=\"wp-block-image size-full is-resized\"><img decoding=\"async\" src=\"https:\/\/zenkit.com\/wp-content\/uploads\/2025\/06\/check.svg\" alt=\"\" class=\"wp-image-115965\" style=\"width:18px\"\/><\/figure>\n<\/td>\n<\/tr>\n<\/tbody><\/table><\/div><\/div>\n<\/div>\n<\/div>\n\n<div class=\"wp-block-group has-global-padding is-layout-constrained wp-block-group-is-layout-constrained\">\n<div style=\"height:88px;--tablet-height:60px;--mobile-height:45px\" class=\"wp-block-lookeen-blocks-responsive-spacer\"><\/div>\n\n\n\n<div class=\"wp-block-zenkit-blocks-flexible-table comparison--table  table-cell-mw-318px-desktop h-scroll-mobile\"><div class=\"zenkit-table-wrapper\"><table><tbody>\n<tr class=\"wp-block-zenkit-blocks-flexible-table-row table-row\">\n<td class=\"wp-block-zenkit-blocks-flexible-table-cell table-cell\">\n<p class=\"has-text-align-center has-da-blue-color-new has-text-color has-link-color wp-elements-4e6aa7bad2421e2d3d63a3ac4513c02a\" style=\"font-size:22px;font-style:normal;font-weight:700;line-height:1.36\">Vorteile RingCentral<\/p>\n<\/td>\n\n\n\n<td class=\"wp-block-zenkit-blocks-flexible-table-cell table-cell\">\n<p class=\"has-text-align-center has-da-blue-color-new has-text-color has-link-color wp-elements-157b83794d93505e19edf2b469bd5ff7\" style=\"font-size:22px;font-style:normal;font-weight:700;line-height:1.36\">Nachteile RingCentral<\/p>\n<\/td>\n\n\n\n<td class=\"wp-block-zenkit-blocks-flexible-table-cell table-cell\">\n<p class=\"has-text-align-center has-da-blue-color-new has-text-color has-link-color wp-elements-1b5a15a50500a2997ba285dd14897eb0\" style=\"font-size:22px;font-style:normal;font-weight:700;line-height:1.36\">Vorteile Zenchat<\/p>\n<\/td>\n<\/tr>\n\n\n\n<tr class=\"wp-block-zenkit-blocks-flexible-table-row table-row\">\n<td class=\"wp-block-zenkit-blocks-flexible-table-cell table-cell\">\n<p class=\"has-text-align-center\">Gro\u00dfe Vielfalt an Integrationen<\/p>\n<\/td>\n\n\n\n<td class=\"wp-block-zenkit-blocks-flexible-table-cell table-cell\">\n<p class=\"has-text-align-center\">Fehlerhafte Benutzeroberfl\u00e4che<\/p>\n<\/td>\n\n\n\n<td class=\"wp-block-zenkit-blocks-flexible-table-cell table-cell\">\n<p class=\"has-text-align-center\">Integriertes, leistungsstarkes Aufgabenmanagement<\/p>\n<\/td>\n<\/tr>\n\n\n\n<tr class=\"wp-block-zenkit-blocks-flexible-table-row table-row\">\n<td class=\"wp-block-zenkit-blocks-flexible-table-cell table-cell\">\n<p class=\"has-text-align-center\">Unterst\u00fctzt gro\u00dfe Teamsitzungen und Konferenzen<\/p>\n<\/td>\n\n\n\n<td class=\"wp-block-zenkit-blocks-flexible-table-cell table-cell\">\n<p class=\"has-text-align-center\">H\u00e4ufige technische Fehler<\/p>\n<\/td>\n\n\n\n<td class=\"wp-block-zenkit-blocks-flexible-table-cell table-cell\">\n<p class=\"has-text-align-center\">Intuitive und anpassbare Benutzeroberfl\u00e4che<\/p>\n<\/td>\n<\/tr>\n\n\n\n<tr class=\"wp-block-zenkit-blocks-flexible-table-row table-row\">\n<td class=\"wp-block-zenkit-blocks-flexible-table-cell table-cell\">\n<p class=\"has-text-align-center\">Aus der Ferne zug\u00e4nglich<\/p>\n<\/td>\n\n\n\n<td class=\"wp-block-zenkit-blocks-flexible-table-cell table-cell\">\n<p class=\"has-text-align-center\">Entt\u00e4uschende Kundenbetreuung und technischer Support<\/p>\n<\/td>\n\n\n\n<td class=\"wp-block-zenkit-blocks-flexible-table-cell table-cell\">\n<p class=\"has-text-align-center\">Datensicherheit gew\u00e4hrleistet<\/p>\n<\/td>\n<\/tr>\n<\/tbody><\/table><\/div><\/div>\n\n\n\n<div style=\"height:88px;--tablet-height:60px;--mobile-height:45px\" class=\"wp-block-lookeen-blocks-responsive-spacer\"><\/div>\n<\/div>\n\n<div class=\"wp-block-group has-global-padding is-layout-constrained wp-container-core-group-is-layout-7cc94c3e wp-block-group-is-layout-constrained\">\n<figure class=\"wp-block-image aligncenter size-full is-resized\" style=\"margin-bottom:8px\"><img decoding=\"async\" src=\"https:\/\/zenkit.com\/wp-content\/uploads\/2025\/05\/info.svg\" alt=\"Haftungsausschluss\" class=\"wp-image-113476\" style=\"width:36px;height:auto\"\/><\/figure>\n\n\n\n<p class=\"has-text-align-center has-da-grey-1-color has-text-color has-link-color wp-elements-24580c380a0a305534fdc2e4e0b1b275\" style=\"margin-top:0px;margin-bottom:0px;font-style:normal;font-weight:700\">Haftungsausschluss:<\/p>\n\n\n\n<p class=\"has-text-align-center has-da-grey-1-color has-text-color has-link-color wp-elements-7af95d4af743e8e84cfb1f8b6d87bd04\">Zenkit steht in keinerlei Verbindung zu jeglichen, auf dieser Webseite genannten, Produkten. Daten und Angaben zu Produktmerkmalen stammen direkt von den jeweiligen Webseiten und aus Marketingmaterialien September \/ 2022. Der Autor und Betreiber dieser Website \u00fcbernimmt keinerlei Gew\u00e4hr f\u00fcr die Aktualit\u00e4t, Korrektheit, Vollst\u00e4ndigkeit oder Qualit\u00e4t der bereitgestellten Informationen. Jegliche Haftungsanspr\u00fcche sind grunds\u00e4tzlich ausgeschlossen, sofern seitens des Autors und Betreibers dieser Website kein nachweislich vors\u00e4tzliches oder grob fahrl\u00e4ssiges Verschulden vorliegt. Um uns Korrekturen zukommen zu lassen,\u00a0<a href=\"https:\/\/zenkit.com\/de\/kontakt\/\" data-type=\"page\" data-id=\"98184\">kontaktieren Sie uns<\/a>\u00a0bitte.<\/p>\n<\/div>\n\n<div style=\"height:110px;--tablet-height:60px;--mobile-height:60px\" class=\"wp-block-lookeen-blocks-responsive-spacer\"><\/div>\n","protected":false},"excerpt":{"rendered":"<p>Zenchat als RingCentral Alternative RingCentral ist eine cloud-basierte Kommunikationsplattform f\u00fcr Unternehmen. Es kombiniert Tools f\u00fcr Video-Meetings, Team-Messaging, File-Sharing, Task-Management und Kalenderfunktionen. Was jedoch, wenn wichtige Informationen wie umsetzbare Aufgaben oft in der Konversation verloren gehen? Was w\u00e4re, wenn Teams etwas besprechen, f\u00fcr dessen Verwaltung ein komplizierteres Projektmanagement-Tool erforderlich ist? Uns ist bewusst, dass ein Projektmanagement-Tool [&hellip;]<\/p>\n","protected":false},"author":39,"featured_media":0,"parent":61024,"menu_order":10,"comment_status":"closed","ping_status":"closed","template":"wp-custom-template-en-page-chat","meta":{"yasr_overall_rating":0,"yasr_post_is_review":"","yasr_auto_insert_disabled":"","yasr_review_type":"","footnotes":""},"class_list":["post-95304","page","type-page","status-publish","hentry"],"yoast_head":"<!-- This site is optimized with the Yoast SEO plugin v27.3 - https:\/\/yoast.com\/product\/yoast-seo-wordpress\/ -->\n<title>Zenchat as a RingCentral Alternative<\/title>\n<meta name=\"description\" content=\"Looking for a way to turn messages into tasks with one click? Then discover Zenchat&#039;s wide range of features!\" \/>\n<meta name=\"robots\" content=\"index, follow, max-snippet:-1, max-image-preview:large, max-video-preview:-1\" \/>\n<link rel=\"canonical\" href=\"https:\/\/zenkit.com\/en\/chat\/alternatives\/ringcentral-alternative\/\" \/>\n<meta property=\"og:locale\" content=\"en_US\" \/>\n<meta property=\"og:type\" content=\"article\" \/>\n<meta property=\"og:title\" content=\"Zenchat as a RingCentral Alternative\" \/>\n<meta property=\"og:description\" content=\"Looking for a way to turn messages into tasks with one click? Then discover Zenchat&#039;s wide range of features!\" \/>\n<meta property=\"og:url\" content=\"https:\/\/zenkit.com\/en\/chat\/alternatives\/ringcentral-alternative\/\" \/>\n<meta property=\"og:site_name\" content=\"Zenkit\" \/>\n<meta property=\"article:publisher\" content=\"https:\/\/www.facebook.com\/ZenkitHQ\" \/>\n<meta property=\"article:modified_time\" content=\"2025-11-04T05:53:15+00:00\" \/>\n<meta name=\"twitter:card\" content=\"summary_large_image\" \/>\n<meta name=\"twitter:site\" content=\"@ZenkitHQ\" \/>\n<script type=\"application\/ld+json\" class=\"yoast-schema-graph\">{\"@context\":\"https:\\\/\\\/schema.org\",\"@graph\":[{\"@type\":\"WebPage\",\"@id\":\"https:\\\/\\\/zenkit.com\\\/en\\\/chat\\\/alternatives\\\/ringcentral-alternative\\\/\",\"url\":\"https:\\\/\\\/zenkit.com\\\/en\\\/chat\\\/alternatives\\\/ringcentral-alternative\\\/\",\"name\":\"Zenchat as a RingCentral Alternative\",\"isPartOf\":{\"@id\":\"https:\\\/\\\/zenkit.com\\\/en\\\/#website\"},\"primaryImageOfPage\":{\"@id\":\"https:\\\/\\\/zenkit.com\\\/en\\\/chat\\\/alternatives\\\/ringcentral-alternative\\\/#primaryimage\"},\"image\":{\"@id\":\"https:\\\/\\\/zenkit.com\\\/en\\\/chat\\\/alternatives\\\/ringcentral-alternative\\\/#primaryimage\"},\"thumbnailUrl\":\"https:\\\/\\\/zenkit.com\\\/wp-content\\\/uploads\\\/2025\\\/06\\\/check.svg\",\"datePublished\":\"2023-04-25T08:39:04+00:00\",\"dateModified\":\"2025-11-04T05:53:15+00:00\",\"description\":\"Looking for a way to turn messages into tasks with one click? Then discover Zenchat's wide range of features!\",\"breadcrumb\":{\"@id\":\"https:\\\/\\\/zenkit.com\\\/en\\\/chat\\\/alternatives\\\/ringcentral-alternative\\\/#breadcrumb\"},\"inLanguage\":\"en-US\",\"potentialAction\":[{\"@type\":\"ReadAction\",\"target\":[\"https:\\\/\\\/zenkit.com\\\/en\\\/chat\\\/alternatives\\\/ringcentral-alternative\\\/\"]}]},{\"@type\":\"ImageObject\",\"inLanguage\":\"en-US\",\"@id\":\"https:\\\/\\\/zenkit.com\\\/en\\\/chat\\\/alternatives\\\/ringcentral-alternative\\\/#primaryimage\",\"url\":\"https:\\\/\\\/zenkit.com\\\/wp-content\\\/uploads\\\/2025\\\/06\\\/check.svg\",\"contentUrl\":\"https:\\\/\\\/zenkit.com\\\/wp-content\\\/uploads\\\/2025\\\/06\\\/check.svg\"},{\"@type\":\"BreadcrumbList\",\"@id\":\"https:\\\/\\\/zenkit.com\\\/en\\\/chat\\\/alternatives\\\/ringcentral-alternative\\\/#breadcrumb\",\"itemListElement\":[{\"@type\":\"ListItem\",\"position\":1,\"name\":\"Home\",\"item\":\"https:\\\/\\\/zenkit.com\\\/en\\\/\"},{\"@type\":\"ListItem\",\"position\":2,\"name\":\"Zenchat\",\"item\":\"https:\\\/\\\/zenkit.com\\\/en\\\/chat\\\/\"},{\"@type\":\"ListItem\",\"position\":3,\"name\":\"Zenchat Alternatives\",\"item\":\"https:\\\/\\\/zenkit.com\\\/en\\\/chat\\\/alternatives\\\/\"},{\"@type\":\"ListItem\",\"position\":4,\"name\":\"RingCentral Alternative\"}]},{\"@type\":\"WebSite\",\"@id\":\"https:\\\/\\\/zenkit.com\\\/en\\\/#website\",\"url\":\"https:\\\/\\\/zenkit.com\\\/en\\\/\",\"name\":\"Zenkit\",\"description\":\"Zenkit Tagline\",\"potentialAction\":[{\"@type\":\"SearchAction\",\"target\":{\"@type\":\"EntryPoint\",\"urlTemplate\":\"https:\\\/\\\/zenkit.com\\\/en\\\/?s={search_term_string}\"},\"query-input\":{\"@type\":\"PropertyValueSpecification\",\"valueRequired\":true,\"valueName\":\"search_term_string\"}}],\"inLanguage\":\"en-US\"},false]}<\/script>\n<!-- \/ Yoast SEO plugin. -->","yoast_head_json":{"title":"Zenchat as a RingCentral Alternative","description":"Looking for a way to turn messages into tasks with one click? Then discover Zenchat's wide range of features!","robots":{"index":"index","follow":"follow","max-snippet":"max-snippet:-1","max-image-preview":"max-image-preview:large","max-video-preview":"max-video-preview:-1"},"canonical":"https:\/\/zenkit.com\/en\/chat\/alternatives\/ringcentral-alternative\/","og_locale":"en_US","og_type":"article","og_title":"Zenchat as a RingCentral Alternative","og_description":"Looking for a way to turn messages into tasks with one click? Then discover Zenchat's wide range of features!","og_url":"https:\/\/zenkit.com\/en\/chat\/alternatives\/ringcentral-alternative\/","og_site_name":"Zenkit","article_publisher":"https:\/\/www.facebook.com\/ZenkitHQ","article_modified_time":"2025-11-04T05:53:15+00:00","twitter_card":"summary_large_image","twitter_site":"@ZenkitHQ","schema":{"@context":"https:\/\/schema.org","@graph":[{"@type":"WebPage","@id":"https:\/\/zenkit.com\/en\/chat\/alternatives\/ringcentral-alternative\/","url":"https:\/\/zenkit.com\/en\/chat\/alternatives\/ringcentral-alternative\/","name":"Zenchat as a RingCentral Alternative","isPartOf":{"@id":"https:\/\/zenkit.com\/en\/#website"},"primaryImageOfPage":{"@id":"https:\/\/zenkit.com\/en\/chat\/alternatives\/ringcentral-alternative\/#primaryimage"},"image":{"@id":"https:\/\/zenkit.com\/en\/chat\/alternatives\/ringcentral-alternative\/#primaryimage"},"thumbnailUrl":"https:\/\/zenkit.com\/wp-content\/uploads\/2025\/06\/check.svg","datePublished":"2023-04-25T08:39:04+00:00","dateModified":"2025-11-04T05:53:15+00:00","description":"Looking for a way to turn messages into tasks with one click? Then discover Zenchat's wide range of features!","breadcrumb":{"@id":"https:\/\/zenkit.com\/en\/chat\/alternatives\/ringcentral-alternative\/#breadcrumb"},"inLanguage":"en-US","potentialAction":[{"@type":"ReadAction","target":["https:\/\/zenkit.com\/en\/chat\/alternatives\/ringcentral-alternative\/"]}]},{"@type":"ImageObject","inLanguage":"en-US","@id":"https:\/\/zenkit.com\/en\/chat\/alternatives\/ringcentral-alternative\/#primaryimage","url":"https:\/\/zenkit.com\/wp-content\/uploads\/2025\/06\/check.svg","contentUrl":"https:\/\/zenkit.com\/wp-content\/uploads\/2025\/06\/check.svg"},{"@type":"BreadcrumbList","@id":"https:\/\/zenkit.com\/en\/chat\/alternatives\/ringcentral-alternative\/#breadcrumb","itemListElement":[{"@type":"ListItem","position":1,"name":"Home","item":"https:\/\/zenkit.com\/en\/"},{"@type":"ListItem","position":2,"name":"Zenchat","item":"https:\/\/zenkit.com\/en\/chat\/"},{"@type":"ListItem","position":3,"name":"Zenchat Alternatives","item":"https:\/\/zenkit.com\/en\/chat\/alternatives\/"},{"@type":"ListItem","position":4,"name":"RingCentral Alternative"}]},{"@type":"WebSite","@id":"https:\/\/zenkit.com\/en\/#website","url":"https:\/\/zenkit.com\/en\/","name":"Zenkit","description":"Zenkit Tagline","potentialAction":[{"@type":"SearchAction","target":{"@type":"EntryPoint","urlTemplate":"https:\/\/zenkit.com\/en\/?s={search_term_string}"},"query-input":{"@type":"PropertyValueSpecification","valueRequired":true,"valueName":"search_term_string"}}],"inLanguage":"en-US"},false]}},"yasr_visitor_votes":{"stars_attributes":{"read_only":false,"span_bottom":false},"number_of_votes":0,"sum_votes":0},"_links":{"self":[{"href":"https:\/\/zenkit.com\/en\/wp-json\/wp\/v2\/pages\/95304","targetHints":{"allow":["GET"]}}],"collection":[{"href":"https:\/\/zenkit.com\/en\/wp-json\/wp\/v2\/pages"}],"about":[{"href":"https:\/\/zenkit.com\/en\/wp-json\/wp\/v2\/types\/page"}],"author":[{"embeddable":true,"href":"https:\/\/zenkit.com\/en\/wp-json\/wp\/v2\/users\/39"}],"replies":[{"embeddable":true,"href":"https:\/\/zenkit.com\/en\/wp-json\/wp\/v2\/comments?post=95304"}],"version-history":[{"count":3,"href":"https:\/\/zenkit.com\/en\/wp-json\/wp\/v2\/pages\/95304\/revisions"}],"predecessor-version":[{"id":167049,"href":"https:\/\/zenkit.com\/en\/wp-json\/wp\/v2\/pages\/95304\/revisions\/167049"}],"up":[{"embeddable":true,"href":"https:\/\/zenkit.com\/en\/wp-json\/wp\/v2\/pages\/61024"}],"wp:attachment":[{"href":"https:\/\/zenkit.com\/en\/wp-json\/wp\/v2\/media?parent=95304"}],"curies":[{"name":"wp","href":"https:\/\/api.w.org\/{rel}","templated":true}]}}