{"id":100833,"date":"2023-05-20T00:06:20","date_gmt":"2023-05-19T22:06:20","guid":{"rendered":"https:\/\/zenkit.com\/hypernotes\/demo\/"},"modified":"2025-11-22T13:40:01","modified_gmt":"2025-11-22T12:40:01","slug":"demo","status":"publish","type":"page","link":"https:\/\/zenkit.com\/es\/hypernotes\/demo\/","title":{"rendered":"Hypernotes Demo"},"content":{"rendered":"\n<div class=\"wp-block-group has-global-padding is-layout-constrained wp-block-group-is-layout-constrained\">\n<div class=\"wp-block-group has-global-padding is-layout-constrained wp-container-core-group-is-layout-704e782a wp-block-group-is-layout-constrained\">\n<div style=\"height:45px;--tablet-height:45px;--mobile-height:16px\" class=\"wp-block-lookeen-blocks-responsive-spacer\"><\/div>\n\n\n\n<div class=\"wp-block-group has-global-padding is-layout-constrained wp-block-group-is-layout-constrained\" style=\"margin-bottom:10px\">\n<h1 class=\"wp-block-heading has-text-align-center subheading--blue\">CONSULTA GRATUITA CON UN&nbsp;EXPERTO EN GESTI\u00d3N DEL CONOCIMIENTO<\/h1>\n<\/div>\n\n\n\n<div class=\"wp-block-group has-global-padding is-layout-constrained wp-block-group-is-layout-constrained\">\n<h2 class=\"wp-block-heading has-text-align-center display-h1\" style=\"margin-bottom:8px\">En solo 20 minutos, le mostraremos la mejor manera para que todo su equipo comparta conocimientos<\/h2>\n\n\n\n<div style=\"height:80px;--tablet-height:36px;--mobile-height:26px\" class=\"wp-block-lookeen-blocks-responsive-spacer\"><\/div>\n<\/div>\n<\/div>\n<\/div>\n\n\n\n<div class=\"wp-block-group has-global-padding is-layout-constrained wp-block-group-is-layout-constrained\">\n<div class=\"wp-block-columns is-layout-flex wp-container-core-columns-is-layout-b8d659ec wp-block-columns-is-layout-flex\">\n<div class=\"wp-block-column is-vertically-aligned-center is-layout-flow wp-block-column-is-layout-flow\">\n<p style=\"font-size:20px;font-style:normal;font-weight:700;line-height:1.5\">Para asegurarnos de que aproveche al m\u00e1ximo esta demostraci\u00f3n personalizada, haremos lo siguiente:<\/p>\n\n\n\n<ul class=\"wp-block-list is-style-list-blue-check\">\n<li>Descripci\u00f3n general solo de las caracter\u00edsticas que&nbsp;se necesitan para su caso concreto.<\/li>\n\n\n\n<li>Muestra c\u00f3mo adaptar Hypernotes a tu&nbsp;empresa, metodolog\u00edas y equipo.<\/li>\n\n\n\n<li>Responda cualquier pregunta&nbsp;sobre la gesti\u00f3n de su conocimiento y la configuraci\u00f3n de su flujo de trabajo.<\/li>\n<\/ul>\n\n\n\n<div style=\"height:45px;--tablet-height:45px;--mobile-height:16px\" class=\"wp-block-lookeen-blocks-responsive-spacer\"><\/div>\n\n\n\n<p>\u201cZenkit Hypernotes es una soluci\u00f3n r\u00e1pida, limpia y adaptable. Es exactamente lo que necesita que sea sin el desorden habitual.&nbsp;Muy recomendable.\u00bb<\/p>\n\n\n\n<p><strong>Marc Thornton, Fundador de digital SHIFT, Reino Unido<\/strong><\/p>\n<\/div>\n\n\n\n<div class=\"wp-block-column is-layout-flow wp-block-column-is-layout-flow\"><div class=\"zenkit-demo-iframe-wrap\">\r\n    <iframe\r\n        src=\"https:\/\/public.zenkit.com\/f\/BHDPo4P5x\/zenkit-book-a-demo-form?v=_lHvIatWY&#038;entry=%7B%221b7cfd92-7bc7-43c3-b9a7-117ab3b71dd5_categories%22%3A%5B12787175%5D%2C%22804f69d8-4a89-439c-82ab-bcdc41d73e41_categories%22%3A%5B13262632%5D%2C%22ce611851-cf99-4854-9c44-2d8d7a1786a8_categories%22%3A%5B13602893%5D%7D\"\r\n         style=\"border:0;min-height:700px;\"\r\n        loading=\"lazy\"\r\n        referrerpolicy=\"no-referrer-when-downgrade\"\r\n        sandbox=\"allow-scripts allow-forms allow-same-origin\"\r\n        class=\"border-radius--20 box__shadow\"\r\n    ><\/iframe>\r\n            <div style=\"margin-top:8px;font:12px\/1.4 system-ui,Segoe UI,Roboto,sans-serif;color:#475569;\">\r\n            <strong>Preview:<\/strong> redirects disabled. Variant=<code>new<\/code>\r\n        <\/div>\r\n    <\/div>\r\n<\/div>\n<\/div>\n<\/div>\n\n\n\n<div class=\"wp-block-group has-global-padding is-layout-constrained wp-block-group-is-layout-constrained\">\n<div style=\"height:88px;--tablet-height:72px;--mobile-height:36px\" class=\"wp-block-lookeen-blocks-responsive-spacer\"><\/div>\n\n\n\n<h3 class=\"wp-block-heading has-text-align-center\" style=\"margin-top:0px;margin-bottom:0px\">Tendr\u00e1 una llamada de demostraci\u00f3n con<br>Uno de nuestros expertos en gesti\u00f3n del conocimiento<\/h3>\n\n\n\n<div style=\"height:45px;--tablet-height:45px;--mobile-height:16px\" class=\"wp-block-lookeen-blocks-responsive-spacer\"><\/div>\n\n\n\n<div class=\"wp-block-group is-content-justification-center is-nowrap is-layout-flex wp-container-core-group-is-layout-57810ade wp-block-group-is-layout-flex\">\n<div class=\"wp-block-group has-global-padding is-layout-constrained wp-block-group-is-layout-constrained\">\n<figure class=\"wp-block-image aligncenter size-full is-resized has-custom-border\"><img loading=\"lazy\" decoding=\"async\" width=\"400\" height=\"400\" src=\"https:\/\/zenkit.com\/wp-content\/uploads\/2023\/06\/martin.jpg\" alt=\"Martin Welker\" class=\"wp-image-98250\" style=\"border-radius:100%;object-fit:cover;width:200px;height:200px\" srcset=\"https:\/\/zenkit.com\/wp-content\/uploads\/2023\/06\/martin.jpg 400w, https:\/\/zenkit.com\/wp-content\/uploads\/2023\/06\/martin-300x300.jpg 300w, https:\/\/zenkit.com\/wp-content\/uploads\/2023\/06\/martin-150x150.jpg 150w, https:\/\/zenkit.com\/wp-content\/uploads\/2023\/06\/martin-24x24.jpg 24w, https:\/\/zenkit.com\/wp-content\/uploads\/2023\/06\/martin-48x48.jpg 48w, https:\/\/zenkit.com\/wp-content\/uploads\/2023\/06\/martin-96x96.jpg 96w\" sizes=\"auto, (max-width: 400px) 100vw, 400px\" \/><\/figure>\n\n\n\n<h3 class=\"wp-block-heading has-text-align-center\" style=\"margin-bottom:8px\">Martin Welker<\/h3>\n\n\n\n<p class=\"has-text-align-center\">Experto en Gesti\u00f3n del Conocimiento<\/p>\n<\/div>\n\n\n\n<div class=\"wp-block-group has-global-padding is-layout-constrained wp-block-group-is-layout-constrained\">\n<figure class=\"wp-block-image aligncenter size-full is-resized has-custom-border\"><img loading=\"lazy\" decoding=\"async\" width=\"640\" height=\"639\" src=\"https:\/\/zenkit.com\/wp-content\/uploads\/2023\/05\/peter-oehler.jpg\" alt=\"Peter Oehler\" class=\"wp-image-97071\" style=\"border-radius:100%;object-fit:cover;width:200px;height:200px\" srcset=\"https:\/\/zenkit.com\/wp-content\/uploads\/2023\/05\/peter-oehler.jpg 640w, https:\/\/zenkit.com\/wp-content\/uploads\/2023\/05\/peter-oehler-300x300.jpg 300w, https:\/\/zenkit.com\/wp-content\/uploads\/2023\/05\/peter-oehler-150x150.jpg 150w, https:\/\/zenkit.com\/wp-content\/uploads\/2023\/05\/peter-oehler-24x24.jpg 24w, https:\/\/zenkit.com\/wp-content\/uploads\/2023\/05\/peter-oehler-48x48.jpg 48w, https:\/\/zenkit.com\/wp-content\/uploads\/2023\/05\/peter-oehler-96x96.jpg 96w\" sizes=\"auto, (max-width: 640px) 100vw, 640px\" \/><\/figure>\n\n\n\n<h3 class=\"wp-block-heading has-text-align-center\" style=\"margin-bottom:8px\">Peter Oehler<\/h3>\n\n\n\n<p class=\"has-text-align-center\">Experto en Gesti\u00f3n del Conocimiento<\/p>\n<\/div>\n<\/div>\n<\/div>\n\n\n\n<div style=\"height:110px;--tablet-height:60px;--mobile-height:48px\" class=\"wp-block-lookeen-blocks-responsive-spacer\"><\/div>\n","protected":false},"excerpt":{"rendered":"<p>CONSULTA GRATUITA CON UN&nbsp;EXPERTO EN GESTI\u00d3N DEL CONOCIMIENTO En solo 20 minutos, le mostraremos la mejor manera para que todo su equipo comparta conocimientos Para asegurarnos de que aproveche al m\u00e1ximo esta demostraci\u00f3n personalizada, haremos lo siguiente: \u201cZenkit Hypernotes es una soluci\u00f3n r\u00e1pida, limpia y adaptable. Es exactamente lo que necesita que sea sin el [&hellip;]<\/p>\n","protected":false},"author":30,"featured_media":0,"parent":67687,"menu_order":4,"comment_status":"closed","ping_status":"closed","template":"wp-custom-template-es-page-hypernotes-demo","meta":{"yasr_overall_rating":0,"yasr_post_is_review":"","yasr_auto_insert_disabled":"","yasr_review_type":"","footnotes":""},"class_list":["post-100833","page","type-page","status-publish","hentry"],"yoast_head":"<!-- This site is optimized with the Yoast SEO plugin v27.3 - https:\/\/yoast.com\/product\/yoast-seo-wordpress\/ -->\n<title>Hypernotes Demo | Zenkit<\/title>\n<meta name=\"description\" content=\"In Just 20 Minutes, We\u2019ll Show You the Best Way for Your Whole Team to Share Knowledge.\" \/>\n<meta name=\"robots\" content=\"index, follow, max-snippet:-1, max-image-preview:large, max-video-preview:-1\" \/>\n<link rel=\"canonical\" href=\"https:\/\/zenkit.com\/es\/hypernotes\/demo\/\" \/>\n<meta property=\"og:locale\" content=\"es_ES\" \/>\n<meta property=\"og:type\" content=\"article\" \/>\n<meta property=\"og:title\" content=\"Hypernotes Demo | Zenkit\" \/>\n<meta property=\"og:description\" content=\"In Just 20 Minutes, We\u2019ll Show You the Best Way for Your Whole Team to Share Knowledge.\" \/>\n<meta property=\"og:url\" content=\"https:\/\/zenkit.com\/es\/hypernotes\/demo\/\" \/>\n<meta property=\"og:site_name\" content=\"Zenkit\" \/>\n<meta property=\"article:publisher\" content=\"https:\/\/www.facebook.com\/ZenkitHQ\" \/>\n<meta property=\"article:modified_time\" content=\"2025-11-22T12:40:01+00:00\" \/>\n<meta property=\"og:image\" content=\"https:\/\/zenkit.com\/wp-content\/uploads\/2023\/06\/martin.jpg\" \/>\n\t<meta property=\"og:image:width\" content=\"400\" \/>\n\t<meta property=\"og:image:height\" content=\"400\" \/>\n\t<meta property=\"og:image:type\" content=\"image\/jpeg\" \/>\n<meta name=\"twitter:card\" content=\"summary_large_image\" \/>\n<meta name=\"twitter:site\" content=\"@ZenkitHQ\" \/>\n<meta name=\"twitter:label1\" content=\"Tiempo de lectura\" \/>\n\t<meta name=\"twitter:data1\" content=\"7 minutos\" \/>\n<script type=\"application\/ld+json\" class=\"yoast-schema-graph\">{\"@context\":\"https:\\\/\\\/schema.org\",\"@graph\":[{\"@type\":\"WebPage\",\"@id\":\"https:\\\/\\\/zenkit.com\\\/es\\\/hypernotes\\\/demo\\\/\",\"url\":\"https:\\\/\\\/zenkit.com\\\/es\\\/hypernotes\\\/demo\\\/\",\"name\":\"Hypernotes Demo | Zenkit\",\"isPartOf\":{\"@id\":\"https:\\\/\\\/zenkit.com\\\/es\\\/#website\"},\"primaryImageOfPage\":{\"@id\":\"https:\\\/\\\/zenkit.com\\\/es\\\/hypernotes\\\/demo\\\/#primaryimage\"},\"image\":{\"@id\":\"https:\\\/\\\/zenkit.com\\\/es\\\/hypernotes\\\/demo\\\/#primaryimage\"},\"thumbnailUrl\":\"https:\\\/\\\/zenkit.com\\\/wp-content\\\/uploads\\\/2023\\\/06\\\/martin.jpg\",\"datePublished\":\"2023-05-19T22:06:20+00:00\",\"dateModified\":\"2025-11-22T12:40:01+00:00\",\"description\":\"In Just 20 Minutes, We\u2019ll Show You the Best Way for Your Whole Team to Share Knowledge.\",\"breadcrumb\":{\"@id\":\"https:\\\/\\\/zenkit.com\\\/es\\\/hypernotes\\\/demo\\\/#breadcrumb\"},\"inLanguage\":\"es\",\"potentialAction\":[{\"@type\":\"ReadAction\",\"target\":[\"https:\\\/\\\/zenkit.com\\\/es\\\/hypernotes\\\/demo\\\/\"]}]},{\"@type\":\"ImageObject\",\"inLanguage\":\"es\",\"@id\":\"https:\\\/\\\/zenkit.com\\\/es\\\/hypernotes\\\/demo\\\/#primaryimage\",\"url\":\"https:\\\/\\\/zenkit.com\\\/wp-content\\\/uploads\\\/2023\\\/06\\\/martin.jpg\",\"contentUrl\":\"https:\\\/\\\/zenkit.com\\\/wp-content\\\/uploads\\\/2023\\\/06\\\/martin.jpg\"},{\"@type\":\"BreadcrumbList\",\"@id\":\"https:\\\/\\\/zenkit.com\\\/es\\\/hypernotes\\\/demo\\\/#breadcrumb\",\"itemListElement\":[{\"@type\":\"ListItem\",\"position\":1,\"name\":\"Home\",\"item\":\"https:\\\/\\\/zenkit.com\\\/es\\\/\"},{\"@type\":\"ListItem\",\"position\":2,\"name\":\"Zenkit Hypernotes\",\"item\":\"https:\\\/\\\/zenkit.com\\\/es\\\/hypernotes\\\/\"},{\"@type\":\"ListItem\",\"position\":3,\"name\":\"Hypernotes Demo\"}]},{\"@type\":\"WebSite\",\"@id\":\"https:\\\/\\\/zenkit.com\\\/es\\\/#website\",\"url\":\"https:\\\/\\\/zenkit.com\\\/es\\\/\",\"name\":\"Zenkit\",\"description\":\"Zenkit Tagline\",\"potentialAction\":[{\"@type\":\"SearchAction\",\"target\":{\"@type\":\"EntryPoint\",\"urlTemplate\":\"https:\\\/\\\/zenkit.com\\\/es\\\/?s={search_term_string}\"},\"query-input\":{\"@type\":\"PropertyValueSpecification\",\"valueRequired\":true,\"valueName\":\"search_term_string\"}}],\"inLanguage\":\"es\"},false]}<\/script>\n<!-- \/ Yoast SEO plugin. -->","yoast_head_json":{"title":"Hypernotes Demo | Zenkit","description":"In Just 20 Minutes, We\u2019ll Show You the Best Way for Your Whole Team to Share Knowledge.","robots":{"index":"index","follow":"follow","max-snippet":"max-snippet:-1","max-image-preview":"max-image-preview:large","max-video-preview":"max-video-preview:-1"},"canonical":"https:\/\/zenkit.com\/es\/hypernotes\/demo\/","og_locale":"es_ES","og_type":"article","og_title":"Hypernotes Demo | Zenkit","og_description":"In Just 20 Minutes, We\u2019ll Show You the Best Way for Your Whole Team to Share Knowledge.","og_url":"https:\/\/zenkit.com\/es\/hypernotes\/demo\/","og_site_name":"Zenkit","article_publisher":"https:\/\/www.facebook.com\/ZenkitHQ","article_modified_time":"2025-11-22T12:40:01+00:00","og_image":[{"width":400,"height":400,"url":"https:\/\/zenkit.com\/wp-content\/uploads\/2023\/06\/martin.jpg","type":"image\/jpeg"}],"twitter_card":"summary_large_image","twitter_site":"@ZenkitHQ","twitter_misc":{"Tiempo de lectura":"7 minutos"},"schema":{"@context":"https:\/\/schema.org","@graph":[{"@type":"WebPage","@id":"https:\/\/zenkit.com\/es\/hypernotes\/demo\/","url":"https:\/\/zenkit.com\/es\/hypernotes\/demo\/","name":"Hypernotes Demo | Zenkit","isPartOf":{"@id":"https:\/\/zenkit.com\/es\/#website"},"primaryImageOfPage":{"@id":"https:\/\/zenkit.com\/es\/hypernotes\/demo\/#primaryimage"},"image":{"@id":"https:\/\/zenkit.com\/es\/hypernotes\/demo\/#primaryimage"},"thumbnailUrl":"https:\/\/zenkit.com\/wp-content\/uploads\/2023\/06\/martin.jpg","datePublished":"2023-05-19T22:06:20+00:00","dateModified":"2025-11-22T12:40:01+00:00","description":"In Just 20 Minutes, We\u2019ll Show You the Best Way for Your Whole Team to Share Knowledge.","breadcrumb":{"@id":"https:\/\/zenkit.com\/es\/hypernotes\/demo\/#breadcrumb"},"inLanguage":"es","potentialAction":[{"@type":"ReadAction","target":["https:\/\/zenkit.com\/es\/hypernotes\/demo\/"]}]},{"@type":"ImageObject","inLanguage":"es","@id":"https:\/\/zenkit.com\/es\/hypernotes\/demo\/#primaryimage","url":"https:\/\/zenkit.com\/wp-content\/uploads\/2023\/06\/martin.jpg","contentUrl":"https:\/\/zenkit.com\/wp-content\/uploads\/2023\/06\/martin.jpg"},{"@type":"BreadcrumbList","@id":"https:\/\/zenkit.com\/es\/hypernotes\/demo\/#breadcrumb","itemListElement":[{"@type":"ListItem","position":1,"name":"Home","item":"https:\/\/zenkit.com\/es\/"},{"@type":"ListItem","position":2,"name":"Zenkit Hypernotes","item":"https:\/\/zenkit.com\/es\/hypernotes\/"},{"@type":"ListItem","position":3,"name":"Hypernotes Demo"}]},{"@type":"WebSite","@id":"https:\/\/zenkit.com\/es\/#website","url":"https:\/\/zenkit.com\/es\/","name":"Zenkit","description":"Zenkit Tagline","potentialAction":[{"@type":"SearchAction","target":{"@type":"EntryPoint","urlTemplate":"https:\/\/zenkit.com\/es\/?s={search_term_string}"},"query-input":{"@type":"PropertyValueSpecification","valueRequired":true,"valueName":"search_term_string"}}],"inLanguage":"es"},false]}},"yasr_visitor_votes":{"stars_attributes":{"read_only":false,"span_bottom":false},"number_of_votes":0,"sum_votes":0},"_links":{"self":[{"href":"https:\/\/zenkit.com\/es\/wp-json\/wp\/v2\/pages\/100833","targetHints":{"allow":["GET"]}}],"collection":[{"href":"https:\/\/zenkit.com\/es\/wp-json\/wp\/v2\/pages"}],"about":[{"href":"https:\/\/zenkit.com\/es\/wp-json\/wp\/v2\/types\/page"}],"author":[{"embeddable":true,"href":"https:\/\/zenkit.com\/es\/wp-json\/wp\/v2\/users\/30"}],"replies":[{"embeddable":true,"href":"https:\/\/zenkit.com\/es\/wp-json\/wp\/v2\/comments?post=100833"}],"version-history":[{"count":6,"href":"https:\/\/zenkit.com\/es\/wp-json\/wp\/v2\/pages\/100833\/revisions"}],"predecessor-version":[{"id":174629,"href":"https:\/\/zenkit.com\/es\/wp-json\/wp\/v2\/pages\/100833\/revisions\/174629"}],"up":[{"embeddable":true,"href":"https:\/\/zenkit.com\/es\/wp-json\/wp\/v2\/pages\/67687"}],"wp:attachment":[{"href":"https:\/\/zenkit.com\/es\/wp-json\/wp\/v2\/media?parent=100833"}],"curies":[{"name":"wp","href":"https:\/\/api.w.org\/{rel}","templated":true}]}}