{"id":12062,"date":"2018-06-23T23:56:00","date_gmt":"2018-06-23T21:56:00","guid":{"rendered":"https:\/\/zenkit.com\/?page_id=12062"},"modified":"2025-09-04T07:16:17","modified_gmt":"2025-09-04T05:16:17","slug":"boletin-informativo","status":"publish","type":"page","link":"https:\/\/zenkit.com\/es\/boletin-informativo\/","title":{"rendered":"Bolet\u00edn informativo"},"content":{"rendered":"\n<div class=\"wp-block-group has-global-padding is-layout-constrained wp-block-group-is-layout-constrained\">\n<div class=\"wp-block-group width--950 has-global-padding is-layout-constrained wp-block-group-is-layout-constrained\">\n<div style=\"height:45px;--tablet-height:45px;--mobile-height:16px\" class=\"wp-block-lookeen-blocks-responsive-spacer\"><\/div>\n\n\n\n<div class=\"wp-block-group has-global-padding is-layout-constrained wp-block-group-is-layout-constrained\">\n<h1 class=\"wp-block-heading has-text-align-center\" style=\"margin-bottom:8px\">Zenkit Newsletter<\/h1>\n<\/div>\n\n\n\n<div class=\"wp-block-group has-global-padding is-layout-constrained wp-block-group-is-layout-constrained\">\n<p class=\"has-text-align-center subheading\">\u00danase a nuestro bolet\u00edn de noticias para mantenerse al d\u00eda con las \u00faltimas funciones, sugerencias y trucos, y conozca m\u00e1s acerca de las pr\u00f3ximas funciones<\/p>\n<\/div>\n<\/div>\n\n\n\n<div style=\"height:88px;--tablet-height:72px;--mobile-height:40px\" class=\"wp-block-lookeen-blocks-responsive-spacer\"><\/div>\n<\/div>\n\n\n\n<div class=\"wp-block-group has-global-padding is-layout-constrained wp-block-group-is-layout-constrained\">\n<div class=\"wp-block-group width--450 has-global-padding is-layout-constrained wp-block-group-is-layout-constrained\">\n<iframe id=\"contact-form\" class=\"border-radius--20\" style=\"width: 100%; min-height: 550px; background: transparent; border: 0; box-shadow: 0 0 20px rgb(0 0 0 \/ 10%);\" src=\"https:\/\/public.zenkit.com\/f\/tBoFXkfp0Q\/zenkit-newsletter-form?v=NxNKxu5HC\" allowfullscreen=\"allowfullscreen\">\n<a href=\"https:\/\/public.zenkit.com\/f\/tBoFXkfp0Q\/zenkit-newsletter-form?v=N_wd6kZvO\" target=\"_blank\">\nYour browser doesn&#8217;t support iframes. Click here to open the content in a new tab.\n<\/a>\n<\/iframe>\n<\/div>\n\n\n\n<div style=\"height:88px;--tablet-height:72px;--mobile-height:40px\" class=\"wp-block-lookeen-blocks-responsive-spacer\"><\/div>\n<\/div>\n\n\n\n<div class=\"wp-block-group has-global-padding is-layout-constrained wp-block-group-is-layout-constrained\">\n<div class=\"wp-block-group has-global-padding is-layout-constrained wp-container-core-group-is-layout-bdbfdc43 wp-block-group-is-layout-constrained\">\n<figure class=\"wp-block-image aligncenter size-full\" style=\"margin-bottom:8px\"><img decoding=\"async\" src=\"https:\/\/zenkit.com\/wp-content\/uploads\/2025\/01\/info.svg\" alt=\"\" class=\"wp-image-109380\"\/><\/figure>\n\n\n\n<p class=\"has-text-align-center has-da-grey-1-color has-text-color has-link-color wp-elements-2dc226c210612a6a9515dd69f61c4648\">P.D. \u00a1Nunca le enviaremos spam ni compartiremos su direcci\u00f3n con terceros! Si alguna vez desea darse de baja, haga clic en el enlace para darse de baja en la parte inferior de cada correo electr\u00f3nico.<\/p>\n<\/div>\n<\/div>\n\n\n\n<div style=\"height:110px;--tablet-height:60px;--mobile-height:48px\" class=\"wp-block-lookeen-blocks-responsive-spacer\"><\/div>\n","protected":false},"excerpt":{"rendered":"<p>Zenkit Newsletter \u00danase a nuestro bolet\u00edn de noticias para mantenerse al d\u00eda con las \u00faltimas funciones, sugerencias y trucos, y conozca m\u00e1s acerca de las pr\u00f3ximas funciones Your browser doesn&#8217;t support iframes. Click here to open the content in a new tab. P.D. \u00a1Nunca le enviaremos spam ni compartiremos su direcci\u00f3n con terceros! Si alguna [&hellip;]<\/p>\n","protected":false},"author":1,"featured_media":0,"parent":0,"menu_order":4,"comment_status":"closed","ping_status":"closed","template":"","meta":{"yasr_overall_rating":0,"yasr_post_is_review":"","yasr_auto_insert_disabled":"","yasr_review_type":"","footnotes":""},"class_list":["post-12062","page","type-page","status-publish","hentry"],"yoast_head":"<!-- This site is optimized with the Yoast SEO plugin v27.4 - https:\/\/yoast.com\/product\/yoast-seo-wordpress\/ -->\n<title>Bolet\u00edn informativo | Zenkit<\/title>\n<meta name=\"description\" content=\"Reciba las \u00faltimas noticias y actualizaciones de nuestro equipo. Suscr\u00edbase al bolet\u00edn informativo de Zenkit para recibir notificaciones sobre nuevos art\u00edculos del blog o para conocer las funciones m\u00e1s nuevas de Zenkit.\" \/>\n<meta name=\"robots\" content=\"index, follow, max-snippet:-1, max-image-preview:large, max-video-preview:-1\" \/>\n<link rel=\"canonical\" href=\"https:\/\/zenkit.com\/es\/boletin-informativo\/\" \/>\n<meta property=\"og:locale\" content=\"es_ES\" \/>\n<meta property=\"og:type\" content=\"article\" \/>\n<meta property=\"og:title\" content=\"Bolet\u00edn informativo | Zenkit\" \/>\n<meta property=\"og:description\" content=\"Reciba las \u00faltimas noticias y actualizaciones de nuestro equipo. Suscr\u00edbase al bolet\u00edn informativo de Zenkit para recibir notificaciones sobre nuevos art\u00edculos del blog o para conocer las funciones m\u00e1s nuevas de Zenkit.\" \/>\n<meta property=\"og:url\" content=\"https:\/\/zenkit.com\/es\/boletin-informativo\/\" \/>\n<meta property=\"og:site_name\" content=\"Zenkit\" \/>\n<meta property=\"article:publisher\" content=\"https:\/\/www.facebook.com\/ZenkitHQ\" \/>\n<meta property=\"article:modified_time\" content=\"2025-09-04T05:16:17+00:00\" \/>\n<meta property=\"og:image\" content=\"https:\/\/zenkit.com\/wp-content\/uploads\/2025\/01\/info.svg\" \/>\n<meta name=\"twitter:card\" content=\"summary_large_image\" \/>\n<meta name=\"twitter:site\" content=\"@ZenkitHQ\" \/>\n<script type=\"application\/ld+json\" class=\"yoast-schema-graph\">{\"@context\":\"https:\\\/\\\/schema.org\",\"@graph\":[{\"@type\":\"WebPage\",\"@id\":\"https:\\\/\\\/zenkit.com\\\/es\\\/boletin-informativo\\\/\",\"url\":\"https:\\\/\\\/zenkit.com\\\/es\\\/boletin-informativo\\\/\",\"name\":\"Bolet\u00edn informativo | Zenkit\",\"isPartOf\":{\"@id\":\"https:\\\/\\\/zenkit.com\\\/es\\\/#website\"},\"primaryImageOfPage\":{\"@id\":\"https:\\\/\\\/zenkit.com\\\/es\\\/boletin-informativo\\\/#primaryimage\"},\"image\":{\"@id\":\"https:\\\/\\\/zenkit.com\\\/es\\\/boletin-informativo\\\/#primaryimage\"},\"thumbnailUrl\":\"https:\\\/\\\/zenkit.com\\\/wp-content\\\/uploads\\\/2025\\\/01\\\/info.svg\",\"datePublished\":\"2018-06-23T21:56:00+00:00\",\"dateModified\":\"2025-09-04T05:16:17+00:00\",\"description\":\"Reciba las \u00faltimas noticias y actualizaciones de nuestro equipo. Suscr\u00edbase al bolet\u00edn informativo de Zenkit para recibir notificaciones sobre nuevos art\u00edculos del blog o para conocer las funciones m\u00e1s nuevas de Zenkit.\",\"breadcrumb\":{\"@id\":\"https:\\\/\\\/zenkit.com\\\/es\\\/boletin-informativo\\\/#breadcrumb\"},\"inLanguage\":\"es\",\"potentialAction\":[{\"@type\":\"ReadAction\",\"target\":[\"https:\\\/\\\/zenkit.com\\\/es\\\/boletin-informativo\\\/\"]}]},{\"@type\":\"ImageObject\",\"inLanguage\":\"es\",\"@id\":\"https:\\\/\\\/zenkit.com\\\/es\\\/boletin-informativo\\\/#primaryimage\",\"url\":\"https:\\\/\\\/zenkit.com\\\/wp-content\\\/uploads\\\/2025\\\/01\\\/info.svg\",\"contentUrl\":\"https:\\\/\\\/zenkit.com\\\/wp-content\\\/uploads\\\/2025\\\/01\\\/info.svg\"},{\"@type\":\"BreadcrumbList\",\"@id\":\"https:\\\/\\\/zenkit.com\\\/es\\\/boletin-informativo\\\/#breadcrumb\",\"itemListElement\":[{\"@type\":\"ListItem\",\"position\":1,\"name\":\"Home\",\"item\":\"https:\\\/\\\/zenkit.com\\\/es\\\/\"},{\"@type\":\"ListItem\",\"position\":2,\"name\":\"Bolet\u00edn informativo\"}]},{\"@type\":\"WebSite\",\"@id\":\"https:\\\/\\\/zenkit.com\\\/es\\\/#website\",\"url\":\"https:\\\/\\\/zenkit.com\\\/es\\\/\",\"name\":\"Zenkit\",\"description\":\"Zenkit Tagline\",\"potentialAction\":[{\"@type\":\"SearchAction\",\"target\":{\"@type\":\"EntryPoint\",\"urlTemplate\":\"https:\\\/\\\/zenkit.com\\\/es\\\/?s={search_term_string}\"},\"query-input\":{\"@type\":\"PropertyValueSpecification\",\"valueRequired\":true,\"valueName\":\"search_term_string\"}}],\"inLanguage\":\"es\"},false]}<\/script>\n<!-- \/ Yoast SEO plugin. -->","yoast_head_json":{"title":"Bolet\u00edn informativo | Zenkit","description":"Reciba las \u00faltimas noticias y actualizaciones de nuestro equipo. Suscr\u00edbase al bolet\u00edn informativo de Zenkit para recibir notificaciones sobre nuevos art\u00edculos del blog o para conocer las funciones m\u00e1s nuevas de Zenkit.","robots":{"index":"index","follow":"follow","max-snippet":"max-snippet:-1","max-image-preview":"max-image-preview:large","max-video-preview":"max-video-preview:-1"},"canonical":"https:\/\/zenkit.com\/es\/boletin-informativo\/","og_locale":"es_ES","og_type":"article","og_title":"Bolet\u00edn informativo | Zenkit","og_description":"Reciba las \u00faltimas noticias y actualizaciones de nuestro equipo. Suscr\u00edbase al bolet\u00edn informativo de Zenkit para recibir notificaciones sobre nuevos art\u00edculos del blog o para conocer las funciones m\u00e1s nuevas de Zenkit.","og_url":"https:\/\/zenkit.com\/es\/boletin-informativo\/","og_site_name":"Zenkit","article_publisher":"https:\/\/www.facebook.com\/ZenkitHQ","article_modified_time":"2025-09-04T05:16:17+00:00","og_image":[{"url":"https:\/\/zenkit.com\/wp-content\/uploads\/2025\/01\/info.svg","type":"","width":"","height":""}],"twitter_card":"summary_large_image","twitter_site":"@ZenkitHQ","schema":{"@context":"https:\/\/schema.org","@graph":[{"@type":"WebPage","@id":"https:\/\/zenkit.com\/es\/boletin-informativo\/","url":"https:\/\/zenkit.com\/es\/boletin-informativo\/","name":"Bolet\u00edn informativo | Zenkit","isPartOf":{"@id":"https:\/\/zenkit.com\/es\/#website"},"primaryImageOfPage":{"@id":"https:\/\/zenkit.com\/es\/boletin-informativo\/#primaryimage"},"image":{"@id":"https:\/\/zenkit.com\/es\/boletin-informativo\/#primaryimage"},"thumbnailUrl":"https:\/\/zenkit.com\/wp-content\/uploads\/2025\/01\/info.svg","datePublished":"2018-06-23T21:56:00+00:00","dateModified":"2025-09-04T05:16:17+00:00","description":"Reciba las \u00faltimas noticias y actualizaciones de nuestro equipo. Suscr\u00edbase al bolet\u00edn informativo de Zenkit para recibir notificaciones sobre nuevos art\u00edculos del blog o para conocer las funciones m\u00e1s nuevas de Zenkit.","breadcrumb":{"@id":"https:\/\/zenkit.com\/es\/boletin-informativo\/#breadcrumb"},"inLanguage":"es","potentialAction":[{"@type":"ReadAction","target":["https:\/\/zenkit.com\/es\/boletin-informativo\/"]}]},{"@type":"ImageObject","inLanguage":"es","@id":"https:\/\/zenkit.com\/es\/boletin-informativo\/#primaryimage","url":"https:\/\/zenkit.com\/wp-content\/uploads\/2025\/01\/info.svg","contentUrl":"https:\/\/zenkit.com\/wp-content\/uploads\/2025\/01\/info.svg"},{"@type":"BreadcrumbList","@id":"https:\/\/zenkit.com\/es\/boletin-informativo\/#breadcrumb","itemListElement":[{"@type":"ListItem","position":1,"name":"Home","item":"https:\/\/zenkit.com\/es\/"},{"@type":"ListItem","position":2,"name":"Bolet\u00edn informativo"}]},{"@type":"WebSite","@id":"https:\/\/zenkit.com\/es\/#website","url":"https:\/\/zenkit.com\/es\/","name":"Zenkit","description":"Zenkit Tagline","potentialAction":[{"@type":"SearchAction","target":{"@type":"EntryPoint","urlTemplate":"https:\/\/zenkit.com\/es\/?s={search_term_string}"},"query-input":{"@type":"PropertyValueSpecification","valueRequired":true,"valueName":"search_term_string"}}],"inLanguage":"es"},false]}},"yasr_visitor_votes":{"stars_attributes":{"read_only":false,"span_bottom":false},"number_of_votes":0,"sum_votes":0},"_links":{"self":[{"href":"https:\/\/zenkit.com\/es\/wp-json\/wp\/v2\/pages\/12062","targetHints":{"allow":["GET"]}}],"collection":[{"href":"https:\/\/zenkit.com\/es\/wp-json\/wp\/v2\/pages"}],"about":[{"href":"https:\/\/zenkit.com\/es\/wp-json\/wp\/v2\/types\/page"}],"author":[{"embeddable":true,"href":"https:\/\/zenkit.com\/es\/wp-json\/wp\/v2\/users\/1"}],"replies":[{"embeddable":true,"href":"https:\/\/zenkit.com\/es\/wp-json\/wp\/v2\/comments?post=12062"}],"version-history":[{"count":3,"href":"https:\/\/zenkit.com\/es\/wp-json\/wp\/v2\/pages\/12062\/revisions"}],"predecessor-version":[{"id":134131,"href":"https:\/\/zenkit.com\/es\/wp-json\/wp\/v2\/pages\/12062\/revisions\/134131"}],"wp:attachment":[{"href":"https:\/\/zenkit.com\/es\/wp-json\/wp\/v2\/media?parent=12062"}],"curies":[{"name":"wp","href":"https:\/\/api.w.org\/{rel}","templated":true}]}}