{"id":12086,"date":"2018-06-24T00:34:36","date_gmt":"2018-06-23T22:34:36","guid":{"rendered":"https:\/\/zenkit.com\/?page_id=12086"},"modified":"2025-11-23T20:44:35","modified_gmt":"2025-11-23T19:44:35","slug":"casos-de-uso","status":"publish","type":"page","link":"https:\/\/zenkit.com\/es\/casos-de-uso\/","title":{"rendered":"Casos de uso"},"content":{"rendered":"\n<div class=\"wp-block-group has-global-padding is-layout-constrained wp-block-group-is-layout-constrained\">\n<div class=\"wp-block-group width--950 has-global-padding is-layout-constrained wp-block-group-is-layout-constrained\">\n<div style=\"height:45px;--tablet-height:45px;--mobile-height:16px\" class=\"wp-block-lookeen-blocks-responsive-spacer\"><\/div>\n\n\n\n<div class=\"wp-block-group has-global-padding is-layout-constrained wp-block-group-is-layout-constrained\">\n<h1 class=\"wp-block-heading has-text-align-center\" style=\"margin-bottom:8px\">Cualquier equipo puede usar Zenkit<\/h1>\n<\/div>\n\n\n\n<div class=\"wp-block-group has-global-padding is-layout-constrained wp-block-group-is-layout-constrained\">\n<p class=\"has-text-align-center subheading\">Zenkit es lo suficientemente flexible para soportar cualquier equipo y cualquier flujo de trabajo. Explore c\u00f3mo su equipo puede beneficiarse de las poderosas caracter\u00edsticas de Zenkit.<\/p>\n\n\n\n<div class=\"wp-block-buttons is-content-justification-center is-layout-flex wp-container-core-buttons-is-layout-a89b3969 wp-block-buttons-is-layout-flex\">\n<div class=\"wp-block-button\"><a class=\"wp-block-button__link wp-element-button\" href=\"https:\/\/app.zenkit.com\/register\" target=\"_blank\" rel=\"noreferrer noopener\">Unirse a Zenkit<\/a><\/div>\n<\/div>\n<\/div>\n\n\n\n<div style=\"height:48px;--tablet-height:36px;--mobile-height:24px\" class=\"wp-block-lookeen-blocks-responsive-spacer\"><\/div>\n<\/div>\n<\/div>\n\n\n\n<div class=\"wp-block-group has-global-padding is-layout-constrained wp-block-group-is-layout-constrained\">\n<div class=\"wp-block-group application__grid has-global-padding is-layout-constrained wp-block-group-is-layout-constrained\">\n<div class=\"wp-block-group application__box has-global-padding is-layout-constrained wp-block-group-is-layout-constrained\" style=\"border-radius:20px\">\n<h3 class=\"wp-block-heading has-text-align-center card__title\" style=\"font-size:20px\">Project Management<\/h3>\n\n\n\n<p class=\"has-text-align-center has-da-grey-1-color has-text-color has-link-color wp-elements-e4ba943addc7bc5ce353f05adfeba5ae\" style=\"margin-bottom:16px\">Cree la soluci\u00f3n de gesti\u00f3n del proyecto perfecta con Zenkit. Haga un seguimiento del progreso, colabore con su equipo y entregue sus proyectos a tiempo.<\/p>\n\n\n\n<p class=\"has-text-align-center read__more\" style=\"font-style:normal;font-weight:700\"><a href=\"https:\/\/zenkit.com\/es\/soluciones\/gestion-del-proyecto\/\" data-type=\"page\" data-id=\"12842\">Leer mas<\/a><\/p>\n<\/div>\n\n\n\n<div class=\"wp-block-group application__box has-global-padding is-layout-constrained wp-block-group-is-layout-constrained\" style=\"border-radius:20px\">\n<h3 class=\"wp-block-heading has-text-align-center card__title\" style=\"font-size:20px\">Gantt Charts<\/h3>\n\n\n\n<p class=\"has-text-align-center has-da-grey-1-color has-text-color has-link-color wp-elements-0dbd7e04bc607fac7d44901579231441\" style=\"margin-bottom:16px\">Planea fuentes \u00e1giles, programe un diagrama de Gantt, asigne tareas, maneje recursos, haga seguimiento de puntos de referencia. Administre todo en un solo lugar.<\/p>\n\n\n\n<p class=\"has-text-align-center read__more\" style=\"font-style:normal;font-weight:700\"><a href=\"https:\/\/zenkit.com\/es\/soluciones\/diagramas-de-gantt\/\" data-type=\"page\" data-id=\"39174\">Leer mas<\/a><\/p>\n<\/div>\n\n\n\n<div class=\"wp-block-group application__box has-global-padding is-layout-constrained wp-block-group-is-layout-constrained\" style=\"border-radius:20px\">\n<h3 class=\"wp-block-heading has-text-align-center card__title\" style=\"font-size:20px\">Mind Mapping<\/h3>\n\n\n\n<p class=\"has-text-align-center has-da-grey-1-color has-text-color has-link-color wp-elements-5d2ff2bc4275f0183045067bc9fb9cd3\" style=\"margin-bottom:16px\">Haga un seguimiento visual del progreso en una tabla Kanban con un giro. Use los swimlanes y las filas para obtener una clara visi\u00f3n general de sus proyectos.<\/p>\n\n\n\n<p class=\"has-text-align-center read__more\" style=\"font-style:normal;font-weight:700\"><a href=\"https:\/\/zenkit.com\/es\/casos-de-uso\/mapa-mental\/\" data-type=\"page\" data-id=\"12852\">Leer mas<\/a><\/p>\n<\/div>\n\n\n\n<div class=\"wp-block-group application__box has-global-padding is-layout-constrained wp-block-group-is-layout-constrained\" style=\"border-radius:20px\">\n<h3 class=\"wp-block-heading has-text-align-center card__title\" style=\"font-size:20px\">Kanban<\/h3>\n\n\n\n<p class=\"has-text-align-center has-da-grey-1-color has-text-color has-link-color wp-elements-771d8e415caf5b0f5278c9c14b9035c1\" style=\"margin-bottom:16px\">Vea las ideas de manera diferente, realice una lluvia de ideas eficazmente y establezca conexiones. Usa mapas mentales para traer ideas claras y creativas a su equipo.<\/p>\n\n\n\n<p class=\"has-text-align-center read__more\" style=\"font-style:normal;font-weight:700\"><a href=\"https:\/\/zenkit.com\/es\/soluciones\/kanban\/\" data-type=\"page\" data-id=\"12846\">Leer mas<\/a><\/p>\n<\/div>\n\n\n\n<div class=\"wp-block-group application__box has-global-padding is-layout-constrained wp-block-group-is-layout-constrained\" style=\"border-radius:20px\">\n<h3 class=\"wp-block-heading has-text-align-center card__title\" style=\"font-size:20px\">Team Wiki<\/h3>\n\n\n\n<p class=\"has-text-align-center has-da-grey-1-color has-text-color has-link-color wp-elements-fc42048fe5887e50bc6c039b8bb5e3d8\" style=\"margin-bottom:16px\">Zenkit es un nuevo tipo de software que le permite construir un gemelo digital para los procesos y flujos de trabajo de su organizaci\u00f3n. Construya su gemelo digital hoy.<\/p>\n\n\n\n<p class=\"has-text-align-center read__more\" style=\"font-style:normal;font-weight:700\"><a href=\"https:\/\/zenkit.com\/es\/soluciones\/team-wiki\/\">Leer mas<\/a><\/p>\n<\/div>\n\n\n\n<div class=\"wp-block-group application__box has-global-padding is-layout-constrained wp-block-group-is-layout-constrained\" style=\"border-radius:20px\">\n<h3 class=\"wp-block-heading has-text-align-center card__title\" style=\"font-size:20px\">Spreadsheets<\/h3>\n\n\n\n<p class=\"has-text-align-center has-da-grey-1-color has-text-color has-link-color wp-elements-7ab10b8a18ec07c36723796189abfc18\" style=\"margin-bottom:16px\">Analice y trabaje con sus datos en una vista de tabla familiar. Utilice f\u00f3rmulas, agregaciones y funciones de clasificaci\u00f3n para obtener los resultados que necesita.<\/p>\n\n\n\n<p class=\"has-text-align-center read__more\" style=\"font-style:normal;font-weight:700\"><a href=\"https:\/\/zenkit.com\/es\/suite\/soluciones\/spreadsheet\/\" data-type=\"page\" data-id=\"12864\">Leer mas<\/a><\/p>\n<\/div>\n<\/div>\n<\/div>\n\n\n\n<div class=\"wp-block-group has-global-padding is-layout-constrained wp-block-group-is-layout-constrained\">\n<div class=\"wp-block-group width--950 has-global-padding is-layout-constrained wp-block-group-is-layout-constrained\">\n<div style=\"height:88px;--tablet-height:72px;--mobile-height:36px\" class=\"wp-block-lookeen-blocks-responsive-spacer\"><\/div>\n\n\n\n<div class=\"wp-block-group has-global-padding is-layout-constrained wp-block-group-is-layout-constrained\">\n<h2 class=\"wp-block-heading has-text-align-center display-h1\" style=\"margin-bottom:8px\">Empiece a usar Zenkit hoy<\/h2>\n\n\n\n<p class=\"has-text-align-center\">Aprenda lo f\u00e1cil que es utilizar Zenkit para ejecutar todo, desde sus proyectos personales hasta su empresa.<\/p>\n\n\n\n<div class=\"wp-block-buttons is-content-justification-center is-layout-flex wp-container-core-buttons-is-layout-a89b3969 wp-block-buttons-is-layout-flex\">\n<div class=\"wp-block-button\"><a class=\"wp-block-button__link wp-element-button\" href=\"https:\/\/zenkit.com\/register?lang=es\" target=\"_blank\" rel=\"noreferrer noopener\">Unirse a Zenkit<\/a><\/div>\n<\/div>\n<\/div>\n<\/div>\n<\/div>\n\n\n\n<div style=\"height:110px;--tablet-height:60px;--mobile-height:48px\" class=\"wp-block-lookeen-blocks-responsive-spacer\"><\/div>\n","protected":false},"excerpt":{"rendered":"<p>Cualquier equipo puede usar Zenkit Zenkit es lo suficientemente flexible para soportar cualquier equipo y cualquier flujo de trabajo. Explore c\u00f3mo su equipo puede beneficiarse de las poderosas caracter\u00edsticas de Zenkit. Project Management Cree la soluci\u00f3n de gesti\u00f3n del proyecto perfecta con Zenkit. Haga un seguimiento del progreso, colabore con su equipo y entregue sus [&hellip;]<\/p>\n","protected":false},"author":1,"featured_media":0,"parent":0,"menu_order":3,"comment_status":"closed","ping_status":"closed","template":"","meta":{"yasr_overall_rating":0,"yasr_post_is_review":"","yasr_auto_insert_disabled":"","yasr_review_type":"","footnotes":""},"class_list":["post-12086","page","type-page","status-publish","hentry"],"yoast_head":"<!-- This site is optimized with the Yoast SEO plugin v27.4 - https:\/\/yoast.com\/product\/yoast-seo-wordpress\/ -->\n<title>Casos de uso | Zenkit<\/title>\n<meta name=\"description\" content=\"Zenkit es lo suficientemente flexible como para soportar cualquier equipo y cualquier flujo de trabajo. Consulte nuestros casos de uso para obtener m\u00e1s informaci\u00f3n sobre las funciones de Zenkit y sobre c\u00f3mo puede ayudar a su equipo.\" \/>\n<meta name=\"robots\" content=\"index, follow, max-snippet:-1, max-image-preview:large, max-video-preview:-1\" \/>\n<link rel=\"canonical\" href=\"https:\/\/zenkit.com\/es\/casos-de-uso\/\" \/>\n<meta property=\"og:locale\" content=\"es_ES\" \/>\n<meta property=\"og:type\" content=\"article\" \/>\n<meta property=\"og:title\" content=\"Casos de uso | Zenkit\" \/>\n<meta property=\"og:description\" content=\"Zenkit es lo suficientemente flexible como para soportar cualquier equipo y cualquier flujo de trabajo. Consulte nuestros casos de uso para obtener m\u00e1s informaci\u00f3n sobre las funciones de Zenkit y sobre c\u00f3mo puede ayudar a su equipo.\" \/>\n<meta property=\"og:url\" content=\"https:\/\/zenkit.com\/es\/casos-de-uso\/\" \/>\n<meta property=\"og:site_name\" content=\"Zenkit\" \/>\n<meta property=\"article:publisher\" content=\"https:\/\/www.facebook.com\/ZenkitHQ\" \/>\n<meta property=\"article:modified_time\" content=\"2025-11-23T19:44:35+00:00\" \/>\n<meta name=\"twitter:card\" content=\"summary_large_image\" \/>\n<meta name=\"twitter:site\" content=\"@ZenkitHQ\" \/>\n<meta name=\"twitter:label1\" content=\"Tiempo de lectura\" \/>\n\t<meta name=\"twitter:data1\" content=\"5 minutos\" \/>\n<script type=\"application\/ld+json\" class=\"yoast-schema-graph\">{\"@context\":\"https:\\\/\\\/schema.org\",\"@graph\":[{\"@type\":\"WebPage\",\"@id\":\"https:\\\/\\\/zenkit.com\\\/es\\\/casos-de-uso\\\/\",\"url\":\"https:\\\/\\\/zenkit.com\\\/es\\\/casos-de-uso\\\/\",\"name\":\"Casos de uso | Zenkit\",\"isPartOf\":{\"@id\":\"https:\\\/\\\/zenkit.com\\\/es\\\/#website\"},\"datePublished\":\"2018-06-23T22:34:36+00:00\",\"dateModified\":\"2025-11-23T19:44:35+00:00\",\"description\":\"Zenkit es lo suficientemente flexible como para soportar cualquier equipo y cualquier flujo de trabajo. Consulte nuestros casos de uso para obtener m\u00e1s informaci\u00f3n sobre las funciones de Zenkit y sobre c\u00f3mo puede ayudar a su equipo.\",\"breadcrumb\":{\"@id\":\"https:\\\/\\\/zenkit.com\\\/es\\\/casos-de-uso\\\/#breadcrumb\"},\"inLanguage\":\"es\",\"potentialAction\":[{\"@type\":\"ReadAction\",\"target\":[\"https:\\\/\\\/zenkit.com\\\/es\\\/casos-de-uso\\\/\"]}]},{\"@type\":\"BreadcrumbList\",\"@id\":\"https:\\\/\\\/zenkit.com\\\/es\\\/casos-de-uso\\\/#breadcrumb\",\"itemListElement\":[{\"@type\":\"ListItem\",\"position\":1,\"name\":\"Home\",\"item\":\"https:\\\/\\\/zenkit.com\\\/es\\\/\"},{\"@type\":\"ListItem\",\"position\":2,\"name\":\"Casos de uso\"}]},{\"@type\":\"WebSite\",\"@id\":\"https:\\\/\\\/zenkit.com\\\/es\\\/#website\",\"url\":\"https:\\\/\\\/zenkit.com\\\/es\\\/\",\"name\":\"Zenkit\",\"description\":\"Zenkit Tagline\",\"potentialAction\":[{\"@type\":\"SearchAction\",\"target\":{\"@type\":\"EntryPoint\",\"urlTemplate\":\"https:\\\/\\\/zenkit.com\\\/es\\\/?s={search_term_string}\"},\"query-input\":{\"@type\":\"PropertyValueSpecification\",\"valueRequired\":true,\"valueName\":\"search_term_string\"}}],\"inLanguage\":\"es\"},false]}<\/script>\n<!-- \/ Yoast SEO plugin. -->","yoast_head_json":{"title":"Casos de uso | Zenkit","description":"Zenkit es lo suficientemente flexible como para soportar cualquier equipo y cualquier flujo de trabajo. Consulte nuestros casos de uso para obtener m\u00e1s informaci\u00f3n sobre las funciones de Zenkit y sobre c\u00f3mo puede ayudar a su equipo.","robots":{"index":"index","follow":"follow","max-snippet":"max-snippet:-1","max-image-preview":"max-image-preview:large","max-video-preview":"max-video-preview:-1"},"canonical":"https:\/\/zenkit.com\/es\/casos-de-uso\/","og_locale":"es_ES","og_type":"article","og_title":"Casos de uso | Zenkit","og_description":"Zenkit es lo suficientemente flexible como para soportar cualquier equipo y cualquier flujo de trabajo. Consulte nuestros casos de uso para obtener m\u00e1s informaci\u00f3n sobre las funciones de Zenkit y sobre c\u00f3mo puede ayudar a su equipo.","og_url":"https:\/\/zenkit.com\/es\/casos-de-uso\/","og_site_name":"Zenkit","article_publisher":"https:\/\/www.facebook.com\/ZenkitHQ","article_modified_time":"2025-11-23T19:44:35+00:00","twitter_card":"summary_large_image","twitter_site":"@ZenkitHQ","twitter_misc":{"Tiempo de lectura":"5 minutos"},"schema":{"@context":"https:\/\/schema.org","@graph":[{"@type":"WebPage","@id":"https:\/\/zenkit.com\/es\/casos-de-uso\/","url":"https:\/\/zenkit.com\/es\/casos-de-uso\/","name":"Casos de uso | Zenkit","isPartOf":{"@id":"https:\/\/zenkit.com\/es\/#website"},"datePublished":"2018-06-23T22:34:36+00:00","dateModified":"2025-11-23T19:44:35+00:00","description":"Zenkit es lo suficientemente flexible como para soportar cualquier equipo y cualquier flujo de trabajo. Consulte nuestros casos de uso para obtener m\u00e1s informaci\u00f3n sobre las funciones de Zenkit y sobre c\u00f3mo puede ayudar a su equipo.","breadcrumb":{"@id":"https:\/\/zenkit.com\/es\/casos-de-uso\/#breadcrumb"},"inLanguage":"es","potentialAction":[{"@type":"ReadAction","target":["https:\/\/zenkit.com\/es\/casos-de-uso\/"]}]},{"@type":"BreadcrumbList","@id":"https:\/\/zenkit.com\/es\/casos-de-uso\/#breadcrumb","itemListElement":[{"@type":"ListItem","position":1,"name":"Home","item":"https:\/\/zenkit.com\/es\/"},{"@type":"ListItem","position":2,"name":"Casos de uso"}]},{"@type":"WebSite","@id":"https:\/\/zenkit.com\/es\/#website","url":"https:\/\/zenkit.com\/es\/","name":"Zenkit","description":"Zenkit Tagline","potentialAction":[{"@type":"SearchAction","target":{"@type":"EntryPoint","urlTemplate":"https:\/\/zenkit.com\/es\/?s={search_term_string}"},"query-input":{"@type":"PropertyValueSpecification","valueRequired":true,"valueName":"search_term_string"}}],"inLanguage":"es"},false]}},"yasr_visitor_votes":{"stars_attributes":{"read_only":false,"span_bottom":false},"number_of_votes":0,"sum_votes":0},"_links":{"self":[{"href":"https:\/\/zenkit.com\/es\/wp-json\/wp\/v2\/pages\/12086","targetHints":{"allow":["GET"]}}],"collection":[{"href":"https:\/\/zenkit.com\/es\/wp-json\/wp\/v2\/pages"}],"about":[{"href":"https:\/\/zenkit.com\/es\/wp-json\/wp\/v2\/types\/page"}],"author":[{"embeddable":true,"href":"https:\/\/zenkit.com\/es\/wp-json\/wp\/v2\/users\/1"}],"replies":[{"embeddable":true,"href":"https:\/\/zenkit.com\/es\/wp-json\/wp\/v2\/comments?post=12086"}],"version-history":[{"count":4,"href":"https:\/\/zenkit.com\/es\/wp-json\/wp\/v2\/pages\/12086\/revisions"}],"predecessor-version":[{"id":174733,"href":"https:\/\/zenkit.com\/es\/wp-json\/wp\/v2\/pages\/12086\/revisions\/174733"}],"wp:attachment":[{"href":"https:\/\/zenkit.com\/es\/wp-json\/wp\/v2\/media?parent=12086"}],"curies":[{"name":"wp","href":"https:\/\/api.w.org\/{rel}","templated":true}]}}