{"id":125974,"date":"2025-08-05T07:02:29","date_gmt":"2025-08-05T05:02:29","guid":{"rendered":"https:\/\/zenkit.com\/?page_id=125974"},"modified":"2025-11-03T08:13:16","modified_gmt":"2025-11-03T07:13:16","slug":"soluciones","status":"publish","type":"page","link":"https:\/\/zenkit.com\/es\/soluciones\/","title":{"rendered":"soluciones"},"content":{"rendered":"\n<div class=\"wp-block-group has-global-padding is-layout-constrained wp-block-group-is-layout-constrained\">\n<div class=\"wp-block-group width--950 has-global-padding is-layout-constrained wp-block-group-is-layout-constrained\">\n<div style=\"height:45px;--tablet-height:45px;--mobile-height:16px\" class=\"wp-block-lookeen-blocks-responsive-spacer\"><\/div>\n\n\n\n<div class=\"wp-block-group has-global-padding is-layout-constrained wp-block-group-is-layout-constrained\">\n<h1 class=\"wp-block-heading has-text-align-center\" style=\"margin-bottom:8px\">Soluciones<\/h1>\n<\/div>\n\n\n\n<div class=\"wp-block-group has-global-padding is-layout-constrained wp-block-group-is-layout-constrained\">\n<p class=\"has-text-align-center subheading\">Zenkit puede apoyar y digitalizar casi cualquier colaboraci\u00f3n y metodolog\u00eda.<\/p>\n<\/div>\n\n\n\n<div style=\"height:48px;--tablet-height:36px;--mobile-height:24px\" class=\"wp-block-lookeen-blocks-responsive-spacer\"><\/div>\n<\/div>\n<\/div>\n\n\n\n<div class=\"wp-block-group has-global-padding is-layout-constrained wp-block-group-is-layout-constrained\">\n<div class=\"wp-block-group three-column-grid has-global-padding is-layout-constrained wp-block-group-is-layout-constrained\">\n<div class=\"wp-block-group is-style-da-box-shadow pd-m-25-20 has-global-padding is-layout-constrained wp-container-core-group-is-layout-72f895da wp-block-group-is-layout-constrained\" style=\"border-radius:20px;padding-top:35px;padding-right:40px;padding-bottom:35px;padding-left:40px\">\n<h3 class=\"wp-block-heading has-text-align-center\" style=\"margin-bottom:8px\">Administradores de Proyectos<\/h3>\n\n\n\n<p class=\"has-text-align-center\" style=\"margin-top:0px\">Realizada la soluci\u00f3n perfecta para la administraci\u00f3n de proyectos con Zenkit. Realice seguimiento al progreso, colabore con su equipo y entregue sus proyectos en tiempo.<\/p>\n\n\n\n<p class=\"has-text-align-center\"><a href=\"https:\/\/zenkit.com\/es\/soluciones\/gestion-del-proyecto\/\">Saber m\u00e1s<\/a><\/p>\n<\/div>\n\n\n\n<div class=\"wp-block-group is-style-da-box-shadow pd-m-25-20 has-global-padding is-layout-constrained wp-container-core-group-is-layout-72f895da wp-block-group-is-layout-constrained\" style=\"border-radius:20px;padding-top:35px;padding-right:40px;padding-bottom:35px;padding-left:40px\">\n<h3 class=\"wp-block-heading has-text-align-center\" style=\"margin-bottom:8px\">Proyectos \u00c1giles<\/h3>\n\n\n\n<p class=\"has-text-align-center\" style=\"margin-top:0px\">Use Zenkit para administrar \u00e1gilmente tus proyecto. Administre trabajos pendientes, sprints, \u00e9picas, historias de usuarios y m\u00e1s.<\/p>\n\n\n\n<p class=\"has-text-align-center\"><a href=\"https:\/\/zenkit.com\/es\/soluciones\/gestion-del-proyecto\/\">Saber m\u00e1s<\/a><\/p>\n<\/div>\n\n\n\n<div class=\"wp-block-group is-style-da-box-shadow pd-m-25-20 has-global-padding is-layout-constrained wp-container-core-group-is-layout-72f895da wp-block-group-is-layout-constrained\" style=\"border-radius:20px;padding-top:35px;padding-right:40px;padding-bottom:35px;padding-left:40px\">\n<h3 class=\"wp-block-heading has-text-align-center\" style=\"margin-bottom:8px\">Transformaci\u00f3n Digital<\/h3>\n\n\n\n<p class=\"has-text-align-center\" style=\"margin-top:0px\">Zenkit es un nuevo tipo de software que le permite construir una copia digital de los progresos y flujos de trabajo de su organizaci\u00f3n. Realice su copia hoy.<\/p>\n\n\n\n<p class=\"has-text-align-center\"><a href=\"https:\/\/zenkit.com\/es\/gemelo-digital\/\">Saber m\u00e1s<\/a><\/p>\n<\/div>\n\n\n\n<div class=\"wp-block-group is-style-da-box-shadow pd-m-25-20 has-global-padding is-layout-constrained wp-container-core-group-is-layout-72f895da wp-block-group-is-layout-constrained\" style=\"border-radius:20px;padding-top:35px;padding-right:40px;padding-bottom:35px;padding-left:40px\">\n<h3 class=\"wp-block-heading has-text-align-center\" style=\"margin-bottom:8px\">Kanban<\/h3>\n\n\n\n<p class=\"has-text-align-center\" style=\"margin-top:0px\">Siga el progreso visualmente en un tablero de Kanban con un giro. Utilice carriles y filas para obtener una visi\u00f3n general clara de sus proyectos.<\/p>\n\n\n\n<p class=\"has-text-align-center\"><a href=\"https:\/\/zenkit.com\/es\/soluciones\/kanban\/\">Saber m\u00e1s<\/a><\/p>\n<\/div>\n\n\n\n<div class=\"wp-block-group is-style-da-box-shadow pd-m-25-20 has-global-padding is-layout-constrained wp-container-core-group-is-layout-72f895da wp-block-group-is-layout-constrained\" style=\"border-radius:20px;padding-top:35px;padding-right:40px;padding-bottom:35px;padding-left:40px\">\n<h3 class=\"wp-block-heading has-text-align-center\" style=\"margin-bottom:8px\">Administrador de Tareas<\/h3>\n\n\n\n<p class=\"has-text-align-center\" style=\"margin-top:0px\">Realice un seguimiento de las tareas pendientes personales, configure un flujo de trabajo GTD o cree un planificador familiar. Ninguna tarea es demasiado grande o demasiado peque\u00f1a.<\/p>\n\n\n\n<p class=\"has-text-align-center\"><a href=\"https:\/\/zenkit.com\/es\/soluciones\/kanban\/\">Saber m\u00e1s<\/a><\/p>\n<\/div>\n\n\n\n<div class=\"wp-block-group is-style-da-box-shadow pd-m-25-20 has-global-padding is-layout-constrained wp-container-core-group-is-layout-72f895da wp-block-group-is-layout-constrained\" style=\"border-radius:20px;padding-top:35px;padding-right:40px;padding-bottom:35px;padding-left:40px\">\n<h3 class=\"wp-block-heading has-text-align-center\" style=\"margin-bottom:8px\">Gr\u00e1fica de Gantt<\/h3>\n\n\n\n<p class=\"has-text-align-center\" style=\"margin-top:0px\">Programe y realice un seguimiento de proyectos complejos en una l\u00ednea de tiempo clara, con retraso y adelanto, hitos, ruta cr\u00edtica y m\u00e1s.<\/p>\n\n\n\n<p class=\"has-text-align-center\"><a href=\"https:\/\/zenkit.com\/es\/soluciones\/diagramas-de-gantt\/\">Saber m\u00e1s<\/a><\/p>\n<\/div>\n\n\n\n<div class=\"wp-block-group is-style-da-box-shadow pd-m-25-20 has-global-padding is-layout-constrained wp-container-core-group-is-layout-72f895da wp-block-group-is-layout-constrained\" style=\"border-radius:20px;padding-top:35px;padding-right:40px;padding-bottom:35px;padding-left:40px\">\n<h3 class=\"wp-block-heading has-text-align-center\" style=\"margin-bottom:8px\">Mapeo Mental<\/h3>\n\n\n\n<p class=\"has-text-align-center\" style=\"margin-top:0px\">Vea las ideas de manera diferente, haga una lluvia de ideas de manera efectiva y haga conexiones. Utilice mapas mentales para aportar un pensamiento claro y creativo a su equipo.<\/p>\n\n\n\n<p class=\"has-text-align-center\"><a href=\"https:\/\/zenkit.com\/es\/soluciones\/mind-map\/\">Saber m\u00e1s<\/a><\/p>\n<\/div>\n<\/div>\n<\/div>\n\n\n\n<div style=\"height:88px;--tablet-height:72px;--mobile-height:36px\" class=\"wp-block-lookeen-blocks-responsive-spacer\"><\/div>\n\n\n\n<div class=\"wp-block-group has-global-padding is-layout-constrained wp-block-group-is-layout-constrained\">\n<div class=\"wp-block-group width--950 has-global-padding is-layout-constrained wp-block-group-is-layout-constrained\">\n<div style=\"height:45px;--tablet-height:45px;--mobile-height:16px\" class=\"wp-block-lookeen-blocks-responsive-spacer\"><\/div>\n\n\n\n<div class=\"wp-block-group has-global-padding is-layout-constrained wp-block-group-is-layout-constrained\">\n<h2 class=\"wp-block-heading has-text-align-center display-h1\" style=\"margin-bottom:8px\">\u00bfQui\u00e9n puede beneficiarse con Zenkit?<\/h2>\n<\/div>\n\n\n\n<div class=\"wp-block-group has-global-padding is-layout-constrained wp-block-group-is-layout-constrained\">\n<p class=\"has-text-align-center subheading\">Zenkit puede admitir y digitalizar casi cualquier flujo de trabajo y metodolog\u00eda de colaboraci\u00f3n.<\/p>\n<\/div>\n\n\n\n<div style=\"height:48px;--tablet-height:36px;--mobile-height:24px\" class=\"wp-block-lookeen-blocks-responsive-spacer\"><\/div>\n<\/div>\n<\/div>\n\n\n\n<div class=\"wp-block-group has-global-padding is-layout-constrained wp-block-group-is-layout-constrained\">\n<div class=\"wp-block-group three-column-grid has-global-padding is-layout-constrained wp-block-group-is-layout-constrained\">\n<div class=\"wp-block-group is-style-da-box-shadow pd-m-25-20 has-global-padding is-layout-constrained wp-container-core-group-is-layout-72f895da wp-block-group-is-layout-constrained\" style=\"border-radius:20px;padding-top:35px;padding-right:40px;padding-bottom:35px;padding-left:40px\">\n<h3 class=\"wp-block-heading has-text-align-center\" style=\"margin-bottom:8px\">Administradores de Proyectos<\/h3>\n\n\n\n<p class=\"has-text-align-center\" style=\"margin-top:0px\">Realice un seguimiento del progreso y los recursos, programe y asigne tareas para cualquier proyecto, grande o peque\u00f1o. Cree las herramientas que necesita.<\/p>\n\n\n\n<p class=\"has-text-align-center\"><a href=\"https:\/\/zenkit.com\/es\/soluciones\/gestion-del-proyecto\/\">Saber m\u00e1s<\/a><\/p>\n<\/div>\n\n\n\n<div class=\"wp-block-group is-style-da-box-shadow pd-m-25-20 has-global-padding is-layout-constrained wp-container-core-group-is-layout-72f895da wp-block-group-is-layout-constrained\" style=\"border-radius:20px;padding-top:35px;padding-right:40px;padding-bottom:35px;padding-left:40px\">\n<h3 class=\"wp-block-heading has-text-align-center\" style=\"margin-bottom:8px\">Organizaciones<\/h3>\n\n\n\n<p class=\"has-text-align-center\" style=\"margin-top:0px\">La transformaci\u00f3n digital es el paso m\u00e1s importante para las organizaciones de todos los tama\u00f1os. Zenkit permite una digitalizaci\u00f3n paso a paso de sus procesos y estructuras.<\/p>\n\n\n\n<p class=\"has-text-align-center\"><a href=\"https:\/\/zenkit.com\/es\/gemelo-digital\/\">Saber m\u00e1s<\/a><\/p>\n<\/div>\n\n\n\n<div class=\"wp-block-group is-style-da-box-shadow pd-m-25-20 has-global-padding is-layout-constrained wp-container-core-group-is-layout-72f895da wp-block-group-is-layout-constrained\" style=\"border-radius:20px;padding-top:35px;padding-right:40px;padding-bottom:35px;padding-left:40px\">\n<h3 class=\"wp-block-heading has-text-align-center\" style=\"margin-bottom:8px\">Administradores de Producto<\/h3>\n\n\n\n<p class=\"has-text-align-center\" style=\"margin-top:0px\">Planifique nuevas funciones, rastree errores, coordine equipos y lance productos. Impulsa a tu equipo con Zenkit.<\/p>\n\n\n\n<p class=\"has-text-align-center\"><a href=\"https:\/\/zenkit.com\/es\/soluciones\/gestion-del-proyecto\/\">Saber m\u00e1s<\/a><\/p>\n<\/div>\n\n\n\n<div class=\"wp-block-group is-style-da-box-shadow pd-m-25-20 has-global-padding is-layout-constrained wp-container-core-group-is-layout-72f895da wp-block-group-is-layout-constrained\" style=\"border-radius:20px;padding-top:35px;padding-right:40px;padding-bottom:35px;padding-left:40px\">\n<h3 class=\"wp-block-heading has-text-align-center\" style=\"margin-bottom:8px\">Startups &amp; Entrepreneurs<\/h3>\n\n\n\n<p class=\"has-text-align-center\" style=\"margin-top:0px\">Fomentar la innovaci\u00f3n y la colaboraci\u00f3n. Haz crecer tu negocio y tu equipo con Zenkit.<\/p>\n\n\n\n<p class=\"has-text-align-center\"><a href=\"https:\/\/zenkit.com\/es\/entrepreneurs-startups\/\">Saber m\u00e1s<\/a><\/p>\n<\/div>\n\n\n\n<div class=\"wp-block-group is-style-da-box-shadow pd-m-25-20 has-global-padding is-layout-constrained wp-container-core-group-is-layout-72f895da wp-block-group-is-layout-constrained\" style=\"border-radius:20px;padding-top:35px;padding-right:40px;padding-bottom:35px;padding-left:40px\">\n<h3 class=\"wp-block-heading has-text-align-center\" style=\"margin-bottom:8px\">Potenciadores de Startup<\/h3>\n\n\n\n<p class=\"has-text-align-center\" style=\"margin-top:0px\">Inicie y haga crecer su empresa con estilo y gestione nuevos desaf\u00edos a medida que evoluciona. Mant\u00e9n a tu equipo informado<\/p>\n\n\n\n<p class=\"has-text-align-center\" style=\"margin-top:0px\"><a href=\"https:\/\/zenkit.com\/es\/entrepreneurs-startups\/\">Saber m\u00e1s<\/a><\/p>\n<\/div>\n\n\n\n<div class=\"wp-block-group is-style-da-box-shadow pd-m-25-20 has-global-padding is-layout-constrained wp-container-core-group-is-layout-72f895da wp-block-group-is-layout-constrained\" style=\"border-radius:20px;padding-top:35px;padding-right:40px;padding-bottom:35px;padding-left:40px\">\n<h3 class=\"wp-block-heading has-text-align-center\" style=\"margin-bottom:8px\">Profesores y Escuelas<\/h3>\n\n\n\n<p class=\"has-text-align-center\" style=\"margin-top:0px\">Desde la administraci\u00f3n universitaria hasta la planificaci\u00f3n de lecciones y los planes de estudio de los estudiantes, logre cualquier cosa con Zenkit.<\/p>\n\n\n\n<p class=\"has-text-align-center\"><a href=\"https:\/\/zenkit.com\/es\/zenkit-for-education\/\">Saber m\u00e1s<\/a><\/p>\n<\/div>\n\n\n\n<div class=\"wp-block-group is-style-da-box-shadow pd-m-25-20 has-global-padding is-layout-constrained wp-container-core-group-is-layout-72f895da wp-block-group-is-layout-constrained\" style=\"border-radius:20px;padding-top:35px;padding-right:40px;padding-bottom:35px;padding-left:40px\">\n<h3 class=\"wp-block-heading has-text-align-center\" style=\"margin-bottom:8px\">Universidades y Estudiantes<\/h3>\n\n\n\n<p class=\"has-text-align-center\" style=\"margin-top:0px\">Organice su departamento, planifique conferencias, administre proyectos grupales, estudie para los ex\u00e1menes o escriba su tesis en l\u00ednea.<\/p>\n\n\n\n<p class=\"has-text-align-center\"><a href=\"https:\/\/zenkit.com\/es\/zenkit-for-education\/\">Saber m\u00e1s<\/a><\/p>\n<\/div>\n\n\n\n<div class=\"wp-block-group is-style-da-box-shadow pd-m-25-20 has-global-padding is-layout-constrained wp-container-core-group-is-layout-72f895da wp-block-group-is-layout-constrained\" style=\"border-radius:20px;padding-top:35px;padding-right:40px;padding-bottom:35px;padding-left:40px\">\n<h3 class=\"wp-block-heading has-text-align-center\" style=\"margin-bottom:8px\">Equipos de Desarrollo \u00c1gil<\/h3>\n\n\n\n<p class=\"has-text-align-center\" style=\"margin-top:0px\">Desarrollamos Zenkit utilizando Zenkit. Perfecto para el seguimiento de funciones y errores.<\/p>\n\n\n\n<p class=\"has-text-align-center\"><a href=\"https:\/\/zenkit.com\/es\/soluciones\/gestion-del-proyecto\/\">Saber m\u00e1s<\/a><\/p>\n<\/div>\n\n\n\n<div class=\"wp-block-group is-style-da-box-shadow pd-m-25-20 has-global-padding is-layout-constrained wp-container-core-group-is-layout-72f895da wp-block-group-is-layout-constrained\" style=\"border-radius:20px;padding-top:35px;padding-right:40px;padding-bottom:35px;padding-left:40px\">\n<h3 class=\"wp-block-heading has-text-align-center\" style=\"margin-bottom:8px\">Planeadores de Eventos<\/h3>\n\n\n\n<p class=\"has-text-align-center\" style=\"margin-top:0px\">Conecte los puntos entre el personal, los lugares, los presupuestos, los invitados, la promoci\u00f3n y mucho, mucho m\u00e1s. Planifique cualquier evento, grande o peque\u00f1o.<\/p>\n\n\n\n<p class=\"has-text-align-center\"><a href=\"https:\/\/zenkit.com\/es\/soluciones\/event-management\/\">Saber m\u00e1s<\/a><\/p>\n<\/div>\n<\/div>\n<\/div>\n\n\n\n<div style=\"height:110px;--tablet-height:60px;--mobile-height:48px\" class=\"wp-block-lookeen-blocks-responsive-spacer\"><\/div>\n","protected":false},"excerpt":{"rendered":"<p>Soluciones Zenkit puede apoyar y digitalizar casi cualquier colaboraci\u00f3n y metodolog\u00eda. Administradores de Proyectos Realizada la soluci\u00f3n perfecta para la administraci\u00f3n de proyectos con Zenkit. Realice seguimiento al progreso, colabore con su equipo y entregue sus proyectos en tiempo. Saber m\u00e1s Proyectos \u00c1giles Use Zenkit para administrar \u00e1gilmente tus proyecto. Administre trabajos pendientes, sprints, \u00e9picas, [&hellip;]<\/p>\n","protected":false},"author":9,"featured_media":0,"parent":0,"menu_order":36,"comment_status":"closed","ping_status":"closed","template":"","meta":{"yasr_overall_rating":0,"yasr_post_is_review":"","yasr_auto_insert_disabled":"","yasr_review_type":"","footnotes":""},"class_list":["post-125974","page","type-page","status-publish","hentry"],"yoast_head":"<!-- This site is optimized with the Yoast SEO plugin v27.3 - https:\/\/yoast.com\/product\/yoast-seo-wordpress\/ -->\n<title>soluciones | Zenkit<\/title>\n<meta name=\"robots\" content=\"index, follow, max-snippet:-1, max-image-preview:large, max-video-preview:-1\" \/>\n<link rel=\"canonical\" href=\"https:\/\/zenkit.com\/es\/soluciones\/\" \/>\n<meta property=\"og:locale\" content=\"es_ES\" \/>\n<meta property=\"og:type\" content=\"article\" \/>\n<meta property=\"og:title\" content=\"soluciones | Zenkit\" \/>\n<meta property=\"og:description\" content=\"Soluciones Zenkit puede apoyar y digitalizar casi cualquier colaboraci\u00f3n y metodolog\u00eda. Administradores de Proyectos Realizada la soluci\u00f3n perfecta para la administraci\u00f3n de proyectos con Zenkit. Realice seguimiento al progreso, colabore con su equipo y entregue sus proyectos en tiempo. Saber m\u00e1s Proyectos \u00c1giles Use Zenkit para administrar \u00e1gilmente tus proyecto. Administre trabajos pendientes, sprints, \u00e9picas, [&hellip;]\" \/>\n<meta property=\"og:url\" content=\"https:\/\/zenkit.com\/es\/soluciones\/\" \/>\n<meta property=\"og:site_name\" content=\"Zenkit\" \/>\n<meta property=\"article:publisher\" content=\"https:\/\/www.facebook.com\/ZenkitHQ\" \/>\n<meta property=\"article:modified_time\" content=\"2025-11-03T07:13:16+00:00\" \/>\n<meta name=\"twitter:card\" content=\"summary_large_image\" \/>\n<meta name=\"twitter:site\" content=\"@ZenkitHQ\" \/>\n<meta name=\"twitter:label1\" content=\"Tiempo de lectura\" \/>\n\t<meta name=\"twitter:data1\" content=\"14 minutos\" \/>\n<script type=\"application\/ld+json\" class=\"yoast-schema-graph\">{\"@context\":\"https:\\\/\\\/schema.org\",\"@graph\":[{\"@type\":\"WebPage\",\"@id\":\"https:\\\/\\\/zenkit.com\\\/es\\\/soluciones\\\/\",\"url\":\"https:\\\/\\\/zenkit.com\\\/es\\\/soluciones\\\/\",\"name\":\"soluciones | Zenkit\",\"isPartOf\":{\"@id\":\"https:\\\/\\\/zenkit.com\\\/es\\\/#website\"},\"datePublished\":\"2025-08-05T05:02:29+00:00\",\"dateModified\":\"2025-11-03T07:13:16+00:00\",\"breadcrumb\":{\"@id\":\"https:\\\/\\\/zenkit.com\\\/es\\\/soluciones\\\/#breadcrumb\"},\"inLanguage\":\"es\",\"potentialAction\":[{\"@type\":\"ReadAction\",\"target\":[\"https:\\\/\\\/zenkit.com\\\/es\\\/soluciones\\\/\"]}]},{\"@type\":\"BreadcrumbList\",\"@id\":\"https:\\\/\\\/zenkit.com\\\/es\\\/soluciones\\\/#breadcrumb\",\"itemListElement\":[{\"@type\":\"ListItem\",\"position\":1,\"name\":\"Home\",\"item\":\"https:\\\/\\\/zenkit.com\\\/es\\\/\"},{\"@type\":\"ListItem\",\"position\":2,\"name\":\"soluciones\"}]},{\"@type\":\"WebSite\",\"@id\":\"https:\\\/\\\/zenkit.com\\\/es\\\/#website\",\"url\":\"https:\\\/\\\/zenkit.com\\\/es\\\/\",\"name\":\"Zenkit\",\"description\":\"Zenkit Tagline\",\"potentialAction\":[{\"@type\":\"SearchAction\",\"target\":{\"@type\":\"EntryPoint\",\"urlTemplate\":\"https:\\\/\\\/zenkit.com\\\/es\\\/?s={search_term_string}\"},\"query-input\":{\"@type\":\"PropertyValueSpecification\",\"valueRequired\":true,\"valueName\":\"search_term_string\"}}],\"inLanguage\":\"es\"},false]}<\/script>\n<!-- \/ Yoast SEO plugin. -->","yoast_head_json":{"title":"soluciones | Zenkit","robots":{"index":"index","follow":"follow","max-snippet":"max-snippet:-1","max-image-preview":"max-image-preview:large","max-video-preview":"max-video-preview:-1"},"canonical":"https:\/\/zenkit.com\/es\/soluciones\/","og_locale":"es_ES","og_type":"article","og_title":"soluciones | Zenkit","og_description":"Soluciones Zenkit puede apoyar y digitalizar casi cualquier colaboraci\u00f3n y metodolog\u00eda. Administradores de Proyectos Realizada la soluci\u00f3n perfecta para la administraci\u00f3n de proyectos con Zenkit. Realice seguimiento al progreso, colabore con su equipo y entregue sus proyectos en tiempo. Saber m\u00e1s Proyectos \u00c1giles Use Zenkit para administrar \u00e1gilmente tus proyecto. Administre trabajos pendientes, sprints, \u00e9picas, [&hellip;]","og_url":"https:\/\/zenkit.com\/es\/soluciones\/","og_site_name":"Zenkit","article_publisher":"https:\/\/www.facebook.com\/ZenkitHQ","article_modified_time":"2025-11-03T07:13:16+00:00","twitter_card":"summary_large_image","twitter_site":"@ZenkitHQ","twitter_misc":{"Tiempo de lectura":"14 minutos"},"schema":{"@context":"https:\/\/schema.org","@graph":[{"@type":"WebPage","@id":"https:\/\/zenkit.com\/es\/soluciones\/","url":"https:\/\/zenkit.com\/es\/soluciones\/","name":"soluciones | Zenkit","isPartOf":{"@id":"https:\/\/zenkit.com\/es\/#website"},"datePublished":"2025-08-05T05:02:29+00:00","dateModified":"2025-11-03T07:13:16+00:00","breadcrumb":{"@id":"https:\/\/zenkit.com\/es\/soluciones\/#breadcrumb"},"inLanguage":"es","potentialAction":[{"@type":"ReadAction","target":["https:\/\/zenkit.com\/es\/soluciones\/"]}]},{"@type":"BreadcrumbList","@id":"https:\/\/zenkit.com\/es\/soluciones\/#breadcrumb","itemListElement":[{"@type":"ListItem","position":1,"name":"Home","item":"https:\/\/zenkit.com\/es\/"},{"@type":"ListItem","position":2,"name":"soluciones"}]},{"@type":"WebSite","@id":"https:\/\/zenkit.com\/es\/#website","url":"https:\/\/zenkit.com\/es\/","name":"Zenkit","description":"Zenkit Tagline","potentialAction":[{"@type":"SearchAction","target":{"@type":"EntryPoint","urlTemplate":"https:\/\/zenkit.com\/es\/?s={search_term_string}"},"query-input":{"@type":"PropertyValueSpecification","valueRequired":true,"valueName":"search_term_string"}}],"inLanguage":"es"},false]}},"yasr_visitor_votes":{"stars_attributes":{"read_only":false,"span_bottom":false},"number_of_votes":0,"sum_votes":0},"_links":{"self":[{"href":"https:\/\/zenkit.com\/es\/wp-json\/wp\/v2\/pages\/125974","targetHints":{"allow":["GET"]}}],"collection":[{"href":"https:\/\/zenkit.com\/es\/wp-json\/wp\/v2\/pages"}],"about":[{"href":"https:\/\/zenkit.com\/es\/wp-json\/wp\/v2\/types\/page"}],"author":[{"embeddable":true,"href":"https:\/\/zenkit.com\/es\/wp-json\/wp\/v2\/users\/9"}],"replies":[{"embeddable":true,"href":"https:\/\/zenkit.com\/es\/wp-json\/wp\/v2\/comments?post=125974"}],"version-history":[{"count":14,"href":"https:\/\/zenkit.com\/es\/wp-json\/wp\/v2\/pages\/125974\/revisions"}],"predecessor-version":[{"id":173576,"href":"https:\/\/zenkit.com\/es\/wp-json\/wp\/v2\/pages\/125974\/revisions\/173576"}],"wp:attachment":[{"href":"https:\/\/zenkit.com\/es\/wp-json\/wp\/v2\/media?parent=125974"}],"curies":[{"name":"wp","href":"https:\/\/api.w.org\/{rel}","templated":true}]}}