{"id":127409,"date":"2025-08-17T21:04:35","date_gmt":"2025-08-17T19:04:35","guid":{"rendered":"https:\/\/zenkit.com\/?page_id=127409"},"modified":"2025-11-04T06:53:17","modified_gmt":"2025-11-04T05:53:17","slug":"asana","status":"publish","type":"page","link":"https:\/\/zenkit.com\/es\/integraciones\/asana\/","title":{"rendered":"Asana"},"content":{"rendered":"\n<div style=\"height:45px;--tablet-height:45px;--mobile-height:16px\" class=\"wp-block-lookeen-blocks-responsive-spacer\"><\/div>\n\n\n\n<div class=\"wp-block-group has-global-padding is-layout-constrained wp-block-group-is-layout-constrained\">\n<div class=\"wp-block-columns is-layout-flex wp-container-core-columns-is-layout-467d341d wp-block-columns-is-layout-flex\" id=\"main__integrations\" style=\"margin-top:0px;margin-bottom:0px\">\n<div class=\"wp-block-column side__bar__integrations is-layout-flow wp-block-column-is-layout-flow\" style=\"flex-basis:23%\">\n<h2 class=\"wp-block-heading has-da-blue-color-new has-text-color has-link-color wp-elements-6e82931d4b2c275d4127376ed676d80a\" style=\"margin-top:0px;margin-bottom:0px;font-size:16px;line-height:1.5\">Project Management Integrations<\/h2>\n\n\n<nav class=\"is-vertical integrations__menu wp-block-navigation is-layout-flex wp-container-core-navigation-is-layout-5f9f5280 wp-block-navigation-is-layout-flex\" aria-label=\"es-projectmanagement-integrations\"><ul class=\"wp-block-navigation__container  is-vertical integrations__menu wp-block-navigation\"><li class=\" wp-block-navigation-item wp-block-navigation-link\"><a class=\"wp-block-navigation-item__content\"  href=\"https:\/\/zenkit.com\/es\/integraciones\/asana\/\"><span class=\"wp-block-navigation-item__label\">Asana<\/span><\/a><\/li><\/ul><\/nav><\/div>\n\n\n\n<div class=\"wp-block-column content__integrations is-layout-flow wp-block-column-is-layout-flow\" style=\"flex-basis:77%\">\n<div class=\"wp-block-group has-global-padding is-layout-constrained wp-block-group-is-layout-constrained\">\n<div class=\"wp-block-group title is-layout-flex wp-container-core-group-is-layout-ed4b00df wp-block-group-is-layout-flex\">\n<figure class=\"wp-block-image size-full is-resized\"><img loading=\"lazy\" decoding=\"async\" width=\"1024\" height=\"1024\" src=\"https:\/\/zenkit.com\/wp-content\/uploads\/2025\/07\/Asana-Logo-2.webp\" alt=\"\" class=\"wp-image-118309\" style=\"width:auto;height:46px\" srcset=\"https:\/\/zenkit.com\/wp-content\/uploads\/2025\/07\/Asana-Logo-2.webp 1024w, https:\/\/zenkit.com\/wp-content\/uploads\/2025\/07\/Asana-Logo-2-300x300.webp 300w, https:\/\/zenkit.com\/wp-content\/uploads\/2025\/07\/Asana-Logo-2-150x150.webp 150w, https:\/\/zenkit.com\/wp-content\/uploads\/2025\/07\/Asana-Logo-2-768x768.webp 768w\" sizes=\"auto, (max-width: 1024px) 100vw, 1024px\" \/><\/figure>\n\n\n\n<h1 class=\"wp-block-heading\">Asana und Zenkit<\/h1>\n<\/div>\n\n\n\n<div class=\"wp-block-group has-global-padding is-layout-constrained wp-block-group-is-layout-constrained\">\n<p>Sincronice Zenkit con Asana para que pueda colaborar sin importar la herramienta que use.<\/p>\n<\/div>\n<\/div>\n\n\n\n<div style=\"height:48px;--tablet-height:36px;--mobile-height:24px\" class=\"wp-block-lookeen-blocks-responsive-spacer\"><\/div>\n\n\n\n<div class=\"wp-block-group has-global-padding is-layout-constrained wp-block-group-is-layout-constrained\">\n<h3 class=\"wp-block-heading display-h2\">Acerca de esta integraci\u00f3n de Asana<\/h3>\n\n\n\n<p>Esta integraci\u00f3n de Zapier conecta Asana con Zenkit para que pueda vincular autom\u00e1ticamente items\/tareas, collections\/proyectos, listas\/campos personalizados, y mucho m\u00e1s.<\/p>\n<\/div>\n\n\n\n<div style=\"height:48px;--tablet-height:36px;--mobile-height:24px\" class=\"wp-block-lookeen-blocks-responsive-spacer\"><\/div>\n\n\n\n<div class=\"wp-block-group has-global-padding is-layout-constrained wp-block-group-is-layout-constrained\">\n<h3 class=\"wp-block-heading display-h2\">Connetti Asana e Zenkit<\/h3>\n\n\n\n<ol class=\"wp-block-list is-style-da-left-indent\">\n<li><a href=\"https:\/\/zapier.com\/sign-up\/\">Reg\u00edstrese<\/a>&nbsp;para obtener una cuenta de Zapier y acceder a Zapier<\/li>\n\n\n\n<li><a href=\"https:\/\/asana.com\/start\">Reg\u00edstrese<\/a>&nbsp;para obtener una cuenta Asana y acceder a Asana<\/li>\n\n\n\n<li>Inicie sesi\u00f3n en Zapier y dir\u00edjase a&nbsp;<a href=\"https:\/\/zapier.com\/zapbook\/zenkit\/asana\">Zenkit + Asana Zapbook<\/a>&nbsp;para encontrar plantillas de Zap.<\/li>\n\n\n\n<li>O elija crear su propia integraci\u00f3n de Zenkit y Asana seleccion\u00e1ndolos cuando cree un zap.<\/li>\n<\/ol>\n<\/div>\n\n\n\n<div style=\"height:48px;--tablet-height:36px;--mobile-height:24px\" class=\"wp-block-lookeen-blocks-responsive-spacer\"><\/div>\n\n\n\n<div class=\"wp-block-group has-global-padding is-layout-constrained wp-block-group-is-layout-constrained\">\n<h3 class=\"wp-block-heading display-h2\">Sugerencias de integraci\u00f3n<\/h3>\n\n\n\n<script type=\"text\/javascript\" src=\"https:\/\/zapier.com\/zapbook\/embed\/widget.js?guided_zaps=15897\"><\/script>\n<\/div>\n\n\n\n<div style=\"height:48px;--tablet-height:36px;--mobile-height:24px\" class=\"wp-block-lookeen-blocks-responsive-spacer\"><\/div>\n\n\n\n<div class=\"wp-block-group has-global-padding is-layout-constrained wp-block-group-is-layout-constrained\">\n<h3 class=\"wp-block-heading display-h2\">Soporte<\/h3>\n\n\n\n<p>Esta integraci\u00f3n es compatible con Zapier. Si presenta alg\u00fan problema, p\u00f3ngase en contacto con el soporte de Zapier. Para obtener m\u00e1s informaci\u00f3n sobre c\u00f3mo usar Zenkit con Zapier, lea nuestra&nbsp;<a href=\"https:\/\/zenkit.com\/documentation#\/lists\/HJQBQ1Hw\/sections\/SJYE55zA\/entries\/BJGOKQtA?_k=hyyynn\">documentaci\u00f3n<\/a>.<\/p>\n<\/div>\n<\/div>\n<\/div>\n<\/div>\n\n\n\n<div style=\"height:110px;--tablet-height:60px;--mobile-height:48px\" class=\"wp-block-lookeen-blocks-responsive-spacer\"><\/div>\n","protected":false},"excerpt":{"rendered":"<p>Project Management Integrations Asana und Zenkit Sincronice Zenkit con Asana para que pueda colaborar sin importar la herramienta que use. Acerca de esta integraci\u00f3n de Asana Esta integraci\u00f3n de Zapier conecta Asana con Zenkit para que pueda vincular autom\u00e1ticamente items\/tareas, collections\/proyectos, listas\/campos personalizados, y mucho m\u00e1s. Connetti Asana e Zenkit Sugerencias de integraci\u00f3n Soporte Esta [&hellip;]<\/p>\n","protected":false},"author":9,"featured_media":0,"parent":127380,"menu_order":1,"comment_status":"closed","ping_status":"closed","template":"","meta":{"yasr_overall_rating":0,"yasr_post_is_review":"","yasr_auto_insert_disabled":"","yasr_review_type":"","footnotes":""},"class_list":["post-127409","page","type-page","status-publish","hentry"],"yoast_head":"<!-- This site is optimized with the Yoast SEO plugin v27.3 - https:\/\/yoast.com\/product\/yoast-seo-wordpress\/ -->\n<title>Asana | Zenkit<\/title>\n<meta name=\"robots\" content=\"index, follow, max-snippet:-1, max-image-preview:large, max-video-preview:-1\" \/>\n<link rel=\"canonical\" href=\"https:\/\/zenkit.com\/es\/integraciones\/asana\/\" \/>\n<meta property=\"og:locale\" content=\"es_ES\" \/>\n<meta property=\"og:type\" content=\"article\" \/>\n<meta property=\"og:title\" content=\"Asana | Zenkit\" \/>\n<meta property=\"og:description\" content=\"Project Management Integrations Asana und Zenkit Sincronice Zenkit con Asana para que pueda colaborar sin importar la herramienta que use. Acerca de esta integraci\u00f3n de Asana Esta integraci\u00f3n de Zapier conecta Asana con Zenkit para que pueda vincular autom\u00e1ticamente items\/tareas, collections\/proyectos, listas\/campos personalizados, y mucho m\u00e1s. Connetti Asana e Zenkit Sugerencias de integraci\u00f3n Soporte Esta [&hellip;]\" \/>\n<meta property=\"og:url\" content=\"https:\/\/zenkit.com\/es\/integraciones\/asana\/\" \/>\n<meta property=\"og:site_name\" content=\"Zenkit\" \/>\n<meta property=\"article:publisher\" content=\"https:\/\/www.facebook.com\/ZenkitHQ\" \/>\n<meta property=\"article:modified_time\" content=\"2025-11-04T05:53:17+00:00\" \/>\n<meta property=\"og:image\" content=\"https:\/\/zenkit.com\/wp-content\/uploads\/2025\/07\/Asana-Logo-2.webp\" \/>\n<meta name=\"twitter:card\" content=\"summary_large_image\" \/>\n<meta name=\"twitter:site\" content=\"@ZenkitHQ\" \/>\n<meta name=\"twitter:label1\" content=\"Tiempo de lectura\" \/>\n\t<meta name=\"twitter:data1\" content=\"1 minuto\" \/>\n<script type=\"application\/ld+json\" class=\"yoast-schema-graph\">{\"@context\":\"https:\\\/\\\/schema.org\",\"@graph\":[{\"@type\":\"WebPage\",\"@id\":\"https:\\\/\\\/zenkit.com\\\/es\\\/integraciones\\\/asana\\\/\",\"url\":\"https:\\\/\\\/zenkit.com\\\/es\\\/integraciones\\\/asana\\\/\",\"name\":\"Asana | Zenkit\",\"isPartOf\":{\"@id\":\"https:\\\/\\\/zenkit.com\\\/es\\\/#website\"},\"primaryImageOfPage\":{\"@id\":\"https:\\\/\\\/zenkit.com\\\/es\\\/integraciones\\\/asana\\\/#primaryimage\"},\"image\":{\"@id\":\"https:\\\/\\\/zenkit.com\\\/es\\\/integraciones\\\/asana\\\/#primaryimage\"},\"thumbnailUrl\":\"https:\\\/\\\/zenkit.com\\\/wp-content\\\/uploads\\\/2025\\\/07\\\/Asana-Logo-2.webp\",\"datePublished\":\"2025-08-17T19:04:35+00:00\",\"dateModified\":\"2025-11-04T05:53:17+00:00\",\"breadcrumb\":{\"@id\":\"https:\\\/\\\/zenkit.com\\\/es\\\/integraciones\\\/asana\\\/#breadcrumb\"},\"inLanguage\":\"es\",\"potentialAction\":[{\"@type\":\"ReadAction\",\"target\":[\"https:\\\/\\\/zenkit.com\\\/es\\\/integraciones\\\/asana\\\/\"]}]},{\"@type\":\"ImageObject\",\"inLanguage\":\"es\",\"@id\":\"https:\\\/\\\/zenkit.com\\\/es\\\/integraciones\\\/asana\\\/#primaryimage\",\"url\":\"https:\\\/\\\/zenkit.com\\\/wp-content\\\/uploads\\\/2025\\\/07\\\/Asana-Logo-2.webp\",\"contentUrl\":\"https:\\\/\\\/zenkit.com\\\/wp-content\\\/uploads\\\/2025\\\/07\\\/Asana-Logo-2.webp\"},{\"@type\":\"BreadcrumbList\",\"@id\":\"https:\\\/\\\/zenkit.com\\\/es\\\/integraciones\\\/asana\\\/#breadcrumb\",\"itemListElement\":[{\"@type\":\"ListItem\",\"position\":1,\"name\":\"Home\",\"item\":\"https:\\\/\\\/zenkit.com\\\/es\\\/\"},{\"@type\":\"ListItem\",\"position\":2,\"name\":\"Integraciones\",\"item\":\"https:\\\/\\\/zenkit.com\\\/es\\\/integraciones\\\/\"},{\"@type\":\"ListItem\",\"position\":3,\"name\":\"Asana\"}]},{\"@type\":\"WebSite\",\"@id\":\"https:\\\/\\\/zenkit.com\\\/es\\\/#website\",\"url\":\"https:\\\/\\\/zenkit.com\\\/es\\\/\",\"name\":\"Zenkit\",\"description\":\"Zenkit Tagline\",\"potentialAction\":[{\"@type\":\"SearchAction\",\"target\":{\"@type\":\"EntryPoint\",\"urlTemplate\":\"https:\\\/\\\/zenkit.com\\\/es\\\/?s={search_term_string}\"},\"query-input\":{\"@type\":\"PropertyValueSpecification\",\"valueRequired\":true,\"valueName\":\"search_term_string\"}}],\"inLanguage\":\"es\"},false]}<\/script>\n<!-- \/ Yoast SEO plugin. -->","yoast_head_json":{"title":"Asana | Zenkit","robots":{"index":"index","follow":"follow","max-snippet":"max-snippet:-1","max-image-preview":"max-image-preview:large","max-video-preview":"max-video-preview:-1"},"canonical":"https:\/\/zenkit.com\/es\/integraciones\/asana\/","og_locale":"es_ES","og_type":"article","og_title":"Asana | Zenkit","og_description":"Project Management Integrations Asana und Zenkit Sincronice Zenkit con Asana para que pueda colaborar sin importar la herramienta que use. Acerca de esta integraci\u00f3n de Asana Esta integraci\u00f3n de Zapier conecta Asana con Zenkit para que pueda vincular autom\u00e1ticamente items\/tareas, collections\/proyectos, listas\/campos personalizados, y mucho m\u00e1s. Connetti Asana e Zenkit Sugerencias de integraci\u00f3n Soporte Esta [&hellip;]","og_url":"https:\/\/zenkit.com\/es\/integraciones\/asana\/","og_site_name":"Zenkit","article_publisher":"https:\/\/www.facebook.com\/ZenkitHQ","article_modified_time":"2025-11-04T05:53:17+00:00","og_image":[{"url":"https:\/\/zenkit.com\/wp-content\/uploads\/2025\/07\/Asana-Logo-2.webp","type":"","width":"","height":""}],"twitter_card":"summary_large_image","twitter_site":"@ZenkitHQ","twitter_misc":{"Tiempo de lectura":"1 minuto"},"schema":{"@context":"https:\/\/schema.org","@graph":[{"@type":"WebPage","@id":"https:\/\/zenkit.com\/es\/integraciones\/asana\/","url":"https:\/\/zenkit.com\/es\/integraciones\/asana\/","name":"Asana | Zenkit","isPartOf":{"@id":"https:\/\/zenkit.com\/es\/#website"},"primaryImageOfPage":{"@id":"https:\/\/zenkit.com\/es\/integraciones\/asana\/#primaryimage"},"image":{"@id":"https:\/\/zenkit.com\/es\/integraciones\/asana\/#primaryimage"},"thumbnailUrl":"https:\/\/zenkit.com\/wp-content\/uploads\/2025\/07\/Asana-Logo-2.webp","datePublished":"2025-08-17T19:04:35+00:00","dateModified":"2025-11-04T05:53:17+00:00","breadcrumb":{"@id":"https:\/\/zenkit.com\/es\/integraciones\/asana\/#breadcrumb"},"inLanguage":"es","potentialAction":[{"@type":"ReadAction","target":["https:\/\/zenkit.com\/es\/integraciones\/asana\/"]}]},{"@type":"ImageObject","inLanguage":"es","@id":"https:\/\/zenkit.com\/es\/integraciones\/asana\/#primaryimage","url":"https:\/\/zenkit.com\/wp-content\/uploads\/2025\/07\/Asana-Logo-2.webp","contentUrl":"https:\/\/zenkit.com\/wp-content\/uploads\/2025\/07\/Asana-Logo-2.webp"},{"@type":"BreadcrumbList","@id":"https:\/\/zenkit.com\/es\/integraciones\/asana\/#breadcrumb","itemListElement":[{"@type":"ListItem","position":1,"name":"Home","item":"https:\/\/zenkit.com\/es\/"},{"@type":"ListItem","position":2,"name":"Integraciones","item":"https:\/\/zenkit.com\/es\/integraciones\/"},{"@type":"ListItem","position":3,"name":"Asana"}]},{"@type":"WebSite","@id":"https:\/\/zenkit.com\/es\/#website","url":"https:\/\/zenkit.com\/es\/","name":"Zenkit","description":"Zenkit Tagline","potentialAction":[{"@type":"SearchAction","target":{"@type":"EntryPoint","urlTemplate":"https:\/\/zenkit.com\/es\/?s={search_term_string}"},"query-input":{"@type":"PropertyValueSpecification","valueRequired":true,"valueName":"search_term_string"}}],"inLanguage":"es"},false]}},"yasr_visitor_votes":{"stars_attributes":{"read_only":false,"span_bottom":false},"number_of_votes":0,"sum_votes":0},"_links":{"self":[{"href":"https:\/\/zenkit.com\/es\/wp-json\/wp\/v2\/pages\/127409","targetHints":{"allow":["GET"]}}],"collection":[{"href":"https:\/\/zenkit.com\/es\/wp-json\/wp\/v2\/pages"}],"about":[{"href":"https:\/\/zenkit.com\/es\/wp-json\/wp\/v2\/types\/page"}],"author":[{"embeddable":true,"href":"https:\/\/zenkit.com\/es\/wp-json\/wp\/v2\/users\/9"}],"replies":[{"embeddable":true,"href":"https:\/\/zenkit.com\/es\/wp-json\/wp\/v2\/comments?post=127409"}],"version-history":[{"count":3,"href":"https:\/\/zenkit.com\/es\/wp-json\/wp\/v2\/pages\/127409\/revisions"}],"predecessor-version":[{"id":127423,"href":"https:\/\/zenkit.com\/es\/wp-json\/wp\/v2\/pages\/127409\/revisions\/127423"}],"up":[{"embeddable":true,"href":"https:\/\/zenkit.com\/es\/wp-json\/wp\/v2\/pages\/127380"}],"wp:attachment":[{"href":"https:\/\/zenkit.com\/es\/wp-json\/wp\/v2\/media?parent=127409"}],"curies":[{"name":"wp","href":"https:\/\/api.w.org\/{rel}","templated":true}]}}