{"id":127622,"date":"2025-08-18T08:08:57","date_gmt":"2025-08-18T06:08:57","guid":{"rendered":"https:\/\/zenkit.com\/?page_id=127622"},"modified":"2025-11-04T06:53:17","modified_gmt":"2025-11-04T05:53:17","slug":"activecampaign","status":"publish","type":"page","link":"https:\/\/zenkit.com\/es\/integraciones\/activecampaign\/","title":{"rendered":"ActiveCampaign"},"content":{"rendered":"\n<div style=\"height:45px;--tablet-height:45px;--mobile-height:16px\" class=\"wp-block-lookeen-blocks-responsive-spacer\"><\/div>\n\n\n\n<div class=\"wp-block-group has-global-padding is-layout-constrained wp-block-group-is-layout-constrained\">\n<div class=\"wp-block-columns is-layout-flex wp-container-core-columns-is-layout-467d341d wp-block-columns-is-layout-flex\" id=\"main__integrations\" style=\"margin-top:0px;margin-bottom:0px\">\n<div class=\"wp-block-column side__bar__integrations is-layout-flow wp-block-column-is-layout-flow\" style=\"flex-basis:23%\">\n<h2 class=\"wp-block-heading has-da-blue-color-new has-text-color has-link-color wp-elements-3df084bb1aaa05461bf0e910e0da2c39\" style=\"margin-top:0px;margin-bottom:0px;font-size:16px;line-height:1.5\">Marketing-Automatisierungs Integrationen<\/h2>\n\n\n<nav class=\"is-vertical integrations__menu wp-block-navigation is-layout-flex wp-container-core-navigation-is-layout-5f9f5280 wp-block-navigation-is-layout-flex\" aria-label=\"integrations-marketing-automations-es\"><ul class=\"wp-block-navigation__container  is-vertical integrations__menu wp-block-navigation\"><li class=\" wp-block-navigation-item wp-block-navigation-link\"><a class=\"wp-block-navigation-item__content\"  href=\"https:\/\/zenkit.com\/es\/integraciones\/activecampaign\/\"><span class=\"wp-block-navigation-item__label\">ActiveCampaign<\/span><\/a><\/li><\/ul><\/nav><\/div>\n\n\n\n<div class=\"wp-block-column content__integrations is-layout-flow wp-block-column-is-layout-flow\" style=\"flex-basis:77%\">\n<div class=\"wp-block-group has-global-padding is-layout-constrained wp-block-group-is-layout-constrained\">\n<div class=\"wp-block-group title is-layout-flex wp-container-core-group-is-layout-ed4b00df wp-block-group-is-layout-flex\">\n<figure class=\"wp-block-image size-full is-resized\"><img loading=\"lazy\" decoding=\"async\" width=\"1201\" height=\"1200\" src=\"https:\/\/zenkit.com\/wp-content\/uploads\/2025\/07\/ActiveCampaign_logo.png\" alt=\"\" class=\"wp-image-117113\" style=\"width:auto;height:46px\" srcset=\"https:\/\/zenkit.com\/wp-content\/uploads\/2025\/07\/ActiveCampaign_logo.png 1201w, https:\/\/zenkit.com\/wp-content\/uploads\/2025\/07\/ActiveCampaign_logo-300x300.png 300w, https:\/\/zenkit.com\/wp-content\/uploads\/2025\/07\/ActiveCampaign_logo-1024x1024.png 1024w, https:\/\/zenkit.com\/wp-content\/uploads\/2025\/07\/ActiveCampaign_logo-150x150.png 150w, https:\/\/zenkit.com\/wp-content\/uploads\/2025\/07\/ActiveCampaign_logo-768x767.png 768w\" sizes=\"auto, (max-width: 1201px) 100vw, 1201px\" \/><\/figure>\n\n\n\n<h1 class=\"wp-block-heading\">ActiveCampaign &amp; Zenkit<\/h1>\n<\/div>\n\n\n\n<div class=\"wp-block-group has-global-padding is-layout-constrained wp-block-group-is-layout-constrained\">\n<h3 class=\"wp-block-heading display-h2\">Conecte sus cuentas Zenkit y ActiveCampaign<\/h3>\n\n\n\n<p>\u00bfQuiere mejorar la experiencia de sus clientes y su flujo de trabajo al mismo tiempo? Por un lado usted podr\u00e1 utilizar ActiveCampaign como el correo electr\u00f3nico de su herramienta de automatizaci\u00f3n de marketing. Y por el otro lado usted podr\u00e1 utilizar Zenkit como una herramienta de administraci\u00f3n de proyectos o crear su base de datos de contactos (CRM) en Zenkit. \u00a1Con ayuda de nuestra integraci\u00f3n Zapier, nuevas ventajas o nuevas tareas a\u00f1adidas a ActiveCampaign ser\u00e1n enviadas autom\u00e1ticamente a una collection especifica de Zenkit! Deje a Zapier hacer el trabajo de automatizaci\u00f3n, \u00a1as\u00ed usted puede concentrarse en lo que m\u00e1s importa!<\/p>\n<\/div>\n<\/div>\n\n\n\n<div style=\"height:48px;--tablet-height:36px;--mobile-height:24px\" class=\"wp-block-lookeen-blocks-responsive-spacer\"><\/div>\n\n\n\n<div class=\"wp-block-group has-global-padding is-layout-constrained wp-block-group-is-layout-constrained\">\n<figure class=\"wp-block-image size-full\"><img loading=\"lazy\" decoding=\"async\" width=\"1024\" height=\"482\" src=\"https:\/\/zenkit.com\/wp-content\/uploads\/2025\/07\/ActiveCampaign_screenshot-1024x482-1.webp\" alt=\"Conecte sus cuentas Zenkit y ActiveCampaign\" class=\"wp-image-117124\" srcset=\"https:\/\/zenkit.com\/wp-content\/uploads\/2025\/07\/ActiveCampaign_screenshot-1024x482-1.webp 1024w, https:\/\/zenkit.com\/wp-content\/uploads\/2025\/07\/ActiveCampaign_screenshot-1024x482-1-300x141.webp 300w, https:\/\/zenkit.com\/wp-content\/uploads\/2025\/07\/ActiveCampaign_screenshot-1024x482-1-768x362.webp 768w\" sizes=\"auto, (max-width: 1024px) 100vw, 1024px\" \/><\/figure>\n<\/div>\n\n\n\n<div style=\"height:48px;--tablet-height:36px;--mobile-height:24px\" class=\"wp-block-lookeen-blocks-responsive-spacer\"><\/div>\n\n\n\n<div class=\"wp-block-group has-global-padding is-layout-constrained wp-block-group-is-layout-constrained\">\n<h3 class=\"wp-block-heading display-h2\">Acerca de ActiveCampaign: Ventas y Herramienta de Automatizaci\u00f3n de Marketing<\/h3>\n\n\n\n<p>Reconocida como l\u00edder en la\u00a0<a href=\"http:\/\/www.activecampaign.com\/\">automatizaci\u00f3n de marketing y ventas<\/a>\u00a0para peque\u00f1as y medianas empresas, ActiveCampaign ayuda significativamente a crecer empresas, conectarlas y comprometerse con sus clientes. Es una plataforma SaaS que permite a empresas crear experiencias optimizadas para sus clientes a trav\u00e9s de automatizar varios procesos y conectar con sus clientes entre canales con mensajes personalizados e inteligentes. Para m\u00e1s informaci\u00f3n visite:\u00a0<a href=\"http:\/\/www.activecampaign.com\/\">www.activecampaign.com<\/a>.<\/p>\n<\/div>\n\n\n\n<div style=\"height:48px;--tablet-height:36px;--mobile-height:24px\" class=\"wp-block-lookeen-blocks-responsive-spacer\"><\/div>\n\n\n\n<div class=\"wp-block-group has-global-padding is-layout-constrained wp-block-group-is-layout-constrained\">\n<h3 class=\"wp-block-heading display-h2\">Acerca de Zenkit: Administrador de Proyectos En L\u00ednea<\/h3>\n\n\n\n<p><a href=\"https:\/\/zenkit.com\/\">Zenkit<\/a>\u00a0es una herramienta amigable para usuarios, es colaborativa para la administraci\u00f3n de proyectos, generadora de base de datos y mucho m\u00e1s. Esta le permite cambiar vistas (tablas, listas to-do, Kanban, calendarios y mapas mentales) con un solo clic. Usted puede compartir su trabajo en l\u00ednea con publicar e integrar collections, y construir integraciones con nuestra documentada API. Zenkit es suficientemente flexible para adaptarse a cualquier flujo de trabajo y bastante poderosa para manejar su negocio. Cree una cuenta gratuita:\u00a0<a href=\"https:\/\/app.zenkit.com\/register\">https:\/\/app.zenkit.com\/register<\/a>.<\/p>\n<\/div>\n\n\n\n<div style=\"height:48px;--tablet-height:36px;--mobile-height:24px\" class=\"wp-block-lookeen-blocks-responsive-spacer\"><\/div>\n\n\n\n<div class=\"wp-block-group has-global-padding is-layout-constrained wp-block-group-is-layout-constrained\">\n<h3 class=\"wp-block-heading display-h2\">\u00bfC\u00f3mo conectar ActiveCampaign y Zenkit?<\/h3>\n\n\n\n<ol class=\"wp-block-list is-style-da-left-indent\">\n<li><a href=\"https:\/\/zapier.com\/sign-up\/\">Registrarse<\/a>\u00a0a una cuenta Zapier para obtener acceso a Zapier.<\/li>\n\n\n\n<li><a href=\"http:\/\/www.activecampaign.com\/\">Crear una cuenta<\/a>\u00a0con ActiveCampaign.<\/li>\n\n\n\n<li>Inicie sesi\u00f3n en Zapier y dir\u00edjase a la\u00a0<a href=\"https:\/\/zapier.com\/apps\/zenkit\/integrations\/activecampaign\">Zenkit + ActiveCampaign Zapbook\u00a0<\/a>para encontrar plantillas Zap.<\/li>\n\n\n\n<li>O escoja crear su propia integraci\u00f3n Zenkit y ActiveCampaign seleccionandolos cuando cree una zap.<\/li>\n<\/ol>\n<\/div>\n\n\n\n<div style=\"height:48px;--tablet-height:36px;--mobile-height:24px\" class=\"wp-block-lookeen-blocks-responsive-spacer\"><\/div>\n\n\n\n<div class=\"wp-block-group has-global-padding is-layout-constrained wp-block-group-is-layout-constrained\">\n<script type=\"text\/javascript\" src=\"https:\/\/zapier.com\/apps\/embed\/widget.js?guided_zaps=37824,40656\"><\/script>\n<\/div>\n\n\n\n<div style=\"height:48px;--tablet-height:36px;--mobile-height:24px\" class=\"wp-block-lookeen-blocks-responsive-spacer\"><\/div>\n\n\n\n<div class=\"wp-block-group has-global-padding is-layout-constrained wp-block-group-is-layout-constrained\">\n<h3 class=\"wp-block-heading display-h2\">\u00bfQui\u00e9n se va a beneficiar de esta integraci\u00f3n de ActiveCampaign y Zenkit?<\/h3>\n\n\n\n<ul class=\"wp-block-list is-style-da-left-indent\">\n<li>Personas que no quieran perder tiempo copiando y pegando manualmente para asegurar que ActiveCampaign y Zenkit est\u00e9n sincronizados.<\/li>\n\n\n\n<li>Personas que deseen combinar su herramienta de automatizaci\u00f3n de marketing y su herramienta de administraci\u00f3n de proyectos eficazmente.<\/li>\n<\/ul>\n<\/div>\n\n\n\n<div style=\"height:48px;--tablet-height:36px;--mobile-height:24px\" class=\"wp-block-lookeen-blocks-responsive-spacer\"><\/div>\n\n\n\n<div class=\"wp-block-group has-global-padding is-layout-constrained wp-block-group-is-layout-constrained\">\n<h3 class=\"wp-block-heading display-h2\">Detalles de Integraci\u00f3n Adicionales<\/h3>\n\n\n\n<ul class=\"wp-block-list is-style-da-left-indent\">\n<li>Respaldado por Zapier: Por favor contacte con el\u00a0<a href=\"https:\/\/zapier.com\/help\/contact-us\/\">servicio t\u00e9cnico de Zapier<\/a>\u00a0, si usted experimenta cualquier problema.<\/li>\n\n\n\n<li>Para m\u00e1s informaci\u00f3n sobre c\u00f3mo utilizar Zenkit con Zapier, por favor lea nuestra\u00a0<a href=\"https:\/\/zenkit.com\/documentation#\/lists\/HJQBQ1Hw\/sections\/SJYE55zA\/entries\/BJGOKQtA?_k=hyyynn\">documentaci\u00f3n\u00a0<\/a>.<\/li>\n<\/ul>\n<\/div>\n<\/div>\n<\/div>\n<\/div>\n\n\n\n<div style=\"height:110px;--tablet-height:60px;--mobile-height:48px\" class=\"wp-block-lookeen-blocks-responsive-spacer\"><\/div>\n","protected":false},"excerpt":{"rendered":"<p>Marketing-Automatisierungs Integrationen ActiveCampaign &amp; Zenkit Conecte sus cuentas Zenkit y ActiveCampaign \u00bfQuiere mejorar la experiencia de sus clientes y su flujo de trabajo al mismo tiempo? Por un lado usted podr\u00e1 utilizar ActiveCampaign como el correo electr\u00f3nico de su herramienta de automatizaci\u00f3n de marketing. Y por el otro lado usted podr\u00e1 utilizar Zenkit como una [&hellip;]<\/p>\n","protected":false},"author":9,"featured_media":0,"parent":127380,"menu_order":7,"comment_status":"closed","ping_status":"closed","template":"","meta":{"yasr_overall_rating":0,"yasr_post_is_review":"","yasr_auto_insert_disabled":"","yasr_review_type":"","footnotes":""},"class_list":["post-127622","page","type-page","status-publish","hentry"],"yoast_head":"<!-- This site is optimized with the Yoast SEO plugin v27.4 - https:\/\/yoast.com\/product\/yoast-seo-wordpress\/ -->\n<title>ActiveCampaign | Zenkit<\/title>\n<meta name=\"robots\" content=\"index, follow, max-snippet:-1, max-image-preview:large, max-video-preview:-1\" \/>\n<link rel=\"canonical\" href=\"https:\/\/zenkit.com\/es\/integraciones\/activecampaign\/\" \/>\n<meta property=\"og:locale\" content=\"es_ES\" \/>\n<meta property=\"og:type\" content=\"article\" \/>\n<meta property=\"og:title\" content=\"ActiveCampaign | Zenkit\" \/>\n<meta property=\"og:description\" content=\"Marketing-Automatisierungs Integrationen ActiveCampaign &amp; Zenkit Conecte sus cuentas Zenkit y ActiveCampaign \u00bfQuiere mejorar la experiencia de sus clientes y su flujo de trabajo al mismo tiempo? Por un lado usted podr\u00e1 utilizar ActiveCampaign como el correo electr\u00f3nico de su herramienta de automatizaci\u00f3n de marketing. Y por el otro lado usted podr\u00e1 utilizar Zenkit como una [&hellip;]\" \/>\n<meta property=\"og:url\" content=\"https:\/\/zenkit.com\/es\/integraciones\/activecampaign\/\" \/>\n<meta property=\"og:site_name\" content=\"Zenkit\" \/>\n<meta property=\"article:publisher\" content=\"https:\/\/www.facebook.com\/ZenkitHQ\" \/>\n<meta property=\"article:modified_time\" content=\"2025-11-04T05:53:17+00:00\" \/>\n<meta property=\"og:image\" content=\"https:\/\/zenkit.com\/wp-content\/uploads\/2025\/07\/ActiveCampaign_logo.png\" \/>\n<meta name=\"twitter:card\" content=\"summary_large_image\" \/>\n<meta name=\"twitter:site\" content=\"@ZenkitHQ\" \/>\n<meta name=\"twitter:label1\" content=\"Tiempo de lectura\" \/>\n\t<meta name=\"twitter:data1\" content=\"2 minutos\" \/>\n<script type=\"application\/ld+json\" class=\"yoast-schema-graph\">{\"@context\":\"https:\\\/\\\/schema.org\",\"@graph\":[{\"@type\":\"WebPage\",\"@id\":\"https:\\\/\\\/zenkit.com\\\/es\\\/integraciones\\\/activecampaign\\\/\",\"url\":\"https:\\\/\\\/zenkit.com\\\/es\\\/integraciones\\\/activecampaign\\\/\",\"name\":\"ActiveCampaign | Zenkit\",\"isPartOf\":{\"@id\":\"https:\\\/\\\/zenkit.com\\\/es\\\/#website\"},\"primaryImageOfPage\":{\"@id\":\"https:\\\/\\\/zenkit.com\\\/es\\\/integraciones\\\/activecampaign\\\/#primaryimage\"},\"image\":{\"@id\":\"https:\\\/\\\/zenkit.com\\\/es\\\/integraciones\\\/activecampaign\\\/#primaryimage\"},\"thumbnailUrl\":\"https:\\\/\\\/zenkit.com\\\/wp-content\\\/uploads\\\/2025\\\/07\\\/ActiveCampaign_logo.png\",\"datePublished\":\"2025-08-18T06:08:57+00:00\",\"dateModified\":\"2025-11-04T05:53:17+00:00\",\"breadcrumb\":{\"@id\":\"https:\\\/\\\/zenkit.com\\\/es\\\/integraciones\\\/activecampaign\\\/#breadcrumb\"},\"inLanguage\":\"es\",\"potentialAction\":[{\"@type\":\"ReadAction\",\"target\":[\"https:\\\/\\\/zenkit.com\\\/es\\\/integraciones\\\/activecampaign\\\/\"]}]},{\"@type\":\"ImageObject\",\"inLanguage\":\"es\",\"@id\":\"https:\\\/\\\/zenkit.com\\\/es\\\/integraciones\\\/activecampaign\\\/#primaryimage\",\"url\":\"https:\\\/\\\/zenkit.com\\\/wp-content\\\/uploads\\\/2025\\\/07\\\/ActiveCampaign_logo.png\",\"contentUrl\":\"https:\\\/\\\/zenkit.com\\\/wp-content\\\/uploads\\\/2025\\\/07\\\/ActiveCampaign_logo.png\"},{\"@type\":\"BreadcrumbList\",\"@id\":\"https:\\\/\\\/zenkit.com\\\/es\\\/integraciones\\\/activecampaign\\\/#breadcrumb\",\"itemListElement\":[{\"@type\":\"ListItem\",\"position\":1,\"name\":\"Home\",\"item\":\"https:\\\/\\\/zenkit.com\\\/es\\\/\"},{\"@type\":\"ListItem\",\"position\":2,\"name\":\"Integraciones\",\"item\":\"https:\\\/\\\/zenkit.com\\\/es\\\/integraciones\\\/\"},{\"@type\":\"ListItem\",\"position\":3,\"name\":\"ActiveCampaign\"}]},{\"@type\":\"WebSite\",\"@id\":\"https:\\\/\\\/zenkit.com\\\/es\\\/#website\",\"url\":\"https:\\\/\\\/zenkit.com\\\/es\\\/\",\"name\":\"Zenkit\",\"description\":\"Zenkit Tagline\",\"potentialAction\":[{\"@type\":\"SearchAction\",\"target\":{\"@type\":\"EntryPoint\",\"urlTemplate\":\"https:\\\/\\\/zenkit.com\\\/es\\\/?s={search_term_string}\"},\"query-input\":{\"@type\":\"PropertyValueSpecification\",\"valueRequired\":true,\"valueName\":\"search_term_string\"}}],\"inLanguage\":\"es\"},false]}<\/script>\n<!-- \/ Yoast SEO plugin. -->","yoast_head_json":{"title":"ActiveCampaign | Zenkit","robots":{"index":"index","follow":"follow","max-snippet":"max-snippet:-1","max-image-preview":"max-image-preview:large","max-video-preview":"max-video-preview:-1"},"canonical":"https:\/\/zenkit.com\/es\/integraciones\/activecampaign\/","og_locale":"es_ES","og_type":"article","og_title":"ActiveCampaign | Zenkit","og_description":"Marketing-Automatisierungs Integrationen ActiveCampaign &amp; Zenkit Conecte sus cuentas Zenkit y ActiveCampaign \u00bfQuiere mejorar la experiencia de sus clientes y su flujo de trabajo al mismo tiempo? Por un lado usted podr\u00e1 utilizar ActiveCampaign como el correo electr\u00f3nico de su herramienta de automatizaci\u00f3n de marketing. Y por el otro lado usted podr\u00e1 utilizar Zenkit como una [&hellip;]","og_url":"https:\/\/zenkit.com\/es\/integraciones\/activecampaign\/","og_site_name":"Zenkit","article_publisher":"https:\/\/www.facebook.com\/ZenkitHQ","article_modified_time":"2025-11-04T05:53:17+00:00","og_image":[{"url":"https:\/\/zenkit.com\/wp-content\/uploads\/2025\/07\/ActiveCampaign_logo.png","type":"","width":"","height":""}],"twitter_card":"summary_large_image","twitter_site":"@ZenkitHQ","twitter_misc":{"Tiempo de lectura":"2 minutos"},"schema":{"@context":"https:\/\/schema.org","@graph":[{"@type":"WebPage","@id":"https:\/\/zenkit.com\/es\/integraciones\/activecampaign\/","url":"https:\/\/zenkit.com\/es\/integraciones\/activecampaign\/","name":"ActiveCampaign | Zenkit","isPartOf":{"@id":"https:\/\/zenkit.com\/es\/#website"},"primaryImageOfPage":{"@id":"https:\/\/zenkit.com\/es\/integraciones\/activecampaign\/#primaryimage"},"image":{"@id":"https:\/\/zenkit.com\/es\/integraciones\/activecampaign\/#primaryimage"},"thumbnailUrl":"https:\/\/zenkit.com\/wp-content\/uploads\/2025\/07\/ActiveCampaign_logo.png","datePublished":"2025-08-18T06:08:57+00:00","dateModified":"2025-11-04T05:53:17+00:00","breadcrumb":{"@id":"https:\/\/zenkit.com\/es\/integraciones\/activecampaign\/#breadcrumb"},"inLanguage":"es","potentialAction":[{"@type":"ReadAction","target":["https:\/\/zenkit.com\/es\/integraciones\/activecampaign\/"]}]},{"@type":"ImageObject","inLanguage":"es","@id":"https:\/\/zenkit.com\/es\/integraciones\/activecampaign\/#primaryimage","url":"https:\/\/zenkit.com\/wp-content\/uploads\/2025\/07\/ActiveCampaign_logo.png","contentUrl":"https:\/\/zenkit.com\/wp-content\/uploads\/2025\/07\/ActiveCampaign_logo.png"},{"@type":"BreadcrumbList","@id":"https:\/\/zenkit.com\/es\/integraciones\/activecampaign\/#breadcrumb","itemListElement":[{"@type":"ListItem","position":1,"name":"Home","item":"https:\/\/zenkit.com\/es\/"},{"@type":"ListItem","position":2,"name":"Integraciones","item":"https:\/\/zenkit.com\/es\/integraciones\/"},{"@type":"ListItem","position":3,"name":"ActiveCampaign"}]},{"@type":"WebSite","@id":"https:\/\/zenkit.com\/es\/#website","url":"https:\/\/zenkit.com\/es\/","name":"Zenkit","description":"Zenkit Tagline","potentialAction":[{"@type":"SearchAction","target":{"@type":"EntryPoint","urlTemplate":"https:\/\/zenkit.com\/es\/?s={search_term_string}"},"query-input":{"@type":"PropertyValueSpecification","valueRequired":true,"valueName":"search_term_string"}}],"inLanguage":"es"},false]}},"yasr_visitor_votes":{"stars_attributes":{"read_only":false,"span_bottom":false},"number_of_votes":0,"sum_votes":0},"_links":{"self":[{"href":"https:\/\/zenkit.com\/es\/wp-json\/wp\/v2\/pages\/127622","targetHints":{"allow":["GET"]}}],"collection":[{"href":"https:\/\/zenkit.com\/es\/wp-json\/wp\/v2\/pages"}],"about":[{"href":"https:\/\/zenkit.com\/es\/wp-json\/wp\/v2\/types\/page"}],"author":[{"embeddable":true,"href":"https:\/\/zenkit.com\/es\/wp-json\/wp\/v2\/users\/9"}],"replies":[{"embeddable":true,"href":"https:\/\/zenkit.com\/es\/wp-json\/wp\/v2\/comments?post=127622"}],"version-history":[{"count":3,"href":"https:\/\/zenkit.com\/es\/wp-json\/wp\/v2\/pages\/127622\/revisions"}],"predecessor-version":[{"id":127687,"href":"https:\/\/zenkit.com\/es\/wp-json\/wp\/v2\/pages\/127622\/revisions\/127687"}],"up":[{"embeddable":true,"href":"https:\/\/zenkit.com\/es\/wp-json\/wp\/v2\/pages\/127380"}],"wp:attachment":[{"href":"https:\/\/zenkit.com\/es\/wp-json\/wp\/v2\/media?parent=127622"}],"curies":[{"name":"wp","href":"https:\/\/api.w.org\/{rel}","templated":true}]}}