{"id":12852,"date":"2018-06-26T19:26:27","date_gmt":"2018-06-26T17:26:27","guid":{"rendered":"https:\/\/zenkit.com\/?page_id=12852"},"modified":"2025-09-03T08:49:47","modified_gmt":"2025-09-03T06:49:47","slug":"mapa-mental","status":"publish","type":"page","link":"https:\/\/zenkit.com\/es\/soluciones\/mind-map\/mapa-mental\/","title":{"rendered":"Mind Map"},"content":{"rendered":"\n<div class=\"wp-block-group has-global-padding is-layout-constrained wp-block-group-is-layout-constrained\">\n<div class=\"wp-block-group width--950 has-global-padding is-layout-constrained wp-block-group-is-layout-constrained\">\n<div style=\"height:45px;--tablet-height:45px;--mobile-height:16px\" class=\"wp-block-lookeen-blocks-responsive-spacer\"><\/div>\n\n\n\n<div class=\"wp-block-group has-global-padding is-layout-constrained wp-block-group-is-layout-constrained\">\n<h1 class=\"wp-block-heading has-text-align-center\" style=\"margin-bottom:8px\">Mapa Mental Colaborativo<\/h1>\n<\/div>\n\n\n\n<div class=\"wp-block-group has-global-padding is-layout-constrained wp-block-group-is-layout-constrained\">\n<p class=\"has-text-align-center\">Aproveche la potencia creativa de los mapas mentales de su workspace. Cree mapas mentales, \u00faselos de inmediato en sus proyectos &#8211; sin necesidad de convertir o importar nada.<\/p>\n\n\n\n<div class=\"wp-block-buttons is-content-justification-center is-layout-flex wp-container-core-buttons-is-layout-a89b3969 wp-block-buttons-is-layout-flex\">\n<div class=\"wp-block-button\"><a class=\"wp-block-button__link wp-element-button\" href=\"https:\/\/zenkit.com\/register?lang=es\" target=\"_blank\" rel=\"noreferrer noopener\">\u00danase gratis<\/a><\/div>\n<\/div>\n<\/div>\n\n\n\n<div style=\"height:88px;--tablet-height:72px;--mobile-height:36px\" class=\"wp-block-lookeen-blocks-responsive-spacer\"><\/div>\n<\/div>\n<\/div>\n\n\n\n<div class=\"wp-block-group has-global-padding is-layout-constrained wp-container-core-group-is-layout-bea02a06 wp-block-group-is-layout-constrained\">\n<h2 class=\"wp-block-heading has-text-align-center\">Beneficios del uso de mapas mentales en l\u00ednea<\/h2>\n\n\n\n<h3 class=\"wp-block-heading has-text-align-center\">Administrar proyectos de manera efectiva<\/h3>\n\n\n\n<p class=\"has-text-align-center\" style=\"margin-bottom:0px\">\u00bfAlguna vez ha comenzado un proyecto con un gran mapa mental lleno de ideas e inspiraci\u00f3n, solo para descubrir que una vez que comience a trabajar en su proyecto, el mapa queda olvidado e inutilizado?<\/p>\n\n\n\n<p class=\"has-text-align-center\" style=\"margin-bottom:0px\">Nunca permita que eso vuelva a suceder. Cuando crea un mapa mental en Zenkit, puede convertirlo f\u00e1cilmente en una tabla Kanban o una lista de cosas por hacer, sin perder ninguno de sus datos del mapa mental. Ahora su mapa mental se mantiene actualizado durante sus proyectos: puede darle cuerpo a su plan de proyecto, crear en \u00e9l, realizar cambios en \u00e9l, colaborar en \u00e9l, y conectarlo a otros mapas mentales. Cuando necesite obtener una visi\u00f3n general de todo el proyecto, vuelva a su mapa mental con un clic.<\/p>\n\n\n\n<div style=\"height:48px;--tablet-height:48px;--mobile-height:36px\" class=\"wp-block-lookeen-blocks-responsive-spacer\"><\/div>\n\n\n\n<h3 class=\"wp-block-heading has-text-align-center\">Colaborar m\u00e1s creativamente<\/h3>\n\n\n\n<p class=\"has-text-align-center\" style=\"margin-bottom:0px\">Es m\u00e1s f\u00e1cil que nunca trabajar en mapas mentales con su workspace. Ya sea que trabaje uno al lado de otro o desde otra parte del mundo, puede trabajar en mapas mentales y ver los cambios en tiempo real. Sin importar si usted es un trabajador independiente, una startup o una empresa multinacional, los mapas mentales de Zenkit pueden ayudarle a usted y a su equipo a crear una lluvia de ideas de manera efectiva, generar ideas innovadoras y planificar estrat\u00e9gicamente.<\/p>\n\n\n\n<p class=\"has-text-align-center\" style=\"margin-bottom:0px\">\u00bfTrabajando en un entorno educativo? Use los mapas mentales de Zenkit para involucrar a su clase, planear lecciones, visualizar problemas complejos y relacionarse con sus alumnos en grupo.<\/p>\n\n\n\n<div style=\"height:48px;--tablet-height:48px;--mobile-height:36px\" class=\"wp-block-lookeen-blocks-responsive-spacer\"><\/div>\n\n\n\n<h3 class=\"wp-block-heading has-text-align-center\">Planificar estrat\u00e9gicamente<\/h3>\n\n\n\n<p class=\"has-text-align-center\" style=\"margin-bottom:0px\">Una de las principales ventajas de los mapas mentales es su capacidad para mejorar la creatividad permitiendo que sus pensamientos fluyan libremente. Por lo tanto, son la herramienta perfecta para planificar proyectos complejos y crear estrategias comerciales. Los mapas mentales en Zenkit pueden ayudarle a delinear su estrategia, crear listas de partes interesadas, establecer objetivos comerciales e hitos del proyecto, y mucho m\u00e1s.<\/p>\n\n\n\n<div style=\"height:48px;--tablet-height:48px;--mobile-height:36px\" class=\"wp-block-lookeen-blocks-responsive-spacer\"><\/div>\n\n\n\n<h3 class=\"wp-block-heading has-text-align-center\">Administrar reuniones de manera eficiente<\/h3>\n\n\n\n<p class=\"has-text-align-center\" style=\"margin-bottom:0px\">Los mapas mentales en Zenkit son la manera perfecta de planificar y compartir una agenda de reuniones, tomar notas y minutos durante la reuni\u00f3n, adjuntar documentos importantes o enlaces a puntos relevantes, y crear una lluvia de ideas con su equipo. Muchas veces, las reuniones se salen de curso con comentarios, observaciones interesantes, nuevas ideas y m\u00e1s. Capture esos hilos r\u00e1pidamente en un mapa mental, luego vuelva a enfocar la reuni\u00f3n en la agenda principal.<\/p>\n\n\n\n<p class=\"has-text-align-center\" style=\"margin-bottom:0px\">Durante la reuni\u00f3n, o despu\u00e9s, puede asignar f\u00e1cilmente tareas accionables a los miembros de su workspace desde el mapa original, sin tener que exportarlo o perder la estructura del mapa.<\/p>\n<\/div>\n\n\n\n<div class=\"wp-block-group has-global-padding is-layout-constrained wp-container-core-group-is-layout-bea02a06 wp-block-group-is-layout-constrained\">\n<div style=\"height:88px;--tablet-height:72px;--mobile-height:36px\" class=\"wp-block-lookeen-blocks-responsive-spacer\"><\/div>\n\n\n\n<h2 class=\"wp-block-heading has-text-align-center\">Con la confianza de miles de equipos en todo el mundo<\/h2>\n\n\n\n<p class=\"has-text-align-center\" style=\"margin-bottom:0px\">No pierda el tiempo buscando correos electr\u00f3nicos, cambiando entre aplicaciones y duplicando el trabajo otra vez. Haga un seguimiento de todos sus proyectos en un solo lugar con Zenkit.<\/p>\n\n\n\n<p class=\"has-text-align-center\">No cambie la forma en la que trabaja para adaptarse a sus herramientas. Trabaje con una herramienta que cambia para adaptarse a su flujo de trabajo, su equipo y sus proyectos.<\/p>\n\n\n\n<p class=\"has-text-align-center\" style=\"margin-bottom:0px\">Use una herramienta que no solo le ayude a administrar sus proyectos, sino que le facilite la administraci\u00f3n de todos los aspectos de su negocio.<\/p>\n\n\n\n<div style=\"height:88px;--tablet-height:72px;--mobile-height:36px\" class=\"wp-block-lookeen-blocks-responsive-spacer\"><\/div>\n<\/div>\n\n\n\n<div class=\"wp-block-group has-global-padding is-layout-constrained wp-container-core-group-is-layout-bea02a06 wp-block-group-is-layout-constrained\">\n<h2 class=\"wp-block-heading has-text-align-center\">Trabaje con las herramientas que ya utiliza<\/h2>\n\n\n<p class=\"has-text-align-center\" style=\"margin-bottom:0px\">Zenkit puede enviar y recibir informaci\u00f3n de otras aplicaciones que utiliza, de manera que su trabajo finalmente est\u00e9 en un solo lugar. Gracias a Zapier, Zenkit puede conectarse con m\u00e1s de otros 1000 servicios.<\/p>\n\n\n<div style=\"height:48px;--tablet-height:36px;--mobile-height:24px\" class=\"wp-block-lookeen-blocks-responsive-spacer\"><\/div>\n\n\n\n<div class=\"wp-block-group has-global-padding is-layout-constrained wp-container-core-group-is-layout-a099c240 wp-block-group-is-layout-constrained\">\n<div class=\"wp-block-group is-content-justification-center is-layout-flex wp-container-core-group-is-layout-635e4504 wp-block-group-is-layout-flex\">\n<figure class=\"wp-block-image size-full is-resized\"><a href=\"https:\/\/zenkit.com\/es\/integraciones\/google-sheets\/\"><img loading=\"lazy\" decoding=\"async\" width=\"128\" height=\"128\" src=\"https:\/\/zenkit.com\/wp-content\/uploads\/2025\/05\/google-sheets-logo.webp\" alt=\"google-sheets\" class=\"wp-image-112045\" style=\"width:80px\"\/><\/a><\/figure>\n\n\n\n<figure class=\"wp-block-image size-full is-resized\"><a href=\"https:\/\/zenkit.com\/es\/integraciones\/evernote\/\"><img loading=\"lazy\" decoding=\"async\" width=\"360\" height=\"360\" src=\"https:\/\/zenkit.com\/wp-content\/uploads\/2025\/05\/evernote-logo.webp\" alt=\"evernote\" class=\"wp-image-112035\" style=\"width:80px\" srcset=\"https:\/\/zenkit.com\/wp-content\/uploads\/2025\/05\/evernote-logo.webp 360w, https:\/\/zenkit.com\/wp-content\/uploads\/2025\/05\/evernote-logo-300x300.webp 300w, https:\/\/zenkit.com\/wp-content\/uploads\/2025\/05\/evernote-logo-150x150.webp 150w\" sizes=\"auto, (max-width: 360px) 100vw, 360px\" \/><\/a><\/figure>\n\n\n\n<figure class=\"wp-block-image size-full is-resized\"><a href=\"https:\/\/zenkit.com\/es\/integraciones\/google-calendar\/\"><img loading=\"lazy\" decoding=\"async\" width=\"128\" height=\"128\" src=\"https:\/\/zenkit.com\/wp-content\/uploads\/2025\/05\/google-calendar-logo.webp\" alt=\"google-calender\" class=\"wp-image-112055\" style=\"width:80px\"\/><\/a><\/figure>\n\n\n\n<figure class=\"wp-block-image size-full is-resized\"><a href=\"https:\/\/zenkit.com\/es\/trello\/\"><img loading=\"lazy\" decoding=\"async\" width=\"280\" height=\"280\" src=\"https:\/\/zenkit.com\/wp-content\/uploads\/2025\/05\/trello-logo-1.webp\" alt=\"trello logo\" class=\"wp-image-112107\" style=\"width:80px\" srcset=\"https:\/\/zenkit.com\/wp-content\/uploads\/2025\/05\/trello-logo-1.webp 280w, https:\/\/zenkit.com\/wp-content\/uploads\/2025\/05\/trello-logo-1-150x150.webp 150w\" sizes=\"auto, (max-width: 280px) 100vw, 280px\" \/><\/a><\/figure>\n\n\n\n<figure class=\"wp-block-image size-full is-resized\"><a href=\"https:\/\/zenkit.com\/es\/integraciones\/asana\/\"><img loading=\"lazy\" decoding=\"async\" width=\"280\" height=\"280\" src=\"https:\/\/zenkit.com\/wp-content\/uploads\/2025\/05\/asana-logo.webp\" alt=\"asana logo\" class=\"wp-image-112117\" style=\"width:80px\" srcset=\"https:\/\/zenkit.com\/wp-content\/uploads\/2025\/05\/asana-logo.webp 280w, https:\/\/zenkit.com\/wp-content\/uploads\/2025\/05\/asana-logo-150x150.webp 150w\" sizes=\"auto, (max-width: 280px) 100vw, 280px\" \/><\/a><\/figure>\n\n\n\n<figure class=\"wp-block-image size-full is-resized\"><a href=\"https:\/\/zenkit.com\/es\/integraciones\/slack\/\"><img loading=\"lazy\" decoding=\"async\" width=\"297\" height=\"297\" src=\"https:\/\/zenkit.com\/wp-content\/uploads\/2025\/05\/slack-logo.webp\" alt=\"slack logo\" class=\"wp-image-112127\" style=\"width:80px\" srcset=\"https:\/\/zenkit.com\/wp-content\/uploads\/2025\/05\/slack-logo.webp 297w, https:\/\/zenkit.com\/wp-content\/uploads\/2025\/05\/slack-logo-150x150.webp 150w\" sizes=\"auto, (max-width: 297px) 100vw, 297px\" \/><\/a><\/figure>\n\n\n\n<figure class=\"wp-block-image size-full is-resized\"><a href=\"https:\/\/zenkit.com\/es\/integraciones\/gmail\/\"><img loading=\"lazy\" decoding=\"async\" width=\"512\" height=\"512\" src=\"https:\/\/zenkit.com\/wp-content\/uploads\/2025\/05\/Gmail-logo.webp\" alt=\"gmail logo\" class=\"wp-image-112137\" style=\"width:80px\" srcset=\"https:\/\/zenkit.com\/wp-content\/uploads\/2025\/05\/Gmail-logo.webp 512w, https:\/\/zenkit.com\/wp-content\/uploads\/2025\/05\/Gmail-logo-300x300.webp 300w, https:\/\/zenkit.com\/wp-content\/uploads\/2025\/05\/Gmail-logo-150x150.webp 150w\" sizes=\"auto, (max-width: 512px) 100vw, 512px\" \/><\/a><\/figure>\n\n\n\n<figure class=\"wp-block-image size-full is-resized\"><a href=\"https:\/\/zenkit.com\/es\/integraciones\/sharpspring\/\"><img loading=\"lazy\" decoding=\"async\" width=\"650\" height=\"650\" src=\"https:\/\/zenkit.com\/wp-content\/uploads\/2025\/05\/sharpspring-logo.webp\" alt=\"sharpspring logo\" class=\"wp-image-112147\" style=\"width:80px\" srcset=\"https:\/\/zenkit.com\/wp-content\/uploads\/2025\/05\/sharpspring-logo.webp 650w, https:\/\/zenkit.com\/wp-content\/uploads\/2025\/05\/sharpspring-logo-300x300.webp 300w, https:\/\/zenkit.com\/wp-content\/uploads\/2025\/05\/sharpspring-logo-150x150.webp 150w\" sizes=\"auto, (max-width: 650px) 100vw, 650px\" \/><\/a><\/figure>\n\n\n\n<figure class=\"wp-block-image size-full is-resized\"><a href=\"https:\/\/zenkit.com\/es\/integraciones\/zapier\/\"><img loading=\"lazy\" decoding=\"async\" width=\"1200\" height=\"1200\" src=\"https:\/\/zenkit.com\/wp-content\/uploads\/2025\/05\/zapier-logo.webp\" alt=\"zapier logo\" class=\"wp-image-112157\" style=\"width:80px\" srcset=\"https:\/\/zenkit.com\/wp-content\/uploads\/2025\/05\/zapier-logo.webp 1200w, https:\/\/zenkit.com\/wp-content\/uploads\/2025\/05\/zapier-logo-300x300.webp 300w, https:\/\/zenkit.com\/wp-content\/uploads\/2025\/05\/zapier-logo-1024x1024.webp 1024w, https:\/\/zenkit.com\/wp-content\/uploads\/2025\/05\/zapier-logo-150x150.webp 150w, https:\/\/zenkit.com\/wp-content\/uploads\/2025\/05\/zapier-logo-768x768.webp 768w\" sizes=\"auto, (max-width: 1200px) 100vw, 1200px\" \/><\/a><\/figure>\n\n\n\n<figure class=\"wp-block-image size-full is-resized\"><a href=\"https:\/\/zenkit.com\/es\/integraciones\/dropbox\/\"><img loading=\"lazy\" decoding=\"async\" width=\"1026\" height=\"1026\" src=\"https:\/\/zenkit.com\/wp-content\/uploads\/2025\/05\/dropbox-logo.webp\" alt=\"dropbox-logo\" class=\"wp-image-112087\" style=\"width:80px\" srcset=\"https:\/\/zenkit.com\/wp-content\/uploads\/2025\/05\/dropbox-logo.webp 1026w, https:\/\/zenkit.com\/wp-content\/uploads\/2025\/05\/dropbox-logo-300x300.webp 300w, https:\/\/zenkit.com\/wp-content\/uploads\/2025\/05\/dropbox-logo-1024x1024.webp 1024w, https:\/\/zenkit.com\/wp-content\/uploads\/2025\/05\/dropbox-logo-150x150.webp 150w, https:\/\/zenkit.com\/wp-content\/uploads\/2025\/05\/dropbox-logo-768x768.webp 768w\" sizes=\"auto, (max-width: 1026px) 100vw, 1026px\" \/><\/a><\/figure>\n\n\n\n<figure class=\"wp-block-image size-full is-resized\"><a href=\"https:\/\/zenkit.com\/es\/integraciones\/google-drive\/\"><img loading=\"lazy\" decoding=\"async\" width=\"128\" height=\"128\" src=\"https:\/\/zenkit.com\/wp-content\/uploads\/2025\/05\/google-drive-logo.webp\" alt=\"google-drive logo\" class=\"wp-image-112076\" style=\"width:80px\"\/><\/a><\/figure>\n\n\n\n<figure class=\"wp-block-image size-full is-resized\"><a href=\"https:\/\/zenkit.com\/es\/integraciones\/box\/\"><img loading=\"lazy\" decoding=\"async\" width=\"625\" height=\"625\" src=\"https:\/\/zenkit.com\/wp-content\/uploads\/2025\/05\/box-logo.webp\" alt=\"box logo\" class=\"wp-image-112097\" style=\"width:80px\" srcset=\"https:\/\/zenkit.com\/wp-content\/uploads\/2025\/05\/box-logo.webp 625w, https:\/\/zenkit.com\/wp-content\/uploads\/2025\/05\/box-logo-300x300.webp 300w, https:\/\/zenkit.com\/wp-content\/uploads\/2025\/05\/box-logo-150x150.webp 150w\" sizes=\"auto, (max-width: 625px) 100vw, 625px\" \/><\/a><\/figure>\n<\/div>\n<\/div>\n<\/div>\n\n\n\n<div style=\"height:110px;--tablet-height:60px;--mobile-height:48px\" class=\"wp-block-lookeen-blocks-responsive-spacer\"><\/div>\n","protected":false},"excerpt":{"rendered":"<p>Mapa Mental Colaborativo Aproveche la potencia creativa de los mapas mentales de su workspace. Cree mapas mentales, \u00faselos de inmediato en sus proyectos &#8211; sin necesidad de convertir o importar nada. Beneficios del uso de mapas mentales en l\u00ednea Administrar proyectos de manera efectiva \u00bfAlguna vez ha comenzado un proyecto con un gran mapa mental [&hellip;]<\/p>\n","protected":false},"author":1,"featured_media":0,"parent":72303,"menu_order":0,"comment_status":"closed","ping_status":"closed","template":"","meta":{"yasr_overall_rating":0,"yasr_post_is_review":"","yasr_auto_insert_disabled":"","yasr_review_type":"","footnotes":""},"class_list":["post-12852","page","type-page","status-publish","hentry"],"yoast_head":"<!-- This site is optimized with the Yoast SEO plugin v27.4 - https:\/\/yoast.com\/product\/yoast-seo-wordpress\/ -->\n<title>Mapa Mental Software | Zenkit<\/title>\n<meta name=\"description\" content=\"Aproveche el impulso creativo que los mapas mentales pueden prestar a su negocio. Colabore de manera efectiva, planifica estrat\u00e9gicamente y aporte creatividad a sus proyectos.\" \/>\n<meta name=\"robots\" content=\"index, follow, max-snippet:-1, max-image-preview:large, max-video-preview:-1\" \/>\n<link rel=\"canonical\" href=\"https:\/\/zenkit.com\/es\/soluciones\/mind-map\/mapa-mental\/\" \/>\n<meta property=\"og:locale\" content=\"es_ES\" \/>\n<meta property=\"og:type\" content=\"article\" \/>\n<meta property=\"og:title\" content=\"Mapa Mental Software | Zenkit\" \/>\n<meta property=\"og:description\" content=\"Aproveche el impulso creativo que los mapas mentales pueden prestar a su negocio. Colabore de manera efectiva, planifica estrat\u00e9gicamente y aporte creatividad a sus proyectos.\" \/>\n<meta property=\"og:url\" content=\"https:\/\/zenkit.com\/es\/soluciones\/mind-map\/mapa-mental\/\" \/>\n<meta property=\"og:site_name\" content=\"Zenkit\" \/>\n<meta property=\"article:publisher\" content=\"https:\/\/www.facebook.com\/ZenkitHQ\" \/>\n<meta property=\"article:modified_time\" content=\"2025-09-03T06:49:47+00:00\" \/>\n<meta name=\"twitter:card\" content=\"summary_large_image\" \/>\n<meta name=\"twitter:site\" content=\"@ZenkitHQ\" \/>\n<meta name=\"twitter:label1\" content=\"Tiempo de lectura\" \/>\n\t<meta name=\"twitter:data1\" content=\"3 minutos\" \/>\n<script type=\"application\/ld+json\" class=\"yoast-schema-graph\">{\"@context\":\"https:\\\/\\\/schema.org\",\"@graph\":[{\"@type\":\"WebPage\",\"@id\":\"https:\\\/\\\/zenkit.com\\\/es\\\/soluciones\\\/mind-map\\\/mapa-mental\\\/\",\"url\":\"https:\\\/\\\/zenkit.com\\\/es\\\/soluciones\\\/mind-map\\\/mapa-mental\\\/\",\"name\":\"Mapa Mental Software | Zenkit\",\"isPartOf\":{\"@id\":\"https:\\\/\\\/zenkit.com\\\/es\\\/#website\"},\"datePublished\":\"2018-06-26T17:26:27+00:00\",\"dateModified\":\"2025-09-03T06:49:47+00:00\",\"description\":\"Aproveche el impulso creativo que los mapas mentales pueden prestar a su negocio. Colabore de manera efectiva, planifica estrat\u00e9gicamente y aporte creatividad a sus proyectos.\",\"breadcrumb\":{\"@id\":\"https:\\\/\\\/zenkit.com\\\/es\\\/soluciones\\\/mind-map\\\/mapa-mental\\\/#breadcrumb\"},\"inLanguage\":\"es\",\"potentialAction\":[{\"@type\":\"ReadAction\",\"target\":[\"https:\\\/\\\/zenkit.com\\\/es\\\/soluciones\\\/mind-map\\\/mapa-mental\\\/\"]}]},{\"@type\":\"BreadcrumbList\",\"@id\":\"https:\\\/\\\/zenkit.com\\\/es\\\/soluciones\\\/mind-map\\\/mapa-mental\\\/#breadcrumb\",\"itemListElement\":[{\"@type\":\"ListItem\",\"position\":1,\"name\":\"Home\",\"item\":\"https:\\\/\\\/zenkit.com\\\/es\\\/\"},{\"@type\":\"ListItem\",\"position\":2,\"name\":\"soluciones\",\"item\":\"https:\\\/\\\/zenkit.com\\\/es\\\/soluciones\\\/\"},{\"@type\":\"ListItem\",\"position\":3,\"name\":\"Mind Map\",\"item\":\"https:\\\/\\\/zenkit.com\\\/es\\\/soluciones\\\/mind-map\\\/\"},{\"@type\":\"ListItem\",\"position\":4,\"name\":\"Mind Map\"}]},{\"@type\":\"WebSite\",\"@id\":\"https:\\\/\\\/zenkit.com\\\/es\\\/#website\",\"url\":\"https:\\\/\\\/zenkit.com\\\/es\\\/\",\"name\":\"Zenkit\",\"description\":\"Zenkit Tagline\",\"potentialAction\":[{\"@type\":\"SearchAction\",\"target\":{\"@type\":\"EntryPoint\",\"urlTemplate\":\"https:\\\/\\\/zenkit.com\\\/es\\\/?s={search_term_string}\"},\"query-input\":{\"@type\":\"PropertyValueSpecification\",\"valueRequired\":true,\"valueName\":\"search_term_string\"}}],\"inLanguage\":\"es\"},false]}<\/script>\n<!-- \/ Yoast SEO plugin. -->","yoast_head_json":{"title":"Mapa Mental Software | Zenkit","description":"Aproveche el impulso creativo que los mapas mentales pueden prestar a su negocio. Colabore de manera efectiva, planifica estrat\u00e9gicamente y aporte creatividad a sus proyectos.","robots":{"index":"index","follow":"follow","max-snippet":"max-snippet:-1","max-image-preview":"max-image-preview:large","max-video-preview":"max-video-preview:-1"},"canonical":"https:\/\/zenkit.com\/es\/soluciones\/mind-map\/mapa-mental\/","og_locale":"es_ES","og_type":"article","og_title":"Mapa Mental Software | Zenkit","og_description":"Aproveche el impulso creativo que los mapas mentales pueden prestar a su negocio. Colabore de manera efectiva, planifica estrat\u00e9gicamente y aporte creatividad a sus proyectos.","og_url":"https:\/\/zenkit.com\/es\/soluciones\/mind-map\/mapa-mental\/","og_site_name":"Zenkit","article_publisher":"https:\/\/www.facebook.com\/ZenkitHQ","article_modified_time":"2025-09-03T06:49:47+00:00","twitter_card":"summary_large_image","twitter_site":"@ZenkitHQ","twitter_misc":{"Tiempo de lectura":"3 minutos"},"schema":{"@context":"https:\/\/schema.org","@graph":[{"@type":"WebPage","@id":"https:\/\/zenkit.com\/es\/soluciones\/mind-map\/mapa-mental\/","url":"https:\/\/zenkit.com\/es\/soluciones\/mind-map\/mapa-mental\/","name":"Mapa Mental Software | Zenkit","isPartOf":{"@id":"https:\/\/zenkit.com\/es\/#website"},"datePublished":"2018-06-26T17:26:27+00:00","dateModified":"2025-09-03T06:49:47+00:00","description":"Aproveche el impulso creativo que los mapas mentales pueden prestar a su negocio. Colabore de manera efectiva, planifica estrat\u00e9gicamente y aporte creatividad a sus proyectos.","breadcrumb":{"@id":"https:\/\/zenkit.com\/es\/soluciones\/mind-map\/mapa-mental\/#breadcrumb"},"inLanguage":"es","potentialAction":[{"@type":"ReadAction","target":["https:\/\/zenkit.com\/es\/soluciones\/mind-map\/mapa-mental\/"]}]},{"@type":"BreadcrumbList","@id":"https:\/\/zenkit.com\/es\/soluciones\/mind-map\/mapa-mental\/#breadcrumb","itemListElement":[{"@type":"ListItem","position":1,"name":"Home","item":"https:\/\/zenkit.com\/es\/"},{"@type":"ListItem","position":2,"name":"soluciones","item":"https:\/\/zenkit.com\/es\/soluciones\/"},{"@type":"ListItem","position":3,"name":"Mind Map","item":"https:\/\/zenkit.com\/es\/soluciones\/mind-map\/"},{"@type":"ListItem","position":4,"name":"Mind Map"}]},{"@type":"WebSite","@id":"https:\/\/zenkit.com\/es\/#website","url":"https:\/\/zenkit.com\/es\/","name":"Zenkit","description":"Zenkit Tagline","potentialAction":[{"@type":"SearchAction","target":{"@type":"EntryPoint","urlTemplate":"https:\/\/zenkit.com\/es\/?s={search_term_string}"},"query-input":{"@type":"PropertyValueSpecification","valueRequired":true,"valueName":"search_term_string"}}],"inLanguage":"es"},false]}},"yasr_visitor_votes":{"stars_attributes":{"read_only":false,"span_bottom":false},"number_of_votes":0,"sum_votes":0},"_links":{"self":[{"href":"https:\/\/zenkit.com\/es\/wp-json\/wp\/v2\/pages\/12852","targetHints":{"allow":["GET"]}}],"collection":[{"href":"https:\/\/zenkit.com\/es\/wp-json\/wp\/v2\/pages"}],"about":[{"href":"https:\/\/zenkit.com\/es\/wp-json\/wp\/v2\/types\/page"}],"author":[{"embeddable":true,"href":"https:\/\/zenkit.com\/es\/wp-json\/wp\/v2\/users\/1"}],"replies":[{"embeddable":true,"href":"https:\/\/zenkit.com\/es\/wp-json\/wp\/v2\/comments?post=12852"}],"version-history":[{"count":3,"href":"https:\/\/zenkit.com\/es\/wp-json\/wp\/v2\/pages\/12852\/revisions"}],"predecessor-version":[{"id":133880,"href":"https:\/\/zenkit.com\/es\/wp-json\/wp\/v2\/pages\/12852\/revisions\/133880"}],"up":[{"embeddable":true,"href":"https:\/\/zenkit.com\/es\/wp-json\/wp\/v2\/pages\/72303"}],"wp:attachment":[{"href":"https:\/\/zenkit.com\/es\/wp-json\/wp\/v2\/media?parent=12852"}],"curies":[{"name":"wp","href":"https:\/\/api.w.org\/{rel}","templated":true}]}}