{"id":12856,"date":"2018-06-26T20:32:06","date_gmt":"2018-06-26T18:32:06","guid":{"rendered":"https:\/\/zenkit.com\/?page_id=12856"},"modified":"2025-09-08T03:30:40","modified_gmt":"2025-09-08T01:30:40","slug":"gemelo-digital","status":"publish","type":"page","link":"https:\/\/zenkit.com\/es\/gemelo-digital\/","title":{"rendered":"Gemelo Digital"},"content":{"rendered":"\n<div class=\"wp-block-group has-global-padding is-layout-constrained wp-block-group-is-layout-constrained\">\n<div class=\"wp-block-group width--950 has-global-padding is-layout-constrained wp-block-group-is-layout-constrained\">\n<div style=\"height:45px;--tablet-height:45px;--mobile-height:16px\" class=\"wp-block-lookeen-blocks-responsive-spacer\"><\/div>\n\n\n\n<div class=\"wp-block-group has-global-padding is-layout-constrained wp-block-group-is-layout-constrained\">\n<h1 class=\"wp-block-heading has-text-align-center\" style=\"margin-bottom:8px\">Zenkit: Su Gemelo Digital<\/h1>\n<\/div>\n\n\n\n<div class=\"wp-block-group has-global-padding is-layout-constrained wp-block-group-is-layout-constrained\">\n<p class=\"has-text-align-center subheading\">\u00bfQu\u00e9 es un Gemelo Digital ?<\/p>\n\n\n\n<p class=\"has-text-align-center\">El t\u00e9rmino \u201cgemelo digital\u201d es ampliamente comprendido en el campo de la manufactura. Es una r\u00e9plica digital exacta de un item f\u00edsico, hasta el \u00faltimo tornillo.Las manufactureras, producciones y organizaciones industriales ya se han dado cuenta de los beneficios de contar con un gemelo digital para sus activos f\u00edsicos: ahorro de costos, mejores oportunidades de prueba, programas de mantenimiento optimizados, y calendarios de producci\u00f3n m\u00e1s fluidos.<\/p>\n<\/div>\n\n\n\n<div style=\"height:48px;--tablet-height:48px;--mobile-height:36px\" class=\"wp-block-lookeen-blocks-responsive-spacer\"><\/div>\n<\/div>\n<\/div>\n\n\n\n<div class=\"wp-block-group has-global-padding is-layout-constrained wp-container-core-group-is-layout-bea02a06 wp-block-group-is-layout-constrained\">\n<h2 class=\"wp-block-heading has-text-align-center\">\u00bfC\u00f3mo puede beneficiarme un gemelo digital ?<\/h2>\n\n\n\n<p class=\"has-text-align-center\" style=\"margin-bottom:0px\">\u00bfUn concepto similar de gemelo digital puede ser utilizado para lograr eficiencias comparables en los procesos comerciales?<\/p>\n\n\n\n<p class=\"has-text-align-center\">Actualmente, la informaci\u00f3n comercial en organizaciones de todo el mundo se almacena en m\u00faltiples bases de datos y silos: SAP, Trello, Google Drive, Salesforce etc. Pero esto no crea un gemelo, sino una amalgama rudimentaria que solo forma una representaci\u00f3n aproximada de su organizaci\u00f3n. De esta manera, se ve obligado a utilizar las herramientas tal como han sido construidas, en vez de reflejar de forma digital c\u00f3mo son realmente sus procesos de negocio y flujos de trabajo.<\/p>\n\n\n\n<p class=\"has-text-align-center\">Si sus procesos no se ajustan al software disponible, debe cambiar la forma en la que dirige su empresa o crear su propio software personalizado a un alto costo.<\/p>\n\n\n\n<p class=\"has-text-align-center\" style=\"margin-bottom:0px\">Zenkit es un nuevo tipo de software que le permite construir un gemelo digital para los procesos y flujos de trabajo de su organizaci\u00f3n. Es una soluci\u00f3n de gemelo digital que crea un modelo preciso de cada aspecto de su negocio y le permite realizar un seguimiento de las evoluciones en tiempo real.<\/p>\n<\/div>\n\n\n\n<div class=\"wp-block-group has-global-padding is-layout-constrained wp-container-core-group-is-layout-bea02a06 wp-block-group-is-layout-constrained\">\n<div style=\"height:88px;--tablet-height:72px;--mobile-height:36px\" class=\"wp-block-lookeen-blocks-responsive-spacer\"><\/div>\n\n\n\n<h2 class=\"wp-block-heading has-text-align-center\">Su gemelo digital<\/h2>\n\n\n\n<p class=\"has-text-align-center\" style=\"margin-bottom:0px\">Con Zenkit, el costoso software personalizado o las inc\u00f3modas sincronizaciones entre herramientas son cosas del pasado. Puede personalizar Zenkit para reconstruir con precisi\u00f3n los procesos y flujos de trabajo de su empresa, sin tener que escribir una sola l\u00ednea de c\u00f3digo.<\/p>\n\n\n\n<p class=\"has-text-align-center\" style=\"margin-bottom:0px\">Usando caracter\u00edsticas innovadoras y una poderosa tecnolog\u00eda de base de datos, puede construir f\u00e1cilmente un gemelo digital para organizar y conectar todos los aspectos de su negocio.<\/p>\n\n\n\n<div style=\"height:88px;--tablet-height:72px;--mobile-height:36px\" class=\"wp-block-lookeen-blocks-responsive-spacer\"><\/div>\n<\/div>\n\n\n\n<div class=\"wp-block-group has-global-padding is-layout-constrained wp-block-group-is-layout-constrained\">\n<h2 class=\"wp-block-heading has-text-align-center\">Construya sus propios sistemas<\/h2>\n\n\n\n<div class=\"wp-block-columns is-layout-flex wp-container-core-columns-is-layout-28f84493 wp-block-columns-is-layout-flex\">\n<div class=\"wp-block-column is-layout-flow wp-container-core-column-is-layout-8eebadab wp-block-column-is-layout-flow\">\n<div class=\"wp-block-group has-global-padding is-layout-constrained wp-block-group-is-layout-constrained\">\n<p class=\"has-text-align-center\">Cree las herramientas que necesite, exactamente como desee usarlas. Cada collection en Zenkit es totalmente personalizada: usted define qu\u00e9 informaci\u00f3n desea rastrear, c\u00f3mo est\u00e1 distribuida, qui\u00e9n tiene acceso a ella y m\u00e1s.<\/p>\n\n\n\n<p class=\"has-text-align-center\">Campos totalmente personalizados significan que puede reunir cada \u00e1rea de su empresa en un solo lugar: clientes, documentos, facturas, proyectos, recursos, eventos\u2026 Las tecnolog\u00edas de base de datos de Zenkit le ayudan a vincular estos diversos aspectos para comenzar a utilizar el enorme potencial de sinergia entre ellos.<\/p>\n\n\n\n<p class=\"has-text-align-center\">Puede crear \u201cvistas\u201d de sus datos, para que siempre disponga de la herramienta adecuada para el trabajo. Utilice un calendario para programar tareas, vea una tabla Kanban de solo tareas asignadas a usted, o realice un seguimiento de m\u00e9tricas importantes usando f\u00f3rmulas en una tabla.<\/p>\n\n\n\n<p class=\"has-text-align-center\">Zenkit puede ser el gemelo digital para cualquier persona, cualquier equipo y cualquier prop\u00f3sito.<\/p>\n<\/div>\n<\/div>\n\n\n\n<div class=\"wp-block-column is-layout-flow wp-container-core-column-is-layout-8eebadab wp-block-column-is-layout-flow\">\n<div class=\"wp-block-group has-global-padding is-layout-constrained wp-block-group-is-layout-constrained\">\n<h3 class=\"wp-block-heading has-text-align-center\">Gesti\u00f3n del proyecto<\/h3>\n\n\n\n<p class=\"has-text-align-center\">Realice colaboraciones y seguimientos a proyectos en tiempo real , asigne tareas a los miembros del workspace utilice comentarios y @menciones para debatir tareas y proporcionar retroalimentaciones. Trabaje junto en proyectos desde cualquier dispositivo, en cualquier momento.<\/p>\n<\/div>\n\n\n\n<div class=\"wp-block-group has-global-padding is-layout-constrained wp-block-group-is-layout-constrained\">\n<h3 class=\"wp-block-heading has-text-align-center\">Gerente de Relaciones con el Cliente<\/h3>\n\n\n\n<p class=\"has-text-align-center\">Utilice Zenkit para almacenar los datos de sus clientes, realizar un seguimiento de las oportunidades de ventas, administrar su embudo de ventas, y ayude a deleitar a los clientes existentes. Conecte a sus clientes directamente con sus facturas, proyectos y comunicaciones.<\/p>\n<\/div>\n\n\n\n<div class=\"wp-block-group has-global-padding is-layout-constrained wp-block-group-is-layout-constrained\">\n<h3 class=\"wp-block-heading has-text-align-center\">Sistema de gesti\u00f3n de contenidos<\/h3>\n\n\n\n<p class=\"has-text-align-center\">Adjunte documentos f\u00e1cilmente desde su escritorio, o desde sus herramientas favoritas de almacenamiento de documentos, como Dropbox, Google Drive, y Box. Comparta documentos con colegas de departamentos, acceda a notas, im\u00e1genes, archivos en cualquier lugar y en cualquier momento.<\/p>\n<\/div>\n\n\n\n<div class=\"wp-block-group has-global-padding is-layout-constrained wp-block-group-is-layout-constrained\">\n<h3 class=\"wp-block-heading has-text-align-center\">Gerente de recursos humanos<\/h3>\n\n\n\n<p class=\"has-text-align-center\">Cree y mantenga una base de datos de empleados completa, abra canales para reportajes internos y comunicaci\u00f3n, cree recursos de incorporaci\u00f3n, administre aplicaciones de trabajo, registre el rendimiento, administre salarios, y m\u00e1s.<\/p>\n<\/div>\n<\/div>\n<\/div>\n\n\n\n<div style=\"height:88px;--tablet-height:72px;--mobile-height:36px\" class=\"wp-block-lookeen-blocks-responsive-spacer\"><\/div>\n<\/div>\n\n\n\n<div class=\"wp-block-group has-da-blue-light-background-color has-background has-global-padding is-layout-constrained wp-container-core-group-is-layout-bea02a06 wp-block-group-is-layout-constrained\">\n<div style=\"height:88px;--tablet-height:72px;--mobile-height:36px\" class=\"wp-block-lookeen-blocks-responsive-spacer\"><\/div>\n\n\n\n<h2 class=\"wp-block-heading has-text-align-center\">\u00a1Construya su gemelo digital hoy!<\/h2>\n\n\n\n<p class=\"has-text-align-center\">\u00a1Preg\u00fantele a nuestro equipo de expertos c\u00f3mo podemos construir juntos el gemelo digital para su organizaci\u00f3n!<\/p>\n\n\n\n<p class=\"has-text-align-center\" style=\"margin-bottom:0px\"><a href=\"mailto:service@zenkit.com\">Contacto<\/a><\/p>\n\n\n\n<div style=\"height:88px;--tablet-height:72px;--mobile-height:36px\" class=\"wp-block-lookeen-blocks-responsive-spacer\"><\/div>\n<\/div>\n\n\n\n<div class=\"wp-block-group has-global-padding is-layout-constrained wp-container-core-group-is-layout-bea02a06 wp-block-group-is-layout-constrained\">\n<div style=\"height:88px;--tablet-height:72px;--mobile-height:36px\" class=\"wp-block-lookeen-blocks-responsive-spacer\"><\/div>\n\n\n\n<h2 class=\"wp-block-heading has-text-align-center\">El futuro del gemelo digital de Zenkit<\/h2>\n\n\n\n<p class=\"has-text-align-center\" style=\"margin-bottom:0px\">Pensamos a largo plazo. Nuestro objetivo no es ser su gemelo para los pr\u00f3ximos 10 a\u00f1os, sino para los pr\u00f3ximos 100 o incluso 500. Nuestro objetivo es que Zenkit sea un sistema sencillo y amigable en el que las personas no solo lo utilicen para administrar sus negocios, sino tambi\u00e9n en casi todos los aspectos de sus vidas. No es un producto, sino m\u00e1s bien una fuerza subyacente, como el aire, el agua y la electricidad. Trabajaremos para alcanzar este objetivo al hacer que la interacci\u00f3n con la tecnolog\u00eda Zenkit sea cada vez m\u00e1s perfecta e integrada en su vida.<\/p>\n<\/div>\n\n\n\n<div style=\"height:110px;--tablet-height:60px;--mobile-height:48px\" class=\"wp-block-lookeen-blocks-responsive-spacer\"><\/div>\n","protected":false},"excerpt":{"rendered":"<p>Zenkit: Su Gemelo Digital \u00bfQu\u00e9 es un Gemelo Digital ? El t\u00e9rmino \u201cgemelo digital\u201d es ampliamente comprendido en el campo de la manufactura. Es una r\u00e9plica digital exacta de un item f\u00edsico, hasta el \u00faltimo tornillo.Las manufactureras, producciones y organizaciones industriales ya se han dado cuenta de los beneficios de contar con un gemelo digital [&hellip;]<\/p>\n","protected":false},"author":1,"featured_media":0,"parent":0,"menu_order":1,"comment_status":"closed","ping_status":"closed","template":"","meta":{"yasr_overall_rating":0,"yasr_post_is_review":"","yasr_auto_insert_disabled":"","yasr_review_type":"","footnotes":""},"class_list":["post-12856","page","type-page","status-publish","hentry"],"yoast_head":"<!-- This site is optimized with the Yoast SEO plugin v27.3 - https:\/\/yoast.com\/product\/yoast-seo-wordpress\/ -->\n<title>Gemelo Digital | Zenkit<\/title>\n<meta name=\"description\" content=\"Zenkit es un nuevo tipo de software que le permite construir un gemelo digital para los procesos y flujos de trabajo de su organizaci\u00f3n. Construya su gemelo digital hoy.\" \/>\n<meta name=\"robots\" content=\"index, follow, max-snippet:-1, max-image-preview:large, max-video-preview:-1\" \/>\n<link rel=\"canonical\" href=\"https:\/\/zenkit.com\/es\/gemelo-digital\/\" \/>\n<meta property=\"og:locale\" content=\"es_ES\" \/>\n<meta property=\"og:type\" content=\"article\" \/>\n<meta property=\"og:title\" content=\"Gemelo Digital | Zenkit\" \/>\n<meta property=\"og:description\" content=\"Zenkit es un nuevo tipo de software que le permite construir un gemelo digital para los procesos y flujos de trabajo de su organizaci\u00f3n. Construya su gemelo digital hoy.\" \/>\n<meta property=\"og:url\" content=\"https:\/\/zenkit.com\/es\/gemelo-digital\/\" \/>\n<meta property=\"og:site_name\" content=\"Zenkit\" \/>\n<meta property=\"article:publisher\" content=\"https:\/\/www.facebook.com\/ZenkitHQ\" \/>\n<meta property=\"article:modified_time\" content=\"2025-09-08T01:30:40+00:00\" \/>\n<meta name=\"twitter:card\" content=\"summary_large_image\" \/>\n<meta name=\"twitter:site\" content=\"@ZenkitHQ\" \/>\n<meta name=\"twitter:label1\" content=\"Tiempo de lectura\" \/>\n\t<meta name=\"twitter:data1\" content=\"4 minutos\" \/>\n<script type=\"application\/ld+json\" class=\"yoast-schema-graph\">{\"@context\":\"https:\\\/\\\/schema.org\",\"@graph\":[{\"@type\":\"WebPage\",\"@id\":\"https:\\\/\\\/zenkit.com\\\/es\\\/gemelo-digital\\\/\",\"url\":\"https:\\\/\\\/zenkit.com\\\/es\\\/gemelo-digital\\\/\",\"name\":\"Gemelo Digital | Zenkit\",\"isPartOf\":{\"@id\":\"https:\\\/\\\/zenkit.com\\\/es\\\/#website\"},\"datePublished\":\"2018-06-26T18:32:06+00:00\",\"dateModified\":\"2025-09-08T01:30:40+00:00\",\"description\":\"Zenkit es un nuevo tipo de software que le permite construir un gemelo digital para los procesos y flujos de trabajo de su organizaci\u00f3n. Construya su gemelo digital hoy.\",\"breadcrumb\":{\"@id\":\"https:\\\/\\\/zenkit.com\\\/es\\\/gemelo-digital\\\/#breadcrumb\"},\"inLanguage\":\"es\",\"potentialAction\":[{\"@type\":\"ReadAction\",\"target\":[\"https:\\\/\\\/zenkit.com\\\/es\\\/gemelo-digital\\\/\"]}]},{\"@type\":\"BreadcrumbList\",\"@id\":\"https:\\\/\\\/zenkit.com\\\/es\\\/gemelo-digital\\\/#breadcrumb\",\"itemListElement\":[{\"@type\":\"ListItem\",\"position\":1,\"name\":\"Home\",\"item\":\"https:\\\/\\\/zenkit.com\\\/es\\\/\"},{\"@type\":\"ListItem\",\"position\":2,\"name\":\"Gemelo Digital\"}]},{\"@type\":\"WebSite\",\"@id\":\"https:\\\/\\\/zenkit.com\\\/es\\\/#website\",\"url\":\"https:\\\/\\\/zenkit.com\\\/es\\\/\",\"name\":\"Zenkit\",\"description\":\"Zenkit Tagline\",\"potentialAction\":[{\"@type\":\"SearchAction\",\"target\":{\"@type\":\"EntryPoint\",\"urlTemplate\":\"https:\\\/\\\/zenkit.com\\\/es\\\/?s={search_term_string}\"},\"query-input\":{\"@type\":\"PropertyValueSpecification\",\"valueRequired\":true,\"valueName\":\"search_term_string\"}}],\"inLanguage\":\"es\"},false]}<\/script>\n<!-- \/ Yoast SEO plugin. -->","yoast_head_json":{"title":"Gemelo Digital | Zenkit","description":"Zenkit es un nuevo tipo de software que le permite construir un gemelo digital para los procesos y flujos de trabajo de su organizaci\u00f3n. Construya su gemelo digital hoy.","robots":{"index":"index","follow":"follow","max-snippet":"max-snippet:-1","max-image-preview":"max-image-preview:large","max-video-preview":"max-video-preview:-1"},"canonical":"https:\/\/zenkit.com\/es\/gemelo-digital\/","og_locale":"es_ES","og_type":"article","og_title":"Gemelo Digital | Zenkit","og_description":"Zenkit es un nuevo tipo de software que le permite construir un gemelo digital para los procesos y flujos de trabajo de su organizaci\u00f3n. Construya su gemelo digital hoy.","og_url":"https:\/\/zenkit.com\/es\/gemelo-digital\/","og_site_name":"Zenkit","article_publisher":"https:\/\/www.facebook.com\/ZenkitHQ","article_modified_time":"2025-09-08T01:30:40+00:00","twitter_card":"summary_large_image","twitter_site":"@ZenkitHQ","twitter_misc":{"Tiempo de lectura":"4 minutos"},"schema":{"@context":"https:\/\/schema.org","@graph":[{"@type":"WebPage","@id":"https:\/\/zenkit.com\/es\/gemelo-digital\/","url":"https:\/\/zenkit.com\/es\/gemelo-digital\/","name":"Gemelo Digital | Zenkit","isPartOf":{"@id":"https:\/\/zenkit.com\/es\/#website"},"datePublished":"2018-06-26T18:32:06+00:00","dateModified":"2025-09-08T01:30:40+00:00","description":"Zenkit es un nuevo tipo de software que le permite construir un gemelo digital para los procesos y flujos de trabajo de su organizaci\u00f3n. Construya su gemelo digital hoy.","breadcrumb":{"@id":"https:\/\/zenkit.com\/es\/gemelo-digital\/#breadcrumb"},"inLanguage":"es","potentialAction":[{"@type":"ReadAction","target":["https:\/\/zenkit.com\/es\/gemelo-digital\/"]}]},{"@type":"BreadcrumbList","@id":"https:\/\/zenkit.com\/es\/gemelo-digital\/#breadcrumb","itemListElement":[{"@type":"ListItem","position":1,"name":"Home","item":"https:\/\/zenkit.com\/es\/"},{"@type":"ListItem","position":2,"name":"Gemelo Digital"}]},{"@type":"WebSite","@id":"https:\/\/zenkit.com\/es\/#website","url":"https:\/\/zenkit.com\/es\/","name":"Zenkit","description":"Zenkit Tagline","potentialAction":[{"@type":"SearchAction","target":{"@type":"EntryPoint","urlTemplate":"https:\/\/zenkit.com\/es\/?s={search_term_string}"},"query-input":{"@type":"PropertyValueSpecification","valueRequired":true,"valueName":"search_term_string"}}],"inLanguage":"es"},false]}},"yasr_visitor_votes":{"stars_attributes":{"read_only":false,"span_bottom":false},"number_of_votes":0,"sum_votes":0},"_links":{"self":[{"href":"https:\/\/zenkit.com\/es\/wp-json\/wp\/v2\/pages\/12856","targetHints":{"allow":["GET"]}}],"collection":[{"href":"https:\/\/zenkit.com\/es\/wp-json\/wp\/v2\/pages"}],"about":[{"href":"https:\/\/zenkit.com\/es\/wp-json\/wp\/v2\/types\/page"}],"author":[{"embeddable":true,"href":"https:\/\/zenkit.com\/es\/wp-json\/wp\/v2\/users\/1"}],"replies":[{"embeddable":true,"href":"https:\/\/zenkit.com\/es\/wp-json\/wp\/v2\/comments?post=12856"}],"version-history":[{"count":2,"href":"https:\/\/zenkit.com\/es\/wp-json\/wp\/v2\/pages\/12856\/revisions"}],"predecessor-version":[{"id":138519,"href":"https:\/\/zenkit.com\/es\/wp-json\/wp\/v2\/pages\/12856\/revisions\/138519"}],"wp:attachment":[{"href":"https:\/\/zenkit.com\/es\/wp-json\/wp\/v2\/media?parent=12856"}],"curies":[{"name":"wp","href":"https:\/\/api.w.org\/{rel}","templated":true}]}}