{"id":129818,"date":"2025-08-27T23:46:39","date_gmt":"2025-08-27T21:46:39","guid":{"rendered":"https:\/\/zenkit.com\/?page_id=129818"},"modified":"2025-11-04T06:53:17","modified_gmt":"2025-11-04T05:53:17","slug":"reflexion-ai","status":"publish","type":"page","link":"https:\/\/zenkit.com\/es\/integraciones\/reflexion-ai\/","title":{"rendered":"Reflexion.AI"},"content":{"rendered":"\n<div style=\"height:45px;--tablet-height:45px;--mobile-height:16px\" class=\"wp-block-lookeen-blocks-responsive-spacer\"><\/div>\n\n\n\n<div class=\"wp-block-group has-global-padding is-layout-constrained wp-block-group-is-layout-constrained\">\n<div class=\"wp-block-columns is-layout-flex wp-container-core-columns-is-layout-467d341d wp-block-columns-is-layout-flex\" id=\"main__integrations\" style=\"margin-top:0px;margin-bottom:0px\">\n<div class=\"wp-block-column side__bar__integrations is-layout-flow wp-block-column-is-layout-flow\" style=\"flex-basis:23%\">\n<h2 class=\"wp-block-heading has-da-blue-color-new has-text-color has-link-color wp-elements-3df084bb1aaa05461bf0e910e0da2c39\" style=\"margin-top:0px;margin-bottom:0px;font-size:16px;line-height:1.5\">Marketing-Automatisierungs Integrationen<\/h2>\n\n\n<nav class=\"is-vertical integrations__menu wp-block-navigation is-layout-flex wp-container-core-navigation-is-layout-5f9f5280 wp-block-navigation-is-layout-flex\" aria-label=\"es-marketing-automation-2-integrations\"><ul class=\"wp-block-navigation__container  is-vertical integrations__menu wp-block-navigation\"><li class=\" wp-block-navigation-item wp-block-navigation-link\"><a class=\"wp-block-navigation-item__content\"  href=\"https:\/\/zenkit.com\/es\/integraciones\/openai\/\"><span class=\"wp-block-navigation-item__label\">OpenAI<\/span><\/a><\/li><\/ul><\/nav><\/div>\n\n\n\n<div class=\"wp-block-column content__integrations is-layout-flow wp-block-column-is-layout-flow\" style=\"flex-basis:77%\">\n<div class=\"wp-block-group has-global-padding is-layout-constrained wp-block-group-is-layout-constrained\">\n<div class=\"wp-block-group title is-layout-flex wp-container-core-group-is-layout-ed4b00df wp-block-group-is-layout-flex\">\n<figure class=\"wp-block-image size-full is-resized\"><img loading=\"lazy\" decoding=\"async\" width=\"170\" height=\"170\" src=\"https:\/\/zenkit.com\/wp-content\/uploads\/2025\/07\/Seamless-AI-LOGO-2.webp\" alt=\"Reflexion.AI Logo\" class=\"wp-image-118717\" style=\"width:auto;height:46px\" srcset=\"https:\/\/zenkit.com\/wp-content\/uploads\/2025\/07\/Seamless-AI-LOGO-2.webp 170w, https:\/\/zenkit.com\/wp-content\/uploads\/2025\/07\/Seamless-AI-LOGO-2-150x150.webp 150w\" sizes=\"auto, (max-width: 170px) 100vw, 170px\" \/><\/figure>\n\n\n\n<h1 class=\"wp-block-heading\">Reflexion.AI y Zenkit<\/h1>\n<\/div>\n\n\n\n<div class=\"wp-block-group has-global-padding is-layout-constrained wp-block-group-is-layout-constrained\">\n<h3 class=\"wp-block-heading display-h2\">Conecta tus cuentas de Zenkit y Reflexion.AI<\/h3>\n\n\n\n<p>Con Reflexion.AI, puedes dejar comentarios y opiniones sobre tus proyectos de v\u00eddeo, y con Zenkit, puedes hacer un seguimiento de cada proyecto en un solo lugar. Imagina que todos tus comentarios de Reflexion.AI se convirtieran autom\u00e1ticamente en nuevos elementos en Zenkit, \u00bfno ser\u00eda incre\u00edble? Bueno, buenas noticias, \u00a1se puede!<\/p>\n\n\n\n<p>Esta integraci\u00f3n Zapier crear\u00e1 autom\u00e1ticamente elementos Zenkit cuando se publique un nuevo comentario Reflexion.AI, permitiendo una visi\u00f3n clara de c\u00f3mo su proyecto de v\u00eddeo est\u00e1 progresando en Zenkit. Esto hace que sea f\u00e1cil para su equipo para mantenerse al tanto de sus proyectos de v\u00eddeo y se asegura de que todo el mundo est\u00e1 en la misma p\u00e1gina.<\/p>\n<\/div>\n<\/div>\n\n\n\n<div style=\"height:48px;--tablet-height:36px;--mobile-height:24px\" class=\"wp-block-lookeen-blocks-responsive-spacer\"><\/div>\n\n\n\n<div class=\"wp-block-group has-global-padding is-layout-constrained wp-block-group-is-layout-constrained\">\n<h3 class=\"wp-block-heading display-h2\">Acerca de Reflexion.AI: Plataforma de colaboraci\u00f3n de v\u00eddeo potenciada por IA<\/h3>\n\n\n\n<p>Reflexion.ai es una plataforma de colaboraci\u00f3n de v\u00eddeo cuyo objetivo es hacer que la edici\u00f3n de v\u00eddeo sea m\u00e1s natural y eficaz para su equipo. Utiliza tecnolog\u00eda de IA para comprender el estilo de comunicaci\u00f3n del usuario y se adapta a \u00e9l. Incluye funciones de reconocimiento visual, como la detecci\u00f3n de rostros y emociones, as\u00ed como funciones de reconocimiento de audio y voz y subtitulaci\u00f3n y transcripci\u00f3n autom\u00e1ticas.<\/p>\n\n\n\n<p>La plataforma es accesible a trav\u00e9s de las \u00faltimas versiones de Google Chrome, Mozilla Firefox, Safari, Edge, iOS y Android. Ayuda a salvar la distancia entre el trabajo a distancia y el trabajo en persona haciendo que parezca que los miembros del equipo est\u00e1n en la misma sala. Es una potente herramienta que puede ayudar a los equipos a mantenerse conectados y productivos.<\/p>\n<\/div>\n\n\n\n<div style=\"height:48px;--tablet-height:36px;--mobile-height:24px\" class=\"wp-block-lookeen-blocks-responsive-spacer\"><\/div>\n\n\n\n<div class=\"wp-block-group has-global-padding is-layout-constrained wp-block-group-is-layout-constrained\">\n<h3 class=\"wp-block-heading display-h2\">Acerca de Zenkit: Su plataforma de transformaci\u00f3n digital<\/h3>\n\n\n\n<p><a href=\"https:\/\/zenkit.com\/\" target=\"_blank\" rel=\"noreferrer noopener\">Zenkit&nbsp;<\/a>es una herramienta colaborativa y f\u00e1cil de usar para la transformaci\u00f3n digital y la creaci\u00f3n de bases de datos. Te permite cambiar de vista (tabla, lista de tareas, Kanban, calendario, jerarqu\u00eda, mapa mental, Wiki y diagrama de Gantt) con un solo clic. Puede compartir su trabajo en l\u00ednea con colecciones publicadas e incrustadas y crear integraciones con nuestra API documentada. Con la ayuda de los potentes filtros y campos de Zenkit, puede estructurar intuitivamente sus datos como nunca antes. CRM, help desks, sistemas de soporte y tickets, RRHH y reclutamiento \u2013 cualquier base de datos que necesite construir, Zenkit lo tiene cubierto.&nbsp;<\/p>\n\n\n\n<p>Para m\u00e1s informaci\u00f3n, visite:&nbsp;<a href=\"https:\/\/zenkit.com\/es\/base\/\" target=\"_blank\" rel=\"noreferrer noopener\">https:\/\/zenkit.com\/<\/a>.<\/p>\n<\/div>\n\n\n\n<div style=\"height:48px;--tablet-height:36px;--mobile-height:24px\" class=\"wp-block-lookeen-blocks-responsive-spacer\"><\/div>\n\n\n\n<div class=\"wp-block-group has-global-padding is-layout-constrained wp-block-group-is-layout-constrained\">\n<h3 class=\"wp-block-heading display-h2\">Conectar Reflexion.AI y Zenkit<\/h3>\n\n\n\n<ol class=\"wp-block-list list__style__position-inside\">\n<li><a href=\"https:\/\/zapier.com\/sign-up\/\" target=\"_blank\" rel=\"noreferrer noopener\">Reg\u00edstrese\u00a0<\/a>para obtener una cuenta Zapier para obtener acceso a Zapier.<\/li>\n\n\n\n<li><a href=\"https:\/\/app.reflexion.ai\/Welcome\">Cree una cuenta<\/a>\u00a0con Reflexion.AI.<\/li>\n\n\n\n<li>Inicie sesi\u00f3n en Zapier y vaya a\u00a0<a href=\"https:\/\/zapier.com\/apps\/reflexionai\/integrations\/zenkit\" target=\"_blank\" rel=\"noreferrer noopener\">Zenkit + Reflexion.AI Zapbook\u00a0<\/a>para encontrar plantillas Zap.<\/li>\n\n\n\n<li>O elija crear su propia integraci\u00f3n de Zenkit y Reflexion.AI seleccion\u00e1ndolos cuando cree un zap.<\/li>\n<\/ol>\n<\/div>\n\n\n\n<div style=\"height:48px;--tablet-height:36px;--mobile-height:24px\" class=\"wp-block-lookeen-blocks-responsive-spacer\"><\/div>\n\n\n\n<div class=\"wp-block-group has-global-padding is-layout-constrained wp-block-group-is-layout-constrained\">\n<script type=\"text\/javascript\" src=\"https:\/\/zapier.com\/apps\/embed\/widget.js?guided_zaps=680725\"><\/script>\n<\/div>\n\n\n\n<div style=\"height:48px;--tablet-height:36px;--mobile-height:24px\" class=\"wp-block-lookeen-blocks-responsive-spacer\"><\/div>\n\n\n\n<div class=\"wp-block-group has-global-padding is-layout-constrained wp-block-group-is-layout-constrained\">\n<h3 class=\"wp-block-heading display-h2\">\u00bfQui\u00e9n se beneficiar\u00e1 de esta integraci\u00f3n de Reflexion.AI y Zenkit?<\/h3>\n\n\n\n<ul class=\"wp-block-list is-style-da-left-indent\">\n<li>Creativos que quieren agilizar su flujo de trabajo mediante la combinaci\u00f3n de su producci\u00f3n de v\u00eddeo con una herramienta de gesti\u00f3n de proyectos.<\/li>\n\n\n\n<li>Jefes de proyecto que quieren mantener a todos los miembros del equipo en la misma p\u00e1gina sin perder comentarios importantes durante la colaboraci\u00f3n.<\/li>\n<\/ul>\n<\/div>\n\n\n\n<div style=\"height:48px;--tablet-height:36px;--mobile-height:24px\" class=\"wp-block-lookeen-blocks-responsive-spacer\"><\/div>\n\n\n\n<div class=\"wp-block-group has-global-padding is-layout-constrained wp-block-group-is-layout-constrained\">\n<h3 class=\"wp-block-heading display-h2\">Soporte<\/h3>\n\n\n\n<p>Esta integraci\u00f3n es compatible con Zapier. Si experimenta alg\u00fan problema, p\u00f3ngase en contacto con el&nbsp;<a href=\"https:\/\/zapier.com\/help\/contact-us\/\" target=\"_blank\" rel=\"noreferrer noopener\">soporte de Zapier<\/a>. Para obtener m\u00e1s informaci\u00f3n sobre c\u00f3mo utilizar Zenkit con Zapier, lea nuestra&nbsp;<a href=\"https:\/\/zenkit.com\/documentation#\/lists\/HJQBQ1Hw\/sections\/SJYE55zA\/entries\/BJGOKQtA?_k=hyyynn\" target=\"_blank\" rel=\"noreferrer noopener\">documentaci\u00f3n<\/a>.<\/p>\n<\/div>\n<\/div>\n<\/div>\n<\/div>\n\n\n\n<div style=\"height:110px;--tablet-height:60px;--mobile-height:48px\" class=\"wp-block-lookeen-blocks-responsive-spacer\"><\/div>\n","protected":false},"excerpt":{"rendered":"<p>Marketing-Automatisierungs Integrationen Reflexion.AI y Zenkit Conecta tus cuentas de Zenkit y Reflexion.AI Con Reflexion.AI, puedes dejar comentarios y opiniones sobre tus proyectos de v\u00eddeo, y con Zenkit, puedes hacer un seguimiento de cada proyecto en un solo lugar. Imagina que todos tus comentarios de Reflexion.AI se convirtieran autom\u00e1ticamente en nuevos elementos en Zenkit, \u00bfno ser\u00eda [&hellip;]<\/p>\n","protected":false},"author":9,"featured_media":0,"parent":127380,"menu_order":63,"comment_status":"closed","ping_status":"closed","template":"","meta":{"yasr_overall_rating":0,"yasr_post_is_review":"","yasr_auto_insert_disabled":"","yasr_review_type":"","footnotes":""},"class_list":["post-129818","page","type-page","status-publish","hentry"],"yoast_head":"<!-- This site is optimized with the Yoast SEO plugin v27.3 - https:\/\/yoast.com\/product\/yoast-seo-wordpress\/ -->\n<title>Reflexion.AI | Zenkit<\/title>\n<meta name=\"robots\" content=\"index, follow, max-snippet:-1, max-image-preview:large, max-video-preview:-1\" \/>\n<link rel=\"canonical\" href=\"https:\/\/zenkit.com\/es\/integraciones\/reflexion-ai\/\" \/>\n<meta property=\"og:locale\" content=\"es_ES\" \/>\n<meta property=\"og:type\" content=\"article\" \/>\n<meta property=\"og:title\" content=\"Reflexion.AI | Zenkit\" \/>\n<meta property=\"og:description\" content=\"Marketing-Automatisierungs Integrationen Reflexion.AI y Zenkit Conecta tus cuentas de Zenkit y Reflexion.AI Con Reflexion.AI, puedes dejar comentarios y opiniones sobre tus proyectos de v\u00eddeo, y con Zenkit, puedes hacer un seguimiento de cada proyecto en un solo lugar. Imagina que todos tus comentarios de Reflexion.AI se convirtieran autom\u00e1ticamente en nuevos elementos en Zenkit, \u00bfno ser\u00eda [&hellip;]\" \/>\n<meta property=\"og:url\" content=\"https:\/\/zenkit.com\/es\/integraciones\/reflexion-ai\/\" \/>\n<meta property=\"og:site_name\" content=\"Zenkit\" \/>\n<meta property=\"article:publisher\" content=\"https:\/\/www.facebook.com\/ZenkitHQ\" \/>\n<meta property=\"article:modified_time\" content=\"2025-11-04T05:53:17+00:00\" \/>\n<meta property=\"og:image\" content=\"https:\/\/zenkit.com\/wp-content\/uploads\/2023\/01\/openai-1024x569.jpeg\" \/>\n<meta name=\"twitter:card\" content=\"summary_large_image\" \/>\n<meta name=\"twitter:site\" content=\"@ZenkitHQ\" \/>\n<meta name=\"twitter:label1\" content=\"Tiempo de lectura\" \/>\n\t<meta name=\"twitter:data1\" content=\"3 minutos\" \/>\n<script type=\"application\/ld+json\" class=\"yoast-schema-graph\">{\"@context\":\"https:\\\/\\\/schema.org\",\"@graph\":[{\"@type\":\"WebPage\",\"@id\":\"https:\\\/\\\/zenkit.com\\\/es\\\/integraciones\\\/reflexion-ai\\\/\",\"url\":\"https:\\\/\\\/zenkit.com\\\/es\\\/integraciones\\\/reflexion-ai\\\/\",\"name\":\"Reflexion.AI | Zenkit\",\"isPartOf\":{\"@id\":\"https:\\\/\\\/zenkit.com\\\/es\\\/#website\"},\"primaryImageOfPage\":{\"@id\":\"https:\\\/\\\/zenkit.com\\\/es\\\/integraciones\\\/reflexion-ai\\\/#primaryimage\"},\"image\":{\"@id\":\"https:\\\/\\\/zenkit.com\\\/es\\\/integraciones\\\/reflexion-ai\\\/#primaryimage\"},\"thumbnailUrl\":\"https:\\\/\\\/zenkit.com\\\/wp-content\\\/uploads\\\/2025\\\/07\\\/Seamless-AI-LOGO-2.webp\",\"datePublished\":\"2025-08-27T21:46:39+00:00\",\"dateModified\":\"2025-11-04T05:53:17+00:00\",\"breadcrumb\":{\"@id\":\"https:\\\/\\\/zenkit.com\\\/es\\\/integraciones\\\/reflexion-ai\\\/#breadcrumb\"},\"inLanguage\":\"es\",\"potentialAction\":[{\"@type\":\"ReadAction\",\"target\":[\"https:\\\/\\\/zenkit.com\\\/es\\\/integraciones\\\/reflexion-ai\\\/\"]}]},{\"@type\":\"ImageObject\",\"inLanguage\":\"es\",\"@id\":\"https:\\\/\\\/zenkit.com\\\/es\\\/integraciones\\\/reflexion-ai\\\/#primaryimage\",\"url\":\"https:\\\/\\\/zenkit.com\\\/wp-content\\\/uploads\\\/2025\\\/07\\\/Seamless-AI-LOGO-2.webp\",\"contentUrl\":\"https:\\\/\\\/zenkit.com\\\/wp-content\\\/uploads\\\/2025\\\/07\\\/Seamless-AI-LOGO-2.webp\"},{\"@type\":\"BreadcrumbList\",\"@id\":\"https:\\\/\\\/zenkit.com\\\/es\\\/integraciones\\\/reflexion-ai\\\/#breadcrumb\",\"itemListElement\":[{\"@type\":\"ListItem\",\"position\":1,\"name\":\"Home\",\"item\":\"https:\\\/\\\/zenkit.com\\\/es\\\/\"},{\"@type\":\"ListItem\",\"position\":2,\"name\":\"Integraciones\",\"item\":\"https:\\\/\\\/zenkit.com\\\/es\\\/integraciones\\\/\"},{\"@type\":\"ListItem\",\"position\":3,\"name\":\"Reflexion.AI\"}]},{\"@type\":\"WebSite\",\"@id\":\"https:\\\/\\\/zenkit.com\\\/es\\\/#website\",\"url\":\"https:\\\/\\\/zenkit.com\\\/es\\\/\",\"name\":\"Zenkit\",\"description\":\"Zenkit Tagline\",\"potentialAction\":[{\"@type\":\"SearchAction\",\"target\":{\"@type\":\"EntryPoint\",\"urlTemplate\":\"https:\\\/\\\/zenkit.com\\\/es\\\/?s={search_term_string}\"},\"query-input\":{\"@type\":\"PropertyValueSpecification\",\"valueRequired\":true,\"valueName\":\"search_term_string\"}}],\"inLanguage\":\"es\"},false]}<\/script>\n<!-- \/ Yoast SEO plugin. -->","yoast_head_json":{"title":"Reflexion.AI | Zenkit","robots":{"index":"index","follow":"follow","max-snippet":"max-snippet:-1","max-image-preview":"max-image-preview:large","max-video-preview":"max-video-preview:-1"},"canonical":"https:\/\/zenkit.com\/es\/integraciones\/reflexion-ai\/","og_locale":"es_ES","og_type":"article","og_title":"Reflexion.AI | Zenkit","og_description":"Marketing-Automatisierungs Integrationen Reflexion.AI y Zenkit Conecta tus cuentas de Zenkit y Reflexion.AI Con Reflexion.AI, puedes dejar comentarios y opiniones sobre tus proyectos de v\u00eddeo, y con Zenkit, puedes hacer un seguimiento de cada proyecto en un solo lugar. Imagina que todos tus comentarios de Reflexion.AI se convirtieran autom\u00e1ticamente en nuevos elementos en Zenkit, \u00bfno ser\u00eda [&hellip;]","og_url":"https:\/\/zenkit.com\/es\/integraciones\/reflexion-ai\/","og_site_name":"Zenkit","article_publisher":"https:\/\/www.facebook.com\/ZenkitHQ","article_modified_time":"2025-11-04T05:53:17+00:00","og_image":[{"url":"https:\/\/zenkit.com\/wp-content\/uploads\/2023\/01\/openai-1024x569.jpeg","type":"","width":"","height":""}],"twitter_card":"summary_large_image","twitter_site":"@ZenkitHQ","twitter_misc":{"Tiempo de lectura":"3 minutos"},"schema":{"@context":"https:\/\/schema.org","@graph":[{"@type":"WebPage","@id":"https:\/\/zenkit.com\/es\/integraciones\/reflexion-ai\/","url":"https:\/\/zenkit.com\/es\/integraciones\/reflexion-ai\/","name":"Reflexion.AI | Zenkit","isPartOf":{"@id":"https:\/\/zenkit.com\/es\/#website"},"primaryImageOfPage":{"@id":"https:\/\/zenkit.com\/es\/integraciones\/reflexion-ai\/#primaryimage"},"image":{"@id":"https:\/\/zenkit.com\/es\/integraciones\/reflexion-ai\/#primaryimage"},"thumbnailUrl":"https:\/\/zenkit.com\/wp-content\/uploads\/2025\/07\/Seamless-AI-LOGO-2.webp","datePublished":"2025-08-27T21:46:39+00:00","dateModified":"2025-11-04T05:53:17+00:00","breadcrumb":{"@id":"https:\/\/zenkit.com\/es\/integraciones\/reflexion-ai\/#breadcrumb"},"inLanguage":"es","potentialAction":[{"@type":"ReadAction","target":["https:\/\/zenkit.com\/es\/integraciones\/reflexion-ai\/"]}]},{"@type":"ImageObject","inLanguage":"es","@id":"https:\/\/zenkit.com\/es\/integraciones\/reflexion-ai\/#primaryimage","url":"https:\/\/zenkit.com\/wp-content\/uploads\/2025\/07\/Seamless-AI-LOGO-2.webp","contentUrl":"https:\/\/zenkit.com\/wp-content\/uploads\/2025\/07\/Seamless-AI-LOGO-2.webp"},{"@type":"BreadcrumbList","@id":"https:\/\/zenkit.com\/es\/integraciones\/reflexion-ai\/#breadcrumb","itemListElement":[{"@type":"ListItem","position":1,"name":"Home","item":"https:\/\/zenkit.com\/es\/"},{"@type":"ListItem","position":2,"name":"Integraciones","item":"https:\/\/zenkit.com\/es\/integraciones\/"},{"@type":"ListItem","position":3,"name":"Reflexion.AI"}]},{"@type":"WebSite","@id":"https:\/\/zenkit.com\/es\/#website","url":"https:\/\/zenkit.com\/es\/","name":"Zenkit","description":"Zenkit Tagline","potentialAction":[{"@type":"SearchAction","target":{"@type":"EntryPoint","urlTemplate":"https:\/\/zenkit.com\/es\/?s={search_term_string}"},"query-input":{"@type":"PropertyValueSpecification","valueRequired":true,"valueName":"search_term_string"}}],"inLanguage":"es"},false]}},"yasr_visitor_votes":{"stars_attributes":{"read_only":false,"span_bottom":false},"number_of_votes":0,"sum_votes":0},"_links":{"self":[{"href":"https:\/\/zenkit.com\/es\/wp-json\/wp\/v2\/pages\/129818","targetHints":{"allow":["GET"]}}],"collection":[{"href":"https:\/\/zenkit.com\/es\/wp-json\/wp\/v2\/pages"}],"about":[{"href":"https:\/\/zenkit.com\/es\/wp-json\/wp\/v2\/types\/page"}],"author":[{"embeddable":true,"href":"https:\/\/zenkit.com\/es\/wp-json\/wp\/v2\/users\/9"}],"replies":[{"embeddable":true,"href":"https:\/\/zenkit.com\/es\/wp-json\/wp\/v2\/comments?post=129818"}],"version-history":[{"count":4,"href":"https:\/\/zenkit.com\/es\/wp-json\/wp\/v2\/pages\/129818\/revisions"}],"predecessor-version":[{"id":129827,"href":"https:\/\/zenkit.com\/es\/wp-json\/wp\/v2\/pages\/129818\/revisions\/129827"}],"up":[{"embeddable":true,"href":"https:\/\/zenkit.com\/es\/wp-json\/wp\/v2\/pages\/127380"}],"wp:attachment":[{"href":"https:\/\/zenkit.com\/es\/wp-json\/wp\/v2\/media?parent=129818"}],"curies":[{"name":"wp","href":"https:\/\/api.w.org\/{rel}","templated":true}]}}