{"id":129828,"date":"2025-08-27T23:59:03","date_gmt":"2025-08-27T21:59:03","guid":{"rendered":"https:\/\/zenkit.com\/?page_id=129828"},"modified":"2025-11-04T06:53:17","modified_gmt":"2025-11-04T05:53:17","slug":"openai","status":"publish","type":"page","link":"https:\/\/zenkit.com\/es\/integraciones\/openai\/","title":{"rendered":"OpenAI"},"content":{"rendered":"\n<div style=\"height:45px;--tablet-height:45px;--mobile-height:16px\" class=\"wp-block-lookeen-blocks-responsive-spacer\"><\/div>\n\n\n\n<div class=\"wp-block-group has-global-padding is-layout-constrained wp-block-group-is-layout-constrained\">\n<div class=\"wp-block-columns is-layout-flex wp-container-core-columns-is-layout-467d341d wp-block-columns-is-layout-flex\" id=\"main__integrations\" style=\"margin-top:0px;margin-bottom:0px\">\n<div class=\"wp-block-column side__bar__integrations is-layout-flow wp-block-column-is-layout-flow\" style=\"flex-basis:23%\">\n<h2 class=\"wp-block-heading has-da-blue-color-new has-text-color has-link-color wp-elements-3df084bb1aaa05461bf0e910e0da2c39\" style=\"margin-top:0px;margin-bottom:0px;font-size:16px;line-height:1.5\">Marketing-Automatisierungs Integrationen<\/h2>\n\n\n<nav class=\"is-vertical integrations__menu wp-block-navigation is-layout-flex wp-container-core-navigation-is-layout-5f9f5280 wp-block-navigation-is-layout-flex\" aria-label=\"es-marketing-automation-2-integrations\"><ul class=\"wp-block-navigation__container  is-vertical integrations__menu wp-block-navigation\"><li class=\" wp-block-navigation-item wp-block-navigation-link\"><a class=\"wp-block-navigation-item__content\"  href=\"https:\/\/zenkit.com\/es\/integraciones\/openai\/\"><span class=\"wp-block-navigation-item__label\">OpenAI<\/span><\/a><\/li><\/ul><\/nav><\/div>\n\n\n\n<div class=\"wp-block-column content__integrations is-layout-flow wp-block-column-is-layout-flow\" style=\"flex-basis:77%\">\n<div class=\"wp-block-group has-global-padding is-layout-constrained wp-block-group-is-layout-constrained\">\n<div class=\"wp-block-group title is-layout-flex wp-container-core-group-is-layout-ed4b00df wp-block-group-is-layout-flex\">\n<figure class=\"wp-block-image size-full is-resized\"><img loading=\"lazy\" decoding=\"async\" width=\"150\" height=\"150\" src=\"https:\/\/zenkit.com\/wp-content\/uploads\/2025\/07\/OPENAI.webp\" alt=\"OpenAI logo\" class=\"wp-image-118448\" style=\"width:auto;height:46px\"\/><\/figure>\n\n\n\n<h1 class=\"wp-block-heading\">OpenAI y Zenkit<\/h1>\n<\/div>\n\n\n\n<div class=\"wp-block-group has-global-padding is-layout-constrained wp-block-group-is-layout-constrained\">\n<p>Los modelos de lenguaje de \u00faltima generaci\u00f3n de OpenAI, como GPT-4, est\u00e1n dise\u00f1ados para comprender y generar texto similar al humano, proporcionando una amplia gama de aplicaciones que van desde la generaci\u00f3n de contenido perspicaz hasta la automatizaci\u00f3n de tareas rutinarias. Al integrar OpenAI en Zenkit, los usuarios pueden abrir un nuevo abanico de posibilidades y transformar su forma de planificar, ejecutar y colaborar en proyectos.<\/p>\n\n\n\n<p>La integraci\u00f3n de OpenAI con Zenkit promete mejorar la eficiencia, la creatividad y los procesos de toma de decisiones, ya sea mediante la automatizaci\u00f3n de tareas rutinarias, la generaci\u00f3n de ideas creativas sobre contenidos o la aportaci\u00f3n de informaci\u00f3n inteligente.<\/p>\n<\/div>\n\n\n\n<div style=\"height:48px;--tablet-height:36px;--mobile-height:24px\" class=\"wp-block-lookeen-blocks-responsive-spacer\"><\/div>\n<\/div>\n\n\n\n<div class=\"wp-block-group has-global-padding is-layout-constrained wp-block-group-is-layout-constrained\">\n<figure class=\"wp-block-video\"><video controls src=\"https:\/\/zenkit.com\/wp-content\/uploads\/2023\/01\/OpenAIZenkit_Example_Large.mp4\"><\/video><\/figure>\n<\/div>\n\n\n\n<div style=\"height:48px;--tablet-height:36px;--mobile-height:24px\" class=\"wp-block-lookeen-blocks-responsive-spacer\"><\/div>\n\n\n\n<div class=\"wp-block-group has-global-padding is-layout-constrained wp-block-group-is-layout-constrained\">\n<h3 class=\"wp-block-heading display-h2\">Acerca de OpenAI<\/h3>\n\n\n\n<p>OpenAI es una organizaci\u00f3n de investigaci\u00f3n centrada en el desarrollo de la inteligencia artificial. Fundada en 2015, se ha ganado el reconocimiento por su trabajo en el campo de la IA y su compromiso de poner a disposici\u00f3n del mundo los resultados de sus investigaciones. Algunos de los logros notables de OpenAI incluyen el desarrollo de sistemas avanzados de procesamiento del lenguaje natural y algoritmos de aprendizaje autom\u00e1tico. Sus servicios incluyen ChatGPT, DALL-E 2, Whisper y muchos m\u00e1s. OpenAI est\u00e1 ampliando los l\u00edmites de lo que es posible con la IA y cambiando la direcci\u00f3n de la industria.<\/p>\n<\/div>\n\n\n\n<div style=\"height:48px;--tablet-height:36px;--mobile-height:24px\" class=\"wp-block-lookeen-blocks-responsive-spacer\"><\/div>\n\n\n\n<div class=\"wp-block-group has-global-padding is-layout-constrained wp-block-group-is-layout-constrained\">\n<h3 class=\"wp-block-heading display-h2\">Acerca de Zenkit<\/h3>\n\n\n\n<p><a href=\"https:\/\/zenkit.com\/\">Zenkit<\/a>&nbsp;es una completa plataforma web dise\u00f1ada para la gesti\u00f3n de proyectos y la colaboraci\u00f3n. Permite a las organizaciones agilizar sus flujos de trabajo, gestionar tareas y mejorar la productividad de los equipos. Zenkit ofrece un entorno flexible que soporta una variedad de metodolog\u00edas de gesti\u00f3n de proyectos, incluyendo Kanban, Gantt y vistas de calendario, permitiendo a los equipos personalizar sus flujos de trabajo para adaptarse a sus necesidades \u00fanicas.<\/p>\n\n\n\n<p>Con s\u00f3lidas funciones como la asignaci\u00f3n de tareas, la colaboraci\u00f3n en tiempo real y el intercambio de archivos, Zenkit proporciona todo lo necesario para garantizar que los proyectos se completen de manera eficiente y a tiempo. La interfaz f\u00e1cil de usar de la plataforma y sus amplias capacidades la convierten en una opci\u00f3n ideal para las empresas que buscan optimizar sus procesos de gesti\u00f3n de proyectos.&nbsp;<a href=\"https:\/\/app.zenkit.com\/register\">Cree su cuenta gratuita<\/a>!<\/p>\n<\/div>\n\n\n\n<div style=\"height:48px;--tablet-height:36px;--mobile-height:24px\" class=\"wp-block-lookeen-blocks-responsive-spacer\"><\/div>\n\n\n\n<div class=\"wp-block-group has-global-padding is-layout-constrained wp-block-group-is-layout-constrained\">\n<h3 class=\"wp-block-heading display-h2\">Conectar OpenAI y Zenkit<\/h3>\n\n\n\n<ol class=\"wp-block-list list__style__position-inside\">\n<li><a href=\"https:\/\/zapier.com\/sign-up\/\" target=\"_blank\" rel=\"noreferrer noopener\">Reg\u00edstrese<\/a>\u00a0para obtener una cuenta Zapier y acceder a Zapier.<\/li>\n\n\n\n<li><a href=\"https:\/\/openai.com\/\" target=\"_blank\" rel=\"noreferrer noopener\">Cree una cuenta<\/a>\u00a0con OpenAI.<\/li>\n\n\n\n<li>Inicie sesi\u00f3n en Zapier y vaya a\u00a0<a href=\"https:\/\/zapier.com\/apps\/openai\/integrations\/zenkit\" target=\"_blank\" rel=\"noreferrer noopener\">Zenkit + OpenAI Zapbook\u00a0<\/a>para encontrar plantillas Zap.<\/li>\n\n\n\n<li>O elija crear su propia integraci\u00f3n de Zenkit y OpenAI seleccion\u00e1ndolos cuando cree un zap.<\/li>\n\n\n\n<li>Durante la configuraci\u00f3n de Zap, aseg\u00farate de personalizar el prompt para que OpenAI sepa qu\u00e9 hacer por ti. Por ejemplo, usando nuestro ejemplo de receta de antes, podr\u00edas escribir \u00abPresente una receta f\u00e1cil y deliciosa del plato [Nombre del elemento].\u00bb<\/li>\n<\/ol>\n<\/div>\n\n\n\n<div style=\"height:48px;--tablet-height:36px;--mobile-height:24px\" class=\"wp-block-lookeen-blocks-responsive-spacer\"><\/div>\n\n\n\n<div class=\"wp-block-group has-global-padding is-layout-constrained wp-block-group-is-layout-constrained\">\n<script type=\"text\/javascript\" src=\"https:\/\/zapier.com\/apps\/embed\/widget.js?guided_zaps=1161915\"><\/script>\n<\/div>\n\n\n\n<div style=\"height:48px;--tablet-height:36px;--mobile-height:24px\" class=\"wp-block-lookeen-blocks-responsive-spacer\"><\/div>\n\n\n\n<div class=\"wp-block-group has-global-padding is-layout-constrained wp-block-group-is-layout-constrained\">\n<h3 class=\"wp-block-heading display-h2\">\u00bfQui\u00e9n se beneficiar\u00e1 de esta integraci\u00f3n de OpenAI y Zenkit?<\/h3>\n\n\n\n<ul class=\"wp-block-list is-style-da-left-indent\">\n<li><strong>Creadores de contenidos y equipos editoriales que deseen mejorar sus procesos de investigaci\u00f3n y redacci\u00f3n:<\/strong>\u00a0Al integrar OpenAI con Zenkit, los creadores de contenidos pueden aprovechar la IA para generar ideas y borradores de contenidos de alta calidad, al tiempo que gestionan de forma eficiente su calendario editorial y flujo de trabajo, garantizando un proceso de creaci\u00f3n de contenidos fluido y productivo.<\/li>\n\n\n\n<li><strong>Equipos de desarrollo de productos que buscan la innovaci\u00f3n y la organizaci\u00f3n:<\/strong>\u00a0Los equipos de desarrollo de productos pueden beneficiarse de la integraci\u00f3n utilizando la IA para generar y perfeccionar ideas de productos, generar historias de usuarios y automatizar tareas rutinarias de documentaci\u00f3n, al tiempo que organizan y rastrean sin problemas sus proyectos y tareas en Zenkit, lo que conduce a ciclos de desarrollo de productos m\u00e1s innovadores y bien gestionados.<\/li>\n<\/ul>\n<\/div>\n\n\n\n<div style=\"height:48px;--tablet-height:36px;--mobile-height:24px\" class=\"wp-block-lookeen-blocks-responsive-spacer\"><\/div>\n\n\n\n<div class=\"wp-block-group has-global-padding is-layout-constrained wp-block-group-is-layout-constrained\">\n<h3 class=\"wp-block-heading display-h2\">Detalles adicionales de la integraci\u00f3n<\/h3>\n\n\n\n<ul class=\"wp-block-list is-style-da-left-indent\">\n<li>Compatible con Zapier: P\u00f3ngase en contacto con el\u00a0<a href=\"https:\/\/zapier.com\/app\/get-help\">soporte de Zapier<\/a>\u00a0si experimenta alg\u00fan problema.<\/li>\n\n\n\n<li>Para obtener m\u00e1s informaci\u00f3n sobre c\u00f3mo utilizar Zenkit con Zapier, lea nuestra\u00a0<a href=\"https:\/\/help.zenkit.com\/en\/support\/solutions\/articles\/43000590360-integrating-other-apps-into-zenkit-using-zapier\">documentaci\u00f3n<\/a>.<\/li>\n<\/ul>\n<\/div>\n<\/div>\n<\/div>\n<\/div>\n\n\n\n<div style=\"height:110px;--tablet-height:60px;--mobile-height:48px\" class=\"wp-block-lookeen-blocks-responsive-spacer\"><\/div>\n","protected":false},"excerpt":{"rendered":"<p>Marketing-Automatisierungs Integrationen OpenAI y Zenkit Los modelos de lenguaje de \u00faltima generaci\u00f3n de OpenAI, como GPT-4, est\u00e1n dise\u00f1ados para comprender y generar texto similar al humano, proporcionando una amplia gama de aplicaciones que van desde la generaci\u00f3n de contenido perspicaz hasta la automatizaci\u00f3n de tareas rutinarias. Al integrar OpenAI en Zenkit, los usuarios pueden abrir [&hellip;]<\/p>\n","protected":false},"author":9,"featured_media":0,"parent":127380,"menu_order":3,"comment_status":"closed","ping_status":"closed","template":"","meta":{"yasr_overall_rating":0,"yasr_post_is_review":"","yasr_auto_insert_disabled":"","yasr_review_type":"","footnotes":""},"class_list":["post-129828","page","type-page","status-publish","hentry"],"yoast_head":"<!-- This site is optimized with the Yoast SEO plugin v27.4 - https:\/\/yoast.com\/product\/yoast-seo-wordpress\/ -->\n<title>OpenAI | Zenkit<\/title>\n<meta name=\"robots\" content=\"index, follow, max-snippet:-1, max-image-preview:large, max-video-preview:-1\" \/>\n<link rel=\"canonical\" href=\"https:\/\/zenkit.com\/es\/integraciones\/openai\/\" \/>\n<meta property=\"og:locale\" content=\"es_ES\" \/>\n<meta property=\"og:type\" content=\"article\" \/>\n<meta property=\"og:title\" content=\"OpenAI | Zenkit\" \/>\n<meta property=\"og:description\" content=\"Marketing-Automatisierungs Integrationen OpenAI y Zenkit Los modelos de lenguaje de \u00faltima generaci\u00f3n de OpenAI, como GPT-4, est\u00e1n dise\u00f1ados para comprender y generar texto similar al humano, proporcionando una amplia gama de aplicaciones que van desde la generaci\u00f3n de contenido perspicaz hasta la automatizaci\u00f3n de tareas rutinarias. Al integrar OpenAI en Zenkit, los usuarios pueden abrir [&hellip;]\" \/>\n<meta property=\"og:url\" content=\"https:\/\/zenkit.com\/es\/integraciones\/openai\/\" \/>\n<meta property=\"og:site_name\" content=\"Zenkit\" \/>\n<meta property=\"article:publisher\" content=\"https:\/\/www.facebook.com\/ZenkitHQ\" \/>\n<meta property=\"article:modified_time\" content=\"2025-11-04T05:53:17+00:00\" \/>\n<meta property=\"og:image\" content=\"https:\/\/zenkit.com\/wp-content\/uploads\/2023\/01\/openai-1024x569.jpeg\" \/>\n<meta name=\"twitter:card\" content=\"summary_large_image\" \/>\n<meta name=\"twitter:site\" content=\"@ZenkitHQ\" \/>\n<meta name=\"twitter:label1\" content=\"Tiempo de lectura\" \/>\n\t<meta name=\"twitter:data1\" content=\"3 minutos\" \/>\n<script type=\"application\/ld+json\" class=\"yoast-schema-graph\">{\"@context\":\"https:\\\/\\\/schema.org\",\"@graph\":[{\"@type\":\"WebPage\",\"@id\":\"https:\\\/\\\/zenkit.com\\\/es\\\/integraciones\\\/openai\\\/\",\"url\":\"https:\\\/\\\/zenkit.com\\\/es\\\/integraciones\\\/openai\\\/\",\"name\":\"OpenAI | Zenkit\",\"isPartOf\":{\"@id\":\"https:\\\/\\\/zenkit.com\\\/es\\\/#website\"},\"primaryImageOfPage\":{\"@id\":\"https:\\\/\\\/zenkit.com\\\/es\\\/integraciones\\\/openai\\\/#primaryimage\"},\"image\":{\"@id\":\"https:\\\/\\\/zenkit.com\\\/es\\\/integraciones\\\/openai\\\/#primaryimage\"},\"thumbnailUrl\":\"https:\\\/\\\/zenkit.com\\\/wp-content\\\/uploads\\\/2025\\\/07\\\/OPENAI.webp\",\"datePublished\":\"2025-08-27T21:59:03+00:00\",\"dateModified\":\"2025-11-04T05:53:17+00:00\",\"breadcrumb\":{\"@id\":\"https:\\\/\\\/zenkit.com\\\/es\\\/integraciones\\\/openai\\\/#breadcrumb\"},\"inLanguage\":\"es\",\"potentialAction\":[{\"@type\":\"ReadAction\",\"target\":[\"https:\\\/\\\/zenkit.com\\\/es\\\/integraciones\\\/openai\\\/\"]}]},{\"@type\":\"ImageObject\",\"inLanguage\":\"es\",\"@id\":\"https:\\\/\\\/zenkit.com\\\/es\\\/integraciones\\\/openai\\\/#primaryimage\",\"url\":\"https:\\\/\\\/zenkit.com\\\/wp-content\\\/uploads\\\/2025\\\/07\\\/OPENAI.webp\",\"contentUrl\":\"https:\\\/\\\/zenkit.com\\\/wp-content\\\/uploads\\\/2025\\\/07\\\/OPENAI.webp\"},{\"@type\":\"BreadcrumbList\",\"@id\":\"https:\\\/\\\/zenkit.com\\\/es\\\/integraciones\\\/openai\\\/#breadcrumb\",\"itemListElement\":[{\"@type\":\"ListItem\",\"position\":1,\"name\":\"Home\",\"item\":\"https:\\\/\\\/zenkit.com\\\/es\\\/\"},{\"@type\":\"ListItem\",\"position\":2,\"name\":\"Integraciones\",\"item\":\"https:\\\/\\\/zenkit.com\\\/es\\\/integraciones\\\/\"},{\"@type\":\"ListItem\",\"position\":3,\"name\":\"OpenAI\"}]},{\"@type\":\"WebSite\",\"@id\":\"https:\\\/\\\/zenkit.com\\\/es\\\/#website\",\"url\":\"https:\\\/\\\/zenkit.com\\\/es\\\/\",\"name\":\"Zenkit\",\"description\":\"Zenkit Tagline\",\"potentialAction\":[{\"@type\":\"SearchAction\",\"target\":{\"@type\":\"EntryPoint\",\"urlTemplate\":\"https:\\\/\\\/zenkit.com\\\/es\\\/?s={search_term_string}\"},\"query-input\":{\"@type\":\"PropertyValueSpecification\",\"valueRequired\":true,\"valueName\":\"search_term_string\"}}],\"inLanguage\":\"es\"},false]}<\/script>\n<!-- \/ Yoast SEO plugin. -->","yoast_head_json":{"title":"OpenAI | Zenkit","robots":{"index":"index","follow":"follow","max-snippet":"max-snippet:-1","max-image-preview":"max-image-preview:large","max-video-preview":"max-video-preview:-1"},"canonical":"https:\/\/zenkit.com\/es\/integraciones\/openai\/","og_locale":"es_ES","og_type":"article","og_title":"OpenAI | Zenkit","og_description":"Marketing-Automatisierungs Integrationen OpenAI y Zenkit Los modelos de lenguaje de \u00faltima generaci\u00f3n de OpenAI, como GPT-4, est\u00e1n dise\u00f1ados para comprender y generar texto similar al humano, proporcionando una amplia gama de aplicaciones que van desde la generaci\u00f3n de contenido perspicaz hasta la automatizaci\u00f3n de tareas rutinarias. Al integrar OpenAI en Zenkit, los usuarios pueden abrir [&hellip;]","og_url":"https:\/\/zenkit.com\/es\/integraciones\/openai\/","og_site_name":"Zenkit","article_publisher":"https:\/\/www.facebook.com\/ZenkitHQ","article_modified_time":"2025-11-04T05:53:17+00:00","og_image":[{"url":"https:\/\/zenkit.com\/wp-content\/uploads\/2023\/01\/openai-1024x569.jpeg","type":"","width":"","height":""}],"twitter_card":"summary_large_image","twitter_site":"@ZenkitHQ","twitter_misc":{"Tiempo de lectura":"3 minutos"},"schema":{"@context":"https:\/\/schema.org","@graph":[{"@type":"WebPage","@id":"https:\/\/zenkit.com\/es\/integraciones\/openai\/","url":"https:\/\/zenkit.com\/es\/integraciones\/openai\/","name":"OpenAI | Zenkit","isPartOf":{"@id":"https:\/\/zenkit.com\/es\/#website"},"primaryImageOfPage":{"@id":"https:\/\/zenkit.com\/es\/integraciones\/openai\/#primaryimage"},"image":{"@id":"https:\/\/zenkit.com\/es\/integraciones\/openai\/#primaryimage"},"thumbnailUrl":"https:\/\/zenkit.com\/wp-content\/uploads\/2025\/07\/OPENAI.webp","datePublished":"2025-08-27T21:59:03+00:00","dateModified":"2025-11-04T05:53:17+00:00","breadcrumb":{"@id":"https:\/\/zenkit.com\/es\/integraciones\/openai\/#breadcrumb"},"inLanguage":"es","potentialAction":[{"@type":"ReadAction","target":["https:\/\/zenkit.com\/es\/integraciones\/openai\/"]}]},{"@type":"ImageObject","inLanguage":"es","@id":"https:\/\/zenkit.com\/es\/integraciones\/openai\/#primaryimage","url":"https:\/\/zenkit.com\/wp-content\/uploads\/2025\/07\/OPENAI.webp","contentUrl":"https:\/\/zenkit.com\/wp-content\/uploads\/2025\/07\/OPENAI.webp"},{"@type":"BreadcrumbList","@id":"https:\/\/zenkit.com\/es\/integraciones\/openai\/#breadcrumb","itemListElement":[{"@type":"ListItem","position":1,"name":"Home","item":"https:\/\/zenkit.com\/es\/"},{"@type":"ListItem","position":2,"name":"Integraciones","item":"https:\/\/zenkit.com\/es\/integraciones\/"},{"@type":"ListItem","position":3,"name":"OpenAI"}]},{"@type":"WebSite","@id":"https:\/\/zenkit.com\/es\/#website","url":"https:\/\/zenkit.com\/es\/","name":"Zenkit","description":"Zenkit Tagline","potentialAction":[{"@type":"SearchAction","target":{"@type":"EntryPoint","urlTemplate":"https:\/\/zenkit.com\/es\/?s={search_term_string}"},"query-input":{"@type":"PropertyValueSpecification","valueRequired":true,"valueName":"search_term_string"}}],"inLanguage":"es"},false]}},"yasr_visitor_votes":{"stars_attributes":{"read_only":false,"span_bottom":false},"number_of_votes":0,"sum_votes":0},"_links":{"self":[{"href":"https:\/\/zenkit.com\/es\/wp-json\/wp\/v2\/pages\/129828","targetHints":{"allow":["GET"]}}],"collection":[{"href":"https:\/\/zenkit.com\/es\/wp-json\/wp\/v2\/pages"}],"about":[{"href":"https:\/\/zenkit.com\/es\/wp-json\/wp\/v2\/types\/page"}],"author":[{"embeddable":true,"href":"https:\/\/zenkit.com\/es\/wp-json\/wp\/v2\/users\/9"}],"replies":[{"embeddable":true,"href":"https:\/\/zenkit.com\/es\/wp-json\/wp\/v2\/comments?post=129828"}],"version-history":[{"count":3,"href":"https:\/\/zenkit.com\/es\/wp-json\/wp\/v2\/pages\/129828\/revisions"}],"predecessor-version":[{"id":129833,"href":"https:\/\/zenkit.com\/es\/wp-json\/wp\/v2\/pages\/129828\/revisions\/129833"}],"up":[{"embeddable":true,"href":"https:\/\/zenkit.com\/es\/wp-json\/wp\/v2\/pages\/127380"}],"wp:attachment":[{"href":"https:\/\/zenkit.com\/es\/wp-json\/wp\/v2\/media?parent=129828"}],"curies":[{"name":"wp","href":"https:\/\/api.w.org\/{rel}","templated":true}]}}