{"id":129834,"date":"2025-08-28T00:04:48","date_gmt":"2025-08-27T22:04:48","guid":{"rendered":"https:\/\/zenkit.com\/?page_id=129834"},"modified":"2025-11-04T06:53:17","modified_gmt":"2025-11-04T05:53:17","slug":"invoiceberry","status":"publish","type":"page","link":"https:\/\/zenkit.com\/es\/integraciones\/invoiceberry\/","title":{"rendered":"InvoiceBerry"},"content":{"rendered":"\n<div style=\"height:45px;--tablet-height:45px;--mobile-height:16px\" class=\"wp-block-lookeen-blocks-responsive-spacer\"><\/div>\n\n\n\n<div class=\"wp-block-group has-global-padding is-layout-constrained wp-block-group-is-layout-constrained\">\n<div class=\"wp-block-columns is-layout-flex wp-container-core-columns-is-layout-467d341d wp-block-columns-is-layout-flex\" id=\"main__integrations\" style=\"margin-top:0px;margin-bottom:0px\">\n<div class=\"wp-block-column side__bar__integrations is-layout-flow wp-block-column-is-layout-flow\" style=\"flex-basis:23%\">\n<h2 class=\"wp-block-heading has-da-blue-color-new has-text-color has-link-color wp-elements-4162b45c3c6f7b7fc7a4145fe49aeec4\" style=\"margin-top:0px;margin-bottom:0px;font-size:16px;line-height:1.5\">Invoicing Integrations<\/h2>\n\n\n<nav class=\"is-vertical integrations__menu wp-block-navigation is-layout-flex wp-container-core-navigation-is-layout-5f9f5280 wp-block-navigation-is-layout-flex\" aria-label=\"es-invoicing-integrations\"><ul class=\"wp-block-navigation__container  is-vertical integrations__menu wp-block-navigation\"><li class=\" wp-block-navigation-item wp-block-navigation-link\"><a class=\"wp-block-navigation-item__content\"  href=\"https:\/\/zenkit.com\/es\/integraciones\/invoiceberry\/\"><span class=\"wp-block-navigation-item__label\">InvoiceBerry<\/span><\/a><\/li><\/ul><\/nav><\/div>\n\n\n\n<div class=\"wp-block-column content__integrations is-layout-flow wp-block-column-is-layout-flow\" style=\"flex-basis:77%\">\n<div class=\"wp-block-group has-global-padding is-layout-constrained wp-block-group-is-layout-constrained\">\n<div class=\"wp-block-group title is-layout-flex wp-container-core-group-is-layout-ed4b00df wp-block-group-is-layout-flex\">\n<figure class=\"wp-block-image size-full is-resized\"><img loading=\"lazy\" decoding=\"async\" width=\"295\" height=\"295\" src=\"https:\/\/zenkit.com\/wp-content\/uploads\/2025\/07\/InvoiceBerry_logo.webp\" alt=\"\" class=\"wp-image-117789\" style=\"width:auto;height:46px\" srcset=\"https:\/\/zenkit.com\/wp-content\/uploads\/2025\/07\/InvoiceBerry_logo.webp 295w, https:\/\/zenkit.com\/wp-content\/uploads\/2025\/07\/InvoiceBerry_logo-150x150.webp 150w\" sizes=\"auto, (max-width: 295px) 100vw, 295px\" \/><\/figure>\n\n\n\n<h1 class=\"wp-block-heading\">InvoiceBerry y Zenkit<\/h1>\n<\/div>\n\n\n\n<div class=\"wp-block-group has-global-padding is-layout-constrained wp-block-group-is-layout-constrained\">\n<p>Esta integraci\u00f3n permite gestionar sin esfuerzo la facturaci\u00f3n y las tareas del proyecto en una plataforma unificada. Las empresas pueden automatizar procesos tediosos, reducir la introducci\u00f3n manual de datos y garantizar que la gesti\u00f3n financiera sea tan din\u00e1mica y \u00e1gil como sus esfuerzos de gesti\u00f3n de proyectos.<\/p>\n\n\n\n<p>La sinergia entre InvoiceBerry y Zenkit permite a los usuarios mantener un mejor control sobre sus finanzas, mientras que el mantenimiento de sus proyectos en la pista, lo que lleva a una mejor toma de decisiones y el rendimiento general del negocio.<\/p>\n<\/div>\n\n\n\n<div style=\"height:48px;--tablet-height:36px;--mobile-height:24px\" class=\"wp-block-lookeen-blocks-responsive-spacer\"><\/div>\n<\/div>\n\n\n\n<div class=\"wp-block-group has-global-padding is-layout-constrained wp-block-group-is-layout-constrained\">\n<figure class=\"wp-block-image size-full\"><img loading=\"lazy\" decoding=\"async\" width=\"1024\" height=\"476\" src=\"https:\/\/zenkit.com\/wp-content\/uploads\/2025\/07\/InvoiceBerry_screenshot-1024x476-1.webp\" alt=\"\" class=\"wp-image-117800\" srcset=\"https:\/\/zenkit.com\/wp-content\/uploads\/2025\/07\/InvoiceBerry_screenshot-1024x476-1.webp 1024w, https:\/\/zenkit.com\/wp-content\/uploads\/2025\/07\/InvoiceBerry_screenshot-1024x476-1-300x139.webp 300w, https:\/\/zenkit.com\/wp-content\/uploads\/2025\/07\/InvoiceBerry_screenshot-1024x476-1-768x357.webp 768w\" sizes=\"auto, (max-width: 1024px) 100vw, 1024px\" \/><\/figure>\n<\/div>\n\n\n\n<div style=\"height:48px;--tablet-height:36px;--mobile-height:24px\" class=\"wp-block-lookeen-blocks-responsive-spacer\"><\/div>\n\n\n\n<div class=\"wp-block-group has-global-padding is-layout-constrained wp-block-group-is-layout-constrained\">\n<h3 class=\"wp-block-heading display-h2\">Acerca de InvoiceBerry<\/h3>\n\n\n\n<p>InvoiceBerry es un software de facturaci\u00f3n online dise\u00f1ado para satisfacer las necesidades de facturaci\u00f3n de peque\u00f1as empresas y aut\u00f3nomos. Los clientes pueden crear facturas de aspecto profesional, personalizarlas con el logotipo y la informaci\u00f3n de su empresa y enviarlas por correo electr\u00f3nico en cuesti\u00f3n de segundos.<\/p>\n\n\n\n<p>El software tambi\u00e9n permite a las empresas hacer un seguimiento de sus gastos, enviar recordatorios a los que no pagan, crear facturas peri\u00f3dicas y enviar facturas autom\u00e1ticamente a clientes habituales y recurrentes.<\/p>\n<\/div>\n\n\n\n<div style=\"height:48px;--tablet-height:36px;--mobile-height:24px\" class=\"wp-block-lookeen-blocks-responsive-spacer\"><\/div>\n\n\n\n<div class=\"wp-block-group has-global-padding is-layout-constrained wp-block-group-is-layout-constrained\">\n<h3 class=\"wp-block-heading display-h2\">Acerca de Zenkit<\/h3>\n\n\n\n<p><a href=\"https:\/\/zenkit.com\/\">Zenkit<\/a>&nbsp;es una completa plataforma web dise\u00f1ada para la gesti\u00f3n de proyectos y la colaboraci\u00f3n. Permite a las organizaciones agilizar sus flujos de trabajo, gestionar tareas y mejorar la productividad de los equipos. Zenkit ofrece un entorno flexible que soporta una variedad de metodolog\u00edas de gesti\u00f3n de proyectos, incluyendo Kanban, Gantt y vistas de calendario, permitiendo a los equipos personalizar sus flujos de trabajo para adaptarse a sus necesidades \u00fanicas.<\/p>\n\n\n\n<p>Con s\u00f3lidas funciones como la asignaci\u00f3n de tareas, la colaboraci\u00f3n en tiempo real y el intercambio de archivos, Zenkit proporciona todo lo necesario para garantizar que los proyectos se completen de manera eficiente y a tiempo. La interfaz f\u00e1cil de usar de la plataforma y sus amplias capacidades la convierten en una opci\u00f3n ideal para las empresas que buscan optimizar sus procesos de gesti\u00f3n de proyectos.&nbsp;<a href=\"https:\/\/app.zenkit.com\/register\">Cree su cuenta gratuita<\/a>!<\/p>\n<\/div>\n\n\n\n<div style=\"height:48px;--tablet-height:36px;--mobile-height:24px\" class=\"wp-block-lookeen-blocks-responsive-spacer\"><\/div>\n\n\n\n<div class=\"wp-block-group has-global-padding is-layout-constrained wp-block-group-is-layout-constrained\">\n<h3 class=\"wp-block-heading display-h2\">\u00bfC\u00f3mo conectar InvoiceBerry con Zenkit?<\/h3>\n\n\n\n<ol class=\"wp-block-list list__style__position-inside\">\n<li><a href=\"https:\/\/zapier.com\/sign-up\/\">Reg\u00edstrese para obtener\u00a0<\/a>una cuenta Zapier y acceder a Zapier.<\/li>\n\n\n\n<li><a href=\"https:\/\/www.invoiceberry.com\/\">Cree una cuenta\u00a0<\/a>con InvoiceBerry.<\/li>\n\n\n\n<li>Inicie sesi\u00f3n en Zapier y vaya a\u00a0<a href=\"https:\/\/zapier.com\/apps\/zenkit\/integrations\/invoiceberry\">Zenkit + InvoiceBerry Zapbook\u00a0<\/a>para encontrar plantillas Zap.<\/li>\n\n\n\n<li>O elige crear tu propia integraci\u00f3n de Zenkit e InvoiceBerry seleccion\u00e1ndolas cuando crees un zap.<\/li>\n<\/ol>\n<\/div>\n\n\n\n<div style=\"height:48px;--tablet-height:36px;--mobile-height:24px\" class=\"wp-block-lookeen-blocks-responsive-spacer\"><\/div>\n\n\n\n<div class=\"wp-block-group has-global-padding is-layout-constrained wp-block-group-is-layout-constrained\">\n<script type=\"text\/javascript\" src=\"https:\/\/zapier.com\/apps\/embed\/widget.js?guided_zaps=69042,69043\"><\/script>\n<\/div>\n\n\n\n<div style=\"height:48px;--tablet-height:36px;--mobile-height:24px\" class=\"wp-block-lookeen-blocks-responsive-spacer\"><\/div>\n\n\n\n<div class=\"wp-block-group has-global-padding is-layout-constrained wp-block-group-is-layout-constrained\">\n<h3 class=\"wp-block-heading display-h2\">\u00bfQui\u00e9n se beneficiar\u00e1 de esta integraci\u00f3n de InvoiceBerry y Zenkit?<\/h3>\n\n\n\n<ul class=\"wp-block-list is-style-da-left-indent\">\n<li><strong>Aut\u00f3nomos y propietarios de peque\u00f1as empresas que deseen simplificar su facturaci\u00f3n y gesti\u00f3n de proyectos:<\/strong>\u00a0Al integrar InvoiceBerry con Zenkit, los freelancers y due\u00f1os de peque\u00f1os negocios pueden agilizar su proceso de facturaci\u00f3n al mismo tiempo que mantienen un registro de las tareas y fechas l\u00edmite de los proyectos, asegurando un flujo de trabajo m\u00e1s organizado y pagos a tiempo.<\/li>\n\n\n\n<li><strong>Equipos de contabilidad que buscan mejorar el seguimiento financiero y la coordinaci\u00f3n de tareas:<\/strong>\u00a0Los equipos de contabilidad pueden beneficiarse de la integraci\u00f3n sincronizando autom\u00e1ticamente los datos de las facturas con su sistema de gesti\u00f3n de proyectos, lo que les permite supervisar las transacciones financieras, realizar un seguimiento de los ciclos de facturaci\u00f3n y gestionar las tareas relacionadas de manera eficiente dentro de una plataforma unificada.<\/li>\n<\/ul>\n<\/div>\n\n\n\n<div style=\"height:48px;--tablet-height:36px;--mobile-height:24px\" class=\"wp-block-lookeen-blocks-responsive-spacer\"><\/div>\n\n\n\n<div class=\"wp-block-group has-global-padding is-layout-constrained wp-block-group-is-layout-constrained\">\n<h3 class=\"wp-block-heading display-h2\">Detalles adicionales de la integraci\u00f3n<\/h3>\n\n\n\n<ul class=\"wp-block-list is-style-da-left-indent\">\n<li>Compatible con Zapier: P\u00f3ngase en contacto con\u00a0<a href=\"https:\/\/zapier.com\/app\/get-help\">el soporte de Zapier\u00a0<\/a>si experimenta alg\u00fan problema.<\/li>\n\n\n\n<li>Para obtener m\u00e1s informaci\u00f3n sobre c\u00f3mo utilizar Zenkit con Zapier, lea nuestra\u00a0<a href=\"https:\/\/help.zenkit.com\/en\/support\/solutions\/articles\/43000590360-integrating-other-apps-into-zenkit-using-zapier\">documentaci\u00f3n<\/a>.<\/li>\n<\/ul>\n<\/div>\n<\/div>\n<\/div>\n<\/div>\n\n\n\n<div style=\"height:110px;--tablet-height:60px;--mobile-height:48px\" class=\"wp-block-lookeen-blocks-responsive-spacer\"><\/div>\n","protected":false},"excerpt":{"rendered":"<p>Invoicing Integrations InvoiceBerry y Zenkit Esta integraci\u00f3n permite gestionar sin esfuerzo la facturaci\u00f3n y las tareas del proyecto en una plataforma unificada. Las empresas pueden automatizar procesos tediosos, reducir la introducci\u00f3n manual de datos y garantizar que la gesti\u00f3n financiera sea tan din\u00e1mica y \u00e1gil como sus esfuerzos de gesti\u00f3n de proyectos. La sinergia entre [&hellip;]<\/p>\n","protected":false},"author":9,"featured_media":0,"parent":127380,"menu_order":2,"comment_status":"closed","ping_status":"closed","template":"","meta":{"yasr_overall_rating":0,"yasr_post_is_review":"","yasr_auto_insert_disabled":"","yasr_review_type":"","footnotes":""},"class_list":["post-129834","page","type-page","status-publish","hentry"],"yoast_head":"<!-- This site is optimized with the Yoast SEO plugin v27.4 - https:\/\/yoast.com\/product\/yoast-seo-wordpress\/ -->\n<title>InvoiceBerry | Zenkit<\/title>\n<meta name=\"robots\" content=\"index, follow, max-snippet:-1, max-image-preview:large, max-video-preview:-1\" \/>\n<link rel=\"canonical\" href=\"https:\/\/zenkit.com\/es\/integraciones\/invoiceberry\/\" \/>\n<meta property=\"og:locale\" content=\"es_ES\" \/>\n<meta property=\"og:type\" content=\"article\" \/>\n<meta property=\"og:title\" content=\"InvoiceBerry | Zenkit\" \/>\n<meta property=\"og:description\" content=\"Invoicing Integrations InvoiceBerry y Zenkit Esta integraci\u00f3n permite gestionar sin esfuerzo la facturaci\u00f3n y las tareas del proyecto en una plataforma unificada. Las empresas pueden automatizar procesos tediosos, reducir la introducci\u00f3n manual de datos y garantizar que la gesti\u00f3n financiera sea tan din\u00e1mica y \u00e1gil como sus esfuerzos de gesti\u00f3n de proyectos. La sinergia entre [&hellip;]\" \/>\n<meta property=\"og:url\" content=\"https:\/\/zenkit.com\/es\/integraciones\/invoiceberry\/\" \/>\n<meta property=\"og:site_name\" content=\"Zenkit\" \/>\n<meta property=\"article:publisher\" content=\"https:\/\/www.facebook.com\/ZenkitHQ\" \/>\n<meta property=\"article:modified_time\" content=\"2025-11-04T05:53:17+00:00\" \/>\n<meta property=\"og:image\" content=\"https:\/\/zenkit.com\/wp-content\/uploads\/2025\/07\/InvoiceBerry_logo.webp\" \/>\n<meta name=\"twitter:card\" content=\"summary_large_image\" \/>\n<meta name=\"twitter:site\" content=\"@ZenkitHQ\" \/>\n<meta name=\"twitter:label1\" content=\"Tiempo de lectura\" \/>\n\t<meta name=\"twitter:data1\" content=\"3 minutos\" \/>\n<script type=\"application\/ld+json\" class=\"yoast-schema-graph\">{\"@context\":\"https:\\\/\\\/schema.org\",\"@graph\":[{\"@type\":\"WebPage\",\"@id\":\"https:\\\/\\\/zenkit.com\\\/es\\\/integraciones\\\/invoiceberry\\\/\",\"url\":\"https:\\\/\\\/zenkit.com\\\/es\\\/integraciones\\\/invoiceberry\\\/\",\"name\":\"InvoiceBerry | Zenkit\",\"isPartOf\":{\"@id\":\"https:\\\/\\\/zenkit.com\\\/es\\\/#website\"},\"primaryImageOfPage\":{\"@id\":\"https:\\\/\\\/zenkit.com\\\/es\\\/integraciones\\\/invoiceberry\\\/#primaryimage\"},\"image\":{\"@id\":\"https:\\\/\\\/zenkit.com\\\/es\\\/integraciones\\\/invoiceberry\\\/#primaryimage\"},\"thumbnailUrl\":\"https:\\\/\\\/zenkit.com\\\/wp-content\\\/uploads\\\/2025\\\/07\\\/InvoiceBerry_logo.webp\",\"datePublished\":\"2025-08-27T22:04:48+00:00\",\"dateModified\":\"2025-11-04T05:53:17+00:00\",\"breadcrumb\":{\"@id\":\"https:\\\/\\\/zenkit.com\\\/es\\\/integraciones\\\/invoiceberry\\\/#breadcrumb\"},\"inLanguage\":\"es\",\"potentialAction\":[{\"@type\":\"ReadAction\",\"target\":[\"https:\\\/\\\/zenkit.com\\\/es\\\/integraciones\\\/invoiceberry\\\/\"]}]},{\"@type\":\"ImageObject\",\"inLanguage\":\"es\",\"@id\":\"https:\\\/\\\/zenkit.com\\\/es\\\/integraciones\\\/invoiceberry\\\/#primaryimage\",\"url\":\"https:\\\/\\\/zenkit.com\\\/wp-content\\\/uploads\\\/2025\\\/07\\\/InvoiceBerry_logo.webp\",\"contentUrl\":\"https:\\\/\\\/zenkit.com\\\/wp-content\\\/uploads\\\/2025\\\/07\\\/InvoiceBerry_logo.webp\"},{\"@type\":\"BreadcrumbList\",\"@id\":\"https:\\\/\\\/zenkit.com\\\/es\\\/integraciones\\\/invoiceberry\\\/#breadcrumb\",\"itemListElement\":[{\"@type\":\"ListItem\",\"position\":1,\"name\":\"Home\",\"item\":\"https:\\\/\\\/zenkit.com\\\/es\\\/\"},{\"@type\":\"ListItem\",\"position\":2,\"name\":\"Integraciones\",\"item\":\"https:\\\/\\\/zenkit.com\\\/es\\\/integraciones\\\/\"},{\"@type\":\"ListItem\",\"position\":3,\"name\":\"InvoiceBerry\"}]},{\"@type\":\"WebSite\",\"@id\":\"https:\\\/\\\/zenkit.com\\\/es\\\/#website\",\"url\":\"https:\\\/\\\/zenkit.com\\\/es\\\/\",\"name\":\"Zenkit\",\"description\":\"Zenkit Tagline\",\"potentialAction\":[{\"@type\":\"SearchAction\",\"target\":{\"@type\":\"EntryPoint\",\"urlTemplate\":\"https:\\\/\\\/zenkit.com\\\/es\\\/?s={search_term_string}\"},\"query-input\":{\"@type\":\"PropertyValueSpecification\",\"valueRequired\":true,\"valueName\":\"search_term_string\"}}],\"inLanguage\":\"es\"},false]}<\/script>\n<!-- \/ Yoast SEO plugin. -->","yoast_head_json":{"title":"InvoiceBerry | Zenkit","robots":{"index":"index","follow":"follow","max-snippet":"max-snippet:-1","max-image-preview":"max-image-preview:large","max-video-preview":"max-video-preview:-1"},"canonical":"https:\/\/zenkit.com\/es\/integraciones\/invoiceberry\/","og_locale":"es_ES","og_type":"article","og_title":"InvoiceBerry | Zenkit","og_description":"Invoicing Integrations InvoiceBerry y Zenkit Esta integraci\u00f3n permite gestionar sin esfuerzo la facturaci\u00f3n y las tareas del proyecto en una plataforma unificada. Las empresas pueden automatizar procesos tediosos, reducir la introducci\u00f3n manual de datos y garantizar que la gesti\u00f3n financiera sea tan din\u00e1mica y \u00e1gil como sus esfuerzos de gesti\u00f3n de proyectos. La sinergia entre [&hellip;]","og_url":"https:\/\/zenkit.com\/es\/integraciones\/invoiceberry\/","og_site_name":"Zenkit","article_publisher":"https:\/\/www.facebook.com\/ZenkitHQ","article_modified_time":"2025-11-04T05:53:17+00:00","og_image":[{"url":"https:\/\/zenkit.com\/wp-content\/uploads\/2025\/07\/InvoiceBerry_logo.webp","type":"","width":"","height":""}],"twitter_card":"summary_large_image","twitter_site":"@ZenkitHQ","twitter_misc":{"Tiempo de lectura":"3 minutos"},"schema":{"@context":"https:\/\/schema.org","@graph":[{"@type":"WebPage","@id":"https:\/\/zenkit.com\/es\/integraciones\/invoiceberry\/","url":"https:\/\/zenkit.com\/es\/integraciones\/invoiceberry\/","name":"InvoiceBerry | Zenkit","isPartOf":{"@id":"https:\/\/zenkit.com\/es\/#website"},"primaryImageOfPage":{"@id":"https:\/\/zenkit.com\/es\/integraciones\/invoiceberry\/#primaryimage"},"image":{"@id":"https:\/\/zenkit.com\/es\/integraciones\/invoiceberry\/#primaryimage"},"thumbnailUrl":"https:\/\/zenkit.com\/wp-content\/uploads\/2025\/07\/InvoiceBerry_logo.webp","datePublished":"2025-08-27T22:04:48+00:00","dateModified":"2025-11-04T05:53:17+00:00","breadcrumb":{"@id":"https:\/\/zenkit.com\/es\/integraciones\/invoiceberry\/#breadcrumb"},"inLanguage":"es","potentialAction":[{"@type":"ReadAction","target":["https:\/\/zenkit.com\/es\/integraciones\/invoiceberry\/"]}]},{"@type":"ImageObject","inLanguage":"es","@id":"https:\/\/zenkit.com\/es\/integraciones\/invoiceberry\/#primaryimage","url":"https:\/\/zenkit.com\/wp-content\/uploads\/2025\/07\/InvoiceBerry_logo.webp","contentUrl":"https:\/\/zenkit.com\/wp-content\/uploads\/2025\/07\/InvoiceBerry_logo.webp"},{"@type":"BreadcrumbList","@id":"https:\/\/zenkit.com\/es\/integraciones\/invoiceberry\/#breadcrumb","itemListElement":[{"@type":"ListItem","position":1,"name":"Home","item":"https:\/\/zenkit.com\/es\/"},{"@type":"ListItem","position":2,"name":"Integraciones","item":"https:\/\/zenkit.com\/es\/integraciones\/"},{"@type":"ListItem","position":3,"name":"InvoiceBerry"}]},{"@type":"WebSite","@id":"https:\/\/zenkit.com\/es\/#website","url":"https:\/\/zenkit.com\/es\/","name":"Zenkit","description":"Zenkit Tagline","potentialAction":[{"@type":"SearchAction","target":{"@type":"EntryPoint","urlTemplate":"https:\/\/zenkit.com\/es\/?s={search_term_string}"},"query-input":{"@type":"PropertyValueSpecification","valueRequired":true,"valueName":"search_term_string"}}],"inLanguage":"es"},false]}},"yasr_visitor_votes":{"stars_attributes":{"read_only":false,"span_bottom":false},"number_of_votes":0,"sum_votes":0},"_links":{"self":[{"href":"https:\/\/zenkit.com\/es\/wp-json\/wp\/v2\/pages\/129834","targetHints":{"allow":["GET"]}}],"collection":[{"href":"https:\/\/zenkit.com\/es\/wp-json\/wp\/v2\/pages"}],"about":[{"href":"https:\/\/zenkit.com\/es\/wp-json\/wp\/v2\/types\/page"}],"author":[{"embeddable":true,"href":"https:\/\/zenkit.com\/es\/wp-json\/wp\/v2\/users\/9"}],"replies":[{"embeddable":true,"href":"https:\/\/zenkit.com\/es\/wp-json\/wp\/v2\/comments?post=129834"}],"version-history":[{"count":5,"href":"https:\/\/zenkit.com\/es\/wp-json\/wp\/v2\/pages\/129834\/revisions"}],"predecessor-version":[{"id":129843,"href":"https:\/\/zenkit.com\/es\/wp-json\/wp\/v2\/pages\/129834\/revisions\/129843"}],"up":[{"embeddable":true,"href":"https:\/\/zenkit.com\/es\/wp-json\/wp\/v2\/pages\/127380"}],"wp:attachment":[{"href":"https:\/\/zenkit.com\/es\/wp-json\/wp\/v2\/media?parent=129834"}],"curies":[{"name":"wp","href":"https:\/\/api.w.org\/{rel}","templated":true}]}}