{"id":129844,"date":"2025-08-28T00:10:47","date_gmt":"2025-08-27T22:10:47","guid":{"rendered":"https:\/\/zenkit.com\/?page_id=129844"},"modified":"2025-11-04T06:53:17","modified_gmt":"2025-11-04T05:53:17","slug":"seamless-ai","status":"publish","type":"page","link":"https:\/\/zenkit.com\/es\/integraciones\/seamless-ai\/","title":{"rendered":"Seamless.AI"},"content":{"rendered":"\n<div style=\"height:45px;--tablet-height:45px;--mobile-height:16px\" class=\"wp-block-lookeen-blocks-responsive-spacer\"><\/div>\n\n\n\n<div class=\"wp-block-group has-global-padding is-layout-constrained wp-block-group-is-layout-constrained\">\n<div class=\"wp-block-columns is-layout-flex wp-container-core-columns-is-layout-467d341d wp-block-columns-is-layout-flex\" id=\"main__integrations\" style=\"margin-top:0px;margin-bottom:0px\">\n<div class=\"wp-block-column side__bar__integrations is-layout-flow wp-block-column-is-layout-flow\" style=\"flex-basis:23%\">\n<h2 class=\"wp-block-heading has-da-blue-color-new has-text-color has-link-color wp-elements-3df084bb1aaa05461bf0e910e0da2c39\" style=\"margin-top:0px;margin-bottom:0px;font-size:16px;line-height:1.5\">Marketing-Automatisierungs Integrationen<\/h2>\n\n\n<nav class=\"is-vertical integrations__menu wp-block-navigation is-layout-flex wp-container-core-navigation-is-layout-5f9f5280 wp-block-navigation-is-layout-flex\" aria-label=\"es-marketing-automation-2-integrations\"><ul class=\"wp-block-navigation__container  is-vertical integrations__menu wp-block-navigation\"><li class=\" wp-block-navigation-item wp-block-navigation-link\"><a class=\"wp-block-navigation-item__content\"  href=\"https:\/\/zenkit.com\/es\/integraciones\/openai\/\"><span class=\"wp-block-navigation-item__label\">OpenAI<\/span><\/a><\/li><\/ul><\/nav><\/div>\n\n\n\n<div class=\"wp-block-column content__integrations is-layout-flow wp-block-column-is-layout-flow\" style=\"flex-basis:77%\">\n<div class=\"wp-block-group has-global-padding is-layout-constrained wp-block-group-is-layout-constrained\">\n<div class=\"wp-block-group title is-layout-flex wp-container-core-group-is-layout-ed4b00df wp-block-group-is-layout-flex\">\n<figure class=\"wp-block-image size-full is-resized\"><img loading=\"lazy\" decoding=\"async\" width=\"555\" height=\"694\" src=\"https:\/\/zenkit.com\/wp-content\/uploads\/2025\/07\/Seamless-AI-LOGO-1.webp\" alt=\"Seamless.AI Logo\" class=\"wp-image-118703\" style=\"width:auto;height:46px\" srcset=\"https:\/\/zenkit.com\/wp-content\/uploads\/2025\/07\/Seamless-AI-LOGO-1.webp 555w, https:\/\/zenkit.com\/wp-content\/uploads\/2025\/07\/Seamless-AI-LOGO-1-240x300.webp 240w\" sizes=\"auto, (max-width: 555px) 100vw, 555px\" \/><\/figure>\n\n\n\n<h1 class=\"wp-block-heading\">Seamless.AI y Zenkit<\/h1>\n<\/div>\n\n\n\n<div class=\"wp-block-group has-global-padding is-layout-constrained wp-block-group-is-layout-constrained\">\n<p>La integraci\u00f3n de Seamless.AI con Zenkit ofrece una potente soluci\u00f3n que le permite agilizar los flujos de trabajo, mejorar la productividad y mantener una base de datos bien organizada.<\/p>\n\n\n\n<p>Combinando las capacidades avanzadas de datos de Seamless.AI con las vers\u00e1tiles funciones de gesti\u00f3n de proyectos y colaboraci\u00f3n de Zenkit, puede lograr un enfoque hol\u00edstico para gestionar sus contactos y proyectos, impulsando en \u00faltima instancia un mayor \u00e9xito empresarial.<\/p>\n<\/div>\n<\/div>\n\n\n\n<div style=\"height:48px;--tablet-height:36px;--mobile-height:24px\" class=\"wp-block-lookeen-blocks-responsive-spacer\"><\/div>\n\n\n\n<div class=\"wp-block-group has-global-padding is-layout-constrained wp-block-group-is-layout-constrained\">\n<h3 class=\"wp-block-heading display-h2\">Acerca de Seamless.AI<\/h3>\n\n\n\n<p>Seamless.AI es una plataforma en tiempo real, que ayuda a su negocio B2B a encontrar clientes potenciales fiables y detalles de la empresa, incluyendo n\u00fameros de tel\u00e9fono y correos electr\u00f3nicos con precisi\u00f3n. El proceso de investigaci\u00f3n y verificaci\u00f3n de datos implica tecnolog\u00eda de IA y aprendizaje autom\u00e1tico, lo que garantiza una fuente de datos actualizada y fiable. Incluso puede especificar los criterios deseados para sus clientes potenciales objetivo que se ajusten a su sector y necesidades para encontrar una buena coincidencia.<\/p>\n<\/div>\n\n\n\n<div style=\"height:48px;--tablet-height:36px;--mobile-height:24px\" class=\"wp-block-lookeen-blocks-responsive-spacer\"><\/div>\n\n\n\n<div class=\"wp-block-group has-global-padding is-layout-constrained wp-block-group-is-layout-constrained\">\n<h3 class=\"wp-block-heading display-h2\">Acerca de Zenkit<\/h3>\n\n\n\n<p><a href=\"https:\/\/zenkit.com\/\">Zenkit<\/a>&nbsp;es una completa plataforma web dise\u00f1ada para la gesti\u00f3n de proyectos y la colaboraci\u00f3n. Permite a las organizaciones agilizar sus flujos de trabajo, gestionar tareas y mejorar la productividad de los equipos. Zenkit ofrece un entorno flexible que soporta una variedad de metodolog\u00edas de gesti\u00f3n de proyectos, incluyendo Kanban, Gantt y vistas de calendario, permitiendo a los equipos personalizar sus flujos de trabajo para adaptarse a sus necesidades \u00fanicas.<\/p>\n\n\n\n<p>Con s\u00f3lidas funciones como la asignaci\u00f3n de tareas, la colaboraci\u00f3n en tiempo real y el intercambio de archivos, Zenkit proporciona todo lo necesario para garantizar que los proyectos se completen de manera eficiente y a tiempo. La interfaz f\u00e1cil de usar de la plataforma y sus amplias capacidades la convierten en una opci\u00f3n ideal para las empresas que buscan optimizar sus procesos de gesti\u00f3n de proyectos.&nbsp;<a href=\"https:\/\/app.zenkit.com\/register\">Cree su cuenta gratuita<\/a>!<\/p>\n<\/div>\n\n\n\n<div style=\"height:48px;--tablet-height:36px;--mobile-height:24px\" class=\"wp-block-lookeen-blocks-responsive-spacer\"><\/div>\n\n\n\n<div class=\"wp-block-group has-global-padding is-layout-constrained wp-block-group-is-layout-constrained\">\n<h3 class=\"wp-block-heading display-h2\">Conectar Seamless.AI y Zenkit<\/h3>\n\n\n\n<ol class=\"wp-block-list list__style__position-inside\">\n<li><a href=\"https:\/\/zapier.com\/sign-up\/\" target=\"_blank\" rel=\"noreferrer noopener\">Reg\u00edstrese\u00a0<\/a>para obtener una cuenta Zapier y acceder a Zapier.<\/li>\n\n\n\n<li><a href=\"https:\/\/login.seamless.ai\/register\">Cree una cuenta<\/a>\u00a0con Seamless.AI.<\/li>\n\n\n\n<li>Inicie sesi\u00f3n en Zapier y vaya a\u00a0<a href=\"https:\/\/zapier.com\/apps\/seamless-ai\/integrations\/zenkit\" target=\"_blank\" rel=\"noreferrer noopener\">Zenkit + Seamless.AI Zapbook\u00a0<\/a>para encontrar plantillas Zap.<\/li>\n\n\n\n<li>O elija crear su propia integraci\u00f3n de Zenkit y Seamless.AI seleccion\u00e1ndolos cuando cree un zap.<\/li>\n<\/ol>\n<\/div>\n\n\n\n<div style=\"height:48px;--tablet-height:36px;--mobile-height:24px\" class=\"wp-block-lookeen-blocks-responsive-spacer\"><\/div>\n\n\n\n<div class=\"wp-block-group has-global-padding is-layout-constrained wp-block-group-is-layout-constrained\">\n<h3 class=\"wp-block-heading display-h2\">\u00bfQui\u00e9n se beneficiar\u00e1 de esta integraci\u00f3n de Seamless.AI y Zenkit?<\/h3>\n\n\n\n<ul class=\"wp-block-list is-style-da-left-indent\">\n<li><strong>Equipos de ventas que buscan mejorar la generaci\u00f3n y gesti\u00f3n de leads:<\/strong>\u00a0Mediante la integraci\u00f3n de Seamless.AI con Zenkit, los equipos de ventas pueden capturar y organizar autom\u00e1ticamente los clientes potenciales de diversas fuentes, lo que garantiza un flujo de trabajo optimizado desde la adquisici\u00f3n de clientes potenciales hasta el seguimiento, aumentando en \u00faltima instancia su eficiencia y las tasas de conversi\u00f3n.<\/li>\n\n\n\n<li><strong>Gestores de proyectos que desean mejorar la colaboraci\u00f3n y el seguimiento de tareas:<\/strong>\u00a0Los gestores de proyectos pueden beneficiarse de la integraci\u00f3n al disponer de una plataforma unificada en la que pueden realizar un seguimiento del progreso del proyecto y de la comunicaci\u00f3n del equipo, lo que permite una mejor coordinaci\u00f3n y la finalizaci\u00f3n puntual de las tareas, mejorando as\u00ed la gesti\u00f3n y los resultados generales del proyecto.<\/li>\n<\/ul>\n<\/div>\n\n\n\n<div style=\"height:48px;--tablet-height:36px;--mobile-height:24px\" class=\"wp-block-lookeen-blocks-responsive-spacer\"><\/div>\n\n\n\n<div class=\"wp-block-group has-global-padding is-layout-constrained wp-block-group-is-layout-constrained\">\n<h3 class=\"wp-block-heading display-h2\">Detalles adicionales de la integraci\u00f3n<\/h3>\n\n\n\n<ul class=\"wp-block-list is-style-da-left-indent\">\n<li>Compatible con Zapier: P\u00f3ngase en contacto con el\u00a0<a href=\"https:\/\/zapier.com\/app\/get-help\">soporte de Zapier<\/a>\u00a0si experimenta alg\u00fan problema.<\/li>\n\n\n\n<li>Para obtener m\u00e1s informaci\u00f3n sobre c\u00f3mo utilizar Zenkit con Zapier, por favor lea nuestra\u00a0<a href=\"https:\/\/help.zenkit.com\/en\/support\/solutions\/articles\/43000590360-integrating-other-apps-into-zenkit-using-zapier\">documentaci\u00f3n<\/a>.<\/li>\n<\/ul>\n<\/div>\n<\/div>\n<\/div>\n<\/div>\n\n\n\n<div style=\"height:110px;--tablet-height:60px;--mobile-height:48px\" class=\"wp-block-lookeen-blocks-responsive-spacer\"><\/div>\n","protected":false},"excerpt":{"rendered":"<p>Marketing-Automatisierungs Integrationen Seamless.AI y Zenkit La integraci\u00f3n de Seamless.AI con Zenkit ofrece una potente soluci\u00f3n que le permite agilizar los flujos de trabajo, mejorar la productividad y mantener una base de datos bien organizada. Combinando las capacidades avanzadas de datos de Seamless.AI con las vers\u00e1tiles funciones de gesti\u00f3n de proyectos y colaboraci\u00f3n de Zenkit, puede [&hellip;]<\/p>\n","protected":false},"author":9,"featured_media":0,"parent":127380,"menu_order":21,"comment_status":"closed","ping_status":"closed","template":"","meta":{"yasr_overall_rating":0,"yasr_post_is_review":"","yasr_auto_insert_disabled":"","yasr_review_type":"","footnotes":""},"class_list":["post-129844","page","type-page","status-publish","hentry"],"yoast_head":"<!-- This site is optimized with the Yoast SEO plugin v27.4 - https:\/\/yoast.com\/product\/yoast-seo-wordpress\/ -->\n<title>Seamless.AI | Zenkit<\/title>\n<meta name=\"robots\" content=\"index, follow, max-snippet:-1, max-image-preview:large, max-video-preview:-1\" \/>\n<link rel=\"canonical\" href=\"https:\/\/zenkit.com\/es\/integraciones\/seamless-ai\/\" \/>\n<meta property=\"og:locale\" content=\"es_ES\" \/>\n<meta property=\"og:type\" content=\"article\" \/>\n<meta property=\"og:title\" content=\"Seamless.AI | Zenkit\" \/>\n<meta property=\"og:description\" content=\"Marketing-Automatisierungs Integrationen Seamless.AI y Zenkit La integraci\u00f3n de Seamless.AI con Zenkit ofrece una potente soluci\u00f3n que le permite agilizar los flujos de trabajo, mejorar la productividad y mantener una base de datos bien organizada. Combinando las capacidades avanzadas de datos de Seamless.AI con las vers\u00e1tiles funciones de gesti\u00f3n de proyectos y colaboraci\u00f3n de Zenkit, puede [&hellip;]\" \/>\n<meta property=\"og:url\" content=\"https:\/\/zenkit.com\/es\/integraciones\/seamless-ai\/\" \/>\n<meta property=\"og:site_name\" content=\"Zenkit\" \/>\n<meta property=\"article:publisher\" content=\"https:\/\/www.facebook.com\/ZenkitHQ\" \/>\n<meta property=\"article:modified_time\" content=\"2025-11-04T05:53:17+00:00\" \/>\n<meta property=\"og:image\" content=\"https:\/\/zenkit.com\/wp-content\/uploads\/2023\/01\/openai-1024x569.jpeg\" \/>\n<meta name=\"twitter:card\" content=\"summary_large_image\" \/>\n<meta name=\"twitter:site\" content=\"@ZenkitHQ\" \/>\n<meta name=\"twitter:label1\" content=\"Tiempo de lectura\" \/>\n\t<meta name=\"twitter:data1\" content=\"3 minutos\" \/>\n<script type=\"application\/ld+json\" class=\"yoast-schema-graph\">{\"@context\":\"https:\\\/\\\/schema.org\",\"@graph\":[{\"@type\":\"WebPage\",\"@id\":\"https:\\\/\\\/zenkit.com\\\/es\\\/integraciones\\\/seamless-ai\\\/\",\"url\":\"https:\\\/\\\/zenkit.com\\\/es\\\/integraciones\\\/seamless-ai\\\/\",\"name\":\"Seamless.AI | Zenkit\",\"isPartOf\":{\"@id\":\"https:\\\/\\\/zenkit.com\\\/es\\\/#website\"},\"primaryImageOfPage\":{\"@id\":\"https:\\\/\\\/zenkit.com\\\/es\\\/integraciones\\\/seamless-ai\\\/#primaryimage\"},\"image\":{\"@id\":\"https:\\\/\\\/zenkit.com\\\/es\\\/integraciones\\\/seamless-ai\\\/#primaryimage\"},\"thumbnailUrl\":\"https:\\\/\\\/zenkit.com\\\/wp-content\\\/uploads\\\/2025\\\/07\\\/Seamless-AI-LOGO-1.webp\",\"datePublished\":\"2025-08-27T22:10:47+00:00\",\"dateModified\":\"2025-11-04T05:53:17+00:00\",\"breadcrumb\":{\"@id\":\"https:\\\/\\\/zenkit.com\\\/es\\\/integraciones\\\/seamless-ai\\\/#breadcrumb\"},\"inLanguage\":\"es\",\"potentialAction\":[{\"@type\":\"ReadAction\",\"target\":[\"https:\\\/\\\/zenkit.com\\\/es\\\/integraciones\\\/seamless-ai\\\/\"]}]},{\"@type\":\"ImageObject\",\"inLanguage\":\"es\",\"@id\":\"https:\\\/\\\/zenkit.com\\\/es\\\/integraciones\\\/seamless-ai\\\/#primaryimage\",\"url\":\"https:\\\/\\\/zenkit.com\\\/wp-content\\\/uploads\\\/2025\\\/07\\\/Seamless-AI-LOGO-1.webp\",\"contentUrl\":\"https:\\\/\\\/zenkit.com\\\/wp-content\\\/uploads\\\/2025\\\/07\\\/Seamless-AI-LOGO-1.webp\"},{\"@type\":\"BreadcrumbList\",\"@id\":\"https:\\\/\\\/zenkit.com\\\/es\\\/integraciones\\\/seamless-ai\\\/#breadcrumb\",\"itemListElement\":[{\"@type\":\"ListItem\",\"position\":1,\"name\":\"Home\",\"item\":\"https:\\\/\\\/zenkit.com\\\/es\\\/\"},{\"@type\":\"ListItem\",\"position\":2,\"name\":\"Integraciones\",\"item\":\"https:\\\/\\\/zenkit.com\\\/es\\\/integraciones\\\/\"},{\"@type\":\"ListItem\",\"position\":3,\"name\":\"Seamless.AI\"}]},{\"@type\":\"WebSite\",\"@id\":\"https:\\\/\\\/zenkit.com\\\/es\\\/#website\",\"url\":\"https:\\\/\\\/zenkit.com\\\/es\\\/\",\"name\":\"Zenkit\",\"description\":\"Zenkit Tagline\",\"potentialAction\":[{\"@type\":\"SearchAction\",\"target\":{\"@type\":\"EntryPoint\",\"urlTemplate\":\"https:\\\/\\\/zenkit.com\\\/es\\\/?s={search_term_string}\"},\"query-input\":{\"@type\":\"PropertyValueSpecification\",\"valueRequired\":true,\"valueName\":\"search_term_string\"}}],\"inLanguage\":\"es\"},false]}<\/script>\n<!-- \/ Yoast SEO plugin. -->","yoast_head_json":{"title":"Seamless.AI | Zenkit","robots":{"index":"index","follow":"follow","max-snippet":"max-snippet:-1","max-image-preview":"max-image-preview:large","max-video-preview":"max-video-preview:-1"},"canonical":"https:\/\/zenkit.com\/es\/integraciones\/seamless-ai\/","og_locale":"es_ES","og_type":"article","og_title":"Seamless.AI | Zenkit","og_description":"Marketing-Automatisierungs Integrationen Seamless.AI y Zenkit La integraci\u00f3n de Seamless.AI con Zenkit ofrece una potente soluci\u00f3n que le permite agilizar los flujos de trabajo, mejorar la productividad y mantener una base de datos bien organizada. Combinando las capacidades avanzadas de datos de Seamless.AI con las vers\u00e1tiles funciones de gesti\u00f3n de proyectos y colaboraci\u00f3n de Zenkit, puede [&hellip;]","og_url":"https:\/\/zenkit.com\/es\/integraciones\/seamless-ai\/","og_site_name":"Zenkit","article_publisher":"https:\/\/www.facebook.com\/ZenkitHQ","article_modified_time":"2025-11-04T05:53:17+00:00","og_image":[{"url":"https:\/\/zenkit.com\/wp-content\/uploads\/2023\/01\/openai-1024x569.jpeg","type":"","width":"","height":""}],"twitter_card":"summary_large_image","twitter_site":"@ZenkitHQ","twitter_misc":{"Tiempo de lectura":"3 minutos"},"schema":{"@context":"https:\/\/schema.org","@graph":[{"@type":"WebPage","@id":"https:\/\/zenkit.com\/es\/integraciones\/seamless-ai\/","url":"https:\/\/zenkit.com\/es\/integraciones\/seamless-ai\/","name":"Seamless.AI | Zenkit","isPartOf":{"@id":"https:\/\/zenkit.com\/es\/#website"},"primaryImageOfPage":{"@id":"https:\/\/zenkit.com\/es\/integraciones\/seamless-ai\/#primaryimage"},"image":{"@id":"https:\/\/zenkit.com\/es\/integraciones\/seamless-ai\/#primaryimage"},"thumbnailUrl":"https:\/\/zenkit.com\/wp-content\/uploads\/2025\/07\/Seamless-AI-LOGO-1.webp","datePublished":"2025-08-27T22:10:47+00:00","dateModified":"2025-11-04T05:53:17+00:00","breadcrumb":{"@id":"https:\/\/zenkit.com\/es\/integraciones\/seamless-ai\/#breadcrumb"},"inLanguage":"es","potentialAction":[{"@type":"ReadAction","target":["https:\/\/zenkit.com\/es\/integraciones\/seamless-ai\/"]}]},{"@type":"ImageObject","inLanguage":"es","@id":"https:\/\/zenkit.com\/es\/integraciones\/seamless-ai\/#primaryimage","url":"https:\/\/zenkit.com\/wp-content\/uploads\/2025\/07\/Seamless-AI-LOGO-1.webp","contentUrl":"https:\/\/zenkit.com\/wp-content\/uploads\/2025\/07\/Seamless-AI-LOGO-1.webp"},{"@type":"BreadcrumbList","@id":"https:\/\/zenkit.com\/es\/integraciones\/seamless-ai\/#breadcrumb","itemListElement":[{"@type":"ListItem","position":1,"name":"Home","item":"https:\/\/zenkit.com\/es\/"},{"@type":"ListItem","position":2,"name":"Integraciones","item":"https:\/\/zenkit.com\/es\/integraciones\/"},{"@type":"ListItem","position":3,"name":"Seamless.AI"}]},{"@type":"WebSite","@id":"https:\/\/zenkit.com\/es\/#website","url":"https:\/\/zenkit.com\/es\/","name":"Zenkit","description":"Zenkit Tagline","potentialAction":[{"@type":"SearchAction","target":{"@type":"EntryPoint","urlTemplate":"https:\/\/zenkit.com\/es\/?s={search_term_string}"},"query-input":{"@type":"PropertyValueSpecification","valueRequired":true,"valueName":"search_term_string"}}],"inLanguage":"es"},false]}},"yasr_visitor_votes":{"stars_attributes":{"read_only":false,"span_bottom":false},"number_of_votes":0,"sum_votes":0},"_links":{"self":[{"href":"https:\/\/zenkit.com\/es\/wp-json\/wp\/v2\/pages\/129844","targetHints":{"allow":["GET"]}}],"collection":[{"href":"https:\/\/zenkit.com\/es\/wp-json\/wp\/v2\/pages"}],"about":[{"href":"https:\/\/zenkit.com\/es\/wp-json\/wp\/v2\/types\/page"}],"author":[{"embeddable":true,"href":"https:\/\/zenkit.com\/es\/wp-json\/wp\/v2\/users\/9"}],"replies":[{"embeddable":true,"href":"https:\/\/zenkit.com\/es\/wp-json\/wp\/v2\/comments?post=129844"}],"version-history":[{"count":2,"href":"https:\/\/zenkit.com\/es\/wp-json\/wp\/v2\/pages\/129844\/revisions"}],"predecessor-version":[{"id":129847,"href":"https:\/\/zenkit.com\/es\/wp-json\/wp\/v2\/pages\/129844\/revisions\/129847"}],"up":[{"embeddable":true,"href":"https:\/\/zenkit.com\/es\/wp-json\/wp\/v2\/pages\/127380"}],"wp:attachment":[{"href":"https:\/\/zenkit.com\/es\/wp-json\/wp\/v2\/media?parent=129844"}],"curies":[{"name":"wp","href":"https:\/\/api.w.org\/{rel}","templated":true}]}}