{"id":129882,"date":"2025-08-28T06:39:53","date_gmt":"2025-08-28T04:39:53","guid":{"rendered":"https:\/\/zenkit.com\/?page_id=129882"},"modified":"2025-11-04T06:53:17","modified_gmt":"2025-11-04T05:53:17","slug":"everhour","status":"publish","type":"page","link":"https:\/\/zenkit.com\/es\/integraciones\/everhour\/","title":{"rendered":"Everhour"},"content":{"rendered":"\n<div style=\"height:45px;--tablet-height:45px;--mobile-height:16px\" class=\"wp-block-lookeen-blocks-responsive-spacer\"><\/div>\n\n\n\n<div class=\"wp-block-group has-global-padding is-layout-constrained wp-block-group-is-layout-constrained\">\n<div class=\"wp-block-columns is-layout-flex wp-container-core-columns-is-layout-467d341d wp-block-columns-is-layout-flex\" id=\"main__integrations\" style=\"margin-top:0px;margin-bottom:0px\">\n<div class=\"wp-block-column side__bar__integrations is-layout-flow wp-block-column-is-layout-flow\" style=\"flex-basis:23%\">\n<h2 class=\"wp-block-heading has-da-blue-color-new has-text-color has-link-color wp-elements-b9ff16b4f47aa8ec9167f96087390375\" style=\"margin-top:0px;margin-bottom:0px;font-size:16px;line-height:1.5\">Time Tracking Integrations<\/h2>\n\n\n<nav class=\"is-vertical integrations__menu wp-block-navigation is-layout-flex wp-container-core-navigation-is-layout-5f9f5280 wp-block-navigation-is-layout-flex\" aria-label=\"es-integrations-timetracking\"><ul class=\"wp-block-navigation__container  is-vertical integrations__menu wp-block-navigation\"><li class=\" wp-block-navigation-item wp-block-navigation-link\"><a class=\"wp-block-navigation-item__content\"  href=\"https:\/\/zenkit.com\/es\/integraciones\/clicktime\/\"><span class=\"wp-block-navigation-item__label\">ClickTime<\/span><\/a><\/li><li class=\" wp-block-navigation-item wp-block-navigation-link\"><a class=\"wp-block-navigation-item__content\"  href=\"https:\/\/zenkit.com\/es\/integraciones\/everhour\/\"><span class=\"wp-block-navigation-item__label\">Everhour<\/span><\/a><\/li><\/ul><\/nav><\/div>\n\n\n\n<div class=\"wp-block-column content__integrations is-layout-flow wp-block-column-is-layout-flow\" style=\"flex-basis:77%\">\n<div class=\"wp-block-group has-global-padding is-layout-constrained wp-block-group-is-layout-constrained\">\n<div class=\"wp-block-group title is-layout-flex wp-container-core-group-is-layout-ed4b00df wp-block-group-is-layout-flex\">\n<figure class=\"wp-block-image size-full is-resized\"><img loading=\"lazy\" decoding=\"async\" width=\"256\" height=\"256\" src=\"https:\/\/zenkit.com\/wp-content\/uploads\/2025\/07\/everhour-logo-256.webp\" alt=\"\" class=\"wp-image-118464\" style=\"width:auto;height:46px\" srcset=\"https:\/\/zenkit.com\/wp-content\/uploads\/2025\/07\/everhour-logo-256.webp 256w, https:\/\/zenkit.com\/wp-content\/uploads\/2025\/07\/everhour-logo-256-150x150.webp 150w\" sizes=\"auto, (max-width: 256px) 100vw, 256px\" \/><\/figure>\n\n\n\n<h1 class=\"wp-block-heading\">Everhour y Zenkit<\/h1>\n<\/div>\n\n\n\n<div class=\"wp-block-group has-global-padding is-layout-constrained wp-block-group-is-layout-constrained\">\n<h3 class=\"wp-block-heading display-h2\">Conecta tus cuentas de Zenkit y Everhour<\/h3>\n\n\n\n<p>Al conectarte con Everhour, puedes hacer un seguimiento del tiempo de tus tareas directamente desde Zenkit y luego generar informes detallados para ver cu\u00e1nto tiempo dedicas a lo largo de todo el proyecto.<\/p>\n<\/div>\n\n\n\n<div style=\"height:48px;--tablet-height:36px;--mobile-height:24px\" class=\"wp-block-lookeen-blocks-responsive-spacer\"><\/div>\n<\/div>\n\n\n\n<div class=\"wp-block-group has-global-padding is-layout-constrained wp-block-group-is-layout-constrained\">\n<figure class=\"wp-block-image size-full\"><img loading=\"lazy\" decoding=\"async\" width=\"972\" height=\"628\" src=\"https:\/\/zenkit.com\/wp-content\/uploads\/2025\/07\/Everhour-integration.webp\" alt=\"\" class=\"wp-image-118475\" srcset=\"https:\/\/zenkit.com\/wp-content\/uploads\/2025\/07\/Everhour-integration.webp 972w, https:\/\/zenkit.com\/wp-content\/uploads\/2025\/07\/Everhour-integration-300x194.webp 300w, https:\/\/zenkit.com\/wp-content\/uploads\/2025\/07\/Everhour-integration-768x496.webp 768w\" sizes=\"auto, (max-width: 972px) 100vw, 972px\" \/><\/figure>\n<\/div>\n\n\n\n<div style=\"height:48px;--tablet-height:36px;--mobile-height:24px\" class=\"wp-block-lookeen-blocks-responsive-spacer\"><\/div>\n\n\n\n<div class=\"wp-block-group has-global-padding is-layout-constrained wp-block-group-is-layout-constrained\">\n<h3 class=\"wp-block-heading display-h2\">Acerca de Everhour: Software de Control Horario<\/h3>\n\n\n\n<p>Everhour es un software de control de tiempo intuitivo y f\u00e1cil de usar. Realiza un seguimiento del tiempo, establece estimaciones, convierte las horas registradas en facturas, gestiona las n\u00f3minas y analiza el rendimiento del equipo con informes personalizables. Everhour se integra de forma nativa con las herramientas m\u00e1s populares de gesti\u00f3n de proyectos como Zenkit, Asana, Trello y muchos m\u00e1s. \u00a1No m\u00e1s cambio de pesta\u00f1a!<\/p>\n<\/div>\n\n\n\n<div style=\"height:48px;--tablet-height:36px;--mobile-height:24px\" class=\"wp-block-lookeen-blocks-responsive-spacer\"><\/div>\n\n\n\n<div class=\"wp-block-group has-global-padding is-layout-constrained wp-block-group-is-layout-constrained\">\n<h3 class=\"wp-block-heading display-h2\">Acerca de Zenkit: Gesti\u00f3n de proyectos en l\u00ednea<\/h3>\n\n\n\n<p><a href=\"https:\/\/zenkit.com\/\">Zenkit<\/a>&nbsp;es una soluci\u00f3n de gesti\u00f3n multiproyecto para proyectos \u00e1giles y cl\u00e1sicos. Ofrece funciones de colaboraci\u00f3n en tiempo real, vistas inteligentes, informes y planificaci\u00f3n de recursos que permiten un progreso real a su equipo. Con un solo clic, puedes cambiar tus proyectos a diferentes vistas, incluyendo Kanban, Diagrama de Gantt, Tabla, Mapa Mental, Jerarqu\u00eda, Lista y Calendario. Puede acceder a Zenkit en casi cualquier plataforma: aplicaciones web, Windows, Linux, MacOS, as\u00ed como versiones m\u00f3viles en dispositivos Android e iOS.<\/p>\n\n\n\n<p>Para m\u00e1s informaci\u00f3n, visite&nbsp;<a href=\"https:\/\/zenkit.com\/es\/projects\/\">https:\/\/zenkit.com\/<\/a>.<\/p>\n<\/div>\n\n\n\n<div style=\"height:48px;--tablet-height:36px;--mobile-height:24px\" class=\"wp-block-lookeen-blocks-responsive-spacer\"><\/div>\n\n\n\n<div class=\"wp-block-group has-global-padding is-layout-constrained wp-block-group-is-layout-constrained\">\n<h3 class=\"wp-block-heading display-h2\">\u00bfC\u00f3mo conectar Everhour y Zenkit?<\/h3>\n\n\n\n<ol class=\"wp-block-list list__style__position-inside\">\n<li><a href=\"https:\/\/everhour.com\/signup\">Reg\u00edstrese para obtener una cuenta\u00a0<\/a>Everhour.<\/li>\n\n\n\n<li>Instala la extensi\u00f3n de Everhour para\u00a0<a href=\"https:\/\/support.everhour.com\/article\/441-how-to-install-everhour-extension-in-chrome\">Chrome<\/a>,\u00a0<a href=\"https:\/\/support.everhour.com\/article\/442-how-to-install-everhour-extension-in-firefox\">Firefox<\/a>,\u00a0<a href=\"https:\/\/support.everhour.com\/article\/177-browser-extension-safari\">Safari<\/a>,\u00a0<a href=\"https:\/\/support.everhour.com\/article\/303-how-to-install-everhour-browser-extensions-on-opera\">Opera<\/a>\u00a0y\u00a0<a href=\"https:\/\/support.everhour.com\/article\/302-how-to-install-everhour-browser-extensions-on-microsoft-edge\">Edge<\/a>.<\/li>\n\n\n\n<li>Abra la extensi\u00f3n Everhour y haga clic en el icono del avatar para acceder a la p\u00e1gina de Integraciones. Busca Zenkit y habil\u00edtalo.<\/li>\n\n\n\n<li>Inicie y detenga el temporizador, o a\u00f1ada manualmente el tiempo para hoy o la fecha pasada en todas las tareas de Zenkit.<\/li>\n\n\n\n<li>Ejecute su informe de tiempo en\u00a0<a href=\"http:\/\/app.everhour.com\/\">Everhour<\/a>\u00a0m\u00e1s tarde.<\/li>\n<\/ol>\n\n\n\n<p>M\u00e1s informaci\u00f3n aqu\u00ed:\u00a0<a href=\"https:\/\/everhour.com\/integrations\/zenkit-time-tracking\">https:\/\/everhour.com\/integrations\/zenkit-time-tracking<\/a>.<\/p>\n<\/div>\n\n\n\n<div style=\"height:48px;--tablet-height:36px;--mobile-height:24px\" class=\"wp-block-lookeen-blocks-responsive-spacer\"><\/div>\n\n\n\n<div class=\"wp-block-group has-global-padding is-layout-constrained wp-block-group-is-layout-constrained\">\n<h3 class=\"wp-block-heading display-h2\">\u00bfQui\u00e9n se beneficiar\u00e1 de esta integraci\u00f3n de Everhour y Zenkit?<\/h3>\n\n\n\n<ul class=\"wp-block-list is-style-da-left-indent\">\n<li>Gestores de proyectos que quieran controlar f\u00e1cilmente el tiempo dedicado a cada tarea.<\/li>\n\n\n\n<li>Las personas que quieren evitar cambiar constantemente entre dos aplicaciones sobre una base diaria.<\/li>\n<\/ul>\n<\/div>\n\n\n\n<div style=\"height:48px;--tablet-height:36px;--mobile-height:24px\" class=\"wp-block-lookeen-blocks-responsive-spacer\"><\/div>\n\n\n\n<div class=\"wp-block-group has-global-padding is-layout-constrained wp-block-group-is-layout-constrained\">\n<h3 class=\"wp-block-heading display-h2\">Detalles adicionales de la integraci\u00f3n<\/h3>\n\n\n\n<ul class=\"wp-block-list is-style-da-left-indent\">\n<li>Soportado por Everhour: Por favor, p\u00f3ngase en contacto con\u00a0<a href=\"mailto:ask@everhour.com\">Everhour<\/a>\u00a0si experimenta alg\u00fan problema.<\/li>\n<\/ul>\n<\/div>\n<\/div>\n<\/div>\n<\/div>\n\n\n\n<div style=\"height:110px;--tablet-height:60px;--mobile-height:48px\" class=\"wp-block-lookeen-blocks-responsive-spacer\"><\/div>\n","protected":false},"excerpt":{"rendered":"<p>Time Tracking Integrations Everhour y Zenkit Conecta tus cuentas de Zenkit y Everhour Al conectarte con Everhour, puedes hacer un seguimiento del tiempo de tus tareas directamente desde Zenkit y luego generar informes detallados para ver cu\u00e1nto tiempo dedicas a lo largo de todo el proyecto. Acerca de Everhour: Software de Control Horario Everhour es [&hellip;]<\/p>\n","protected":false},"author":9,"featured_media":0,"parent":127380,"menu_order":22,"comment_status":"closed","ping_status":"closed","template":"","meta":{"yasr_overall_rating":0,"yasr_post_is_review":"","yasr_auto_insert_disabled":"","yasr_review_type":"","footnotes":""},"class_list":["post-129882","page","type-page","status-publish","hentry"],"yoast_head":"<!-- This site is optimized with the Yoast SEO plugin v27.4 - https:\/\/yoast.com\/product\/yoast-seo-wordpress\/ -->\n<title>Everhour | Zenkit<\/title>\n<meta name=\"robots\" content=\"index, follow, max-snippet:-1, max-image-preview:large, max-video-preview:-1\" \/>\n<link rel=\"canonical\" href=\"https:\/\/zenkit.com\/es\/integraciones\/everhour\/\" \/>\n<meta property=\"og:locale\" content=\"es_ES\" \/>\n<meta property=\"og:type\" content=\"article\" \/>\n<meta property=\"og:title\" content=\"Everhour | Zenkit\" \/>\n<meta property=\"og:description\" content=\"Time Tracking Integrations Everhour y Zenkit Conecta tus cuentas de Zenkit y Everhour Al conectarte con Everhour, puedes hacer un seguimiento del tiempo de tus tareas directamente desde Zenkit y luego generar informes detallados para ver cu\u00e1nto tiempo dedicas a lo largo de todo el proyecto. Acerca de Everhour: Software de Control Horario Everhour es [&hellip;]\" \/>\n<meta property=\"og:url\" content=\"https:\/\/zenkit.com\/es\/integraciones\/everhour\/\" \/>\n<meta property=\"og:site_name\" content=\"Zenkit\" \/>\n<meta property=\"article:publisher\" content=\"https:\/\/www.facebook.com\/ZenkitHQ\" \/>\n<meta property=\"article:modified_time\" content=\"2025-11-04T05:53:17+00:00\" \/>\n<meta property=\"og:image\" content=\"https:\/\/zenkit.com\/wp-content\/uploads\/2025\/07\/everhour-logo-256.webp\" \/>\n<meta name=\"twitter:card\" content=\"summary_large_image\" \/>\n<meta name=\"twitter:site\" content=\"@ZenkitHQ\" \/>\n<meta name=\"twitter:label1\" content=\"Tiempo de lectura\" \/>\n\t<meta name=\"twitter:data1\" content=\"2 minutos\" \/>\n<script type=\"application\/ld+json\" class=\"yoast-schema-graph\">{\"@context\":\"https:\\\/\\\/schema.org\",\"@graph\":[{\"@type\":\"WebPage\",\"@id\":\"https:\\\/\\\/zenkit.com\\\/es\\\/integraciones\\\/everhour\\\/\",\"url\":\"https:\\\/\\\/zenkit.com\\\/es\\\/integraciones\\\/everhour\\\/\",\"name\":\"Everhour | Zenkit\",\"isPartOf\":{\"@id\":\"https:\\\/\\\/zenkit.com\\\/es\\\/#website\"},\"primaryImageOfPage\":{\"@id\":\"https:\\\/\\\/zenkit.com\\\/es\\\/integraciones\\\/everhour\\\/#primaryimage\"},\"image\":{\"@id\":\"https:\\\/\\\/zenkit.com\\\/es\\\/integraciones\\\/everhour\\\/#primaryimage\"},\"thumbnailUrl\":\"https:\\\/\\\/zenkit.com\\\/wp-content\\\/uploads\\\/2025\\\/07\\\/everhour-logo-256.webp\",\"datePublished\":\"2025-08-28T04:39:53+00:00\",\"dateModified\":\"2025-11-04T05:53:17+00:00\",\"breadcrumb\":{\"@id\":\"https:\\\/\\\/zenkit.com\\\/es\\\/integraciones\\\/everhour\\\/#breadcrumb\"},\"inLanguage\":\"es\",\"potentialAction\":[{\"@type\":\"ReadAction\",\"target\":[\"https:\\\/\\\/zenkit.com\\\/es\\\/integraciones\\\/everhour\\\/\"]}]},{\"@type\":\"ImageObject\",\"inLanguage\":\"es\",\"@id\":\"https:\\\/\\\/zenkit.com\\\/es\\\/integraciones\\\/everhour\\\/#primaryimage\",\"url\":\"https:\\\/\\\/zenkit.com\\\/wp-content\\\/uploads\\\/2025\\\/07\\\/everhour-logo-256.webp\",\"contentUrl\":\"https:\\\/\\\/zenkit.com\\\/wp-content\\\/uploads\\\/2025\\\/07\\\/everhour-logo-256.webp\"},{\"@type\":\"BreadcrumbList\",\"@id\":\"https:\\\/\\\/zenkit.com\\\/es\\\/integraciones\\\/everhour\\\/#breadcrumb\",\"itemListElement\":[{\"@type\":\"ListItem\",\"position\":1,\"name\":\"Home\",\"item\":\"https:\\\/\\\/zenkit.com\\\/es\\\/\"},{\"@type\":\"ListItem\",\"position\":2,\"name\":\"Integraciones\",\"item\":\"https:\\\/\\\/zenkit.com\\\/es\\\/integraciones\\\/\"},{\"@type\":\"ListItem\",\"position\":3,\"name\":\"Everhour\"}]},{\"@type\":\"WebSite\",\"@id\":\"https:\\\/\\\/zenkit.com\\\/es\\\/#website\",\"url\":\"https:\\\/\\\/zenkit.com\\\/es\\\/\",\"name\":\"Zenkit\",\"description\":\"Zenkit Tagline\",\"potentialAction\":[{\"@type\":\"SearchAction\",\"target\":{\"@type\":\"EntryPoint\",\"urlTemplate\":\"https:\\\/\\\/zenkit.com\\\/es\\\/?s={search_term_string}\"},\"query-input\":{\"@type\":\"PropertyValueSpecification\",\"valueRequired\":true,\"valueName\":\"search_term_string\"}}],\"inLanguage\":\"es\"},false]}<\/script>\n<!-- \/ Yoast SEO plugin. -->","yoast_head_json":{"title":"Everhour | Zenkit","robots":{"index":"index","follow":"follow","max-snippet":"max-snippet:-1","max-image-preview":"max-image-preview:large","max-video-preview":"max-video-preview:-1"},"canonical":"https:\/\/zenkit.com\/es\/integraciones\/everhour\/","og_locale":"es_ES","og_type":"article","og_title":"Everhour | Zenkit","og_description":"Time Tracking Integrations Everhour y Zenkit Conecta tus cuentas de Zenkit y Everhour Al conectarte con Everhour, puedes hacer un seguimiento del tiempo de tus tareas directamente desde Zenkit y luego generar informes detallados para ver cu\u00e1nto tiempo dedicas a lo largo de todo el proyecto. Acerca de Everhour: Software de Control Horario Everhour es [&hellip;]","og_url":"https:\/\/zenkit.com\/es\/integraciones\/everhour\/","og_site_name":"Zenkit","article_publisher":"https:\/\/www.facebook.com\/ZenkitHQ","article_modified_time":"2025-11-04T05:53:17+00:00","og_image":[{"url":"https:\/\/zenkit.com\/wp-content\/uploads\/2025\/07\/everhour-logo-256.webp","type":"","width":"","height":""}],"twitter_card":"summary_large_image","twitter_site":"@ZenkitHQ","twitter_misc":{"Tiempo de lectura":"2 minutos"},"schema":{"@context":"https:\/\/schema.org","@graph":[{"@type":"WebPage","@id":"https:\/\/zenkit.com\/es\/integraciones\/everhour\/","url":"https:\/\/zenkit.com\/es\/integraciones\/everhour\/","name":"Everhour | Zenkit","isPartOf":{"@id":"https:\/\/zenkit.com\/es\/#website"},"primaryImageOfPage":{"@id":"https:\/\/zenkit.com\/es\/integraciones\/everhour\/#primaryimage"},"image":{"@id":"https:\/\/zenkit.com\/es\/integraciones\/everhour\/#primaryimage"},"thumbnailUrl":"https:\/\/zenkit.com\/wp-content\/uploads\/2025\/07\/everhour-logo-256.webp","datePublished":"2025-08-28T04:39:53+00:00","dateModified":"2025-11-04T05:53:17+00:00","breadcrumb":{"@id":"https:\/\/zenkit.com\/es\/integraciones\/everhour\/#breadcrumb"},"inLanguage":"es","potentialAction":[{"@type":"ReadAction","target":["https:\/\/zenkit.com\/es\/integraciones\/everhour\/"]}]},{"@type":"ImageObject","inLanguage":"es","@id":"https:\/\/zenkit.com\/es\/integraciones\/everhour\/#primaryimage","url":"https:\/\/zenkit.com\/wp-content\/uploads\/2025\/07\/everhour-logo-256.webp","contentUrl":"https:\/\/zenkit.com\/wp-content\/uploads\/2025\/07\/everhour-logo-256.webp"},{"@type":"BreadcrumbList","@id":"https:\/\/zenkit.com\/es\/integraciones\/everhour\/#breadcrumb","itemListElement":[{"@type":"ListItem","position":1,"name":"Home","item":"https:\/\/zenkit.com\/es\/"},{"@type":"ListItem","position":2,"name":"Integraciones","item":"https:\/\/zenkit.com\/es\/integraciones\/"},{"@type":"ListItem","position":3,"name":"Everhour"}]},{"@type":"WebSite","@id":"https:\/\/zenkit.com\/es\/#website","url":"https:\/\/zenkit.com\/es\/","name":"Zenkit","description":"Zenkit Tagline","potentialAction":[{"@type":"SearchAction","target":{"@type":"EntryPoint","urlTemplate":"https:\/\/zenkit.com\/es\/?s={search_term_string}"},"query-input":{"@type":"PropertyValueSpecification","valueRequired":true,"valueName":"search_term_string"}}],"inLanguage":"es"},false]}},"yasr_visitor_votes":{"stars_attributes":{"read_only":false,"span_bottom":false},"number_of_votes":0,"sum_votes":0},"_links":{"self":[{"href":"https:\/\/zenkit.com\/es\/wp-json\/wp\/v2\/pages\/129882","targetHints":{"allow":["GET"]}}],"collection":[{"href":"https:\/\/zenkit.com\/es\/wp-json\/wp\/v2\/pages"}],"about":[{"href":"https:\/\/zenkit.com\/es\/wp-json\/wp\/v2\/types\/page"}],"author":[{"embeddable":true,"href":"https:\/\/zenkit.com\/es\/wp-json\/wp\/v2\/users\/9"}],"replies":[{"embeddable":true,"href":"https:\/\/zenkit.com\/es\/wp-json\/wp\/v2\/comments?post=129882"}],"version-history":[{"count":3,"href":"https:\/\/zenkit.com\/es\/wp-json\/wp\/v2\/pages\/129882\/revisions"}],"predecessor-version":[{"id":129889,"href":"https:\/\/zenkit.com\/es\/wp-json\/wp\/v2\/pages\/129882\/revisions\/129889"}],"up":[{"embeddable":true,"href":"https:\/\/zenkit.com\/es\/wp-json\/wp\/v2\/pages\/127380"}],"wp:attachment":[{"href":"https:\/\/zenkit.com\/es\/wp-json\/wp\/v2\/media?parent=129882"}],"curies":[{"name":"wp","href":"https:\/\/api.w.org\/{rel}","templated":true}]}}