{"id":129890,"date":"2025-08-28T06:45:48","date_gmt":"2025-08-28T04:45:48","guid":{"rendered":"https:\/\/zenkit.com\/?page_id=129890"},"modified":"2025-11-04T06:53:17","modified_gmt":"2025-11-04T05:53:17","slug":"integrately","status":"publish","type":"page","link":"https:\/\/zenkit.com\/es\/integraciones\/integrately\/","title":{"rendered":"+500 via Integrately"},"content":{"rendered":"\n<div style=\"height:45px;--tablet-height:45px;--mobile-height:16px\" class=\"wp-block-lookeen-blocks-responsive-spacer\"><\/div>\n\n\n\n<div class=\"wp-block-group has-global-padding is-layout-constrained wp-block-group-is-layout-constrained\">\n<div class=\"wp-block-columns is-layout-flex wp-container-core-columns-is-layout-467d341d wp-block-columns-is-layout-flex\" id=\"main__integrations\" style=\"margin-top:0px;margin-bottom:0px\">\n<div class=\"wp-block-column side__bar__integrations is-layout-flow wp-block-column-is-layout-flow\" style=\"flex-basis:23%\">\n<h2 class=\"wp-block-heading has-da-blue-color-new has-text-color has-link-color wp-elements-ac46a304571dea7547d79bc5fe7c258a\" style=\"margin-top:0px;margin-bottom:0px;font-size:16px;line-height:1.5\">Other Integrations<\/h2>\n\n\n<nav class=\"is-vertical integrations__menu wp-block-navigation is-layout-flex wp-container-core-navigation-is-layout-5f9f5280 wp-block-navigation-is-layout-flex\" aria-label=\"es-integrations-other\"><ul class=\"wp-block-navigation__container  is-vertical integrations__menu wp-block-navigation\"><li class=\" wp-block-navigation-item wp-block-navigation-link\"><a class=\"wp-block-navigation-item__content\"  href=\"https:\/\/zenkit.com\/es\/integraciones\/deskmoz\/\"><span class=\"wp-block-navigation-item__label\">DeskMoz<\/span><\/a><\/li><li class=\" wp-block-navigation-item wp-block-navigation-link\"><a class=\"wp-block-navigation-item__content\"  href=\"https:\/\/zenkit.com\/es\/integraciones\/magic-minutes\/\"><span class=\"wp-block-navigation-item__label\">Magic Minutes<\/span><\/a><\/li><li class=\" wp-block-navigation-item wp-block-navigation-link\"><a class=\"wp-block-navigation-item__content\"  href=\"https:\/\/zenkit.com\/es\/integraciones\/pdffiller\/\"><span class=\"wp-block-navigation-item__label\">PDFfiller<\/span><\/a><\/li><li class=\" wp-block-navigation-item wp-block-navigation-link\"><a class=\"wp-block-navigation-item__content\"  href=\"https:\/\/zenkit.com\/es\/integraciones\/integrately\/\"><span class=\"wp-block-navigation-item__label\">+500 via Integrately<\/span><\/a><\/li><\/ul><\/nav><\/div>\n\n\n\n<div class=\"wp-block-column content__integrations is-layout-flow wp-block-column-is-layout-flow\" style=\"flex-basis:77%\">\n<div class=\"wp-block-group has-global-padding is-layout-constrained wp-block-group-is-layout-constrained\">\n<div class=\"wp-block-group title is-nowrap is-layout-flex wp-container-core-group-is-layout-2e1435bd wp-block-group-is-layout-flex\">\n<figure class=\"wp-block-image size-full is-resized\"><img loading=\"lazy\" decoding=\"async\" width=\"500\" height=\"500\" src=\"https:\/\/zenkit.com\/wp-content\/uploads\/2025\/07\/integrately-icon.webp\" alt=\"\" class=\"wp-image-117659\" style=\"width:auto;height:46px\" srcset=\"https:\/\/zenkit.com\/wp-content\/uploads\/2025\/07\/integrately-icon.webp 500w, https:\/\/zenkit.com\/wp-content\/uploads\/2025\/07\/integrately-icon-300x300.webp 300w, https:\/\/zenkit.com\/wp-content\/uploads\/2025\/07\/integrately-icon-150x150.webp 150w\" sizes=\"auto, (max-width: 500px) 100vw, 500px\" \/><\/figure>\n\n\n\n<h1 class=\"wp-block-heading\">+500 via Integrately &amp; Zenkit<\/h1>\n<\/div>\n\n\n\n<div class=\"wp-block-group has-global-padding is-layout-constrained wp-block-group-is-layout-constrained\">\n<p>Integrately te ayuda a conectar Zenkit a alrededor de 500 otras aplicaciones.<\/p>\n<\/div>\n<\/div>\n\n\n\n<div style=\"height:48px;--tablet-height:36px;--mobile-height:24px\" class=\"wp-block-lookeen-blocks-responsive-spacer\"><\/div>\n\n\n\n<div class=\"wp-block-group has-global-padding is-layout-constrained wp-block-group-is-layout-constrained\">\n<figure class=\"wp-block-image size-full\"><img loading=\"lazy\" decoding=\"async\" width=\"1024\" height=\"658\" src=\"https:\/\/zenkit.com\/wp-content\/uploads\/2025\/07\/zenkit-explore-1024x658-1.webp\" alt=\"+500 via Integrately &amp; Zenkit\" class=\"wp-image-117671\" srcset=\"https:\/\/zenkit.com\/wp-content\/uploads\/2025\/07\/zenkit-explore-1024x658-1.webp 1024w, https:\/\/zenkit.com\/wp-content\/uploads\/2025\/07\/zenkit-explore-1024x658-1-300x193.webp 300w, https:\/\/zenkit.com\/wp-content\/uploads\/2025\/07\/zenkit-explore-1024x658-1-768x494.webp 768w\" sizes=\"auto, (max-width: 1024px) 100vw, 1024px\" \/><\/figure>\n\n\n\n<div style=\"height:48px;--tablet-height:36px;--mobile-height:24px\" class=\"wp-block-lookeen-blocks-responsive-spacer\"><\/div>\n\n\n\n<p>\u00a1 Encuentra las aplicaciones que usas y amas y conectalas con Zenkit a flujos de trabajo automatizados!\u00a1Haz el trabajo m\u00e1s divertido!<\/p>\n\n\n\n<p>\u00a1Comprueba todas las maneras en que puedes integrar Zenkit con otras aplicaciones&nbsp;<a href=\"https:\/\/integrately.com\/integrations\/zenkit\" target=\"_blank\" rel=\"noreferrer noopener\">aqu\u00ed<\/a>!<\/p>\n<\/div>\n\n\n\n<div style=\"height:48px;--tablet-height:36px;--mobile-height:24px\" class=\"wp-block-lookeen-blocks-responsive-spacer\"><\/div>\n\n\n\n<div class=\"wp-block-group has-global-padding is-layout-constrained wp-block-group-is-layout-constrained\">\n<h3 class=\"wp-block-heading display-h2\">Sobre Integrately: Software de automatizaci\u00f3n en un solo clic<\/h3>\n\n\n\n<p><a href=\"https:\/\/integrately.com\/\">Integrately<\/a>&nbsp;es un software de automatizaci\u00f3n el cual faculta a sus usuarios listo para usar automatizaciones en un solo clic. As\u00ed que es existe un m\u00ednimo esfuerzo en construir las integraciones. Persigue ayudar a gente sin conocimientos t\u00e9cnicos a automatizar sus flujos de trabajo. Integrately tiene una curva de aprendizaje \u201ccero\u201d y el UX es sencillo para el usuario. De forma importante, el hist\u00f3rico de registros es f\u00e1cil porque se muestra como un formulario y no en JSON. Esto hace f\u00e1cil encontrar que sucedi\u00f3 mal cuando ocurre un error.<\/p>\n<\/div>\n\n\n\n<div style=\"height:48px;--tablet-height:36px;--mobile-height:24px\" class=\"wp-block-lookeen-blocks-responsive-spacer\"><\/div>\n\n\n\n<div class=\"wp-block-group has-global-padding is-layout-constrained wp-block-group-is-layout-constrained\">\n<h3 class=\"wp-block-heading display-h2\">Sobre Zenkit: Gesti\u00f3n de proyectos en l\u00ednea<\/h3>\n\n\n\n<p><a href=\"https:\/\/zenkit.com\/es\/projects\/\">Zenkit<\/a>&nbsp;es una soluci\u00f3n de gesti\u00f3n multi-proyecto para cl\u00e1sicos y \u00e1giles proyectos. Ofrece caracter\u00edsticas de colaboraci\u00f3n en tiempo real, vistas inteligentes, avisos y planeamiento de recursos el cual faculta progreso real para tu equipo. Con un solo click tu puedes cambiar tus proyectos en diferentes vistas incluyendo Kanban, gr\u00e1fico Gantt, tabla, mapa de ideas, jerarquico, lista y calendario. Adem\u00e1s tu puedes acceder a Zenkit en casi cu\u00e1lquier plataforma incluyendo web, Windows, Linux y aplicaciones MacOs asi como tambi\u00e9n apps de dispositivos Android e IOs.<\/p>\n\n\n\n<p>Como parte de la Zenkit Suite, Zenkit integra sin problemas con todos los otros producto de la Zenkit Suite. Para m\u00e1s informaci\u00f3n, visita&nbsp;<a href=\"https:\/\/zenkit.com\/es\/projects\/\">&nbsp;https:\/\/zenkit.com\/projects<\/a>.<\/p>\n<\/div>\n\n\n\n<div style=\"height:48px;--tablet-height:36px;--mobile-height:24px\" class=\"wp-block-lookeen-blocks-responsive-spacer\"><\/div>\n\n\n\n<div class=\"wp-block-group has-global-padding is-layout-constrained wp-block-group-is-layout-constrained\">\n<h3 class=\"wp-block-heading display-h2\">\u00bfC\u00f3mo conectar Integrately y Zenkit?<\/h3>\n\n\n\n<ol class=\"wp-block-list list__style__position-inside\">\n<li><a href=\"https:\/\/zapier.com\/sign-up\/\">Registrate&nbsp;<\/a>a trav\u00e9s de una cuenta Integrately.<\/li>\n\n\n\n<li>Accede en Integrately y elige una app que tu quieras conectar a Zenkit.<\/li>\n\n\n\n<li>Sigue las instrucciones para establecer la conexi\u00f3n en 5 minutos.<\/li>\n<\/ol>\n\n\n\n<p>Debajo hay un video corto que te muestra com conectar Zenkit con otras apps a trav\u00e9s de Integrately.<\/p>\n<\/div>\n\n\n\n<div style=\"height:48px;--tablet-height:36px;--mobile-height:24px\" class=\"wp-block-lookeen-blocks-responsive-spacer\"><\/div>\n\n\n\n<div class=\"wp-block-group has-global-padding is-layout-constrained wp-block-group-is-layout-constrained\">\n<figure class=\"wp-block-video\"><video controls src=\"https:\/\/zenkit.com\/wp-content\/uploads\/2021\/11\/Zenkit-Integrately-video.mp4\"><\/video><\/figure>\n<\/div>\n\n\n\n<div style=\"height:48px;--tablet-height:36px;--mobile-height:24px\" class=\"wp-block-lookeen-blocks-responsive-spacer\"><\/div>\n\n\n\n<div class=\"wp-block-group has-global-padding is-layout-constrained wp-block-group-is-layout-constrained\">\n<h3 class=\"wp-block-heading display-h2\">Soporte<\/h3>\n\n\n\n<p>Esta integraci\u00f3n est\u00e1 soportada por Integrately. Si encuentras problemas, por favor, contacta con el soporte de Integrately.<\/p>\n<\/div>\n<\/div>\n<\/div>\n<\/div>\n\n\n\n<div style=\"height:110px;--tablet-height:60px;--mobile-height:48px\" class=\"wp-block-lookeen-blocks-responsive-spacer\"><\/div>\n","protected":false},"excerpt":{"rendered":"<p>Other Integrations +500 via Integrately &amp; Zenkit Integrately te ayuda a conectar Zenkit a alrededor de 500 otras aplicaciones. \u00a1 Encuentra las aplicaciones que usas y amas y conectalas con Zenkit a flujos de trabajo automatizados!\u00a1Haz el trabajo m\u00e1s divertido! \u00a1Comprueba todas las maneras en que puedes integrar Zenkit con otras aplicaciones&nbsp;aqu\u00ed! Sobre Integrately: Software [&hellip;]<\/p>\n","protected":false},"author":9,"featured_media":0,"parent":127380,"menu_order":32,"comment_status":"closed","ping_status":"closed","template":"","meta":{"yasr_overall_rating":0,"yasr_post_is_review":"","yasr_auto_insert_disabled":"","yasr_review_type":"","footnotes":""},"class_list":["post-129890","page","type-page","status-publish","hentry"],"yoast_head":"<!-- This site is optimized with the Yoast SEO plugin v27.4 - https:\/\/yoast.com\/product\/yoast-seo-wordpress\/ -->\n<title>+500 via Integrately | Zenkit<\/title>\n<meta name=\"robots\" content=\"index, follow, max-snippet:-1, max-image-preview:large, max-video-preview:-1\" \/>\n<link rel=\"canonical\" href=\"https:\/\/zenkit.com\/es\/integraciones\/integrately\/\" \/>\n<meta property=\"og:locale\" content=\"es_ES\" \/>\n<meta property=\"og:type\" content=\"article\" \/>\n<meta property=\"og:title\" content=\"+500 via Integrately | Zenkit\" \/>\n<meta property=\"og:description\" content=\"Other Integrations +500 via Integrately &amp; Zenkit Integrately te ayuda a conectar Zenkit a alrededor de 500 otras aplicaciones. \u00a1 Encuentra las aplicaciones que usas y amas y conectalas con Zenkit a flujos de trabajo automatizados!\u00a1Haz el trabajo m\u00e1s divertido! \u00a1Comprueba todas las maneras en que puedes integrar Zenkit con otras aplicaciones&nbsp;aqu\u00ed! Sobre Integrately: Software [&hellip;]\" \/>\n<meta property=\"og:url\" content=\"https:\/\/zenkit.com\/es\/integraciones\/integrately\/\" \/>\n<meta property=\"og:site_name\" content=\"Zenkit\" \/>\n<meta property=\"article:publisher\" content=\"https:\/\/www.facebook.com\/ZenkitHQ\" \/>\n<meta property=\"article:modified_time\" content=\"2025-11-04T05:53:17+00:00\" \/>\n<meta property=\"og:image\" content=\"https:\/\/zenkit.com\/wp-content\/uploads\/2025\/07\/integrately-icon.webp\" \/>\n<meta name=\"twitter:card\" content=\"summary_large_image\" \/>\n<meta name=\"twitter:site\" content=\"@ZenkitHQ\" \/>\n<meta name=\"twitter:label1\" content=\"Tiempo de lectura\" \/>\n\t<meta name=\"twitter:data1\" content=\"2 minutos\" \/>\n<script type=\"application\/ld+json\" class=\"yoast-schema-graph\">{\"@context\":\"https:\\\/\\\/schema.org\",\"@graph\":[{\"@type\":\"WebPage\",\"@id\":\"https:\\\/\\\/zenkit.com\\\/es\\\/integraciones\\\/integrately\\\/\",\"url\":\"https:\\\/\\\/zenkit.com\\\/es\\\/integraciones\\\/integrately\\\/\",\"name\":\"+500 via Integrately | Zenkit\",\"isPartOf\":{\"@id\":\"https:\\\/\\\/zenkit.com\\\/es\\\/#website\"},\"primaryImageOfPage\":{\"@id\":\"https:\\\/\\\/zenkit.com\\\/es\\\/integraciones\\\/integrately\\\/#primaryimage\"},\"image\":{\"@id\":\"https:\\\/\\\/zenkit.com\\\/es\\\/integraciones\\\/integrately\\\/#primaryimage\"},\"thumbnailUrl\":\"https:\\\/\\\/zenkit.com\\\/wp-content\\\/uploads\\\/2025\\\/07\\\/integrately-icon.webp\",\"datePublished\":\"2025-08-28T04:45:48+00:00\",\"dateModified\":\"2025-11-04T05:53:17+00:00\",\"breadcrumb\":{\"@id\":\"https:\\\/\\\/zenkit.com\\\/es\\\/integraciones\\\/integrately\\\/#breadcrumb\"},\"inLanguage\":\"es\",\"potentialAction\":[{\"@type\":\"ReadAction\",\"target\":[\"https:\\\/\\\/zenkit.com\\\/es\\\/integraciones\\\/integrately\\\/\"]}]},{\"@type\":\"ImageObject\",\"inLanguage\":\"es\",\"@id\":\"https:\\\/\\\/zenkit.com\\\/es\\\/integraciones\\\/integrately\\\/#primaryimage\",\"url\":\"https:\\\/\\\/zenkit.com\\\/wp-content\\\/uploads\\\/2025\\\/07\\\/integrately-icon.webp\",\"contentUrl\":\"https:\\\/\\\/zenkit.com\\\/wp-content\\\/uploads\\\/2025\\\/07\\\/integrately-icon.webp\"},{\"@type\":\"BreadcrumbList\",\"@id\":\"https:\\\/\\\/zenkit.com\\\/es\\\/integraciones\\\/integrately\\\/#breadcrumb\",\"itemListElement\":[{\"@type\":\"ListItem\",\"position\":1,\"name\":\"Home\",\"item\":\"https:\\\/\\\/zenkit.com\\\/es\\\/\"},{\"@type\":\"ListItem\",\"position\":2,\"name\":\"Integraciones\",\"item\":\"https:\\\/\\\/zenkit.com\\\/es\\\/integraciones\\\/\"},{\"@type\":\"ListItem\",\"position\":3,\"name\":\"+500 via Integrately\"}]},{\"@type\":\"WebSite\",\"@id\":\"https:\\\/\\\/zenkit.com\\\/es\\\/#website\",\"url\":\"https:\\\/\\\/zenkit.com\\\/es\\\/\",\"name\":\"Zenkit\",\"description\":\"Zenkit Tagline\",\"potentialAction\":[{\"@type\":\"SearchAction\",\"target\":{\"@type\":\"EntryPoint\",\"urlTemplate\":\"https:\\\/\\\/zenkit.com\\\/es\\\/?s={search_term_string}\"},\"query-input\":{\"@type\":\"PropertyValueSpecification\",\"valueRequired\":true,\"valueName\":\"search_term_string\"}}],\"inLanguage\":\"es\"},false]}<\/script>\n<!-- \/ Yoast SEO plugin. -->","yoast_head_json":{"title":"+500 via Integrately | Zenkit","robots":{"index":"index","follow":"follow","max-snippet":"max-snippet:-1","max-image-preview":"max-image-preview:large","max-video-preview":"max-video-preview:-1"},"canonical":"https:\/\/zenkit.com\/es\/integraciones\/integrately\/","og_locale":"es_ES","og_type":"article","og_title":"+500 via Integrately | Zenkit","og_description":"Other Integrations +500 via Integrately &amp; Zenkit Integrately te ayuda a conectar Zenkit a alrededor de 500 otras aplicaciones. \u00a1 Encuentra las aplicaciones que usas y amas y conectalas con Zenkit a flujos de trabajo automatizados!\u00a1Haz el trabajo m\u00e1s divertido! \u00a1Comprueba todas las maneras en que puedes integrar Zenkit con otras aplicaciones&nbsp;aqu\u00ed! Sobre Integrately: Software [&hellip;]","og_url":"https:\/\/zenkit.com\/es\/integraciones\/integrately\/","og_site_name":"Zenkit","article_publisher":"https:\/\/www.facebook.com\/ZenkitHQ","article_modified_time":"2025-11-04T05:53:17+00:00","og_image":[{"url":"https:\/\/zenkit.com\/wp-content\/uploads\/2025\/07\/integrately-icon.webp","type":"","width":"","height":""}],"twitter_card":"summary_large_image","twitter_site":"@ZenkitHQ","twitter_misc":{"Tiempo de lectura":"2 minutos"},"schema":{"@context":"https:\/\/schema.org","@graph":[{"@type":"WebPage","@id":"https:\/\/zenkit.com\/es\/integraciones\/integrately\/","url":"https:\/\/zenkit.com\/es\/integraciones\/integrately\/","name":"+500 via Integrately | Zenkit","isPartOf":{"@id":"https:\/\/zenkit.com\/es\/#website"},"primaryImageOfPage":{"@id":"https:\/\/zenkit.com\/es\/integraciones\/integrately\/#primaryimage"},"image":{"@id":"https:\/\/zenkit.com\/es\/integraciones\/integrately\/#primaryimage"},"thumbnailUrl":"https:\/\/zenkit.com\/wp-content\/uploads\/2025\/07\/integrately-icon.webp","datePublished":"2025-08-28T04:45:48+00:00","dateModified":"2025-11-04T05:53:17+00:00","breadcrumb":{"@id":"https:\/\/zenkit.com\/es\/integraciones\/integrately\/#breadcrumb"},"inLanguage":"es","potentialAction":[{"@type":"ReadAction","target":["https:\/\/zenkit.com\/es\/integraciones\/integrately\/"]}]},{"@type":"ImageObject","inLanguage":"es","@id":"https:\/\/zenkit.com\/es\/integraciones\/integrately\/#primaryimage","url":"https:\/\/zenkit.com\/wp-content\/uploads\/2025\/07\/integrately-icon.webp","contentUrl":"https:\/\/zenkit.com\/wp-content\/uploads\/2025\/07\/integrately-icon.webp"},{"@type":"BreadcrumbList","@id":"https:\/\/zenkit.com\/es\/integraciones\/integrately\/#breadcrumb","itemListElement":[{"@type":"ListItem","position":1,"name":"Home","item":"https:\/\/zenkit.com\/es\/"},{"@type":"ListItem","position":2,"name":"Integraciones","item":"https:\/\/zenkit.com\/es\/integraciones\/"},{"@type":"ListItem","position":3,"name":"+500 via Integrately"}]},{"@type":"WebSite","@id":"https:\/\/zenkit.com\/es\/#website","url":"https:\/\/zenkit.com\/es\/","name":"Zenkit","description":"Zenkit Tagline","potentialAction":[{"@type":"SearchAction","target":{"@type":"EntryPoint","urlTemplate":"https:\/\/zenkit.com\/es\/?s={search_term_string}"},"query-input":{"@type":"PropertyValueSpecification","valueRequired":true,"valueName":"search_term_string"}}],"inLanguage":"es"},false]}},"yasr_visitor_votes":{"stars_attributes":{"read_only":false,"span_bottom":false},"number_of_votes":0,"sum_votes":0},"_links":{"self":[{"href":"https:\/\/zenkit.com\/es\/wp-json\/wp\/v2\/pages\/129890","targetHints":{"allow":["GET"]}}],"collection":[{"href":"https:\/\/zenkit.com\/es\/wp-json\/wp\/v2\/pages"}],"about":[{"href":"https:\/\/zenkit.com\/es\/wp-json\/wp\/v2\/types\/page"}],"author":[{"embeddable":true,"href":"https:\/\/zenkit.com\/es\/wp-json\/wp\/v2\/users\/9"}],"replies":[{"embeddable":true,"href":"https:\/\/zenkit.com\/es\/wp-json\/wp\/v2\/comments?post=129890"}],"version-history":[{"count":5,"href":"https:\/\/zenkit.com\/es\/wp-json\/wp\/v2\/pages\/129890\/revisions"}],"predecessor-version":[{"id":131587,"href":"https:\/\/zenkit.com\/es\/wp-json\/wp\/v2\/pages\/129890\/revisions\/131587"}],"up":[{"embeddable":true,"href":"https:\/\/zenkit.com\/es\/wp-json\/wp\/v2\/pages\/127380"}],"wp:attachment":[{"href":"https:\/\/zenkit.com\/es\/wp-json\/wp\/v2\/media?parent=129890"}],"curies":[{"name":"wp","href":"https:\/\/api.w.org\/{rel}","templated":true}]}}