{"id":129920,"date":"2025-08-28T07:58:15","date_gmt":"2025-08-28T05:58:15","guid":{"rendered":"https:\/\/zenkit.com\/?page_id=129920"},"modified":"2025-11-04T06:53:17","modified_gmt":"2025-11-04T05:53:17","slug":"clicktime","status":"publish","type":"page","link":"https:\/\/zenkit.com\/es\/integraciones\/clicktime\/","title":{"rendered":"ClickTime"},"content":{"rendered":"\n<div style=\"height:45px;--tablet-height:45px;--mobile-height:16px\" class=\"wp-block-lookeen-blocks-responsive-spacer\"><\/div>\n\n\n\n<div class=\"wp-block-group has-global-padding is-layout-constrained wp-block-group-is-layout-constrained\">\n<div class=\"wp-block-columns is-layout-flex wp-container-core-columns-is-layout-467d341d wp-block-columns-is-layout-flex\" id=\"main__integrations\" style=\"margin-top:0px;margin-bottom:0px\">\n<div class=\"wp-block-column side__bar__integrations is-layout-flow wp-block-column-is-layout-flow\" style=\"flex-basis:23%\">\n<h2 class=\"wp-block-heading has-da-blue-color-new has-text-color has-link-color wp-elements-47e6a21834f124d3eeca2206f31c647f\" style=\"margin-top:0px;margin-bottom:0px;font-size:16px;line-height:1.5\">Zeiterfassungs Integrationen<\/h2>\n\n\n<nav class=\"is-vertical integrations__menu wp-block-navigation is-layout-flex wp-container-core-navigation-is-layout-5f9f5280 wp-block-navigation-is-layout-flex\" aria-label=\"es-integrations-timetracking\"><ul class=\"wp-block-navigation__container  is-vertical integrations__menu wp-block-navigation\"><li class=\" wp-block-navigation-item wp-block-navigation-link\"><a class=\"wp-block-navigation-item__content\"  href=\"https:\/\/zenkit.com\/es\/integraciones\/clicktime\/\"><span class=\"wp-block-navigation-item__label\">ClickTime<\/span><\/a><\/li><li class=\" wp-block-navigation-item wp-block-navigation-link\"><a class=\"wp-block-navigation-item__content\"  href=\"https:\/\/zenkit.com\/es\/integraciones\/everhour\/\"><span class=\"wp-block-navigation-item__label\">Everhour<\/span><\/a><\/li><\/ul><\/nav><\/div>\n\n\n\n<div class=\"wp-block-column content__integrations is-layout-flow wp-block-column-is-layout-flow\" style=\"flex-basis:77%\">\n<div class=\"wp-block-group has-global-padding is-layout-constrained wp-block-group-is-layout-constrained\">\n<div class=\"wp-block-group title is-layout-flex wp-container-core-group-is-layout-ed4b00df wp-block-group-is-layout-flex\">\n<figure class=\"wp-block-image size-full is-resized\"><img loading=\"lazy\" decoding=\"async\" width=\"200\" height=\"200\" src=\"https:\/\/zenkit.com\/wp-content\/uploads\/2025\/07\/clicktime.webp\" alt=\"\" class=\"wp-image-117603\" style=\"width:auto;height:46px\" srcset=\"https:\/\/zenkit.com\/wp-content\/uploads\/2025\/07\/clicktime.webp 200w, https:\/\/zenkit.com\/wp-content\/uploads\/2025\/07\/clicktime-150x150.webp 150w\" sizes=\"auto, (max-width: 200px) 100vw, 200px\" \/><\/figure>\n\n\n\n<h1 class=\"wp-block-heading\">ClickTime y Zenkit<\/h1>\n<\/div>\n\n\n\n<div class=\"wp-block-group has-global-padding is-layout-constrained wp-block-group-is-layout-constrained\">\n<h3 class=\"wp-block-heading display-h2\">Conecta tus cuentas de Zenkit y ClickTime<\/h3>\n\n\n\n<p>\u00bfC\u00f3mo mejora la productividad de su equipo? \u00bfTrabaja tu equipo con Zenkit como herramienta de gesti\u00f3n de proyectos y crea partes de horas online con ClickTime para controlar el tiempo dedicado a las tareas asignadas? Con la ayuda de nuestra integraci\u00f3n Zapier, \u00a1puede enviar autom\u00e1ticamente las tareas de Zenkit a ClickTime siempre que lo necesite!<\/p>\n<\/div>\n<\/div>\n\n\n\n<div style=\"height:48px;--tablet-height:36px;--mobile-height:24px\" class=\"wp-block-lookeen-blocks-responsive-spacer\"><\/div>\n\n\n\n<div class=\"wp-block-group has-global-padding is-layout-constrained wp-block-group-is-layout-constrained\">\n<figure class=\"wp-block-image size-full\"><img loading=\"lazy\" decoding=\"async\" width=\"858\" height=\"535\" src=\"https:\/\/zenkit.com\/wp-content\/uploads\/2025\/07\/time-tracking-software.webp\" alt=\"\" class=\"wp-image-117614\" srcset=\"https:\/\/zenkit.com\/wp-content\/uploads\/2025\/07\/time-tracking-software.webp 858w, https:\/\/zenkit.com\/wp-content\/uploads\/2025\/07\/time-tracking-software-300x187.webp 300w, https:\/\/zenkit.com\/wp-content\/uploads\/2025\/07\/time-tracking-software-768x479.webp 768w\" sizes=\"auto, (max-width: 858px) 100vw, 858px\" \/><\/figure>\n<\/div>\n\n\n\n<div style=\"height:48px;--tablet-height:36px;--mobile-height:24px\" class=\"wp-block-lookeen-blocks-responsive-spacer\"><\/div>\n\n\n\n<div class=\"wp-block-group has-global-padding is-layout-constrained wp-block-group-is-layout-constrained\">\n<h3 class=\"wp-block-heading display-h2\">Acerca de ClickTime: Hoja de horas en l\u00ednea f\u00e1cil<\/h3>\n\n\n\n<p><a href=\"https:\/\/www.clicktime.com\/\">ClickTime<\/a>\u00a0ClickTime es un gran software de seguimiento del tiempo para planificar y gestionar. Puede mejorar las operaciones y aumentar la productividad de los empleados con hojas de horas f\u00e1ciles de usar en cualquier lugar y en cualquier momento. ClickTime le ayuda a eliminar las conjeturas de la gesti\u00f3n de tareas y proyectos con caracter\u00edsticas tales como actualizaciones en tiempo real de las horas de los empleados, disponibilidad y costes.<\/p>\n<\/div>\n\n\n\n<div style=\"height:48px;--tablet-height:36px;--mobile-height:24px\" class=\"wp-block-lookeen-blocks-responsive-spacer\"><\/div>\n\n\n\n<div class=\"wp-block-group has-global-padding is-layout-constrained wp-block-group-is-layout-constrained\">\n<h3 class=\"wp-block-heading display-h2\">Acerca de Zenkit: Gesti\u00f3n de proyectos en l\u00ednea<\/h3>\n\n\n\n<p><a href=\"https:\/\/zenkit.com\/\">Zenkit<\/a>&nbsp;es una soluci\u00f3n de gesti\u00f3n multiproyecto para proyectos \u00e1giles y cl\u00e1sicos. Ofrece funciones de colaboraci\u00f3n en tiempo real, vistas inteligentes, informes y planificaci\u00f3n de recursos que permiten un progreso real a su equipo. Con un solo clic, puedes cambiar tus proyectos a diferentes vistas, incluyendo Kanban, Diagrama de Gantt, Tabla, Mapa Mental, Jerarqu\u00eda, Lista y Calendario. Puede acceder a Zenkit en casi cualquier plataforma: aplicaciones web, Windows, Linux, MacOS, as\u00ed como versiones m\u00f3viles en dispositivos Android e iOS.<\/p>\n\n\n\n<p>Para m\u00e1s informaci\u00f3n, visite&nbsp;<a href=\"https:\/\/zenkit.com\/es\/projects\/\">https:\/\/zenkit.com\/<\/a>.<\/p>\n<\/div>\n\n\n\n<div style=\"height:48px;--tablet-height:36px;--mobile-height:24px\" class=\"wp-block-lookeen-blocks-responsive-spacer\"><\/div>\n\n\n\n<div class=\"wp-block-group has-global-padding is-layout-constrained wp-block-group-is-layout-constrained\">\n<h3 class=\"wp-block-heading display-h2\">\u00bfC\u00f3mo conectar ClickTime y Zenkit?<\/h3>\n\n\n\n<ol class=\"wp-block-list list__style__position-inside\">\n<li><a href=\"https:\/\/zapier.com\/sign-up\/\">Reg\u00edstrese\u00a0<\/a>para obtener una cuenta Zapier y acceder a Zapier.<\/li>\n\n\n\n<li><a href=\"https:\/\/www.clicktime.com\/forms\/free-trial\">Cree una cuenta<\/a>\u00a0con ClickTime.<\/li>\n\n\n\n<li>Inicie sesi\u00f3n en Zapier y vaya a\u00a0<a href=\"https:\/\/zapier.com\/app-directory\/clicktime\/integrations\/zenkit\">Zenkit + ClickTime Zapbook<\/a>\u00a0para encontrar plantillas Zap.<\/li>\n\n\n\n<li>O elija crear su propia integraci\u00f3n de Zenkit y ClickTime seleccion\u00e1ndolos cuando cree un zap.<\/li>\n<\/ol>\n<\/div>\n\n\n\n<div style=\"height:48px;--tablet-height:36px;--mobile-height:24px\" class=\"wp-block-lookeen-blocks-responsive-spacer\"><\/div>\n\n\n\n<div class=\"wp-block-group has-global-padding is-layout-constrained wp-block-group-is-layout-constrained\">\n<h3 class=\"wp-block-heading display-h2\">\u00bfQui\u00e9n se beneficiar\u00e1 de esta integraci\u00f3n de ClickTime y Zenkit?<\/h3>\n\n\n\n<ul class=\"wp-block-list is-style-da-left-indent\">\n<li>Personas que buscan evaluar el tiempo dedicado a sus tareas Zenkit asignadas con una hoja de horas online de forma eficiente.<\/li>\n\n\n\n<li>Personas que desean dedicar tiempo y energ\u00eda a lo que realmente importa.<\/li>\n<\/ul>\n<\/div>\n\n\n\n<div style=\"height:48px;--tablet-height:36px;--mobile-height:24px\" class=\"wp-block-lookeen-blocks-responsive-spacer\"><\/div>\n\n\n\n<div class=\"wp-block-group has-global-padding is-layout-constrained wp-block-group-is-layout-constrained\">\n<h3 class=\"wp-block-heading display-h2\">Detalles adicionales de la integraci\u00f3n<\/h3>\n\n\n\n<p>Compatible con Zapier: P\u00f3ngase en contacto con el\u00a0<a href=\"https:\/\/zapier.com\/app\/contact-us\">soporte de Zapier<\/a>\u00a0si experimenta alg\u00fan problema. Para obtener m\u00e1s informaci\u00f3n sobre c\u00f3mo utilizar Zenkit con Zapier, lea nuestra\u00a0<a href=\"https:\/\/help.zenkit.com\/de\/support\/solutions\">documentaci\u00f3n<\/a>.<\/p>\n<\/div>\n<\/div>\n<\/div>\n<\/div>\n\n\n\n<div style=\"height:110px;--tablet-height:60px;--mobile-height:48px\" class=\"wp-block-lookeen-blocks-responsive-spacer\"><\/div>\n","protected":false},"excerpt":{"rendered":"<p>Zeiterfassungs Integrationen ClickTime y Zenkit Conecta tus cuentas de Zenkit y ClickTime \u00bfC\u00f3mo mejora la productividad de su equipo? \u00bfTrabaja tu equipo con Zenkit como herramienta de gesti\u00f3n de proyectos y crea partes de horas online con ClickTime para controlar el tiempo dedicado a las tareas asignadas? Con la ayuda de nuestra integraci\u00f3n Zapier, \u00a1puede [&hellip;]<\/p>\n","protected":false},"author":9,"featured_media":0,"parent":127380,"menu_order":12,"comment_status":"closed","ping_status":"closed","template":"","meta":{"yasr_overall_rating":0,"yasr_post_is_review":"","yasr_auto_insert_disabled":"","yasr_review_type":"","footnotes":""},"class_list":["post-129920","page","type-page","status-publish","hentry"],"yoast_head":"<!-- This site is optimized with the Yoast SEO plugin v27.3 - https:\/\/yoast.com\/product\/yoast-seo-wordpress\/ -->\n<title>ClickTime | Zenkit<\/title>\n<meta name=\"robots\" content=\"index, follow, max-snippet:-1, max-image-preview:large, max-video-preview:-1\" \/>\n<link rel=\"canonical\" href=\"https:\/\/zenkit.com\/es\/integraciones\/clicktime\/\" \/>\n<meta property=\"og:locale\" content=\"es_ES\" \/>\n<meta property=\"og:type\" content=\"article\" \/>\n<meta property=\"og:title\" content=\"ClickTime | Zenkit\" \/>\n<meta property=\"og:description\" content=\"Zeiterfassungs Integrationen ClickTime y Zenkit Conecta tus cuentas de Zenkit y ClickTime \u00bfC\u00f3mo mejora la productividad de su equipo? \u00bfTrabaja tu equipo con Zenkit como herramienta de gesti\u00f3n de proyectos y crea partes de horas online con ClickTime para controlar el tiempo dedicado a las tareas asignadas? Con la ayuda de nuestra integraci\u00f3n Zapier, \u00a1puede [&hellip;]\" \/>\n<meta property=\"og:url\" content=\"https:\/\/zenkit.com\/es\/integraciones\/clicktime\/\" \/>\n<meta property=\"og:site_name\" content=\"Zenkit\" \/>\n<meta property=\"article:publisher\" content=\"https:\/\/www.facebook.com\/ZenkitHQ\" \/>\n<meta property=\"article:modified_time\" content=\"2025-11-04T05:53:17+00:00\" \/>\n<meta property=\"og:image\" content=\"https:\/\/zenkit.com\/wp-content\/uploads\/2025\/07\/clicktime.webp\" \/>\n<meta name=\"twitter:card\" content=\"summary_large_image\" \/>\n<meta name=\"twitter:site\" content=\"@ZenkitHQ\" \/>\n<meta name=\"twitter:label1\" content=\"Tiempo de lectura\" \/>\n\t<meta name=\"twitter:data1\" content=\"2 minutos\" \/>\n<script type=\"application\/ld+json\" class=\"yoast-schema-graph\">{\"@context\":\"https:\\\/\\\/schema.org\",\"@graph\":[{\"@type\":\"WebPage\",\"@id\":\"https:\\\/\\\/zenkit.com\\\/es\\\/integraciones\\\/clicktime\\\/\",\"url\":\"https:\\\/\\\/zenkit.com\\\/es\\\/integraciones\\\/clicktime\\\/\",\"name\":\"ClickTime | Zenkit\",\"isPartOf\":{\"@id\":\"https:\\\/\\\/zenkit.com\\\/es\\\/#website\"},\"primaryImageOfPage\":{\"@id\":\"https:\\\/\\\/zenkit.com\\\/es\\\/integraciones\\\/clicktime\\\/#primaryimage\"},\"image\":{\"@id\":\"https:\\\/\\\/zenkit.com\\\/es\\\/integraciones\\\/clicktime\\\/#primaryimage\"},\"thumbnailUrl\":\"https:\\\/\\\/zenkit.com\\\/wp-content\\\/uploads\\\/2025\\\/07\\\/clicktime.webp\",\"datePublished\":\"2025-08-28T05:58:15+00:00\",\"dateModified\":\"2025-11-04T05:53:17+00:00\",\"breadcrumb\":{\"@id\":\"https:\\\/\\\/zenkit.com\\\/es\\\/integraciones\\\/clicktime\\\/#breadcrumb\"},\"inLanguage\":\"es\",\"potentialAction\":[{\"@type\":\"ReadAction\",\"target\":[\"https:\\\/\\\/zenkit.com\\\/es\\\/integraciones\\\/clicktime\\\/\"]}]},{\"@type\":\"ImageObject\",\"inLanguage\":\"es\",\"@id\":\"https:\\\/\\\/zenkit.com\\\/es\\\/integraciones\\\/clicktime\\\/#primaryimage\",\"url\":\"https:\\\/\\\/zenkit.com\\\/wp-content\\\/uploads\\\/2025\\\/07\\\/clicktime.webp\",\"contentUrl\":\"https:\\\/\\\/zenkit.com\\\/wp-content\\\/uploads\\\/2025\\\/07\\\/clicktime.webp\"},{\"@type\":\"BreadcrumbList\",\"@id\":\"https:\\\/\\\/zenkit.com\\\/es\\\/integraciones\\\/clicktime\\\/#breadcrumb\",\"itemListElement\":[{\"@type\":\"ListItem\",\"position\":1,\"name\":\"Home\",\"item\":\"https:\\\/\\\/zenkit.com\\\/es\\\/\"},{\"@type\":\"ListItem\",\"position\":2,\"name\":\"Integraciones\",\"item\":\"https:\\\/\\\/zenkit.com\\\/es\\\/integraciones\\\/\"},{\"@type\":\"ListItem\",\"position\":3,\"name\":\"ClickTime\"}]},{\"@type\":\"WebSite\",\"@id\":\"https:\\\/\\\/zenkit.com\\\/es\\\/#website\",\"url\":\"https:\\\/\\\/zenkit.com\\\/es\\\/\",\"name\":\"Zenkit\",\"description\":\"Zenkit Tagline\",\"potentialAction\":[{\"@type\":\"SearchAction\",\"target\":{\"@type\":\"EntryPoint\",\"urlTemplate\":\"https:\\\/\\\/zenkit.com\\\/es\\\/?s={search_term_string}\"},\"query-input\":{\"@type\":\"PropertyValueSpecification\",\"valueRequired\":true,\"valueName\":\"search_term_string\"}}],\"inLanguage\":\"es\"},false]}<\/script>\n<!-- \/ Yoast SEO plugin. -->","yoast_head_json":{"title":"ClickTime | Zenkit","robots":{"index":"index","follow":"follow","max-snippet":"max-snippet:-1","max-image-preview":"max-image-preview:large","max-video-preview":"max-video-preview:-1"},"canonical":"https:\/\/zenkit.com\/es\/integraciones\/clicktime\/","og_locale":"es_ES","og_type":"article","og_title":"ClickTime | Zenkit","og_description":"Zeiterfassungs Integrationen ClickTime y Zenkit Conecta tus cuentas de Zenkit y ClickTime \u00bfC\u00f3mo mejora la productividad de su equipo? \u00bfTrabaja tu equipo con Zenkit como herramienta de gesti\u00f3n de proyectos y crea partes de horas online con ClickTime para controlar el tiempo dedicado a las tareas asignadas? Con la ayuda de nuestra integraci\u00f3n Zapier, \u00a1puede [&hellip;]","og_url":"https:\/\/zenkit.com\/es\/integraciones\/clicktime\/","og_site_name":"Zenkit","article_publisher":"https:\/\/www.facebook.com\/ZenkitHQ","article_modified_time":"2025-11-04T05:53:17+00:00","og_image":[{"url":"https:\/\/zenkit.com\/wp-content\/uploads\/2025\/07\/clicktime.webp","type":"","width":"","height":""}],"twitter_card":"summary_large_image","twitter_site":"@ZenkitHQ","twitter_misc":{"Tiempo de lectura":"2 minutos"},"schema":{"@context":"https:\/\/schema.org","@graph":[{"@type":"WebPage","@id":"https:\/\/zenkit.com\/es\/integraciones\/clicktime\/","url":"https:\/\/zenkit.com\/es\/integraciones\/clicktime\/","name":"ClickTime | Zenkit","isPartOf":{"@id":"https:\/\/zenkit.com\/es\/#website"},"primaryImageOfPage":{"@id":"https:\/\/zenkit.com\/es\/integraciones\/clicktime\/#primaryimage"},"image":{"@id":"https:\/\/zenkit.com\/es\/integraciones\/clicktime\/#primaryimage"},"thumbnailUrl":"https:\/\/zenkit.com\/wp-content\/uploads\/2025\/07\/clicktime.webp","datePublished":"2025-08-28T05:58:15+00:00","dateModified":"2025-11-04T05:53:17+00:00","breadcrumb":{"@id":"https:\/\/zenkit.com\/es\/integraciones\/clicktime\/#breadcrumb"},"inLanguage":"es","potentialAction":[{"@type":"ReadAction","target":["https:\/\/zenkit.com\/es\/integraciones\/clicktime\/"]}]},{"@type":"ImageObject","inLanguage":"es","@id":"https:\/\/zenkit.com\/es\/integraciones\/clicktime\/#primaryimage","url":"https:\/\/zenkit.com\/wp-content\/uploads\/2025\/07\/clicktime.webp","contentUrl":"https:\/\/zenkit.com\/wp-content\/uploads\/2025\/07\/clicktime.webp"},{"@type":"BreadcrumbList","@id":"https:\/\/zenkit.com\/es\/integraciones\/clicktime\/#breadcrumb","itemListElement":[{"@type":"ListItem","position":1,"name":"Home","item":"https:\/\/zenkit.com\/es\/"},{"@type":"ListItem","position":2,"name":"Integraciones","item":"https:\/\/zenkit.com\/es\/integraciones\/"},{"@type":"ListItem","position":3,"name":"ClickTime"}]},{"@type":"WebSite","@id":"https:\/\/zenkit.com\/es\/#website","url":"https:\/\/zenkit.com\/es\/","name":"Zenkit","description":"Zenkit Tagline","potentialAction":[{"@type":"SearchAction","target":{"@type":"EntryPoint","urlTemplate":"https:\/\/zenkit.com\/es\/?s={search_term_string}"},"query-input":{"@type":"PropertyValueSpecification","valueRequired":true,"valueName":"search_term_string"}}],"inLanguage":"es"},false]}},"yasr_visitor_votes":{"stars_attributes":{"read_only":false,"span_bottom":false},"number_of_votes":0,"sum_votes":0},"_links":{"self":[{"href":"https:\/\/zenkit.com\/es\/wp-json\/wp\/v2\/pages\/129920","targetHints":{"allow":["GET"]}}],"collection":[{"href":"https:\/\/zenkit.com\/es\/wp-json\/wp\/v2\/pages"}],"about":[{"href":"https:\/\/zenkit.com\/es\/wp-json\/wp\/v2\/types\/page"}],"author":[{"embeddable":true,"href":"https:\/\/zenkit.com\/es\/wp-json\/wp\/v2\/users\/9"}],"replies":[{"embeddable":true,"href":"https:\/\/zenkit.com\/es\/wp-json\/wp\/v2\/comments?post=129920"}],"version-history":[{"count":2,"href":"https:\/\/zenkit.com\/es\/wp-json\/wp\/v2\/pages\/129920\/revisions"}],"predecessor-version":[{"id":129923,"href":"https:\/\/zenkit.com\/es\/wp-json\/wp\/v2\/pages\/129920\/revisions\/129923"}],"up":[{"embeddable":true,"href":"https:\/\/zenkit.com\/es\/wp-json\/wp\/v2\/pages\/127380"}],"wp:attachment":[{"href":"https:\/\/zenkit.com\/es\/wp-json\/wp\/v2\/media?parent=129920"}],"curies":[{"name":"wp","href":"https:\/\/api.w.org\/{rel}","templated":true}]}}