{"id":129925,"date":"2025-08-28T08:05:15","date_gmt":"2025-08-28T06:05:15","guid":{"rendered":"https:\/\/zenkit.com\/?page_id=129925"},"modified":"2025-11-04T06:53:17","modified_gmt":"2025-11-04T05:53:17","slug":"toggl-track","status":"publish","type":"page","link":"https:\/\/zenkit.com\/es\/integraciones\/toggl-track\/","title":{"rendered":"Toggl Track"},"content":{"rendered":"\n<div style=\"height:45px;--tablet-height:45px;--mobile-height:16px\" class=\"wp-block-lookeen-blocks-responsive-spacer\"><\/div>\n\n\n\n<div class=\"wp-block-group has-global-padding is-layout-constrained wp-block-group-is-layout-constrained\">\n<div class=\"wp-block-columns is-layout-flex wp-container-core-columns-is-layout-467d341d wp-block-columns-is-layout-flex\" id=\"main__integrations\" style=\"margin-top:0px;margin-bottom:0px\">\n<div class=\"wp-block-column side__bar__integrations is-layout-flow wp-block-column-is-layout-flow\" style=\"flex-basis:23%\">\n<h2 class=\"wp-block-heading has-da-blue-color-new has-text-color has-link-color wp-elements-7a18c382591dc1bd989a2de37f87232d\" style=\"margin-top:0px;margin-bottom:0px;font-size:16px;line-height:1.5\">Integraciones<\/h2>\n\n\n<nav class=\"is-vertical integrations__menu wp-block-navigation is-layout-flex wp-container-core-navigation-is-layout-5f9f5280 wp-block-navigation-is-layout-flex\" aria-label=\"es-integrations-timetracking-2\"><ul class=\"wp-block-navigation__container  is-vertical integrations__menu wp-block-navigation\"><li class=\" wp-block-navigation-item wp-block-navigation-link\"><a class=\"wp-block-navigation-item__content\"  href=\"https:\/\/zenkit.com\/es\/integraciones\/clockify\/\"><span class=\"wp-block-navigation-item__label\">Clockify<\/span><\/a><\/li><li class=\" wp-block-navigation-item wp-block-navigation-link\"><a class=\"wp-block-navigation-item__content\"  href=\"https:\/\/zenkit.com\/es\/integraciones\/desktime\/\"><span class=\"wp-block-navigation-item__label\">DeskTime<\/span><\/a><\/li><li class=\" wp-block-navigation-item wp-block-navigation-link\"><a class=\"wp-block-navigation-item__content\"  href=\"https:\/\/zenkit.com\/es\/integraciones\/pomodoneapp\/\"><span class=\"wp-block-navigation-item__label\">PomoDoneApp<\/span><\/a><\/li><li class=\" wp-block-navigation-item wp-block-navigation-link\"><a class=\"wp-block-navigation-item__content\"  href=\"https:\/\/zenkit.com\/es\/integraciones\/time-doctor\/\"><span class=\"wp-block-navigation-item__label\">Time Doctor<\/span><\/a><\/li><li class=\" wp-block-navigation-item wp-block-navigation-link\"><a class=\"wp-block-navigation-item__content\"  href=\"https:\/\/zenkit.com\/es\/integraciones\/toggl-track\/\"><span class=\"wp-block-navigation-item__label\">Toggl Track<\/span><\/a><\/li><\/ul><\/nav><\/div>\n\n\n\n<div class=\"wp-block-column content__integrations is-layout-flow wp-block-column-is-layout-flow\" style=\"flex-basis:77%\">\n<div class=\"wp-block-group has-global-padding is-layout-constrained wp-block-group-is-layout-constrained\">\n<div class=\"wp-block-group title is-layout-flex wp-container-core-group-is-layout-ed4b00df wp-block-group-is-layout-flex\">\n<figure class=\"wp-block-image size-full is-resized\"><img loading=\"lazy\" decoding=\"async\" width=\"1502\" height=\"1502\" src=\"https:\/\/zenkit.com\/wp-content\/uploads\/2025\/07\/toggl-track_icon_pink_rgb.webp\" alt=\"Toggl Track Logo\" class=\"wp-image-117501\" style=\"width:auto;height:46px\" srcset=\"https:\/\/zenkit.com\/wp-content\/uploads\/2025\/07\/toggl-track_icon_pink_rgb.webp 1502w, https:\/\/zenkit.com\/wp-content\/uploads\/2025\/07\/toggl-track_icon_pink_rgb-300x300.webp 300w, https:\/\/zenkit.com\/wp-content\/uploads\/2025\/07\/toggl-track_icon_pink_rgb-1024x1024.webp 1024w, https:\/\/zenkit.com\/wp-content\/uploads\/2025\/07\/toggl-track_icon_pink_rgb-150x150.webp 150w, https:\/\/zenkit.com\/wp-content\/uploads\/2025\/07\/toggl-track_icon_pink_rgb-768x768.webp 768w\" sizes=\"auto, (max-width: 1502px) 100vw, 1502px\" \/><\/figure>\n\n\n\n<h1 class=\"wp-block-heading\">Toggl Track &amp; Zenkit<\/h1>\n<\/div>\n\n\n\n<div class=\"wp-block-group has-global-padding is-layout-constrained wp-block-group-is-layout-constrained\">\n<h3 class=\"wp-block-heading display-h2\">Conecte sus cuentas de Zenkit Base y Toggl Track<\/h3>\n\n\n\n<p>Posiblemente usted podr\u00eda haber elegido Zenkit Base para administrar sus proyectos debido a su caracter\u00edsticas comprensivas de administraci\u00f3n de proyectos. Mientras tanto, podr\u00eda tambi\u00e9n utilizar Toggl Track para un reporte de tiempo en sus proyectos. Nosotros entendemos que para poder mantener dos softwares en sincron\u00eda, puede ser agotador y tomar mucho tiempo para migrar sus tareas manualmente. \u00a1Es por eso que esta integraci\u00f3n es para usted!<\/p>\n\n\n\n<p>Con esta integraci\u00f3n Zapier, cuando cree un nuevo item o tarea en Zenkit Base, una nueva tarea ser\u00e1 autom\u00e1ticamente creada en Toggl Track para hacer seguimiento de tiempo. \u00a1Esto le ahorrar\u00e1 tiempo de repetir trabajos tediosos y previene de perder datos mientras duplica tareas manualmente!<\/p>\n<\/div>\n\n\n\n<div style=\"height:48px;--tablet-height:36px;--mobile-height:24px\" class=\"wp-block-lookeen-blocks-responsive-spacer\"><\/div>\n<\/div>\n\n\n\n<div class=\"wp-block-group has-global-padding is-layout-constrained wp-block-group-is-layout-constrained\">\n<figure class=\"wp-block-image size-large\"><img loading=\"lazy\" decoding=\"async\" width=\"1024\" height=\"664\" src=\"https:\/\/zenkit.com\/wp-content\/uploads\/2025\/07\/Toggl-Timer_screenshot-1024x664.webp\" alt=\"Verbinden Sie ihre Zenkit- und Toggl Track-Konten\" class=\"wp-image-117515\" srcset=\"https:\/\/zenkit.com\/wp-content\/uploads\/2025\/07\/Toggl-Timer_screenshot-1024x664.webp 1024w, https:\/\/zenkit.com\/wp-content\/uploads\/2025\/07\/Toggl-Timer_screenshot-300x194.webp 300w, https:\/\/zenkit.com\/wp-content\/uploads\/2025\/07\/Toggl-Timer_screenshot-768x498.webp 768w, https:\/\/zenkit.com\/wp-content\/uploads\/2025\/07\/Toggl-Timer_screenshot-1536x996.webp 1536w, https:\/\/zenkit.com\/wp-content\/uploads\/2025\/07\/Toggl-Timer_screenshot-2048x1328.webp 2048w\" sizes=\"auto, (max-width: 1024px) 100vw, 1024px\" \/><\/figure>\n<\/div>\n\n\n\n<div style=\"height:48px;--tablet-height:36px;--mobile-height:24px\" class=\"wp-block-lookeen-blocks-responsive-spacer\"><\/div>\n\n\n\n<div class=\"wp-block-group has-global-padding is-layout-constrained wp-block-group-is-layout-constrained\">\n<h3 class=\"wp-block-heading display-h2\">Acerca Toggl Track: Software de Seguimiento de Tiempo<\/h3>\n\n\n\n<p>Toggl Track es un software de seguimiento de tiempo el cual le ayuda a mantener control de su tiempo empleado en tareas o proyectos. Est\u00e1 disponible como una aplicaci\u00f3n web, aplicaci\u00f3n de ordenador, aplicaci\u00f3n de m\u00f3vil o extensi\u00f3n de navegador; Utilice el mejor para su flujo de trabajo. Usted puede f\u00e1cilmente filtrar datos que quiera y genera reportes de tiempo personalizados. Podr\u00e1 tambi\u00e9n agendar reportes de tiempo regulares a cualquier proyecto que quiera. Cree su cuenta gratuita aqu\u00ed:\u00a0<a href=\"https:\/\/toggl.com\/track\/signup\/\">https:\/\/toggl.com\/track\/signup\/<\/a>.<\/p>\n<\/div>\n\n\n\n<div style=\"height:48px;--tablet-height:36px;--mobile-height:24px\" class=\"wp-block-lookeen-blocks-responsive-spacer\"><\/div>\n\n\n\n<div class=\"wp-block-group has-global-padding is-layout-constrained wp-block-group-is-layout-constrained\">\n<h3 class=\"wp-block-heading display-h2\">Acerca Zenkit Base: Administrador de Proyectos En L\u00ednea<\/h3>\n\n\n\n<p><a href=\"https:\/\/zenkit.com\/es\/base\/\">Zenkit Base<\/a>&nbsp;es f\u00e1cil de usar, herramienta colaborativa para la administraci\u00f3n de proyectos, construcci\u00f3n de base de datos y mucho m\u00e1s. Le permite cambiar vistas (tablas, listas to-do, Kanban, calendario, jerarqu\u00eda, mapas mentales, Wiki y Gr\u00e1fica de Gantt) con un solo clic. Usted puede compartir su trabajo en l\u00ednea con collections publicadas e integradas, y construir integraciones con su API documentada.<\/p>\n\n\n\n<p>Como un miembro de nuestro Universo Zenkit, Zenkit Base es integrado con nuestros productos en la Zenkit Suite (por ejemplo: Zenkit To Do y Zenchat). Cree su cuenta gratuita:&nbsp;<a href=\"https:\/\/base.zenkit.com\/register\">https:\/\/base.zenkit.com\/register<\/a>.<\/p>\n<\/div>\n\n\n\n<div style=\"height:48px;--tablet-height:36px;--mobile-height:24px\" class=\"wp-block-lookeen-blocks-responsive-spacer\"><\/div>\n\n\n\n<div class=\"wp-block-group has-global-padding is-layout-constrained wp-block-group-is-layout-constrained\">\n<h3 class=\"wp-block-heading display-h2\">C\u00f3mo conectar Toggl Track y Zenkit Base<\/h3>\n\n\n\n<ol class=\"wp-block-list list__style__position-inside\">\n<li><a href=\"https:\/\/zapier.com\/sign-up\/\">Reg\u00edstrese a una cuenta<\/a>\u00a0Zapier para tener acceso a Zapier.<\/li>\n\n\n\n<li><a href=\"https:\/\/toggl.com\/track\/login\">Cree una cuenta<\/a>\u00a0con Toggl Track.<\/li>\n\n\n\n<li>Inicie sesi\u00f3n con Zapier y dir\u00edjase a la\u00a0<a href=\"https:\/\/zapier.com\/apps\/toggl-track\/integrations\/zenkit\">Zenkit + Toggl Track Zapbook<\/a>\u00a0para encontrar plantillas Zap.<\/li>\n\n\n\n<li>O escoja crear su propia integraci\u00f3n Zenkit y Toggl Track seleccionandolos cuando cree una zap.<\/li>\n<\/ol>\n<\/div>\n\n\n\n<div style=\"height:48px;--tablet-height:36px;--mobile-height:24px\" class=\"wp-block-lookeen-blocks-responsive-spacer\"><\/div>\n\n\n\n<div class=\"wp-block-group has-global-padding is-layout-constrained wp-block-group-is-layout-constrained\">\n<h3 class=\"wp-block-heading display-h2\">\u00bfQui\u00e9n se va a beneficiar de esta integraci\u00f3n de Toggl Track y Zenkit Base?<\/h3>\n\n\n\n<ul class=\"wp-block-list is-style-da-left-indent\">\n<li>Gerentes de proyectos que deseen mantener el seguimiento del tiempo empleado en cada proyecto sin tener que dejar la Zenkit Base.<\/li>\n\n\n\n<li>Due\u00f1os de peque\u00f1os negocios que quieran ahorrar recursos humanos y tiempo al automatizar el trabajo de copiar y pegar.<\/li>\n<\/ul>\n<\/div>\n\n\n\n<div style=\"height:48px;--tablet-height:36px;--mobile-height:24px\" class=\"wp-block-lookeen-blocks-responsive-spacer\"><\/div>\n\n\n\n<div class=\"wp-block-group has-global-padding is-layout-constrained wp-block-group-is-layout-constrained\">\n<h3 class=\"wp-block-heading display-h2\">Detalles de Integraci\u00f3n Adicionales<\/h3>\n\n\n\n<ul class=\"wp-block-list is-style-da-left-indent\">\n<li>Respaldado por Zapier: Por favor contacte con el\u00a0<a href=\"https:\/\/zapier.com\/help\/contact-us\/\">servicio t\u00e9cnico de Zapier<\/a>, si usted experimenta cualquier problema.<\/li>\n\n\n\n<li>Para m\u00e1s informaci\u00f3n sobre c\u00f3mo utilizar Zenkit con Zapier, por favor lea nuestra\u00a0<a href=\"https:\/\/zenkit.com\/documentation#\/lists\/HJQBQ1Hw\/sections\/SJYE55zA\/entries\/BJGOKQtA?_k=hyyynn\">documentaci\u00f3n<\/a>.<\/li>\n<\/ul>\n<\/div>\n<\/div>\n<\/div>\n<\/div>\n\n\n\n<div style=\"height:110px;--tablet-height:60px;--mobile-height:48px\" class=\"wp-block-lookeen-blocks-responsive-spacer\"><\/div>\n","protected":false},"excerpt":{"rendered":"<p>Integraciones Toggl Track &amp; Zenkit Conecte sus cuentas de Zenkit Base y Toggl Track Posiblemente usted podr\u00eda haber elegido Zenkit Base para administrar sus proyectos debido a su caracter\u00edsticas comprensivas de administraci\u00f3n de proyectos. Mientras tanto, podr\u00eda tambi\u00e9n utilizar Toggl Track para un reporte de tiempo en sus proyectos. Nosotros entendemos que para poder mantener [&hellip;]<\/p>\n","protected":false},"author":9,"featured_media":0,"parent":127380,"menu_order":6,"comment_status":"closed","ping_status":"closed","template":"","meta":{"yasr_overall_rating":0,"yasr_post_is_review":"","yasr_auto_insert_disabled":"","yasr_review_type":"","footnotes":""},"class_list":["post-129925","page","type-page","status-publish","hentry"],"yoast_head":"<!-- This site is optimized with the Yoast SEO plugin v27.3 - https:\/\/yoast.com\/product\/yoast-seo-wordpress\/ -->\n<title>Toggl Track | Zenkit<\/title>\n<meta name=\"robots\" content=\"index, follow, max-snippet:-1, max-image-preview:large, max-video-preview:-1\" \/>\n<link rel=\"canonical\" href=\"https:\/\/zenkit.com\/es\/integraciones\/toggl-track\/\" \/>\n<meta property=\"og:locale\" content=\"es_ES\" \/>\n<meta property=\"og:type\" content=\"article\" \/>\n<meta property=\"og:title\" content=\"Toggl Track | Zenkit\" \/>\n<meta property=\"og:description\" content=\"Integraciones Toggl Track &amp; Zenkit Conecte sus cuentas de Zenkit Base y Toggl Track Posiblemente usted podr\u00eda haber elegido Zenkit Base para administrar sus proyectos debido a su caracter\u00edsticas comprensivas de administraci\u00f3n de proyectos. Mientras tanto, podr\u00eda tambi\u00e9n utilizar Toggl Track para un reporte de tiempo en sus proyectos. Nosotros entendemos que para poder mantener [&hellip;]\" \/>\n<meta property=\"og:url\" content=\"https:\/\/zenkit.com\/es\/integraciones\/toggl-track\/\" \/>\n<meta property=\"og:site_name\" content=\"Zenkit\" \/>\n<meta property=\"article:publisher\" content=\"https:\/\/www.facebook.com\/ZenkitHQ\" \/>\n<meta property=\"article:modified_time\" content=\"2025-11-04T05:53:17+00:00\" \/>\n<meta property=\"og:image\" content=\"https:\/\/zenkit.com\/wp-content\/uploads\/2025\/07\/toggl-track_icon_pink_rgb.webp\" \/>\n<meta name=\"twitter:card\" content=\"summary_large_image\" \/>\n<meta name=\"twitter:site\" content=\"@ZenkitHQ\" \/>\n<meta name=\"twitter:label1\" content=\"Tiempo de lectura\" \/>\n\t<meta name=\"twitter:data1\" content=\"3 minutos\" \/>\n<script type=\"application\/ld+json\" class=\"yoast-schema-graph\">{\"@context\":\"https:\\\/\\\/schema.org\",\"@graph\":[{\"@type\":\"WebPage\",\"@id\":\"https:\\\/\\\/zenkit.com\\\/es\\\/integraciones\\\/toggl-track\\\/\",\"url\":\"https:\\\/\\\/zenkit.com\\\/es\\\/integraciones\\\/toggl-track\\\/\",\"name\":\"Toggl Track | Zenkit\",\"isPartOf\":{\"@id\":\"https:\\\/\\\/zenkit.com\\\/es\\\/#website\"},\"primaryImageOfPage\":{\"@id\":\"https:\\\/\\\/zenkit.com\\\/es\\\/integraciones\\\/toggl-track\\\/#primaryimage\"},\"image\":{\"@id\":\"https:\\\/\\\/zenkit.com\\\/es\\\/integraciones\\\/toggl-track\\\/#primaryimage\"},\"thumbnailUrl\":\"https:\\\/\\\/zenkit.com\\\/wp-content\\\/uploads\\\/2025\\\/07\\\/toggl-track_icon_pink_rgb.webp\",\"datePublished\":\"2025-08-28T06:05:15+00:00\",\"dateModified\":\"2025-11-04T05:53:17+00:00\",\"breadcrumb\":{\"@id\":\"https:\\\/\\\/zenkit.com\\\/es\\\/integraciones\\\/toggl-track\\\/#breadcrumb\"},\"inLanguage\":\"es\",\"potentialAction\":[{\"@type\":\"ReadAction\",\"target\":[\"https:\\\/\\\/zenkit.com\\\/es\\\/integraciones\\\/toggl-track\\\/\"]}]},{\"@type\":\"ImageObject\",\"inLanguage\":\"es\",\"@id\":\"https:\\\/\\\/zenkit.com\\\/es\\\/integraciones\\\/toggl-track\\\/#primaryimage\",\"url\":\"https:\\\/\\\/zenkit.com\\\/wp-content\\\/uploads\\\/2025\\\/07\\\/toggl-track_icon_pink_rgb.webp\",\"contentUrl\":\"https:\\\/\\\/zenkit.com\\\/wp-content\\\/uploads\\\/2025\\\/07\\\/toggl-track_icon_pink_rgb.webp\"},{\"@type\":\"BreadcrumbList\",\"@id\":\"https:\\\/\\\/zenkit.com\\\/es\\\/integraciones\\\/toggl-track\\\/#breadcrumb\",\"itemListElement\":[{\"@type\":\"ListItem\",\"position\":1,\"name\":\"Home\",\"item\":\"https:\\\/\\\/zenkit.com\\\/es\\\/\"},{\"@type\":\"ListItem\",\"position\":2,\"name\":\"Integraciones\",\"item\":\"https:\\\/\\\/zenkit.com\\\/es\\\/integraciones\\\/\"},{\"@type\":\"ListItem\",\"position\":3,\"name\":\"Toggl Track\"}]},{\"@type\":\"WebSite\",\"@id\":\"https:\\\/\\\/zenkit.com\\\/es\\\/#website\",\"url\":\"https:\\\/\\\/zenkit.com\\\/es\\\/\",\"name\":\"Zenkit\",\"description\":\"Zenkit Tagline\",\"potentialAction\":[{\"@type\":\"SearchAction\",\"target\":{\"@type\":\"EntryPoint\",\"urlTemplate\":\"https:\\\/\\\/zenkit.com\\\/es\\\/?s={search_term_string}\"},\"query-input\":{\"@type\":\"PropertyValueSpecification\",\"valueRequired\":true,\"valueName\":\"search_term_string\"}}],\"inLanguage\":\"es\"},false]}<\/script>\n<!-- \/ Yoast SEO plugin. -->","yoast_head_json":{"title":"Toggl Track | Zenkit","robots":{"index":"index","follow":"follow","max-snippet":"max-snippet:-1","max-image-preview":"max-image-preview:large","max-video-preview":"max-video-preview:-1"},"canonical":"https:\/\/zenkit.com\/es\/integraciones\/toggl-track\/","og_locale":"es_ES","og_type":"article","og_title":"Toggl Track | Zenkit","og_description":"Integraciones Toggl Track &amp; Zenkit Conecte sus cuentas de Zenkit Base y Toggl Track Posiblemente usted podr\u00eda haber elegido Zenkit Base para administrar sus proyectos debido a su caracter\u00edsticas comprensivas de administraci\u00f3n de proyectos. Mientras tanto, podr\u00eda tambi\u00e9n utilizar Toggl Track para un reporte de tiempo en sus proyectos. Nosotros entendemos que para poder mantener [&hellip;]","og_url":"https:\/\/zenkit.com\/es\/integraciones\/toggl-track\/","og_site_name":"Zenkit","article_publisher":"https:\/\/www.facebook.com\/ZenkitHQ","article_modified_time":"2025-11-04T05:53:17+00:00","og_image":[{"url":"https:\/\/zenkit.com\/wp-content\/uploads\/2025\/07\/toggl-track_icon_pink_rgb.webp","type":"","width":"","height":""}],"twitter_card":"summary_large_image","twitter_site":"@ZenkitHQ","twitter_misc":{"Tiempo de lectura":"3 minutos"},"schema":{"@context":"https:\/\/schema.org","@graph":[{"@type":"WebPage","@id":"https:\/\/zenkit.com\/es\/integraciones\/toggl-track\/","url":"https:\/\/zenkit.com\/es\/integraciones\/toggl-track\/","name":"Toggl Track | Zenkit","isPartOf":{"@id":"https:\/\/zenkit.com\/es\/#website"},"primaryImageOfPage":{"@id":"https:\/\/zenkit.com\/es\/integraciones\/toggl-track\/#primaryimage"},"image":{"@id":"https:\/\/zenkit.com\/es\/integraciones\/toggl-track\/#primaryimage"},"thumbnailUrl":"https:\/\/zenkit.com\/wp-content\/uploads\/2025\/07\/toggl-track_icon_pink_rgb.webp","datePublished":"2025-08-28T06:05:15+00:00","dateModified":"2025-11-04T05:53:17+00:00","breadcrumb":{"@id":"https:\/\/zenkit.com\/es\/integraciones\/toggl-track\/#breadcrumb"},"inLanguage":"es","potentialAction":[{"@type":"ReadAction","target":["https:\/\/zenkit.com\/es\/integraciones\/toggl-track\/"]}]},{"@type":"ImageObject","inLanguage":"es","@id":"https:\/\/zenkit.com\/es\/integraciones\/toggl-track\/#primaryimage","url":"https:\/\/zenkit.com\/wp-content\/uploads\/2025\/07\/toggl-track_icon_pink_rgb.webp","contentUrl":"https:\/\/zenkit.com\/wp-content\/uploads\/2025\/07\/toggl-track_icon_pink_rgb.webp"},{"@type":"BreadcrumbList","@id":"https:\/\/zenkit.com\/es\/integraciones\/toggl-track\/#breadcrumb","itemListElement":[{"@type":"ListItem","position":1,"name":"Home","item":"https:\/\/zenkit.com\/es\/"},{"@type":"ListItem","position":2,"name":"Integraciones","item":"https:\/\/zenkit.com\/es\/integraciones\/"},{"@type":"ListItem","position":3,"name":"Toggl Track"}]},{"@type":"WebSite","@id":"https:\/\/zenkit.com\/es\/#website","url":"https:\/\/zenkit.com\/es\/","name":"Zenkit","description":"Zenkit Tagline","potentialAction":[{"@type":"SearchAction","target":{"@type":"EntryPoint","urlTemplate":"https:\/\/zenkit.com\/es\/?s={search_term_string}"},"query-input":{"@type":"PropertyValueSpecification","valueRequired":true,"valueName":"search_term_string"}}],"inLanguage":"es"},false]}},"yasr_visitor_votes":{"stars_attributes":{"read_only":false,"span_bottom":false},"number_of_votes":0,"sum_votes":0},"_links":{"self":[{"href":"https:\/\/zenkit.com\/es\/wp-json\/wp\/v2\/pages\/129925","targetHints":{"allow":["GET"]}}],"collection":[{"href":"https:\/\/zenkit.com\/es\/wp-json\/wp\/v2\/pages"}],"about":[{"href":"https:\/\/zenkit.com\/es\/wp-json\/wp\/v2\/types\/page"}],"author":[{"embeddable":true,"href":"https:\/\/zenkit.com\/es\/wp-json\/wp\/v2\/users\/9"}],"replies":[{"embeddable":true,"href":"https:\/\/zenkit.com\/es\/wp-json\/wp\/v2\/comments?post=129925"}],"version-history":[{"count":2,"href":"https:\/\/zenkit.com\/es\/wp-json\/wp\/v2\/pages\/129925\/revisions"}],"predecessor-version":[{"id":129930,"href":"https:\/\/zenkit.com\/es\/wp-json\/wp\/v2\/pages\/129925\/revisions\/129930"}],"up":[{"embeddable":true,"href":"https:\/\/zenkit.com\/es\/wp-json\/wp\/v2\/pages\/127380"}],"wp:attachment":[{"href":"https:\/\/zenkit.com\/es\/wp-json\/wp\/v2\/media?parent=129925"}],"curies":[{"name":"wp","href":"https:\/\/api.w.org\/{rel}","templated":true}]}}