{"id":131635,"date":"2025-08-28T12:24:39","date_gmt":"2025-08-28T10:24:39","guid":{"rendered":"https:\/\/zenkit.com\/?page_id=131635"},"modified":"2025-11-23T19:06:22","modified_gmt":"2025-11-23T18:06:22","slug":"better-proposals","status":"publish","type":"page","link":"https:\/\/zenkit.com\/es\/integraciones\/better-proposals\/","title":{"rendered":"Better Proposals"},"content":{"rendered":"\n<div style=\"height:45px;--tablet-height:45px;--mobile-height:16px\" class=\"wp-block-lookeen-blocks-responsive-spacer\"><\/div>\n\n\n\n<div class=\"wp-block-group has-global-padding is-layout-constrained wp-block-group-is-layout-constrained\">\n<div class=\"wp-block-columns is-layout-flex wp-container-core-columns-is-layout-467d341d wp-block-columns-is-layout-flex\" id=\"main__integrations\" style=\"margin-top:0px;margin-bottom:0px\">\n<div class=\"wp-block-column side__bar__integrations is-layout-flow wp-block-column-is-layout-flow\" style=\"flex-basis:23%\">\n<h2 class=\"wp-block-heading has-da-blue-color-new has-text-color has-link-color wp-elements-af7390c2cce0abea303876fa405e5592\" style=\"margin-top:0px;margin-bottom:0px;font-size:16px;line-height:1.5\">Integraciones de automatizaci\u00f3n de marketing<\/h2>\n\n\n<nav class=\"is-vertical integrations__menu wp-block-navigation is-layout-flex wp-container-core-navigation-is-layout-5f9f5280 wp-block-navigation-is-layout-flex\" aria-label=\"es-marketing-automation-2-integrations\"><ul class=\"wp-block-navigation__container  is-vertical integrations__menu wp-block-navigation\"><li class=\" wp-block-navigation-item wp-block-navigation-link\"><a class=\"wp-block-navigation-item__content\"  href=\"https:\/\/zenkit.com\/es\/integraciones\/leadboxer\/\"><span class=\"wp-block-navigation-item__label\">LeadBoxer<\/span><\/a><\/li><li class=\" wp-block-navigation-item wp-block-navigation-link\"><a class=\"wp-block-navigation-item__content\"  href=\"https:\/\/zenkit.com\/es\/integraciones\/mailjet\/\"><span class=\"wp-block-navigation-item__label\">Mailjet<\/span><\/a><\/li><li class=\" wp-block-navigation-item wp-block-navigation-link\"><a class=\"wp-block-navigation-item__content\"  href=\"https:\/\/zenkit.com\/es\/integraciones\/moosend\/\"><span class=\"wp-block-navigation-item__label\">Moosend<\/span><\/a><\/li><li class=\" wp-block-navigation-item wp-block-navigation-link\"><a class=\"wp-block-navigation-item__content\"  href=\"https:\/\/zenkit.com\/es\/integraciones\/parseur\/\"><span class=\"wp-block-navigation-item__label\">Parseur<\/span><\/a><\/li><li class=\" wp-block-navigation-item wp-block-navigation-link\"><a class=\"wp-block-navigation-item__content\"  href=\"https:\/\/zenkit.com\/es\/integraciones\/sakari-sms\/\"><span class=\"wp-block-navigation-item__label\">Sakari SMS<\/span><\/a><\/li><li class=\" wp-block-navigation-item wp-block-navigation-link\"><a class=\"wp-block-navigation-item__content\"  href=\"https:\/\/zenkit.com\/es\/integraciones\/sendinblue\/\"><span class=\"wp-block-navigation-item__label\">SendinBlue<\/span><\/a><\/li><li class=\" wp-block-navigation-item wp-block-navigation-link\"><a class=\"wp-block-navigation-item__content\"  href=\"https:\/\/zenkit.com\/es\/integraciones\/sharpspring\/\"><span class=\"wp-block-navigation-item__label\">SharpSpring<\/span><\/a><\/li><li class=\" wp-block-navigation-item wp-block-navigation-link\"><a class=\"wp-block-navigation-item__content\"  href=\"https:\/\/zenkit.com\/es\/integraciones\/simpletexting\/\"><span class=\"wp-block-navigation-item__label\">SimpleTexting<\/span><\/a><\/li><li class=\" wp-block-navigation-item wp-block-navigation-link\"><a class=\"wp-block-navigation-item__content\"  href=\"https:\/\/zenkit.com\/es\/integraciones\/smsapi\/\"><span class=\"wp-block-navigation-item__label\">SMSAPI<\/span><\/a><\/li><li class=\" wp-block-navigation-item wp-block-navigation-link\"><a class=\"wp-block-navigation-item__content\"  href=\"https:\/\/zenkit.com\/es\/integraciones\/smsfactor\/\"><span class=\"wp-block-navigation-item__label\">SMSFactor<\/span><\/a><\/li><li class=\" wp-block-navigation-item wp-block-navigation-link\"><a class=\"wp-block-navigation-item__content\"  href=\"https:\/\/zenkit.com\/es\/integraciones\/storychief\/\"><span class=\"wp-block-navigation-item__label\">StoryChief<\/span><\/a><\/li><li class=\" wp-block-navigation-item wp-block-navigation-link\"><a class=\"wp-block-navigation-item__content\"  href=\"https:\/\/zenkit.com\/es\/integraciones\/thankster\/\"><span class=\"wp-block-navigation-item__label\">Thankster<\/span><\/a><\/li><li class=\" wp-block-navigation-item wp-block-navigation-link\"><a class=\"wp-block-navigation-item__content\"  href=\"https:\/\/zenkit.com\/es\/integraciones\/whatconverts\/\"><span class=\"wp-block-navigation-item__label\">WhatConverts<\/span><\/a><\/li><\/ul><\/nav><\/div>\n\n\n\n<div class=\"wp-block-column content__integrations is-layout-flow wp-block-column-is-layout-flow\" style=\"flex-basis:77%\">\n<div class=\"wp-block-group has-global-padding is-layout-constrained wp-block-group-is-layout-constrained\">\n<div class=\"wp-block-group title is-layout-flex wp-container-core-group-is-layout-ed4b00df wp-block-group-is-layout-flex\">\n<figure class=\"wp-block-image size-full is-resized\"><img loading=\"lazy\" decoding=\"async\" width=\"1500\" height=\"1500\" src=\"https:\/\/zenkit.com\/wp-content\/uploads\/2025\/07\/BetterProposalsIconPink-Download.webp\" alt=\"Better Proposals Logo\" class=\"wp-image-117911\" style=\"width:46px;height:auto\" srcset=\"https:\/\/zenkit.com\/wp-content\/uploads\/2025\/07\/BetterProposalsIconPink-Download.webp 1500w, https:\/\/zenkit.com\/wp-content\/uploads\/2025\/07\/BetterProposalsIconPink-Download-300x300.webp 300w, https:\/\/zenkit.com\/wp-content\/uploads\/2025\/07\/BetterProposalsIconPink-Download-1024x1024.webp 1024w, https:\/\/zenkit.com\/wp-content\/uploads\/2025\/07\/BetterProposalsIconPink-Download-150x150.webp 150w, https:\/\/zenkit.com\/wp-content\/uploads\/2025\/07\/BetterProposalsIconPink-Download-768x768.webp 768w\" sizes=\"auto, (max-width: 1500px) 100vw, 1500px\" \/><\/figure>\n\n\n\n<h1 class=\"wp-block-heading\">Better Proposals &amp; Zenkit<\/h1>\n<\/div>\n\n\n\n<div class=\"wp-block-group has-global-padding is-layout-constrained wp-block-group-is-layout-constrained\">\n<h3 class=\"wp-block-heading display-h2\">Conecte sus cuentas de Zenkit y Better Proposals<\/h3>\n\n\n\n<p>Conectando con Better Proposals, usted puede asegurar en un proceso un buen funcionamiento desde la creaci\u00f3n de la propuesta hasta su finalizaci\u00f3n, para pr\u00f3ximos proyectos de administraci\u00f3n.<\/p>\n<\/div>\n<\/div>\n\n\n\n<div style=\"height:48px;--tablet-height:36px;--mobile-height:24px\" class=\"wp-block-lookeen-blocks-responsive-spacer\"><\/div>\n\n\n\n<div class=\"wp-block-group has-global-padding is-layout-constrained wp-block-group-is-layout-constrained\">\n<figure class=\"wp-block-image size-full\"><img loading=\"lazy\" decoding=\"async\" width=\"1000\" height=\"665\" src=\"https:\/\/zenkit.com\/wp-content\/uploads\/2025\/07\/Better-proposal.webp\" alt=\"Better Proposals\" class=\"wp-image-117922\" srcset=\"https:\/\/zenkit.com\/wp-content\/uploads\/2025\/07\/Better-proposal.webp 1000w, https:\/\/zenkit.com\/wp-content\/uploads\/2025\/07\/Better-proposal-300x200.webp 300w, https:\/\/zenkit.com\/wp-content\/uploads\/2025\/07\/Better-proposal-768x511.webp 768w\" sizes=\"auto, (max-width: 1000px) 100vw, 1000px\" \/><\/figure>\n<\/div>\n\n\n\n<div style=\"height:48px;--tablet-height:36px;--mobile-height:24px\" class=\"wp-block-lookeen-blocks-responsive-spacer\"><\/div>\n\n\n\n<div class=\"wp-block-group has-global-padding is-layout-constrained wp-block-group-is-layout-constrained\">\n<figure class=\"wp-block-video\"><video controls src=\"https:\/\/zenkit.com\/wp-content\/uploads\/2019\/04\/BetterProposal.mp4\"><\/video><\/figure>\n<\/div>\n\n\n\n<div style=\"height:48px;--tablet-height:36px;--mobile-height:24px\" class=\"wp-block-lookeen-blocks-responsive-spacer\"><\/div>\n\n\n\n<div class=\"wp-block-group has-global-padding is-layout-constrained wp-block-group-is-layout-constrained\">\n<h3 class=\"wp-block-heading display-h2\">Sobre Better Proposals<\/h3>\n\n\n\n<p>Better Proposals es un software en l\u00ednea para escribir propuestas que le permitan hacer altas propuestas de conversi\u00f3n en algunos minutos. Env\u00ede hermosas propuestas interactivas a sus clientes a las cuales ellos pueden registrarse en l\u00ednea. Este software disminuir\u00e1 varias horas del tiempo de escritura de la propuesta y aumentar\u00e1 las tasas de conversi\u00f3n significativamente. Revise nuestras incre\u00edbles plantillas con este enlace:&nbsp;<a href=\"https:\/\/betterproposals.io\/templates\">https:\/\/betterproposals.io\/templates<\/a>\u200b.<\/p>\n<\/div>\n\n\n\n<div style=\"height:48px;--tablet-height:36px;--mobile-height:24px\" class=\"wp-block-lookeen-blocks-responsive-spacer\"><\/div>\n\n\n\n<div class=\"wp-block-group has-global-padding is-layout-constrained wp-block-group-is-layout-constrained\">\n<h3 class=\"wp-block-heading display-h2\">Conecte Better Proposals y Zenkit<\/h3>\n\n\n\n<ol class=\"wp-block-list list__style__position-inside\">\n<li><a href=\"https:\/\/zapier.com\/sign-up\/\">Registrarse<\/a>&nbsp;a una cuenta Zapier para obtener acceso a Zapier.<\/li>\n\n\n\n<li><a href=\"https:\/\/betterproposals.io\/signup\">Crear una cuenta<\/a>&nbsp;con Better Proposals.<\/li>\n\n\n\n<li>Inicie sesi\u00f3n en Zapier y dir\u00edjase a la&nbsp;<a href=\"https:\/\/zapier.com\/apps\/better-proposals\/integrations\/zenkit\">Zenkit + Better Proposals Zapbook&nbsp;<\/a>para encontrar plantillas Zap.<\/li>\n\n\n\n<li>O escoja crear su propia integraci\u00f3n Zenkit y Better Proposals seleccionandolos cuando cree una zap.<\/li>\n<\/ol>\n<\/div>\n\n\n\n<div style=\"height:48px;--tablet-height:36px;--mobile-height:24px\" class=\"wp-block-lookeen-blocks-responsive-spacer\"><\/div>\n\n\n\n<script type=\"text\/javascript\" src=\"https:\/\/zapier.com\/apps\/embed\/widget.js?guided_zaps=43886\"><\/script>\n\n\n\n<div style=\"height:48px;--tablet-height:36px;--mobile-height:24px\" class=\"wp-block-lookeen-blocks-responsive-spacer\"><\/div>\n\n\n\n<div class=\"wp-block-group has-global-padding is-layout-constrained wp-block-group-is-layout-constrained\">\n<h3 class=\"wp-block-heading display-h2\">Soporte<\/h3>\n\n\n\n<p>Respaldado por Zapier: Por favor contacte con el&nbsp;<a href=\"https:\/\/zapier.com\/help\/contact-us\/\">servicio t\u00e9cnico de Zapier<\/a>, si usted experimenta cualquier problema. Para m\u00e1s informaci\u00f3n sobre c\u00f3mo utilizar Zenkit con Zapier, por favor lea nuestra&nbsp;<a href=\"https:\/\/zenkit.com\/documentation#\/lists\/HJQBQ1Hw\/sections\/SJYE55zA\/entries\/BJGOKQtA?_k=hyyynn\">documentaci\u00f3n<\/a>.<\/p>\n<\/div>\n<\/div>\n<\/div>\n<\/div>\n\n\n\n<div style=\"height:110px;--tablet-height:60px;--mobile-height:48px\" class=\"wp-block-lookeen-blocks-responsive-spacer\"><\/div>\n","protected":false},"excerpt":{"rendered":"<p>Integraciones de automatizaci\u00f3n de marketing Better Proposals &amp; Zenkit Conecte sus cuentas de Zenkit y Better Proposals Conectando con Better Proposals, usted puede asegurar en un proceso un buen funcionamiento desde la creaci\u00f3n de la propuesta hasta su finalizaci\u00f3n, para pr\u00f3ximos proyectos de administraci\u00f3n. Sobre Better Proposals Better Proposals es un software en l\u00ednea para [&hellip;]<\/p>\n","protected":false},"author":9,"featured_media":0,"parent":127380,"menu_order":9,"comment_status":"closed","ping_status":"closed","template":"","meta":{"yasr_overall_rating":0,"yasr_post_is_review":"","yasr_auto_insert_disabled":"","yasr_review_type":"","footnotes":""},"class_list":["post-131635","page","type-page","status-publish","hentry"],"yoast_head":"<!-- This site is optimized with the Yoast SEO plugin v27.4 - https:\/\/yoast.com\/product\/yoast-seo-wordpress\/ -->\n<title>Better Proposals | Zenkit<\/title>\n<meta name=\"robots\" content=\"index, follow, max-snippet:-1, max-image-preview:large, max-video-preview:-1\" \/>\n<link rel=\"canonical\" href=\"https:\/\/zenkit.com\/es\/integraciones\/better-proposals\/\" \/>\n<meta property=\"og:locale\" content=\"es_ES\" \/>\n<meta property=\"og:type\" content=\"article\" \/>\n<meta property=\"og:title\" content=\"Better Proposals | Zenkit\" \/>\n<meta property=\"og:description\" content=\"Integraciones de automatizaci\u00f3n de marketing Better Proposals &amp; Zenkit Conecte sus cuentas de Zenkit y Better Proposals Conectando con Better Proposals, usted puede asegurar en un proceso un buen funcionamiento desde la creaci\u00f3n de la propuesta hasta su finalizaci\u00f3n, para pr\u00f3ximos proyectos de administraci\u00f3n. Sobre Better Proposals Better Proposals es un software en l\u00ednea para [&hellip;]\" \/>\n<meta property=\"og:url\" content=\"https:\/\/zenkit.com\/es\/integraciones\/better-proposals\/\" \/>\n<meta property=\"og:site_name\" content=\"Zenkit\" \/>\n<meta property=\"article:publisher\" content=\"https:\/\/www.facebook.com\/ZenkitHQ\" \/>\n<meta property=\"article:modified_time\" content=\"2025-11-23T18:06:22+00:00\" \/>\n<meta property=\"og:image\" content=\"https:\/\/zenkit.com\/wp-content\/uploads\/2025\/07\/BetterProposalsIconPink-Download.webp\" \/>\n\t<meta property=\"og:image:width\" content=\"1500\" \/>\n\t<meta property=\"og:image:height\" content=\"1500\" \/>\n\t<meta property=\"og:image:type\" content=\"image\/webp\" \/>\n<meta name=\"twitter:card\" content=\"summary_large_image\" \/>\n<meta name=\"twitter:site\" content=\"@ZenkitHQ\" \/>\n<meta name=\"twitter:label1\" content=\"Tiempo de lectura\" \/>\n\t<meta name=\"twitter:data1\" content=\"9 minutos\" \/>\n<script type=\"application\/ld+json\" class=\"yoast-schema-graph\">{\"@context\":\"https:\\\/\\\/schema.org\",\"@graph\":[{\"@type\":\"WebPage\",\"@id\":\"https:\\\/\\\/zenkit.com\\\/es\\\/integraciones\\\/better-proposals\\\/\",\"url\":\"https:\\\/\\\/zenkit.com\\\/es\\\/integraciones\\\/better-proposals\\\/\",\"name\":\"Better Proposals | Zenkit\",\"isPartOf\":{\"@id\":\"https:\\\/\\\/zenkit.com\\\/es\\\/#website\"},\"primaryImageOfPage\":{\"@id\":\"https:\\\/\\\/zenkit.com\\\/es\\\/integraciones\\\/better-proposals\\\/#primaryimage\"},\"image\":{\"@id\":\"https:\\\/\\\/zenkit.com\\\/es\\\/integraciones\\\/better-proposals\\\/#primaryimage\"},\"thumbnailUrl\":\"https:\\\/\\\/zenkit.com\\\/wp-content\\\/uploads\\\/2025\\\/07\\\/BetterProposalsIconPink-Download.webp\",\"datePublished\":\"2025-08-28T10:24:39+00:00\",\"dateModified\":\"2025-11-23T18:06:22+00:00\",\"breadcrumb\":{\"@id\":\"https:\\\/\\\/zenkit.com\\\/es\\\/integraciones\\\/better-proposals\\\/#breadcrumb\"},\"inLanguage\":\"es\",\"potentialAction\":[{\"@type\":\"ReadAction\",\"target\":[\"https:\\\/\\\/zenkit.com\\\/es\\\/integraciones\\\/better-proposals\\\/\"]}]},{\"@type\":\"ImageObject\",\"inLanguage\":\"es\",\"@id\":\"https:\\\/\\\/zenkit.com\\\/es\\\/integraciones\\\/better-proposals\\\/#primaryimage\",\"url\":\"https:\\\/\\\/zenkit.com\\\/wp-content\\\/uploads\\\/2025\\\/07\\\/BetterProposalsIconPink-Download.webp\",\"contentUrl\":\"https:\\\/\\\/zenkit.com\\\/wp-content\\\/uploads\\\/2025\\\/07\\\/BetterProposalsIconPink-Download.webp\"},{\"@type\":\"BreadcrumbList\",\"@id\":\"https:\\\/\\\/zenkit.com\\\/es\\\/integraciones\\\/better-proposals\\\/#breadcrumb\",\"itemListElement\":[{\"@type\":\"ListItem\",\"position\":1,\"name\":\"Home\",\"item\":\"https:\\\/\\\/zenkit.com\\\/es\\\/\"},{\"@type\":\"ListItem\",\"position\":2,\"name\":\"Integraciones\",\"item\":\"https:\\\/\\\/zenkit.com\\\/es\\\/integraciones\\\/\"},{\"@type\":\"ListItem\",\"position\":3,\"name\":\"Better Proposals\"}]},{\"@type\":\"WebSite\",\"@id\":\"https:\\\/\\\/zenkit.com\\\/es\\\/#website\",\"url\":\"https:\\\/\\\/zenkit.com\\\/es\\\/\",\"name\":\"Zenkit\",\"description\":\"Zenkit Tagline\",\"potentialAction\":[{\"@type\":\"SearchAction\",\"target\":{\"@type\":\"EntryPoint\",\"urlTemplate\":\"https:\\\/\\\/zenkit.com\\\/es\\\/?s={search_term_string}\"},\"query-input\":{\"@type\":\"PropertyValueSpecification\",\"valueRequired\":true,\"valueName\":\"search_term_string\"}}],\"inLanguage\":\"es\"},false]}<\/script>\n<!-- \/ Yoast SEO plugin. -->","yoast_head_json":{"title":"Better Proposals | Zenkit","robots":{"index":"index","follow":"follow","max-snippet":"max-snippet:-1","max-image-preview":"max-image-preview:large","max-video-preview":"max-video-preview:-1"},"canonical":"https:\/\/zenkit.com\/es\/integraciones\/better-proposals\/","og_locale":"es_ES","og_type":"article","og_title":"Better Proposals | Zenkit","og_description":"Integraciones de automatizaci\u00f3n de marketing Better Proposals &amp; Zenkit Conecte sus cuentas de Zenkit y Better Proposals Conectando con Better Proposals, usted puede asegurar en un proceso un buen funcionamiento desde la creaci\u00f3n de la propuesta hasta su finalizaci\u00f3n, para pr\u00f3ximos proyectos de administraci\u00f3n. Sobre Better Proposals Better Proposals es un software en l\u00ednea para [&hellip;]","og_url":"https:\/\/zenkit.com\/es\/integraciones\/better-proposals\/","og_site_name":"Zenkit","article_publisher":"https:\/\/www.facebook.com\/ZenkitHQ","article_modified_time":"2025-11-23T18:06:22+00:00","og_image":[{"width":1500,"height":1500,"url":"https:\/\/zenkit.com\/wp-content\/uploads\/2025\/07\/BetterProposalsIconPink-Download.webp","type":"image\/webp"}],"twitter_card":"summary_large_image","twitter_site":"@ZenkitHQ","twitter_misc":{"Tiempo de lectura":"9 minutos"},"schema":{"@context":"https:\/\/schema.org","@graph":[{"@type":"WebPage","@id":"https:\/\/zenkit.com\/es\/integraciones\/better-proposals\/","url":"https:\/\/zenkit.com\/es\/integraciones\/better-proposals\/","name":"Better Proposals | Zenkit","isPartOf":{"@id":"https:\/\/zenkit.com\/es\/#website"},"primaryImageOfPage":{"@id":"https:\/\/zenkit.com\/es\/integraciones\/better-proposals\/#primaryimage"},"image":{"@id":"https:\/\/zenkit.com\/es\/integraciones\/better-proposals\/#primaryimage"},"thumbnailUrl":"https:\/\/zenkit.com\/wp-content\/uploads\/2025\/07\/BetterProposalsIconPink-Download.webp","datePublished":"2025-08-28T10:24:39+00:00","dateModified":"2025-11-23T18:06:22+00:00","breadcrumb":{"@id":"https:\/\/zenkit.com\/es\/integraciones\/better-proposals\/#breadcrumb"},"inLanguage":"es","potentialAction":[{"@type":"ReadAction","target":["https:\/\/zenkit.com\/es\/integraciones\/better-proposals\/"]}]},{"@type":"ImageObject","inLanguage":"es","@id":"https:\/\/zenkit.com\/es\/integraciones\/better-proposals\/#primaryimage","url":"https:\/\/zenkit.com\/wp-content\/uploads\/2025\/07\/BetterProposalsIconPink-Download.webp","contentUrl":"https:\/\/zenkit.com\/wp-content\/uploads\/2025\/07\/BetterProposalsIconPink-Download.webp"},{"@type":"BreadcrumbList","@id":"https:\/\/zenkit.com\/es\/integraciones\/better-proposals\/#breadcrumb","itemListElement":[{"@type":"ListItem","position":1,"name":"Home","item":"https:\/\/zenkit.com\/es\/"},{"@type":"ListItem","position":2,"name":"Integraciones","item":"https:\/\/zenkit.com\/es\/integraciones\/"},{"@type":"ListItem","position":3,"name":"Better Proposals"}]},{"@type":"WebSite","@id":"https:\/\/zenkit.com\/es\/#website","url":"https:\/\/zenkit.com\/es\/","name":"Zenkit","description":"Zenkit Tagline","potentialAction":[{"@type":"SearchAction","target":{"@type":"EntryPoint","urlTemplate":"https:\/\/zenkit.com\/es\/?s={search_term_string}"},"query-input":{"@type":"PropertyValueSpecification","valueRequired":true,"valueName":"search_term_string"}}],"inLanguage":"es"},false]}},"yasr_visitor_votes":{"stars_attributes":{"read_only":false,"span_bottom":false},"number_of_votes":0,"sum_votes":0},"_links":{"self":[{"href":"https:\/\/zenkit.com\/es\/wp-json\/wp\/v2\/pages\/131635","targetHints":{"allow":["GET"]}}],"collection":[{"href":"https:\/\/zenkit.com\/es\/wp-json\/wp\/v2\/pages"}],"about":[{"href":"https:\/\/zenkit.com\/es\/wp-json\/wp\/v2\/types\/page"}],"author":[{"embeddable":true,"href":"https:\/\/zenkit.com\/es\/wp-json\/wp\/v2\/users\/9"}],"replies":[{"embeddable":true,"href":"https:\/\/zenkit.com\/es\/wp-json\/wp\/v2\/comments?post=131635"}],"version-history":[{"count":5,"href":"https:\/\/zenkit.com\/es\/wp-json\/wp\/v2\/pages\/131635\/revisions"}],"predecessor-version":[{"id":174704,"href":"https:\/\/zenkit.com\/es\/wp-json\/wp\/v2\/pages\/131635\/revisions\/174704"}],"up":[{"embeddable":true,"href":"https:\/\/zenkit.com\/es\/wp-json\/wp\/v2\/pages\/127380"}],"wp:attachment":[{"href":"https:\/\/zenkit.com\/es\/wp-json\/wp\/v2\/media?parent=131635"}],"curies":[{"name":"wp","href":"https:\/\/api.w.org\/{rel}","templated":true}]}}