{"id":131653,"date":"2025-08-28T12:37:06","date_gmt":"2025-08-28T10:37:06","guid":{"rendered":"https:\/\/zenkit.com\/?page_id=131653"},"modified":"2025-11-04T06:53:17","modified_gmt":"2025-11-04T05:53:17","slug":"pdffiller","status":"publish","type":"page","link":"https:\/\/zenkit.com\/es\/integraciones\/pdffiller\/","title":{"rendered":"PDFfiller"},"content":{"rendered":"\n<div style=\"height:45px;--tablet-height:45px;--mobile-height:16px\" class=\"wp-block-lookeen-blocks-responsive-spacer\"><\/div>\n\n\n\n<div class=\"wp-block-group has-global-padding is-layout-constrained wp-block-group-is-layout-constrained\">\n<div class=\"wp-block-columns is-layout-flex wp-container-core-columns-is-layout-467d341d wp-block-columns-is-layout-flex\" id=\"main__integrations\" style=\"margin-top:0px;margin-bottom:0px\">\n<div class=\"wp-block-column side__bar__integrations is-layout-flow wp-block-column-is-layout-flow\" style=\"flex-basis:23%\">\n<h2 class=\"wp-block-heading has-da-blue-color-new has-text-color has-link-color wp-elements-17d6edada1775073106f74673a76fd62\" style=\"margin-top:0px;margin-bottom:0px;font-size:16px;line-height:1.5\">Otras Integraciones<\/h2>\n\n\n<nav class=\"is-vertical integrations__menu wp-block-navigation is-layout-flex wp-container-core-navigation-is-layout-5f9f5280 wp-block-navigation-is-layout-flex\" aria-label=\"es-integrations-other\"><ul class=\"wp-block-navigation__container  is-vertical integrations__menu wp-block-navigation\"><li class=\" wp-block-navigation-item wp-block-navigation-link\"><a class=\"wp-block-navigation-item__content\"  href=\"https:\/\/zenkit.com\/es\/integraciones\/deskmoz\/\"><span class=\"wp-block-navigation-item__label\">DeskMoz<\/span><\/a><\/li><li class=\" wp-block-navigation-item wp-block-navigation-link\"><a class=\"wp-block-navigation-item__content\"  href=\"https:\/\/zenkit.com\/es\/integraciones\/magic-minutes\/\"><span class=\"wp-block-navigation-item__label\">Magic Minutes<\/span><\/a><\/li><li class=\" wp-block-navigation-item wp-block-navigation-link\"><a class=\"wp-block-navigation-item__content\"  href=\"https:\/\/zenkit.com\/es\/integraciones\/pdffiller\/\"><span class=\"wp-block-navigation-item__label\">PDFfiller<\/span><\/a><\/li><li class=\" wp-block-navigation-item wp-block-navigation-link\"><a class=\"wp-block-navigation-item__content\"  href=\"https:\/\/zenkit.com\/es\/integraciones\/integrately\/\"><span class=\"wp-block-navigation-item__label\">+500 via Integrately<\/span><\/a><\/li><\/ul><\/nav><\/div>\n\n\n\n<div class=\"wp-block-column content__integrations is-layout-flow wp-block-column-is-layout-flow\" style=\"flex-basis:77%\">\n<div class=\"wp-block-group has-global-padding is-layout-constrained wp-block-group-is-layout-constrained\">\n<div class=\"wp-block-group title is-layout-flex wp-container-core-group-is-layout-ed4b00df wp-block-group-is-layout-flex\">\n<figure class=\"wp-block-image size-full is-resized\"><img loading=\"lazy\" decoding=\"async\" width=\"659\" height=\"659\" src=\"https:\/\/zenkit.com\/wp-content\/uploads\/2025\/07\/PDFfiller_logo.webp\" alt=\"\" class=\"wp-image-117686\" style=\"width:auto;height:46px\" srcset=\"https:\/\/zenkit.com\/wp-content\/uploads\/2025\/07\/PDFfiller_logo.webp 659w, https:\/\/zenkit.com\/wp-content\/uploads\/2025\/07\/PDFfiller_logo-300x300.webp 300w, https:\/\/zenkit.com\/wp-content\/uploads\/2025\/07\/PDFfiller_logo-150x150.webp 150w\" sizes=\"auto, (max-width: 659px) 100vw, 659px\" \/><\/figure>\n\n\n\n<h1 class=\"wp-block-heading\">PDFfiller &amp; Zenkit<\/h1>\n<\/div>\n\n\n\n<div class=\"wp-block-group has-global-padding is-layout-constrained wp-block-group-is-layout-constrained\">\n<h2 class=\"wp-block-heading display-h2\">Conecte sus cuentas de Zenkit y PDFfiller<\/h2>\n\n\n\n<p>\u00bfUsted utiliza PDFfiller para administrar, editar y compartir sus documentos PDF en l\u00ednea? Una vez sus contactos firmen o llenen documentos PDF, usualmente resulta en nuevos to-do para usted. Ya sea revisando los documentos o agendando un cuarto para reunirse con los contactos. Con la ayuda de nuestra integraci\u00f3n Zapier, usted no tendr\u00e1 que crear manualmente los Zenkit to-do y de esa forma \u00a1garantizar que sus listas to-do est\u00e9n actualizadas!<\/p>\n<\/div>\n<\/div>\n\n\n\n<div style=\"height:48px;--tablet-height:36px;--mobile-height:24px\" class=\"wp-block-lookeen-blocks-responsive-spacer\"><\/div>\n\n\n\n<div class=\"wp-block-group has-global-padding is-layout-constrained wp-block-group-is-layout-constrained\">\n<figure class=\"wp-block-image size-full\"><img loading=\"lazy\" decoding=\"async\" width=\"1024\" height=\"559\" src=\"https:\/\/zenkit.com\/wp-content\/uploads\/2025\/07\/PDFfiller_screenshot-1024x559-1.webp\" alt=\"\" class=\"wp-image-117697\" srcset=\"https:\/\/zenkit.com\/wp-content\/uploads\/2025\/07\/PDFfiller_screenshot-1024x559-1.webp 1024w, https:\/\/zenkit.com\/wp-content\/uploads\/2025\/07\/PDFfiller_screenshot-1024x559-1-300x164.webp 300w, https:\/\/zenkit.com\/wp-content\/uploads\/2025\/07\/PDFfiller_screenshot-1024x559-1-768x419.webp 768w\" sizes=\"auto, (max-width: 1024px) 100vw, 1024px\" \/><\/figure>\n<\/div>\n\n\n\n<div style=\"height:48px;--tablet-height:36px;--mobile-height:24px\" class=\"wp-block-lookeen-blocks-responsive-spacer\"><\/div>\n\n\n\n<div class=\"wp-block-group has-global-padding is-layout-constrained wp-block-group-is-layout-constrained\">\n<h3 class=\"wp-block-heading display-h2\">Acerca PDFfiller: Administraci\u00f3n de Documentos PDF En L\u00ednea<\/h3>\n\n\n\n<p><a href=\"https:\/\/www.pdffiller.com\/en\/\">PDFfiller<\/a>\u00a0es un editor de PDF todo en uno en l\u00ednea, generador de documentos, administrador de firmas electr\u00f3nicas y soluci\u00f3n de construcci\u00f3n de formularios. Es una librer\u00eda en l\u00ednea de 25 millones de documentos fiables que le permitir\u00e1 encontrar r\u00e1pidamente el PDF que necesite. PDFfiller le provee opciones de seguridad avanzada y usted podr\u00e1 trabajar desde cualquier ordenador o dispositivo m\u00f3vil sin necesidad de hacer descargas o instalaciones. Los destinatarios no necesitan tener una cuenta de PDFfiller para completar un PDF. Si tiene m\u00e1s preguntas, el equipo de soporte t\u00e9cnico de PDFfiller est\u00e1 listo para ayudarle las 24\/7. Comience su periodo gratuito:\u00a0<a href=\"https:\/\/www.pdffiller.com\/en\/services.htm\">https:\/\/www.pdffiller.com\/en\/services.htm<\/a><\/p>\n\n\n\n<p>Con PDFfiller usted podr\u00e1:<\/p>\n\n\n\n<ul class=\"wp-block-list is-style-da-left-indent\">\n<li>editar y anotar texto y gr\u00e1ficas en cualquier PDF nativo o imagen.<\/li>\n\n\n\n<li>firme electr\u00f3nicamente un PDF y cree flujos de trabajo complejos de firma electr\u00f3nica.<\/li>\n\n\n\n<li>Convierta cualquier documento en un formulario PDF interactivo que se pueda completar, alojarlo en su sitio web y compartirlo por correo electr\u00f3nico o un enlace directo.<\/li>\n<\/ul>\n<\/div>\n\n\n\n<div style=\"height:48px;--tablet-height:36px;--mobile-height:24px\" class=\"wp-block-lookeen-blocks-responsive-spacer\"><\/div>\n\n\n\n<div class=\"wp-block-group has-global-padding is-layout-constrained wp-block-group-is-layout-constrained\">\n<h3 class=\"wp-block-heading display-h2\">Acerca de Zenkit: Administraci\u00f3n de Proyectos En L\u00ednea<\/h3>\n\n\n\n<p><a href=\"https:\/\/zenkit.com\/\">Zenkit<\/a>\u00a0es una herramienta amigable para usuarios, es colaborativa para la administraci\u00f3n de proyectos, generadora de base de datos y mucho m\u00e1s. Esta le permite cambiar vistas (tablas, listas to-do, Kanban, calendarios y mapas mentales) con un solo clic. Usted puede compartir su trabajo en l\u00ednea con publicar e integrar collections, y construir integraciones con nuestra documentada API. Zenkit es suficientemente flexible para adaptarse a cualquier flujo de trabajo y bastante poderosa para manejar su negocio. Cree una cuenta gratuita:\u00a0<a href=\"https:\/\/app.zenkit.com\/register\">https:\/\/app.zenkit.com\/register<\/a>.<\/p>\n<\/div>\n\n\n\n<div style=\"height:48px;--tablet-height:36px;--mobile-height:24px\" class=\"wp-block-lookeen-blocks-responsive-spacer\"><\/div>\n\n\n\n<div class=\"wp-block-group has-global-padding is-layout-constrained wp-block-group-is-layout-constrained\">\n<h3 class=\"wp-block-heading display-h2\">\u00bfC\u00f3mo conectar PDFfiller y Zenkit?<\/h3>\n\n\n\n<ol class=\"wp-block-list list__style__position-inside\">\n<li><a href=\"https:\/\/zapier.com\/sign-up\/\">Registrarse\u00a0<\/a>a una cuenta Zapier para obtener acceso a Zapier.<\/li>\n\n\n\n<li><a href=\"https:\/\/www.pdffiller.com\/en\/login.htm\">Crear una cuenta<\/a>\u00a0con PDFfiller.<\/li>\n\n\n\n<li>Inicie sesi\u00f3n en Zapier y dir\u00edjase a la\u00a0<a href=\"https:\/\/zapier.com\/apps\/zenkit\/integrations\/pdffiller\">Zenkit + PDFfiller Zapbook\u00a0<\/a>para encontrar plantillas Zap.<\/li>\n\n\n\n<li>O escoja crear su propia integraci\u00f3n Zenkit y PDFfiller seleccionandolos cuando cree una zap.<\/li>\n<\/ol>\n<\/div>\n\n\n\n<div style=\"height:48px;--tablet-height:36px;--mobile-height:24px\" class=\"wp-block-lookeen-blocks-responsive-spacer\"><\/div>\n\n\n\n<div class=\"wp-block-group has-global-padding is-layout-constrained wp-block-group-is-layout-constrained\">\n<script type=\"text\/javascript\" src=\"https:\/\/zapier.com\/apps\/embed\/widget.js?guided_zaps=42742\"><\/script>\n<\/div>\n\n\n\n<div style=\"height:48px;--tablet-height:36px;--mobile-height:24px\" class=\"wp-block-lookeen-blocks-responsive-spacer\"><\/div>\n\n\n\n<div class=\"wp-block-group has-global-padding is-layout-constrained wp-block-group-is-layout-constrained\">\n<h3 class=\"wp-block-heading display-h2\">\u00bfQui\u00e9n se va a beneficiar de esta integraci\u00f3n de PDFfiller y Zenkit?<\/h3>\n\n\n\n<ul class=\"wp-block-list is-style-da-left-indent\">\n<li>Personas que deseen mejorar su flujo de trabajo al integrar Zenkit con una herramienta de administraci\u00f3n de documentos PDF en l\u00ednea.<\/li>\n\n\n\n<li>Personas que sufren de la ineficiencia y baja productividad que causa el tener que lidiar con procesos recurrentes manuales.<\/li>\n<\/ul>\n<\/div>\n\n\n\n<div style=\"height:48px;--tablet-height:36px;--mobile-height:24px\" class=\"wp-block-lookeen-blocks-responsive-spacer\"><\/div>\n\n\n\n<div class=\"wp-block-group has-global-padding is-layout-constrained wp-block-group-is-layout-constrained\">\n<h3 class=\"wp-block-heading display-h2\">Detalles de Integraci\u00f3n Adicionales<\/h3>\n\n\n\n<ul class=\"wp-block-list is-style-da-left-indent\">\n<li>Respaldado por Zapier: Por favor contacte con el\u00a0<a href=\"https:\/\/zapier.com\/help\/contact-us\/\">servicio t\u00e9cnico de Zapier<\/a>\u00a0, si usted experimenta cualquier problema.<\/li>\n\n\n\n<li>Para m\u00e1s informaci\u00f3n sobre c\u00f3mo utilizar Zenkit con Zapier, por favor lea nuestra\u00a0<a href=\"https:\/\/zenkit.com\/documentation#\/lists\/HJQBQ1Hw\/sections\/SJYE55zA\/entries\/BJGOKQtA?_k=hyyynn\">documentaci\u00f3n<\/a>.<\/li>\n<\/ul>\n<\/div>\n<\/div>\n<\/div>\n<\/div>\n\n\n\n<div style=\"height:110px;--tablet-height:60px;--mobile-height:48px\" class=\"wp-block-lookeen-blocks-responsive-spacer\"><\/div>\n","protected":false},"excerpt":{"rendered":"<p>Otras Integraciones PDFfiller &amp; Zenkit Conecte sus cuentas de Zenkit y PDFfiller \u00bfUsted utiliza PDFfiller para administrar, editar y compartir sus documentos PDF en l\u00ednea? Una vez sus contactos firmen o llenen documentos PDF, usualmente resulta en nuevos to-do para usted. Ya sea revisando los documentos o agendando un cuarto para reunirse con los contactos. [&hellip;]<\/p>\n","protected":false},"author":9,"featured_media":0,"parent":127380,"menu_order":5,"comment_status":"closed","ping_status":"closed","template":"","meta":{"yasr_overall_rating":0,"yasr_post_is_review":"","yasr_auto_insert_disabled":"","yasr_review_type":"","footnotes":""},"class_list":["post-131653","page","type-page","status-publish","hentry"],"yoast_head":"<!-- This site is optimized with the Yoast SEO plugin v27.3 - https:\/\/yoast.com\/product\/yoast-seo-wordpress\/ -->\n<title>PDFfiller | Zenkit<\/title>\n<meta name=\"robots\" content=\"index, follow, max-snippet:-1, max-image-preview:large, max-video-preview:-1\" \/>\n<link rel=\"canonical\" href=\"https:\/\/zenkit.com\/es\/integraciones\/pdffiller\/\" \/>\n<meta property=\"og:locale\" content=\"es_ES\" \/>\n<meta property=\"og:type\" content=\"article\" \/>\n<meta property=\"og:title\" content=\"PDFfiller | Zenkit\" \/>\n<meta property=\"og:description\" content=\"Otras Integraciones PDFfiller &amp; Zenkit Conecte sus cuentas de Zenkit y PDFfiller \u00bfUsted utiliza PDFfiller para administrar, editar y compartir sus documentos PDF en l\u00ednea? Una vez sus contactos firmen o llenen documentos PDF, usualmente resulta en nuevos to-do para usted. Ya sea revisando los documentos o agendando un cuarto para reunirse con los contactos. [&hellip;]\" \/>\n<meta property=\"og:url\" content=\"https:\/\/zenkit.com\/es\/integraciones\/pdffiller\/\" \/>\n<meta property=\"og:site_name\" content=\"Zenkit\" \/>\n<meta property=\"article:publisher\" content=\"https:\/\/www.facebook.com\/ZenkitHQ\" \/>\n<meta property=\"article:modified_time\" content=\"2025-11-04T05:53:17+00:00\" \/>\n<meta property=\"og:image\" content=\"https:\/\/zenkit.com\/wp-content\/uploads\/2025\/07\/PDFfiller_logo.webp\" \/>\n\t<meta property=\"og:image:width\" content=\"659\" \/>\n\t<meta property=\"og:image:height\" content=\"659\" \/>\n\t<meta property=\"og:image:type\" content=\"image\/webp\" \/>\n<meta name=\"twitter:card\" content=\"summary_large_image\" \/>\n<meta name=\"twitter:site\" content=\"@ZenkitHQ\" \/>\n<meta name=\"twitter:label1\" content=\"Tiempo de lectura\" \/>\n\t<meta name=\"twitter:data1\" content=\"3 minutos\" \/>\n<script type=\"application\/ld+json\" class=\"yoast-schema-graph\">{\"@context\":\"https:\\\/\\\/schema.org\",\"@graph\":[{\"@type\":\"WebPage\",\"@id\":\"https:\\\/\\\/zenkit.com\\\/es\\\/integraciones\\\/pdffiller\\\/\",\"url\":\"https:\\\/\\\/zenkit.com\\\/es\\\/integraciones\\\/pdffiller\\\/\",\"name\":\"PDFfiller | Zenkit\",\"isPartOf\":{\"@id\":\"https:\\\/\\\/zenkit.com\\\/es\\\/#website\"},\"primaryImageOfPage\":{\"@id\":\"https:\\\/\\\/zenkit.com\\\/es\\\/integraciones\\\/pdffiller\\\/#primaryimage\"},\"image\":{\"@id\":\"https:\\\/\\\/zenkit.com\\\/es\\\/integraciones\\\/pdffiller\\\/#primaryimage\"},\"thumbnailUrl\":\"https:\\\/\\\/zenkit.com\\\/wp-content\\\/uploads\\\/2025\\\/07\\\/PDFfiller_logo.webp\",\"datePublished\":\"2025-08-28T10:37:06+00:00\",\"dateModified\":\"2025-11-04T05:53:17+00:00\",\"breadcrumb\":{\"@id\":\"https:\\\/\\\/zenkit.com\\\/es\\\/integraciones\\\/pdffiller\\\/#breadcrumb\"},\"inLanguage\":\"es\",\"potentialAction\":[{\"@type\":\"ReadAction\",\"target\":[\"https:\\\/\\\/zenkit.com\\\/es\\\/integraciones\\\/pdffiller\\\/\"]}]},{\"@type\":\"ImageObject\",\"inLanguage\":\"es\",\"@id\":\"https:\\\/\\\/zenkit.com\\\/es\\\/integraciones\\\/pdffiller\\\/#primaryimage\",\"url\":\"https:\\\/\\\/zenkit.com\\\/wp-content\\\/uploads\\\/2025\\\/07\\\/PDFfiller_logo.webp\",\"contentUrl\":\"https:\\\/\\\/zenkit.com\\\/wp-content\\\/uploads\\\/2025\\\/07\\\/PDFfiller_logo.webp\"},{\"@type\":\"BreadcrumbList\",\"@id\":\"https:\\\/\\\/zenkit.com\\\/es\\\/integraciones\\\/pdffiller\\\/#breadcrumb\",\"itemListElement\":[{\"@type\":\"ListItem\",\"position\":1,\"name\":\"Home\",\"item\":\"https:\\\/\\\/zenkit.com\\\/es\\\/\"},{\"@type\":\"ListItem\",\"position\":2,\"name\":\"Integraciones\",\"item\":\"https:\\\/\\\/zenkit.com\\\/es\\\/integraciones\\\/\"},{\"@type\":\"ListItem\",\"position\":3,\"name\":\"PDFfiller\"}]},{\"@type\":\"WebSite\",\"@id\":\"https:\\\/\\\/zenkit.com\\\/es\\\/#website\",\"url\":\"https:\\\/\\\/zenkit.com\\\/es\\\/\",\"name\":\"Zenkit\",\"description\":\"Zenkit Tagline\",\"potentialAction\":[{\"@type\":\"SearchAction\",\"target\":{\"@type\":\"EntryPoint\",\"urlTemplate\":\"https:\\\/\\\/zenkit.com\\\/es\\\/?s={search_term_string}\"},\"query-input\":{\"@type\":\"PropertyValueSpecification\",\"valueRequired\":true,\"valueName\":\"search_term_string\"}}],\"inLanguage\":\"es\"},false]}<\/script>\n<!-- \/ Yoast SEO plugin. -->","yoast_head_json":{"title":"PDFfiller | Zenkit","robots":{"index":"index","follow":"follow","max-snippet":"max-snippet:-1","max-image-preview":"max-image-preview:large","max-video-preview":"max-video-preview:-1"},"canonical":"https:\/\/zenkit.com\/es\/integraciones\/pdffiller\/","og_locale":"es_ES","og_type":"article","og_title":"PDFfiller | Zenkit","og_description":"Otras Integraciones PDFfiller &amp; Zenkit Conecte sus cuentas de Zenkit y PDFfiller \u00bfUsted utiliza PDFfiller para administrar, editar y compartir sus documentos PDF en l\u00ednea? Una vez sus contactos firmen o llenen documentos PDF, usualmente resulta en nuevos to-do para usted. Ya sea revisando los documentos o agendando un cuarto para reunirse con los contactos. [&hellip;]","og_url":"https:\/\/zenkit.com\/es\/integraciones\/pdffiller\/","og_site_name":"Zenkit","article_publisher":"https:\/\/www.facebook.com\/ZenkitHQ","article_modified_time":"2025-11-04T05:53:17+00:00","og_image":[{"width":659,"height":659,"url":"https:\/\/zenkit.com\/wp-content\/uploads\/2025\/07\/PDFfiller_logo.webp","type":"image\/webp"}],"twitter_card":"summary_large_image","twitter_site":"@ZenkitHQ","twitter_misc":{"Tiempo de lectura":"3 minutos"},"schema":{"@context":"https:\/\/schema.org","@graph":[{"@type":"WebPage","@id":"https:\/\/zenkit.com\/es\/integraciones\/pdffiller\/","url":"https:\/\/zenkit.com\/es\/integraciones\/pdffiller\/","name":"PDFfiller | Zenkit","isPartOf":{"@id":"https:\/\/zenkit.com\/es\/#website"},"primaryImageOfPage":{"@id":"https:\/\/zenkit.com\/es\/integraciones\/pdffiller\/#primaryimage"},"image":{"@id":"https:\/\/zenkit.com\/es\/integraciones\/pdffiller\/#primaryimage"},"thumbnailUrl":"https:\/\/zenkit.com\/wp-content\/uploads\/2025\/07\/PDFfiller_logo.webp","datePublished":"2025-08-28T10:37:06+00:00","dateModified":"2025-11-04T05:53:17+00:00","breadcrumb":{"@id":"https:\/\/zenkit.com\/es\/integraciones\/pdffiller\/#breadcrumb"},"inLanguage":"es","potentialAction":[{"@type":"ReadAction","target":["https:\/\/zenkit.com\/es\/integraciones\/pdffiller\/"]}]},{"@type":"ImageObject","inLanguage":"es","@id":"https:\/\/zenkit.com\/es\/integraciones\/pdffiller\/#primaryimage","url":"https:\/\/zenkit.com\/wp-content\/uploads\/2025\/07\/PDFfiller_logo.webp","contentUrl":"https:\/\/zenkit.com\/wp-content\/uploads\/2025\/07\/PDFfiller_logo.webp"},{"@type":"BreadcrumbList","@id":"https:\/\/zenkit.com\/es\/integraciones\/pdffiller\/#breadcrumb","itemListElement":[{"@type":"ListItem","position":1,"name":"Home","item":"https:\/\/zenkit.com\/es\/"},{"@type":"ListItem","position":2,"name":"Integraciones","item":"https:\/\/zenkit.com\/es\/integraciones\/"},{"@type":"ListItem","position":3,"name":"PDFfiller"}]},{"@type":"WebSite","@id":"https:\/\/zenkit.com\/es\/#website","url":"https:\/\/zenkit.com\/es\/","name":"Zenkit","description":"Zenkit Tagline","potentialAction":[{"@type":"SearchAction","target":{"@type":"EntryPoint","urlTemplate":"https:\/\/zenkit.com\/es\/?s={search_term_string}"},"query-input":{"@type":"PropertyValueSpecification","valueRequired":true,"valueName":"search_term_string"}}],"inLanguage":"es"},false]}},"yasr_visitor_votes":{"stars_attributes":{"read_only":false,"span_bottom":false},"number_of_votes":0,"sum_votes":0},"_links":{"self":[{"href":"https:\/\/zenkit.com\/es\/wp-json\/wp\/v2\/pages\/131653","targetHints":{"allow":["GET"]}}],"collection":[{"href":"https:\/\/zenkit.com\/es\/wp-json\/wp\/v2\/pages"}],"about":[{"href":"https:\/\/zenkit.com\/es\/wp-json\/wp\/v2\/types\/page"}],"author":[{"embeddable":true,"href":"https:\/\/zenkit.com\/es\/wp-json\/wp\/v2\/users\/9"}],"replies":[{"embeddable":true,"href":"https:\/\/zenkit.com\/es\/wp-json\/wp\/v2\/comments?post=131653"}],"version-history":[{"count":3,"href":"https:\/\/zenkit.com\/es\/wp-json\/wp\/v2\/pages\/131653\/revisions"}],"predecessor-version":[{"id":131658,"href":"https:\/\/zenkit.com\/es\/wp-json\/wp\/v2\/pages\/131653\/revisions\/131658"}],"up":[{"embeddable":true,"href":"https:\/\/zenkit.com\/es\/wp-json\/wp\/v2\/pages\/127380"}],"wp:attachment":[{"href":"https:\/\/zenkit.com\/es\/wp-json\/wp\/v2\/media?parent=131653"}],"curies":[{"name":"wp","href":"https:\/\/api.w.org\/{rel}","templated":true}]}}