{"id":131667,"date":"2025-08-28T12:50:04","date_gmt":"2025-08-28T10:50:04","guid":{"rendered":"https:\/\/zenkit.com\/?page_id=131667"},"modified":"2025-11-04T06:53:17","modified_gmt":"2025-11-04T05:53:17","slug":"10to8","status":"publish","type":"page","link":"https:\/\/zenkit.com\/es\/integraciones\/10to8\/","title":{"rendered":"10to8"},"content":{"rendered":"\n<div style=\"height:45px;--tablet-height:45px;--mobile-height:16px\" class=\"wp-block-lookeen-blocks-responsive-spacer\"><\/div>\n\n\n\n<div class=\"wp-block-group has-global-padding is-layout-constrained wp-block-group-is-layout-constrained\">\n<div class=\"wp-block-columns is-layout-flex wp-container-core-columns-is-layout-467d341d wp-block-columns-is-layout-flex\" id=\"main__integrations\" style=\"margin-top:0px;margin-bottom:0px\">\n<div class=\"wp-block-column side__bar__integrations is-layout-flow wp-block-column-is-layout-flow\" style=\"flex-basis:23%\">\n<h2 class=\"wp-block-heading has-da-blue-color-new has-text-color has-link-color wp-elements-13c96ad53e1c30bdaa011c61a24a6470\" style=\"margin-top:0px;margin-bottom:0px;font-size:16px;line-height:1.5\">Integraci\u00f3n de la programaci\u00f3n<\/h2>\n\n\n<nav class=\"is-vertical integrations__menu wp-block-navigation is-layout-flex wp-container-core-navigation-is-layout-5f9f5280 wp-block-navigation-is-layout-flex\" aria-label=\"es-integrations-scheduling\"><ul class=\"wp-block-navigation__container  is-vertical integrations__menu wp-block-navigation\"><li class=\" wp-block-navigation-item wp-block-navigation-link\"><a class=\"wp-block-navigation-item__content\"  href=\"https:\/\/zenkit.com\/es\/integraciones\/bookafy\/\"><span class=\"wp-block-navigation-item__label\">Bookafy<\/span><\/a><\/li><li class=\" wp-block-navigation-item wp-block-navigation-link\"><a class=\"wp-block-navigation-item__content\"  href=\"https:\/\/zenkit.com\/es\/integraciones\/appointlet\/\"><span class=\"wp-block-navigation-item__label\">Appointlet<\/span><\/a><\/li><li class=\" wp-block-navigation-item wp-block-navigation-link\"><a class=\"wp-block-navigation-item__content\"  href=\"https:\/\/zenkit.com\/es\/integraciones\/etermin\/\"><span class=\"wp-block-navigation-item__label\">eTermin<\/span><\/a><\/li><li class=\" wp-block-navigation-item wp-block-navigation-link\"><a class=\"wp-block-navigation-item__content\"  href=\"https:\/\/zenkit.com\/es\/integraciones\/eventable\/\"><span class=\"wp-block-navigation-item__label\">Eventable<\/span><\/a><\/li><li class=\" wp-block-navigation-item wp-block-navigation-link\"><a class=\"wp-block-navigation-item__content\"  href=\"https:\/\/zenkit.com\/es\/integraciones\/simplybook-me-2\/\"><span class=\"wp-block-navigation-item__label\">SimplyBook.me<\/span><\/a><\/li><li class=\" wp-block-navigation-item wp-block-navigation-link\"><a class=\"wp-block-navigation-item__content\"  href=\"https:\/\/zenkit.com\/es\/integraciones\/10to8\/\"><span class=\"wp-block-navigation-item__label\">10to8<\/span><\/a><\/li><li class=\" wp-block-navigation-item wp-block-navigation-link\"><a class=\"wp-block-navigation-item__content\"  href=\"https:\/\/zenkit.com\/es\/integraciones\/supersaas\/\"><span class=\"wp-block-navigation-item__label\">SuperSaaS<\/span><\/a><\/li><\/ul><\/nav><\/div>\n\n\n\n<div class=\"wp-block-column content__integrations is-layout-flow wp-block-column-is-layout-flow\" style=\"flex-basis:77%\">\n<div class=\"wp-block-group has-global-padding is-layout-constrained wp-block-group-is-layout-constrained\">\n<div class=\"wp-block-group title is-nowrap is-layout-flex wp-container-core-group-is-layout-2e1435bd wp-block-group-is-layout-flex\">\n<figure class=\"wp-block-image size-full is-resized\"><img loading=\"lazy\" decoding=\"async\" width=\"400\" height=\"400\" src=\"https:\/\/zenkit.com\/wp-content\/uploads\/2019\/05\/10to8.png\" alt=\"10to9 Logo\" class=\"wp-image-26951\" style=\"width:auto;height:46px\" srcset=\"https:\/\/zenkit.com\/wp-content\/uploads\/2019\/05\/10to8.png 400w, https:\/\/zenkit.com\/wp-content\/uploads\/2019\/05\/10to8-150x150.png 150w, https:\/\/zenkit.com\/wp-content\/uploads\/2019\/05\/10to8-300x300.png 300w\" sizes=\"auto, (max-width: 400px) 100vw, 400px\" \/><\/figure>\n\n\n\n<h1 class=\"wp-block-heading\">10to8 &amp; Zenkit<\/h1>\n<\/div>\n\n\n\n<div class=\"wp-block-group has-global-padding is-layout-constrained wp-block-group-is-layout-constrained\">\n<h3 class=\"wp-block-heading\">Conecte sus cuentas Zenkit y 10to8<\/h3>\n\n\n\n<p>Si usted est\u00e1 utilizando 10to8 para agendar citas en l\u00ednea. Despu\u00e9s de que sus contactos hayan agendado citas satisfactoriamente a trav\u00e9s de 10to8, \u00bfqu\u00e9 viene despu\u00e9s?<\/p>\n\n\n\n<p>Con nuestra integraci\u00f3n Zapier los detalles de citas, incluyendo nombre de contacto, correo electr\u00f3nico y notas, ser\u00e1n autom\u00e1ticamente agregados a su base de datos de contacto de Zenkit, de esa manera podr\u00e1 trabajar con su CRM si usted lo necesita. \u00a1Usted nunca tendr\u00e1 que repetir el trabajo tedioso de transferir manualmente sus datos!<\/p>\n<\/div>\n\n\n\n<div style=\"height:48px;--tablet-height:36px;--mobile-height:24px\" class=\"wp-block-lookeen-blocks-responsive-spacer\"><\/div>\n<\/div>\n\n\n\n<div class=\"wp-block-group has-global-padding is-layout-constrained wp-block-group-is-layout-constrained\">\n<figure class=\"wp-block-video\"><video controls src=\"https:\/\/zenkit.com\/wp-content\/uploads\/2019\/08\/10to8_-Appointment-Scheduling-Software.mp4\"><\/video><\/figure>\n<\/div>\n\n\n\n<div style=\"height:48px;--tablet-height:36px;--mobile-height:24px\" class=\"wp-block-lookeen-blocks-responsive-spacer\"><\/div>\n\n\n\n<div class=\"wp-block-group has-global-padding is-layout-constrained wp-block-group-is-layout-constrained\">\n<h3 class=\"wp-block-heading display-h2\">Acerca de 10to8: Software de Agendamiento de Citas<\/h3>\n\n\n\n<p><a href=\"https:\/\/10to8.com\/\">10to8<\/a>&nbsp;es un software gratuito todo en uno de agendamiento de citas confiado por m\u00e1s de 50,000 negocios alrededor del mundo. Con 10to8, los clientes pueden agendar espacios libres y otros servicios especificados que su negocio provea. \u00bfAlgo m\u00e1s? Debido a SMS autom\u00e1ticos y recordatorios de correos electr\u00f3nicos, junto con chats bidireccionales se puede reducir la no presentaci\u00f3n a la cita, se puede mejorar la comunicaci\u00f3n con el cliente y m\u00e1s negocios podr\u00e1n ganar.<\/p>\n\n\n\n<p>La caracter\u00edstica principal de 10to8 es el chat bidireccional que puede ser conectado con su propio sistema de calendario. Este asegura intercambios de mensajes en tiempo real entre usted y sus clientes, y le da completa visibilidad entre sus horarios y citas. \u00a1Tambi\u00e9n se integra con m\u00e1s de otras 500 aplicaciones!<\/p>\n<\/div>\n\n\n\n<div style=\"height:48px;--tablet-height:36px;--mobile-height:24px\" class=\"wp-block-lookeen-blocks-responsive-spacer\"><\/div>\n\n\n\n<div class=\"wp-block-group has-global-padding is-layout-constrained wp-block-group-is-layout-constrained\">\n<h3 class=\"wp-block-heading display-h2\">Acerca de Zenkit: Administraci\u00f3n de Proyectos En L\u00ednea<\/h3>\n\n\n\n<p><a href=\"https:\/\/zenkit.com\/\">Zenkit<\/a>\u00a0es una herramienta amigable para usuarios, es colaborativa para la administraci\u00f3n de proyectos, generadora de base de datos y mucho m\u00e1s. Esta le permite cambiar vistas (tablas, listas to-do, Kanban, calendarios y mapas mentales) con un solo clic. Usted puede compartir su trabajo en l\u00ednea con publicar e integrar collections, y construir integraciones con nuestra documentada API. Zenkit es suficientemente flexible para adaptarse a cualquier flujo de trabajo y bastante poderosa para manejar su negocio. Cree una cuenta gratuita:\u00a0<a href=\"https:\/\/app.zenkit.com\/register\">https:\/\/app.zenkit.com\/register<\/a>.<\/p>\n<\/div>\n\n\n\n<div style=\"height:48px;--tablet-height:36px;--mobile-height:24px\" class=\"wp-block-lookeen-blocks-responsive-spacer\"><\/div>\n\n\n\n<div class=\"wp-block-group has-global-padding is-layout-constrained wp-block-group-is-layout-constrained\">\n<h3 class=\"wp-block-heading display-h2\">\u00bfC\u00f3mo conectar 10to8 y Zenkit?<\/h3>\n\n\n\n<ol class=\"wp-block-list list__style__position-inside\">\n<li><a href=\"https:\/\/zapier.com\/sign-up\/\">Registrarse<\/a>\u00a0a una cuenta Zapier para obtener acceso a Zapier.<\/li>\n\n\n\n<li><a href=\"https:\/\/10to8.com\/\">Crear una cuenta<\/a>\u00a0con 10to8.<\/li>\n\n\n\n<li>Inicie sesi\u00f3n en Zapier y dir\u00edjase a la\u00a0<a href=\"https:\/\/zapier.com\/apps\/zenkit\/integrations\/10to8\">Zenkit + 10to8 Zapbook<\/a>\u00a0para encontrar plantillas Zap.<\/li>\n\n\n\n<li>O escoja crear su propia integraci\u00f3n Zenkit y 10to8 seleccionandolos cuando cree una zap.<\/li>\n<\/ol>\n<\/div>\n\n\n\n<div style=\"height:48px;--tablet-height:36px;--mobile-height:24px\" class=\"wp-block-lookeen-blocks-responsive-spacer\"><\/div>\n\n\n\n<div class=\"wp-block-group has-global-padding is-layout-constrained wp-block-group-is-layout-constrained\">\n<h3 class=\"wp-block-heading display-h2\">\u00bfQui\u00e9n se va a beneficiar de esta integraci\u00f3n de 10to8 y Zenkit?<\/h3>\n\n\n\n<ul class=\"wp-block-list is-style-da-left-indent\">\n<li>Personas que deseen capturar contactos y prospectos de un software de agendamiento de citas con mejor eficiencia.<\/li>\n\n\n\n<li>Due\u00f1os de negocios que deseen mejorar la productividad de su equipo con automatizaci\u00f3n.<\/li>\n<\/ul>\n<\/div>\n\n\n\n<div style=\"height:48px;--tablet-height:36px;--mobile-height:24px\" class=\"wp-block-lookeen-blocks-responsive-spacer\"><\/div>\n\n\n\n<div class=\"wp-block-group has-global-padding is-layout-constrained wp-block-group-is-layout-constrained\">\n<h3 class=\"wp-block-heading display-h2\">Detalles de Integraci\u00f3n Adicionales<\/h3>\n\n\n\n<ul class=\"wp-block-list\">\n<li>Respaldado por Zapier: Por favor contacte con el\u00a0<a href=\"https:\/\/zapier.com\/help\/contact-us\/\">servicio t\u00e9cnico de Zapier<\/a>\u00a0, si usted experimenta cualquier problema.<\/li>\n\n\n\n<li>Para m\u00e1s informaci\u00f3n sobre c\u00f3mo utilizar Zenkit con Zapier, por favor lea nuestra\u00a0<a href=\"https:\/\/zenkit.com\/documentation#\/lists\/HJQBQ1Hw\/sections\/SJYE55zA\/entries\/BJGOKQtA?_k=hyyynn\">documentaci\u00f3n<\/a>.<\/li>\n<\/ul>\n<\/div>\n<\/div>\n<\/div>\n<\/div>\n\n\n\n<div style=\"height:110px;--tablet-height:60px;--mobile-height:48px\" class=\"wp-block-lookeen-blocks-responsive-spacer\"><\/div>\n","protected":false},"excerpt":{"rendered":"<p>Integraci\u00f3n de la programaci\u00f3n 10to8 &amp; Zenkit Conecte sus cuentas Zenkit y 10to8 Si usted est\u00e1 utilizando 10to8 para agendar citas en l\u00ednea. Despu\u00e9s de que sus contactos hayan agendado citas satisfactoriamente a trav\u00e9s de 10to8, \u00bfqu\u00e9 viene despu\u00e9s? Con nuestra integraci\u00f3n Zapier los detalles de citas, incluyendo nombre de contacto, correo electr\u00f3nico y notas, [&hellip;]<\/p>\n","protected":false},"author":9,"featured_media":0,"parent":127380,"menu_order":0,"comment_status":"closed","ping_status":"closed","template":"","meta":{"yasr_overall_rating":0,"yasr_post_is_review":"","yasr_auto_insert_disabled":"","yasr_review_type":"","footnotes":""},"class_list":["post-131667","page","type-page","status-publish","hentry"],"yoast_head":"<!-- This site is optimized with the Yoast SEO plugin v27.3 - https:\/\/yoast.com\/product\/yoast-seo-wordpress\/ -->\n<title>10to8 | Zenkit<\/title>\n<meta name=\"robots\" content=\"index, follow, max-snippet:-1, max-image-preview:large, max-video-preview:-1\" \/>\n<link rel=\"canonical\" href=\"https:\/\/zenkit.com\/es\/integraciones\/10to8\/\" \/>\n<meta property=\"og:locale\" content=\"es_ES\" \/>\n<meta property=\"og:type\" content=\"article\" \/>\n<meta property=\"og:title\" content=\"10to8 | Zenkit\" \/>\n<meta property=\"og:description\" content=\"Integraci\u00f3n de la programaci\u00f3n 10to8 &amp; Zenkit Conecte sus cuentas Zenkit y 10to8 Si usted est\u00e1 utilizando 10to8 para agendar citas en l\u00ednea. Despu\u00e9s de que sus contactos hayan agendado citas satisfactoriamente a trav\u00e9s de 10to8, \u00bfqu\u00e9 viene despu\u00e9s? Con nuestra integraci\u00f3n Zapier los detalles de citas, incluyendo nombre de contacto, correo electr\u00f3nico y notas, [&hellip;]\" \/>\n<meta property=\"og:url\" content=\"https:\/\/zenkit.com\/es\/integraciones\/10to8\/\" \/>\n<meta property=\"og:site_name\" content=\"Zenkit\" \/>\n<meta property=\"article:publisher\" content=\"https:\/\/www.facebook.com\/ZenkitHQ\" \/>\n<meta property=\"article:modified_time\" content=\"2025-11-04T05:53:17+00:00\" \/>\n<meta property=\"og:image\" content=\"https:\/\/zenkit.com\/wp-content\/uploads\/2019\/05\/10to8.png\" \/>\n\t<meta property=\"og:image:width\" content=\"400\" \/>\n\t<meta property=\"og:image:height\" content=\"400\" \/>\n\t<meta property=\"og:image:type\" content=\"image\/png\" \/>\n<meta name=\"twitter:card\" content=\"summary_large_image\" \/>\n<meta name=\"twitter:site\" content=\"@ZenkitHQ\" \/>\n<meta name=\"twitter:label1\" content=\"Tiempo de lectura\" \/>\n\t<meta name=\"twitter:data1\" content=\"2 minutos\" \/>\n<script type=\"application\/ld+json\" class=\"yoast-schema-graph\">{\"@context\":\"https:\\\/\\\/schema.org\",\"@graph\":[{\"@type\":\"WebPage\",\"@id\":\"https:\\\/\\\/zenkit.com\\\/es\\\/integraciones\\\/10to8\\\/\",\"url\":\"https:\\\/\\\/zenkit.com\\\/es\\\/integraciones\\\/10to8\\\/\",\"name\":\"10to8 | Zenkit\",\"isPartOf\":{\"@id\":\"https:\\\/\\\/zenkit.com\\\/es\\\/#website\"},\"primaryImageOfPage\":{\"@id\":\"https:\\\/\\\/zenkit.com\\\/es\\\/integraciones\\\/10to8\\\/#primaryimage\"},\"image\":{\"@id\":\"https:\\\/\\\/zenkit.com\\\/es\\\/integraciones\\\/10to8\\\/#primaryimage\"},\"thumbnailUrl\":\"https:\\\/\\\/zenkit.com\\\/wp-content\\\/uploads\\\/2019\\\/05\\\/10to8.png\",\"datePublished\":\"2025-08-28T10:50:04+00:00\",\"dateModified\":\"2025-11-04T05:53:17+00:00\",\"breadcrumb\":{\"@id\":\"https:\\\/\\\/zenkit.com\\\/es\\\/integraciones\\\/10to8\\\/#breadcrumb\"},\"inLanguage\":\"es\",\"potentialAction\":[{\"@type\":\"ReadAction\",\"target\":[\"https:\\\/\\\/zenkit.com\\\/es\\\/integraciones\\\/10to8\\\/\"]}]},{\"@type\":\"ImageObject\",\"inLanguage\":\"es\",\"@id\":\"https:\\\/\\\/zenkit.com\\\/es\\\/integraciones\\\/10to8\\\/#primaryimage\",\"url\":\"https:\\\/\\\/zenkit.com\\\/wp-content\\\/uploads\\\/2019\\\/05\\\/10to8.png\",\"contentUrl\":\"https:\\\/\\\/zenkit.com\\\/wp-content\\\/uploads\\\/2019\\\/05\\\/10to8.png\"},{\"@type\":\"BreadcrumbList\",\"@id\":\"https:\\\/\\\/zenkit.com\\\/es\\\/integraciones\\\/10to8\\\/#breadcrumb\",\"itemListElement\":[{\"@type\":\"ListItem\",\"position\":1,\"name\":\"Home\",\"item\":\"https:\\\/\\\/zenkit.com\\\/es\\\/\"},{\"@type\":\"ListItem\",\"position\":2,\"name\":\"Integraciones\",\"item\":\"https:\\\/\\\/zenkit.com\\\/es\\\/integraciones\\\/\"},{\"@type\":\"ListItem\",\"position\":3,\"name\":\"10to8\"}]},{\"@type\":\"WebSite\",\"@id\":\"https:\\\/\\\/zenkit.com\\\/es\\\/#website\",\"url\":\"https:\\\/\\\/zenkit.com\\\/es\\\/\",\"name\":\"Zenkit\",\"description\":\"Zenkit Tagline\",\"potentialAction\":[{\"@type\":\"SearchAction\",\"target\":{\"@type\":\"EntryPoint\",\"urlTemplate\":\"https:\\\/\\\/zenkit.com\\\/es\\\/?s={search_term_string}\"},\"query-input\":{\"@type\":\"PropertyValueSpecification\",\"valueRequired\":true,\"valueName\":\"search_term_string\"}}],\"inLanguage\":\"es\"},false]}<\/script>\n<!-- \/ Yoast SEO plugin. -->","yoast_head_json":{"title":"10to8 | Zenkit","robots":{"index":"index","follow":"follow","max-snippet":"max-snippet:-1","max-image-preview":"max-image-preview:large","max-video-preview":"max-video-preview:-1"},"canonical":"https:\/\/zenkit.com\/es\/integraciones\/10to8\/","og_locale":"es_ES","og_type":"article","og_title":"10to8 | Zenkit","og_description":"Integraci\u00f3n de la programaci\u00f3n 10to8 &amp; Zenkit Conecte sus cuentas Zenkit y 10to8 Si usted est\u00e1 utilizando 10to8 para agendar citas en l\u00ednea. Despu\u00e9s de que sus contactos hayan agendado citas satisfactoriamente a trav\u00e9s de 10to8, \u00bfqu\u00e9 viene despu\u00e9s? Con nuestra integraci\u00f3n Zapier los detalles de citas, incluyendo nombre de contacto, correo electr\u00f3nico y notas, [&hellip;]","og_url":"https:\/\/zenkit.com\/es\/integraciones\/10to8\/","og_site_name":"Zenkit","article_publisher":"https:\/\/www.facebook.com\/ZenkitHQ","article_modified_time":"2025-11-04T05:53:17+00:00","og_image":[{"width":400,"height":400,"url":"https:\/\/zenkit.com\/wp-content\/uploads\/2019\/05\/10to8.png","type":"image\/png"}],"twitter_card":"summary_large_image","twitter_site":"@ZenkitHQ","twitter_misc":{"Tiempo de lectura":"2 minutos"},"schema":{"@context":"https:\/\/schema.org","@graph":[{"@type":"WebPage","@id":"https:\/\/zenkit.com\/es\/integraciones\/10to8\/","url":"https:\/\/zenkit.com\/es\/integraciones\/10to8\/","name":"10to8 | Zenkit","isPartOf":{"@id":"https:\/\/zenkit.com\/es\/#website"},"primaryImageOfPage":{"@id":"https:\/\/zenkit.com\/es\/integraciones\/10to8\/#primaryimage"},"image":{"@id":"https:\/\/zenkit.com\/es\/integraciones\/10to8\/#primaryimage"},"thumbnailUrl":"https:\/\/zenkit.com\/wp-content\/uploads\/2019\/05\/10to8.png","datePublished":"2025-08-28T10:50:04+00:00","dateModified":"2025-11-04T05:53:17+00:00","breadcrumb":{"@id":"https:\/\/zenkit.com\/es\/integraciones\/10to8\/#breadcrumb"},"inLanguage":"es","potentialAction":[{"@type":"ReadAction","target":["https:\/\/zenkit.com\/es\/integraciones\/10to8\/"]}]},{"@type":"ImageObject","inLanguage":"es","@id":"https:\/\/zenkit.com\/es\/integraciones\/10to8\/#primaryimage","url":"https:\/\/zenkit.com\/wp-content\/uploads\/2019\/05\/10to8.png","contentUrl":"https:\/\/zenkit.com\/wp-content\/uploads\/2019\/05\/10to8.png"},{"@type":"BreadcrumbList","@id":"https:\/\/zenkit.com\/es\/integraciones\/10to8\/#breadcrumb","itemListElement":[{"@type":"ListItem","position":1,"name":"Home","item":"https:\/\/zenkit.com\/es\/"},{"@type":"ListItem","position":2,"name":"Integraciones","item":"https:\/\/zenkit.com\/es\/integraciones\/"},{"@type":"ListItem","position":3,"name":"10to8"}]},{"@type":"WebSite","@id":"https:\/\/zenkit.com\/es\/#website","url":"https:\/\/zenkit.com\/es\/","name":"Zenkit","description":"Zenkit Tagline","potentialAction":[{"@type":"SearchAction","target":{"@type":"EntryPoint","urlTemplate":"https:\/\/zenkit.com\/es\/?s={search_term_string}"},"query-input":{"@type":"PropertyValueSpecification","valueRequired":true,"valueName":"search_term_string"}}],"inLanguage":"es"},false]}},"yasr_visitor_votes":{"stars_attributes":{"read_only":false,"span_bottom":false},"number_of_votes":0,"sum_votes":0},"_links":{"self":[{"href":"https:\/\/zenkit.com\/es\/wp-json\/wp\/v2\/pages\/131667","targetHints":{"allow":["GET"]}}],"collection":[{"href":"https:\/\/zenkit.com\/es\/wp-json\/wp\/v2\/pages"}],"about":[{"href":"https:\/\/zenkit.com\/es\/wp-json\/wp\/v2\/types\/page"}],"author":[{"embeddable":true,"href":"https:\/\/zenkit.com\/es\/wp-json\/wp\/v2\/users\/9"}],"replies":[{"embeddable":true,"href":"https:\/\/zenkit.com\/es\/wp-json\/wp\/v2\/comments?post=131667"}],"version-history":[{"count":3,"href":"https:\/\/zenkit.com\/es\/wp-json\/wp\/v2\/pages\/131667\/revisions"}],"predecessor-version":[{"id":131673,"href":"https:\/\/zenkit.com\/es\/wp-json\/wp\/v2\/pages\/131667\/revisions\/131673"}],"up":[{"embeddable":true,"href":"https:\/\/zenkit.com\/es\/wp-json\/wp\/v2\/pages\/127380"}],"wp:attachment":[{"href":"https:\/\/zenkit.com\/es\/wp-json\/wp\/v2\/media?parent=131667"}],"curies":[{"name":"wp","href":"https:\/\/api.w.org\/{rel}","templated":true}]}}