{"id":152281,"date":"2025-09-15T10:14:22","date_gmt":"2025-09-15T08:14:22","guid":{"rendered":"https:\/\/zenkit.com\/?page_id=152281"},"modified":"2025-11-04T06:53:18","modified_gmt":"2025-11-04T05:53:18","slug":"trello","status":"publish","type":"page","link":"https:\/\/zenkit.com\/es\/trello\/","title":{"rendered":"Trello"},"content":{"rendered":"\n<div style=\"height:45px;--tablet-height:45px;--mobile-height:16px\" class=\"wp-block-lookeen-blocks-responsive-spacer\"><\/div>\n\n\n\n<div class=\"wp-block-group has-global-padding is-layout-constrained wp-block-group-is-layout-constrained\">\n<div class=\"wp-block-columns is-layout-flex wp-container-core-columns-is-layout-467d341d wp-block-columns-is-layout-flex\" id=\"main__integrations\" style=\"margin-top:0px;margin-bottom:0px\">\n<div class=\"wp-block-column side__bar__integrations is-layout-flow wp-block-column-is-layout-flow\" style=\"flex-basis:23%\">\n<h2 class=\"wp-block-heading has-da-blue-color-new has-text-color has-link-color wp-elements-6e82931d4b2c275d4127376ed676d80a\" style=\"margin-top:0px;margin-bottom:0px;font-size:16px;line-height:1.5\">Project Management Integrations<\/h2>\n\n\n<nav class=\"is-vertical integrations__menu wp-block-navigation is-layout-flex wp-container-core-navigation-is-layout-5f9f5280 wp-block-navigation-is-layout-flex\" aria-label=\"es-projectmanagement-2-integrations\"><ul class=\"wp-block-navigation__container  is-vertical integrations__menu wp-block-navigation\"><li class=\" wp-block-navigation-item wp-block-navigation-link\"><a class=\"wp-block-navigation-item__content\"  href=\"https:\/\/zenkit.com\/es\/trello\/\"><span class=\"wp-block-navigation-item__label\">Trello<\/span><\/a><\/li><\/ul><\/nav><\/div>\n\n\n\n<div class=\"wp-block-column content__integrations is-layout-flow wp-block-column-is-layout-flow\" style=\"flex-basis:77%\">\n<div class=\"wp-block-group has-global-padding is-layout-constrained wp-block-group-is-layout-constrained\">\n<div class=\"wp-block-group title is-layout-flex wp-container-core-group-is-layout-ed4b00df wp-block-group-is-layout-flex\">\n<figure class=\"wp-block-image size-full is-resized\"><img loading=\"lazy\" decoding=\"async\" width=\"600\" height=\"600\" src=\"https:\/\/zenkit.com\/wp-content\/uploads\/2018\/05\/trello-logo.png\" alt=\"Logo de Trello\" class=\"wp-image-4737\" style=\"width:auto;height:46px\" srcset=\"https:\/\/zenkit.com\/wp-content\/uploads\/2018\/05\/trello-logo.png 600w, https:\/\/zenkit.com\/wp-content\/uploads\/2018\/05\/trello-logo-150x150.png 150w, https:\/\/zenkit.com\/wp-content\/uploads\/2018\/05\/trello-logo-300x300.png 300w\" sizes=\"auto, (max-width: 600px) 100vw, 600px\" \/><\/figure>\n\n\n\n<h1 class=\"wp-block-heading\">Trello &amp; Zenkit<\/h1>\n<\/div>\n\n\n\n<div class=\"wp-block-group has-global-padding is-layout-constrained wp-block-group-is-layout-constrained\">\n<p>Sincronice Zenkit con Trello para que los equipos puedan colaborar con sus herramientas favoritas.<\/p>\n<\/div>\n<\/div>\n\n\n\n<div style=\"height:48px;--tablet-height:36px;--mobile-height:24px\" class=\"wp-block-lookeen-blocks-responsive-spacer\"><\/div>\n\n\n\n<div class=\"wp-block-group has-global-padding is-layout-constrained wp-block-group-is-layout-constrained\">\n<h3 class=\"wp-block-heading display-h2\">Acerca de esta integraci\u00f3n de Trello<\/h3>\n\n\n\n<p>Esta integraci\u00f3n de Zapier conecta Trello con Zenkit para que pueda enlazar autom\u00e1ticamente items\/tarjetas, actualizaciones, campos personalizados y m\u00e1s.<\/p>\n<\/div>\n\n\n\n<div style=\"height:48px;--tablet-height:36px;--mobile-height:24px\" class=\"wp-block-lookeen-blocks-responsive-spacer\"><\/div>\n\n\n\n<div class=\"wp-block-group has-global-padding is-layout-constrained wp-block-group-is-layout-constrained\">\n<h3 class=\"wp-block-heading display-h2\">Conecte Trello y Zenkit<\/h3>\n\n\n\n<ol class=\"wp-block-list list__style__position-inside\">\n<li><a href=\"https:\/\/zapier.com\/sign-up\/\">Reg\u00edstrese<\/a>&nbsp;para obtener una cuenta de Zapier y acceder a Zapier.Zapier.<\/li>\n\n\n\n<li><a href=\"https:\/\/trello.com\/signup\">Reg\u00edstrese<\/a>&nbsp;para obtener una cuenta de Trello y acceder a Trello.<\/li>\n\n\n\n<li>Inicie sesi\u00f3n en Zapier y dir\u00edjase a&nbsp;<a href=\"https:\/\/zapier.com\/zapbook\/zenkit\/trello\">Zenkit + Trello Zapbook<\/a>&nbsp;para encontrar plantillas de zap.<\/li>\n\n\n\n<li>O elija crear su propia integraci\u00f3n de Zenkit y Trello seleccion\u00e1ndolos cuando cree un zap.<\/li>\n<\/ol>\n<\/div>\n\n\n\n<div style=\"height:48px;--tablet-height:36px;--mobile-height:24px\" class=\"wp-block-lookeen-blocks-responsive-spacer\"><\/div>\n\n\n\n<div class=\"wp-block-group has-global-padding is-layout-constrained wp-block-group-is-layout-constrained\">\n<h3 class=\"wp-block-heading display-h2\">Sugerencias de integraci\u00f3n<\/h3>\n\n\n\n<script type=\"text\/javascript\" src=\"https:\/\/zapier.com\/zapbook\/embed\/widget.js?guided_zaps=15878\"><\/script>\n<\/div>\n\n\n\n<div style=\"height:48px;--tablet-height:36px;--mobile-height:24px\" class=\"wp-block-lookeen-blocks-responsive-spacer\"><\/div>\n\n\n\n<div class=\"wp-block-group has-global-padding is-layout-constrained wp-block-group-is-layout-constrained\">\n<h3 class=\"wp-block-heading display-h2\">Soporte<\/h3>\n\n\n\n<p>Esta integraci\u00f3n es compatible con Zapier. Si presenta alg\u00fan problema, p\u00f3ngase en contacto con el&nbsp;<a href=\"https:\/\/zapier.com\/help\/contact-us\/\">soporte de Zapier<\/a>.<br>Para obtener m\u00e1s informaci\u00f3n sobre c\u00f3mo usar Zenkit con Zapier, lea nuestra&nbsp;<a href=\"https:\/\/zenkit.com\/documentation#\/lists\/HJQBQ1Hw\/sections\/SJYE55zA\/entries\/BJGOKQtA?_k=hyyynn\">documentaci\u00f3n<\/a>.<\/p>\n<\/div>\n<\/div>\n<\/div>\n<\/div>\n\n\n\n<div style=\"height:110px;--tablet-height:60px;--mobile-height:48px\" class=\"wp-block-lookeen-blocks-responsive-spacer\"><\/div>\n","protected":false},"excerpt":{"rendered":"<p>Project Management Integrations Trello &amp; Zenkit Sincronice Zenkit con Trello para que los equipos puedan colaborar con sus herramientas favoritas. Acerca de esta integraci\u00f3n de Trello Esta integraci\u00f3n de Zapier conecta Trello con Zenkit para que pueda enlazar autom\u00e1ticamente items\/tarjetas, actualizaciones, campos personalizados y m\u00e1s. Conecte Trello y Zenkit Sugerencias de integraci\u00f3n Soporte Esta integraci\u00f3n [&hellip;]<\/p>\n","protected":false},"author":9,"featured_media":0,"parent":0,"menu_order":7,"comment_status":"closed","ping_status":"closed","template":"","meta":{"yasr_overall_rating":0,"yasr_post_is_review":"","yasr_auto_insert_disabled":"","yasr_review_type":"","footnotes":""},"class_list":["post-152281","page","type-page","status-publish","hentry"],"yoast_head":"<!-- This site is optimized with the Yoast SEO plugin v27.4 - https:\/\/yoast.com\/product\/yoast-seo-wordpress\/ -->\n<title>Trello | Zenkit<\/title>\n<meta name=\"robots\" content=\"index, follow, max-snippet:-1, max-image-preview:large, max-video-preview:-1\" \/>\n<link rel=\"canonical\" href=\"https:\/\/zenkit.com\/es\/trello\/\" \/>\n<meta property=\"og:locale\" content=\"es_ES\" \/>\n<meta property=\"og:type\" content=\"article\" \/>\n<meta property=\"og:title\" content=\"Trello | Zenkit\" \/>\n<meta property=\"og:description\" content=\"Project Management Integrations Trello &amp; Zenkit Sincronice Zenkit con Trello para que los equipos puedan colaborar con sus herramientas favoritas. Acerca de esta integraci\u00f3n de Trello Esta integraci\u00f3n de Zapier conecta Trello con Zenkit para que pueda enlazar autom\u00e1ticamente items\/tarjetas, actualizaciones, campos personalizados y m\u00e1s. Conecte Trello y Zenkit Sugerencias de integraci\u00f3n Soporte Esta integraci\u00f3n [&hellip;]\" \/>\n<meta property=\"og:url\" content=\"https:\/\/zenkit.com\/es\/trello\/\" \/>\n<meta property=\"og:site_name\" content=\"Zenkit\" \/>\n<meta property=\"article:publisher\" content=\"https:\/\/www.facebook.com\/ZenkitHQ\" \/>\n<meta property=\"article:modified_time\" content=\"2025-11-04T05:53:18+00:00\" \/>\n<meta property=\"og:image\" content=\"https:\/\/zenkit.com\/wp-content\/uploads\/2018\/05\/trello-logo.png\" \/>\n\t<meta property=\"og:image:width\" content=\"600\" \/>\n\t<meta property=\"og:image:height\" content=\"600\" \/>\n\t<meta property=\"og:image:type\" content=\"image\/png\" \/>\n<meta name=\"twitter:card\" content=\"summary_large_image\" \/>\n<meta name=\"twitter:site\" content=\"@ZenkitHQ\" \/>\n<meta name=\"twitter:label1\" content=\"Tiempo de lectura\" \/>\n\t<meta name=\"twitter:data1\" content=\"1 minuto\" \/>\n<script type=\"application\/ld+json\" class=\"yoast-schema-graph\">{\"@context\":\"https:\\\/\\\/schema.org\",\"@graph\":[{\"@type\":\"WebPage\",\"@id\":\"https:\\\/\\\/zenkit.com\\\/es\\\/trello\\\/\",\"url\":\"https:\\\/\\\/zenkit.com\\\/es\\\/trello\\\/\",\"name\":\"Trello | Zenkit\",\"isPartOf\":{\"@id\":\"https:\\\/\\\/zenkit.com\\\/es\\\/#website\"},\"primaryImageOfPage\":{\"@id\":\"https:\\\/\\\/zenkit.com\\\/es\\\/trello\\\/#primaryimage\"},\"image\":{\"@id\":\"https:\\\/\\\/zenkit.com\\\/es\\\/trello\\\/#primaryimage\"},\"thumbnailUrl\":\"https:\\\/\\\/zenkit.com\\\/wp-content\\\/uploads\\\/2018\\\/05\\\/trello-logo.png\",\"datePublished\":\"2025-09-15T08:14:22+00:00\",\"dateModified\":\"2025-11-04T05:53:18+00:00\",\"breadcrumb\":{\"@id\":\"https:\\\/\\\/zenkit.com\\\/es\\\/trello\\\/#breadcrumb\"},\"inLanguage\":\"es\",\"potentialAction\":[{\"@type\":\"ReadAction\",\"target\":[\"https:\\\/\\\/zenkit.com\\\/es\\\/trello\\\/\"]}]},{\"@type\":\"ImageObject\",\"inLanguage\":\"es\",\"@id\":\"https:\\\/\\\/zenkit.com\\\/es\\\/trello\\\/#primaryimage\",\"url\":\"https:\\\/\\\/zenkit.com\\\/wp-content\\\/uploads\\\/2018\\\/05\\\/trello-logo.png\",\"contentUrl\":\"https:\\\/\\\/zenkit.com\\\/wp-content\\\/uploads\\\/2018\\\/05\\\/trello-logo.png\"},{\"@type\":\"BreadcrumbList\",\"@id\":\"https:\\\/\\\/zenkit.com\\\/es\\\/trello\\\/#breadcrumb\",\"itemListElement\":[{\"@type\":\"ListItem\",\"position\":1,\"name\":\"Home\",\"item\":\"https:\\\/\\\/zenkit.com\\\/es\\\/\"},{\"@type\":\"ListItem\",\"position\":2,\"name\":\"Trello\"}]},{\"@type\":\"WebSite\",\"@id\":\"https:\\\/\\\/zenkit.com\\\/es\\\/#website\",\"url\":\"https:\\\/\\\/zenkit.com\\\/es\\\/\",\"name\":\"Zenkit\",\"description\":\"Zenkit Tagline\",\"potentialAction\":[{\"@type\":\"SearchAction\",\"target\":{\"@type\":\"EntryPoint\",\"urlTemplate\":\"https:\\\/\\\/zenkit.com\\\/es\\\/?s={search_term_string}\"},\"query-input\":{\"@type\":\"PropertyValueSpecification\",\"valueRequired\":true,\"valueName\":\"search_term_string\"}}],\"inLanguage\":\"es\"},false]}<\/script>\n<!-- \/ Yoast SEO plugin. -->","yoast_head_json":{"title":"Trello | Zenkit","robots":{"index":"index","follow":"follow","max-snippet":"max-snippet:-1","max-image-preview":"max-image-preview:large","max-video-preview":"max-video-preview:-1"},"canonical":"https:\/\/zenkit.com\/es\/trello\/","og_locale":"es_ES","og_type":"article","og_title":"Trello | Zenkit","og_description":"Project Management Integrations Trello &amp; Zenkit Sincronice Zenkit con Trello para que los equipos puedan colaborar con sus herramientas favoritas. Acerca de esta integraci\u00f3n de Trello Esta integraci\u00f3n de Zapier conecta Trello con Zenkit para que pueda enlazar autom\u00e1ticamente items\/tarjetas, actualizaciones, campos personalizados y m\u00e1s. Conecte Trello y Zenkit Sugerencias de integraci\u00f3n Soporte Esta integraci\u00f3n [&hellip;]","og_url":"https:\/\/zenkit.com\/es\/trello\/","og_site_name":"Zenkit","article_publisher":"https:\/\/www.facebook.com\/ZenkitHQ","article_modified_time":"2025-11-04T05:53:18+00:00","og_image":[{"width":600,"height":600,"url":"https:\/\/zenkit.com\/wp-content\/uploads\/2018\/05\/trello-logo.png","type":"image\/png"}],"twitter_card":"summary_large_image","twitter_site":"@ZenkitHQ","twitter_misc":{"Tiempo de lectura":"1 minuto"},"schema":{"@context":"https:\/\/schema.org","@graph":[{"@type":"WebPage","@id":"https:\/\/zenkit.com\/es\/trello\/","url":"https:\/\/zenkit.com\/es\/trello\/","name":"Trello | Zenkit","isPartOf":{"@id":"https:\/\/zenkit.com\/es\/#website"},"primaryImageOfPage":{"@id":"https:\/\/zenkit.com\/es\/trello\/#primaryimage"},"image":{"@id":"https:\/\/zenkit.com\/es\/trello\/#primaryimage"},"thumbnailUrl":"https:\/\/zenkit.com\/wp-content\/uploads\/2018\/05\/trello-logo.png","datePublished":"2025-09-15T08:14:22+00:00","dateModified":"2025-11-04T05:53:18+00:00","breadcrumb":{"@id":"https:\/\/zenkit.com\/es\/trello\/#breadcrumb"},"inLanguage":"es","potentialAction":[{"@type":"ReadAction","target":["https:\/\/zenkit.com\/es\/trello\/"]}]},{"@type":"ImageObject","inLanguage":"es","@id":"https:\/\/zenkit.com\/es\/trello\/#primaryimage","url":"https:\/\/zenkit.com\/wp-content\/uploads\/2018\/05\/trello-logo.png","contentUrl":"https:\/\/zenkit.com\/wp-content\/uploads\/2018\/05\/trello-logo.png"},{"@type":"BreadcrumbList","@id":"https:\/\/zenkit.com\/es\/trello\/#breadcrumb","itemListElement":[{"@type":"ListItem","position":1,"name":"Home","item":"https:\/\/zenkit.com\/es\/"},{"@type":"ListItem","position":2,"name":"Trello"}]},{"@type":"WebSite","@id":"https:\/\/zenkit.com\/es\/#website","url":"https:\/\/zenkit.com\/es\/","name":"Zenkit","description":"Zenkit Tagline","potentialAction":[{"@type":"SearchAction","target":{"@type":"EntryPoint","urlTemplate":"https:\/\/zenkit.com\/es\/?s={search_term_string}"},"query-input":{"@type":"PropertyValueSpecification","valueRequired":true,"valueName":"search_term_string"}}],"inLanguage":"es"},false]}},"yasr_visitor_votes":{"stars_attributes":{"read_only":false,"span_bottom":false},"number_of_votes":0,"sum_votes":0},"_links":{"self":[{"href":"https:\/\/zenkit.com\/es\/wp-json\/wp\/v2\/pages\/152281","targetHints":{"allow":["GET"]}}],"collection":[{"href":"https:\/\/zenkit.com\/es\/wp-json\/wp\/v2\/pages"}],"about":[{"href":"https:\/\/zenkit.com\/es\/wp-json\/wp\/v2\/types\/page"}],"author":[{"embeddable":true,"href":"https:\/\/zenkit.com\/es\/wp-json\/wp\/v2\/users\/9"}],"replies":[{"embeddable":true,"href":"https:\/\/zenkit.com\/es\/wp-json\/wp\/v2\/comments?post=152281"}],"version-history":[{"count":1,"href":"https:\/\/zenkit.com\/es\/wp-json\/wp\/v2\/pages\/152281\/revisions"}],"predecessor-version":[{"id":152283,"href":"https:\/\/zenkit.com\/es\/wp-json\/wp\/v2\/pages\/152281\/revisions\/152283"}],"wp:attachment":[{"href":"https:\/\/zenkit.com\/es\/wp-json\/wp\/v2\/media?parent=152281"}],"curies":[{"name":"wp","href":"https:\/\/api.w.org\/{rel}","templated":true}]}}