{"id":15351,"date":"2018-08-10T14:24:06","date_gmt":"2018-08-10T12:24:06","guid":{"rendered":"https:\/\/zenkit.com\/?page_id=15351"},"modified":"2025-09-09T02:52:41","modified_gmt":"2025-09-09T00:52:41","slug":"boletin-gracias","status":"publish","type":"page","link":"https:\/\/zenkit.com\/es\/boletin-gracias\/","title":{"rendered":"Gracias"},"content":{"rendered":"\n<div class=\"wp-block-group page__header has-global-padding is-layout-constrained wp-block-group-is-layout-constrained\">\n<div class=\"wp-block-group has-global-padding is-layout-constrained wp-block-group-is-layout-constrained\">\n<div style=\"height:45px;--tablet-height:45px;--mobile-height:16px\" class=\"wp-block-lookeen-blocks-responsive-spacer\"><\/div>\n\n\n\n<div class=\"wp-block-group has-global-padding is-layout-constrained wp-block-group-is-layout-constrained\">\n<figure class=\"wp-block-image aligncenter size-full\"><img loading=\"lazy\" decoding=\"async\" width=\"500\" height=\"626\" src=\"https:\/\/zenkit.com\/wp-content\/uploads\/2025\/05\/newsletter-art-2.jpeg\" alt=\"Gracias por registrarse\" class=\"wp-image-115451\" srcset=\"https:\/\/zenkit.com\/wp-content\/uploads\/2025\/05\/newsletter-art-2.jpeg 500w, https:\/\/zenkit.com\/wp-content\/uploads\/2025\/05\/newsletter-art-2-240x300.jpeg 240w\" sizes=\"auto, (max-width: 500px) 100vw, 500px\" \/><\/figure>\n<\/div>\n<\/div>\n\n\n\n<div style=\"height:88px;--tablet-height:72px;--mobile-height:40px\" class=\"wp-block-lookeen-blocks-responsive-spacer\"><\/div>\n<\/div>\n\n\n\n<div class=\"wp-block-group page__header has-global-padding is-layout-constrained wp-block-group-is-layout-constrained\">\n<h2 class=\"wp-block-heading has-text-align-center\">Gracias por registrarse<\/h2>\n\n\n\n<p class=\"has-text-align-center\" style=\"margin-top:0px;margin-bottom:0px\">\u00a1Estamos muy emocionados de compartir noticias interesantes de Zenkit con usted ! Recibir\u00e1 un correo electr\u00f3nico de nosotros cada viernes.<\/p>\n\n\n\n<div style=\"height:110px;--tablet-height:60px;--mobile-height:48px\" class=\"wp-block-lookeen-blocks-responsive-spacer\"><\/div>\n<\/div>\n","protected":false},"excerpt":{"rendered":"<p>Gracias por registrarse \u00a1Estamos muy emocionados de compartir noticias interesantes de Zenkit con usted ! Recibir\u00e1 un correo electr\u00f3nico de nosotros cada viernes.<\/p>\n","protected":false},"author":1,"featured_media":0,"parent":0,"menu_order":8,"comment_status":"closed","ping_status":"closed","template":"","meta":{"yasr_overall_rating":0,"yasr_post_is_review":"","yasr_auto_insert_disabled":"","yasr_review_type":"","footnotes":""},"class_list":["post-15351","page","type-page","status-publish","hentry"],"yoast_head":"<!-- This site is optimized with the Yoast SEO plugin v27.5 - https:\/\/yoast.com\/product\/yoast-seo-wordpress\/ -->\n<title>Gracias | Bolet\u00edn informativo de Zenkit<\/title>\n<meta name=\"description\" content=\"Gracias por suscribirse al bolet\u00edn informativo de Zenkit. A partir de ahora, recibir\u00e1 las \u00faltimas noticias y actualizaciones de nuestro equipo.\" \/>\n<meta name=\"robots\" content=\"index, follow, max-snippet:-1, max-image-preview:large, max-video-preview:-1\" \/>\n<link rel=\"canonical\" href=\"https:\/\/zenkit.com\/es\/boletin-gracias\/\" \/>\n<meta property=\"og:locale\" content=\"es_ES\" \/>\n<meta property=\"og:type\" content=\"article\" \/>\n<meta property=\"og:title\" content=\"Gracias | Bolet\u00edn informativo de Zenkit\" \/>\n<meta property=\"og:description\" content=\"Gracias por suscribirse al bolet\u00edn informativo de Zenkit. A partir de ahora, recibir\u00e1 las \u00faltimas noticias y actualizaciones de nuestro equipo.\" \/>\n<meta property=\"og:url\" content=\"https:\/\/zenkit.com\/es\/boletin-gracias\/\" \/>\n<meta property=\"og:site_name\" content=\"Zenkit\" \/>\n<meta property=\"article:publisher\" content=\"https:\/\/www.facebook.com\/ZenkitHQ\" \/>\n<meta property=\"article:modified_time\" content=\"2025-09-09T00:52:41+00:00\" \/>\n<meta property=\"og:image\" content=\"https:\/\/zenkit.com\/wp-content\/uploads\/2025\/05\/newsletter-art-2.jpeg\" \/>\n<meta name=\"twitter:card\" content=\"summary_large_image\" \/>\n<meta name=\"twitter:site\" content=\"@ZenkitHQ\" \/>\n<script type=\"application\/ld+json\" class=\"yoast-schema-graph\">{\"@context\":\"https:\\\/\\\/schema.org\",\"@graph\":[{\"@type\":\"WebPage\",\"@id\":\"https:\\\/\\\/zenkit.com\\\/es\\\/boletin-gracias\\\/\",\"url\":\"https:\\\/\\\/zenkit.com\\\/es\\\/boletin-gracias\\\/\",\"name\":\"Gracias | Bolet\u00edn informativo de Zenkit\",\"isPartOf\":{\"@id\":\"https:\\\/\\\/zenkit.com\\\/es\\\/#website\"},\"primaryImageOfPage\":{\"@id\":\"https:\\\/\\\/zenkit.com\\\/es\\\/boletin-gracias\\\/#primaryimage\"},\"image\":{\"@id\":\"https:\\\/\\\/zenkit.com\\\/es\\\/boletin-gracias\\\/#primaryimage\"},\"thumbnailUrl\":\"https:\\\/\\\/zenkit.com\\\/wp-content\\\/uploads\\\/2025\\\/05\\\/newsletter-art-2.jpeg\",\"datePublished\":\"2018-08-10T12:24:06+00:00\",\"dateModified\":\"2025-09-09T00:52:41+00:00\",\"description\":\"Gracias por suscribirse al bolet\u00edn informativo de Zenkit. A partir de ahora, recibir\u00e1 las \u00faltimas noticias y actualizaciones de nuestro equipo.\",\"breadcrumb\":{\"@id\":\"https:\\\/\\\/zenkit.com\\\/es\\\/boletin-gracias\\\/#breadcrumb\"},\"inLanguage\":\"es\",\"potentialAction\":[{\"@type\":\"ReadAction\",\"target\":[\"https:\\\/\\\/zenkit.com\\\/es\\\/boletin-gracias\\\/\"]}]},{\"@type\":\"ImageObject\",\"inLanguage\":\"es\",\"@id\":\"https:\\\/\\\/zenkit.com\\\/es\\\/boletin-gracias\\\/#primaryimage\",\"url\":\"https:\\\/\\\/zenkit.com\\\/wp-content\\\/uploads\\\/2025\\\/05\\\/newsletter-art-2.jpeg\",\"contentUrl\":\"https:\\\/\\\/zenkit.com\\\/wp-content\\\/uploads\\\/2025\\\/05\\\/newsletter-art-2.jpeg\"},{\"@type\":\"BreadcrumbList\",\"@id\":\"https:\\\/\\\/zenkit.com\\\/es\\\/boletin-gracias\\\/#breadcrumb\",\"itemListElement\":[{\"@type\":\"ListItem\",\"position\":1,\"name\":\"Home\",\"item\":\"https:\\\/\\\/zenkit.com\\\/es\\\/\"},{\"@type\":\"ListItem\",\"position\":2,\"name\":\"Gracias\"}]},{\"@type\":\"WebSite\",\"@id\":\"https:\\\/\\\/zenkit.com\\\/es\\\/#website\",\"url\":\"https:\\\/\\\/zenkit.com\\\/es\\\/\",\"name\":\"Zenkit\",\"description\":\"Zenkit Tagline\",\"potentialAction\":[{\"@type\":\"SearchAction\",\"target\":{\"@type\":\"EntryPoint\",\"urlTemplate\":\"https:\\\/\\\/zenkit.com\\\/es\\\/?s={search_term_string}\"},\"query-input\":{\"@type\":\"PropertyValueSpecification\",\"valueRequired\":true,\"valueName\":\"search_term_string\"}}],\"inLanguage\":\"es\"},false]}<\/script>\n<!-- \/ Yoast SEO plugin. -->","yoast_head_json":{"title":"Gracias | Bolet\u00edn informativo de Zenkit","description":"Gracias por suscribirse al bolet\u00edn informativo de Zenkit. A partir de ahora, recibir\u00e1 las \u00faltimas noticias y actualizaciones de nuestro equipo.","robots":{"index":"index","follow":"follow","max-snippet":"max-snippet:-1","max-image-preview":"max-image-preview:large","max-video-preview":"max-video-preview:-1"},"canonical":"https:\/\/zenkit.com\/es\/boletin-gracias\/","og_locale":"es_ES","og_type":"article","og_title":"Gracias | Bolet\u00edn informativo de Zenkit","og_description":"Gracias por suscribirse al bolet\u00edn informativo de Zenkit. A partir de ahora, recibir\u00e1 las \u00faltimas noticias y actualizaciones de nuestro equipo.","og_url":"https:\/\/zenkit.com\/es\/boletin-gracias\/","og_site_name":"Zenkit","article_publisher":"https:\/\/www.facebook.com\/ZenkitHQ","article_modified_time":"2025-09-09T00:52:41+00:00","og_image":[{"url":"https:\/\/zenkit.com\/wp-content\/uploads\/2025\/05\/newsletter-art-2.jpeg","type":"","width":"","height":""}],"twitter_card":"summary_large_image","twitter_site":"@ZenkitHQ","schema":{"@context":"https:\/\/schema.org","@graph":[{"@type":"WebPage","@id":"https:\/\/zenkit.com\/es\/boletin-gracias\/","url":"https:\/\/zenkit.com\/es\/boletin-gracias\/","name":"Gracias | Bolet\u00edn informativo de Zenkit","isPartOf":{"@id":"https:\/\/zenkit.com\/es\/#website"},"primaryImageOfPage":{"@id":"https:\/\/zenkit.com\/es\/boletin-gracias\/#primaryimage"},"image":{"@id":"https:\/\/zenkit.com\/es\/boletin-gracias\/#primaryimage"},"thumbnailUrl":"https:\/\/zenkit.com\/wp-content\/uploads\/2025\/05\/newsletter-art-2.jpeg","datePublished":"2018-08-10T12:24:06+00:00","dateModified":"2025-09-09T00:52:41+00:00","description":"Gracias por suscribirse al bolet\u00edn informativo de Zenkit. A partir de ahora, recibir\u00e1 las \u00faltimas noticias y actualizaciones de nuestro equipo.","breadcrumb":{"@id":"https:\/\/zenkit.com\/es\/boletin-gracias\/#breadcrumb"},"inLanguage":"es","potentialAction":[{"@type":"ReadAction","target":["https:\/\/zenkit.com\/es\/boletin-gracias\/"]}]},{"@type":"ImageObject","inLanguage":"es","@id":"https:\/\/zenkit.com\/es\/boletin-gracias\/#primaryimage","url":"https:\/\/zenkit.com\/wp-content\/uploads\/2025\/05\/newsletter-art-2.jpeg","contentUrl":"https:\/\/zenkit.com\/wp-content\/uploads\/2025\/05\/newsletter-art-2.jpeg"},{"@type":"BreadcrumbList","@id":"https:\/\/zenkit.com\/es\/boletin-gracias\/#breadcrumb","itemListElement":[{"@type":"ListItem","position":1,"name":"Home","item":"https:\/\/zenkit.com\/es\/"},{"@type":"ListItem","position":2,"name":"Gracias"}]},{"@type":"WebSite","@id":"https:\/\/zenkit.com\/es\/#website","url":"https:\/\/zenkit.com\/es\/","name":"Zenkit","description":"Zenkit Tagline","potentialAction":[{"@type":"SearchAction","target":{"@type":"EntryPoint","urlTemplate":"https:\/\/zenkit.com\/es\/?s={search_term_string}"},"query-input":{"@type":"PropertyValueSpecification","valueRequired":true,"valueName":"search_term_string"}}],"inLanguage":"es"},false]}},"yasr_visitor_votes":{"stars_attributes":{"read_only":false,"span_bottom":false},"number_of_votes":0,"sum_votes":0},"_links":{"self":[{"href":"https:\/\/zenkit.com\/es\/wp-json\/wp\/v2\/pages\/15351","targetHints":{"allow":["GET"]}}],"collection":[{"href":"https:\/\/zenkit.com\/es\/wp-json\/wp\/v2\/pages"}],"about":[{"href":"https:\/\/zenkit.com\/es\/wp-json\/wp\/v2\/types\/page"}],"author":[{"embeddable":true,"href":"https:\/\/zenkit.com\/es\/wp-json\/wp\/v2\/users\/1"}],"replies":[{"embeddable":true,"href":"https:\/\/zenkit.com\/es\/wp-json\/wp\/v2\/comments?post=15351"}],"version-history":[{"count":3,"href":"https:\/\/zenkit.com\/es\/wp-json\/wp\/v2\/pages\/15351\/revisions"}],"predecessor-version":[{"id":139308,"href":"https:\/\/zenkit.com\/es\/wp-json\/wp\/v2\/pages\/15351\/revisions\/139308"}],"wp:attachment":[{"href":"https:\/\/zenkit.com\/es\/wp-json\/wp\/v2\/media?parent=15351"}],"curies":[{"name":"wp","href":"https:\/\/api.w.org\/{rel}","templated":true}]}}