{"id":173867,"date":"2021-03-18T09:56:53","date_gmt":"2021-03-18T08:56:53","guid":{"rendered":"https:\/\/zenkit.com\/awo-giessen\/"},"modified":"2025-11-03T08:13:16","modified_gmt":"2025-11-03T07:13:16","slug":"awo-giessen","status":"publish","type":"page","link":"https:\/\/zenkit.com\/es\/awo-giessen\/","title":{"rendered":"AWO Gie\u00dfen"},"content":{"rendered":"\n<div class=\"wp-block-group page__header has-global-padding is-layout-constrained wp-block-group-is-layout-constrained\">\n<div class=\"wp-block-group width--950 has-global-padding is-layout-constrained wp-block-group-is-layout-constrained\">\n<div style=\"height:45px;--tablet-height:45px;--mobile-height:16px\" class=\"wp-block-lookeen-blocks-responsive-spacer\"><\/div>\n\n\n\n<div class=\"wp-block-group has-global-padding is-layout-constrained wp-block-group-is-layout-constrained\">\n<h1 class=\"wp-block-heading has-text-align-center\" style=\"margin-bottom:8px\">Historia de \u00e9xito: \u00a1AWO en Giessen!<\/h1>\n<\/div>\n\n\n\n<div class=\"wp-block-group has-global-padding is-layout-constrained wp-block-group-is-layout-constrained\">\n<p class=\"has-text-align-center subheading\"><strong>La AWO de Giessen minimiza el tiempo dedicado a los proyectos con la ayuda de Zenkit.<\/strong><\/p>\n<\/div>\n\n\n\n<div style=\"height:48px;--tablet-height:36px;--mobile-height:24px\" class=\"wp-block-lookeen-blocks-responsive-spacer\"><\/div>\n\n\n\n<section class=\"wp-block-group da-banner-customer-story-pattern is-layout-flow wp-block-group-is-layout-flow\">\n<div class=\"wp-block-group container container--small is-layout-flow wp-block-group-is-layout-flow\">\n<div class=\"wp-block-group da-banner-customer-story-pattern__image-wrapper is-layout-flow wp-block-group-is-layout-flow\">\n<figure class=\"wp-block-image\" style=\"margin-top:0px;margin-bottom:0px\"><img decoding=\"async\" src=\"https:\/\/zenkit.com\/wp-content\/uploads\/2021\/03\/awo_team_innovationsmanagement-2-1.png\" alt=\"Erfolgsgeschichte: AWO in Gie\u00dfen\"\/><\/figure>\n\n\n\n<figure class=\"wp-block-image da-banner-customer-story-pattern__logo\"><img decoding=\"async\" src=\"https:\/\/zenkit.com\/wp-content\/uploads\/2021\/04\/awo-giessen.jpg\" alt=\"awo logo\"\/><\/figure>\n<\/div>\n<\/div>\n<\/section>\n\n\n\n<div style=\"height:88px;--tablet-height:72px;--mobile-height:40px\" class=\"wp-block-lookeen-blocks-responsive-spacer\"><\/div>\n\n\n\n<p class=\"has-text-align-center\"><strong>La AWO de Giessen es miembro local de la organizaci\u00f3n sin fines de lucro Arbeiterwohlfart Bundesverband (AWO), registrada en Alemania. Ofrece servicios sociales y apoya a personas mayores y ni\u00f1os necesitados con compasi\u00f3n y atenci\u00f3n.<\/strong><\/p>\n\n\n\n<p class=\"has-text-align-center\"><strong>Para garantizar flujos de trabajo perfectos para los eventos y proyectos actuales, la AWO de Giessen lleva m\u00e1s de dos a\u00f1os utilizando nuestra soluci\u00f3n de gesti\u00f3n de proyectos Zenkit Base en sus equipos. Hoy, Roland Scheld, director del departamento de personas mayores y gesti\u00f3n de la innovaci\u00f3n de la AWO de Giessen, nos contar\u00e1 c\u00f3mo Zenkit ha ayudado a su empresa a optimizar los procesos y a apoyar su trabajo en favor de la sociedad.<\/strong><\/p>\n<\/div>\n\n\n\n<div style=\"height:88px;--tablet-height:72px;--mobile-height:40px\" class=\"wp-block-lookeen-blocks-responsive-spacer\"><\/div>\n<\/div>\n\n\n\n<section class=\"wp-block-group da-columns-cards has-global-padding is-layout-constrained wp-block-group-is-layout-constrained\">\n<div class=\"wp-block-group container has-global-padding is-layout-constrained wp-block-group-is-layout-constrained\">\n<div class=\"wp-block-columns is-not-stacked-on-mobile is-layout-flex wp-container-core-columns-is-layout-28f84493 wp-block-columns-is-layout-flex\">\n<div class=\"wp-block-column is-layout-flow wp-block-column-is-layout-flow\">\n<figure class=\"wp-block-image aligncenter size-full\"><img decoding=\"async\" src=\"https:\/\/zenkit.com\/wp-content\/uploads\/2025\/03\/loca-1.svg\" alt=\"location pin\" class=\"wp-image-111491\"\/><\/figure>\n\n\n\n<p class=\"has-text-align-center is-style-default\">Gie\u00dfen,<br>Germany<\/p>\n<\/div>\n\n\n\n<div class=\"wp-block-column is-layout-flow wp-block-column-is-layout-flow\">\n<figure class=\"wp-block-image aligncenter size-full\"><img decoding=\"async\" src=\"https:\/\/zenkit.com\/wp-content\/uploads\/2025\/03\/loca-2.svg\" alt=\"people\" class=\"wp-image-111501\"\/><\/figure>\n\n\n\n<p class=\"has-text-align-center\">480<br>empleados<\/p>\n<\/div>\n\n\n\n<div class=\"wp-block-column is-layout-flow wp-block-column-is-layout-flow\">\n<figure class=\"wp-block-image aligncenter size-full\"><img decoding=\"async\" src=\"https:\/\/zenkit.com\/wp-content\/uploads\/2025\/03\/loca-3.svg\" alt=\"website\" class=\"wp-image-111511\"\/><\/figure>\n\n\n\n<p class=\"has-text-align-center link_style-inherit\"><a href=\"http:\/\/www.awo-giessen.org\" target=\"_blank\" rel=\"noreferrer noopener\">www.awo-giessen.org<\/a><\/p>\n<\/div>\n\n\n\n<div class=\"wp-block-column is-layout-flow wp-block-column-is-layout-flow\">\n<figure class=\"wp-block-image aligncenter size-full\"><img decoding=\"async\" src=\"https:\/\/zenkit.com\/wp-content\/uploads\/2025\/03\/loca-4.svg\" alt=\"Time\" class=\"wp-image-111521\"\/><\/figure>\n\n\n\n<p class=\"has-text-align-center\">2 a\u00f1os utilizando<br>Zenkit Base<\/p>\n<\/div>\n\n\n\n<div class=\"wp-block-column is-layout-flow wp-block-column-is-layout-flow\">\n<figure class=\"wp-block-image aligncenter size-full\"><img decoding=\"async\" src=\"https:\/\/zenkit.com\/wp-content\/uploads\/2025\/03\/loca-5.svg\" alt=\"Project Management, documentation\n&amp; team communication\" class=\"wp-image-111531\"\/><\/figure>\n\n\n\n<p class=\"has-text-align-center\">Gesti\u00f3n de proyectos, gesti\u00f3n de tareas y base de datos relacional.<\/p>\n<\/div>\n<\/div>\n<\/div>\n<\/section>\n\n\n\n<div class=\"wp-block-group has-global-padding is-layout-constrained wp-block-group-is-layout-constrained\">\n<div style=\"height:88px;--tablet-height:72px;--mobile-height:40px\" class=\"wp-block-lookeen-blocks-responsive-spacer\"><\/div>\n\n\n\n<div class=\"wp-block-columns is-style-default is-layout-flex wp-container-core-columns-is-layout-2eb748b2 wp-block-columns-is-layout-flex\" style=\"margin-top:0px;margin-bottom:0px\">\n<div class=\"wp-block-column is-layout-flow wp-block-column-is-layout-flow\">\n<h2 class=\"wp-block-heading\" style=\"margin-top:0;margin-right:0;margin-bottom:0;margin-left:0\">\u00abGestionar muchos proyectos complejos es muy f\u00e1cil con las diversas vistas de datos de Zenkit\u00bb<\/h2>\n\n\n\n<div style=\"height:24px;--tablet-height:24px;--mobile-height:24px\" class=\"wp-block-lookeen-blocks-responsive-spacer\"><\/div>\n\n\n\n<hr class=\"wp-block-separator has-alpha-channel-opacity is-style-colored-line\"\/>\n<\/div>\n\n\n\n<div class=\"wp-block-column is-layout-flow wp-block-column-is-layout-flow\">\n<p>La AWO de Giessen utiliza Zenkit principalmente para hacer frente al reto que supone gestionar muchos proyectos al mismo tiempo. Roland se\u00f1ala que Zenkit les ha ayudado a implementar los proyectos con mucho m\u00e1s \u00e9xito gracias a sus vers\u00e1tiles y \u00fatiles vistas de datos.<\/p>\n\n\n\n<p>Para llevar a cabo sus proyectos, la AWO de Giessen ha creado muchas colecciones diferentes y \u00fatiles en Zenkit. Estas abarcan desde planes de proyectos, un directorio de miembros, un calendario de proyectos completo y documentos de proyectos, hasta archivos completos de documentos. Dentro de cada colecci\u00f3n, pueden utilizar la vista adecuada para los datos que contiene.<\/p>\n\n\n\n<p>Por ejemplo, dado que la vista wiki ofrece una estructura clara para la informaci\u00f3n y los datos que contiene, lo que permite a todos los miembros del equipo estar al d\u00eda, la utilizan para sus planes de proyecto, as\u00ed como en las colecciones para los temas del proyecto, ya que aqu\u00ed se requiere una comprensi\u00f3n clara y profunda. La vista wiki refleja esto a la perfecci\u00f3n. Por su parte, la vista de lista es m\u00e1s adecuada para su directorio de miembros y los datos y documentos del proyecto. La informaci\u00f3n que contiene no tiene que estar estructurada, por lo que los datos se pueden buscar y filtrar f\u00e1cilmente. Sin olvidar que, para las tareas diarias y la gesti\u00f3n de proyectos, utilizan naturalmente la vista Kanban, que les permite visualizar f\u00e1cilmente los datos y ver el progreso de cada tarea.<\/p>\n<\/div>\n<\/div>\n<\/div>\n\n\n\n<div style=\"height:88px;--tablet-height:72px;--mobile-height:40px\" class=\"wp-block-lookeen-blocks-responsive-spacer\"><\/div>\n\n\n\n<div class=\"wp-block-group has-global-padding is-layout-constrained wp-block-group-is-layout-constrained\">\n<div class=\"wp-block-columns is-style-da-column-order-reverse is-layout-flex wp-container-core-columns-is-layout-2eb748b2 wp-block-columns-is-layout-flex\" style=\"margin-top:0px;margin-bottom:0px\">\n<div class=\"wp-block-column is-layout-flow wp-block-column-is-layout-flow\">\n<p>Para administrar y diferenciar la gran variedad de proyectos, bases de datos y wikis, la AWO de Giessen utiliza varias colecciones, cada una de las cuales se separa de las dem\u00e1s en espacios de trabajo tem\u00e1ticos espec\u00edficos. Con la funci\u00f3n de referencia, es posible vincular entre s\u00ed colecciones relacionadas.<\/p>\n\n\n\n<p>Por ejemplo, vinculan su colecci\u00f3n para el plan del proyecto con la colecci\u00f3n para las tareas individuales del proyecto, de modo que siempre pueden realizar un seguimiento preciso de a qu\u00e9 parte del plan pertenece una tarea espec\u00edfica. De esta manera, pueden supervisar con precisi\u00f3n el progreso de cada proyecto sin sobrecargar su plan con tareas peque\u00f1as y poco importantes.<\/p>\n\n\n\n<p>La funci\u00f3n de referencia en Zenkit es, por supuesto, solo una de las muchas herramientas \u00fatiles. La agregaci\u00f3n de elementos referenciados en varias colecciones es otra funci\u00f3n que AWO ha destacado especialmente. Para Roland, la interfaz intuitiva y f\u00e1cil de usar tambi\u00e9n es muy \u00fatil, ya que le permite crear f\u00e1cilmente las peque\u00f1as bases de datos que necesita para llevar a cabo sus proyectos sin problemas.<\/p>\n<\/div>\n\n\n\n<div class=\"wp-block-column is-layout-flow wp-block-column-is-layout-flow\">\n<h2 class=\"wp-block-heading\" style=\"margin-top:0;margin-right:0;margin-bottom:0;margin-left:0\">\u00abLo que m\u00e1s nos llama la atenci\u00f3n es la funci\u00f3n de referencia, ya que nos permite vincular f\u00e1cilmente diferentes colecciones entre s\u00ed\u00bb<\/h2>\n\n\n\n<div style=\"height:24px;--tablet-height:24px;--mobile-height:24px\" class=\"wp-block-lookeen-blocks-responsive-spacer\"><\/div>\n\n\n\n<hr class=\"wp-block-separator has-alpha-channel-opacity is-style-colored-line\"\/>\n<\/div>\n<\/div>\n<\/div>\n\n\n\n<div class=\"wp-block-group has-global-padding is-layout-constrained wp-block-group-is-layout-constrained\">\n<div style=\"height:88px;--tablet-height:72px;--mobile-height:40px\" class=\"wp-block-lookeen-blocks-responsive-spacer\"><\/div>\n\n\n\n<div class=\"wp-block-group has-global-padding is-layout-constrained wp-container-core-group-is-layout-61f7a5d6 wp-block-group-is-layout-constrained\">\n<figure class=\"wp-block-image size-full\"><img loading=\"lazy\" decoding=\"async\" width=\"660\" height=\"444\" src=\"https:\/\/zenkit.com\/wp-content\/uploads\/2025\/03\/Albert-Osswald-Giesen-1.jpg\" alt=\"awo building\" class=\"wp-image-111561\" srcset=\"https:\/\/zenkit.com\/wp-content\/uploads\/2025\/03\/Albert-Osswald-Giesen-1.jpg 660w, https:\/\/zenkit.com\/wp-content\/uploads\/2025\/03\/Albert-Osswald-Giesen-1-300x202.jpg 300w\" sizes=\"auto, (max-width: 660px) 100vw, 660px\" \/><\/figure>\n<\/div>\n\n\n\n<div style=\"height:88px;--tablet-height:72px;--mobile-height:40px\" class=\"wp-block-lookeen-blocks-responsive-spacer\"><\/div>\n<\/div>\n\n\n\n<div class=\"wp-block-group has-global-padding is-layout-constrained wp-block-group-is-layout-constrained\">\n<div class=\"wp-block-columns is-style-default is-layout-flex wp-container-core-columns-is-layout-2eb748b2 wp-block-columns-is-layout-flex\" style=\"margin-top:0px;margin-bottom:0px\">\n<div class=\"wp-block-column is-layout-flow wp-block-column-is-layout-flow\">\n<h2 class=\"wp-block-heading\" style=\"margin-top:0;margin-right:0;margin-bottom:0;margin-left:0\">\u00abCon Zenkit podemos obtener r\u00e1pidamente una visi\u00f3n general clara calculando autom\u00e1ticamente los datos num\u00e9ricos\u00bb<\/h2>\n\n\n\n<div style=\"height:24px;--tablet-height:24px;--mobile-height:24px\" class=\"wp-block-lookeen-blocks-responsive-spacer\"><\/div>\n\n\n\n<hr class=\"wp-block-separator has-alpha-channel-opacity is-style-colored-line\"\/>\n<\/div>\n\n\n\n<div class=\"wp-block-column is-layout-flow wp-block-column-is-layout-flow\">\n<p>Los empleados de AWO en Giessen registran directamente en Zenkit el tiempo que dedican a determinados proyectos. Con ayuda de las funciones de agregaci\u00f3n y f\u00f3rmulas de Zenkit, se calcula autom\u00e1ticamente el tiempo total dedicado a un proyecto, la distribuci\u00f3n de horas por empleado, las horas por tarea y mucho m\u00e1s. Esto significa que los gerentes pueden obtener una visi\u00f3n general r\u00e1pida de estas cifras sin tener que calcularlas manualmente. Adem\u00e1s, no se necesita ning\u00fan software de informes externo.<\/p>\n\n\n\n<p>Gracias a la claridad de estas funciones, los gerentes de proyectos de AWO en Giessen pueden realizar un seguimiento de sus proyectos y planificar y reasignar los recursos de manera m\u00e1s eficiente.<\/p>\n<\/div>\n<\/div>\n\n\n\n<div style=\"height:88px;--tablet-height:72px;--mobile-height:40px\" class=\"wp-block-lookeen-blocks-responsive-spacer\"><\/div>\n\n\n\n<div class=\"wp-block-columns is-style-da-column-order-reverse is-layout-flex wp-container-core-columns-is-layout-2eb748b2 wp-block-columns-is-layout-flex\" style=\"margin-top:0px;margin-bottom:0px\">\n<div class=\"wp-block-column is-layout-flow wp-block-column-is-layout-flow\">\n<p>Al final, Roland lleg\u00f3 a la conclusi\u00f3n de que el uso de Zenkit reduce tanto el tiempo previsto como el tiempo real de proyectos completos. Atribuy\u00f3 este logro a Zenkit, ya que aporta claridad y simplicidad a cada fase de la gesti\u00f3n de proyectos. Esto incluye la supervisi\u00f3n y mejora de los procesos, as\u00ed como la reducci\u00f3n del tiempo dedicado a la planificaci\u00f3n, ejecuci\u00f3n, supervisi\u00f3n y revisi\u00f3n hasta la finalizaci\u00f3n definitiva de los proyectos. Con sus potentes funciones y su facilidad de uso, AWO en Giessen consider\u00f3 que Zenkit era la herramienta ideal para mejorar la eficiencia en el trabajo y poder trabajar de forma productiva.<\/p>\n<\/div>\n\n\n\n<div class=\"wp-block-column is-layout-flow wp-block-column-is-layout-flow\">\n<h2 class=\"wp-block-heading\" style=\"margin-top:0;margin-right:0;margin-bottom:0;margin-left:0\">\u00abCon Zenkit mejoramos la gesti\u00f3n del tiempo de nuestro equipo\u00bb<\/h2>\n\n\n\n<div style=\"height:24px;--tablet-height:24px;--mobile-height:24px\" class=\"wp-block-lookeen-blocks-responsive-spacer\"><\/div>\n\n\n\n<hr class=\"wp-block-separator has-alpha-channel-opacity is-style-colored-line\"\/>\n<\/div>\n<\/div>\n<\/div>\n\n\n\n<div style=\"height:88px;--tablet-height:72px;--mobile-height:40px\" class=\"wp-block-lookeen-blocks-responsive-spacer\"><\/div>\n\n\n\n<p class=\"has-text-align-center\" style=\"margin-bottom:8px\"><strong>Descargar PDF<\/strong><\/p>\n\n\n\n<div class=\"wp-block-group has-global-padding is-layout-constrained wp-block-group-is-layout-constrained\">\n<div class=\"wp-block-buttons is-content-justification-center is-layout-flex wp-container-core-buttons-is-layout-a89b3969 wp-block-buttons-is-layout-flex\">\n<div class=\"wp-block-button is-style-rainbow\"><a class=\"wp-block-button__link wp-element-button\" href=\"https:\/\/zenkit.com\/wp-content\/uploads\/2023\/09\/zenkit-customer-story-awo-giessen-de.pdf\" target=\"_blank\" rel=\"noreferrer noopener\"><span>Descargar PDF<\/span><\/a><\/div>\n<\/div>\n<\/div>\n\n\n\n<div style=\"height:110px;--tablet-height:60px;--mobile-height:48px\" class=\"wp-block-lookeen-blocks-responsive-spacer\"><\/div>\n\n\n\n<div style=\"height:110px;--tablet-height:60px;--mobile-height:60px\" class=\"wp-block-lookeen-blocks-responsive-spacer\"><\/div>\n","protected":false},"excerpt":{"rendered":"<p>Historia de \u00e9xito: \u00a1AWO en Giessen! La AWO de Giessen minimiza el tiempo dedicado a los proyectos con la ayuda de Zenkit. La AWO de Giessen es miembro local de la organizaci\u00f3n sin fines de lucro Arbeiterwohlfart Bundesverband (AWO), registrada en Alemania. Ofrece servicios sociales y apoya a personas mayores y ni\u00f1os necesitados con compasi\u00f3n [&hellip;]<\/p>\n","protected":false},"author":28,"featured_media":0,"parent":0,"menu_order":0,"comment_status":"closed","ping_status":"closed","template":"","meta":{"yasr_overall_rating":0,"yasr_post_is_review":"","yasr_auto_insert_disabled":"","yasr_review_type":"","footnotes":""},"class_list":["post-173867","page","type-page","status-publish","hentry"],"yoast_head":"<!-- This site is optimized with the Yoast SEO plugin v27.3 - https:\/\/yoast.com\/product\/yoast-seo-wordpress\/ -->\n<title>AWO Gie\u00dfen | Zenkit<\/title>\n<meta name=\"robots\" content=\"index, follow, max-snippet:-1, max-image-preview:large, max-video-preview:-1\" \/>\n<link rel=\"canonical\" href=\"https:\/\/zenkit.com\/es\/awo-giessen\/\" \/>\n<meta property=\"og:locale\" content=\"es_ES\" \/>\n<meta property=\"og:type\" content=\"article\" \/>\n<meta property=\"og:title\" content=\"AWO Gie\u00dfen | Zenkit\" \/>\n<meta property=\"og:description\" content=\"Historia de \u00e9xito: \u00a1AWO en Giessen! La AWO de Giessen minimiza el tiempo dedicado a los proyectos con la ayuda de Zenkit. La AWO de Giessen es miembro local de la organizaci\u00f3n sin fines de lucro Arbeiterwohlfart Bundesverband (AWO), registrada en Alemania. Ofrece servicios sociales y apoya a personas mayores y ni\u00f1os necesitados con compasi\u00f3n [&hellip;]\" \/>\n<meta property=\"og:url\" content=\"https:\/\/zenkit.com\/es\/awo-giessen\/\" \/>\n<meta property=\"og:site_name\" content=\"Zenkit\" \/>\n<meta property=\"article:publisher\" content=\"https:\/\/www.facebook.com\/ZenkitHQ\" \/>\n<meta property=\"article:modified_time\" content=\"2025-11-03T07:13:16+00:00\" \/>\n<meta property=\"og:image\" content=\"https:\/\/zenkit.com\/wp-content\/uploads\/2021\/04\/awo-social.png\" \/>\n<meta name=\"twitter:card\" content=\"summary_large_image\" \/>\n<meta name=\"twitter:image\" content=\"https:\/\/zenkit.com\/wp-content\/uploads\/2021\/04\/awo-social.png\" \/>\n<meta name=\"twitter:site\" content=\"@ZenkitHQ\" \/>\n<meta name=\"twitter:label1\" content=\"Tiempo de lectura\" \/>\n\t<meta name=\"twitter:data1\" content=\"38 minutos\" \/>\n<script type=\"application\/ld+json\" class=\"yoast-schema-graph\">{\"@context\":\"https:\\\/\\\/schema.org\",\"@graph\":[{\"@type\":\"WebPage\",\"@id\":\"https:\\\/\\\/zenkit.com\\\/es\\\/awo-giessen\\\/\",\"url\":\"https:\\\/\\\/zenkit.com\\\/es\\\/awo-giessen\\\/\",\"name\":\"AWO Gie\u00dfen | Zenkit\",\"isPartOf\":{\"@id\":\"https:\\\/\\\/zenkit.com\\\/es\\\/#website\"},\"primaryImageOfPage\":{\"@id\":\"https:\\\/\\\/zenkit.com\\\/es\\\/awo-giessen\\\/#primaryimage\"},\"image\":{\"@id\":\"https:\\\/\\\/zenkit.com\\\/es\\\/awo-giessen\\\/#primaryimage\"},\"thumbnailUrl\":\"https:\\\/\\\/zenkit.com\\\/wp-content\\\/uploads\\\/2021\\\/03\\\/awo_team_innovationsmanagement-2-1.png\",\"datePublished\":\"2021-03-18T08:56:53+00:00\",\"dateModified\":\"2025-11-03T07:13:16+00:00\",\"breadcrumb\":{\"@id\":\"https:\\\/\\\/zenkit.com\\\/es\\\/awo-giessen\\\/#breadcrumb\"},\"inLanguage\":\"es\",\"potentialAction\":[{\"@type\":\"ReadAction\",\"target\":[\"https:\\\/\\\/zenkit.com\\\/es\\\/awo-giessen\\\/\"]}]},{\"@type\":\"ImageObject\",\"inLanguage\":\"es\",\"@id\":\"https:\\\/\\\/zenkit.com\\\/es\\\/awo-giessen\\\/#primaryimage\",\"url\":\"https:\\\/\\\/zenkit.com\\\/wp-content\\\/uploads\\\/2021\\\/03\\\/awo_team_innovationsmanagement-2-1.png\",\"contentUrl\":\"https:\\\/\\\/zenkit.com\\\/wp-content\\\/uploads\\\/2021\\\/03\\\/awo_team_innovationsmanagement-2-1.png\"},{\"@type\":\"BreadcrumbList\",\"@id\":\"https:\\\/\\\/zenkit.com\\\/es\\\/awo-giessen\\\/#breadcrumb\",\"itemListElement\":[{\"@type\":\"ListItem\",\"position\":1,\"name\":\"Home\",\"item\":\"https:\\\/\\\/zenkit.com\\\/es\\\/\"},{\"@type\":\"ListItem\",\"position\":2,\"name\":\"AWO Gie\u00dfen\"}]},{\"@type\":\"WebSite\",\"@id\":\"https:\\\/\\\/zenkit.com\\\/es\\\/#website\",\"url\":\"https:\\\/\\\/zenkit.com\\\/es\\\/\",\"name\":\"Zenkit\",\"description\":\"Zenkit Tagline\",\"potentialAction\":[{\"@type\":\"SearchAction\",\"target\":{\"@type\":\"EntryPoint\",\"urlTemplate\":\"https:\\\/\\\/zenkit.com\\\/es\\\/?s={search_term_string}\"},\"query-input\":{\"@type\":\"PropertyValueSpecification\",\"valueRequired\":true,\"valueName\":\"search_term_string\"}}],\"inLanguage\":\"es\"},false]}<\/script>\n<!-- \/ Yoast SEO plugin. -->","yoast_head_json":{"title":"AWO Gie\u00dfen | Zenkit","robots":{"index":"index","follow":"follow","max-snippet":"max-snippet:-1","max-image-preview":"max-image-preview:large","max-video-preview":"max-video-preview:-1"},"canonical":"https:\/\/zenkit.com\/es\/awo-giessen\/","og_locale":"es_ES","og_type":"article","og_title":"AWO Gie\u00dfen | Zenkit","og_description":"Historia de \u00e9xito: \u00a1AWO en Giessen! La AWO de Giessen minimiza el tiempo dedicado a los proyectos con la ayuda de Zenkit. La AWO de Giessen es miembro local de la organizaci\u00f3n sin fines de lucro Arbeiterwohlfart Bundesverband (AWO), registrada en Alemania. Ofrece servicios sociales y apoya a personas mayores y ni\u00f1os necesitados con compasi\u00f3n [&hellip;]","og_url":"https:\/\/zenkit.com\/es\/awo-giessen\/","og_site_name":"Zenkit","article_publisher":"https:\/\/www.facebook.com\/ZenkitHQ","article_modified_time":"2025-11-03T07:13:16+00:00","og_image":[{"url":"https:\/\/zenkit.com\/wp-content\/uploads\/2021\/04\/awo-social.png","type":"","width":"","height":""}],"twitter_card":"summary_large_image","twitter_image":"https:\/\/zenkit.com\/wp-content\/uploads\/2021\/04\/awo-social.png","twitter_site":"@ZenkitHQ","twitter_misc":{"Tiempo de lectura":"38 minutos"},"schema":{"@context":"https:\/\/schema.org","@graph":[{"@type":"WebPage","@id":"https:\/\/zenkit.com\/es\/awo-giessen\/","url":"https:\/\/zenkit.com\/es\/awo-giessen\/","name":"AWO Gie\u00dfen | Zenkit","isPartOf":{"@id":"https:\/\/zenkit.com\/es\/#website"},"primaryImageOfPage":{"@id":"https:\/\/zenkit.com\/es\/awo-giessen\/#primaryimage"},"image":{"@id":"https:\/\/zenkit.com\/es\/awo-giessen\/#primaryimage"},"thumbnailUrl":"https:\/\/zenkit.com\/wp-content\/uploads\/2021\/03\/awo_team_innovationsmanagement-2-1.png","datePublished":"2021-03-18T08:56:53+00:00","dateModified":"2025-11-03T07:13:16+00:00","breadcrumb":{"@id":"https:\/\/zenkit.com\/es\/awo-giessen\/#breadcrumb"},"inLanguage":"es","potentialAction":[{"@type":"ReadAction","target":["https:\/\/zenkit.com\/es\/awo-giessen\/"]}]},{"@type":"ImageObject","inLanguage":"es","@id":"https:\/\/zenkit.com\/es\/awo-giessen\/#primaryimage","url":"https:\/\/zenkit.com\/wp-content\/uploads\/2021\/03\/awo_team_innovationsmanagement-2-1.png","contentUrl":"https:\/\/zenkit.com\/wp-content\/uploads\/2021\/03\/awo_team_innovationsmanagement-2-1.png"},{"@type":"BreadcrumbList","@id":"https:\/\/zenkit.com\/es\/awo-giessen\/#breadcrumb","itemListElement":[{"@type":"ListItem","position":1,"name":"Home","item":"https:\/\/zenkit.com\/es\/"},{"@type":"ListItem","position":2,"name":"AWO Gie\u00dfen"}]},{"@type":"WebSite","@id":"https:\/\/zenkit.com\/es\/#website","url":"https:\/\/zenkit.com\/es\/","name":"Zenkit","description":"Zenkit Tagline","potentialAction":[{"@type":"SearchAction","target":{"@type":"EntryPoint","urlTemplate":"https:\/\/zenkit.com\/es\/?s={search_term_string}"},"query-input":{"@type":"PropertyValueSpecification","valueRequired":true,"valueName":"search_term_string"}}],"inLanguage":"es"},false]}},"yasr_visitor_votes":{"stars_attributes":{"read_only":false,"span_bottom":false},"number_of_votes":0,"sum_votes":0},"_links":{"self":[{"href":"https:\/\/zenkit.com\/es\/wp-json\/wp\/v2\/pages\/173867","targetHints":{"allow":["GET"]}}],"collection":[{"href":"https:\/\/zenkit.com\/es\/wp-json\/wp\/v2\/pages"}],"about":[{"href":"https:\/\/zenkit.com\/es\/wp-json\/wp\/v2\/types\/page"}],"author":[{"embeddable":true,"href":"https:\/\/zenkit.com\/es\/wp-json\/wp\/v2\/users\/28"}],"replies":[{"embeddable":true,"href":"https:\/\/zenkit.com\/es\/wp-json\/wp\/v2\/comments?post=173867"}],"version-history":[{"count":1,"href":"https:\/\/zenkit.com\/es\/wp-json\/wp\/v2\/pages\/173867\/revisions"}],"predecessor-version":[{"id":173869,"href":"https:\/\/zenkit.com\/es\/wp-json\/wp\/v2\/pages\/173867\/revisions\/173869"}],"wp:attachment":[{"href":"https:\/\/zenkit.com\/es\/wp-json\/wp\/v2\/media?parent=173867"}],"curies":[{"name":"wp","href":"https:\/\/api.w.org\/{rel}","templated":true}]}}