{"id":19717,"date":"2018-11-19T16:12:17","date_gmt":"2018-11-19T15:12:17","guid":{"rendered":"https:\/\/zenkit.com\/affiliate\/"},"modified":"2025-09-03T05:36:32","modified_gmt":"2025-09-03T03:36:32","slug":"affiliate","status":"publish","type":"page","link":"https:\/\/zenkit.com\/es\/affiliate\/","title":{"rendered":"Affiliate"},"content":{"rendered":"\n<div class=\"wp-block-group has-global-padding is-layout-constrained wp-block-group-is-layout-constrained\">\n<div class=\"wp-block-group width--950 has-global-padding is-layout-constrained wp-block-group-is-layout-constrained\">\n<div style=\"height:45px;--tablet-height:45px;--mobile-height:16px\" class=\"wp-block-lookeen-blocks-responsive-spacer\"><\/div>\n\n\n\n<div class=\"wp-block-group has-global-padding is-layout-constrained wp-block-group-is-layout-constrained\">\n<h1 class=\"wp-block-heading has-text-align-center\" style=\"margin-bottom:8px\">Convi\u00e9rtase en un Afiliado de Zenkit<\/h1>\n<\/div>\n\n\n\n<div style=\"height:48px;--tablet-height:36px;--mobile-height:24px\" class=\"wp-block-lookeen-blocks-responsive-spacer\"><\/div>\n\n\n\n<div class=\"wp-block-group has-global-padding is-layout-constrained wp-container-core-group-is-layout-bdbfdc43 wp-block-group-is-layout-constrained\">\n<figure class=\"wp-block-image aligncenter size-full\"><img loading=\"lazy\" decoding=\"async\" width=\"800\" height=\"667\" src=\"https:\/\/zenkit.com\/wp-content\/uploads\/2021\/06\/zenkit-affiliate.png\" alt=\"\" class=\"wp-image-63418\" srcset=\"https:\/\/zenkit.com\/wp-content\/uploads\/2021\/06\/zenkit-affiliate.png 800w, https:\/\/zenkit.com\/wp-content\/uploads\/2021\/06\/zenkit-affiliate-300x250.png 300w, https:\/\/zenkit.com\/wp-content\/uploads\/2021\/06\/zenkit-affiliate-768x640.png 768w\" sizes=\"auto, (max-width: 800px) 100vw, 800px\" \/><\/figure>\n<\/div>\n\n\n\n<div style=\"height:48px;--tablet-height:36px;--mobile-height:24px\" class=\"wp-block-lookeen-blocks-responsive-spacer\"><\/div>\n\n\n\n<div class=\"wp-block-group has-global-padding is-layout-constrained wp-container-core-group-is-layout-bdbfdc43 wp-block-group-is-layout-constrained\">\n<p class=\"has-text-align-center\">\u00bfLe gusta Zenkit y est\u00e1 deseoso de ganar algo de dinero extra?<\/p>\n\n\n\n<p class=\"has-text-align-center\">Nuestro programa de afiliados ofrece a entusiastas de Zenkit la oportunidad de ganar dinero mientras apoyan a su herramienta favorita de administraci\u00f3n de proyectos.<\/p>\n\n\n\n<div class=\"wp-block-buttons is-content-justification-center is-layout-flex wp-container-core-buttons-is-layout-a89b3969 wp-block-buttons-is-layout-flex\">\n<div class=\"wp-block-button\"><a class=\"wp-block-button__link wp-element-button\" href=\"https:\/\/zenkit.com\/en\/contact-us-affiliate\">Convi\u00e9rtase en un afiliado<\/a><\/div>\n<\/div>\n<\/div>\n<\/div>\n\n\n\n<div style=\"height:88px;--tablet-height:72px;--mobile-height:40px\" class=\"wp-block-lookeen-blocks-responsive-spacer\"><\/div>\n<\/div>\n\n\n\n<div class=\"wp-block-group has-global-padding is-layout-constrained wp-block-group-is-layout-constrained\">\n<h2 class=\"wp-block-heading has-text-align-center\">\u00bfQu\u00e9 ofrecemos?<\/h2>\n\n\n\n<p class=\"has-text-align-center\">Gane una comisi\u00f3n por cada suscripci\u00f3n de pago que enliste.<\/p>\n\n\n\n<p class=\"has-text-align-center\">C\u00f3mo funciona el programa:<\/p>\n\n\n\n<div style=\"height:48px;--tablet-height:36px;--mobile-height:24px\" class=\"wp-block-lookeen-blocks-responsive-spacer\"><\/div>\n\n\n\n<div class=\"wp-block-group affiliate__grid has-global-padding is-layout-constrained wp-block-group-is-layout-constrained\">\n<div class=\"wp-block-group affiliate__box has-global-padding is-layout-constrained wp-block-group-is-layout-constrained\" style=\"border-radius:20px\">\n<div class=\"wp-block-group has-global-padding is-layout-constrained wp-block-group-is-layout-constrained\" style=\"margin-bottom:4px\">\n<h3 class=\"wp-block-heading has-text-align-center card__title\">\u00a1Es gratis para unirse!<\/h3>\n<\/div>\n\n\n\n<p class=\"has-text-align-center has-da-grey-1-color has-text-color has-link-color wp-elements-1a2b4b110b49cae51085806753ea79d3\">Nuestro programa de afiliados no cuesta nada para unirse.<\/p>\n<\/div>\n\n\n\n<div class=\"wp-block-group affiliate__box has-global-padding is-layout-constrained wp-block-group-is-layout-constrained\" style=\"border-radius:20px\">\n<div class=\"wp-block-group has-global-padding is-layout-constrained wp-block-group-is-layout-constrained\" style=\"margin-bottom:4px\">\n<h3 class=\"wp-block-heading has-text-align-center card__title\">Le proveeremos con materiales de ventas y marketing<\/h3>\n<\/div>\n\n\n\n<p class=\"has-text-align-center has-da-grey-1-color has-text-color has-link-color wp-elements-1818573fed30e546ce233b192d103ce2\">Para ayudarle con la promoci\u00f3n, nosotros le proveeremos con los materiales que necesita para mejorar su sitio web, blog o cualquier plataforma de su elecci\u00f3n.<\/p>\n<\/div>\n\n\n\n<div class=\"wp-block-group affiliate__box has-global-padding is-layout-constrained wp-block-group-is-layout-constrained\" style=\"border-radius:20px\">\n<div class=\"wp-block-group has-global-padding is-layout-constrained wp-block-group-is-layout-constrained\" style=\"margin-bottom:4px\">\n<h3 class=\"wp-block-heading has-text-align-center card__title\">Y de un producto estelar (por supuesto)<\/h3>\n<\/div>\n\n\n\n<p class=\"has-text-align-center has-da-grey-1-color has-text-color has-link-color wp-elements-8e386d30e9c2f4b8f212f0bd0c4314e1\">De a sus clientes la soluci\u00f3n a sus problemas organizativos. Ya sea rastreando el progreso del proyecto o aplastando n\u00fameros, Zenkit es una plataforma adaptable que cambiar\u00e1 la manera de sus clientes y lectores de su trabajo.<\/p>\n<\/div>\n\n\n\n<div class=\"wp-block-group affiliate__box has-global-padding is-layout-constrained wp-block-group-is-layout-constrained\" style=\"border-radius:20px\">\n<div class=\"wp-block-group has-global-padding is-layout-constrained wp-block-group-is-layout-constrained\" style=\"margin-bottom:4px\">\n<h3 class=\"wp-block-heading has-text-align-center card__title\">Con confianza y transparencia<\/h3>\n<\/div>\n\n\n\n<p class=\"has-text-align-center has-da-grey-1-color has-text-color has-link-color wp-elements-3c3492712c04c4cd5f11e8e6259d3d8e\">Nos preocupamos por la seguridad de nuestros clientes y socios, por lo que nuestro enfoque hacia la privacidad, la seguridad y la protecci\u00f3n de datos se alinea con los objetivos de la legislaci\u00f3n GDPR de la Uni\u00f3n Europea. Puede asegurar a sus clientes que Zenkit es totalmente compatible. Para obtener m\u00e1s informaci\u00f3n al respecto, visite nuestra p\u00e1gina\u00a0<a href=\"https:\/\/zenkit.com\/es\/gdpr\/\">GDPR<\/a>.<\/p>\n<\/div>\n<\/div>\n<\/div>\n\n\n\n<div class=\"wp-block-group has-global-padding is-layout-constrained wp-block-group-is-layout-constrained\">\n<div style=\"height:88px;--tablet-height:72px;--mobile-height:40px\" class=\"wp-block-lookeen-blocks-responsive-spacer\"><\/div>\n\n\n\n<div class=\"wp-block-group has-global-padding is-layout-constrained wp-container-core-group-is-layout-64ec6e8c wp-block-group-is-layout-constrained\">\n<h3 class=\"wp-block-heading has-text-align-center card__title\">\u00a1\u00danase hoy!<\/h3>\n\n\n\n<p class=\"has-text-align-center has-da-grey-2-color has-text-color has-link-color wp-elements-5174e2a2bd696cbaecb6cfc25db0d8c0\">Si est\u00e1 interesado en comenzar o desea obtener m\u00e1s informaci\u00f3n sobre nuestro programa, haga clic en el bot\u00f3n a continuaci\u00f3n para ponerse en contacto.<\/p>\n\n\n\n<p class=\"has-text-align-center\"><a href=\"https:\/\/zenkit.com\/en\/contact-us-affiliate\" data-type=\"link\" data-id=\"https:\/\/zenkit.com\/en\/contact-us-affiliate\"><a href=\"https:\/\/zenkit.com\/en\/contact-us-affiliate\">Comience<\/a><\/a><\/p>\n<\/div>\n\n\n\n<div style=\"height:88px;--tablet-height:72px;--mobile-height:40px\" class=\"wp-block-lookeen-blocks-responsive-spacer\"><\/div>\n<\/div>\n\n\n\n<div class=\"wp-block-group has-da-blue-light-background-color has-background has-global-padding is-layout-constrained wp-block-group-is-layout-constrained\">\n<div style=\"height:80px;--tablet-height:36px;--mobile-height:26px\" class=\"wp-block-lookeen-blocks-responsive-spacer\"><\/div>\n\n\n\n<div class=\"wp-block-group has-global-padding is-layout-constrained wp-container-core-group-is-layout-2687bd63 wp-block-group-is-layout-constrained\">\n<p class=\"has-text-align-center has-da-grey-2-color has-text-color has-link-color wp-elements-51603153d725e7bda75c00944f2c5f14\">Recomendamos encarecidamente que lea y comprenda lo que se espera al unirse a nuestro programa. Los detalles se describen en el acuerdo. Por favor, haga clic en el enlace a continuaci\u00f3n.<\/p>\n<\/div>\n\n\n\n<div style=\"height:48px;--tablet-height:36px;--mobile-height:24px\" class=\"wp-block-lookeen-blocks-responsive-spacer\"><\/div>\n\n\n\n<div class=\"wp-block-group has-global-padding is-layout-constrained wp-block-group-is-layout-constrained\">\n<div class=\"wp-block-buttons is-content-justification-center is-layout-flex wp-container-core-buttons-is-layout-a89b3969 wp-block-buttons-is-layout-flex\">\n<div class=\"wp-block-button\"><a class=\"wp-block-button__link wp-element-button\" href=\"https:\/\/zenkit.com\/en\/affiliate-agreement\/\">Acuerdo Afiliado Zenkit<\/a><\/div>\n<\/div>\n<\/div>\n\n\n\n<div style=\"height:80px;--tablet-height:36px;--mobile-height:26px\" class=\"wp-block-lookeen-blocks-responsive-spacer\"><\/div>\n<\/div>\n","protected":false},"excerpt":{"rendered":"<p>Convi\u00e9rtase en un Afiliado de Zenkit \u00bfLe gusta Zenkit y est\u00e1 deseoso de ganar algo de dinero extra? Nuestro programa de afiliados ofrece a entusiastas de Zenkit la oportunidad de ganar dinero mientras apoyan a su herramienta favorita de administraci\u00f3n de proyectos. \u00bfQu\u00e9 ofrecemos? Gane una comisi\u00f3n por cada suscripci\u00f3n de pago que enliste. C\u00f3mo [&hellip;]<\/p>\n","protected":false},"author":30,"featured_media":0,"parent":0,"menu_order":9,"comment_status":"closed","ping_status":"closed","template":"","meta":{"yasr_overall_rating":0,"yasr_post_is_review":"","yasr_auto_insert_disabled":"","yasr_review_type":"","footnotes":""},"class_list":["post-19717","page","type-page","status-publish","hentry"],"yoast_head":"<!-- This site is optimized with the Yoast SEO plugin v27.3 - https:\/\/yoast.com\/product\/yoast-seo-wordpress\/ -->\n<title>Affiliate | Zenkit<\/title>\n<meta name=\"description\" content=\"By joining Zenkit&#039;s affiliate partnership program, you can earn money while supporting your favorite project management tool.\" \/>\n<meta name=\"robots\" content=\"index, follow, max-snippet:-1, max-image-preview:large, max-video-preview:-1\" \/>\n<link rel=\"canonical\" href=\"https:\/\/zenkit.com\/es\/affiliate\/\" \/>\n<meta property=\"og:locale\" content=\"es_ES\" \/>\n<meta property=\"og:type\" content=\"article\" \/>\n<meta property=\"og:title\" content=\"Affiliate | Zenkit\" \/>\n<meta property=\"og:description\" content=\"By joining Zenkit&#039;s affiliate partnership program, you can earn money while supporting your favorite project management tool.\" \/>\n<meta property=\"og:url\" content=\"https:\/\/zenkit.com\/es\/affiliate\/\" \/>\n<meta property=\"og:site_name\" content=\"Zenkit\" \/>\n<meta property=\"article:publisher\" content=\"https:\/\/www.facebook.com\/ZenkitHQ\" \/>\n<meta property=\"article:modified_time\" content=\"2025-09-03T03:36:32+00:00\" \/>\n<meta property=\"og:image\" content=\"https:\/\/zenkit.com\/wp-content\/uploads\/2021\/06\/zenkit-affiliate.png\" \/>\n<meta name=\"twitter:card\" content=\"summary_large_image\" \/>\n<meta name=\"twitter:site\" content=\"@ZenkitHQ\" \/>\n<meta name=\"twitter:label1\" content=\"Tiempo de lectura\" \/>\n\t<meta name=\"twitter:data1\" content=\"1 minuto\" \/>\n<script type=\"application\/ld+json\" class=\"yoast-schema-graph\">{\"@context\":\"https:\\\/\\\/schema.org\",\"@graph\":[{\"@type\":\"WebPage\",\"@id\":\"https:\\\/\\\/zenkit.com\\\/es\\\/affiliate\\\/\",\"url\":\"https:\\\/\\\/zenkit.com\\\/es\\\/affiliate\\\/\",\"name\":\"Affiliate | Zenkit\",\"isPartOf\":{\"@id\":\"https:\\\/\\\/zenkit.com\\\/es\\\/#website\"},\"primaryImageOfPage\":{\"@id\":\"https:\\\/\\\/zenkit.com\\\/es\\\/affiliate\\\/#primaryimage\"},\"image\":{\"@id\":\"https:\\\/\\\/zenkit.com\\\/es\\\/affiliate\\\/#primaryimage\"},\"thumbnailUrl\":\"https:\\\/\\\/zenkit.com\\\/wp-content\\\/uploads\\\/2021\\\/06\\\/zenkit-affiliate.png\",\"datePublished\":\"2018-11-19T15:12:17+00:00\",\"dateModified\":\"2025-09-03T03:36:32+00:00\",\"description\":\"By joining Zenkit's affiliate partnership program, you can earn money while supporting your favorite project management tool.\",\"breadcrumb\":{\"@id\":\"https:\\\/\\\/zenkit.com\\\/es\\\/affiliate\\\/#breadcrumb\"},\"inLanguage\":\"es\",\"potentialAction\":[{\"@type\":\"ReadAction\",\"target\":[\"https:\\\/\\\/zenkit.com\\\/es\\\/affiliate\\\/\"]}]},{\"@type\":\"ImageObject\",\"inLanguage\":\"es\",\"@id\":\"https:\\\/\\\/zenkit.com\\\/es\\\/affiliate\\\/#primaryimage\",\"url\":\"https:\\\/\\\/zenkit.com\\\/wp-content\\\/uploads\\\/2021\\\/06\\\/zenkit-affiliate.png\",\"contentUrl\":\"https:\\\/\\\/zenkit.com\\\/wp-content\\\/uploads\\\/2021\\\/06\\\/zenkit-affiliate.png\"},{\"@type\":\"BreadcrumbList\",\"@id\":\"https:\\\/\\\/zenkit.com\\\/es\\\/affiliate\\\/#breadcrumb\",\"itemListElement\":[{\"@type\":\"ListItem\",\"position\":1,\"name\":\"Home\",\"item\":\"https:\\\/\\\/zenkit.com\\\/es\\\/\"},{\"@type\":\"ListItem\",\"position\":2,\"name\":\"Affiliate\"}]},{\"@type\":\"WebSite\",\"@id\":\"https:\\\/\\\/zenkit.com\\\/es\\\/#website\",\"url\":\"https:\\\/\\\/zenkit.com\\\/es\\\/\",\"name\":\"Zenkit\",\"description\":\"Zenkit Tagline\",\"potentialAction\":[{\"@type\":\"SearchAction\",\"target\":{\"@type\":\"EntryPoint\",\"urlTemplate\":\"https:\\\/\\\/zenkit.com\\\/es\\\/?s={search_term_string}\"},\"query-input\":{\"@type\":\"PropertyValueSpecification\",\"valueRequired\":true,\"valueName\":\"search_term_string\"}}],\"inLanguage\":\"es\"},false]}<\/script>\n<!-- \/ Yoast SEO plugin. -->","yoast_head_json":{"title":"Affiliate | Zenkit","description":"By joining Zenkit's affiliate partnership program, you can earn money while supporting your favorite project management tool.","robots":{"index":"index","follow":"follow","max-snippet":"max-snippet:-1","max-image-preview":"max-image-preview:large","max-video-preview":"max-video-preview:-1"},"canonical":"https:\/\/zenkit.com\/es\/affiliate\/","og_locale":"es_ES","og_type":"article","og_title":"Affiliate | Zenkit","og_description":"By joining Zenkit's affiliate partnership program, you can earn money while supporting your favorite project management tool.","og_url":"https:\/\/zenkit.com\/es\/affiliate\/","og_site_name":"Zenkit","article_publisher":"https:\/\/www.facebook.com\/ZenkitHQ","article_modified_time":"2025-09-03T03:36:32+00:00","og_image":[{"url":"https:\/\/zenkit.com\/wp-content\/uploads\/2021\/06\/zenkit-affiliate.png","type":"","width":"","height":""}],"twitter_card":"summary_large_image","twitter_site":"@ZenkitHQ","twitter_misc":{"Tiempo de lectura":"1 minuto"},"schema":{"@context":"https:\/\/schema.org","@graph":[{"@type":"WebPage","@id":"https:\/\/zenkit.com\/es\/affiliate\/","url":"https:\/\/zenkit.com\/es\/affiliate\/","name":"Affiliate | Zenkit","isPartOf":{"@id":"https:\/\/zenkit.com\/es\/#website"},"primaryImageOfPage":{"@id":"https:\/\/zenkit.com\/es\/affiliate\/#primaryimage"},"image":{"@id":"https:\/\/zenkit.com\/es\/affiliate\/#primaryimage"},"thumbnailUrl":"https:\/\/zenkit.com\/wp-content\/uploads\/2021\/06\/zenkit-affiliate.png","datePublished":"2018-11-19T15:12:17+00:00","dateModified":"2025-09-03T03:36:32+00:00","description":"By joining Zenkit's affiliate partnership program, you can earn money while supporting your favorite project management tool.","breadcrumb":{"@id":"https:\/\/zenkit.com\/es\/affiliate\/#breadcrumb"},"inLanguage":"es","potentialAction":[{"@type":"ReadAction","target":["https:\/\/zenkit.com\/es\/affiliate\/"]}]},{"@type":"ImageObject","inLanguage":"es","@id":"https:\/\/zenkit.com\/es\/affiliate\/#primaryimage","url":"https:\/\/zenkit.com\/wp-content\/uploads\/2021\/06\/zenkit-affiliate.png","contentUrl":"https:\/\/zenkit.com\/wp-content\/uploads\/2021\/06\/zenkit-affiliate.png"},{"@type":"BreadcrumbList","@id":"https:\/\/zenkit.com\/es\/affiliate\/#breadcrumb","itemListElement":[{"@type":"ListItem","position":1,"name":"Home","item":"https:\/\/zenkit.com\/es\/"},{"@type":"ListItem","position":2,"name":"Affiliate"}]},{"@type":"WebSite","@id":"https:\/\/zenkit.com\/es\/#website","url":"https:\/\/zenkit.com\/es\/","name":"Zenkit","description":"Zenkit Tagline","potentialAction":[{"@type":"SearchAction","target":{"@type":"EntryPoint","urlTemplate":"https:\/\/zenkit.com\/es\/?s={search_term_string}"},"query-input":{"@type":"PropertyValueSpecification","valueRequired":true,"valueName":"search_term_string"}}],"inLanguage":"es"},false]}},"yasr_visitor_votes":{"stars_attributes":{"read_only":false,"span_bottom":false},"number_of_votes":0,"sum_votes":0},"_links":{"self":[{"href":"https:\/\/zenkit.com\/es\/wp-json\/wp\/v2\/pages\/19717","targetHints":{"allow":["GET"]}}],"collection":[{"href":"https:\/\/zenkit.com\/es\/wp-json\/wp\/v2\/pages"}],"about":[{"href":"https:\/\/zenkit.com\/es\/wp-json\/wp\/v2\/types\/page"}],"author":[{"embeddable":true,"href":"https:\/\/zenkit.com\/es\/wp-json\/wp\/v2\/users\/30"}],"replies":[{"embeddable":true,"href":"https:\/\/zenkit.com\/es\/wp-json\/wp\/v2\/comments?post=19717"}],"version-history":[{"count":4,"href":"https:\/\/zenkit.com\/es\/wp-json\/wp\/v2\/pages\/19717\/revisions"}],"predecessor-version":[{"id":133578,"href":"https:\/\/zenkit.com\/es\/wp-json\/wp\/v2\/pages\/19717\/revisions\/133578"}],"wp:attachment":[{"href":"https:\/\/zenkit.com\/es\/wp-json\/wp\/v2\/media?parent=19717"}],"curies":[{"name":"wp","href":"https:\/\/api.w.org\/{rel}","templated":true}]}}