{"id":39174,"date":"2020-01-22T08:38:24","date_gmt":"2020-01-22T07:38:24","guid":{"rendered":"https:\/\/zenkit.com\/funciones\/gantt-view\/"},"modified":"2025-09-02T23:30:27","modified_gmt":"2025-09-02T21:30:27","slug":"diagramas-de-gantt","status":"publish","type":"page","link":"https:\/\/zenkit.com\/es\/soluciones\/diagramas-de-gantt\/","title":{"rendered":"Gantt View"},"content":{"rendered":"\n<div class=\"wp-block-group has-global-padding is-layout-constrained wp-block-group-is-layout-constrained\">\n<div class=\"wp-block-group width--950 has-global-padding is-layout-constrained wp-block-group-is-layout-constrained\">\n<div style=\"height:45px;--tablet-height:45px;--mobile-height:16px\" class=\"wp-block-lookeen-blocks-responsive-spacer\"><\/div>\n\n\n\n<div class=\"wp-block-group has-global-padding is-layout-constrained wp-block-group-is-layout-constrained\">\n<h1 class=\"wp-block-heading has-text-align-center\" style=\"margin-bottom:8px\">Utilice Diagramas de Gantt para Administrar sus Proyectos Complejos<\/h1>\n<\/div>\n\n\n\n<div class=\"wp-block-group has-global-padding is-layout-constrained wp-block-group-is-layout-constrained\">\n<p class=\"has-text-align-center subheading\">Programar y rastrear proyectos complejos en una l\u00ednea de tiempo clara<\/p>\n<\/div>\n\n\n\n<div style=\"height:48px;--tablet-height:36px;--mobile-height:24px\" class=\"wp-block-lookeen-blocks-responsive-spacer\"><\/div>\n\n\n\n<p class=\"has-text-align-center\">La vista de Gantt de Zenkit est\u00e1 dise\u00f1ada para permitir a equipos y administradores de proyectos rastrear y administrar cualquier calendario del proyecto, recursos, y personas de forma precisa. Obt\u00e9n una vista r\u00e1pida e intuitiva de su calendario del proyecto, y r\u00e1pidamente haga ajustes con controles intuitivos de arrastrar y soltar.<\/p>\n\n\n\n<div style=\"height:48px;--tablet-height:36px;--mobile-height:24px\" class=\"wp-block-lookeen-blocks-responsive-spacer\"><\/div>\n<\/div>\n<\/div>\n\n\n\n<div class=\"wp-block-group has-global-padding is-layout-constrained wp-block-group-is-layout-constrained\">\n<div class=\"wp-block-group functions__grid has-global-padding is-layout-constrained wp-block-group-is-layout-constrained\">\n<div class=\"wp-block-group functions__box has-global-padding is-layout-constrained wp-block-group-is-layout-constrained\" style=\"border-radius:20px\">\n<figure class=\"wp-block-image size-full\"><img loading=\"lazy\" decoding=\"async\" width=\"500\" height=\"300\" src=\"https:\/\/zenkit.com\/wp-content\/uploads\/2025\/05\/task_dependencies.webp\" alt=\"Dependencias de Tareas\" class=\"wp-image-112208\" srcset=\"https:\/\/zenkit.com\/wp-content\/uploads\/2025\/05\/task_dependencies.webp 500w, https:\/\/zenkit.com\/wp-content\/uploads\/2025\/05\/task_dependencies-300x180.webp 300w\" sizes=\"auto, (max-width: 500px) 100vw, 500px\" \/><\/figure>\n\n\n\n<h3 class=\"wp-block-heading has-text-align-center card__title\">Dependencias de Tareas<\/h3>\n\n\n\n<div class=\"wp-block-group has-global-padding is-layout-constrained wp-block-group-is-layout-constrained\">\n<p class=\"has-text-align-center has-da-grey-1-color has-text-color has-link-color wp-elements-009431db327f344ad6f2d8f1aa7e1082\">Crear r\u00e1pidamente dependencias entre tareas. Escoja entre fin-principio, fin-fin, principio-fin, y principio-principio dependencias, y a\u00f1adir descripciones de dependencias.<\/p>\n<\/div>\n<\/div>\n\n\n\n<div class=\"wp-block-group functions__box has-global-padding is-layout-constrained wp-block-group-is-layout-constrained\" style=\"border-radius:20px\">\n<figure class=\"wp-block-image size-full\"><img loading=\"lazy\" decoding=\"async\" width=\"500\" height=\"300\" src=\"https:\/\/zenkit.com\/wp-content\/uploads\/2025\/05\/lag_and_lead.webp\" alt=\"Retraso y Adelanto\" class=\"wp-image-112225\" srcset=\"https:\/\/zenkit.com\/wp-content\/uploads\/2025\/05\/lag_and_lead.webp 500w, https:\/\/zenkit.com\/wp-content\/uploads\/2025\/05\/lag_and_lead-300x180.webp 300w\" sizes=\"auto, (max-width: 500px) 100vw, 500px\" \/><\/figure>\n\n\n\n<h3 class=\"wp-block-heading has-text-align-center card__title\">Retraso y Adelanto<\/h3>\n\n\n\n<div class=\"wp-block-group has-global-padding is-layout-constrained wp-block-group-is-layout-constrained\">\n<p class=\"has-text-align-center has-da-grey-1-color has-text-color has-link-color wp-elements-58aedd4edd42735419526ee18a4ade6c\">Agregar retraso o adelanto a cualquier dependencia de tarea para establecer retrasos o definir que tareas pueden comenzar antes. Retraso y Adelanto est\u00e1n claramente indicadas de una forma visualmente impactante.<\/p>\n<\/div>\n<\/div>\n\n\n\n<div class=\"wp-block-group functions__box has-global-padding is-layout-constrained wp-block-group-is-layout-constrained\" style=\"border-radius:20px\">\n<figure class=\"wp-block-image size-full\"><img loading=\"lazy\" decoding=\"async\" width=\"500\" height=\"300\" src=\"https:\/\/zenkit.com\/wp-content\/uploads\/2025\/05\/critical_path.webp\" alt=\"Camino cr\u00edtico\" class=\"wp-image-112236\" srcset=\"https:\/\/zenkit.com\/wp-content\/uploads\/2025\/05\/critical_path.webp 500w, https:\/\/zenkit.com\/wp-content\/uploads\/2025\/05\/critical_path-300x180.webp 300w\" sizes=\"auto, (max-width: 500px) 100vw, 500px\" \/><\/figure>\n\n\n\n<h3 class=\"wp-block-heading has-text-align-center card__title\">Camino cr\u00edtico<\/h3>\n\n\n\n<div class=\"wp-block-group has-global-padding is-layout-constrained wp-block-group-is-layout-constrained\">\n<p class=\"has-text-align-center has-da-grey-1-color has-text-color has-link-color wp-elements-d9e61f69348ccf8a61788dc8c107a9cd\">No m\u00e1s c\u00e1lculos tediosos o errores humanos, simplemente cambie con un gesto para mostrar el camino cr\u00edtico de su proyecto. El camino cr\u00edtico se actualizar\u00e1 autom\u00e1ticamente a medida que los cambios sean realizados en su programa.<\/p>\n<\/div>\n<\/div>\n\n\n\n<div class=\"wp-block-group functions__box has-global-padding is-layout-constrained wp-block-group-is-layout-constrained\" style=\"border-radius:20px\">\n<figure class=\"wp-block-image size-full\"><img loading=\"lazy\" decoding=\"async\" width=\"500\" height=\"300\" src=\"https:\/\/zenkit.com\/wp-content\/uploads\/2025\/05\/milestones.webp\" alt=\"Hitos\" class=\"wp-image-112246\" srcset=\"https:\/\/zenkit.com\/wp-content\/uploads\/2025\/05\/milestones.webp 500w, https:\/\/zenkit.com\/wp-content\/uploads\/2025\/05\/milestones-300x180.webp 300w\" sizes=\"auto, (max-width: 500px) 100vw, 500px\" \/><\/figure>\n\n\n\n<h3 class=\"wp-block-heading has-text-align-center card__title\">Hitos<\/h3>\n\n\n\n<div class=\"wp-block-group has-global-padding is-layout-constrained wp-block-group-is-layout-constrained\">\n<p class=\"has-text-align-center has-da-grey-1-color has-text-color has-link-color wp-elements-592d1dc1785da29fcf93ff0cff99e545\">Agregar hitos para se\u00f1alar claramente fechas importantes de las fases del proyecto, su comienzo o final. Los hitos son fijos y no se cambiar\u00e1n autom\u00e1ticamente cuando ajuste su programa.<\/p>\n<\/div>\n<\/div>\n\n\n\n<div class=\"wp-block-group functions__box has-global-padding is-layout-constrained wp-block-group-is-layout-constrained\" style=\"border-radius:20px\">\n<figure class=\"wp-block-image size-full\"><img loading=\"lazy\" decoding=\"async\" width=\"500\" height=\"300\" src=\"https:\/\/zenkit.com\/wp-content\/uploads\/2025\/05\/secondary_date_field.webp\" alt=\"Fecha secundaria\" class=\"wp-image-112256\" srcset=\"https:\/\/zenkit.com\/wp-content\/uploads\/2025\/05\/secondary_date_field.webp 500w, https:\/\/zenkit.com\/wp-content\/uploads\/2025\/05\/secondary_date_field-300x180.webp 300w\" sizes=\"auto, (max-width: 500px) 100vw, 500px\" \/><\/figure>\n\n\n\n<h3 class=\"wp-block-heading has-text-align-center card__title\">Fecha secundaria<\/h3>\n\n\n\n<div class=\"wp-block-group has-global-padding is-layout-constrained wp-block-group-is-layout-constrained\">\n<p class=\"has-text-align-center has-da-grey-1-color has-text-color has-link-color wp-elements-cacabdf396d0613c442a0197138b2c9d\">Mostrar un diagrama de Gantt superpuesto sobre el otro. Observar calendario planificado versus el actual de un vistazo y haga decisiones con informaci\u00f3n del status del proyecto.<\/p>\n<\/div>\n<\/div>\n\n\n\n<div class=\"wp-block-group functions__box has-global-padding is-layout-constrained wp-block-group-is-layout-constrained\" style=\"border-radius:20px\">\n<figure class=\"wp-block-image size-full\"><img loading=\"lazy\" decoding=\"async\" width=\"500\" height=\"300\" src=\"https:\/\/zenkit.com\/wp-content\/uploads\/2025\/05\/time_breakdown.webp\" alt=\"Desglose del Tiempo\" class=\"wp-image-112266\" srcset=\"https:\/\/zenkit.com\/wp-content\/uploads\/2025\/05\/time_breakdown.webp 500w, https:\/\/zenkit.com\/wp-content\/uploads\/2025\/05\/time_breakdown-300x180.webp 300w\" sizes=\"auto, (max-width: 500px) 100vw, 500px\" \/><\/figure>\n\n\n\n<h3 class=\"wp-block-heading has-text-align-center card__title\">Desglose del Tiempo<\/h3>\n\n\n\n<div class=\"wp-block-group has-global-padding is-layout-constrained wp-block-group-is-layout-constrained\">\n<p class=\"has-text-align-center has-da-grey-1-color has-text-color has-link-color wp-elements-29085ff41c459eab0d0c203ec5325a7d\">Cambiar la escala del tiempo en uno de sus diagramas de Gantt para acomodar plazos largos o cortos del proyecto. Zoom m\u00e1s o menos en escalas de tiempo para navegar o sumergirse en los detalles u observar la imagen m\u00e1s grande.<\/p>\n<\/div>\n<\/div>\n<\/div>\n\n\n\n<div style=\"height:88px;--tablet-height:72px;--mobile-height:36px\" class=\"wp-block-lookeen-blocks-responsive-spacer\"><\/div>\n<\/div>\n\n\n\n<div class=\"wp-block-group has-da-blue-light-background-color has-background has-global-padding is-layout-constrained wp-block-group-is-layout-constrained\">\n<div style=\"height:88px;--tablet-height:72px;--mobile-height:36px\" class=\"wp-block-lookeen-blocks-responsive-spacer\"><\/div>\n\n\n\n<div class=\"wp-block-group width--950 has-global-padding is-layout-constrained wp-container-core-group-is-layout-081cea82 wp-block-group-is-layout-constrained\">\n<h2 class=\"wp-block-heading has-text-align-center\" style=\"margin-bottom:8px\">Utilice Zenkit Donde Usted Trabaje<\/h2>\n\n\n\n<p class=\"has-text-align-center\">Utilice Zenkit en su navegador, o descargue nuestro programa de escritorio y aplicaci\u00f3n m\u00f3vil.<\/p>\n\n\n\n<figure class=\"wp-block-image aligncenter size-full\"><img loading=\"lazy\" decoding=\"async\" width=\"636\" height=\"110\" src=\"https:\/\/zenkit.com\/wp-content\/uploads\/2025\/05\/app-downloads-2.webp\" alt=\"Nutzen Sie Zenkit von \u00fcberall aus\" class=\"wp-image-112280\" srcset=\"https:\/\/zenkit.com\/wp-content\/uploads\/2025\/05\/app-downloads-2.webp 636w, https:\/\/zenkit.com\/wp-content\/uploads\/2025\/05\/app-downloads-2-300x52.webp 300w\" sizes=\"auto, (max-width: 636px) 100vw, 636px\" \/><\/figure>\n\n\n\n<div style=\"height:48px;--tablet-height:36px;--mobile-height:24px\" class=\"wp-block-lookeen-blocks-responsive-spacer\"><\/div>\n\n\n\n<p class=\"has-text-align-center\" style=\"margin-bottom:0px\"><a href=\"https:\/\/zenkit.com\/es\/plataformas\/\" data-type=\"page\" data-id=\"132077\"><a href=\"https:\/\/zenkit.com\/es\/projects\/plataformas\/\">Obtenga la Aplicaci\u00f3n de Zenkit<\/a><\/a><\/p>\n<\/div>\n\n\n\n<div style=\"height:88px;--tablet-height:72px;--mobile-height:36px\" class=\"wp-block-lookeen-blocks-responsive-spacer\"><\/div>\n<\/div>\n","protected":false},"excerpt":{"rendered":"<p>Utilice Diagramas de Gantt para Administrar sus Proyectos Complejos Programar y rastrear proyectos complejos en una l\u00ednea de tiempo clara La vista de Gantt de Zenkit est\u00e1 dise\u00f1ada para permitir a equipos y administradores de proyectos rastrear y administrar cualquier calendario del proyecto, recursos, y personas de forma precisa. Obt\u00e9n una vista r\u00e1pida e intuitiva [&hellip;]<\/p>\n","protected":false},"author":5,"featured_media":0,"parent":125974,"menu_order":2,"comment_status":"closed","ping_status":"closed","template":"","meta":{"yasr_overall_rating":0,"yasr_post_is_review":"","yasr_auto_insert_disabled":"","yasr_review_type":"","footnotes":""},"class_list":["post-39174","page","type-page","status-publish","hentry"],"yoast_head":"<!-- This site is optimized with the Yoast SEO plugin v27.3 - https:\/\/yoast.com\/product\/yoast-seo-wordpress\/ -->\n<title>Diagramas de Gantt | Zenkit<\/title>\n<meta name=\"description\" content=\"Establezca tareas en una l\u00ednea de tiempo. Agregue dependencias, hitos, y caminos cr\u00edticos. La perfecta herramienta para administradores de proyectos y l\u00edderes de la organizaci\u00f3n por igual.\" \/>\n<meta name=\"robots\" content=\"index, follow, max-snippet:-1, max-image-preview:large, max-video-preview:-1\" \/>\n<link rel=\"canonical\" href=\"https:\/\/zenkit.com\/es\/soluciones\/diagramas-de-gantt\/\" \/>\n<meta property=\"og:locale\" content=\"es_ES\" \/>\n<meta property=\"og:type\" content=\"article\" \/>\n<meta property=\"og:title\" content=\"Diagramas de Gantt | Zenkit\" \/>\n<meta property=\"og:description\" content=\"Establezca tareas en una l\u00ednea de tiempo. Agregue dependencias, hitos, y caminos cr\u00edticos. La perfecta herramienta para administradores de proyectos y l\u00edderes de la organizaci\u00f3n por igual.\" \/>\n<meta property=\"og:url\" content=\"https:\/\/zenkit.com\/es\/soluciones\/diagramas-de-gantt\/\" \/>\n<meta property=\"og:site_name\" content=\"Zenkit\" \/>\n<meta property=\"article:publisher\" content=\"https:\/\/www.facebook.com\/ZenkitHQ\" \/>\n<meta property=\"article:modified_time\" content=\"2025-09-02T21:30:27+00:00\" \/>\n<meta property=\"og:image\" content=\"https:\/\/zenkit.com\/wp-content\/uploads\/2025\/05\/task_dependencies.webp\" \/>\n<meta name=\"twitter:card\" content=\"summary_large_image\" \/>\n<meta name=\"twitter:site\" content=\"@ZenkitHQ\" \/>\n<script type=\"application\/ld+json\" class=\"yoast-schema-graph\">{\"@context\":\"https:\\\/\\\/schema.org\",\"@graph\":[{\"@type\":\"WebPage\",\"@id\":\"https:\\\/\\\/zenkit.com\\\/es\\\/soluciones\\\/diagramas-de-gantt\\\/\",\"url\":\"https:\\\/\\\/zenkit.com\\\/es\\\/soluciones\\\/diagramas-de-gantt\\\/\",\"name\":\"Diagramas de Gantt | Zenkit\",\"isPartOf\":{\"@id\":\"https:\\\/\\\/zenkit.com\\\/es\\\/#website\"},\"primaryImageOfPage\":{\"@id\":\"https:\\\/\\\/zenkit.com\\\/es\\\/soluciones\\\/diagramas-de-gantt\\\/#primaryimage\"},\"image\":{\"@id\":\"https:\\\/\\\/zenkit.com\\\/es\\\/soluciones\\\/diagramas-de-gantt\\\/#primaryimage\"},\"thumbnailUrl\":\"https:\\\/\\\/zenkit.com\\\/wp-content\\\/uploads\\\/2025\\\/05\\\/task_dependencies.webp\",\"datePublished\":\"2020-01-22T07:38:24+00:00\",\"dateModified\":\"2025-09-02T21:30:27+00:00\",\"description\":\"Establezca tareas en una l\u00ednea de tiempo. Agregue dependencias, hitos, y caminos cr\u00edticos. La perfecta herramienta para administradores de proyectos y l\u00edderes de la organizaci\u00f3n por igual.\",\"breadcrumb\":{\"@id\":\"https:\\\/\\\/zenkit.com\\\/es\\\/soluciones\\\/diagramas-de-gantt\\\/#breadcrumb\"},\"inLanguage\":\"es\",\"potentialAction\":[{\"@type\":\"ReadAction\",\"target\":[\"https:\\\/\\\/zenkit.com\\\/es\\\/soluciones\\\/diagramas-de-gantt\\\/\"]}]},{\"@type\":\"ImageObject\",\"inLanguage\":\"es\",\"@id\":\"https:\\\/\\\/zenkit.com\\\/es\\\/soluciones\\\/diagramas-de-gantt\\\/#primaryimage\",\"url\":\"https:\\\/\\\/zenkit.com\\\/wp-content\\\/uploads\\\/2025\\\/05\\\/task_dependencies.webp\",\"contentUrl\":\"https:\\\/\\\/zenkit.com\\\/wp-content\\\/uploads\\\/2025\\\/05\\\/task_dependencies.webp\"},{\"@type\":\"BreadcrumbList\",\"@id\":\"https:\\\/\\\/zenkit.com\\\/es\\\/soluciones\\\/diagramas-de-gantt\\\/#breadcrumb\",\"itemListElement\":[{\"@type\":\"ListItem\",\"position\":1,\"name\":\"Home\",\"item\":\"https:\\\/\\\/zenkit.com\\\/es\\\/\"},{\"@type\":\"ListItem\",\"position\":2,\"name\":\"soluciones\",\"item\":\"https:\\\/\\\/zenkit.com\\\/es\\\/soluciones\\\/\"},{\"@type\":\"ListItem\",\"position\":3,\"name\":\"Gantt View\"}]},{\"@type\":\"WebSite\",\"@id\":\"https:\\\/\\\/zenkit.com\\\/es\\\/#website\",\"url\":\"https:\\\/\\\/zenkit.com\\\/es\\\/\",\"name\":\"Zenkit\",\"description\":\"Zenkit Tagline\",\"potentialAction\":[{\"@type\":\"SearchAction\",\"target\":{\"@type\":\"EntryPoint\",\"urlTemplate\":\"https:\\\/\\\/zenkit.com\\\/es\\\/?s={search_term_string}\"},\"query-input\":{\"@type\":\"PropertyValueSpecification\",\"valueRequired\":true,\"valueName\":\"search_term_string\"}}],\"inLanguage\":\"es\"},false]}<\/script>\n<!-- \/ Yoast SEO plugin. -->","yoast_head_json":{"title":"Diagramas de Gantt | Zenkit","description":"Establezca tareas en una l\u00ednea de tiempo. Agregue dependencias, hitos, y caminos cr\u00edticos. La perfecta herramienta para administradores de proyectos y l\u00edderes de la organizaci\u00f3n por igual.","robots":{"index":"index","follow":"follow","max-snippet":"max-snippet:-1","max-image-preview":"max-image-preview:large","max-video-preview":"max-video-preview:-1"},"canonical":"https:\/\/zenkit.com\/es\/soluciones\/diagramas-de-gantt\/","og_locale":"es_ES","og_type":"article","og_title":"Diagramas de Gantt | Zenkit","og_description":"Establezca tareas en una l\u00ednea de tiempo. Agregue dependencias, hitos, y caminos cr\u00edticos. La perfecta herramienta para administradores de proyectos y l\u00edderes de la organizaci\u00f3n por igual.","og_url":"https:\/\/zenkit.com\/es\/soluciones\/diagramas-de-gantt\/","og_site_name":"Zenkit","article_publisher":"https:\/\/www.facebook.com\/ZenkitHQ","article_modified_time":"2025-09-02T21:30:27+00:00","og_image":[{"url":"https:\/\/zenkit.com\/wp-content\/uploads\/2025\/05\/task_dependencies.webp","type":"","width":"","height":""}],"twitter_card":"summary_large_image","twitter_site":"@ZenkitHQ","schema":{"@context":"https:\/\/schema.org","@graph":[{"@type":"WebPage","@id":"https:\/\/zenkit.com\/es\/soluciones\/diagramas-de-gantt\/","url":"https:\/\/zenkit.com\/es\/soluciones\/diagramas-de-gantt\/","name":"Diagramas de Gantt | Zenkit","isPartOf":{"@id":"https:\/\/zenkit.com\/es\/#website"},"primaryImageOfPage":{"@id":"https:\/\/zenkit.com\/es\/soluciones\/diagramas-de-gantt\/#primaryimage"},"image":{"@id":"https:\/\/zenkit.com\/es\/soluciones\/diagramas-de-gantt\/#primaryimage"},"thumbnailUrl":"https:\/\/zenkit.com\/wp-content\/uploads\/2025\/05\/task_dependencies.webp","datePublished":"2020-01-22T07:38:24+00:00","dateModified":"2025-09-02T21:30:27+00:00","description":"Establezca tareas en una l\u00ednea de tiempo. Agregue dependencias, hitos, y caminos cr\u00edticos. La perfecta herramienta para administradores de proyectos y l\u00edderes de la organizaci\u00f3n por igual.","breadcrumb":{"@id":"https:\/\/zenkit.com\/es\/soluciones\/diagramas-de-gantt\/#breadcrumb"},"inLanguage":"es","potentialAction":[{"@type":"ReadAction","target":["https:\/\/zenkit.com\/es\/soluciones\/diagramas-de-gantt\/"]}]},{"@type":"ImageObject","inLanguage":"es","@id":"https:\/\/zenkit.com\/es\/soluciones\/diagramas-de-gantt\/#primaryimage","url":"https:\/\/zenkit.com\/wp-content\/uploads\/2025\/05\/task_dependencies.webp","contentUrl":"https:\/\/zenkit.com\/wp-content\/uploads\/2025\/05\/task_dependencies.webp"},{"@type":"BreadcrumbList","@id":"https:\/\/zenkit.com\/es\/soluciones\/diagramas-de-gantt\/#breadcrumb","itemListElement":[{"@type":"ListItem","position":1,"name":"Home","item":"https:\/\/zenkit.com\/es\/"},{"@type":"ListItem","position":2,"name":"soluciones","item":"https:\/\/zenkit.com\/es\/soluciones\/"},{"@type":"ListItem","position":3,"name":"Gantt View"}]},{"@type":"WebSite","@id":"https:\/\/zenkit.com\/es\/#website","url":"https:\/\/zenkit.com\/es\/","name":"Zenkit","description":"Zenkit Tagline","potentialAction":[{"@type":"SearchAction","target":{"@type":"EntryPoint","urlTemplate":"https:\/\/zenkit.com\/es\/?s={search_term_string}"},"query-input":{"@type":"PropertyValueSpecification","valueRequired":true,"valueName":"search_term_string"}}],"inLanguage":"es"},false]}},"yasr_visitor_votes":{"stars_attributes":{"read_only":false,"span_bottom":false},"number_of_votes":0,"sum_votes":0},"_links":{"self":[{"href":"https:\/\/zenkit.com\/es\/wp-json\/wp\/v2\/pages\/39174","targetHints":{"allow":["GET"]}}],"collection":[{"href":"https:\/\/zenkit.com\/es\/wp-json\/wp\/v2\/pages"}],"about":[{"href":"https:\/\/zenkit.com\/es\/wp-json\/wp\/v2\/types\/page"}],"author":[{"embeddable":true,"href":"https:\/\/zenkit.com\/es\/wp-json\/wp\/v2\/users\/5"}],"replies":[{"embeddable":true,"href":"https:\/\/zenkit.com\/es\/wp-json\/wp\/v2\/comments?post=39174"}],"version-history":[{"count":2,"href":"https:\/\/zenkit.com\/es\/wp-json\/wp\/v2\/pages\/39174\/revisions"}],"predecessor-version":[{"id":133449,"href":"https:\/\/zenkit.com\/es\/wp-json\/wp\/v2\/pages\/39174\/revisions\/133449"}],"up":[{"embeddable":true,"href":"https:\/\/zenkit.com\/es\/wp-json\/wp\/v2\/pages\/125974"}],"wp:attachment":[{"href":"https:\/\/zenkit.com\/es\/wp-json\/wp\/v2\/media?parent=39174"}],"curies":[{"name":"wp","href":"https:\/\/api.w.org\/{rel}","templated":true}]}}