{"id":60959,"date":"2021-04-21T14:12:34","date_gmt":"2021-04-21T12:12:34","guid":{"rendered":"https:\/\/zenkit.com\/tutorials-re\/"},"modified":"2025-09-01T14:07:31","modified_gmt":"2025-09-01T12:07:31","slug":"tutoriales","status":"publish","type":"page","link":"https:\/\/zenkit.com\/es\/tutoriales\/","title":{"rendered":"Tutoriales"},"content":{"rendered":"\n<div class=\"wp-block-group page__header has-global-padding is-layout-constrained wp-block-group-is-layout-constrained\">\n<div class=\"wp-block-group width--950 has-global-padding is-layout-constrained wp-block-group-is-layout-constrained\">\n<div style=\"height:45px;--tablet-height:45px;--mobile-height:16px\" class=\"wp-block-lookeen-blocks-responsive-spacer\"><\/div>\n\n\n\n<div class=\"wp-block-group has-global-padding is-layout-constrained wp-block-group-is-layout-constrained\">\n<h1 class=\"wp-block-heading has-text-align-center\" style=\"margin-bottom:8px\">Gu\u00edas<\/h1>\n<\/div>\n\n\n\n<div class=\"wp-block-group has-global-padding is-layout-constrained wp-block-group-is-layout-constrained\">\n<p class=\"has-text-align-center subheading\">Aprenda los conceptos b\u00e1sicos de Zenkit y obtenga una descripci\u00f3n completa de las funciones esenciales.<\/p>\n<\/div>\n\n\n\n<div style=\"height:48px;--tablet-height:36px;--mobile-height:24px\" class=\"wp-block-lookeen-blocks-responsive-spacer\"><\/div>\n<\/div>\n<\/div>\n\n\n\n<div class=\"wp-block-group has-global-padding is-layout-constrained wp-block-group-is-layout-constrained\">\n<div class=\"wp-block-zenkit-blocks-js-search\"><div class=\"da__search-wrapper\"><input type=\"search\" placeholder=\"Buscar\" aria-label=\"Search\" data-target=\"videos\"\/><svg xmlns=\"http:\/\/www.w3.org\/2000\/svg\" width=\"20\" height=\"20\" viewBox=\"0 0 20 20\" fill=\"none\"><g clip-path=\"url(#clip0_11309_6679)\"><path d=\"M19.6848 18.1668L14.9689 13.4517C16.2884 11.9805 17.036 10.0771 17.036 8.07122C17.036 3.62049 13.4155 0 8.96478 0C4.51405 0 0.892578 3.62049 0.892578 8.07122C0.892578 12.522 4.51404 16.1434 8.96478 16.1434C10.5206 16.1434 12.0358 15.6854 13.3318 14.8507L18.1667 19.6849C18.3765 19.8947 18.6506 20 18.9257 20C19.2009 20 19.476 19.8946 19.6848 19.6849C20.1043 19.2654 20.1043 18.5854 19.6848 18.1668ZM3.04087 8.07122C3.04087 4.80488 5.69843 2.14829 8.96477 2.14829C12.2311 2.14829 14.8877 4.80488 14.8877 8.07122C14.8877 9.82732 14.116 11.4819 12.7696 12.6117C11.7072 13.5044 10.356 13.9951 8.96477 13.9951C5.69843 13.9951 3.04087 11.3376 3.04087 8.07122Z\" fill=\"\"><\/path><\/g><defs><clipPath id=\"clip0_11309_6679\"><rect width=\"19.1068\" height=\"20\" fill=\"white\" transform=\"translate(0.892578)\"><\/rect><\/clipPath><\/defs><\/svg><button type=\"button\" class=\"da__clear-btn\" aria-label=\"Clear search\" style=\"display:none\">\u00d7<\/button><\/div><\/div>\n\n\n\n<div style=\"height:48px;--tablet-height:36px;--mobile-height:24px\" class=\"wp-block-lookeen-blocks-responsive-spacer\"><\/div>\n\n\n\n<div class=\"wp-block-group videos has-global-padding is-layout-constrained wp-block-group-is-layout-constrained\">\n<div class=\"wp-block-group has-global-padding is-layout-constrained wp-block-group-is-layout-constrained\">\n<div class=\"wp-block-group video__container-grid has-global-padding is-layout-constrained wp-block-group-is-layout-constrained\">\n<div class=\"wp-block-group video__container has-global-padding is-layout-constrained wp-block-group-is-layout-constrained\">\n<iframe loading=\"lazy\" width=\"560\" height=\"315\" src=\"https:\/\/www.youtube.com\/embed\/dlrb7Xesp-U?si=1NJ61_eD_yeYpA-7\" title=\"YouTube video player\" frameborder=\"0\" allow=\"accelerometer; autoplay; clipboard-write; encrypted-media; gyroscope; picture-in-picture; web-share\" referrerpolicy=\"strict-origin-when-cross-origin\" allowfullscreen><\/iframe>\n\n\n\n<p class=\"has-text-align-center card__title has-da-grey-2-color has-text-color has-link-color wp-elements-1219e378052c7f7101db92218ff90043\">Aprenda m\u00e1s acerca de las collections, los campos y las vistas de Zenkit en este VIDEO introductorio.<\/p>\n<\/div>\n\n\n\n<div class=\"wp-block-group video__container has-global-padding is-layout-constrained wp-block-group-is-layout-constrained\">\n<iframe loading=\"lazy\" width=\"560\" height=\"315\" src=\"https:\/\/www.youtube.com\/embed\/PCBr4lUjG3Y?si=RcMz1HtvPCcYOXUs\" title=\"YouTube video player\" frameborder=\"0\" allow=\"accelerometer; autoplay; clipboard-write; encrypted-media; gyroscope; picture-in-picture; web-share\" referrerpolicy=\"strict-origin-when-cross-origin\" allowfullscreen><\/iframe>\n\n\n\n<p class=\"has-text-align-center card__title has-da-grey-2-color has-text-color has-link-color wp-elements-38a5a627e255b90383fc724bb5cbebb8\">Una introducci\u00f3n a Zenkit para los usuarios de Trello. C\u00f3mo importar sus datos Trello y un resumen de los principales beneficios de hacer el cambio.<\/p>\n<\/div>\n\n\n\n<div class=\"wp-block-group video__container has-global-padding is-layout-constrained wp-block-group-is-layout-constrained\">\n<iframe loading=\"lazy\" width=\"560\" height=\"315\" src=\"https:\/\/www.youtube.com\/embed\/O5J4w8f4Bz8?si=_WRKyfbzk4tJnm8c\" title=\"YouTube video player\" frameborder=\"0\" allow=\"accelerometer; autoplay; clipboard-write; encrypted-media; gyroscope; picture-in-picture; web-share\" referrerpolicy=\"strict-origin-when-cross-origin\" allowfullscreen><\/iframe>\n\n\n\n<p class=\"has-text-align-center card__title has-da-grey-1-color has-text-color has-link-color wp-elements-6ed0bea6c13e1a4a56cd9594ea8b93d2\">Una gu\u00eda r\u00e1pida de los campos personalizados disponibles en Zenkit.<\/p>\n<\/div>\n<\/div>\n<\/div>\n\n\n\n<div style=\"height:88px;--tablet-height:72px;--mobile-height:40px\" class=\"wp-block-lookeen-blocks-responsive-spacer\"><\/div>\n\n\n\n<div class=\"wp-block-group has-global-padding is-layout-constrained wp-block-group-is-layout-constrained\">\n<h2 class=\"wp-block-heading has-text-align-center display-h1\" style=\"margin-bottom:8px\">Vistas<\/h2>\n\n\n\n<p class=\"has-text-align-center is-style-subtext\" style=\"margin-bottom:0px\">Gu\u00edas exhaustivas y paso a paso para las diferentes vistas disponibles en Zenkit.<\/p>\n\n\n\n<div style=\"height:48px;--tablet-height:36px;--mobile-height:24px\" class=\"wp-block-lookeen-blocks-responsive-spacer\"><\/div>\n\n\n\n<div class=\"wp-block-group video__container-grid has-global-padding is-layout-constrained wp-block-group-is-layout-constrained\">\n<div class=\"wp-block-group video__container has-global-padding is-layout-constrained wp-block-group-is-layout-constrained\">\n<iframe loading=\"lazy\" width=\"560\" height=\"315\" src=\"https:\/\/www.youtube.com\/embed\/AuPXZeKhwyY?si=SHz3FDQ98yuCqiVZ\" title=\"YouTube video player\" frameborder=\"0\" allow=\"accelerometer; autoplay; clipboard-write; encrypted-media; gyroscope; picture-in-picture; web-share\" referrerpolicy=\"strict-origin-when-cross-origin\" allowfullscreen><\/iframe>\n\n\n\n<p class=\"has-text-align-center card__title has-da-grey-2-color has-text-color has-link-color wp-elements-0906fca47ad5ded5d17b24268f684a49\">Un recorrido r\u00e1pido de todas las funciones relacionadas con Kanban dentro de la aplicaci\u00f3n Zenkit.<\/p>\n<\/div>\n\n\n\n<div class=\"wp-block-group video__container has-global-padding is-layout-constrained wp-block-group-is-layout-constrained\">\n<iframe loading=\"lazy\" width=\"560\" height=\"315\" src=\"https:\/\/www.youtube.com\/embed\/EbyKCvf9_DQ?si=aMwaBrknLPbgMx-7\" title=\"YouTube video player\" frameborder=\"0\" allow=\"accelerometer; autoplay; clipboard-write; encrypted-media; gyroscope; picture-in-picture; web-share\" referrerpolicy=\"strict-origin-when-cross-origin\" allowfullscreen><\/iframe>\n\n\n\n<p class=\"has-text-align-center card__title has-da-grey-2-color has-text-color has-link-color wp-elements-31d3dc8e89670137bbfb9f97a7a6ba6c\">Una gu\u00eda r\u00e1pida de las funciones de la vista de tabla de Zenkit.<\/p>\n<\/div>\n\n\n\n<div class=\"wp-block-group video__container has-global-padding is-layout-constrained wp-block-group-is-layout-constrained\">\n<iframe loading=\"lazy\" width=\"560\" height=\"315\" src=\"https:\/\/www.youtube.com\/embed\/0KgEbJ3Q8gI?si=KnB8AIipkxTf8sDw\" title=\"YouTube video player\" frameborder=\"0\" allow=\"accelerometer; autoplay; clipboard-write; encrypted-media; gyroscope; picture-in-picture; web-share\" referrerpolicy=\"strict-origin-when-cross-origin\" allowfullscreen><\/iframe>\n\n\n\n<p class=\"has-text-align-center card__title has-da-grey-1-color has-text-color has-link-color wp-elements-85ced2064d82dc3e43284750d8e8bee7\">C\u00f3mo usar el campo de fecha y vista de calendario de Zenkit.<\/p>\n<\/div>\n\n\n\n<div class=\"wp-block-group video__container has-global-padding is-layout-constrained wp-block-group-is-layout-constrained\">\n<iframe loading=\"lazy\" width=\"560\" height=\"315\" src=\"https:\/\/www.youtube.com\/embed\/wc-wG_sTlS0?si=8alVSaVHK3iOQ1lV\" title=\"YouTube video player\" frameborder=\"0\" allow=\"accelerometer; autoplay; clipboard-write; encrypted-media; gyroscope; picture-in-picture; web-share\" referrerpolicy=\"strict-origin-when-cross-origin\" allowfullscreen><\/iframe>\n\n\n\n<p class=\"has-text-align-center card__title has-da-grey-1-color has-text-color has-link-color wp-elements-4a8f9836c4c508d713e7f48de67e4e9c\">Una gu\u00eda de las funciones de la vista de lista de Zenkit.<\/p>\n<\/div>\n\n\n\n<div class=\"wp-block-group video__container has-global-padding is-layout-constrained wp-block-group-is-layout-constrained\">\n<iframe loading=\"lazy\" width=\"560\" height=\"315\" src=\"https:\/\/www.youtube.com\/embed\/wICBOV2ZLmM?si=ESqRd4bcNeczD2cC\" title=\"YouTube video player\" frameborder=\"0\" allow=\"accelerometer; autoplay; clipboard-write; encrypted-media; gyroscope; picture-in-picture; web-share\" referrerpolicy=\"strict-origin-when-cross-origin\" allowfullscreen><\/iframe>\n\n\n\n<p class=\"has-text-align-center card__title has-da-grey-1-color has-text-color has-link-color wp-elements-79fcb8eab31dfd02419685c156b02df3\">Una gu\u00eda para usar la vista del mapa mental de Zenkit.<\/p>\n<\/div>\n<\/div>\n<\/div>\n\n\n\n<div style=\"height:88px;--tablet-height:72px;--mobile-height:40px\" class=\"wp-block-lookeen-blocks-responsive-spacer\"><\/div>\n\n\n\n<div class=\"wp-block-group has-global-padding is-layout-constrained wp-block-group-is-layout-constrained\">\n<h2 class=\"wp-block-heading has-text-align-center display-h1\" style=\"margin-bottom:8px\">Funciones avanzadas<\/h2>\n\n\n\n<p class=\"has-text-align-center is-style-subtext\" style=\"margin-bottom:0px\">Obtenga una comprensi\u00f3n completa de algunas de las funciones m\u00e1s complejas de Zenkit.<\/p>\n\n\n\n<div style=\"height:48px;--tablet-height:36px;--mobile-height:24px\" class=\"wp-block-lookeen-blocks-responsive-spacer\"><\/div>\n\n\n\n<div class=\"wp-block-group video__container-grid has-global-padding is-layout-constrained wp-block-group-is-layout-constrained\">\n<div class=\"wp-block-group video__container has-global-padding is-layout-constrained wp-block-group-is-layout-constrained\">\n<iframe loading=\"lazy\" width=\"560\" height=\"315\" src=\"https:\/\/www.youtube.com\/embed\/D6G0Ec39Cxc?si=dN_2hdkwkGmg-8eu\" title=\"YouTube video player\" frameborder=\"0\" allow=\"accelerometer; autoplay; clipboard-write; encrypted-media; gyroscope; picture-in-picture; web-share\" referrerpolicy=\"strict-origin-when-cross-origin\" allowfullscreen><\/iframe>\n\n\n\n<p class=\"has-text-align-center card__title has-da-grey-2-color has-text-color has-link-color wp-elements-68bb7970efa067acdd665dcc491f18f5\">C\u00f3mo agregar miembros del equipo a workspaces y collections, y c\u00f3mo ver actividades y agregar comentarios.<\/p>\n<\/div>\n\n\n\n<div class=\"wp-block-group video__container has-global-padding is-layout-constrained wp-block-group-is-layout-constrained\">\n<iframe loading=\"lazy\" width=\"560\" height=\"315\" src=\"https:\/\/www.youtube.com\/embed\/genNxGN7zCU?si=qVfebQ5miJmUC-mA\" title=\"YouTube video player\" frameborder=\"0\" allow=\"accelerometer; autoplay; clipboard-write; encrypted-media; gyroscope; picture-in-picture; web-share\" referrerpolicy=\"strict-origin-when-cross-origin\" allowfullscreen><\/iframe>\n\n\n\n<p class=\"has-text-align-center card__title has-da-grey-2-color has-text-color has-link-color wp-elements-7a0d583ccdadbf7882d1676bbac619c9\">Una gu\u00eda r\u00e1pida para configurar los campos de f\u00f3rmulas en Zenkit.<\/p>\n<\/div>\n\n\n\n<div class=\"wp-block-group video__container has-global-padding is-layout-constrained wp-block-group-is-layout-constrained\">\n<iframe loading=\"lazy\" width=\"560\" height=\"315\" src=\"https:\/\/www.youtube.com\/embed\/Jwci_4SbUAU?si=RGY8Mu0NrQrfQcaK\" title=\"YouTube video player\" frameborder=\"0\" allow=\"accelerometer; autoplay; clipboard-write; encrypted-media; gyroscope; picture-in-picture; web-share\" referrerpolicy=\"strict-origin-when-cross-origin\" allowfullscreen><\/iframe>\n\n\n\n<p class=\"has-text-align-center card__title has-da-grey-1-color has-text-color has-link-color wp-elements-7a6a2e4166eabcd2834f689915f6253c\">Una gu\u00eda para configurar referencias entre collections y usarlas en f\u00f3rmulas de agregaci\u00f3n.<\/p>\n<\/div>\n\n\n\n<div class=\"wp-block-group video__container has-global-padding is-layout-constrained wp-block-group-is-layout-constrained\">\n<iframe loading=\"lazy\" width=\"560\" height=\"315\" src=\"https:\/\/www.youtube.com\/embed\/4ZvnJRmuwIo?si=sVa9mMhfp3CW3JAu\" title=\"YouTube video player\" frameborder=\"0\" allow=\"accelerometer; autoplay; clipboard-write; encrypted-media; gyroscope; picture-in-picture; web-share\" referrerpolicy=\"strict-origin-when-cross-origin\" allowfullscreen><\/iframe>\n\n\n\n<p class=\"has-text-align-center card__title has-da-grey-1-color has-text-color has-link-color wp-elements-b057ce55ab45064cd1f02a8dc5d6b168\">C\u00f3mo usar acciones masivas para hacer m\u00e1s cosas, m\u00e1s r\u00e1pidamente con Zenkit.<\/p>\n<\/div>\n\n\n\n<div class=\"wp-block-group video__container has-global-padding is-layout-constrained wp-block-group-is-layout-constrained\">\n<iframe loading=\"lazy\" width=\"560\" height=\"315\" src=\"https:\/\/www.youtube.com\/embed\/tdlwBw1pMpI?si=LJIEk7SOEHcyPSxS\" title=\"YouTube video player\" frameborder=\"0\" allow=\"accelerometer; autoplay; clipboard-write; encrypted-media; gyroscope; picture-in-picture; web-share\" referrerpolicy=\"strict-origin-when-cross-origin\" allowfullscreen><\/iframe>\n\n\n\n<p class=\"has-text-align-center card__title has-da-grey-1-color has-text-color has-link-color wp-elements-500032d9a8f9cf9b014811d76d60761c\">C\u00f3mo mover collections entre equipos e items entre collections.<\/p>\n<\/div>\n\n\n\n<div class=\"wp-block-group video__container has-global-padding is-layout-constrained wp-block-group-is-layout-constrained\">\n<iframe loading=\"lazy\" width=\"560\" height=\"315\" src=\"https:\/\/www.youtube.com\/embed\/mtdM6RxFiE0?si=s6dll2u3qkmMbHGk\" title=\"YouTube video player\" frameborder=\"0\" allow=\"accelerometer; autoplay; clipboard-write; encrypted-media; gyroscope; picture-in-picture; web-share\" referrerpolicy=\"strict-origin-when-cross-origin\" allowfullscreen><\/iframe>\n\n\n\n<p class=\"has-text-align-center card__title has-da-grey-1-color has-text-color has-link-color wp-elements-f3edd5cb8d55424bbd1a5b01ca63b507\">Una gu\u00eda r\u00e1pida para personalizar la configuraci\u00f3n de perfil de Zenkit, de contrase\u00f1a y las opciones de fondo.<\/p>\n<\/div>\n\n\n\n<div class=\"wp-block-group video__container has-global-padding is-layout-constrained wp-block-group-is-layout-constrained\">\n<iframe loading=\"lazy\" width=\"560\" height=\"315\" src=\"https:\/\/www.youtube.com\/embed\/P_pOIEMnrrI?si=UL8NoN1XlXcLV_yF\" title=\"YouTube video player\" frameborder=\"0\" allow=\"accelerometer; autoplay; clipboard-write; encrypted-media; gyroscope; picture-in-picture; web-share\" referrerpolicy=\"strict-origin-when-cross-origin\" allowfullscreen><\/iframe>\n\n\n\n<p class=\"has-text-align-center card__title has-da-grey-1-color has-text-color has-link-color wp-elements-c99d73d029f5c273b618f009226ec577\">Una breve mirada a c\u00f3mo usar la funci\u00f3n de filtro de Zenkit.<\/p>\n<\/div>\n\n\n\n<div class=\"wp-block-group video__container has-global-padding is-layout-constrained wp-block-group-is-layout-constrained\">\n<iframe loading=\"lazy\" width=\"560\" height=\"315\" src=\"https:\/\/www.youtube.com\/embed\/SyHqkXSd9Dw?si=q66bSJKVoEdZji7d\" title=\"YouTube video player\" frameborder=\"0\" allow=\"accelerometer; autoplay; clipboard-write; encrypted-media; gyroscope; picture-in-picture; web-share\" referrerpolicy=\"strict-origin-when-cross-origin\" allowfullscreen><\/iframe>\n\n\n\n<p class=\"has-text-align-center card__title has-da-grey-1-color has-text-color has-link-color wp-elements-cf4ce5a4ec688f7003b55ec8afc73f72\">Aprenda c\u00f3mo convertir diferentes tipos de campos en Zenkit.<\/p>\n<\/div>\n\n\n\n<div class=\"wp-block-group video__container has-global-padding is-layout-constrained wp-block-group-is-layout-constrained\">\n<iframe loading=\"lazy\" width=\"560\" height=\"315\" src=\"https:\/\/www.youtube.com\/embed\/X_HcbP1MunQ?si=jQte-D5kiDugXhm9\" title=\"YouTube video player\" frameborder=\"0\" allow=\"accelerometer; autoplay; clipboard-write; encrypted-media; gyroscope; picture-in-picture; web-share\" referrerpolicy=\"strict-origin-when-cross-origin\" allowfullscreen><\/iframe>\n\n\n\n<p class=\"has-text-align-center card__title has-da-grey-1-color has-text-color has-link-color wp-elements-2c81b19fb55bf4d2c0fcbd5b08ad2dd5\">Ampl\u00ede los items para ver m\u00e1s detalles o mantenga su espacio de trabajo limpio y simple. Aprenda a aumentar con el zoom los items y cambie el orden en que aparecen los campos.<\/p>\n<\/div>\n\n\n\n<div class=\"wp-block-group video__container has-global-padding is-layout-constrained wp-block-group-is-layout-constrained\">\n<iframe loading=\"lazy\" width=\"560\" height=\"315\" src=\"https:\/\/www.youtube.com\/embed\/lqV32njC96w?si=qhk-do0eUfIuilpZ\" title=\"YouTube video player\" frameborder=\"0\" allow=\"accelerometer; autoplay; clipboard-write; encrypted-media; gyroscope; picture-in-picture; web-share\" referrerpolicy=\"strict-origin-when-cross-origin\" allowfullscreen><\/iframe>\n\n\n\n<p class=\"has-text-align-center card__title has-da-grey-1-color has-text-color has-link-color wp-elements-e6e9cf2bda0c6a96581281115a97858c\">Aprenda c\u00f3mo usar \u00edconos de collection personalizados para hacer que sus collections resalten en Zenkit.<\/p>\n<\/div>\n\n\n\n<div class=\"wp-block-group video__container has-global-padding is-layout-constrained wp-block-group-is-layout-constrained\">\n<iframe loading=\"lazy\" width=\"560\" height=\"315\" src=\"https:\/\/www.youtube.com\/embed\/joGEeKnaTHo?si=T9jXivvk1bMKUUN0\" title=\"YouTube video player\" frameborder=\"0\" allow=\"accelerometer; autoplay; clipboard-write; encrypted-media; gyroscope; picture-in-picture; web-share\" referrerpolicy=\"strict-origin-when-cross-origin\" allowfullscreen><\/iframe>\n\n\n\n<p class=\"has-text-align-center card__title has-da-grey-1-color has-text-color has-link-color wp-elements-44e26592947bf0c250cef2c69dfd9539\">Una gu\u00eda r\u00e1pida para administrar archivos en Zenkit usando campos de archivos.<\/p>\n<\/div>\n\n\n\n<div class=\"wp-block-group video__container has-global-padding is-layout-constrained wp-block-group-is-layout-constrained\">\n<iframe loading=\"lazy\" width=\"560\" height=\"315\" src=\"https:\/\/www.youtube.com\/embed\/OuNezLRPXVU?si=hYtwAhv4Y_U89dgg\" title=\"YouTube video player\" frameborder=\"0\" allow=\"accelerometer; autoplay; clipboard-write; encrypted-media; gyroscope; picture-in-picture; web-share\" referrerpolicy=\"strict-origin-when-cross-origin\" allowfullscreen><\/iframe>\n\n\n\n<p class=\"has-text-align-center card__title has-da-grey-1-color has-text-color has-link-color wp-elements-4bc093779bd385c6c4e95b2cfe8cb241\">Una breve gu\u00eda para crear fondos personalizados y los diferentes tipos de items y temas.<\/p>\n<\/div>\n<\/div>\n<\/div>\n<\/div>\n<\/div>\n\n\n\n<div style=\"height:110px;--tablet-height:60px;--mobile-height:48px\" class=\"wp-block-lookeen-blocks-responsive-spacer\"><\/div>\n","protected":false},"excerpt":{"rendered":"<p>Gu\u00edas Aprenda los conceptos b\u00e1sicos de Zenkit y obtenga una descripci\u00f3n completa de las funciones esenciales. Aprenda m\u00e1s acerca de las collections, los campos y las vistas de Zenkit en este VIDEO introductorio. Una introducci\u00f3n a Zenkit para los usuarios de Trello. C\u00f3mo importar sus datos Trello y un resumen de los principales beneficios de [&hellip;]<\/p>\n","protected":false},"author":28,"featured_media":0,"parent":0,"menu_order":16,"comment_status":"closed","ping_status":"closed","template":"","meta":{"yasr_overall_rating":0,"yasr_post_is_review":"","yasr_auto_insert_disabled":"","yasr_review_type":"","footnotes":""},"class_list":["post-60959","page","type-page","status-publish","hentry"],"yoast_head":"<!-- This site is optimized with the Yoast SEO plugin v27.4 - https:\/\/yoast.com\/product\/yoast-seo-wordpress\/ -->\n<title>Tutoriales | Zenkit<\/title>\n<meta name=\"robots\" content=\"index, follow, max-snippet:-1, max-image-preview:large, max-video-preview:-1\" \/>\n<link rel=\"canonical\" href=\"https:\/\/zenkit.com\/es\/tutoriales\/\" \/>\n<meta property=\"og:locale\" content=\"es_ES\" \/>\n<meta property=\"og:type\" content=\"article\" \/>\n<meta property=\"og:title\" content=\"Tutoriales | Zenkit\" \/>\n<meta property=\"og:description\" content=\"Gu\u00edas Aprenda los conceptos b\u00e1sicos de Zenkit y obtenga una descripci\u00f3n completa de las funciones esenciales. Aprenda m\u00e1s acerca de las collections, los campos y las vistas de Zenkit en este VIDEO introductorio. Una introducci\u00f3n a Zenkit para los usuarios de Trello. C\u00f3mo importar sus datos Trello y un resumen de los principales beneficios de [&hellip;]\" \/>\n<meta property=\"og:url\" content=\"https:\/\/zenkit.com\/es\/tutoriales\/\" \/>\n<meta property=\"og:site_name\" content=\"Zenkit\" \/>\n<meta property=\"article:publisher\" content=\"https:\/\/www.facebook.com\/ZenkitHQ\" \/>\n<meta property=\"article:modified_time\" content=\"2025-09-01T12:07:31+00:00\" \/>\n<meta name=\"twitter:card\" content=\"summary_large_image\" \/>\n<meta name=\"twitter:site\" content=\"@ZenkitHQ\" \/>\n<meta name=\"twitter:label1\" content=\"Tiempo de lectura\" \/>\n\t<meta name=\"twitter:data1\" content=\"2 minutos\" \/>\n<script type=\"application\/ld+json\" class=\"yoast-schema-graph\">{\"@context\":\"https:\\\/\\\/schema.org\",\"@graph\":[{\"@type\":\"WebPage\",\"@id\":\"https:\\\/\\\/zenkit.com\\\/es\\\/tutoriales\\\/\",\"url\":\"https:\\\/\\\/zenkit.com\\\/es\\\/tutoriales\\\/\",\"name\":\"Tutoriales | Zenkit\",\"isPartOf\":{\"@id\":\"https:\\\/\\\/zenkit.com\\\/es\\\/#website\"},\"datePublished\":\"2021-04-21T12:12:34+00:00\",\"dateModified\":\"2025-09-01T12:07:31+00:00\",\"breadcrumb\":{\"@id\":\"https:\\\/\\\/zenkit.com\\\/es\\\/tutoriales\\\/#breadcrumb\"},\"inLanguage\":\"es\",\"potentialAction\":[{\"@type\":\"ReadAction\",\"target\":[\"https:\\\/\\\/zenkit.com\\\/es\\\/tutoriales\\\/\"]}]},{\"@type\":\"BreadcrumbList\",\"@id\":\"https:\\\/\\\/zenkit.com\\\/es\\\/tutoriales\\\/#breadcrumb\",\"itemListElement\":[{\"@type\":\"ListItem\",\"position\":1,\"name\":\"Home\",\"item\":\"https:\\\/\\\/zenkit.com\\\/es\\\/\"},{\"@type\":\"ListItem\",\"position\":2,\"name\":\"Tutoriales\"}]},{\"@type\":\"WebSite\",\"@id\":\"https:\\\/\\\/zenkit.com\\\/es\\\/#website\",\"url\":\"https:\\\/\\\/zenkit.com\\\/es\\\/\",\"name\":\"Zenkit\",\"description\":\"Zenkit Tagline\",\"potentialAction\":[{\"@type\":\"SearchAction\",\"target\":{\"@type\":\"EntryPoint\",\"urlTemplate\":\"https:\\\/\\\/zenkit.com\\\/es\\\/?s={search_term_string}\"},\"query-input\":{\"@type\":\"PropertyValueSpecification\",\"valueRequired\":true,\"valueName\":\"search_term_string\"}}],\"inLanguage\":\"es\"},false]}<\/script>\n<!-- \/ Yoast SEO plugin. -->","yoast_head_json":{"title":"Tutoriales | Zenkit","robots":{"index":"index","follow":"follow","max-snippet":"max-snippet:-1","max-image-preview":"max-image-preview:large","max-video-preview":"max-video-preview:-1"},"canonical":"https:\/\/zenkit.com\/es\/tutoriales\/","og_locale":"es_ES","og_type":"article","og_title":"Tutoriales | Zenkit","og_description":"Gu\u00edas Aprenda los conceptos b\u00e1sicos de Zenkit y obtenga una descripci\u00f3n completa de las funciones esenciales. Aprenda m\u00e1s acerca de las collections, los campos y las vistas de Zenkit en este VIDEO introductorio. Una introducci\u00f3n a Zenkit para los usuarios de Trello. C\u00f3mo importar sus datos Trello y un resumen de los principales beneficios de [&hellip;]","og_url":"https:\/\/zenkit.com\/es\/tutoriales\/","og_site_name":"Zenkit","article_publisher":"https:\/\/www.facebook.com\/ZenkitHQ","article_modified_time":"2025-09-01T12:07:31+00:00","twitter_card":"summary_large_image","twitter_site":"@ZenkitHQ","twitter_misc":{"Tiempo de lectura":"2 minutos"},"schema":{"@context":"https:\/\/schema.org","@graph":[{"@type":"WebPage","@id":"https:\/\/zenkit.com\/es\/tutoriales\/","url":"https:\/\/zenkit.com\/es\/tutoriales\/","name":"Tutoriales | Zenkit","isPartOf":{"@id":"https:\/\/zenkit.com\/es\/#website"},"datePublished":"2021-04-21T12:12:34+00:00","dateModified":"2025-09-01T12:07:31+00:00","breadcrumb":{"@id":"https:\/\/zenkit.com\/es\/tutoriales\/#breadcrumb"},"inLanguage":"es","potentialAction":[{"@type":"ReadAction","target":["https:\/\/zenkit.com\/es\/tutoriales\/"]}]},{"@type":"BreadcrumbList","@id":"https:\/\/zenkit.com\/es\/tutoriales\/#breadcrumb","itemListElement":[{"@type":"ListItem","position":1,"name":"Home","item":"https:\/\/zenkit.com\/es\/"},{"@type":"ListItem","position":2,"name":"Tutoriales"}]},{"@type":"WebSite","@id":"https:\/\/zenkit.com\/es\/#website","url":"https:\/\/zenkit.com\/es\/","name":"Zenkit","description":"Zenkit Tagline","potentialAction":[{"@type":"SearchAction","target":{"@type":"EntryPoint","urlTemplate":"https:\/\/zenkit.com\/es\/?s={search_term_string}"},"query-input":{"@type":"PropertyValueSpecification","valueRequired":true,"valueName":"search_term_string"}}],"inLanguage":"es"},false]}},"yasr_visitor_votes":{"stars_attributes":{"read_only":false,"span_bottom":false},"number_of_votes":0,"sum_votes":0},"_links":{"self":[{"href":"https:\/\/zenkit.com\/es\/wp-json\/wp\/v2\/pages\/60959","targetHints":{"allow":["GET"]}}],"collection":[{"href":"https:\/\/zenkit.com\/es\/wp-json\/wp\/v2\/pages"}],"about":[{"href":"https:\/\/zenkit.com\/es\/wp-json\/wp\/v2\/types\/page"}],"author":[{"embeddable":true,"href":"https:\/\/zenkit.com\/es\/wp-json\/wp\/v2\/users\/28"}],"replies":[{"embeddable":true,"href":"https:\/\/zenkit.com\/es\/wp-json\/wp\/v2\/comments?post=60959"}],"version-history":[{"count":5,"href":"https:\/\/zenkit.com\/es\/wp-json\/wp\/v2\/pages\/60959\/revisions"}],"predecessor-version":[{"id":132516,"href":"https:\/\/zenkit.com\/es\/wp-json\/wp\/v2\/pages\/60959\/revisions\/132516"}],"wp:attachment":[{"href":"https:\/\/zenkit.com\/es\/wp-json\/wp\/v2\/media?parent=60959"}],"curies":[{"name":"wp","href":"https:\/\/api.w.org\/{rel}","templated":true}]}}