{"id":61343,"date":"2021-04-27T14:45:20","date_gmt":"2021-04-27T12:45:20","guid":{"rendered":"https:\/\/zenkit.comterprise-re\/"},"modified":"2025-09-24T00:56:54","modified_gmt":"2025-09-23T22:56:54","slug":"empresa","status":"publish","type":"page","link":"https:\/\/zenkit.com\/es\/empresa\/","title":{"rendered":"Empresa"},"content":{"rendered":"\n<div class=\"wp-block-group has-global-padding is-layout-constrained wp-container-core-group-is-layout-118822e0 wp-block-group-is-layout-constrained\">\n<div style=\"height:45px;--tablet-height:45px;--mobile-height:16px\" class=\"wp-block-lookeen-blocks-responsive-spacer\"><\/div>\n\n\n\n<div class=\"wp-block-group has-global-padding is-layout-constrained wp-block-group-is-layout-constrained\">\n<h1 class=\"wp-block-heading has-text-align-center\" style=\"margin-top:0;margin-right:0;margin-bottom:8px;margin-left:0\">Zenkit para Empresas<\/h1>\n\n\n\n<p class=\"has-text-align-center is-style-subtext\" style=\"margin-top:0;margin-right:0;margin-bottom:0;margin-left:0\">La plataforma de colaboraci\u00f3n segura para su organizaci\u00f3n.<\/p>\n<\/div>\n\n\n\n<div style=\"height:48px;--tablet-height:36px;--mobile-height:24px\" class=\"wp-block-lookeen-blocks-responsive-spacer\"><\/div>\n\n\n\n<div class=\"wp-block-buttons is-content-justification-center is-layout-flex wp-container-core-buttons-is-layout-f78c5dac wp-block-buttons-is-layout-flex\" style=\"margin-top:0px;margin-bottom:0px\">\n<div class=\"wp-block-button is-style-default\"><a class=\"wp-block-button__link wp-element-button\" href=\"https:\/\/zenkit.com\/es\/contact\/\">Cont\u00e1ctenos<\/a><\/div>\n<\/div>\n<\/div>\n\n\n\n<div style=\"height:88px;--tablet-height:72px;--mobile-height:36px\" class=\"wp-block-lookeen-blocks-responsive-spacer\"><\/div>\n\n\n\n<div class=\"wp-block-group has-global-padding is-layout-constrained wp-block-group-is-layout-constrained\">\n<div class=\"wp-block-group has-global-padding is-layout-constrained wp-block-group-is-layout-constrained\">\n<h2 class=\"wp-block-heading has-text-align-center has-x-large-font-size\" style=\"margin-top:0;margin-bottom:8px\">Enterprise Features<\/h2>\n\n\n\n<p class=\"has-text-align-center is-style-subtext\" style=\"margin-top:0;margin-right:0;margin-bottom:0;margin-left:0\">Descripci\u00f3n general<\/p>\n<\/div>\n\n\n\n<div style=\"height:48px;--tablet-height:36px;--mobile-height:24px\" class=\"wp-block-lookeen-blocks-responsive-spacer\"><\/div>\n\n\n\n<div class=\"wp-block-group four-col-grid has-global-padding is-layout-constrained wp-block-group-is-layout-constrained\">\n<div class=\"wp-block-group alternatives__box has-global-padding is-layout-constrained wp-container-core-group-is-layout-be9188a4 wp-block-group-is-layout-constrained\" style=\"border-radius:20px;padding-top:40px;padding-right:35px;padding-bottom:40px;padding-left:35px\">\n<h3 class=\"wp-block-heading has-text-align-center\" style=\"margin-bottom:16px;font-size:22px\">Inicio de sesi\u00f3n \u00fanico (SSO)<\/h3>\n\n\n\n<p class=\"has-text-align-center has-da-grey-1-color has-text-color has-link-color wp-elements-0c4b83b61722a29c004b459f082e9971\">El inicio de sesi\u00f3n \u00fanico proporciona una administraci\u00f3n simplificada de usuarios y un proceso de inicio de sesi\u00f3n seguro. Zenkit admitir\u00e1 SSO de proveedores l\u00edderes de servicios para mayor seguridad.<\/p>\n<\/div>\n\n\n\n<div class=\"wp-block-group alternatives__box has-global-padding is-layout-constrained wp-container-core-group-is-layout-be9188a4 wp-block-group-is-layout-constrained\" style=\"border-radius:20px;padding-top:40px;padding-right:35px;padding-bottom:40px;padding-left:35px\">\n<h3 class=\"wp-block-heading has-text-align-center\" style=\"margin-bottom:16px;font-size:22px\">Autenticaci\u00f3n de dos factores (2FA)<\/h3>\n\n\n\n<p class=\"has-text-align-center has-da-grey-1-color has-text-color has-link-color wp-elements-c15544871338a8987e69fc3af6f8429b\">2FA agrega una capa adicional de seguridad para evitar el acceso no autorizado a su cuenta. Zenkit proporcionar\u00e1 un c\u00f3digo de seguridad que los usuarios deber\u00e1n ingresar, adem\u00e1s de una contrase\u00f1a al iniciar sesi\u00f3n desde un nuevo dispositivo.<\/p>\n<\/div>\n\n\n\n<div class=\"wp-block-group alternatives__box has-global-padding is-layout-constrained wp-container-core-group-is-layout-be9188a4 wp-block-group-is-layout-constrained\" style=\"border-radius:20px;padding-top:40px;padding-right:35px;padding-bottom:40px;padding-left:35px\">\n<h3 class=\"wp-block-heading has-text-align-center\" style=\"margin-bottom:16px;font-size:22px\">Detecci\u00f3n de intrusos (IDS)<\/h3>\n\n\n\n<p class=\"has-text-align-center has-da-grey-1-color has-text-color has-link-color wp-elements-4f7337bc51acd7eeceac030c9a16a91e\">Zenkit utiliza un software de detecci\u00f3n de intrusos para monitorear actividades maliciosas o violaciones de pol\u00edticas. S\u00e9 el primero en saber cu\u00e1ndo ocurre una amenaza interna o externa.<\/p>\n<\/div>\n\n\n\n<div class=\"wp-block-group alternatives__box has-global-padding is-layout-constrained wp-container-core-group-is-layout-be9188a4 wp-block-group-is-layout-constrained\" style=\"border-radius:20px;padding-top:40px;padding-right:35px;padding-bottom:40px;padding-left:35px\">\n<h3 class=\"wp-block-heading has-text-align-center\" style=\"margin-bottom:16px;font-size:22px\">Acuerdos a nivel de servicio (SLA)<\/h3>\n\n\n\n<p class=\"has-text-align-center has-da-grey-1-color has-text-color has-link-color wp-elements-6b60424b5edccd1a6bbcb947b59c6c09\">Una revisi\u00f3n exhaustiva del contrato legal y un SLA mejorado garantizan que Zenkit proporcione de forma consistente una experiencia de usuario confiable y receptiva. Hospedado en AWS, Zenkit garantiza m\u00e1s del 99.999% de disponibilidad del servicio.<\/p>\n<\/div>\n<\/div>\n<\/div>\n\n\n\n<div style=\"height:88px;--tablet-height:72px;--mobile-height:36px\" class=\"wp-block-lookeen-blocks-responsive-spacer\"><\/div>\n\n\n\n<div class=\"wp-block-group has-global-padding is-layout-constrained wp-block-group-is-layout-constrained\">\n<div class=\"wp-block-group has-global-padding is-layout-constrained wp-container-core-group-is-layout-7cc94c3e wp-block-group-is-layout-constrained\">\n<h2 class=\"wp-block-heading has-text-align-center display-h1 has-x-large-font-size\" style=\"margin-top:0;margin-bottom:8px\">Control Granular<\/h2>\n\n\n\n<p class=\"has-text-align-center is-style-subtext\" style=\"margin-top:0;margin-right:0;margin-bottom:24px;margin-left:0\">Con la administraci\u00f3n de identidad y acceso (IAM), Zenkit le permitir\u00e1 controlar qui\u00e9n tiene acceso a sus collections y workspaces<\/p>\n\n\n\n<p class=\"has-text-align-center\">Especificar qui\u00e9n puede crear Collections p\u00fablicas o privadas, restringir las invitaciones, y desactivar a los miembros para mantener la colaboraci\u00f3n en equipo mientras se mantienen seguros los datos privados.<\/p>\n\n\n\n<p class=\"has-text-align-center\" style=\"margin-top:0;margin-bottom:0\">Las capacidades de administraci\u00f3n granular le permiten ajustar r\u00e1pidamente las configuraciones de acceso y asignar y restringir las funciones de los usuarios desde cualquier lugar dentro de la aplicaci\u00f3n.<\/p>\n<\/div>\n\n\n\n<div style=\"height:88px;--tablet-height:72px;--mobile-height:36px\" class=\"wp-block-lookeen-blocks-responsive-spacer\"><\/div>\n\n\n\n<div class=\"wp-block-group has-global-padding is-layout-constrained wp-block-group-is-layout-constrained\">\n<div class=\"wp-block-group four-col-grid has-global-padding is-layout-constrained wp-block-group-is-layout-constrained\">\n<div class=\"wp-block-group alternatives__box has-global-padding is-layout-constrained wp-container-core-group-is-layout-be9188a4 wp-block-group-is-layout-constrained\" style=\"border-radius:20px;padding-top:40px;padding-right:35px;padding-bottom:40px;padding-left:35px\">\n<h3 class=\"wp-block-heading has-text-align-center\" style=\"margin-bottom:16px;font-size:22px\">Gerente de cuentas<\/h3>\n\n\n\n<p class=\"has-text-align-center has-da-grey-1-color has-text-color has-link-color wp-elements-58edda2a5f84d895d4e933cb86fca3cf\">Un Gerente de cuentas dedicado a configurar sesiones de capacitaci\u00f3n personalizadas para su equipo, y estar\u00e1 disponible para ayudar con los problemas de facturaci\u00f3n.<\/p>\n<\/div>\n\n\n\n<div class=\"wp-block-group alternatives__box has-global-padding is-layout-constrained wp-container-core-group-is-layout-be9188a4 wp-block-group-is-layout-constrained\" style=\"border-radius:20px;padding-top:40px;padding-right:35px;padding-bottom:40px;padding-left:35px\">\n<h3 class=\"wp-block-heading has-text-align-center\" style=\"margin-bottom:16px;font-size:22px\">Incorporaci\u00f3n Personalizada<\/h3>\n\n\n\n<p class=\"has-text-align-center has-da-grey-1-color has-text-color has-link-color wp-elements-cb3e1a4f775c7f540c4074fd539310ec\">Un proceso de incorporaci\u00f3n personalizado para su organizaci\u00f3n garantiza la adopci\u00f3n y migraci\u00f3n de sus sistemas y procesos existentes.<\/p>\n<\/div>\n\n\n\n<div class=\"wp-block-group alternatives__box has-global-padding is-layout-constrained wp-container-core-group-is-layout-be9188a4 wp-block-group-is-layout-constrained\" style=\"border-radius:20px;padding-top:40px;padding-right:35px;padding-bottom:40px;padding-left:35px\">\n<h3 class=\"wp-block-heading has-text-align-center\" style=\"margin-bottom:16px;font-size:22px\">Plantillas<\/h3>\n\n\n\n<p class=\"has-text-align-center has-da-grey-1-color has-text-color has-link-color wp-elements-0ee6838ef85d4cea5ebac9c53af3ab28\">La amplia gama de plantillas de Zenkit le permite utilizar herramientas y flujos de trabajo empresariales bien establecidos desde el principio.<\/p>\n<\/div>\n\n\n\n<div class=\"wp-block-group alternatives__box has-global-padding is-layout-constrained wp-container-core-group-is-layout-be9188a4 wp-block-group-is-layout-constrained\" style=\"border-radius:20px;padding-top:40px;padding-right:35px;padding-bottom:40px;padding-left:35px\">\n<h3 class=\"wp-block-heading has-text-align-center\" style=\"margin-bottom:16px;font-size:22px\">Soporte prioritario<\/h3>\n\n\n\n<p class=\"has-text-align-center has-da-grey-1-color has-text-color has-link-color wp-elements-109702ef010eb996ad1a7abeb061145d\">El soporte prioritario por tel\u00e9fono y correo electr\u00f3nico con tiempos de respuesta acelerados est\u00e1 garantizado para todos los clientes empresariales.<\/p>\n<\/div>\n<\/div>\n<\/div>\n<\/div>\n\n\n\n<div style=\"height:88px;--tablet-height:72px;--mobile-height:36px\" class=\"wp-block-lookeen-blocks-responsive-spacer\"><\/div>\n\n\n\n<div class=\"wp-block-group has-da-blue-light-background-color has-background has-global-padding is-layout-constrained wp-container-core-group-is-layout-d7701c0d wp-block-group-is-layout-constrained\">\n<div style=\"height:80px;--tablet-height:64px;--mobile-height:35px\" class=\"wp-block-lookeen-blocks-responsive-spacer\"><\/div>\n\n\n\n<h2 class=\"wp-block-heading has-text-align-center\">Para obtener m\u00e1s informaci\u00f3n acerca de las pr\u00f3ximas funciones empresariales, p\u00f3ngase en contacto con nuestro equipo de ventas.<\/h2>\n\n\n\n<div class=\"wp-block-buttons is-content-justification-center is-layout-flex wp-container-core-buttons-is-layout-f78c5dac wp-block-buttons-is-layout-flex\" style=\"margin-top:0px;margin-bottom:0px\">\n<div class=\"wp-block-button is-style-default\"><a class=\"wp-block-button__link wp-element-button\" href=\"https:\/\/zenkit.com\/es\/contact\/\">Cont\u00e1ctenos<\/a><\/div>\n<\/div>\n\n\n\n<div style=\"height:80px;--tablet-height:64px;--mobile-height:35px\" class=\"wp-block-lookeen-blocks-responsive-spacer\"><\/div>\n<\/div>\n","protected":false},"excerpt":{"rendered":"<p>Zenkit para Empresas La plataforma de colaboraci\u00f3n segura para su organizaci\u00f3n. Enterprise Features Descripci\u00f3n general Inicio de sesi\u00f3n \u00fanico (SSO) El inicio de sesi\u00f3n \u00fanico proporciona una administraci\u00f3n simplificada de usuarios y un proceso de inicio de sesi\u00f3n seguro. Zenkit admitir\u00e1 SSO de proveedores l\u00edderes de servicios para mayor seguridad. Autenticaci\u00f3n de dos factores (2FA) [&hellip;]<\/p>\n","protected":false},"author":28,"featured_media":0,"parent":0,"menu_order":17,"comment_status":"closed","ping_status":"closed","template":"","meta":{"yasr_overall_rating":0,"yasr_post_is_review":"","yasr_auto_insert_disabled":"","yasr_review_type":"","footnotes":""},"class_list":["post-61343","page","type-page","status-publish","hentry"],"yoast_head":"<!-- This site is optimized with the Yoast SEO plugin v27.4 - https:\/\/yoast.com\/product\/yoast-seo-wordpress\/ -->\n<title>Empresa | Zenkit<\/title>\n<meta name=\"robots\" content=\"index, follow, max-snippet:-1, max-image-preview:large, max-video-preview:-1\" \/>\n<link rel=\"canonical\" href=\"https:\/\/zenkit.com\/es\/empresa\/\" \/>\n<meta property=\"og:locale\" content=\"es_ES\" \/>\n<meta property=\"og:type\" content=\"article\" \/>\n<meta property=\"og:title\" content=\"Empresa | Zenkit\" \/>\n<meta property=\"og:description\" content=\"Zenkit para Empresas La plataforma de colaboraci\u00f3n segura para su organizaci\u00f3n. Enterprise Features Descripci\u00f3n general Inicio de sesi\u00f3n \u00fanico (SSO) El inicio de sesi\u00f3n \u00fanico proporciona una administraci\u00f3n simplificada de usuarios y un proceso de inicio de sesi\u00f3n seguro. Zenkit admitir\u00e1 SSO de proveedores l\u00edderes de servicios para mayor seguridad. Autenticaci\u00f3n de dos factores (2FA) [&hellip;]\" \/>\n<meta property=\"og:url\" content=\"https:\/\/zenkit.com\/es\/empresa\/\" \/>\n<meta property=\"og:site_name\" content=\"Zenkit\" \/>\n<meta property=\"article:publisher\" content=\"https:\/\/www.facebook.com\/ZenkitHQ\" \/>\n<meta property=\"article:modified_time\" content=\"2025-09-23T22:56:54+00:00\" \/>\n<meta name=\"twitter:card\" content=\"summary_large_image\" \/>\n<meta name=\"twitter:site\" content=\"@ZenkitHQ\" \/>\n<meta name=\"twitter:label1\" content=\"Tiempo de lectura\" \/>\n\t<meta name=\"twitter:data1\" content=\"16 minutos\" \/>\n<script type=\"application\/ld+json\" class=\"yoast-schema-graph\">{\"@context\":\"https:\\\/\\\/schema.org\",\"@graph\":[{\"@type\":\"WebPage\",\"@id\":\"https:\\\/\\\/zenkit.com\\\/es\\\/empresa\\\/\",\"url\":\"https:\\\/\\\/zenkit.com\\\/es\\\/empresa\\\/\",\"name\":\"Empresa | Zenkit\",\"isPartOf\":{\"@id\":\"https:\\\/\\\/zenkit.com\\\/es\\\/#website\"},\"datePublished\":\"2021-04-27T12:45:20+00:00\",\"dateModified\":\"2025-09-23T22:56:54+00:00\",\"breadcrumb\":{\"@id\":\"https:\\\/\\\/zenkit.com\\\/es\\\/empresa\\\/#breadcrumb\"},\"inLanguage\":\"es\",\"potentialAction\":[{\"@type\":\"ReadAction\",\"target\":[\"https:\\\/\\\/zenkit.com\\\/es\\\/empresa\\\/\"]}]},{\"@type\":\"BreadcrumbList\",\"@id\":\"https:\\\/\\\/zenkit.com\\\/es\\\/empresa\\\/#breadcrumb\",\"itemListElement\":[{\"@type\":\"ListItem\",\"position\":1,\"name\":\"Home\",\"item\":\"https:\\\/\\\/zenkit.com\\\/es\\\/\"},{\"@type\":\"ListItem\",\"position\":2,\"name\":\"Empresa\"}]},{\"@type\":\"WebSite\",\"@id\":\"https:\\\/\\\/zenkit.com\\\/es\\\/#website\",\"url\":\"https:\\\/\\\/zenkit.com\\\/es\\\/\",\"name\":\"Zenkit\",\"description\":\"Zenkit Tagline\",\"potentialAction\":[{\"@type\":\"SearchAction\",\"target\":{\"@type\":\"EntryPoint\",\"urlTemplate\":\"https:\\\/\\\/zenkit.com\\\/es\\\/?s={search_term_string}\"},\"query-input\":{\"@type\":\"PropertyValueSpecification\",\"valueRequired\":true,\"valueName\":\"search_term_string\"}}],\"inLanguage\":\"es\"},false]}<\/script>\n<!-- \/ Yoast SEO plugin. -->","yoast_head_json":{"title":"Empresa | Zenkit","robots":{"index":"index","follow":"follow","max-snippet":"max-snippet:-1","max-image-preview":"max-image-preview:large","max-video-preview":"max-video-preview:-1"},"canonical":"https:\/\/zenkit.com\/es\/empresa\/","og_locale":"es_ES","og_type":"article","og_title":"Empresa | Zenkit","og_description":"Zenkit para Empresas La plataforma de colaboraci\u00f3n segura para su organizaci\u00f3n. Enterprise Features Descripci\u00f3n general Inicio de sesi\u00f3n \u00fanico (SSO) El inicio de sesi\u00f3n \u00fanico proporciona una administraci\u00f3n simplificada de usuarios y un proceso de inicio de sesi\u00f3n seguro. Zenkit admitir\u00e1 SSO de proveedores l\u00edderes de servicios para mayor seguridad. Autenticaci\u00f3n de dos factores (2FA) [&hellip;]","og_url":"https:\/\/zenkit.com\/es\/empresa\/","og_site_name":"Zenkit","article_publisher":"https:\/\/www.facebook.com\/ZenkitHQ","article_modified_time":"2025-09-23T22:56:54+00:00","twitter_card":"summary_large_image","twitter_site":"@ZenkitHQ","twitter_misc":{"Tiempo de lectura":"16 minutos"},"schema":{"@context":"https:\/\/schema.org","@graph":[{"@type":"WebPage","@id":"https:\/\/zenkit.com\/es\/empresa\/","url":"https:\/\/zenkit.com\/es\/empresa\/","name":"Empresa | Zenkit","isPartOf":{"@id":"https:\/\/zenkit.com\/es\/#website"},"datePublished":"2021-04-27T12:45:20+00:00","dateModified":"2025-09-23T22:56:54+00:00","breadcrumb":{"@id":"https:\/\/zenkit.com\/es\/empresa\/#breadcrumb"},"inLanguage":"es","potentialAction":[{"@type":"ReadAction","target":["https:\/\/zenkit.com\/es\/empresa\/"]}]},{"@type":"BreadcrumbList","@id":"https:\/\/zenkit.com\/es\/empresa\/#breadcrumb","itemListElement":[{"@type":"ListItem","position":1,"name":"Home","item":"https:\/\/zenkit.com\/es\/"},{"@type":"ListItem","position":2,"name":"Empresa"}]},{"@type":"WebSite","@id":"https:\/\/zenkit.com\/es\/#website","url":"https:\/\/zenkit.com\/es\/","name":"Zenkit","description":"Zenkit Tagline","potentialAction":[{"@type":"SearchAction","target":{"@type":"EntryPoint","urlTemplate":"https:\/\/zenkit.com\/es\/?s={search_term_string}"},"query-input":{"@type":"PropertyValueSpecification","valueRequired":true,"valueName":"search_term_string"}}],"inLanguage":"es"},false]}},"yasr_visitor_votes":{"stars_attributes":{"read_only":false,"span_bottom":false},"number_of_votes":0,"sum_votes":0},"_links":{"self":[{"href":"https:\/\/zenkit.com\/es\/wp-json\/wp\/v2\/pages\/61343","targetHints":{"allow":["GET"]}}],"collection":[{"href":"https:\/\/zenkit.com\/es\/wp-json\/wp\/v2\/pages"}],"about":[{"href":"https:\/\/zenkit.com\/es\/wp-json\/wp\/v2\/types\/page"}],"author":[{"embeddable":true,"href":"https:\/\/zenkit.com\/es\/wp-json\/wp\/v2\/users\/28"}],"replies":[{"embeddable":true,"href":"https:\/\/zenkit.com\/es\/wp-json\/wp\/v2\/comments?post=61343"}],"version-history":[{"count":6,"href":"https:\/\/zenkit.com\/es\/wp-json\/wp\/v2\/pages\/61343\/revisions"}],"predecessor-version":[{"id":167098,"href":"https:\/\/zenkit.com\/es\/wp-json\/wp\/v2\/pages\/61343\/revisions\/167098"}],"wp:attachment":[{"href":"https:\/\/zenkit.com\/es\/wp-json\/wp\/v2\/media?parent=61343"}],"curies":[{"name":"wp","href":"https:\/\/api.w.org\/{rel}","templated":true}]}}