{"id":61487,"date":"2021-04-21T13:32:29","date_gmt":"2021-04-21T11:32:29","guid":{"rendered":"https:\/\/zenkit.com\/academy-re\/"},"modified":"2025-09-01T14:16:56","modified_gmt":"2025-09-01T12:16:56","slug":"academia","status":"publish","type":"page","link":"https:\/\/zenkit.com\/es\/academia\/","title":{"rendered":"Academia"},"content":{"rendered":"\n<div class=\"wp-block-group has-global-padding is-layout-constrained wp-block-group-is-layout-constrained\">\n<div class=\"wp-block-group width--950 has-global-padding is-layout-constrained wp-block-group-is-layout-constrained\">\n<div style=\"height:45px;--tablet-height:45px;--mobile-height:16px\" class=\"wp-block-lookeen-blocks-responsive-spacer\"><\/div>\n\n\n\n<div class=\"wp-block-group has-global-padding is-layout-constrained wp-block-group-is-layout-constrained\">\n<h1 class=\"wp-block-heading has-text-align-center\" style=\"margin-bottom:8px\">Zenkit\/Academia<\/h1>\n<\/div>\n\n\n\n<div class=\"wp-block-group has-global-padding is-layout-constrained wp-block-group-is-layout-constrained\">\n<p class=\"has-text-align-center subheading\">Nuestra misi\u00f3n en Zenkit es hacer que la organizaci\u00f3n de su negocio sea lo m\u00e1s simple posible<\/p>\n<\/div>\n\n\n\n<div style=\"height:48px;--tablet-height:36px;--mobile-height:24px\" class=\"wp-block-lookeen-blocks-responsive-spacer\"><\/div>\n\n\n\n<div class=\"wp-block-group has-global-padding is-layout-constrained wp-block-group-is-layout-constrained\" style=\"margin-bottom:8px\">\n<p class=\"has-text-align-center\">Como complemento de la plataforma Zenkit, ofreceremos cursos y tutoriales para las tareas m\u00e1s importantes en su organizaci\u00f3n, empresa o startup. La academia Zenkit comenzar\u00e1 pronto. Por favor cont\u00e1ctenos para mantenerse actualizado.<\/p>\n<\/div>\n\n\n\n<div class=\"wp-block-group has-global-padding is-layout-constrained wp-block-group-is-layout-constrained\">\n<p class=\"has-text-align-center\"><a href=\"https:\/\/zenkit.com\/es\/contacto\/\" data-type=\"page\" data-id=\"55288\">Cont\u00e1ctenos<\/a><\/p>\n<\/div>\n<\/div>\n\n\n\n<div style=\"height:88px;--tablet-height:72px;--mobile-height:40px\" class=\"wp-block-lookeen-blocks-responsive-spacer\"><\/div>\n<\/div>\n\n\n\n<div class=\"wp-block-group has-global-padding is-layout-constrained wp-block-group-is-layout-constrained\">\n<div class=\"wp-block-group da__icon-box-grid has-global-padding is-layout-constrained wp-container-core-group-is-layout-48dbd97c wp-block-group-is-layout-constrained\" style=\"padding-right:0px;padding-left:0px\">\n<div class=\"wp-block-group da__icon-box has-global-padding is-layout-constrained wp-block-group-is-layout-constrained\" style=\"border-radius:20px\">\n<figure class=\"wp-block-image aligncenter size-full is-resized\" style=\"margin-bottom:24px\"><img decoding=\"async\" src=\"https:\/\/zenkit.com\/wp-content\/uploads\/2025\/01\/Projektmanagement.svg\" alt=\"\" class=\"wp-image-109234\" style=\"width:auto;height:82px\"\/><\/figure>\n\n\n\n<p class=\"has-text-align-center\" style=\"margin-bottom:0px;font-size:20px\"><strong>Gesti\u00f3n del proyecto<\/strong><\/p>\n\n\n\n<p class=\"has-text-align-center\" style=\"margin-bottom:0px;font-size:20px\"><strong>Liderazgo digital<\/strong><\/p>\n\n\n\n<p class=\"has-text-align-center\" style=\"font-size:20px\"><strong>Colaboraci\u00f3n del Workspace<\/strong><\/p>\n<\/div>\n\n\n\n<div class=\"wp-block-group da__icon-box has-global-padding is-layout-constrained wp-block-group-is-layout-constrained\" style=\"border-radius:20px\">\n<figure class=\"wp-block-image aligncenter size-full is-resized\" style=\"margin-bottom:24px\"><img decoding=\"async\" src=\"https:\/\/zenkit.com\/wp-content\/uploads\/2025\/01\/Kundenmanagement.svg\" alt=\"\" class=\"wp-image-109244\" style=\"width:auto;height:82px\"\/><\/figure>\n\n\n\n<p class=\"has-text-align-center\" style=\"margin-bottom:0px;font-size:20px\"><strong>Gesti\u00f3n del cliente<\/strong><\/p>\n\n\n\n<p class=\"has-text-align-center\" style=\"margin-bottom:0px;font-size:20px\"><strong>\u00c9xito del cliente<\/strong><\/p>\n\n\n\n<p class=\"has-text-align-center\" style=\"font-size:20px\"><strong>Adquisici\u00f3n de clientes<\/strong><\/p>\n<\/div>\n\n\n\n<div class=\"wp-block-group da__icon-box has-global-padding is-layout-constrained wp-block-group-is-layout-constrained\" style=\"border-radius:20px\">\n<figure class=\"wp-block-image aligncenter size-full is-resized\" style=\"margin-bottom:24px\"><img decoding=\"async\" src=\"https:\/\/zenkit.com\/wp-content\/uploads\/2025\/01\/DigitalAssetManagement.svg\" alt=\"\" class=\"wp-image-109255\" style=\"width:auto;height:82px\"\/><\/figure>\n\n\n\n<p class=\"has-text-align-center\" style=\"margin-bottom:0px;font-size:20px\"><strong>Gesti\u00f3n de activos digitales<\/strong><\/p>\n\n\n\n<p class=\"has-text-align-center\" style=\"margin-bottom:0px;font-size:20px\"><strong>Gesti\u00f3n documental<\/strong><\/p>\n\n\n\n<p class=\"has-text-align-center\" style=\"font-size:20px\"><strong>Ciclo de vida digital<\/strong><\/p>\n<\/div>\n\n\n\n<div class=\"wp-block-group da__icon-box has-global-padding is-layout-constrained wp-block-group-is-layout-constrained\" style=\"border-radius:20px\">\n<figure class=\"wp-block-image aligncenter size-full is-resized\" style=\"margin-bottom:24px\"><img decoding=\"async\" src=\"https:\/\/zenkit.com\/wp-content\/uploads\/2025\/01\/Finanzplanung.svg\" alt=\"\" class=\"wp-image-109265\" style=\"width:auto;height:82px\"\/><\/figure>\n\n\n\n<p class=\"has-text-align-center\" style=\"margin-bottom:0px;font-size:20px\"><strong>Planificaci\u00f3n financiera<\/strong><\/p>\n\n\n\n<p class=\"has-text-align-center\" style=\"margin-bottom:0px;font-size:20px\"><strong>Indicadores de valor clave<\/strong><\/p>\n\n\n\n<p class=\"has-text-align-center\" style=\"font-size:20px\"><strong>Proyecciones<\/strong><\/p>\n<\/div>\n\n\n\n<div class=\"wp-block-group da__icon-box has-global-padding is-layout-constrained wp-block-group-is-layout-constrained\" style=\"border-radius:20px\">\n<figure class=\"wp-block-image aligncenter size-full is-resized\" style=\"margin-bottom:24px\"><img decoding=\"async\" src=\"https:\/\/zenkit.com\/wp-content\/uploads\/2025\/01\/Personalmanagement.svg\" alt=\"\" class=\"wp-image-109281\" style=\"width:auto;height:82px\"\/><\/figure>\n\n\n\n<p class=\"has-text-align-center\" style=\"margin-bottom:0px;font-size:20px\"><strong>Recursos humanos<\/strong><\/p>\n\n\n\n<p class=\"has-text-align-center\" style=\"margin-bottom:0px;font-size:20px\"><strong>Seguimiento del candidato<\/strong><\/p>\n\n\n\n<p class=\"has-text-align-center\" style=\"margin-bottom:0px;font-size:20px\"><strong>Formaci\u00f3n del Workspace<\/strong><\/p>\n<\/div>\n\n\n\n<div class=\"wp-block-group da__icon-box has-global-padding is-layout-constrained wp-block-group-is-layout-constrained\" style=\"border-radius:20px\">\n<figure class=\"wp-block-image aligncenter size-full is-resized\" style=\"margin-bottom:24px\"><img decoding=\"async\" src=\"https:\/\/zenkit.com\/wp-content\/uploads\/2025\/01\/Empowerment.svg\" alt=\"\" class=\"wp-image-109291\" style=\"width:auto;height:82px\"\/><\/figure>\n\n\n\n<p class=\"has-text-align-center\" style=\"margin-bottom:0px;font-size:20px\"><strong>Empoderamiento<\/strong><\/p>\n\n\n\n<p class=\"has-text-align-center\" style=\"margin-bottom:0px;font-size:20px\"><strong>Gesti\u00f3n personal<\/strong><\/p>\n\n\n\n<p class=\"has-text-align-center\" style=\"font-size:20px\"><strong>Crecimiento personal<\/strong><\/p>\n<\/div>\n<\/div>\n<\/div>\n\n\n\n<div style=\"height:110px;--tablet-height:60px;--mobile-height:48px\" class=\"wp-block-lookeen-blocks-responsive-spacer\"><\/div>\n","protected":false},"excerpt":{"rendered":"<p>Zenkit\/Academia Nuestra misi\u00f3n en Zenkit es hacer que la organizaci\u00f3n de su negocio sea lo m\u00e1s simple posible Como complemento de la plataforma Zenkit, ofreceremos cursos y tutoriales para las tareas m\u00e1s importantes en su organizaci\u00f3n, empresa o startup. La academia Zenkit comenzar\u00e1 pronto. Por favor cont\u00e1ctenos para mantenerse actualizado. Cont\u00e1ctenos Gesti\u00f3n del proyecto Liderazgo [&hellip;]<\/p>\n","protected":false},"author":28,"featured_media":0,"parent":0,"menu_order":18,"comment_status":"closed","ping_status":"closed","template":"","meta":{"yasr_overall_rating":0,"yasr_post_is_review":"","yasr_auto_insert_disabled":"","yasr_review_type":"","footnotes":""},"class_list":["post-61487","page","type-page","status-publish","hentry"],"yoast_head":"<!-- This site is optimized with the Yoast SEO plugin v27.4 - https:\/\/yoast.com\/product\/yoast-seo-wordpress\/ -->\n<title>Academia | Zenkit<\/title>\n<meta name=\"robots\" content=\"index, follow, max-snippet:-1, max-image-preview:large, max-video-preview:-1\" \/>\n<link rel=\"canonical\" href=\"https:\/\/zenkit.com\/es\/academia\/\" \/>\n<meta property=\"og:locale\" content=\"es_ES\" \/>\n<meta property=\"og:type\" content=\"article\" \/>\n<meta property=\"og:title\" content=\"Academia | Zenkit\" \/>\n<meta property=\"og:description\" content=\"Zenkit\/Academia Nuestra misi\u00f3n en Zenkit es hacer que la organizaci\u00f3n de su negocio sea lo m\u00e1s simple posible Como complemento de la plataforma Zenkit, ofreceremos cursos y tutoriales para las tareas m\u00e1s importantes en su organizaci\u00f3n, empresa o startup. La academia Zenkit comenzar\u00e1 pronto. Por favor cont\u00e1ctenos para mantenerse actualizado. Cont\u00e1ctenos Gesti\u00f3n del proyecto Liderazgo [&hellip;]\" \/>\n<meta property=\"og:url\" content=\"https:\/\/zenkit.com\/es\/academia\/\" \/>\n<meta property=\"og:site_name\" content=\"Zenkit\" \/>\n<meta property=\"article:publisher\" content=\"https:\/\/www.facebook.com\/ZenkitHQ\" \/>\n<meta property=\"article:modified_time\" content=\"2025-09-01T12:16:56+00:00\" \/>\n<meta property=\"og:image\" content=\"https:\/\/zenkit.com\/wp-content\/uploads\/2025\/01\/Projektmanagement.svg\" \/>\n<meta name=\"twitter:card\" content=\"summary_large_image\" \/>\n<meta name=\"twitter:site\" content=\"@ZenkitHQ\" \/>\n<meta name=\"twitter:label1\" content=\"Tiempo de lectura\" \/>\n\t<meta name=\"twitter:data1\" content=\"1 minuto\" \/>\n<script type=\"application\/ld+json\" class=\"yoast-schema-graph\">{\"@context\":\"https:\\\/\\\/schema.org\",\"@graph\":[{\"@type\":\"WebPage\",\"@id\":\"https:\\\/\\\/zenkit.com\\\/es\\\/academia\\\/\",\"url\":\"https:\\\/\\\/zenkit.com\\\/es\\\/academia\\\/\",\"name\":\"Academia | Zenkit\",\"isPartOf\":{\"@id\":\"https:\\\/\\\/zenkit.com\\\/es\\\/#website\"},\"primaryImageOfPage\":{\"@id\":\"https:\\\/\\\/zenkit.com\\\/es\\\/academia\\\/#primaryimage\"},\"image\":{\"@id\":\"https:\\\/\\\/zenkit.com\\\/es\\\/academia\\\/#primaryimage\"},\"thumbnailUrl\":\"https:\\\/\\\/zenkit.com\\\/wp-content\\\/uploads\\\/2025\\\/01\\\/Projektmanagement.svg\",\"datePublished\":\"2021-04-21T11:32:29+00:00\",\"dateModified\":\"2025-09-01T12:16:56+00:00\",\"breadcrumb\":{\"@id\":\"https:\\\/\\\/zenkit.com\\\/es\\\/academia\\\/#breadcrumb\"},\"inLanguage\":\"es\",\"potentialAction\":[{\"@type\":\"ReadAction\",\"target\":[\"https:\\\/\\\/zenkit.com\\\/es\\\/academia\\\/\"]}]},{\"@type\":\"ImageObject\",\"inLanguage\":\"es\",\"@id\":\"https:\\\/\\\/zenkit.com\\\/es\\\/academia\\\/#primaryimage\",\"url\":\"https:\\\/\\\/zenkit.com\\\/wp-content\\\/uploads\\\/2025\\\/01\\\/Projektmanagement.svg\",\"contentUrl\":\"https:\\\/\\\/zenkit.com\\\/wp-content\\\/uploads\\\/2025\\\/01\\\/Projektmanagement.svg\"},{\"@type\":\"BreadcrumbList\",\"@id\":\"https:\\\/\\\/zenkit.com\\\/es\\\/academia\\\/#breadcrumb\",\"itemListElement\":[{\"@type\":\"ListItem\",\"position\":1,\"name\":\"Home\",\"item\":\"https:\\\/\\\/zenkit.com\\\/es\\\/\"},{\"@type\":\"ListItem\",\"position\":2,\"name\":\"Academia\"}]},{\"@type\":\"WebSite\",\"@id\":\"https:\\\/\\\/zenkit.com\\\/es\\\/#website\",\"url\":\"https:\\\/\\\/zenkit.com\\\/es\\\/\",\"name\":\"Zenkit\",\"description\":\"Zenkit Tagline\",\"potentialAction\":[{\"@type\":\"SearchAction\",\"target\":{\"@type\":\"EntryPoint\",\"urlTemplate\":\"https:\\\/\\\/zenkit.com\\\/es\\\/?s={search_term_string}\"},\"query-input\":{\"@type\":\"PropertyValueSpecification\",\"valueRequired\":true,\"valueName\":\"search_term_string\"}}],\"inLanguage\":\"es\"},false]}<\/script>\n<!-- \/ Yoast SEO plugin. -->","yoast_head_json":{"title":"Academia | Zenkit","robots":{"index":"index","follow":"follow","max-snippet":"max-snippet:-1","max-image-preview":"max-image-preview:large","max-video-preview":"max-video-preview:-1"},"canonical":"https:\/\/zenkit.com\/es\/academia\/","og_locale":"es_ES","og_type":"article","og_title":"Academia | Zenkit","og_description":"Zenkit\/Academia Nuestra misi\u00f3n en Zenkit es hacer que la organizaci\u00f3n de su negocio sea lo m\u00e1s simple posible Como complemento de la plataforma Zenkit, ofreceremos cursos y tutoriales para las tareas m\u00e1s importantes en su organizaci\u00f3n, empresa o startup. La academia Zenkit comenzar\u00e1 pronto. Por favor cont\u00e1ctenos para mantenerse actualizado. Cont\u00e1ctenos Gesti\u00f3n del proyecto Liderazgo [&hellip;]","og_url":"https:\/\/zenkit.com\/es\/academia\/","og_site_name":"Zenkit","article_publisher":"https:\/\/www.facebook.com\/ZenkitHQ","article_modified_time":"2025-09-01T12:16:56+00:00","og_image":[{"url":"https:\/\/zenkit.com\/wp-content\/uploads\/2025\/01\/Projektmanagement.svg","type":"","width":"","height":""}],"twitter_card":"summary_large_image","twitter_site":"@ZenkitHQ","twitter_misc":{"Tiempo de lectura":"1 minuto"},"schema":{"@context":"https:\/\/schema.org","@graph":[{"@type":"WebPage","@id":"https:\/\/zenkit.com\/es\/academia\/","url":"https:\/\/zenkit.com\/es\/academia\/","name":"Academia | Zenkit","isPartOf":{"@id":"https:\/\/zenkit.com\/es\/#website"},"primaryImageOfPage":{"@id":"https:\/\/zenkit.com\/es\/academia\/#primaryimage"},"image":{"@id":"https:\/\/zenkit.com\/es\/academia\/#primaryimage"},"thumbnailUrl":"https:\/\/zenkit.com\/wp-content\/uploads\/2025\/01\/Projektmanagement.svg","datePublished":"2021-04-21T11:32:29+00:00","dateModified":"2025-09-01T12:16:56+00:00","breadcrumb":{"@id":"https:\/\/zenkit.com\/es\/academia\/#breadcrumb"},"inLanguage":"es","potentialAction":[{"@type":"ReadAction","target":["https:\/\/zenkit.com\/es\/academia\/"]}]},{"@type":"ImageObject","inLanguage":"es","@id":"https:\/\/zenkit.com\/es\/academia\/#primaryimage","url":"https:\/\/zenkit.com\/wp-content\/uploads\/2025\/01\/Projektmanagement.svg","contentUrl":"https:\/\/zenkit.com\/wp-content\/uploads\/2025\/01\/Projektmanagement.svg"},{"@type":"BreadcrumbList","@id":"https:\/\/zenkit.com\/es\/academia\/#breadcrumb","itemListElement":[{"@type":"ListItem","position":1,"name":"Home","item":"https:\/\/zenkit.com\/es\/"},{"@type":"ListItem","position":2,"name":"Academia"}]},{"@type":"WebSite","@id":"https:\/\/zenkit.com\/es\/#website","url":"https:\/\/zenkit.com\/es\/","name":"Zenkit","description":"Zenkit Tagline","potentialAction":[{"@type":"SearchAction","target":{"@type":"EntryPoint","urlTemplate":"https:\/\/zenkit.com\/es\/?s={search_term_string}"},"query-input":{"@type":"PropertyValueSpecification","valueRequired":true,"valueName":"search_term_string"}}],"inLanguage":"es"},false]}},"yasr_visitor_votes":{"stars_attributes":{"read_only":false,"span_bottom":false},"number_of_votes":0,"sum_votes":0},"_links":{"self":[{"href":"https:\/\/zenkit.com\/es\/wp-json\/wp\/v2\/pages\/61487","targetHints":{"allow":["GET"]}}],"collection":[{"href":"https:\/\/zenkit.com\/es\/wp-json\/wp\/v2\/pages"}],"about":[{"href":"https:\/\/zenkit.com\/es\/wp-json\/wp\/v2\/types\/page"}],"author":[{"embeddable":true,"href":"https:\/\/zenkit.com\/es\/wp-json\/wp\/v2\/users\/28"}],"replies":[{"embeddable":true,"href":"https:\/\/zenkit.com\/es\/wp-json\/wp\/v2\/comments?post=61487"}],"version-history":[{"count":1,"href":"https:\/\/zenkit.com\/es\/wp-json\/wp\/v2\/pages\/61487\/revisions"}],"predecessor-version":[{"id":132518,"href":"https:\/\/zenkit.com\/es\/wp-json\/wp\/v2\/pages\/61487\/revisions\/132518"}],"wp:attachment":[{"href":"https:\/\/zenkit.com\/es\/wp-json\/wp\/v2\/media?parent=61487"}],"curies":[{"name":"wp","href":"https:\/\/api.w.org\/{rel}","templated":true}]}}