{"id":61702,"date":"2021-04-29T16:10:03","date_gmt":"2021-04-29T14:10:03","guid":{"rendered":"https:\/\/zenkit.com\/press-kit-re\/"},"modified":"2025-11-22T15:46:46","modified_gmt":"2025-11-22T14:46:46","slug":"kit-de-prensa","status":"publish","type":"page","link":"https:\/\/zenkit.com\/es\/kit-de-prensa\/","title":{"rendered":"Kit de Prensa"},"content":{"rendered":"\n<div class=\"wp-block-group page__header has-global-padding is-layout-constrained wp-block-group-is-layout-constrained\">\n<div class=\"wp-block-group width--950 has-global-padding is-layout-constrained wp-block-group-is-layout-constrained\">\n<div style=\"height:45px;--tablet-height:45px;--mobile-height:16px\" class=\"wp-block-lookeen-blocks-responsive-spacer\"><\/div>\n\n\n\n<div class=\"wp-block-group has-global-padding is-layout-constrained wp-block-group-is-layout-constrained\">\n<h1 class=\"wp-block-heading has-text-align-center\" style=\"margin-bottom:8px\">Preguntas de la prensa<\/h1>\n<\/div>\n\n\n\n<div class=\"wp-block-group has-global-padding is-layout-constrained wp-block-group-is-layout-constrained\">\n<p class=\"has-text-align-center subheading\">\u00bfEst\u00e1s trabajando en un art\u00edculo incre\u00edble sobre Zenkit?<\/p>\n<\/div>\n\n\n\n<div style=\"height:48px;--tablet-height:36px;--mobile-height:24px\" class=\"wp-block-lookeen-blocks-responsive-spacer\"><\/div>\n<\/div>\n<\/div>\n\n\n\n<div class=\"wp-block-group has-global-padding is-layout-constrained wp-block-group-is-layout-constrained\" style=\"margin-bottom:24px\">\n<div class=\"wp-block-group download__box is-content-justification-space-between is-nowrap is-layout-flex wp-container-core-group-is-layout-9182793f wp-block-group-is-layout-flex\" style=\"border-radius:20px\">\n<div class=\"wp-block-group has-global-padding is-layout-constrained wp-block-group-is-layout-constrained\">\n<p style=\"font-size:20px;font-style:normal;font-weight:700;line-height:1.5\"><a href=\"https:\/\/static.zenkit.com\/downloads\/zenkit-press-kit.zip\" target=\"_blank\" rel=\"noreferrer noopener\">Descargue<\/a> nuestro dossier de prensa para logotipos y capturas de pantalla.<\/p>\n<\/div>\n\n\n\n<div class=\"wp-block-group has-global-padding is-layout-constrained wp-block-group-is-layout-constrained\">\n<figure class=\"wp-block-image size-full is-resized\"><a href=\"https:\/\/static.zenkit.com\/downloads\/zenkit-press-kit.zip\" target=\"_blank\" rel=\" noreferrer noopener\"><img decoding=\"async\" src=\"https:\/\/zenkit.com\/wp-content\/uploads\/2025\/01\/download-circle-icon.svg\" alt=\"\" class=\"wp-image-110864\" style=\"object-fit:cover;width:38px;height:38px\"\/><\/a><\/figure>\n<\/div>\n<\/div>\n<\/div>\n\n\n\n<div class=\"wp-block-group has-global-padding is-layout-constrained wp-block-group-is-layout-constrained\">\n<div class=\"wp-block-group three-column-grid has-global-padding is-layout-constrained wp-block-group-is-layout-constrained\">\n<div class=\"wp-block-group download__card is-style-da-box-shadow has-global-padding is-layout-constrained wp-container-core-group-is-layout-bf816c8d wp-block-group-is-layout-constrained\" style=\"border-radius:20px;padding-top:20px;padding-right:20px;padding-bottom:20px;padding-left:20px\">\n<figure class=\"wp-block-image size-full card__image\"><img loading=\"lazy\" decoding=\"async\" width=\"500\" height=\"296\" src=\"https:\/\/zenkit.com\/wp-content\/uploads\/2022\/07\/press-kit-logo-white-regular-1.jpg\" alt=\"\" class=\"wp-image-80846\" srcset=\"https:\/\/zenkit.com\/wp-content\/uploads\/2022\/07\/press-kit-logo-white-regular-1.jpg 500w, https:\/\/zenkit.com\/wp-content\/uploads\/2022\/07\/press-kit-logo-white-regular-1-300x178.jpg 300w\" sizes=\"auto, (max-width: 500px) 100vw, 500px\" \/><\/figure>\n\n\n\n<h3 class=\"wp-block-heading has-text-align-center card__title\" style=\"margin-bottom:4px;font-style:normal;font-weight:700\">Logo<\/h3>\n\n\n\n<p class=\"has-text-align-center card__content has-da-grey-1-color has-text-color has-link-color wp-elements-21545da50e88c21be5a7af8d01327be2\" style=\"margin-bottom:16px;font-style:normal;font-weight:500\">Logos Zenkit oscuros y claros de todos los tipos.<\/p>\n\n\n\n<p class=\"has-text-align-center read__more\"><a href=\"https:\/\/static.zenkit.com\/downloads\/zenkit-press-kit-logo.zip\" target=\"_blank\" rel=\"noreferrer noopener\"><\/a><a href=\"https:\/\/static.zenkit.com\/downloads\/zenkit-press-kit-logo.zip\" target=\"_blank\" rel=\"noreferrer noopener\">Descargar<\/a><\/p>\n<\/div>\n\n\n\n<div class=\"wp-block-group download__card is-style-da-box-shadow has-global-padding is-layout-constrained wp-container-core-group-is-layout-bf816c8d wp-block-group-is-layout-constrained\" style=\"border-radius:20px;padding-top:20px;padding-right:20px;padding-bottom:20px;padding-left:20px\">\n<figure class=\"wp-block-image size-full card__image\"><img loading=\"lazy\" decoding=\"async\" width=\"500\" height=\"296\" src=\"https:\/\/zenkit.com\/wp-content\/uploads\/2021\/04\/screenshots.jpg\" alt=\"\" class=\"wp-image-61568\" srcset=\"https:\/\/zenkit.com\/wp-content\/uploads\/2021\/04\/screenshots.jpg 500w, https:\/\/zenkit.com\/wp-content\/uploads\/2021\/04\/screenshots-300x178.jpg 300w\" sizes=\"auto, (max-width: 500px) 100vw, 500px\" \/><\/figure>\n\n\n\n<h3 class=\"wp-block-heading has-text-align-center card__title\" style=\"margin-bottom:4px;font-style:normal;font-weight:700\">Capturas de pantalla<\/h3>\n\n\n\n<p class=\"has-text-align-center card__content has-da-grey-1-color has-text-color has-link-color wp-elements-ede197dd44cee3d9a2c7abc28a1f824b\" style=\"margin-bottom:16px;font-style:normal;font-weight:500\">Im\u00e1genes y capturas de pantalla de productos de alta calidad.<\/p>\n\n\n\n<p class=\"has-text-align-center read__more\"><a href=\"https:\/\/static.zenkit.com\/downloads\/zenkit-press-kit-screens.zip\" target=\"_blank\" rel=\"noreferrer noopener\"><\/a><a href=\"https:\/\/static.zenkit.com\/downloads\/zenkit-press-kit-screens.zip\" target=\"_blank\" rel=\"noreferrer noopener\">Descargar<\/a><\/p>\n<\/div>\n\n\n\n<div class=\"wp-block-group download__card is-style-da-box-shadow has-global-padding is-layout-constrained wp-container-core-group-is-layout-bf816c8d wp-block-group-is-layout-constrained\" style=\"border-radius:20px;padding-top:20px;padding-right:20px;padding-bottom:20px;padding-left:20px\">\n<figure class=\"wp-block-image size-full card__image\"><img loading=\"lazy\" decoding=\"async\" width=\"500\" height=\"296\" src=\"https:\/\/zenkit.com\/wp-content\/uploads\/2021\/04\/zenkit-art.jpg\" alt=\"\" class=\"wp-image-61579\" srcset=\"https:\/\/zenkit.com\/wp-content\/uploads\/2021\/04\/zenkit-art.jpg 500w, https:\/\/zenkit.com\/wp-content\/uploads\/2021\/04\/zenkit-art-300x178.jpg 300w\" sizes=\"auto, (max-width: 500px) 100vw, 500px\" \/><\/figure>\n\n\n\n<h3 class=\"wp-block-heading has-text-align-center card__title\" style=\"margin-bottom:4px;font-style:normal;font-weight:700\">Arte<\/h3>\n\n\n\n<p class=\"has-text-align-center card__content has-da-grey-1-color has-text-color has-link-color wp-elements-92e4f1b801b1386f92924f754e84baa4\" style=\"margin-bottom:16px;font-style:normal;font-weight:500\">Arte \u00fanico Zenkit con nuestra mascota, Asmo!<\/p>\n\n\n\n<p class=\"has-text-align-center read__more\"><a href=\"https:\/\/static.zenkit.com\/downloads\/zenkit-press-kit-art.zip\" data-type=\"link\" data-id=\"https:\/\/static.zenkit.com\/downloads\/zenkit-press-kit-art.zip\" target=\"_blank\" rel=\"noreferrer noopener\"><\/a><a href=\"https:\/\/static.zenkit.com\/downloads\/zenkit-press-kit-art.zip\" target=\"_blank\" rel=\"noreferrer noopener\">Descargar<\/a><\/p>\n<\/div>\n<\/div>\n<\/div>\n\n\n\n<div class=\"wp-block-group has-global-padding is-layout-constrained wp-block-group-is-layout-constrained\">\n<div style=\"height:88px;--tablet-height:72px;--mobile-height:40px\" class=\"wp-block-lookeen-blocks-responsive-spacer\"><\/div>\n\n\n\n<div class=\"wp-block-group info__box has-global-padding is-layout-constrained wp-container-core-group-is-layout-ed92f1a2 wp-block-group-is-layout-constrained\">\n<figure class=\"wp-block-image aligncenter size-full is-resized\" style=\"margin-bottom:8px\"><img decoding=\"async\" src=\"https:\/\/zenkit.com\/wp-content\/uploads\/2025\/01\/info.svg\" alt=\"\" class=\"wp-image-109380\" style=\"object-fit:cover;width:38px;height:38px\"\/><\/figure>\n\n\n\n<p class=\"has-text-align-center has-da-grey-2-color has-text-color has-link-color wp-elements-00cabf2253e0c5442ba8df4765e16537\" style=\"margin-bottom:0px;font-style:normal;font-weight:700\">\u00bfNecesitas una cotizaci\u00f3n o una imagen especial? Estamos aqu\u00ed para ayudar.<\/p>\n\n\n\n<p class=\"has-text-align-center has-da-grey-2-color has-text-color has-link-color wp-elements-379ebc2ceaa3e7d4fe9b9559ba7884b1\" style=\"font-style:normal;font-weight:500\"><a href=\"https:\/\/zenkit.com\/es\/contacto\/\" data-type=\"page\" data-id=\"55288\">Cont\u00e1ctenos<\/a><\/p>\n<\/div>\n\n\n\n<div style=\"height:88px;--tablet-height:72px;--mobile-height:40px\" class=\"wp-block-lookeen-blocks-responsive-spacer\"><\/div>\n<\/div>\n\n\n\n<div class=\"wp-block-group has-da-blue-light-background-color has-background has-global-padding is-layout-constrained wp-block-group-is-layout-constrained\">\n<div style=\"height:80px;--tablet-height:36px;--mobile-height:26px\" class=\"wp-block-lookeen-blocks-responsive-spacer\"><\/div>\n\n\n\n<h2 class=\"wp-block-heading has-text-align-center\" style=\"margin-bottom:0px\">Comunicados de prensa<\/h2>\n\n\n\n<div style=\"height:48px;--tablet-height:36px;--mobile-height:24px\" class=\"wp-block-lookeen-blocks-responsive-spacer\"><\/div>\n\n\n\n<div class=\"wp-block-group press__box has-da-white-background-color has-background is-content-justification-space-between is-nowrap is-layout-flex wp-container-core-group-is-layout-dcc88a13 wp-block-group-is-layout-flex\" style=\"border-radius:20px;margin-bottom:24px\">\n<div class=\"wp-block-group has-global-padding is-layout-constrained wp-block-group-is-layout-constrained\">\n<p class=\"press__date has-text-color has-link-color wp-elements-b79f5e795c269e1810d893042262b089\" style=\"color:#939393;margin-bottom:0px;font-style:normal;font-weight:700\">2021.03.11<\/p>\n\n\n\n<p style=\"font-size:20px;font-style:normal;font-weight:700;line-height:1.5\">Hypernotes aborda la necesidad de una gesti\u00f3n intuitiva del conocimiento en equipos distribuidos<\/p>\n<\/div>\n\n\n\n<div class=\"wp-block-group has-global-padding is-layout-constrained wp-block-group-is-layout-constrained\">\n<figure class=\"wp-block-image size-full is-resized\"><a href=\"https:\/\/zenkit.com\/es\/kit-de-prensa\/hypernotes-press-release\/\" target=\"_blank\" rel=\" noreferrer noopener\"><img decoding=\"async\" src=\"https:\/\/zenkit.com\/wp-content\/uploads\/2025\/01\/link-icon.svg\" alt=\"\" class=\"wp-image-110930\" style=\"aspect-ratio:1;object-fit:cover;width:38px;height:auto\"\/><\/a><\/figure>\n<\/div>\n<\/div>\n\n\n\n<div class=\"wp-block-group press__box has-da-white-background-color has-background is-content-justification-space-between is-nowrap is-layout-flex wp-container-core-group-is-layout-dcc88a13 wp-block-group-is-layout-flex\" style=\"border-radius:20px;margin-bottom:24px\">\n<div class=\"wp-block-group has-global-padding is-layout-constrained wp-block-group-is-layout-constrained\">\n<p class=\"press__date has-text-color has-link-color wp-elements-2bd498eceef5fa194e7ccf8d461255cc\" style=\"color:#939393;margin-bottom:0px;font-style:normal;font-weight:700\">2020.11.05<\/p>\n\n\n\n<p style=\"font-size:20px;font-style:normal;font-weight:700;line-height:1.5\">Zenchat combina a la perfecci\u00f3n el chat en equipo y la gesti\u00f3n de tareas<\/p>\n<\/div>\n\n\n\n<div class=\"wp-block-group has-global-padding is-layout-constrained wp-block-group-is-layout-constrained\">\n<figure class=\"wp-block-image size-full is-resized\"><a href=\"https:\/\/zenkit.com\/es\/kit-de-prensa\/zenchat-press-release\/\" target=\"_blank\" rel=\" noreferrer noopener\"><img decoding=\"async\" src=\"https:\/\/zenkit.com\/wp-content\/uploads\/2025\/01\/link-icon.svg\" alt=\"\" class=\"wp-image-110930\" style=\"aspect-ratio:1;object-fit:cover;width:38px;height:auto\"\/><\/a><\/figure>\n<\/div>\n<\/div>\n\n\n\n<div class=\"wp-block-group press__box has-da-white-background-color has-background is-content-justification-space-between is-nowrap is-layout-flex wp-container-core-group-is-layout-dcc88a13 wp-block-group-is-layout-flex\" style=\"border-radius:20px;margin-bottom:24px\">\n<div class=\"wp-block-group has-global-padding is-layout-constrained wp-block-group-is-layout-constrained\">\n<p class=\"press__date has-text-color has-link-color wp-elements-d9f07989be1ca4ec7dd00617fc322ee9\" style=\"color:#939393;margin-bottom:0px;font-style:normal;font-weight:700\">2020.04.06<\/p>\n\n\n\n<p style=\"font-size:20px;font-style:normal;font-weight:700;line-height:1.5\">El cierre de Wunderlist inspira a otro equipo alem\u00e1n a construir una alternativa viable<\/p>\n<\/div>\n\n\n\n<div class=\"wp-block-group has-global-padding is-layout-constrained wp-block-group-is-layout-constrained\">\n<figure class=\"wp-block-image size-full is-resized\"><a href=\"https:\/\/zenkit.com\/es\/kit-de-prensa\/zenkit-to-do-press-release\/\" target=\"_blank\" rel=\" noreferrer noopener\"><img decoding=\"async\" src=\"https:\/\/zenkit.com\/wp-content\/uploads\/2025\/01\/link-icon.svg\" alt=\"\" class=\"wp-image-110930\" style=\"aspect-ratio:1;object-fit:cover;width:38px;height:auto\"\/><\/a><\/figure>\n<\/div>\n<\/div>\n\n\n\n<div class=\"wp-block-group press__box has-da-white-background-color has-background is-content-justification-space-between is-nowrap is-layout-flex wp-container-core-group-is-layout-dcc88a13 wp-block-group-is-layout-flex\" style=\"border-radius:20px;margin-bottom:24px\">\n<div class=\"wp-block-group has-global-padding is-layout-constrained wp-block-group-is-layout-constrained\">\n<p class=\"press__date has-text-color has-link-color wp-elements-587099888a4b8a32d256dfde06ab86fd\" style=\"color:#939393;margin-bottom:0px;font-style:normal;font-weight:700\">2019.12.17<\/p>\n\n\n\n<p style=\"font-size:20px;font-style:normal;font-weight:700;line-height:1.5\">Zenkit lanza una nueva vista wiki y fortalece su posici\u00f3n como una soluci\u00f3n integral para todas las necesidades de su lugar de trabajo<\/p>\n<\/div>\n\n\n\n<div class=\"wp-block-group has-global-padding is-layout-constrained wp-block-group-is-layout-constrained\">\n<figure class=\"wp-block-image size-full is-resized\"><a href=\"https:\/\/zenkit.com\/es\/kit-de-prensa\/zenkit-launches-new-wiki-view\/\" target=\"_blank\" rel=\" noreferrer noopener\"><img decoding=\"async\" src=\"https:\/\/zenkit.com\/wp-content\/uploads\/2025\/01\/link-icon.svg\" alt=\"\" class=\"wp-image-110930\" style=\"aspect-ratio:1;object-fit:cover;width:38px;height:auto\"\/><\/a><\/figure>\n<\/div>\n<\/div>\n\n\n\n<div class=\"wp-block-group press__box has-da-white-background-color has-background is-content-justification-space-between is-nowrap is-layout-flex wp-container-core-group-is-layout-dcc88a13 wp-block-group-is-layout-flex\" style=\"border-radius:20px;margin-bottom:24px\">\n<div class=\"wp-block-group has-global-padding is-layout-constrained wp-block-group-is-layout-constrained\">\n<p class=\"press__date has-text-color has-link-color wp-elements-c131155cc00c8e36decebc37c5ab08bd\" style=\"color:#939393;margin-bottom:0px;font-style:normal;font-weight:700\">2019.10.04<\/p>\n\n\n\n<p style=\"font-size:20px;font-style:normal;font-weight:700;line-height:1.5\">Reinventando el tablero Kanban<\/p>\n<\/div>\n\n\n\n<div class=\"wp-block-group has-global-padding is-layout-constrained wp-block-group-is-layout-constrained\">\n<figure class=\"wp-block-image size-full is-resized\"><a href=\"https:\/\/zenkit.com\/es\/kit-de-prensa\/reinventing-the-kanban-board\/\" target=\"_blank\" rel=\" noreferrer noopener\"><img decoding=\"async\" src=\"https:\/\/zenkit.com\/wp-content\/uploads\/2025\/01\/link-icon.svg\" alt=\"\" class=\"wp-image-110930\" style=\"aspect-ratio:1;object-fit:cover;width:38px;height:auto\"\/><\/a><\/figure>\n<\/div>\n<\/div>\n\n\n\n<div class=\"wp-block-group press__box has-da-white-background-color has-background is-content-justification-space-between is-nowrap is-layout-flex wp-container-core-group-is-layout-dcc88a13 wp-block-group-is-layout-flex\" style=\"border-radius:20px;margin-bottom:24px\">\n<div class=\"wp-block-group has-global-padding is-layout-constrained wp-block-group-is-layout-constrained\">\n<p class=\"press__date has-text-color has-link-color wp-elements-99ef7e693876fe43fbc3083c0dd25b98\" style=\"color:#939393;margin-bottom:0px;font-style:normal;font-weight:700\">2019.05.23<\/p>\n\n\n\n<p style=\"font-size:20px;font-style:normal;font-weight:700;line-height:1.5\">Zenkit lanza la versi\u00f3n 3.0<\/p>\n<\/div>\n\n\n\n<div class=\"wp-block-group has-global-padding is-layout-constrained wp-block-group-is-layout-constrained\">\n<figure class=\"wp-block-image size-full is-resized\"><a href=\"https:\/\/zenkit.com\/es\/kit-de-prensa\/zenkit-3-0-press-release\/\" target=\"_blank\" rel=\" noreferrer noopener\"><img decoding=\"async\" src=\"https:\/\/zenkit.com\/wp-content\/uploads\/2025\/01\/link-icon.svg\" alt=\"\" class=\"wp-image-110930\" style=\"aspect-ratio:1;object-fit:cover;width:38px;height:auto\"\/><\/a><\/figure>\n<\/div>\n<\/div>\n\n\n\n<div class=\"wp-block-group press__box has-da-white-background-color has-background is-content-justification-space-between is-nowrap is-layout-flex wp-container-core-group-is-layout-dcc88a13 wp-block-group-is-layout-flex\" style=\"border-radius:20px;margin-bottom:24px\">\n<div class=\"wp-block-group has-global-padding is-layout-constrained wp-block-group-is-layout-constrained\">\n<p class=\"press__date has-text-color has-link-color wp-elements-91c72263d0ef0078cf66009f7d2e8e30\" style=\"color:#939393;margin-bottom:0px;font-style:normal;font-weight:700\">2018.05.08<\/p>\n\n\n\n<p style=\"font-size:20px;font-style:normal;font-weight:700;line-height:1.5\">Zenkit ahora disponible en un abrir y cerrar de ojos para usuarios de Linux<\/p>\n<\/div>\n\n\n\n<div class=\"wp-block-group has-global-padding is-layout-constrained wp-block-group-is-layout-constrained\">\n<figure class=\"wp-block-image size-full is-resized\"><a href=\"https:\/\/zenkit.com\/es\/kit-de-prensa\/zenkit-now-available-as-a-snap-for-linux-users\/\" target=\"_blank\" rel=\" noreferrer noopener\"><img decoding=\"async\" src=\"https:\/\/zenkit.com\/wp-content\/uploads\/2025\/01\/link-icon.svg\" alt=\"\" class=\"wp-image-110930\" style=\"aspect-ratio:1;object-fit:cover;width:38px;height:auto\"\/><\/a><\/figure>\n<\/div>\n<\/div>\n\n\n\n<div style=\"height:110px;--tablet-height:60px;--mobile-height:48px\" class=\"wp-block-lookeen-blocks-responsive-spacer\"><\/div>\n<\/div>\n","protected":false},"excerpt":{"rendered":"<p>Preguntas de la prensa \u00bfEst\u00e1s trabajando en un art\u00edculo incre\u00edble sobre Zenkit? Descargue nuestro dossier de prensa para logotipos y capturas de pantalla. Logo Logos Zenkit oscuros y claros de todos los tipos. Descargar Capturas de pantalla Im\u00e1genes y capturas de pantalla de productos de alta calidad. Descargar Arte Arte \u00fanico Zenkit con nuestra mascota, [&hellip;]<\/p>\n","protected":false},"author":30,"featured_media":0,"parent":0,"menu_order":19,"comment_status":"closed","ping_status":"closed","template":"","meta":{"yasr_overall_rating":0,"yasr_post_is_review":"","yasr_auto_insert_disabled":"","yasr_review_type":"","footnotes":""},"class_list":["post-61702","page","type-page","status-publish","hentry"],"yoast_head":"<!-- This site is optimized with the Yoast SEO plugin v27.5 - https:\/\/yoast.com\/product\/yoast-seo-wordpress\/ -->\n<title>Kit de Prensa | Zenkit<\/title>\n<meta name=\"robots\" content=\"index, follow, max-snippet:-1, max-image-preview:large, max-video-preview:-1\" \/>\n<link rel=\"canonical\" href=\"https:\/\/zenkit.com\/es\/kit-de-prensa\/\" \/>\n<meta property=\"og:locale\" content=\"es_ES\" \/>\n<meta property=\"og:type\" content=\"article\" \/>\n<meta property=\"og:title\" content=\"Kit de Prensa | Zenkit\" \/>\n<meta property=\"og:description\" content=\"Preguntas de la prensa \u00bfEst\u00e1s trabajando en un art\u00edculo incre\u00edble sobre Zenkit? Descargue nuestro dossier de prensa para logotipos y capturas de pantalla. Logo Logos Zenkit oscuros y claros de todos los tipos. Descargar Capturas de pantalla Im\u00e1genes y capturas de pantalla de productos de alta calidad. Descargar Arte Arte \u00fanico Zenkit con nuestra mascota, [&hellip;]\" \/>\n<meta property=\"og:url\" content=\"https:\/\/zenkit.com\/es\/kit-de-prensa\/\" \/>\n<meta property=\"og:site_name\" content=\"Zenkit\" \/>\n<meta property=\"article:publisher\" content=\"https:\/\/www.facebook.com\/ZenkitHQ\" \/>\n<meta property=\"article:modified_time\" content=\"2025-11-22T14:46:46+00:00\" \/>\n<meta name=\"twitter:card\" content=\"summary_large_image\" \/>\n<meta name=\"twitter:site\" content=\"@ZenkitHQ\" \/>\n<meta name=\"twitter:label1\" content=\"Tiempo de lectura\" \/>\n\t<meta name=\"twitter:data1\" content=\"26 minutos\" \/>\n<script type=\"application\/ld+json\" class=\"yoast-schema-graph\">{\"@context\":\"https:\\\/\\\/schema.org\",\"@graph\":[{\"@type\":\"WebPage\",\"@id\":\"https:\\\/\\\/zenkit.com\\\/es\\\/kit-de-prensa\\\/\",\"url\":\"https:\\\/\\\/zenkit.com\\\/es\\\/kit-de-prensa\\\/\",\"name\":\"Kit de Prensa | Zenkit\",\"isPartOf\":{\"@id\":\"https:\\\/\\\/zenkit.com\\\/es\\\/#website\"},\"primaryImageOfPage\":{\"@id\":\"https:\\\/\\\/zenkit.com\\\/es\\\/kit-de-prensa\\\/#primaryimage\"},\"image\":{\"@id\":\"https:\\\/\\\/zenkit.com\\\/es\\\/kit-de-prensa\\\/#primaryimage\"},\"thumbnailUrl\":\"https:\\\/\\\/zenkit.com\\\/wp-content\\\/uploads\\\/2025\\\/01\\\/download-circle-icon.svg\",\"datePublished\":\"2021-04-29T14:10:03+00:00\",\"dateModified\":\"2025-11-22T14:46:46+00:00\",\"breadcrumb\":{\"@id\":\"https:\\\/\\\/zenkit.com\\\/es\\\/kit-de-prensa\\\/#breadcrumb\"},\"inLanguage\":\"es\",\"potentialAction\":[{\"@type\":\"ReadAction\",\"target\":[\"https:\\\/\\\/zenkit.com\\\/es\\\/kit-de-prensa\\\/\"]}]},{\"@type\":\"ImageObject\",\"inLanguage\":\"es\",\"@id\":\"https:\\\/\\\/zenkit.com\\\/es\\\/kit-de-prensa\\\/#primaryimage\",\"url\":\"https:\\\/\\\/zenkit.com\\\/wp-content\\\/uploads\\\/2025\\\/01\\\/download-circle-icon.svg\",\"contentUrl\":\"https:\\\/\\\/zenkit.com\\\/wp-content\\\/uploads\\\/2025\\\/01\\\/download-circle-icon.svg\"},{\"@type\":\"BreadcrumbList\",\"@id\":\"https:\\\/\\\/zenkit.com\\\/es\\\/kit-de-prensa\\\/#breadcrumb\",\"itemListElement\":[{\"@type\":\"ListItem\",\"position\":1,\"name\":\"Home\",\"item\":\"https:\\\/\\\/zenkit.com\\\/es\\\/\"},{\"@type\":\"ListItem\",\"position\":2,\"name\":\"Kit de Prensa\"}]},{\"@type\":\"WebSite\",\"@id\":\"https:\\\/\\\/zenkit.com\\\/es\\\/#website\",\"url\":\"https:\\\/\\\/zenkit.com\\\/es\\\/\",\"name\":\"Zenkit\",\"description\":\"Zenkit Tagline\",\"potentialAction\":[{\"@type\":\"SearchAction\",\"target\":{\"@type\":\"EntryPoint\",\"urlTemplate\":\"https:\\\/\\\/zenkit.com\\\/es\\\/?s={search_term_string}\"},\"query-input\":{\"@type\":\"PropertyValueSpecification\",\"valueRequired\":true,\"valueName\":\"search_term_string\"}}],\"inLanguage\":\"es\"},false]}<\/script>\n<!-- \/ Yoast SEO plugin. -->","yoast_head_json":{"title":"Kit de Prensa | Zenkit","robots":{"index":"index","follow":"follow","max-snippet":"max-snippet:-1","max-image-preview":"max-image-preview:large","max-video-preview":"max-video-preview:-1"},"canonical":"https:\/\/zenkit.com\/es\/kit-de-prensa\/","og_locale":"es_ES","og_type":"article","og_title":"Kit de Prensa | Zenkit","og_description":"Preguntas de la prensa \u00bfEst\u00e1s trabajando en un art\u00edculo incre\u00edble sobre Zenkit? Descargue nuestro dossier de prensa para logotipos y capturas de pantalla. Logo Logos Zenkit oscuros y claros de todos los tipos. Descargar Capturas de pantalla Im\u00e1genes y capturas de pantalla de productos de alta calidad. Descargar Arte Arte \u00fanico Zenkit con nuestra mascota, [&hellip;]","og_url":"https:\/\/zenkit.com\/es\/kit-de-prensa\/","og_site_name":"Zenkit","article_publisher":"https:\/\/www.facebook.com\/ZenkitHQ","article_modified_time":"2025-11-22T14:46:46+00:00","twitter_card":"summary_large_image","twitter_site":"@ZenkitHQ","twitter_misc":{"Tiempo de lectura":"26 minutos"},"schema":{"@context":"https:\/\/schema.org","@graph":[{"@type":"WebPage","@id":"https:\/\/zenkit.com\/es\/kit-de-prensa\/","url":"https:\/\/zenkit.com\/es\/kit-de-prensa\/","name":"Kit de Prensa | Zenkit","isPartOf":{"@id":"https:\/\/zenkit.com\/es\/#website"},"primaryImageOfPage":{"@id":"https:\/\/zenkit.com\/es\/kit-de-prensa\/#primaryimage"},"image":{"@id":"https:\/\/zenkit.com\/es\/kit-de-prensa\/#primaryimage"},"thumbnailUrl":"https:\/\/zenkit.com\/wp-content\/uploads\/2025\/01\/download-circle-icon.svg","datePublished":"2021-04-29T14:10:03+00:00","dateModified":"2025-11-22T14:46:46+00:00","breadcrumb":{"@id":"https:\/\/zenkit.com\/es\/kit-de-prensa\/#breadcrumb"},"inLanguage":"es","potentialAction":[{"@type":"ReadAction","target":["https:\/\/zenkit.com\/es\/kit-de-prensa\/"]}]},{"@type":"ImageObject","inLanguage":"es","@id":"https:\/\/zenkit.com\/es\/kit-de-prensa\/#primaryimage","url":"https:\/\/zenkit.com\/wp-content\/uploads\/2025\/01\/download-circle-icon.svg","contentUrl":"https:\/\/zenkit.com\/wp-content\/uploads\/2025\/01\/download-circle-icon.svg"},{"@type":"BreadcrumbList","@id":"https:\/\/zenkit.com\/es\/kit-de-prensa\/#breadcrumb","itemListElement":[{"@type":"ListItem","position":1,"name":"Home","item":"https:\/\/zenkit.com\/es\/"},{"@type":"ListItem","position":2,"name":"Kit de Prensa"}]},{"@type":"WebSite","@id":"https:\/\/zenkit.com\/es\/#website","url":"https:\/\/zenkit.com\/es\/","name":"Zenkit","description":"Zenkit Tagline","potentialAction":[{"@type":"SearchAction","target":{"@type":"EntryPoint","urlTemplate":"https:\/\/zenkit.com\/es\/?s={search_term_string}"},"query-input":{"@type":"PropertyValueSpecification","valueRequired":true,"valueName":"search_term_string"}}],"inLanguage":"es"},false]}},"yasr_visitor_votes":{"stars_attributes":{"read_only":false,"span_bottom":false},"number_of_votes":0,"sum_votes":0},"_links":{"self":[{"href":"https:\/\/zenkit.com\/es\/wp-json\/wp\/v2\/pages\/61702","targetHints":{"allow":["GET"]}}],"collection":[{"href":"https:\/\/zenkit.com\/es\/wp-json\/wp\/v2\/pages"}],"about":[{"href":"https:\/\/zenkit.com\/es\/wp-json\/wp\/v2\/types\/page"}],"author":[{"embeddable":true,"href":"https:\/\/zenkit.com\/es\/wp-json\/wp\/v2\/users\/30"}],"replies":[{"embeddable":true,"href":"https:\/\/zenkit.com\/es\/wp-json\/wp\/v2\/comments?post=61702"}],"version-history":[{"count":6,"href":"https:\/\/zenkit.com\/es\/wp-json\/wp\/v2\/pages\/61702\/revisions"}],"predecessor-version":[{"id":174666,"href":"https:\/\/zenkit.com\/es\/wp-json\/wp\/v2\/pages\/61702\/revisions\/174666"}],"wp:attachment":[{"href":"https:\/\/zenkit.com\/es\/wp-json\/wp\/v2\/media?parent=61702"}],"curies":[{"name":"wp","href":"https:\/\/api.w.org\/{rel}","templated":true}]}}