{"id":61731,"date":"2019-06-06T15:41:21","date_gmt":"2019-06-06T13:41:21","guid":{"rendered":"https:\/\/zenkit.com\/base\/integraciones\/123formbuilder\/"},"modified":"2025-11-04T06:53:11","modified_gmt":"2025-11-04T05:53:11","slug":"123formbuilder","status":"publish","type":"page","link":"https:\/\/zenkit.com\/es\/integraciones\/123formbuilder\/","title":{"rendered":"123FormBuilder"},"content":{"rendered":"\n<div style=\"height:45px;--tablet-height:45px;--mobile-height:16px\" class=\"wp-block-lookeen-blocks-responsive-spacer\"><\/div>\n\n\n\n<div class=\"wp-block-group has-global-padding is-layout-constrained wp-block-group-is-layout-constrained\">\n<div class=\"wp-block-columns is-layout-flex wp-container-core-columns-is-layout-467d341d wp-block-columns-is-layout-flex\" id=\"main__integrations\" style=\"margin-top:0px;margin-bottom:0px\">\n<div class=\"wp-block-column side__bar__integrations is-layout-flow wp-block-column-is-layout-flow\" style=\"flex-basis:23%\">\n<h2 class=\"wp-block-heading has-da-blue-color-new has-text-color has-link-color wp-elements-d94ec7922570158cb6a4c9c4a3be2a0c\" style=\"margin-top:0px;margin-bottom:0px;font-size:16px;line-height:1.5\">Integraci\u00f3n de formularios y encuestas<\/h2>\n\n\n<nav class=\"is-vertical integrations__menu wp-block-navigation is-layout-flex wp-container-core-navigation-is-layout-5f9f5280 wp-block-navigation-is-layout-flex\" aria-label=\"es-integrations-form-survey\"><ul class=\"wp-block-navigation__container  is-vertical integrations__menu wp-block-navigation\"><li class=\" wp-block-navigation-item wp-block-navigation-link\"><a class=\"wp-block-navigation-item__content\"  href=\"https:\/\/zenkit.com\/es\/integraciones\/123formbuilder\/\"><span class=\"wp-block-navigation-item__label\">123FormBuilder<\/span><\/a><\/li><li class=\" wp-block-navigation-item wp-block-navigation-link\"><a class=\"wp-block-navigation-item__content\"  href=\"https:\/\/zenkit.com\/es\/integraciones\/formkeep\/\"><span class=\"wp-block-navigation-item__label\">FormKeep<\/span><\/a><\/li><li class=\" wp-block-navigation-item wp-block-navigation-link\"><a class=\"wp-block-navigation-item__content\"  href=\"https:\/\/zenkit.com\/es\/integraciones\/forms-on-fire\/\"><span class=\"wp-block-navigation-item__label\">Forms On Fire<\/span><\/a><\/li><li class=\" wp-block-navigation-item wp-block-navigation-link\"><a class=\"wp-block-navigation-item__content\"  href=\"https:\/\/zenkit.com\/es\/integraciones\/paperform\/\"><span class=\"wp-block-navigation-item__label\">Paperform<\/span><\/a><\/li><li class=\" wp-block-navigation-item wp-block-navigation-link\"><a class=\"wp-block-navigation-item__content\"  href=\"https:\/\/zenkit.com\/es\/integraciones\/powr-form-builder\/\"><span class=\"wp-block-navigation-item__label\">POWr Form Builder<\/span><\/a><\/li><li class=\" wp-block-navigation-item wp-block-navigation-link\"><a class=\"wp-block-navigation-item__content\"  href=\"https:\/\/zenkit.com\/es\/integraciones\/surveypal\/\"><span class=\"wp-block-navigation-item__label\">Surveypal<\/span><\/a><\/li><li class=\" wp-block-navigation-item wp-block-navigation-link\"><a class=\"wp-block-navigation-item__content\"  href=\"https:\/\/zenkit.com\/es\/integraciones\/surveysparrow\/\"><span class=\"wp-block-navigation-item__label\">SurveySparrow<\/span><\/a><\/li><li class=\" wp-block-navigation-item wp-block-navigation-link\"><a class=\"wp-block-navigation-item__content\"  href=\"https:\/\/zenkit.com\/es\/integraciones\/zonka-feedback\/\"><span class=\"wp-block-navigation-item__label\">Zonka Feedback<\/span><\/a><\/li><\/ul><\/nav><\/div>\n\n\n\n<div class=\"wp-block-column content__integrations is-layout-flow wp-block-column-is-layout-flow\" style=\"flex-basis:77%\">\n<div class=\"wp-block-group has-global-padding is-layout-constrained wp-block-group-is-layout-constrained\">\n<div class=\"wp-block-group title is-layout-flex wp-container-core-group-is-layout-ed4b00df wp-block-group-is-layout-flex\">\n<figure class=\"wp-block-image size-full is-resized\"><img loading=\"lazy\" decoding=\"async\" width=\"110\" height=\"111\" src=\"https:\/\/zenkit.com\/wp-content\/uploads\/2025\/07\/123FormBuilder-logo-1.png\" alt=\"\" class=\"wp-image-118771\" style=\"width:auto;height:46px\"\/><\/figure>\n\n\n\n<h1 class=\"wp-block-heading\">123FormBuilder &amp; Zenkit<\/h1>\n<\/div>\n\n\n\n<div class=\"wp-block-group has-global-padding is-layout-constrained wp-block-group-is-layout-constrained\">\n<h3 class=\"wp-block-heading\">Conecte sus cuentas Zenkit y 123FormBuilder<\/h3>\n\n\n\n<p>Un formulario en l\u00ednea puede permitirle almacenar datos y entender su objetivo de audiencia de mejor manera usando formulario, ya sea a sus clientes existentes con un cuestionario de satisfacci\u00f3n, a sus visitantes de su sitio web con formulario de contacto o solicitantes para un pr\u00f3ximo evento con un formulario de registro.<\/p>\n\n\n\n<p>Con esta automatizaci\u00f3n Zapier, usted puede f\u00e1cilmente enviar sus datos almacenados de una formulario de presentaci\u00f3n 123FormBuilder para mantener la base de datos de sus contactos Zenkit actualizada.<\/p>\n<\/div>\n\n\n\n<div style=\"height:48px;--tablet-height:36px;--mobile-height:24px\" class=\"wp-block-lookeen-blocks-responsive-spacer\"><\/div>\n<\/div>\n\n\n\n<div class=\"wp-block-group has-global-padding is-layout-constrained wp-block-group-is-layout-constrained\">\n<figure class=\"wp-block-video\"><video controls src=\"https:\/\/zenkit.com\/wp-content\/uploads\/2019\/08\/123FormBuilder_Online-Form-Builder-Demo.mp4\"><\/video><\/figure>\n<\/div>\n\n\n\n<div style=\"height:48px;--tablet-height:36px;--mobile-height:24px\" class=\"wp-block-lookeen-blocks-responsive-spacer\"><\/div>\n\n\n\n<div class=\"wp-block-group has-global-padding is-layout-constrained wp-block-group-is-layout-constrained\">\n<h3 class=\"wp-block-heading display-h2\">Acerca de 123 FormBuilder: Formulario En L\u00ednea con Arrastrar y Soltar<\/h3>\n\n\n\n<p><a href=\"https:\/\/www.123formbuilder.com\/\">123FormBuilder<\/a>&nbsp;es un software en la nube dise\u00f1ado para cualquier negocio o particular que necesite almacenar datos en l\u00ednea o sin conexi\u00f3n. La plataforma flexible ofrece una variedad de posibilidades para crear cualquier tipo de formulario, encuesta, cuestionario, prueba, votaci\u00f3n o incluso horarios.<\/p>\n\n\n\n<p>La plataforma 123FormBuilder est\u00e1 dise\u00f1ada para reemplazar las formas tradicionales, consumidoras de tiempo y escritas en papel. Este integra una gran variedad de sistemas de terceros y mejora la habilidad de almacenar datos r\u00e1pidamente, usa informaci\u00f3n m\u00e1s precisa y simplifica la administraci\u00f3n de datos dentro de grandes organizaciones. Para comprender mejor acerca del software de formularios en l\u00ednea, por favor visite:&nbsp;<a href=\"https:\/\/www.123formbuilder.com\/\">https:\/\/www.123formbuilder.com\/<\/a><\/p>\n<\/div>\n\n\n\n<div style=\"height:48px;--tablet-height:36px;--mobile-height:24px\" class=\"wp-block-lookeen-blocks-responsive-spacer\"><\/div>\n\n\n\n<div class=\"wp-block-group has-global-padding is-layout-constrained wp-block-group-is-layout-constrained\">\n<h3 class=\"wp-block-heading display-h2\">Acerca de Zenkit: Administrador de Proyectos En L\u00ednea<\/h3>\n\n\n\n<p><a href=\"https:\/\/zenkit.com\/\">Zenkit<\/a>\u00a0es una herramienta amigable para usuarios, es colaborativa para la administraci\u00f3n de proyectos, generadora de base de datos y mucho m\u00e1s. Esta le permite cambiar vistas (tablas, listas to-do, Kanban, calendarios y mapas mentales) con un solo clic. Usted puede compartir su trabajo en l\u00ednea con publicar e integrar collections, y construir integraciones con nuestra documentada API. Zenkit es suficientemente flexible para adaptarse a cualquier flujo de trabajo y bastante poderosa para manejar su negocio. Cree una cuenta gratuita:\u00a0<a href=\"https:\/\/app.zenkit.com\/register\">https:\/\/app.zenkit.com\/register<\/a>.<\/p>\n<\/div>\n\n\n\n<div style=\"height:48px;--tablet-height:36px;--mobile-height:24px\" class=\"wp-block-lookeen-blocks-responsive-spacer\"><\/div>\n\n\n\n<div class=\"wp-block-group has-global-padding is-layout-constrained wp-block-group-is-layout-constrained\">\n<h3 class=\"wp-block-heading display-h2\">\u00bfC\u00f3mo conectar 123FormBuilder y Zenkit?<\/h3>\n\n\n\n<ol class=\"wp-block-list list__style__position-inside\">\n<li><a href=\"https:\/\/zapier.com\/sign-up\/\">Registrarse<\/a>\u00a0a una cuenta Zapier para obtener acceso a Zapier.<\/li>\n\n\n\n<li><a href=\"https:\/\/www.123formbuilder.com\/signup.html\">Crear una cuenta<\/a>\u00a0con 123FormBuilder.<\/li>\n\n\n\n<li>Inicie sesi\u00f3n en Zapier y dir\u00edjase a la\u00a0<a href=\"https:\/\/zapier.com\/apps\/zenkit\/integrations\/123formbuilder\">Zenkit + 123FormBuilder Zapbook\u00a0<\/a>para encontrar plantillas Zap.<\/li>\n\n\n\n<li>O escoja crear su propia integraci\u00f3n Zenkit y 123FormBuilder seleccionandolos cuando cree una zap.<\/li>\n<\/ol>\n<\/div>\n\n\n\n<div style=\"height:48px;--tablet-height:36px;--mobile-height:24px\" class=\"wp-block-lookeen-blocks-responsive-spacer\"><\/div>\n\n\n\n<div class=\"wp-block-group has-global-padding is-layout-constrained wp-block-group-is-layout-constrained\">\n<script type=\"text\/javascript\" src=\"https:\/\/zapier.com\/apps\/embed\/widget.js?guided_zaps=53319\"><\/script>\n<\/div>\n\n\n\n<div style=\"height:48px;--tablet-height:36px;--mobile-height:24px\" class=\"wp-block-lookeen-blocks-responsive-spacer\"><\/div>\n\n\n\n<div class=\"wp-block-group has-global-padding is-layout-constrained wp-block-group-is-layout-constrained\">\n<h3 class=\"wp-block-heading display-h2\">\u00bfQui\u00e9n se va a beneficiar de esta integraci\u00f3n de 123FormBuilder y Zenkit?<\/h3>\n\n\n\n<ul class=\"wp-block-list is-style-da-left-indent\">\n<li>Coordinadores de eventos que deseen almacenar solicitantes de un formulario en l\u00ednea con una mayor eficiencia.<\/li>\n\n\n\n<li>Due\u00f1os de negocios en l\u00ednea que quieran conectar sus datos almacenados de prospectos con su base de datos principal autom\u00e1ticamente.<\/li>\n<\/ul>\n<\/div>\n\n\n\n<div style=\"height:48px;--tablet-height:36px;--mobile-height:24px\" class=\"wp-block-lookeen-blocks-responsive-spacer\"><\/div>\n\n\n\n<div class=\"wp-block-group has-global-padding is-layout-constrained wp-block-group-is-layout-constrained\">\n<h3 class=\"wp-block-heading display-h2\">Detalles de Integraci\u00f3n Adicionales<\/h3>\n\n\n\n<ul class=\"wp-block-list is-style-da-left-indent\">\n<li>Respaldado por Zapier: Por favor contacte con el\u00a0<a href=\"https:\/\/zapier.com\/help\/contact-us\/\">servicio t\u00e9cnico de Zapier<\/a>\u00a0, si usted experimenta cualquier problema.<\/li>\n\n\n\n<li>Para m\u00e1s informaci\u00f3n sobre c\u00f3mo utilizar Zenkit con Zapier, por favor lea nuestra\u00a0<a href=\"https:\/\/zenkit.com\/documentation#\/lists\/HJQBQ1Hw\/sections\/SJYE55zA\/entries\/BJGOKQtA?_k=hyyynn\">documentaci\u00f3n<\/a>.<\/li>\n<\/ul>\n<\/div>\n<\/div>\n<\/div>\n<\/div>\n\n\n\n<div style=\"height:110px;--tablet-height:60px;--mobile-height:48px\" class=\"wp-block-lookeen-blocks-responsive-spacer\"><\/div>\n","protected":false},"excerpt":{"rendered":"<p>Integraci\u00f3n de formularios y encuestas 123FormBuilder &amp; Zenkit Conecte sus cuentas Zenkit y 123FormBuilder Un formulario en l\u00ednea puede permitirle almacenar datos y entender su objetivo de audiencia de mejor manera usando formulario, ya sea a sus clientes existentes con un cuestionario de satisfacci\u00f3n, a sus visitantes de su sitio web con formulario de contacto [&hellip;]<\/p>\n","protected":false},"author":15,"featured_media":0,"parent":127380,"menu_order":38,"comment_status":"closed","ping_status":"closed","template":"","meta":{"yasr_overall_rating":0,"yasr_post_is_review":"","yasr_auto_insert_disabled":"","yasr_review_type":"","footnotes":""},"class_list":["post-61731","page","type-page","status-publish","hentry"],"yoast_head":"<!-- This site is optimized with the Yoast SEO plugin v27.3 - https:\/\/yoast.com\/product\/yoast-seo-wordpress\/ -->\n<title>123FormBuilder | Zenkit<\/title>\n<meta name=\"description\" content=\"Zenkit&#039;s integration with 123FormBuilder allows you to manage collected data more efficiently. Learn how this integration can grow with you.\" \/>\n<meta name=\"robots\" content=\"index, follow, max-snippet:-1, max-image-preview:large, max-video-preview:-1\" \/>\n<link rel=\"canonical\" href=\"https:\/\/zenkit.com\/es\/integraciones\/123formbuilder\/\" \/>\n<meta property=\"og:locale\" content=\"es_ES\" \/>\n<meta property=\"og:type\" content=\"article\" \/>\n<meta property=\"og:title\" content=\"123FormBuilder | Zenkit\" \/>\n<meta property=\"og:description\" content=\"Zenkit&#039;s integration with 123FormBuilder allows you to manage collected data more efficiently. Learn how this integration can grow with you.\" \/>\n<meta property=\"og:url\" content=\"https:\/\/zenkit.com\/es\/integraciones\/123formbuilder\/\" \/>\n<meta property=\"og:site_name\" content=\"Zenkit\" \/>\n<meta property=\"article:publisher\" content=\"https:\/\/www.facebook.com\/ZenkitHQ\" \/>\n<meta property=\"article:modified_time\" content=\"2025-11-04T05:53:11+00:00\" \/>\n<meta property=\"og:image\" content=\"https:\/\/zenkit.com\/wp-content\/uploads\/2025\/07\/123FormBuilder-logo-1.png\" \/>\n<meta name=\"twitter:card\" content=\"summary_large_image\" \/>\n<meta name=\"twitter:site\" content=\"@ZenkitHQ\" \/>\n<meta name=\"twitter:label1\" content=\"Tiempo de lectura\" \/>\n\t<meta name=\"twitter:data1\" content=\"2 minutos\" \/>\n<script type=\"application\/ld+json\" class=\"yoast-schema-graph\">{\"@context\":\"https:\\\/\\\/schema.org\",\"@graph\":[{\"@type\":\"WebPage\",\"@id\":\"https:\\\/\\\/zenkit.com\\\/es\\\/integraciones\\\/123formbuilder\\\/\",\"url\":\"https:\\\/\\\/zenkit.com\\\/es\\\/integraciones\\\/123formbuilder\\\/\",\"name\":\"123FormBuilder | Zenkit\",\"isPartOf\":{\"@id\":\"https:\\\/\\\/zenkit.com\\\/es\\\/#website\"},\"primaryImageOfPage\":{\"@id\":\"https:\\\/\\\/zenkit.com\\\/es\\\/integraciones\\\/123formbuilder\\\/#primaryimage\"},\"image\":{\"@id\":\"https:\\\/\\\/zenkit.com\\\/es\\\/integraciones\\\/123formbuilder\\\/#primaryimage\"},\"thumbnailUrl\":\"https:\\\/\\\/zenkit.com\\\/wp-content\\\/uploads\\\/2025\\\/07\\\/123FormBuilder-logo-1.png\",\"datePublished\":\"2019-06-06T13:41:21+00:00\",\"dateModified\":\"2025-11-04T05:53:11+00:00\",\"description\":\"Zenkit's integration with 123FormBuilder allows you to manage collected data more efficiently. Learn how this integration can grow with you.\",\"breadcrumb\":{\"@id\":\"https:\\\/\\\/zenkit.com\\\/es\\\/integraciones\\\/123formbuilder\\\/#breadcrumb\"},\"inLanguage\":\"es\",\"potentialAction\":[{\"@type\":\"ReadAction\",\"target\":[\"https:\\\/\\\/zenkit.com\\\/es\\\/integraciones\\\/123formbuilder\\\/\"]}]},{\"@type\":\"ImageObject\",\"inLanguage\":\"es\",\"@id\":\"https:\\\/\\\/zenkit.com\\\/es\\\/integraciones\\\/123formbuilder\\\/#primaryimage\",\"url\":\"https:\\\/\\\/zenkit.com\\\/wp-content\\\/uploads\\\/2025\\\/07\\\/123FormBuilder-logo-1.png\",\"contentUrl\":\"https:\\\/\\\/zenkit.com\\\/wp-content\\\/uploads\\\/2025\\\/07\\\/123FormBuilder-logo-1.png\"},{\"@type\":\"BreadcrumbList\",\"@id\":\"https:\\\/\\\/zenkit.com\\\/es\\\/integraciones\\\/123formbuilder\\\/#breadcrumb\",\"itemListElement\":[{\"@type\":\"ListItem\",\"position\":1,\"name\":\"Home\",\"item\":\"https:\\\/\\\/zenkit.com\\\/es\\\/\"},{\"@type\":\"ListItem\",\"position\":2,\"name\":\"Integraciones\",\"item\":\"https:\\\/\\\/zenkit.com\\\/es\\\/integraciones\\\/\"},{\"@type\":\"ListItem\",\"position\":3,\"name\":\"123FormBuilder\"}]},{\"@type\":\"WebSite\",\"@id\":\"https:\\\/\\\/zenkit.com\\\/es\\\/#website\",\"url\":\"https:\\\/\\\/zenkit.com\\\/es\\\/\",\"name\":\"Zenkit\",\"description\":\"Zenkit Tagline\",\"potentialAction\":[{\"@type\":\"SearchAction\",\"target\":{\"@type\":\"EntryPoint\",\"urlTemplate\":\"https:\\\/\\\/zenkit.com\\\/es\\\/?s={search_term_string}\"},\"query-input\":{\"@type\":\"PropertyValueSpecification\",\"valueRequired\":true,\"valueName\":\"search_term_string\"}}],\"inLanguage\":\"es\"},false]}<\/script>\n<!-- \/ Yoast SEO plugin. -->","yoast_head_json":{"title":"123FormBuilder | Zenkit","description":"Zenkit's integration with 123FormBuilder allows you to manage collected data more efficiently. Learn how this integration can grow with you.","robots":{"index":"index","follow":"follow","max-snippet":"max-snippet:-1","max-image-preview":"max-image-preview:large","max-video-preview":"max-video-preview:-1"},"canonical":"https:\/\/zenkit.com\/es\/integraciones\/123formbuilder\/","og_locale":"es_ES","og_type":"article","og_title":"123FormBuilder | Zenkit","og_description":"Zenkit's integration with 123FormBuilder allows you to manage collected data more efficiently. Learn how this integration can grow with you.","og_url":"https:\/\/zenkit.com\/es\/integraciones\/123formbuilder\/","og_site_name":"Zenkit","article_publisher":"https:\/\/www.facebook.com\/ZenkitHQ","article_modified_time":"2025-11-04T05:53:11+00:00","og_image":[{"url":"https:\/\/zenkit.com\/wp-content\/uploads\/2025\/07\/123FormBuilder-logo-1.png","type":"","width":"","height":""}],"twitter_card":"summary_large_image","twitter_site":"@ZenkitHQ","twitter_misc":{"Tiempo de lectura":"2 minutos"},"schema":{"@context":"https:\/\/schema.org","@graph":[{"@type":"WebPage","@id":"https:\/\/zenkit.com\/es\/integraciones\/123formbuilder\/","url":"https:\/\/zenkit.com\/es\/integraciones\/123formbuilder\/","name":"123FormBuilder | Zenkit","isPartOf":{"@id":"https:\/\/zenkit.com\/es\/#website"},"primaryImageOfPage":{"@id":"https:\/\/zenkit.com\/es\/integraciones\/123formbuilder\/#primaryimage"},"image":{"@id":"https:\/\/zenkit.com\/es\/integraciones\/123formbuilder\/#primaryimage"},"thumbnailUrl":"https:\/\/zenkit.com\/wp-content\/uploads\/2025\/07\/123FormBuilder-logo-1.png","datePublished":"2019-06-06T13:41:21+00:00","dateModified":"2025-11-04T05:53:11+00:00","description":"Zenkit's integration with 123FormBuilder allows you to manage collected data more efficiently. Learn how this integration can grow with you.","breadcrumb":{"@id":"https:\/\/zenkit.com\/es\/integraciones\/123formbuilder\/#breadcrumb"},"inLanguage":"es","potentialAction":[{"@type":"ReadAction","target":["https:\/\/zenkit.com\/es\/integraciones\/123formbuilder\/"]}]},{"@type":"ImageObject","inLanguage":"es","@id":"https:\/\/zenkit.com\/es\/integraciones\/123formbuilder\/#primaryimage","url":"https:\/\/zenkit.com\/wp-content\/uploads\/2025\/07\/123FormBuilder-logo-1.png","contentUrl":"https:\/\/zenkit.com\/wp-content\/uploads\/2025\/07\/123FormBuilder-logo-1.png"},{"@type":"BreadcrumbList","@id":"https:\/\/zenkit.com\/es\/integraciones\/123formbuilder\/#breadcrumb","itemListElement":[{"@type":"ListItem","position":1,"name":"Home","item":"https:\/\/zenkit.com\/es\/"},{"@type":"ListItem","position":2,"name":"Integraciones","item":"https:\/\/zenkit.com\/es\/integraciones\/"},{"@type":"ListItem","position":3,"name":"123FormBuilder"}]},{"@type":"WebSite","@id":"https:\/\/zenkit.com\/es\/#website","url":"https:\/\/zenkit.com\/es\/","name":"Zenkit","description":"Zenkit Tagline","potentialAction":[{"@type":"SearchAction","target":{"@type":"EntryPoint","urlTemplate":"https:\/\/zenkit.com\/es\/?s={search_term_string}"},"query-input":{"@type":"PropertyValueSpecification","valueRequired":true,"valueName":"search_term_string"}}],"inLanguage":"es"},false]}},"yasr_visitor_votes":{"stars_attributes":{"read_only":false,"span_bottom":false},"number_of_votes":0,"sum_votes":0},"_links":{"self":[{"href":"https:\/\/zenkit.com\/es\/wp-json\/wp\/v2\/pages\/61731","targetHints":{"allow":["GET"]}}],"collection":[{"href":"https:\/\/zenkit.com\/es\/wp-json\/wp\/v2\/pages"}],"about":[{"href":"https:\/\/zenkit.com\/es\/wp-json\/wp\/v2\/types\/page"}],"author":[{"embeddable":true,"href":"https:\/\/zenkit.com\/es\/wp-json\/wp\/v2\/users\/15"}],"replies":[{"embeddable":true,"href":"https:\/\/zenkit.com\/es\/wp-json\/wp\/v2\/comments?post=61731"}],"version-history":[{"count":2,"href":"https:\/\/zenkit.com\/es\/wp-json\/wp\/v2\/pages\/61731\/revisions"}],"predecessor-version":[{"id":131591,"href":"https:\/\/zenkit.com\/es\/wp-json\/wp\/v2\/pages\/61731\/revisions\/131591"}],"up":[{"embeddable":true,"href":"https:\/\/zenkit.com\/es\/wp-json\/wp\/v2\/pages\/127380"}],"wp:attachment":[{"href":"https:\/\/zenkit.com\/es\/wp-json\/wp\/v2\/media?parent=61731"}],"curies":[{"name":"wp","href":"https:\/\/api.w.org\/{rel}","templated":true}]}}