{"id":62020,"date":"2019-12-10T14:30:03","date_gmt":"2019-12-10T13:30:03","guid":{"rendered":"https:\/\/zenkit.com\/base\/integraciones\/clicdata\/"},"modified":"2025-11-23T16:03:28","modified_gmt":"2025-11-23T15:03:28","slug":"clicdata","status":"publish","type":"page","link":"https:\/\/zenkit.com\/es\/integraciones\/clicdata\/","title":{"rendered":"ClicData"},"content":{"rendered":"\n<div style=\"height:45px;--tablet-height:45px;--mobile-height:16px\" class=\"wp-block-lookeen-blocks-responsive-spacer\"><\/div>\n\n\n\n<div class=\"wp-block-group has-global-padding is-layout-constrained wp-block-group-is-layout-constrained\">\n<div class=\"wp-block-columns is-layout-flex wp-container-core-columns-is-layout-467d341d wp-block-columns-is-layout-flex\" id=\"main__integrations\" style=\"margin-top:0px;margin-bottom:0px\">\n<div class=\"wp-block-column side__bar__integrations is-layout-flow wp-block-column-is-layout-flow\" style=\"flex-basis:23%\">\n<h2 class=\"wp-block-heading has-da-blue-color-new has-text-color has-link-color wp-elements-7a18c382591dc1bd989a2de37f87232d\" style=\"margin-top:0px;margin-bottom:0px;font-size:16px;line-height:1.5\">Integraciones<\/h2>\n\n\n<nav class=\"is-vertical integrations__menu wp-block-navigation is-layout-flex wp-container-core-navigation-is-layout-5f9f5280 wp-block-navigation-is-layout-flex\" aria-label=\"es-integrations-dashboards-reports\"><ul class=\"wp-block-navigation__container  is-vertical integrations__menu wp-block-navigation\"><li class=\" wp-block-navigation-item wp-block-navigation-link\"><a class=\"wp-block-navigation-item__content\"  href=\"https:\/\/zenkit.com\/es\/integraciones\/clicdata\/\"><span class=\"wp-block-navigation-item__label\">ClicData<\/span><\/a><\/li><li class=\" wp-block-navigation-item wp-block-navigation-link\"><a class=\"wp-block-navigation-item__content\"  href=\"https:\/\/zenkit.com\/es\/integraciones\/status-hero\/\"><span class=\"wp-block-navigation-item__label\">Status Hero<\/span><\/a><\/li><\/ul><\/nav><\/div>\n\n\n\n<div class=\"wp-block-column content__integrations is-layout-flow wp-block-column-is-layout-flow\" style=\"flex-basis:77%\">\n<div class=\"wp-block-group has-global-padding is-layout-constrained wp-block-group-is-layout-constrained\">\n<div class=\"wp-block-group title is-layout-flex wp-container-core-group-is-layout-ed4b00df wp-block-group-is-layout-flex\">\n<figure class=\"wp-block-image size-full is-resized\"><img loading=\"lazy\" decoding=\"async\" width=\"1024\" height=\"1024\" src=\"https:\/\/zenkit.com\/wp-content\/uploads\/2025\/07\/Clicdata_Logo-Icon.webp\" alt=\"\" class=\"wp-image-117819\" style=\"width:auto;height:46px\" srcset=\"https:\/\/zenkit.com\/wp-content\/uploads\/2025\/07\/Clicdata_Logo-Icon.webp 1024w, https:\/\/zenkit.com\/wp-content\/uploads\/2025\/07\/Clicdata_Logo-Icon-300x300.webp 300w, https:\/\/zenkit.com\/wp-content\/uploads\/2025\/07\/Clicdata_Logo-Icon-150x150.webp 150w, https:\/\/zenkit.com\/wp-content\/uploads\/2025\/07\/Clicdata_Logo-Icon-768x768.webp 768w\" sizes=\"auto, (max-width: 1024px) 100vw, 1024px\" \/><\/figure>\n\n\n\n<h1 class=\"wp-block-heading\">ClicData &amp; Zenkit<\/h1>\n<\/div>\n\n\n\n<div class=\"wp-block-group has-global-padding is-layout-constrained wp-block-group-is-layout-constrained\">\n<h3 class=\"wp-block-heading display-h2\">Conecte sus cuentas de Zenkit y ClicData<\/h3>\n\n\n\n<p>Si usted est\u00e1 construyendo una base de datos usando Zenkit y est\u00e1 buscando una soluci\u00f3n de reporte para visualizar esos datos, la integraci\u00f3n entre Zenkit y ClicData puede ser lo que usted ha estado buscando.<\/p>\n\n\n\n<p>Independientemente de si los datos que almacen\u00f3 en Zenkit son cifras de ventas, fechas de facturaci\u00f3n o incluso detalles geogr\u00e1ficos, puede crear f\u00e1cilmente un tablero personalizado para mostrarlos. Esto puede ayudarle a traer nuevas ideas a sus datos y le permitir\u00e1 analizarlos de una manera diferente.<\/p>\n\n\n\n<p>Algo genial acerca de esta integraci\u00f3n es que despu\u00e9s de haber construido la conexi\u00f3n para enviar los datos Zenkit a ClicData \u00a1estos correran automaticamente al actualizar su reporte con la mayor informaci\u00f3n actualizada!<\/p>\n<\/div>\n\n\n\n<div style=\"height:48px;--tablet-height:36px;--mobile-height:24px\" class=\"wp-block-lookeen-blocks-responsive-spacer\"><\/div>\n<\/div>\n\n\n\n<div class=\"wp-block-group has-global-padding is-layout-constrained wp-block-group-is-layout-constrained\">\n<figure class=\"wp-block-video\"><video controls src=\"https:\/\/zenkit.com\/wp-content\/uploads\/2019\/12\/Dashboard_reporting.mp4\"><\/video><\/figure>\n<\/div>\n\n\n\n<div style=\"height:48px;--tablet-height:36px;--mobile-height:24px\" class=\"wp-block-lookeen-blocks-responsive-spacer\"><\/div>\n\n\n\n<div class=\"wp-block-group has-global-padding is-layout-constrained wp-block-group-is-layout-constrained\">\n<h3 class=\"wp-block-heading display-h2\">Acerca ClicData: Tablero y Software de Informes<\/h3>\n\n\n\n<p><a href=\"https:\/\/www.clicdata.com\/\">ClicData<\/a>&nbsp;es un negocio inteligente de base en la nube y una plataforma de administraci\u00f3n de datos. Tiene todo lo que usted necesite para los reportes de su negocio, incluyendo:<\/p>\n\n\n\n<ul class=\"wp-block-list is-style-da-left-indent\">\n<li>Conexi\u00f3n de datos: Conecte datos desde m\u00e1s de 250 fuentes de datos &nbsp;usando conectores o a trav\u00e9s de API.<\/li>\n\n\n\n<li>Administraci\u00f3n de datos: Centralice sus datos en un almac\u00e9n de datos incorporados y convertirlos con las caracter\u00edsticas, Extraer, Transformar y Cargar (ETL por sus siglas en Ingl\u00e9s).<\/li>\n\n\n\n<li>Automatizaci\u00f3n: Establezca sus horarios de datos actualizados y alertas una sola vez. Despu\u00e9s no se tendr\u00e1 que preocupar de eso nuevamente.<\/li>\n\n\n\n<li>Visualizaci\u00f3n de datos: Realice tableros interactivos con una caracter\u00edstica de dise\u00f1o de tablero de arrastrar y soltar, y m\u00e1s de 70 widgets.<\/li>\n\n\n\n<li>Colaboraci\u00f3n: Comparta su tableros en vivo con su equipo y clientes con un simple enlace o con correos electr\u00f3nicos automatizados.<\/li>\n<\/ul>\n\n\n\n<p>Para m\u00e1s informaci\u00f3n acerca de este tablero y software de informes, registrese a un periodo de prueba gratuito de ClicData aqu\u00ed:&nbsp;<a href=\"https:\/\/app.clicdata.com\/signup\">https:\/\/app.clicdata.com\/signup<\/a>.<\/p>\n<\/div>\n\n\n\n<div style=\"height:48px;--tablet-height:36px;--mobile-height:24px\" class=\"wp-block-lookeen-blocks-responsive-spacer\"><\/div>\n\n\n\n<div class=\"wp-block-group has-global-padding is-layout-constrained wp-block-group-is-layout-constrained\">\n<h3 class=\"wp-block-heading display-h2\">Acerca de Zenkit: Administrador de Proyectos En L\u00ednea<\/h3>\n\n\n\n<p><a href=\"https:\/\/zenkit.com\/\">Zenkit<\/a>&nbsp;es una herramienta amigable para usuarios, es colaborativa para la administraci\u00f3n de proyectos, generadora de base de datos y mucho m\u00e1s. Esta le permite cambiar vistas (tablas, listas to-do, Kanban, calendarios y mapas mentales) con un solo clic. Usted puede compartir su trabajo en l\u00ednea con publicar e integrar collections, y construir integraciones con nuestra documentada API. Zenkit es suficientemente flexible para adaptarse a cualquier flujo de trabajo y bastante poderosa para manejar su negocio. Cree una cuenta gratuita:&nbsp;<a href=\"https:\/\/app.zenkit.com\/register\">https:\/\/app.zenkit.com\/register<\/a>.<\/p>\n<\/div>\n\n\n\n<div style=\"height:48px;--tablet-height:36px;--mobile-height:24px\" class=\"wp-block-lookeen-blocks-responsive-spacer\"><\/div>\n\n\n\n<div class=\"wp-block-group has-global-padding is-layout-constrained wp-block-group-is-layout-constrained\">\n<h3 class=\"wp-block-heading display-h2\">\u00bfC\u00f3mo conectar ClicData y Zenkit?<\/h3>\n\n\n\n<p>\u00a1Esta integraci\u00f3n incluye solo dos pasos!<\/p>\n\n\n\n<p><strong>Paso 1<\/strong>: Env\u00ede datos autom\u00e1ticamente desde una collection Zenkit a Google Sheets via Zapier.<\/p>\n\n\n\n<div class=\"wp-block-group has-global-padding is-layout-constrained wp-block-group-is-layout-constrained\">\n<iframe style=\"width: 100%; min-height: 500px; background: transparent; border: 1px solid #ccc;\" src=\"https:\/\/public.zenkit.com\/c\/7_m8erU4O\/invoices?v=34Mwc4itbW\" allowfullscreen=\"allowfullscreen\"><a href=\"https:\/\/public.zenkit.com\/c\/7_m8erU4O\/invoices?v=34Mwc4itbW\" target=\"_blank\">Your browser doesn&#8217;t support iframes. Click here to open the content in a new tab.<\/a><\/iframe>\n<\/div>\n\n\n\n<div style=\"height:48px;--tablet-height:36px;--mobile-height:24px\" class=\"wp-block-lookeen-blocks-responsive-spacer\"><\/div>\n\n\n\n<div class=\"wp-block-group has-global-padding is-layout-constrained wp-block-group-is-layout-constrained\">\n<figure class=\"wp-block-image size-large\"><img loading=\"lazy\" decoding=\"async\" width=\"1024\" height=\"487\" src=\"https:\/\/zenkit.com\/wp-content\/uploads\/2025\/07\/Googlesheets-1024x487.webp\" alt=\"\" class=\"wp-image-117837\" srcset=\"https:\/\/zenkit.com\/wp-content\/uploads\/2025\/07\/Googlesheets-1024x487.webp 1024w, https:\/\/zenkit.com\/wp-content\/uploads\/2025\/07\/Googlesheets-300x143.webp 300w, https:\/\/zenkit.com\/wp-content\/uploads\/2025\/07\/Googlesheets-768x366.webp 768w, https:\/\/zenkit.com\/wp-content\/uploads\/2025\/07\/Googlesheets-1536x731.webp 1536w, https:\/\/zenkit.com\/wp-content\/uploads\/2025\/07\/Googlesheets.webp 1920w\" sizes=\"auto, (max-width: 1024px) 100vw, 1024px\" \/><\/figure>\n<\/div>\n\n\n\n<div style=\"height:48px;--tablet-height:36px;--mobile-height:24px\" class=\"wp-block-lookeen-blocks-responsive-spacer\"><\/div>\n\n\n\n<ul class=\"wp-block-list is-style-da-left-indent\">\n<li>Cree un campo de casilla en su collection de Zenkit. En este ejemplo de collection, lo hemos llamado \u201cSync to Google Sheets\u201d.<\/li>\n\n\n\n<li>Reg\u00edstrese con su cuenta de&nbsp;<a href=\"https:\/\/www.google.com\/sheets\/about\/\">Google Sheets<\/a>&nbsp;y cree una hoja con las mismas columnas que su collection de Zenkit.<\/li>\n\n\n\n<li><a href=\"https:\/\/zapier.com\/sign-up\/\">Reg\u00edstrese&nbsp;<\/a>a una cuenta de Zapier y&nbsp;<a href=\"https:\/\/zapier.com\/app\/editor\/\">haga una Zapier Zap<\/a>. Por favor siga las instrucciones en la p\u00e1gina de configuraci\u00f3n (nota: escoja \u201cItem value changed\u201d como la acci\u00f3n Zenkit y escoja \u201cUpdate spreadsheet row\u201d como la acci\u00f3n de Google Sheets).<\/li>\n\n\n\n<li>Despu\u00e9s de que inicie Zap, para cualquier casilla que escoja en su collection de Zenkit, los detalles de estos items ser\u00e1n enviados actualizados o creados en una nueva hilera en Google Sheets.<\/li>\n<\/ul>\n\n\n\n<div style=\"height:48px;--tablet-height:36px;--mobile-height:24px\" class=\"wp-block-lookeen-blocks-responsive-spacer\"><\/div>\n\n\n\n<p><strong>Paso 2<\/strong>: Conecte Google Sheets con ClicData.<\/p>\n\n\n\n<div class=\"wp-block-group has-global-padding is-layout-constrained wp-block-group-is-layout-constrained\">\n<iframe src=\"https:\/\/marketplace.clicdata.com\/v\/Zenkit\" width=\"100%\" style=\"height:500px;\"><\/iframe>\n<\/div>\n\n\n\n<div style=\"height:48px;--tablet-height:36px;--mobile-height:24px\" class=\"wp-block-lookeen-blocks-responsive-spacer\"><\/div>\n\n\n\n<ul class=\"wp-block-list is-style-da-left-indent\">\n<li><a href=\"https:\/\/app.clicdata.com\/signup\">Reg\u00edstrese<\/a>&nbsp;a una cuenta de ClicData.<\/li>\n\n\n\n<li>A\u00f1ada el documento de Google Sheets como la fuente de datos de ClicData y cree un tablero customizado.<\/li>\n<\/ul>\n<\/div>\n\n\n\n<div style=\"height:48px;--tablet-height:36px;--mobile-height:24px\" class=\"wp-block-lookeen-blocks-responsive-spacer\"><\/div>\n\n\n\n<div class=\"wp-block-group has-global-padding is-layout-constrained wp-block-group-is-layout-constrained\">\n<h3 class=\"wp-block-heading display-h2\">\u00bfQui\u00e9n se va a beneficiar de esta integraci\u00f3n de ClicData y Zenkit<\/h3>\n\n\n\n<ul class=\"wp-block-list is-style-da-left-indent\">\n<li>Administradores de proyectos que deseen f\u00e1cilmente construir reportes visualizados e interactivos con datos almacenados en Zenkit.<\/li>\n\n\n\n<li>Analistas que quieran optimizar sus tableros de negocios para poder obtener an\u00e1lisis precisos y a detalle.<\/li>\n<\/ul>\n<\/div>\n\n\n\n<div style=\"height:48px;--tablet-height:36px;--mobile-height:24px\" class=\"wp-block-lookeen-blocks-responsive-spacer\"><\/div>\n\n\n\n<div class=\"wp-block-group has-global-padding is-layout-constrained wp-block-group-is-layout-constrained\">\n<h3 class=\"wp-block-heading display-h2\">Detalles de Integraci\u00f3n Adicionales<\/h3>\n\n\n\n<ul class=\"wp-block-list is-style-da-left-indent\">\n<li>Respaldado por Zapier: Por favor contacte con el&nbsp;<a href=\"https:\/\/zapier.com\/help\/contact-us\/\">servicio t\u00e9cnico de Zapier<\/a>, si usted experimenta cualquier problema<\/li>\n\n\n\n<li>Para m\u00e1s informaci\u00f3n sobre c\u00f3mo utilizar Zenkit con Zapier, por favor lea nuestra&nbsp;<a href=\"https:\/\/zenkit.com\/documentation#\/lists\/HJQBQ1Hw\/sections\/SJYE55zA\/entries\/BJGOKQtA?_k=hyyynn\">documentaci\u00f3n<\/a>.<\/li>\n\n\n\n<li>Puede dar clic&nbsp;<a href=\"https:\/\/public.zenkit.com\/c\/7_m8erU4O\/invoices?v=34Mwc4itbW\">aqu\u00ed&nbsp;<\/a>para ver el ejemplo de una collection de Zenkit y de clic&nbsp;<a href=\"https:\/\/marketplace.clicdata.com\/v\/Zenkit\">aqu\u00ed&nbsp;<\/a>para un ejemplo de un tablero de ClicData.<\/li>\n<\/ul>\n<\/div>\n<\/div>\n<\/div>\n<\/div>\n\n\n\n<div style=\"height:110px;--tablet-height:60px;--mobile-height:48px\" class=\"wp-block-lookeen-blocks-responsive-spacer\"><\/div>\n","protected":false},"excerpt":{"rendered":"<p>Integraciones ClicData &amp; Zenkit Conecte sus cuentas de Zenkit y ClicData Si usted est\u00e1 construyendo una base de datos usando Zenkit y est\u00e1 buscando una soluci\u00f3n de reporte para visualizar esos datos, la integraci\u00f3n entre Zenkit y ClicData puede ser lo que usted ha estado buscando. Independientemente de si los datos que almacen\u00f3 en Zenkit [&hellip;]<\/p>\n","protected":false},"author":15,"featured_media":0,"parent":127380,"menu_order":39,"comment_status":"closed","ping_status":"closed","template":"","meta":{"yasr_overall_rating":0,"yasr_post_is_review":"","yasr_auto_insert_disabled":"","yasr_review_type":"","footnotes":""},"class_list":["post-62020","page","type-page","status-publish","hentry"],"yoast_head":"<!-- This site is optimized with the Yoast SEO plugin v27.3 - https:\/\/yoast.com\/product\/yoast-seo-wordpress\/ -->\n<title>ClicData | Zenkit<\/title>\n<meta name=\"description\" content=\"Zenkit&#039;s integration with ClicData allows you to easily visualize your Zenkit data in customized reports. Learn how this integration can grow with you.\" \/>\n<meta name=\"robots\" content=\"index, follow, max-snippet:-1, max-image-preview:large, max-video-preview:-1\" \/>\n<link rel=\"canonical\" href=\"https:\/\/zenkit.com\/es\/integraciones\/clicdata\/\" \/>\n<meta property=\"og:locale\" content=\"es_ES\" \/>\n<meta property=\"og:type\" content=\"article\" \/>\n<meta property=\"og:title\" content=\"ClicData | Zenkit\" \/>\n<meta property=\"og:description\" content=\"Zenkit&#039;s integration with ClicData allows you to easily visualize your Zenkit data in customized reports. Learn how this integration can grow with you.\" \/>\n<meta property=\"og:url\" content=\"https:\/\/zenkit.com\/es\/integraciones\/clicdata\/\" \/>\n<meta property=\"og:site_name\" content=\"Zenkit\" \/>\n<meta property=\"article:publisher\" content=\"https:\/\/www.facebook.com\/ZenkitHQ\" \/>\n<meta property=\"article:modified_time\" content=\"2025-11-23T15:03:28+00:00\" \/>\n<meta property=\"og:image\" content=\"https:\/\/zenkit.com\/wp-content\/uploads\/2025\/07\/Clicdata_Logo-Icon.webp\" \/>\n\t<meta property=\"og:image:width\" content=\"1024\" \/>\n\t<meta property=\"og:image:height\" content=\"1024\" \/>\n\t<meta property=\"og:image:type\" content=\"image\/webp\" \/>\n<meta name=\"twitter:card\" content=\"summary_large_image\" \/>\n<meta name=\"twitter:site\" content=\"@ZenkitHQ\" \/>\n<meta name=\"twitter:label1\" content=\"Tiempo de lectura\" \/>\n\t<meta name=\"twitter:data1\" content=\"37 minutos\" \/>\n<script type=\"application\/ld+json\" class=\"yoast-schema-graph\">{\"@context\":\"https:\\\/\\\/schema.org\",\"@graph\":[{\"@type\":\"WebPage\",\"@id\":\"https:\\\/\\\/zenkit.com\\\/es\\\/integraciones\\\/clicdata\\\/\",\"url\":\"https:\\\/\\\/zenkit.com\\\/es\\\/integraciones\\\/clicdata\\\/\",\"name\":\"ClicData | Zenkit\",\"isPartOf\":{\"@id\":\"https:\\\/\\\/zenkit.com\\\/es\\\/#website\"},\"primaryImageOfPage\":{\"@id\":\"https:\\\/\\\/zenkit.com\\\/es\\\/integraciones\\\/clicdata\\\/#primaryimage\"},\"image\":{\"@id\":\"https:\\\/\\\/zenkit.com\\\/es\\\/integraciones\\\/clicdata\\\/#primaryimage\"},\"thumbnailUrl\":\"https:\\\/\\\/zenkit.com\\\/wp-content\\\/uploads\\\/2025\\\/07\\\/Clicdata_Logo-Icon.webp\",\"datePublished\":\"2019-12-10T13:30:03+00:00\",\"dateModified\":\"2025-11-23T15:03:28+00:00\",\"description\":\"Zenkit's integration with ClicData allows you to easily visualize your Zenkit data in customized reports. Learn how this integration can grow with you.\",\"breadcrumb\":{\"@id\":\"https:\\\/\\\/zenkit.com\\\/es\\\/integraciones\\\/clicdata\\\/#breadcrumb\"},\"inLanguage\":\"es\",\"potentialAction\":[{\"@type\":\"ReadAction\",\"target\":[\"https:\\\/\\\/zenkit.com\\\/es\\\/integraciones\\\/clicdata\\\/\"]}]},{\"@type\":\"ImageObject\",\"inLanguage\":\"es\",\"@id\":\"https:\\\/\\\/zenkit.com\\\/es\\\/integraciones\\\/clicdata\\\/#primaryimage\",\"url\":\"https:\\\/\\\/zenkit.com\\\/wp-content\\\/uploads\\\/2025\\\/07\\\/Clicdata_Logo-Icon.webp\",\"contentUrl\":\"https:\\\/\\\/zenkit.com\\\/wp-content\\\/uploads\\\/2025\\\/07\\\/Clicdata_Logo-Icon.webp\"},{\"@type\":\"BreadcrumbList\",\"@id\":\"https:\\\/\\\/zenkit.com\\\/es\\\/integraciones\\\/clicdata\\\/#breadcrumb\",\"itemListElement\":[{\"@type\":\"ListItem\",\"position\":1,\"name\":\"Home\",\"item\":\"https:\\\/\\\/zenkit.com\\\/es\\\/\"},{\"@type\":\"ListItem\",\"position\":2,\"name\":\"Integraciones\",\"item\":\"https:\\\/\\\/zenkit.com\\\/es\\\/integraciones\\\/\"},{\"@type\":\"ListItem\",\"position\":3,\"name\":\"ClicData\"}]},{\"@type\":\"WebSite\",\"@id\":\"https:\\\/\\\/zenkit.com\\\/es\\\/#website\",\"url\":\"https:\\\/\\\/zenkit.com\\\/es\\\/\",\"name\":\"Zenkit\",\"description\":\"Zenkit Tagline\",\"potentialAction\":[{\"@type\":\"SearchAction\",\"target\":{\"@type\":\"EntryPoint\",\"urlTemplate\":\"https:\\\/\\\/zenkit.com\\\/es\\\/?s={search_term_string}\"},\"query-input\":{\"@type\":\"PropertyValueSpecification\",\"valueRequired\":true,\"valueName\":\"search_term_string\"}}],\"inLanguage\":\"es\"},false]}<\/script>\n<!-- \/ Yoast SEO plugin. -->","yoast_head_json":{"title":"ClicData | Zenkit","description":"Zenkit's integration with ClicData allows you to easily visualize your Zenkit data in customized reports. Learn how this integration can grow with you.","robots":{"index":"index","follow":"follow","max-snippet":"max-snippet:-1","max-image-preview":"max-image-preview:large","max-video-preview":"max-video-preview:-1"},"canonical":"https:\/\/zenkit.com\/es\/integraciones\/clicdata\/","og_locale":"es_ES","og_type":"article","og_title":"ClicData | Zenkit","og_description":"Zenkit's integration with ClicData allows you to easily visualize your Zenkit data in customized reports. Learn how this integration can grow with you.","og_url":"https:\/\/zenkit.com\/es\/integraciones\/clicdata\/","og_site_name":"Zenkit","article_publisher":"https:\/\/www.facebook.com\/ZenkitHQ","article_modified_time":"2025-11-23T15:03:28+00:00","og_image":[{"width":1024,"height":1024,"url":"https:\/\/zenkit.com\/wp-content\/uploads\/2025\/07\/Clicdata_Logo-Icon.webp","type":"image\/webp"}],"twitter_card":"summary_large_image","twitter_site":"@ZenkitHQ","twitter_misc":{"Tiempo de lectura":"37 minutos"},"schema":{"@context":"https:\/\/schema.org","@graph":[{"@type":"WebPage","@id":"https:\/\/zenkit.com\/es\/integraciones\/clicdata\/","url":"https:\/\/zenkit.com\/es\/integraciones\/clicdata\/","name":"ClicData | Zenkit","isPartOf":{"@id":"https:\/\/zenkit.com\/es\/#website"},"primaryImageOfPage":{"@id":"https:\/\/zenkit.com\/es\/integraciones\/clicdata\/#primaryimage"},"image":{"@id":"https:\/\/zenkit.com\/es\/integraciones\/clicdata\/#primaryimage"},"thumbnailUrl":"https:\/\/zenkit.com\/wp-content\/uploads\/2025\/07\/Clicdata_Logo-Icon.webp","datePublished":"2019-12-10T13:30:03+00:00","dateModified":"2025-11-23T15:03:28+00:00","description":"Zenkit's integration with ClicData allows you to easily visualize your Zenkit data in customized reports. Learn how this integration can grow with you.","breadcrumb":{"@id":"https:\/\/zenkit.com\/es\/integraciones\/clicdata\/#breadcrumb"},"inLanguage":"es","potentialAction":[{"@type":"ReadAction","target":["https:\/\/zenkit.com\/es\/integraciones\/clicdata\/"]}]},{"@type":"ImageObject","inLanguage":"es","@id":"https:\/\/zenkit.com\/es\/integraciones\/clicdata\/#primaryimage","url":"https:\/\/zenkit.com\/wp-content\/uploads\/2025\/07\/Clicdata_Logo-Icon.webp","contentUrl":"https:\/\/zenkit.com\/wp-content\/uploads\/2025\/07\/Clicdata_Logo-Icon.webp"},{"@type":"BreadcrumbList","@id":"https:\/\/zenkit.com\/es\/integraciones\/clicdata\/#breadcrumb","itemListElement":[{"@type":"ListItem","position":1,"name":"Home","item":"https:\/\/zenkit.com\/es\/"},{"@type":"ListItem","position":2,"name":"Integraciones","item":"https:\/\/zenkit.com\/es\/integraciones\/"},{"@type":"ListItem","position":3,"name":"ClicData"}]},{"@type":"WebSite","@id":"https:\/\/zenkit.com\/es\/#website","url":"https:\/\/zenkit.com\/es\/","name":"Zenkit","description":"Zenkit Tagline","potentialAction":[{"@type":"SearchAction","target":{"@type":"EntryPoint","urlTemplate":"https:\/\/zenkit.com\/es\/?s={search_term_string}"},"query-input":{"@type":"PropertyValueSpecification","valueRequired":true,"valueName":"search_term_string"}}],"inLanguage":"es"},false]}},"yasr_visitor_votes":{"stars_attributes":{"read_only":false,"span_bottom":false},"number_of_votes":0,"sum_votes":0},"_links":{"self":[{"href":"https:\/\/zenkit.com\/es\/wp-json\/wp\/v2\/pages\/62020","targetHints":{"allow":["GET"]}}],"collection":[{"href":"https:\/\/zenkit.com\/es\/wp-json\/wp\/v2\/pages"}],"about":[{"href":"https:\/\/zenkit.com\/es\/wp-json\/wp\/v2\/types\/page"}],"author":[{"embeddable":true,"href":"https:\/\/zenkit.com\/es\/wp-json\/wp\/v2\/users\/15"}],"replies":[{"embeddable":true,"href":"https:\/\/zenkit.com\/es\/wp-json\/wp\/v2\/comments?post=62020"}],"version-history":[{"count":4,"href":"https:\/\/zenkit.com\/es\/wp-json\/wp\/v2\/pages\/62020\/revisions"}],"predecessor-version":[{"id":174702,"href":"https:\/\/zenkit.com\/es\/wp-json\/wp\/v2\/pages\/62020\/revisions\/174702"}],"up":[{"embeddable":true,"href":"https:\/\/zenkit.com\/es\/wp-json\/wp\/v2\/pages\/127380"}],"wp:attachment":[{"href":"https:\/\/zenkit.com\/es\/wp-json\/wp\/v2\/media?parent=62020"}],"curies":[{"name":"wp","href":"https:\/\/api.w.org\/{rel}","templated":true}]}}