{"id":62294,"date":"2021-04-20T11:43:06","date_gmt":"2021-04-20T09:43:06","guid":{"rendered":"https:\/\/zenkit.com\/find-a-partner\/"},"modified":"2025-11-04T06:53:11","modified_gmt":"2025-11-04T05:53:11","slug":"encuentra-un-socio","status":"publish","type":"page","link":"https:\/\/zenkit.com\/es\/encuentra-un-socio\/","title":{"rendered":"Find a Partner"},"content":{"rendered":"\n<div class=\"wp-block-group has-global-padding is-layout-constrained wp-container-core-group-is-layout-118822e0 wp-block-group-is-layout-constrained\">\n<div style=\"height:45px;--tablet-height:45px;--mobile-height:16px\" class=\"wp-block-lookeen-blocks-responsive-spacer\"><\/div>\n\n\n\n<h1 class=\"wp-block-heading has-text-align-center\" style=\"margin-top:0;margin-right:0;margin-bottom:8px;margin-left:0\">Encuentra un socio<\/h1>\n\n\n\n<p class=\"has-text-align-center is-style-subtext\" style=\"margin-top:0;margin-right:0;margin-bottom:0;margin-left:0\">Contacta con un socio consultor de Zenkit cerca de usted para optimizar el flujo de trabajo, recibir entrenamiento experto y m\u00e1s.<\/p>\n\n\n\n<div style=\"height:48px;--tablet-height:36px;--mobile-height:24px\" class=\"wp-block-lookeen-blocks-responsive-spacer\"><\/div>\n<\/div>\n\n\n\n<div class=\"wp-block-group has-global-padding is-layout-constrained wp-block-group-is-layout-constrained\">\n<div class=\"wp-block-group has-global-padding is-layout-constrained wp-block-group-is-layout-constrained\">\n<iframe style=\"width: 100%; min-height: 500px; background: transparent; border: 0; margin-bottom: 0px;\" src=\"https:\/\/public.zenkit.com\/c\/47-FTrcmfI\/zenkit-partner-directory?v=8bk6-5S0l0k&amp;hide=views,workspaceLists\" allowfullscreen=\"allowfullscreen\" class=\"border-radius--20\"><a href=\"https:\/\/public.zenkit.com\/c\/47-FTrcmfI\/zenkit-partner-directory?v=8bk6-5S0l0k&amp;hide=views,workspaceLists\" target=\"_blank\">Your browser doesn&#8217;t support iframes. Click here to open the content in a new tab.<\/a><\/iframe>\n<\/div>\n<\/div>\n\n\n\n<div style=\"height:110px;--tablet-height:60px;--mobile-height:48px\" class=\"wp-block-lookeen-blocks-responsive-spacer\"><\/div>\n\n\n\n<div class=\"wp-block-group has-global-padding is-layout-constrained wp-block-group-is-layout-constrained\">\n<div class=\"wp-block-columns is-layout-flex wp-container-core-columns-is-layout-2eb748b2 wp-block-columns-is-layout-flex\" style=\"margin-top:0px;margin-bottom:0px\">\n<div class=\"wp-block-column is-vertically-aligned-center is-layout-flow wp-block-column-is-layout-flow\">\n<figure class=\"wp-block-image size-full\"><img loading=\"lazy\" decoding=\"async\" width=\"1184\" height=\"600\" src=\"https:\/\/zenkit.com\/wp-content\/uploads\/2021\/05\/double-arrows-3.jpg\" alt=\"Observa detalles en un panel lateral\" class=\"wp-image-61888\" srcset=\"https:\/\/zenkit.com\/wp-content\/uploads\/2021\/05\/double-arrows-3.jpg 1184w, https:\/\/zenkit.com\/wp-content\/uploads\/2021\/05\/double-arrows-3-300x152.jpg 300w, https:\/\/zenkit.com\/wp-content\/uploads\/2021\/05\/double-arrows-3-1024x519.jpg 1024w, https:\/\/zenkit.com\/wp-content\/uploads\/2021\/05\/double-arrows-3-768x389.jpg 768w\" sizes=\"auto, (max-width: 1184px) 100vw, 1184px\" \/><\/figure>\n<\/div>\n\n\n\n<div class=\"wp-block-column is-vertically-aligned-center is-layout-flow wp-block-column-is-layout-flow\">\n<h2 class=\"wp-block-heading\">Observa detalles en un panel lateral<\/h2>\n\n\n\n<p>Haga clic en la flecha doble a lado del nombre de cada socio para expandir el \u00edtem y observar los detalles en un panel lateral.<\/p>\n<\/div>\n<\/div>\n\n\n\n<div style=\"height:88px;--tablet-height:66px;--mobile-height:46px\" class=\"wp-block-lookeen-blocks-responsive-spacer\"><\/div>\n\n\n\n<div class=\"wp-block-columns is-style-da-column-order-reverse is-layout-flex wp-container-core-columns-is-layout-2eb748b2 wp-block-columns-is-layout-flex\" style=\"margin-top:0px;margin-bottom:0px\">\n<div class=\"wp-block-column is-vertically-aligned-center is-layout-flow wp-block-column-is-layout-flow\">\n<h2 class=\"wp-block-heading\">Configurar un filtro<\/h2>\n\n\n\n<p>Puede hacer clic en el icono de filtro a lado del t\u00edtulo de la collection &gt; clic \u201cA\u00f1adir condici\u00f3n\u201d &gt; seleccione una o m\u00e1s campos para el filtro para lo que necesite.<\/p>\n\n\n\n<p>A\u00fan mejor, puede simplemente hacer clic en el nombre de cualquier columna en la tabla y seleccionar etiquetas para aplicar al filtro. Por el momento, si usted quiere encontrar socios que ofrezcan servicios en Ingl\u00e9s, solo haga clic en el campo de idioma y seleccione Ingl\u00e9s.<\/p>\n<\/div>\n\n\n\n<div class=\"wp-block-column is-vertically-aligned-center is-layout-flow wp-block-column-is-layout-flow\">\n<figure class=\"wp-block-image size-full\"><img loading=\"lazy\" decoding=\"async\" width=\"1184\" height=\"600\" src=\"https:\/\/zenkit.com\/wp-content\/uploads\/2021\/05\/filter-2.jpg\" alt=\"Configurar un filtro\" class=\"wp-image-61904\" srcset=\"https:\/\/zenkit.com\/wp-content\/uploads\/2021\/05\/filter-2.jpg 1184w, https:\/\/zenkit.com\/wp-content\/uploads\/2021\/05\/filter-2-300x152.jpg 300w, https:\/\/zenkit.com\/wp-content\/uploads\/2021\/05\/filter-2-1024x519.jpg 1024w, https:\/\/zenkit.com\/wp-content\/uploads\/2021\/05\/filter-2-768x389.jpg 768w\" sizes=\"auto, (max-width: 1184px) 100vw, 1184px\" \/><\/figure>\n<\/div>\n<\/div>\n<\/div>\n\n\n\n<div style=\"height:88px;--tablet-height:72px;--mobile-height:36px\" class=\"wp-block-lookeen-blocks-responsive-spacer\"><\/div>\n\n\n\n<div class=\"wp-block-group has-global-padding is-layout-constrained wp-container-core-group-is-layout-9235c805 wp-block-group-is-layout-constrained\">\n<h2 class=\"wp-block-heading has-text-align-center has-da-blue-color-new has-text-color has-link-color wp-elements-15fcf96d4b40b819abb821b5f967cf44\" style=\"margin-top:0;margin-right:0;margin-bottom:0;margin-left:0\">\u00a1Listo! Eso es todo lo que necesita.<\/h2>\n\n\n\n<p class=\"has-text-align-center is-style-default display-h2 has-da-grey-2-color has-text-color has-link-color wp-elements-9021e0653480a53b14e4db9b7b7441c5\" style=\"line-height:1.4\">\u00a1Env\u00ede su petici\u00f3n a un socio que le agrade y entren en contacto desde hoy!<\/p>\n<\/div>\n\n\n\n<div style=\"height:88px;--tablet-height:72px;--mobile-height:36px\" class=\"wp-block-lookeen-blocks-responsive-spacer\"><\/div>\n\n\n\n<div class=\"wp-block-group has-da-blue-light-background-color has-background has-global-padding is-layout-constrained wp-container-core-group-is-layout-9235c805 wp-block-group-is-layout-constrained\">\n<div style=\"height:80px;--tablet-height:64px;--mobile-height:35px\" class=\"wp-block-lookeen-blocks-responsive-spacer\"><\/div>\n\n\n\n<div class=\"wp-block-group has-global-padding is-layout-constrained wp-block-group-is-layout-constrained\">\n<h2 class=\"wp-block-heading has-text-align-center\">\u00bfEres un socio potencial?<\/h2>\n\n\n\n<p class=\"has-text-align-center\">\u00bfEres un experto en Zenkit? \u00bfSu negocio ofrece entrenamiento Zenkit o experiencia especializada que pueda beneficiar a los usuarios de Zenkit?<\/p>\n\n\n\n<p class=\"has-text-align-center\" style=\"margin-top:0;margin-right:0;margin-bottom:0;margin-left:0\">\u00a1Cont\u00e1ctanos para saber m\u00e1s de c\u00f3mo unirse a nuestra red!<\/p>\n<\/div>\n\n\n\n<div class=\"wp-block-group has-global-padding is-layout-constrained wp-block-group-is-layout-constrained\">\n<div style=\"height:48px;--tablet-height:36px;--mobile-height:24px\" class=\"wp-block-lookeen-blocks-responsive-spacer\"><\/div>\n<\/div>\n\n\n\n<div class=\"wp-block-buttons is-content-justification-center is-layout-flex wp-container-core-buttons-is-layout-f78c5dac wp-block-buttons-is-layout-flex\" style=\"margin-top:0px;margin-bottom:0px\">\n<div class=\"wp-block-button is-style-default\"><a class=\"wp-block-button__link wp-element-button\" href=\"https:\/\/zenkit.com\/es\/contact\/\">Contactar<\/a><\/div>\n<\/div>\n\n\n\n<div style=\"height:80px;--tablet-height:64px;--mobile-height:35px\" class=\"wp-block-lookeen-blocks-responsive-spacer\"><\/div>\n<\/div>\n","protected":false},"excerpt":{"rendered":"<p>Encuentra un socio Contacta con un socio consultor de Zenkit cerca de usted para optimizar el flujo de trabajo, recibir entrenamiento experto y m\u00e1s. Your browser doesn&#8217;t support iframes. Click here to open the content in a new tab. Observa detalles en un panel lateral Haga clic en la flecha doble a lado del nombre [&hellip;]<\/p>\n","protected":false},"author":28,"featured_media":0,"parent":0,"menu_order":23,"comment_status":"closed","ping_status":"closed","template":"","meta":{"yasr_overall_rating":0,"yasr_post_is_review":"","yasr_auto_insert_disabled":"","yasr_review_type":"","footnotes":""},"class_list":["post-62294","page","type-page","status-publish","hentry"],"yoast_head":"<!-- This site is optimized with the Yoast SEO plugin v27.3 - https:\/\/yoast.com\/product\/yoast-seo-wordpress\/ -->\n<title>Find a Partner | Zenkit<\/title>\n<meta name=\"description\" content=\"Our partner directory help you find a consulting partner near you to optimize workflows, receive expert coaching, and more.\" \/>\n<meta name=\"robots\" content=\"index, follow, max-snippet:-1, max-image-preview:large, max-video-preview:-1\" \/>\n<link rel=\"canonical\" href=\"https:\/\/zenkit.com\/es\/encuentra-un-socio\/\" \/>\n<meta property=\"og:locale\" content=\"es_ES\" \/>\n<meta property=\"og:type\" content=\"article\" \/>\n<meta property=\"og:title\" content=\"Find a Partner | Zenkit\" \/>\n<meta property=\"og:description\" content=\"Our partner directory help you find a consulting partner near you to optimize workflows, receive expert coaching, and more.\" \/>\n<meta property=\"og:url\" content=\"https:\/\/zenkit.com\/es\/encuentra-un-socio\/\" \/>\n<meta property=\"og:site_name\" content=\"Zenkit\" \/>\n<meta property=\"article:publisher\" content=\"https:\/\/www.facebook.com\/ZenkitHQ\" \/>\n<meta property=\"article:modified_time\" content=\"2025-11-04T05:53:11+00:00\" \/>\n<meta property=\"og:image\" content=\"https:\/\/zenkit.com\/wp-content\/uploads\/2023\/10\/zenkit-suite-hello-1024x809.jpg\" \/>\n<meta name=\"twitter:card\" content=\"summary_large_image\" \/>\n<meta name=\"twitter:site\" content=\"@ZenkitHQ\" \/>\n<meta name=\"twitter:label1\" content=\"Tiempo de lectura\" \/>\n\t<meta name=\"twitter:data1\" content=\"1 minuto\" \/>\n<script type=\"application\/ld+json\" class=\"yoast-schema-graph\">{\"@context\":\"https:\\\/\\\/schema.org\",\"@graph\":[{\"@type\":\"WebPage\",\"@id\":\"https:\\\/\\\/zenkit.com\\\/es\\\/encuentra-un-socio\\\/\",\"url\":\"https:\\\/\\\/zenkit.com\\\/es\\\/encuentra-un-socio\\\/\",\"name\":\"Find a Partner | Zenkit\",\"isPartOf\":{\"@id\":\"https:\\\/\\\/zenkit.com\\\/es\\\/#website\"},\"primaryImageOfPage\":{\"@id\":\"https:\\\/\\\/zenkit.com\\\/es\\\/encuentra-un-socio\\\/#primaryimage\"},\"image\":{\"@id\":\"https:\\\/\\\/zenkit.com\\\/es\\\/encuentra-un-socio\\\/#primaryimage\"},\"thumbnailUrl\":\"https:\\\/\\\/zenkit.com\\\/wp-content\\\/uploads\\\/2021\\\/05\\\/double-arrows-3.jpg\",\"datePublished\":\"2021-04-20T09:43:06+00:00\",\"dateModified\":\"2025-11-04T05:53:11+00:00\",\"description\":\"Our partner directory help you find a consulting partner near you to optimize workflows, receive expert coaching, and more.\",\"breadcrumb\":{\"@id\":\"https:\\\/\\\/zenkit.com\\\/es\\\/encuentra-un-socio\\\/#breadcrumb\"},\"inLanguage\":\"es\",\"potentialAction\":[{\"@type\":\"ReadAction\",\"target\":[\"https:\\\/\\\/zenkit.com\\\/es\\\/encuentra-un-socio\\\/\"]}]},{\"@type\":\"ImageObject\",\"inLanguage\":\"es\",\"@id\":\"https:\\\/\\\/zenkit.com\\\/es\\\/encuentra-un-socio\\\/#primaryimage\",\"url\":\"https:\\\/\\\/zenkit.com\\\/wp-content\\\/uploads\\\/2021\\\/05\\\/double-arrows-3.jpg\",\"contentUrl\":\"https:\\\/\\\/zenkit.com\\\/wp-content\\\/uploads\\\/2021\\\/05\\\/double-arrows-3.jpg\"},{\"@type\":\"BreadcrumbList\",\"@id\":\"https:\\\/\\\/zenkit.com\\\/es\\\/encuentra-un-socio\\\/#breadcrumb\",\"itemListElement\":[{\"@type\":\"ListItem\",\"position\":1,\"name\":\"Home\",\"item\":\"https:\\\/\\\/zenkit.com\\\/es\\\/\"},{\"@type\":\"ListItem\",\"position\":2,\"name\":\"Find a Partner\"}]},{\"@type\":\"WebSite\",\"@id\":\"https:\\\/\\\/zenkit.com\\\/es\\\/#website\",\"url\":\"https:\\\/\\\/zenkit.com\\\/es\\\/\",\"name\":\"Zenkit\",\"description\":\"Zenkit Tagline\",\"potentialAction\":[{\"@type\":\"SearchAction\",\"target\":{\"@type\":\"EntryPoint\",\"urlTemplate\":\"https:\\\/\\\/zenkit.com\\\/es\\\/?s={search_term_string}\"},\"query-input\":{\"@type\":\"PropertyValueSpecification\",\"valueRequired\":true,\"valueName\":\"search_term_string\"}}],\"inLanguage\":\"es\"},false]}<\/script>\n<!-- \/ Yoast SEO plugin. -->","yoast_head_json":{"title":"Find a Partner | Zenkit","description":"Our partner directory help you find a consulting partner near you to optimize workflows, receive expert coaching, and more.","robots":{"index":"index","follow":"follow","max-snippet":"max-snippet:-1","max-image-preview":"max-image-preview:large","max-video-preview":"max-video-preview:-1"},"canonical":"https:\/\/zenkit.com\/es\/encuentra-un-socio\/","og_locale":"es_ES","og_type":"article","og_title":"Find a Partner | Zenkit","og_description":"Our partner directory help you find a consulting partner near you to optimize workflows, receive expert coaching, and more.","og_url":"https:\/\/zenkit.com\/es\/encuentra-un-socio\/","og_site_name":"Zenkit","article_publisher":"https:\/\/www.facebook.com\/ZenkitHQ","article_modified_time":"2025-11-04T05:53:11+00:00","og_image":[{"url":"https:\/\/zenkit.com\/wp-content\/uploads\/2023\/10\/zenkit-suite-hello-1024x809.jpg","type":"","width":"","height":""}],"twitter_card":"summary_large_image","twitter_site":"@ZenkitHQ","twitter_misc":{"Tiempo de lectura":"1 minuto"},"schema":{"@context":"https:\/\/schema.org","@graph":[{"@type":"WebPage","@id":"https:\/\/zenkit.com\/es\/encuentra-un-socio\/","url":"https:\/\/zenkit.com\/es\/encuentra-un-socio\/","name":"Find a Partner | Zenkit","isPartOf":{"@id":"https:\/\/zenkit.com\/es\/#website"},"primaryImageOfPage":{"@id":"https:\/\/zenkit.com\/es\/encuentra-un-socio\/#primaryimage"},"image":{"@id":"https:\/\/zenkit.com\/es\/encuentra-un-socio\/#primaryimage"},"thumbnailUrl":"https:\/\/zenkit.com\/wp-content\/uploads\/2021\/05\/double-arrows-3.jpg","datePublished":"2021-04-20T09:43:06+00:00","dateModified":"2025-11-04T05:53:11+00:00","description":"Our partner directory help you find a consulting partner near you to optimize workflows, receive expert coaching, and more.","breadcrumb":{"@id":"https:\/\/zenkit.com\/es\/encuentra-un-socio\/#breadcrumb"},"inLanguage":"es","potentialAction":[{"@type":"ReadAction","target":["https:\/\/zenkit.com\/es\/encuentra-un-socio\/"]}]},{"@type":"ImageObject","inLanguage":"es","@id":"https:\/\/zenkit.com\/es\/encuentra-un-socio\/#primaryimage","url":"https:\/\/zenkit.com\/wp-content\/uploads\/2021\/05\/double-arrows-3.jpg","contentUrl":"https:\/\/zenkit.com\/wp-content\/uploads\/2021\/05\/double-arrows-3.jpg"},{"@type":"BreadcrumbList","@id":"https:\/\/zenkit.com\/es\/encuentra-un-socio\/#breadcrumb","itemListElement":[{"@type":"ListItem","position":1,"name":"Home","item":"https:\/\/zenkit.com\/es\/"},{"@type":"ListItem","position":2,"name":"Find a Partner"}]},{"@type":"WebSite","@id":"https:\/\/zenkit.com\/es\/#website","url":"https:\/\/zenkit.com\/es\/","name":"Zenkit","description":"Zenkit Tagline","potentialAction":[{"@type":"SearchAction","target":{"@type":"EntryPoint","urlTemplate":"https:\/\/zenkit.com\/es\/?s={search_term_string}"},"query-input":{"@type":"PropertyValueSpecification","valueRequired":true,"valueName":"search_term_string"}}],"inLanguage":"es"},false]}},"yasr_visitor_votes":{"stars_attributes":{"read_only":false,"span_bottom":false},"number_of_votes":0,"sum_votes":0},"_links":{"self":[{"href":"https:\/\/zenkit.com\/es\/wp-json\/wp\/v2\/pages\/62294","targetHints":{"allow":["GET"]}}],"collection":[{"href":"https:\/\/zenkit.com\/es\/wp-json\/wp\/v2\/pages"}],"about":[{"href":"https:\/\/zenkit.com\/es\/wp-json\/wp\/v2\/types\/page"}],"author":[{"embeddable":true,"href":"https:\/\/zenkit.com\/es\/wp-json\/wp\/v2\/users\/28"}],"replies":[{"embeddable":true,"href":"https:\/\/zenkit.com\/es\/wp-json\/wp\/v2\/comments?post=62294"}],"version-history":[{"count":1,"href":"https:\/\/zenkit.com\/es\/wp-json\/wp\/v2\/pages\/62294\/revisions"}],"predecessor-version":[{"id":132520,"href":"https:\/\/zenkit.com\/es\/wp-json\/wp\/v2\/pages\/62294\/revisions\/132520"}],"wp:attachment":[{"href":"https:\/\/zenkit.com\/es\/wp-json\/wp\/v2\/media?parent=62294"}],"curies":[{"name":"wp","href":"https:\/\/api.w.org\/{rel}","templated":true}]}}