{"id":62448,"date":"2019-03-20T09:14:44","date_gmt":"2019-03-20T08:14:44","guid":{"rendered":"https:\/\/zenkit.com\/security-practices\/"},"modified":"2025-11-04T06:53:11","modified_gmt":"2025-11-04T05:53:11","slug":"security-practices","status":"publish","type":"page","link":"https:\/\/zenkit.com\/es\/security-practices\/","title":{"rendered":"Security Practices"},"content":{"rendered":"\n<div class=\"wp-block-group has-global-padding is-layout-constrained wp-block-group-is-layout-constrained\">\n<div class=\"wp-block-group width--950 has-global-padding is-layout-constrained wp-block-group-is-layout-constrained\">\n<div style=\"height:45px;--tablet-height:45px;--mobile-height:16px\" class=\"wp-block-lookeen-blocks-responsive-spacer\"><\/div>\n\n\n\n<div class=\"wp-block-group has-global-padding is-layout-constrained wp-block-group-is-layout-constrained\">\n<h1 class=\"wp-block-heading has-text-align-center\" style=\"margin-bottom:8px\">Seguridad de Zenkit<\/h1>\n<\/div>\n\n\n\n<div class=\"wp-block-group has-global-padding is-layout-constrained wp-block-group-is-layout-constrained\">\n<p class=\"has-text-align-center subheading\">Usamos Zenkit todos los d\u00edas<\/p>\n<\/div>\n\n\n\n<div style=\"height:48px;--tablet-height:36px;--mobile-height:24px\" class=\"wp-block-lookeen-blocks-responsive-spacer\"><\/div>\n\n\n\n<div class=\"wp-block-group has-global-padding is-layout-constrained wp-container-core-group-is-layout-9235c805 wp-block-group-is-layout-constrained\">\n<p class=\"has-text-align-center\">para interactuar con usted, nuestro cliente y continuar desarrollando Zenkit. Tomamos el m\u00e1ximo cuidado para proteger los datos confiados a Zenkit, porque si sus datos est\u00e1n en riesgo, igual los nuestros. Proteger sus datos y los nuestros es entonces nuestra m\u00e1s alta prioridad.<\/p>\n<\/div>\n<\/div>\n\n\n\n<div style=\"height:48px;--tablet-height:36px;--mobile-height:24px\" class=\"wp-block-lookeen-blocks-responsive-spacer\"><\/div>\n<\/div>\n\n\n\n<div class=\"wp-block-group has-global-padding is-layout-constrained wp-block-group-is-layout-constrained\">\n<div class=\"wp-block-group affiliate__grid has-global-padding is-layout-constrained wp-block-group-is-layout-constrained\">\n<div class=\"wp-block-group affiliate__box has-global-padding is-layout-constrained wp-block-group-is-layout-constrained\" style=\"border-radius:20px\">\n<figure class=\"wp-block-image aligncenter size-full is-resized\"><img loading=\"lazy\" decoding=\"async\" width=\"500\" height=\"296\" src=\"https:\/\/zenkit.com\/wp-content\/uploads\/2021\/02\/app-security.gif\" alt=\"Seguridad de la Aplicaci\u00f3n Web de Zenkit\" class=\"wp-image-57115\" style=\"width:150px\"\/><\/figure>\n\n\n\n<div class=\"wp-block-group has-global-padding is-layout-constrained wp-block-group-is-layout-constrained\" style=\"margin-bottom:4px\">\n<h3 class=\"wp-block-heading has-text-align-center card__title\">Seguridad de la Aplicaci\u00f3n Web de Zenkit<\/h3>\n<\/div>\n\n\n\n<p class=\"has-text-align-center has-da-grey-1-color has-text-color has-link-color wp-elements-937e2d7a50c8a513570ff5fa0f7c71c4\">Tenemos copias de seguridad autom\u00e1ticas de todos los datos completados de Zenkit en una base diaria. Zenkit utiliza los Servicios Web de Amazon los cuales se encuentran en Frankfurt, Alemania. Con el fin de cumplir con el\u00a0<a href=\"https:\/\/en.wikipedia.org\/wiki\/General_Data_Protection_Regulation\">RGPD<\/a>\u00a0y la\u00a0<a href=\"https:\/\/en.wikipedia.org\/wiki\/Federal_Commissioner_for_Data_Protection_and_Freedom_of_Information\">BDSG<\/a>, hemos firmado un Acuerdo de Procesamiento de Datos (DPA) con terceros. Cumplimos totalmente con estas regulaciones y usted puede saber m\u00e1s acerca de nuestras pr\u00e1cticas en\u00a0<a href=\"https:\/\/zenkit.com\/es\/gdpr\">https:\/\/zenkit.com\/es\/gdpr<\/a>.<\/p>\n<\/div>\n\n\n\n<div class=\"wp-block-group affiliate__box has-global-padding is-layout-constrained wp-block-group-is-layout-constrained\" style=\"border-radius:20px\">\n<figure class=\"wp-block-image aligncenter size-full is-resized\"><img loading=\"lazy\" decoding=\"async\" width=\"500\" height=\"296\" src=\"https:\/\/zenkit.com\/wp-content\/uploads\/2021\/02\/data-center-security.gif\" alt=\"Centro de Seguridad de Datos\" class=\"wp-image-57125\" style=\"width:150px\"\/><\/figure>\n\n\n\n<div class=\"wp-block-group has-global-padding is-layout-constrained wp-block-group-is-layout-constrained\" style=\"margin-bottom:4px\">\n<h3 class=\"wp-block-heading has-text-align-center card__title\">Centro de Seguridad de Datos<\/h3>\n<\/div>\n\n\n\n<p class=\"has-text-align-center has-da-grey-1-color has-text-color has-link-color wp-elements-c4e9e96f7f775201e5b43f6cf4e203ed\">Los Servicios Web de Amazon (RDS &amp; S3 socio contractual AWS Luxemburgo) emplean un programa de seguridad f\u00edsica robusta con m\u00faltiples certificaciones, incluyendo la certificaci\u00f3n SSAE 16 y ISO27001. Amazon ha incorporado redundancias y servidores monitoreados continuamente. Para m\u00e1s informaci\u00f3n acerca de los procesos f\u00edsicos de seguridad de Amazon, por favor visite\u00a0<a href=\"http:\/\/aws.amazon.com\/security\/\">aws.amazon.com\/security<\/a>.<\/p>\n<\/div>\n<\/div>\n<\/div>\n\n\n\n<div class=\"wp-block-group has-global-padding is-layout-constrained wp-block-group-is-layout-constrained\">\n<div style=\"height:88px;--tablet-height:72px;--mobile-height:40px\" class=\"wp-block-lookeen-blocks-responsive-spacer\"><\/div>\n\n\n\n<div class=\"wp-block-columns is-layout-flex wp-container-core-columns-is-layout-2eb748b2 wp-block-columns-is-layout-flex\" style=\"margin-top:0px;margin-bottom:0px\">\n<div class=\"wp-block-column is-layout-flow wp-block-column-is-layout-flow\">\n<h2 class=\"wp-block-heading\">Encriptaci\u00f3n<\/h2>\n\n\n\n<ul class=\"wp-block-list is-style-da-left-indent\">\n<li>Conexiones Web a Zenkit son seguras v\u00eda TLS 1.2<\/li>\n\n\n\n<li>Conexiones inseguras no son permitidas al usar TLS 1.0 o anterior, al igual que RC4<\/li>\n\n\n\n<li>Datos son encriptados<\/li>\n\n\n\n<li>Datos son encriptados usando el algoritmo con la encriptaci\u00f3n m\u00e1s fuerte disponible<\/li>\n\n\n\n<li>No contrase\u00f1as filtradas pueden ser usadas<\/li>\n<\/ul>\n<\/div>\n\n\n\n<div class=\"wp-block-column is-layout-flow wp-block-column-is-layout-flow\">\n<h2 class=\"wp-block-heading\">Caracter\u00edsticas de Seguridad<\/h2>\n\n\n\n<ul class=\"wp-block-list is-style-da-left-indent\">\n<li>Solo usuarios registrados: Esto significa que cada usuario necesita una cuenta para acceder<\/li>\n\n\n\n<li>No se permite compartir archivos externos: Generar enlaces a archivos no son compartidos<\/li>\n\n\n\n<li>Google y autorizaci\u00f3n nativa compatible<\/li>\n<\/ul>\n<\/div>\n<\/div>\n<\/div>\n\n\n\n<div class=\"wp-block-group has-global-padding is-layout-constrained wp-block-group-is-layout-constrained\">\n<div style=\"height:88px;--tablet-height:72px;--mobile-height:40px\" class=\"wp-block-lookeen-blocks-responsive-spacer\"><\/div>\n\n\n\n<h2 class=\"wp-block-heading has-text-align-center has-da-blue-color-new has-text-color has-link-color wp-elements-152c5772240ac5b9e9dcd78a41ed6c59\">Sus Datos son Suyos<\/h2>\n\n\n\n<div class=\"wp-block-group has-global-padding is-layout-constrained wp-container-core-group-is-layout-64ec6e8c wp-block-group-is-layout-constrained\">\n<p class=\"has-text-align-center has-da-grey-2-color has-text-color has-link-color wp-elements-9649167cd43280650cb4333123f4f4ba\">Sabemos que hay varias compa\u00f1\u00edas que recolectan datos para hacer dinero. Esos no somos nosotros. Queremos que usted sea productivo. \u00a1Si eso es lo que usted requiere, genial! Si usted quiere tomar sus datos con usted con otro servicio, estaremos tristes, pero usted puede exportar todo y tomar todo con usted. Tambi\u00e9n puede eliminar completamente todos sus datos de nuestros servidores de conformidad con el\u00a0<a href=\"https:\/\/zenkit.com\/es\/gdpr\/\">GDPR<\/a>.<\/p>\n<\/div>\n\n\n\n<div style=\"height:88px;--tablet-height:72px;--mobile-height:40px\" class=\"wp-block-lookeen-blocks-responsive-spacer\"><\/div>\n<\/div>\n\n\n\n<div class=\"wp-block-group has-global-padding is-layout-constrained wp-block-group-is-layout-constrained\">\n<div class=\"wp-block-group has-global-padding is-layout-constrained wp-block-group-is-layout-constrained\">\n<figure class=\"wp-block-table aligncenter table__data-security is-style-regular\"><table class=\"has-fixed-layout\"><tbody><tr><td>Servidores localizados en Alemania<\/td><td><img decoding=\"async\" class=\"wp-image-110297\" style=\"width: NaNpx;\" src=\"https:\/\/zenkit.com\/wp-content\/uploads\/2025\/01\/check.svg\" alt=\"\"><\/td><\/tr><tr><td>Servidores de copia de seguridad en alemania<\/td><td><img decoding=\"async\" class=\"wp-image-110297\" style=\"width: NaNpx;\" src=\"https:\/\/zenkit.com\/wp-content\/uploads\/2025\/01\/check.svg\" alt=\"\"><\/td><\/tr><tr><td>Socio europeo contratante de alojamiento de datos<\/td><td><img decoding=\"async\" class=\"wp-image-110297\" style=\"width: NaNpx;\" src=\"https:\/\/zenkit.com\/wp-content\/uploads\/2025\/01\/check.svg\" alt=\"\"><\/td><\/tr><tr><td>SSL via HTTPS<\/td><td><img decoding=\"async\" class=\"wp-image-110297\" style=\"width: NaNpx;\" src=\"https:\/\/zenkit.com\/wp-content\/uploads\/2025\/01\/check.svg\" alt=\"\"><\/td><\/tr><tr><td>Contrase\u00f1as encriptadas<\/td><td><img decoding=\"async\" class=\"wp-image-110297\" style=\"width: NaNpx;\" src=\"https:\/\/zenkit.com\/wp-content\/uploads\/2025\/01\/check.svg\" alt=\"\"><\/td><\/tr><tr><td>Cifrado en reposo<\/td><td><img decoding=\"async\" class=\"wp-image-110297\" style=\"width: NaNpx;\" src=\"https:\/\/zenkit.com\/wp-content\/uploads\/2025\/01\/check.svg\" alt=\"\"><\/td><\/tr><tr><td>Autenticaci\u00f3n a 2 Factores Nativa<\/td><td><img decoding=\"async\" class=\"wp-image-110297\" style=\"width: NaNpx;\" src=\"https:\/\/zenkit.com\/wp-content\/uploads\/2025\/01\/check.svg\" alt=\"\"><\/td><\/tr><tr><td>Google 2FA Compatible<\/td><td><img decoding=\"async\" class=\"wp-image-110297\" style=\"width: NaNpx;\" src=\"https:\/\/zenkit.com\/wp-content\/uploads\/2025\/01\/check.svg\" alt=\"\"><\/td><\/tr><tr><td>Administraci\u00f3n de Acceso a Archivos<\/td><td><img decoding=\"async\" class=\"wp-image-110297\" style=\"width: NaNpx;\" src=\"https:\/\/zenkit.com\/wp-content\/uploads\/2025\/01\/check.svg\" alt=\"\"><\/td><\/tr><tr><td>Copias de Seguridad Regulares en Servidores Separados<\/td><td><img decoding=\"async\" class=\"wp-image-110297\" style=\"width: NaNpx;\" src=\"https:\/\/zenkit.com\/wp-content\/uploads\/2025\/01\/check.svg\" alt=\"\"><\/td><\/tr><tr><td>Inicio de Sesi\u00f3n \u00danico<\/td><td><img decoding=\"async\" class=\"wp-image-110297\" style=\"width: NaNpx;\" src=\"https:\/\/zenkit.com\/wp-content\/uploads\/2025\/01\/check.svg\" alt=\"\"><\/td><\/tr><tr><td>Administrador de Acceso e Identidad<\/td><td><img decoding=\"async\" class=\"wp-image-110297\" style=\"width: NaNpx;\" src=\"https:\/\/zenkit.com\/wp-content\/uploads\/2025\/01\/check.svg\" alt=\"\"><\/td><\/tr><tr><td>Intervalos de Validaci\u00f3n de Contrase\u00f1a<\/td><td><img decoding=\"async\" class=\"wp-image-110297\" style=\"width: NaNpx;\" src=\"https:\/\/zenkit.com\/wp-content\/uploads\/2025\/01\/check.svg\" alt=\"\"><\/td><\/tr><tr><td>Sistema de Detecci\u00f3n de Intrusi\u00f3n<\/td><td>Planeado<br><\/td><\/tr><\/tbody><\/table><\/figure>\n<\/div>\n\n\n\n<div style=\"height:88px;--tablet-height:72px;--mobile-height:40px\" class=\"wp-block-lookeen-blocks-responsive-spacer\"><\/div>\n<\/div>\n\n\n\n<div class=\"wp-block-group has-da-blue-light-background-color has-background has-global-padding is-layout-constrained wp-block-group-is-layout-constrained\">\n<div style=\"height:80px;--tablet-height:36px;--mobile-height:26px\" class=\"wp-block-lookeen-blocks-responsive-spacer\"><\/div>\n\n\n\n<h2 class=\"wp-block-heading has-text-align-center\">Cont\u00e1ctenos<\/h2>\n\n\n\n<div class=\"wp-block-group has-global-padding is-layout-constrained wp-container-core-group-is-layout-2687bd63 wp-block-group-is-layout-constrained\">\n<p class=\"has-text-align-center has-da-grey-1-color has-text-color has-link-color wp-elements-4af5bbf9aedb8de1eaaff90d82b6d2cb\">Si tiene preguntas acerca de la seguridad, por favor cont\u00e1ctenos a:\u00a0<a href=\"mailto:security@zenkit.com\">security@zenkit.com<\/a><\/p>\n<\/div>\n\n\n\n<div style=\"height:80px;--tablet-height:36px;--mobile-height:26px\" class=\"wp-block-lookeen-blocks-responsive-spacer\"><\/div>\n<\/div>\n","protected":false},"excerpt":{"rendered":"<p>Seguridad de Zenkit Usamos Zenkit todos los d\u00edas para interactuar con usted, nuestro cliente y continuar desarrollando Zenkit. Tomamos el m\u00e1ximo cuidado para proteger los datos confiados a Zenkit, porque si sus datos est\u00e1n en riesgo, igual los nuestros. Proteger sus datos y los nuestros es entonces nuestra m\u00e1s alta prioridad. Seguridad de la Aplicaci\u00f3n [&hellip;]<\/p>\n","protected":false},"author":5,"featured_media":0,"parent":0,"menu_order":21,"comment_status":"closed","ping_status":"closed","template":"","meta":{"yasr_overall_rating":0,"yasr_post_is_review":"","yasr_auto_insert_disabled":"","yasr_review_type":"","footnotes":""},"class_list":["post-62448","page","type-page","status-publish","hentry"],"yoast_head":"<!-- This site is optimized with the Yoast SEO plugin v27.3 - https:\/\/yoast.com\/product\/yoast-seo-wordpress\/ -->\n<title>Security Practices | Zenkit<\/title>\n<meta name=\"description\" content=\"At Zenkit, protecting your privacy is paramount. We take great care to store your private information securely and to act in accordance with the GDPR and other data privacy regulations.\" \/>\n<meta name=\"robots\" content=\"index, follow, max-snippet:-1, max-image-preview:large, max-video-preview:-1\" \/>\n<link rel=\"canonical\" href=\"https:\/\/zenkit.com\/es\/security-practices\/\" \/>\n<meta property=\"og:locale\" content=\"es_ES\" \/>\n<meta property=\"og:type\" content=\"article\" \/>\n<meta property=\"og:title\" content=\"Security Practices | Zenkit\" \/>\n<meta property=\"og:description\" content=\"At Zenkit, protecting your privacy is paramount. We take great care to store your private information securely and to act in accordance with the GDPR and other data privacy regulations.\" \/>\n<meta property=\"og:url\" content=\"https:\/\/zenkit.com\/es\/security-practices\/\" \/>\n<meta property=\"og:site_name\" content=\"Zenkit\" \/>\n<meta property=\"article:publisher\" content=\"https:\/\/www.facebook.com\/ZenkitHQ\" \/>\n<meta property=\"article:modified_time\" content=\"2025-11-04T05:53:11+00:00\" \/>\n<meta property=\"og:image\" content=\"https:\/\/zenkit.com\/wp-content\/uploads\/2021\/02\/app-security.gif\" \/>\n<meta name=\"twitter:card\" content=\"summary_large_image\" \/>\n<meta name=\"twitter:site\" content=\"@ZenkitHQ\" \/>\n<meta name=\"twitter:label1\" content=\"Tiempo de lectura\" \/>\n\t<meta name=\"twitter:data1\" content=\"2 minutos\" \/>\n<script type=\"application\/ld+json\" class=\"yoast-schema-graph\">{\"@context\":\"https:\\\/\\\/schema.org\",\"@graph\":[{\"@type\":\"WebPage\",\"@id\":\"https:\\\/\\\/zenkit.com\\\/es\\\/security-practices\\\/\",\"url\":\"https:\\\/\\\/zenkit.com\\\/es\\\/security-practices\\\/\",\"name\":\"Security Practices | Zenkit\",\"isPartOf\":{\"@id\":\"https:\\\/\\\/zenkit.com\\\/es\\\/#website\"},\"primaryImageOfPage\":{\"@id\":\"https:\\\/\\\/zenkit.com\\\/es\\\/security-practices\\\/#primaryimage\"},\"image\":{\"@id\":\"https:\\\/\\\/zenkit.com\\\/es\\\/security-practices\\\/#primaryimage\"},\"thumbnailUrl\":\"https:\\\/\\\/zenkit.com\\\/wp-content\\\/uploads\\\/2021\\\/02\\\/app-security.gif\",\"datePublished\":\"2019-03-20T08:14:44+00:00\",\"dateModified\":\"2025-11-04T05:53:11+00:00\",\"description\":\"At Zenkit, protecting your privacy is paramount. We take great care to store your private information securely and to act in accordance with the GDPR and other data privacy regulations.\",\"breadcrumb\":{\"@id\":\"https:\\\/\\\/zenkit.com\\\/es\\\/security-practices\\\/#breadcrumb\"},\"inLanguage\":\"es\",\"potentialAction\":[{\"@type\":\"ReadAction\",\"target\":[\"https:\\\/\\\/zenkit.com\\\/es\\\/security-practices\\\/\"]}]},{\"@type\":\"ImageObject\",\"inLanguage\":\"es\",\"@id\":\"https:\\\/\\\/zenkit.com\\\/es\\\/security-practices\\\/#primaryimage\",\"url\":\"https:\\\/\\\/zenkit.com\\\/wp-content\\\/uploads\\\/2021\\\/02\\\/app-security.gif\",\"contentUrl\":\"https:\\\/\\\/zenkit.com\\\/wp-content\\\/uploads\\\/2021\\\/02\\\/app-security.gif\"},{\"@type\":\"BreadcrumbList\",\"@id\":\"https:\\\/\\\/zenkit.com\\\/es\\\/security-practices\\\/#breadcrumb\",\"itemListElement\":[{\"@type\":\"ListItem\",\"position\":1,\"name\":\"Home\",\"item\":\"https:\\\/\\\/zenkit.com\\\/es\\\/\"},{\"@type\":\"ListItem\",\"position\":2,\"name\":\"Security Practices\"}]},{\"@type\":\"WebSite\",\"@id\":\"https:\\\/\\\/zenkit.com\\\/es\\\/#website\",\"url\":\"https:\\\/\\\/zenkit.com\\\/es\\\/\",\"name\":\"Zenkit\",\"description\":\"Zenkit Tagline\",\"potentialAction\":[{\"@type\":\"SearchAction\",\"target\":{\"@type\":\"EntryPoint\",\"urlTemplate\":\"https:\\\/\\\/zenkit.com\\\/es\\\/?s={search_term_string}\"},\"query-input\":{\"@type\":\"PropertyValueSpecification\",\"valueRequired\":true,\"valueName\":\"search_term_string\"}}],\"inLanguage\":\"es\"},false]}<\/script>\n<!-- \/ Yoast SEO plugin. -->","yoast_head_json":{"title":"Security Practices | Zenkit","description":"At Zenkit, protecting your privacy is paramount. We take great care to store your private information securely and to act in accordance with the GDPR and other data privacy regulations.","robots":{"index":"index","follow":"follow","max-snippet":"max-snippet:-1","max-image-preview":"max-image-preview:large","max-video-preview":"max-video-preview:-1"},"canonical":"https:\/\/zenkit.com\/es\/security-practices\/","og_locale":"es_ES","og_type":"article","og_title":"Security Practices | Zenkit","og_description":"At Zenkit, protecting your privacy is paramount. We take great care to store your private information securely and to act in accordance with the GDPR and other data privacy regulations.","og_url":"https:\/\/zenkit.com\/es\/security-practices\/","og_site_name":"Zenkit","article_publisher":"https:\/\/www.facebook.com\/ZenkitHQ","article_modified_time":"2025-11-04T05:53:11+00:00","og_image":[{"url":"https:\/\/zenkit.com\/wp-content\/uploads\/2021\/02\/app-security.gif","type":"","width":"","height":""}],"twitter_card":"summary_large_image","twitter_site":"@ZenkitHQ","twitter_misc":{"Tiempo de lectura":"2 minutos"},"schema":{"@context":"https:\/\/schema.org","@graph":[{"@type":"WebPage","@id":"https:\/\/zenkit.com\/es\/security-practices\/","url":"https:\/\/zenkit.com\/es\/security-practices\/","name":"Security Practices | Zenkit","isPartOf":{"@id":"https:\/\/zenkit.com\/es\/#website"},"primaryImageOfPage":{"@id":"https:\/\/zenkit.com\/es\/security-practices\/#primaryimage"},"image":{"@id":"https:\/\/zenkit.com\/es\/security-practices\/#primaryimage"},"thumbnailUrl":"https:\/\/zenkit.com\/wp-content\/uploads\/2021\/02\/app-security.gif","datePublished":"2019-03-20T08:14:44+00:00","dateModified":"2025-11-04T05:53:11+00:00","description":"At Zenkit, protecting your privacy is paramount. We take great care to store your private information securely and to act in accordance with the GDPR and other data privacy regulations.","breadcrumb":{"@id":"https:\/\/zenkit.com\/es\/security-practices\/#breadcrumb"},"inLanguage":"es","potentialAction":[{"@type":"ReadAction","target":["https:\/\/zenkit.com\/es\/security-practices\/"]}]},{"@type":"ImageObject","inLanguage":"es","@id":"https:\/\/zenkit.com\/es\/security-practices\/#primaryimage","url":"https:\/\/zenkit.com\/wp-content\/uploads\/2021\/02\/app-security.gif","contentUrl":"https:\/\/zenkit.com\/wp-content\/uploads\/2021\/02\/app-security.gif"},{"@type":"BreadcrumbList","@id":"https:\/\/zenkit.com\/es\/security-practices\/#breadcrumb","itemListElement":[{"@type":"ListItem","position":1,"name":"Home","item":"https:\/\/zenkit.com\/es\/"},{"@type":"ListItem","position":2,"name":"Security Practices"}]},{"@type":"WebSite","@id":"https:\/\/zenkit.com\/es\/#website","url":"https:\/\/zenkit.com\/es\/","name":"Zenkit","description":"Zenkit Tagline","potentialAction":[{"@type":"SearchAction","target":{"@type":"EntryPoint","urlTemplate":"https:\/\/zenkit.com\/es\/?s={search_term_string}"},"query-input":{"@type":"PropertyValueSpecification","valueRequired":true,"valueName":"search_term_string"}}],"inLanguage":"es"},false]}},"yasr_visitor_votes":{"stars_attributes":{"read_only":false,"span_bottom":false},"number_of_votes":0,"sum_votes":0},"_links":{"self":[{"href":"https:\/\/zenkit.com\/es\/wp-json\/wp\/v2\/pages\/62448","targetHints":{"allow":["GET"]}}],"collection":[{"href":"https:\/\/zenkit.com\/es\/wp-json\/wp\/v2\/pages"}],"about":[{"href":"https:\/\/zenkit.com\/es\/wp-json\/wp\/v2\/types\/page"}],"author":[{"embeddable":true,"href":"https:\/\/zenkit.com\/es\/wp-json\/wp\/v2\/users\/5"}],"replies":[{"embeddable":true,"href":"https:\/\/zenkit.com\/es\/wp-json\/wp\/v2\/comments?post=62448"}],"version-history":[{"count":5,"href":"https:\/\/zenkit.com\/es\/wp-json\/wp\/v2\/pages\/62448\/revisions"}],"predecessor-version":[{"id":133562,"href":"https:\/\/zenkit.com\/es\/wp-json\/wp\/v2\/pages\/62448\/revisions\/133562"}],"wp:attachment":[{"href":"https:\/\/zenkit.com\/es\/wp-json\/wp\/v2\/media?parent=62448"}],"curies":[{"name":"wp","href":"https:\/\/api.w.org\/{rel}","templated":true}]}}