{"id":64462,"date":"2020-04-21T13:34:48","date_gmt":"2020-04-21T11:34:48","guid":{"rendered":"https:\/\/zenkit.com\/base\/integraciones\/microsoft-teams\/"},"modified":"2025-11-04T06:53:12","modified_gmt":"2025-11-04T05:53:12","slug":"microsoft-teams","status":"publish","type":"page","link":"https:\/\/zenkit.com\/es\/integraciones\/microsoft-teams\/","title":{"rendered":"Microsoft Teams"},"content":{"rendered":"\n<div style=\"height:45px;--tablet-height:45px;--mobile-height:16px\" class=\"wp-block-lookeen-blocks-responsive-spacer\"><\/div>\n\n\n\n<div class=\"wp-block-group has-global-padding is-layout-constrained wp-block-group-is-layout-constrained\">\n<div class=\"wp-block-columns is-layout-flex wp-container-core-columns-is-layout-467d341d wp-block-columns-is-layout-flex\" id=\"main__integrations\" style=\"margin-top:0px;margin-bottom:0px\">\n<div class=\"wp-block-column side__bar__integrations is-layout-flow wp-block-column-is-layout-flow\" style=\"flex-basis:23%\">\n<h2 class=\"wp-block-heading has-da-blue-color-new has-text-color has-link-color wp-elements-7a18c382591dc1bd989a2de37f87232d\" style=\"margin-top:0px;margin-bottom:0px;font-size:16px;line-height:1.5\">Integraciones<\/h2>\n\n\n<nav class=\"is-vertical integrations__menu wp-block-navigation is-layout-flex wp-container-core-navigation-is-layout-5f9f5280 wp-block-navigation-is-layout-flex\" aria-label=\"es-communications-integrations\"><ul class=\"wp-block-navigation__container  is-vertical integrations__menu wp-block-navigation\"><li class=\" wp-block-navigation-item wp-block-navigation-link\"><a class=\"wp-block-navigation-item__content\"  href=\"https:\/\/zenkit.com\/es\/integraciones\/microsoft-teams\/\"><span class=\"wp-block-navigation-item__label\">Microsoft Teams<\/span><\/a><\/li><\/ul><\/nav><\/div>\n\n\n\n<div class=\"wp-block-column content__integrations is-layout-flow wp-block-column-is-layout-flow\" style=\"flex-basis:77%\">\n<div class=\"wp-block-group has-global-padding is-layout-constrained wp-block-group-is-layout-constrained\">\n<div class=\"wp-block-group title is-layout-flex wp-container-core-group-is-layout-ed4b00df wp-block-group-is-layout-flex\">\n<figure class=\"wp-block-image size-full is-resized\"><img loading=\"lazy\" decoding=\"async\" width=\"480\" height=\"480\" src=\"https:\/\/zenkit.com\/wp-content\/uploads\/2025\/07\/microsoft-teams.webp\" alt=\"\" class=\"wp-image-117753\" style=\"width:auto;height:46px\" srcset=\"https:\/\/zenkit.com\/wp-content\/uploads\/2025\/07\/microsoft-teams.webp 480w, https:\/\/zenkit.com\/wp-content\/uploads\/2025\/07\/microsoft-teams-300x300.webp 300w, https:\/\/zenkit.com\/wp-content\/uploads\/2025\/07\/microsoft-teams-150x150.webp 150w\" sizes=\"auto, (max-width: 480px) 100vw, 480px\" \/><\/figure>\n\n\n\n<h1 class=\"wp-block-heading\">Microsoft Teams &amp; Zenkit<\/h1>\n<\/div>\n\n\n\n<div class=\"wp-block-group has-global-padding is-layout-constrained wp-block-group-is-layout-constrained\">\n<h3 class=\"wp-block-heading display-h2\">Conecte sus cuentas de Zenkit y Microsoft Teams<\/h3>\n\n\n\n<p>Mientras que hoy en d\u00eda es normal utilizar m\u00faltiples herramientas a la vez, no es com\u00fan sentirse abrumado o que falte una descripci\u00f3n general de todas sus herramientas.<\/p>\n\n\n\n<p>Usted podr\u00e1 comunicarse con su equipo utilizando una aplicaci\u00f3n de chat de equipo tal y como Microsoft Teams. Mientras tanto, tambi\u00e9n podr\u00e1 planear colaborativamente sus proyectos y rastrear sus metas utilizando nuestra herramienta de administraci\u00f3n de proyectos, \u00a1Zenkit! Puede ser frustrante tener que cambiar entre estas dos herramientas para obtener los estatus actualizados de lo que usted est\u00e9 trabajando.<\/p>\n\n\n\n<p>Con nuestra integraci\u00f3n con Microsoft Teams, usted ser\u00e1 capaz de tener directamente de Zenkit en sus conversaciones, inserte colecciones de Zenkit en sus pesta\u00f1as, busque y comparta elementos de Zenkit a trav\u00e9s del chat y muchas otras funciones excelentes.<\/p>\n<\/div>\n\n\n\n<div style=\"height:48px;--tablet-height:36px;--mobile-height:24px\" class=\"wp-block-lookeen-blocks-responsive-spacer\"><\/div>\n<\/div>\n\n\n\n<div class=\"wp-block-group has-global-padding is-layout-constrained wp-block-group-is-layout-constrained\">\n<figure class=\"wp-block-image size-full\"><img loading=\"lazy\" decoding=\"async\" width=\"750\" height=\"503\" src=\"https:\/\/zenkit.com\/wp-content\/uploads\/2025\/07\/Synchronisation_MSTeamsundZenkit.webp\" alt=\"Conecte sus cuentas de Zenkit y Microsoft Teams\" class=\"wp-image-117778\" srcset=\"https:\/\/zenkit.com\/wp-content\/uploads\/2025\/07\/Synchronisation_MSTeamsundZenkit.webp 750w, https:\/\/zenkit.com\/wp-content\/uploads\/2025\/07\/Synchronisation_MSTeamsundZenkit-300x201.webp 300w\" sizes=\"auto, (max-width: 750px) 100vw, 750px\" \/><\/figure>\n<\/div>\n\n\n\n<div style=\"height:48px;--tablet-height:36px;--mobile-height:24px\" class=\"wp-block-lookeen-blocks-responsive-spacer\"><\/div>\n\n\n\n<div class=\"wp-block-group has-global-padding is-layout-constrained wp-block-group-is-layout-constrained\">\n<h3 class=\"wp-block-heading display-h2\">Acerca Microsoft Teams: Software de Chat de Grupo<\/h3>\n\n\n\n<p><a href=\"https:\/\/products.office.com\/en-us\/microsoft-teams\/group-chat-software\">Microsoft Teams<\/a>\u00a0es un software de chat de grupo que permite a equipos f\u00e1cilmente chatear, reunirse, llamar y colaborar, sin importar donde est\u00e9n. Admite funciones que incluyen mensajes grupales o uno a uno, reuniones en l\u00ednea, uso compartido de archivos y m\u00e1s. Integre sus herramientas de terceros favoritas para automatizar mejor su flujo de trabajo seg\u00fan sus necesidades comerciales. Para mayor informaci\u00f3n por favor visite:\u00a0<a href=\"https:\/\/products.office.com\/en-us\/microsoft-teams\/group-chat-software\">https:\/\/products.office.com\/en-us\/microsoft-teams\/group-chat-software<\/a>.<\/p>\n<\/div>\n\n\n\n<div style=\"height:48px;--tablet-height:36px;--mobile-height:24px\" class=\"wp-block-lookeen-blocks-responsive-spacer\"><\/div>\n\n\n\n<div class=\"wp-block-group has-global-padding is-layout-constrained wp-block-group-is-layout-constrained\">\n<h3 class=\"wp-block-heading display-h2\">Acerca de Zenkit: Administraci\u00f3n de Proyectos En L\u00ednea<\/h3>\n\n\n\n<p><a href=\"https:\/\/zenkit.com\/\">Zenkit<\/a>\u00a0es una herramienta amigable para usuarios, es colaborativa para la administraci\u00f3n de proyectos, generadora de base de datos y mucho m\u00e1s. Esta le permite cambiar vistas (tablas, listas to-do, Kanban, calendarios y mapas mentales) con un solo clic. Usted puede compartir su trabajo en l\u00ednea con publicar e integrar collections, y construir integraciones con nuestra documentada API. Zenkit es suficientemente flexible para adaptarse a cualquier flujo de trabajo y bastante poderosa para manejar su negocio. Cree una cuenta gratuita:\u00a0<a href=\"https:\/\/app.zenkit.com\/register\">https:\/\/app.zenkit.com\/register<\/a>.<\/p>\n<\/div>\n\n\n\n<div style=\"height:48px;--tablet-height:36px;--mobile-height:24px\" class=\"wp-block-lookeen-blocks-responsive-spacer\"><\/div>\n\n\n\n<div class=\"wp-block-group has-global-padding is-layout-constrained wp-block-group-is-layout-constrained\">\n<h3 class=\"wp-block-heading display-h2\">\u00bfC\u00f3mo conectar Microsoft Teams y Zenkit?<\/h3>\n\n\n\n<p>Por favor lea nuestra\u00a0<a href=\"https:\/\/zenkit.com\/documentation#\/lists\/HJQBQ1Hw\/sections\/SJYE55zA\/entries\/33SD-upFP?_k=xyo79f\">documentaci\u00f3n\u00a0<\/a>para instrucciones paso por paso.<\/p>\n<\/div>\n\n\n\n<div style=\"height:48px;--tablet-height:36px;--mobile-height:24px\" class=\"wp-block-lookeen-blocks-responsive-spacer\"><\/div>\n\n\n\n<div class=\"wp-block-group has-global-padding is-layout-constrained wp-block-group-is-layout-constrained\">\n<h3 class=\"wp-block-heading display-h2\">\u00bfQui\u00e9n se va a beneficiar de esta integraci\u00f3n de Microsoft Teams y Zenkit?<\/h3>\n\n\n\n<ul class=\"wp-block-list is-style-da-left-indent\">\n<li>Administradores de proyectos que comuniquen y colaboren cerca con sus equipos.<\/li>\n\n\n\n<li>Personas que quieran mejorar su flujo de trabajo con automatizaci\u00f3n.<\/li>\n<\/ul>\n<\/div>\n\n\n\n<div style=\"height:48px;--tablet-height:36px;--mobile-height:24px\" class=\"wp-block-lookeen-blocks-responsive-spacer\"><\/div>\n\n\n\n<div class=\"wp-block-group has-global-padding is-layout-constrained wp-block-group-is-layout-constrained\">\n<h3 class=\"wp-block-heading display-h2\">Detalles de Integraci\u00f3n Adicionales<\/h3>\n\n\n\n<ul class=\"wp-block-list is-style-da-left-indent\">\n<li>Respaldado por Zenkit: Por favor env\u00ede un correo electr\u00f3nico a\u00a0<a href=\"mailto:service@zenkit.com\">service@zenkit.com<\/a>\u00a0si experimenta cualquier problema.<\/li>\n<\/ul>\n<\/div>\n<\/div>\n<\/div>\n<\/div>\n\n\n\n<div style=\"height:110px;--tablet-height:60px;--mobile-height:48px\" class=\"wp-block-lookeen-blocks-responsive-spacer\"><\/div>\n","protected":false},"excerpt":{"rendered":"<p>Integraciones Microsoft Teams &amp; Zenkit Conecte sus cuentas de Zenkit y Microsoft Teams Mientras que hoy en d\u00eda es normal utilizar m\u00faltiples herramientas a la vez, no es com\u00fan sentirse abrumado o que falte una descripci\u00f3n general de todas sus herramientas. Usted podr\u00e1 comunicarse con su equipo utilizando una aplicaci\u00f3n de chat de equipo tal [&hellip;]<\/p>\n","protected":false},"author":15,"featured_media":0,"parent":127380,"menu_order":46,"comment_status":"closed","ping_status":"closed","template":"","meta":{"yasr_overall_rating":0,"yasr_post_is_review":"","yasr_auto_insert_disabled":"","yasr_review_type":"","footnotes":""},"class_list":["post-64462","page","type-page","status-publish","hentry"],"yoast_head":"<!-- This site is optimized with the Yoast SEO plugin v27.3 - https:\/\/yoast.com\/product\/yoast-seo-wordpress\/ -->\n<title>Microsoft Teams | Zenkit<\/title>\n<meta name=\"description\" content=\"Zenkit&#039;s integration with Microsoft Teams helps to strengthen your team collaboration and improve workflow efficiently. Learn how this integration can grow with you.\" \/>\n<meta name=\"robots\" content=\"index, follow, max-snippet:-1, max-image-preview:large, max-video-preview:-1\" \/>\n<link rel=\"canonical\" href=\"https:\/\/zenkit.com\/es\/integraciones\/microsoft-teams\/\" \/>\n<meta property=\"og:locale\" content=\"es_ES\" \/>\n<meta property=\"og:type\" content=\"article\" \/>\n<meta property=\"og:title\" content=\"Microsoft Teams | Zenkit\" \/>\n<meta property=\"og:description\" content=\"Zenkit&#039;s integration with Microsoft Teams helps to strengthen your team collaboration and improve workflow efficiently. Learn how this integration can grow with you.\" \/>\n<meta property=\"og:url\" content=\"https:\/\/zenkit.com\/es\/integraciones\/microsoft-teams\/\" \/>\n<meta property=\"og:site_name\" content=\"Zenkit\" \/>\n<meta property=\"article:publisher\" content=\"https:\/\/www.facebook.com\/ZenkitHQ\" \/>\n<meta property=\"article:modified_time\" content=\"2025-11-04T05:53:12+00:00\" \/>\n<meta property=\"og:image\" content=\"https:\/\/zenkit.com\/wp-content\/uploads\/2025\/07\/microsoft-teams.webp\" \/>\n<meta name=\"twitter:card\" content=\"summary_large_image\" \/>\n<meta name=\"twitter:site\" content=\"@ZenkitHQ\" \/>\n<meta name=\"twitter:label1\" content=\"Tiempo de lectura\" \/>\n\t<meta name=\"twitter:data1\" content=\"2 minutos\" \/>\n<script type=\"application\/ld+json\" class=\"yoast-schema-graph\">{\"@context\":\"https:\\\/\\\/schema.org\",\"@graph\":[{\"@type\":\"WebPage\",\"@id\":\"https:\\\/\\\/zenkit.com\\\/es\\\/integraciones\\\/microsoft-teams\\\/\",\"url\":\"https:\\\/\\\/zenkit.com\\\/es\\\/integraciones\\\/microsoft-teams\\\/\",\"name\":\"Microsoft Teams | Zenkit\",\"isPartOf\":{\"@id\":\"https:\\\/\\\/zenkit.com\\\/es\\\/#website\"},\"primaryImageOfPage\":{\"@id\":\"https:\\\/\\\/zenkit.com\\\/es\\\/integraciones\\\/microsoft-teams\\\/#primaryimage\"},\"image\":{\"@id\":\"https:\\\/\\\/zenkit.com\\\/es\\\/integraciones\\\/microsoft-teams\\\/#primaryimage\"},\"thumbnailUrl\":\"https:\\\/\\\/zenkit.com\\\/wp-content\\\/uploads\\\/2025\\\/07\\\/microsoft-teams.webp\",\"datePublished\":\"2020-04-21T11:34:48+00:00\",\"dateModified\":\"2025-11-04T05:53:12+00:00\",\"description\":\"Zenkit's integration with Microsoft Teams helps to strengthen your team collaboration and improve workflow efficiently. Learn how this integration can grow with you.\",\"breadcrumb\":{\"@id\":\"https:\\\/\\\/zenkit.com\\\/es\\\/integraciones\\\/microsoft-teams\\\/#breadcrumb\"},\"inLanguage\":\"es\",\"potentialAction\":[{\"@type\":\"ReadAction\",\"target\":[\"https:\\\/\\\/zenkit.com\\\/es\\\/integraciones\\\/microsoft-teams\\\/\"]}]},{\"@type\":\"ImageObject\",\"inLanguage\":\"es\",\"@id\":\"https:\\\/\\\/zenkit.com\\\/es\\\/integraciones\\\/microsoft-teams\\\/#primaryimage\",\"url\":\"https:\\\/\\\/zenkit.com\\\/wp-content\\\/uploads\\\/2025\\\/07\\\/microsoft-teams.webp\",\"contentUrl\":\"https:\\\/\\\/zenkit.com\\\/wp-content\\\/uploads\\\/2025\\\/07\\\/microsoft-teams.webp\"},{\"@type\":\"BreadcrumbList\",\"@id\":\"https:\\\/\\\/zenkit.com\\\/es\\\/integraciones\\\/microsoft-teams\\\/#breadcrumb\",\"itemListElement\":[{\"@type\":\"ListItem\",\"position\":1,\"name\":\"Home\",\"item\":\"https:\\\/\\\/zenkit.com\\\/es\\\/\"},{\"@type\":\"ListItem\",\"position\":2,\"name\":\"Integraciones\",\"item\":\"https:\\\/\\\/zenkit.com\\\/es\\\/integraciones\\\/\"},{\"@type\":\"ListItem\",\"position\":3,\"name\":\"Microsoft Teams\"}]},{\"@type\":\"WebSite\",\"@id\":\"https:\\\/\\\/zenkit.com\\\/es\\\/#website\",\"url\":\"https:\\\/\\\/zenkit.com\\\/es\\\/\",\"name\":\"Zenkit\",\"description\":\"Zenkit Tagline\",\"potentialAction\":[{\"@type\":\"SearchAction\",\"target\":{\"@type\":\"EntryPoint\",\"urlTemplate\":\"https:\\\/\\\/zenkit.com\\\/es\\\/?s={search_term_string}\"},\"query-input\":{\"@type\":\"PropertyValueSpecification\",\"valueRequired\":true,\"valueName\":\"search_term_string\"}}],\"inLanguage\":\"es\"},false]}<\/script>\n<!-- \/ Yoast SEO plugin. -->","yoast_head_json":{"title":"Microsoft Teams | Zenkit","description":"Zenkit's integration with Microsoft Teams helps to strengthen your team collaboration and improve workflow efficiently. Learn how this integration can grow with you.","robots":{"index":"index","follow":"follow","max-snippet":"max-snippet:-1","max-image-preview":"max-image-preview:large","max-video-preview":"max-video-preview:-1"},"canonical":"https:\/\/zenkit.com\/es\/integraciones\/microsoft-teams\/","og_locale":"es_ES","og_type":"article","og_title":"Microsoft Teams | Zenkit","og_description":"Zenkit's integration with Microsoft Teams helps to strengthen your team collaboration and improve workflow efficiently. Learn how this integration can grow with you.","og_url":"https:\/\/zenkit.com\/es\/integraciones\/microsoft-teams\/","og_site_name":"Zenkit","article_publisher":"https:\/\/www.facebook.com\/ZenkitHQ","article_modified_time":"2025-11-04T05:53:12+00:00","og_image":[{"url":"https:\/\/zenkit.com\/wp-content\/uploads\/2025\/07\/microsoft-teams.webp","type":"","width":"","height":""}],"twitter_card":"summary_large_image","twitter_site":"@ZenkitHQ","twitter_misc":{"Tiempo de lectura":"2 minutos"},"schema":{"@context":"https:\/\/schema.org","@graph":[{"@type":"WebPage","@id":"https:\/\/zenkit.com\/es\/integraciones\/microsoft-teams\/","url":"https:\/\/zenkit.com\/es\/integraciones\/microsoft-teams\/","name":"Microsoft Teams | Zenkit","isPartOf":{"@id":"https:\/\/zenkit.com\/es\/#website"},"primaryImageOfPage":{"@id":"https:\/\/zenkit.com\/es\/integraciones\/microsoft-teams\/#primaryimage"},"image":{"@id":"https:\/\/zenkit.com\/es\/integraciones\/microsoft-teams\/#primaryimage"},"thumbnailUrl":"https:\/\/zenkit.com\/wp-content\/uploads\/2025\/07\/microsoft-teams.webp","datePublished":"2020-04-21T11:34:48+00:00","dateModified":"2025-11-04T05:53:12+00:00","description":"Zenkit's integration with Microsoft Teams helps to strengthen your team collaboration and improve workflow efficiently. Learn how this integration can grow with you.","breadcrumb":{"@id":"https:\/\/zenkit.com\/es\/integraciones\/microsoft-teams\/#breadcrumb"},"inLanguage":"es","potentialAction":[{"@type":"ReadAction","target":["https:\/\/zenkit.com\/es\/integraciones\/microsoft-teams\/"]}]},{"@type":"ImageObject","inLanguage":"es","@id":"https:\/\/zenkit.com\/es\/integraciones\/microsoft-teams\/#primaryimage","url":"https:\/\/zenkit.com\/wp-content\/uploads\/2025\/07\/microsoft-teams.webp","contentUrl":"https:\/\/zenkit.com\/wp-content\/uploads\/2025\/07\/microsoft-teams.webp"},{"@type":"BreadcrumbList","@id":"https:\/\/zenkit.com\/es\/integraciones\/microsoft-teams\/#breadcrumb","itemListElement":[{"@type":"ListItem","position":1,"name":"Home","item":"https:\/\/zenkit.com\/es\/"},{"@type":"ListItem","position":2,"name":"Integraciones","item":"https:\/\/zenkit.com\/es\/integraciones\/"},{"@type":"ListItem","position":3,"name":"Microsoft Teams"}]},{"@type":"WebSite","@id":"https:\/\/zenkit.com\/es\/#website","url":"https:\/\/zenkit.com\/es\/","name":"Zenkit","description":"Zenkit Tagline","potentialAction":[{"@type":"SearchAction","target":{"@type":"EntryPoint","urlTemplate":"https:\/\/zenkit.com\/es\/?s={search_term_string}"},"query-input":{"@type":"PropertyValueSpecification","valueRequired":true,"valueName":"search_term_string"}}],"inLanguage":"es"},false]}},"yasr_visitor_votes":{"stars_attributes":{"read_only":false,"span_bottom":false},"number_of_votes":0,"sum_votes":0},"_links":{"self":[{"href":"https:\/\/zenkit.com\/es\/wp-json\/wp\/v2\/pages\/64462","targetHints":{"allow":["GET"]}}],"collection":[{"href":"https:\/\/zenkit.com\/es\/wp-json\/wp\/v2\/pages"}],"about":[{"href":"https:\/\/zenkit.com\/es\/wp-json\/wp\/v2\/types\/page"}],"author":[{"embeddable":true,"href":"https:\/\/zenkit.com\/es\/wp-json\/wp\/v2\/users\/15"}],"replies":[{"embeddable":true,"href":"https:\/\/zenkit.com\/es\/wp-json\/wp\/v2\/comments?post=64462"}],"version-history":[{"count":3,"href":"https:\/\/zenkit.com\/es\/wp-json\/wp\/v2\/pages\/64462\/revisions"}],"predecessor-version":[{"id":133284,"href":"https:\/\/zenkit.com\/es\/wp-json\/wp\/v2\/pages\/64462\/revisions\/133284"}],"up":[{"embeddable":true,"href":"https:\/\/zenkit.com\/es\/wp-json\/wp\/v2\/pages\/127380"}],"wp:attachment":[{"href":"https:\/\/zenkit.com\/es\/wp-json\/wp\/v2\/media?parent=64462"}],"curies":[{"name":"wp","href":"https:\/\/api.w.org\/{rel}","templated":true}]}}