{"id":647,"date":"2018-04-22T01:02:07","date_gmt":"2018-04-21T23:02:07","guid":{"rendered":"https:\/\/zenkit.comabout-us\/"},"modified":"2025-07-31T07:41:42","modified_gmt":"2025-07-31T05:41:42","slug":"nosotros","status":"publish","type":"page","link":"https:\/\/zenkit.com\/es\/nosotros\/","title":{"rendered":"Nosotros"},"content":{"rendered":"\n<div class=\"wp-block-group page__header has-global-padding is-layout-constrained wp-block-group-is-layout-constrained\">\n<div class=\"wp-block-group width--950 has-global-padding is-layout-constrained wp-block-group-is-layout-constrained\">\n<div style=\"height:45px;--tablet-height:45px;--mobile-height:16px\" class=\"wp-block-lookeen-blocks-responsive-spacer\"><\/div>\n\n\n\n<div class=\"wp-block-group has-global-padding is-layout-constrained wp-block-group-is-layout-constrained\">\n<h1 class=\"wp-block-heading has-text-align-center\" style=\"margin-bottom:8px\">Nuestro Viaje<\/h1>\n<\/div>\n\n\n\n<div class=\"wp-block-group has-global-padding is-layout-constrained wp-block-group-is-layout-constrained\">\n<p class=\"has-text-align-center subheading\">Echemos un vistazo al lejano futuro: \u00bfc\u00f3mo podr\u00edan ser las tecnolog\u00edas de la informaci\u00f3n del ma\u00f1ana?<\/p>\n<\/div>\n\n\n\n<div style=\"height:48px;--tablet-height:36px;--mobile-height:24px\" class=\"wp-block-lookeen-blocks-responsive-spacer\"><\/div>\n\n\n\n<div class=\"wp-block-group has-global-padding is-layout-constrained wp-block-group-is-layout-constrained\" style=\"margin-bottom:8px\">\n<p class=\"has-text-align-center\">Si piensa en el futuro, pero no en un futuro cercano de aqu\u00ed a 5 o 10 a\u00f1os, sino m\u00e1s bien de aqu\u00ed a unos 200, 500 a\u00f1os. \u00bfC\u00f3mo ser\u00e1 la tecnolog\u00eda de la informaci\u00f3n? S\u00ed &#8230; nadie lo sabe. \u00a1Qu\u00e9 pregunta tonta!<\/p>\n<\/div>\n<\/div>\n\n\n\n<div style=\"height:88px;--tablet-height:72px;--mobile-height:40px\" class=\"wp-block-lookeen-blocks-responsive-spacer\"><\/div>\n<\/div>\n\n\n\n<div class=\"wp-block-group has-global-padding is-layout-constrained wp-block-group-is-layout-constrained\">\n<figure class=\"wp-block-image size-full has-custom-border\"><img loading=\"lazy\" decoding=\"async\" width=\"2500\" height=\"463\" src=\"https:\/\/zenkit.com\/wp-content\/uploads\/2018\/05\/Zenkit-Plane-Drawing.png\" alt=\"Zenkit Flugzeugzeichnung\" class=\"wp-image-3844\" style=\"border-radius:20px;object-fit:cover\" srcset=\"https:\/\/zenkit.com\/wp-content\/uploads\/2018\/05\/Zenkit-Plane-Drawing.png 2500w, https:\/\/zenkit.com\/wp-content\/uploads\/2018\/05\/Zenkit-Plane-Drawing-300x56.png 300w, https:\/\/zenkit.com\/wp-content\/uploads\/2018\/05\/Zenkit-Plane-Drawing-768x142.png 768w, https:\/\/zenkit.com\/wp-content\/uploads\/2018\/05\/Zenkit-Plane-Drawing-1024x190.png 1024w\" sizes=\"auto, (max-width: 2500px) 100vw, 2500px\" \/><\/figure>\n<\/div>\n\n\n\n<div class=\"wp-block-group has-global-padding is-layout-constrained wp-block-group-is-layout-constrained\">\n<div style=\"height:88px;--tablet-height:72px;--mobile-height:40px\" class=\"wp-block-lookeen-blocks-responsive-spacer\"><\/div>\n\n\n\n<p>Pero somos capaces de poderlo so\u00f1ar. Todos pueden usar su imaginaci\u00f3n. Cuando nuestro CEO, Martin, pens\u00f3 por primera vez en ello a sus poco m\u00e1s de veinte a\u00f1os, imagin\u00f3 un sistema simple, bonito y amigable. Uno al que podamos confiar todo nuestro conocimiento. La gente ni siquiera pensar\u00eda en \u00e9l como un producto, sino m\u00e1s bien como una fuerza subyacente, como el aire, el agua, y la electricidad. En el futuro, lograremos un nivel de tecnolog\u00eda en el que no tendremos la molestia de \u00abproblemas t\u00e9cnicos\u00bb. Estaremos en un estado de paz interior cuando pensemos acerca de la informaci\u00f3n. De la misma manera que la electricidad est\u00e1 ah\u00ed, tambi\u00e9n lo estar\u00e1n nuestros datos.<\/p>\n\n\n\n<p>Pasaron algunos a\u00f1os y, mientras tanto, Martin cre\u00f3 Axonic, un proveedor de software con m\u00e1s de 5 millones de usuarios. Luego, en 2014, un peque\u00f1o equipo de Axonic comenz\u00f3 a transformar la imaginaci\u00f3n en realidad. Empezaron trabajando en Zenkit, una plataforma para crear aplicaciones. La idea era que la gente pudiera crear sus propias aplicaciones personalizadas sin conocimientos avanzados de programaci\u00f3n. Casi dos a\u00f1os para la construcci\u00f3n del sistema, y la plataforma segu\u00eda creciendo y volvi\u00e9ndose cada vez m\u00e1s y m\u00e1s poderosa. Casi lista para su lanzamiento.<\/p>\n\n\n\n<p>Pero un d\u00eda, cerca de la Navidad de 2015, sentimos que hab\u00eda algo que no era lo suficientemente adecuado. El creador de aplicaciones era realmente bueno. Era simple, estaba bien dise\u00f1ado y era potente. Era incluso divertido jugar con \u00e9l, pero a\u00fan as\u00ed, sent\u00edamos que algo no estaba bien. Luego nos dimos cuenta de lo que faltaba: nosotros no lo est\u00e1bamos usando, o al menos no todos los d\u00edas. Ese d\u00eda decidimos que Zenkit ten\u00eda que convertirse en algo distinto: un sistema que todos querr\u00edan usar desde el primer momento; un sistema que pudiera convertirse en una parte importante de su vida.<\/p>\n\n\n\n<p>Ese fue el segundo nacimiento de Zenkit. A partir de ese d\u00eda, hacer que Zenkit se convirtiera en parte de la vida cotidiana, fue el objetivo principal. Dejamos de desarrollar el creador de aplicaciones, rescatando de la primera versi\u00f3n la rigurosa tecnolog\u00eda necesaria para construir un sistema flexible capaz de generar un impacto real.<\/p>\n\n\n\n<p>En octubre de 2016, lanzamos Zenkit. Hemos calificado a Zenkit como una \u201cplataforma de gesti\u00f3n de proyectos\u201d. Lo elegimos as\u00ed para que se ajustara al panorama tecnol\u00f3gico actual porque, al final del d\u00eda, usted tiene que decidir qu\u00e9 tipo de herramientas desea usar en su negocio habitual. Pero incluso ahora, al principio, Zenkit es mucho m\u00e1s que eso. Es una plataforma en la que puede reunir \u00e1reas muy diferentes de su empresa y su vida: clientes, documentos, facturas, funci\u00f3n de errores, contactos, recursos, tareas, eventos, y tickets. Usted puede empezar a explotar el enorme potencial de sinergia entre ellas.<\/p>\n<\/div>\n\n\n\n<div style=\"height:110px;--tablet-height:60px;--mobile-height:48px\" class=\"wp-block-lookeen-blocks-responsive-spacer\"><\/div>\n","protected":false},"excerpt":{"rendered":"<p>Nuestro Viaje Echemos un vistazo al lejano futuro: \u00bfc\u00f3mo podr\u00edan ser las tecnolog\u00edas de la informaci\u00f3n del ma\u00f1ana? Si piensa en el futuro, pero no en un futuro cercano de aqu\u00ed a 5 o 10 a\u00f1os, sino m\u00e1s bien de aqu\u00ed a unos 200, 500 a\u00f1os. \u00bfC\u00f3mo ser\u00e1 la tecnolog\u00eda de la informaci\u00f3n? S\u00ed &#8230; [&hellip;]<\/p>\n","protected":false},"author":1,"featured_media":0,"parent":0,"menu_order":0,"comment_status":"closed","ping_status":"closed","template":"","meta":{"yasr_overall_rating":0,"yasr_post_is_review":"","yasr_auto_insert_disabled":"","yasr_review_type":"","footnotes":""},"class_list":["post-647","page","type-page","status-publish","hentry"],"yoast_head":"<!-- This site is optimized with the Yoast SEO plugin v27.4 - https:\/\/yoast.com\/product\/yoast-seo-wordpress\/ -->\n<title>Nosotros | Zenkit<\/title>\n<meta name=\"description\" content=\"Zenkit es la herramienta de gesti\u00f3n del proyecto que crece con usted. Conozca todo sobre por qu\u00e9 construimos Zenkit y hacia d\u00f3nde queremos crecer. Haga su futuro m\u00e1s Zen.\" \/>\n<meta name=\"robots\" content=\"index, follow, max-snippet:-1, max-image-preview:large, max-video-preview:-1\" \/>\n<link rel=\"canonical\" href=\"https:\/\/zenkit.com\/es\/nosotros\/\" \/>\n<meta property=\"og:locale\" content=\"es_ES\" \/>\n<meta property=\"og:type\" content=\"article\" \/>\n<meta property=\"og:title\" content=\"Nosotros | Zenkit\" \/>\n<meta property=\"og:description\" content=\"Zenkit es la herramienta de gesti\u00f3n del proyecto que crece con usted. Conozca todo sobre por qu\u00e9 construimos Zenkit y hacia d\u00f3nde queremos crecer. Haga su futuro m\u00e1s Zen.\" \/>\n<meta property=\"og:url\" content=\"https:\/\/zenkit.com\/es\/nosotros\/\" \/>\n<meta property=\"og:site_name\" content=\"Zenkit\" \/>\n<meta property=\"article:publisher\" content=\"https:\/\/www.facebook.com\/ZenkitHQ\" \/>\n<meta property=\"article:modified_time\" content=\"2025-07-31T05:41:42+00:00\" \/>\n<meta property=\"og:image\" content=\"https:\/\/zenkit.com\/wp-content\/uploads\/2018\/05\/Zenkit-Plane-Drawing.png\" \/>\n<meta name=\"twitter:card\" content=\"summary_large_image\" \/>\n<meta name=\"twitter:site\" content=\"@ZenkitHQ\" \/>\n<meta name=\"twitter:label1\" content=\"Tiempo de lectura\" \/>\n\t<meta name=\"twitter:data1\" content=\"3 minutos\" \/>\n<script type=\"application\/ld+json\" class=\"yoast-schema-graph\">{\"@context\":\"https:\\\/\\\/schema.org\",\"@graph\":[{\"@type\":\"WebPage\",\"@id\":\"https:\\\/\\\/zenkit.com\\\/es\\\/nosotros\\\/\",\"url\":\"https:\\\/\\\/zenkit.com\\\/es\\\/nosotros\\\/\",\"name\":\"Nosotros | Zenkit\",\"isPartOf\":{\"@id\":\"https:\\\/\\\/zenkit.com\\\/es\\\/#website\"},\"primaryImageOfPage\":{\"@id\":\"https:\\\/\\\/zenkit.com\\\/es\\\/nosotros\\\/#primaryimage\"},\"image\":{\"@id\":\"https:\\\/\\\/zenkit.com\\\/es\\\/nosotros\\\/#primaryimage\"},\"thumbnailUrl\":\"https:\\\/\\\/zenkit.com\\\/wp-content\\\/uploads\\\/2018\\\/05\\\/Zenkit-Plane-Drawing.png\",\"datePublished\":\"2018-04-21T23:02:07+00:00\",\"dateModified\":\"2025-07-31T05:41:42+00:00\",\"description\":\"Zenkit es la herramienta de gesti\u00f3n del proyecto que crece con usted. Conozca todo sobre por qu\u00e9 construimos Zenkit y hacia d\u00f3nde queremos crecer. Haga su futuro m\u00e1s Zen.\",\"breadcrumb\":{\"@id\":\"https:\\\/\\\/zenkit.com\\\/es\\\/nosotros\\\/#breadcrumb\"},\"inLanguage\":\"es\",\"potentialAction\":[{\"@type\":\"ReadAction\",\"target\":[\"https:\\\/\\\/zenkit.com\\\/es\\\/nosotros\\\/\"]}]},{\"@type\":\"ImageObject\",\"inLanguage\":\"es\",\"@id\":\"https:\\\/\\\/zenkit.com\\\/es\\\/nosotros\\\/#primaryimage\",\"url\":\"https:\\\/\\\/zenkit.com\\\/wp-content\\\/uploads\\\/2018\\\/05\\\/Zenkit-Plane-Drawing.png\",\"contentUrl\":\"https:\\\/\\\/zenkit.com\\\/wp-content\\\/uploads\\\/2018\\\/05\\\/Zenkit-Plane-Drawing.png\"},{\"@type\":\"BreadcrumbList\",\"@id\":\"https:\\\/\\\/zenkit.com\\\/es\\\/nosotros\\\/#breadcrumb\",\"itemListElement\":[{\"@type\":\"ListItem\",\"position\":1,\"name\":\"Home\",\"item\":\"https:\\\/\\\/zenkit.com\\\/es\\\/\"},{\"@type\":\"ListItem\",\"position\":2,\"name\":\"Nosotros\"}]},{\"@type\":\"WebSite\",\"@id\":\"https:\\\/\\\/zenkit.com\\\/es\\\/#website\",\"url\":\"https:\\\/\\\/zenkit.com\\\/es\\\/\",\"name\":\"Zenkit\",\"description\":\"Zenkit Tagline\",\"potentialAction\":[{\"@type\":\"SearchAction\",\"target\":{\"@type\":\"EntryPoint\",\"urlTemplate\":\"https:\\\/\\\/zenkit.com\\\/es\\\/?s={search_term_string}\"},\"query-input\":{\"@type\":\"PropertyValueSpecification\",\"valueRequired\":true,\"valueName\":\"search_term_string\"}}],\"inLanguage\":\"es\"},false]}<\/script>\n<!-- \/ Yoast SEO plugin. -->","yoast_head_json":{"title":"Nosotros | Zenkit","description":"Zenkit es la herramienta de gesti\u00f3n del proyecto que crece con usted. Conozca todo sobre por qu\u00e9 construimos Zenkit y hacia d\u00f3nde queremos crecer. Haga su futuro m\u00e1s Zen.","robots":{"index":"index","follow":"follow","max-snippet":"max-snippet:-1","max-image-preview":"max-image-preview:large","max-video-preview":"max-video-preview:-1"},"canonical":"https:\/\/zenkit.com\/es\/nosotros\/","og_locale":"es_ES","og_type":"article","og_title":"Nosotros | Zenkit","og_description":"Zenkit es la herramienta de gesti\u00f3n del proyecto que crece con usted. Conozca todo sobre por qu\u00e9 construimos Zenkit y hacia d\u00f3nde queremos crecer. Haga su futuro m\u00e1s Zen.","og_url":"https:\/\/zenkit.com\/es\/nosotros\/","og_site_name":"Zenkit","article_publisher":"https:\/\/www.facebook.com\/ZenkitHQ","article_modified_time":"2025-07-31T05:41:42+00:00","og_image":[{"url":"https:\/\/zenkit.com\/wp-content\/uploads\/2018\/05\/Zenkit-Plane-Drawing.png","type":"","width":"","height":""}],"twitter_card":"summary_large_image","twitter_site":"@ZenkitHQ","twitter_misc":{"Tiempo de lectura":"3 minutos"},"schema":{"@context":"https:\/\/schema.org","@graph":[{"@type":"WebPage","@id":"https:\/\/zenkit.com\/es\/nosotros\/","url":"https:\/\/zenkit.com\/es\/nosotros\/","name":"Nosotros | Zenkit","isPartOf":{"@id":"https:\/\/zenkit.com\/es\/#website"},"primaryImageOfPage":{"@id":"https:\/\/zenkit.com\/es\/nosotros\/#primaryimage"},"image":{"@id":"https:\/\/zenkit.com\/es\/nosotros\/#primaryimage"},"thumbnailUrl":"https:\/\/zenkit.com\/wp-content\/uploads\/2018\/05\/Zenkit-Plane-Drawing.png","datePublished":"2018-04-21T23:02:07+00:00","dateModified":"2025-07-31T05:41:42+00:00","description":"Zenkit es la herramienta de gesti\u00f3n del proyecto que crece con usted. Conozca todo sobre por qu\u00e9 construimos Zenkit y hacia d\u00f3nde queremos crecer. Haga su futuro m\u00e1s Zen.","breadcrumb":{"@id":"https:\/\/zenkit.com\/es\/nosotros\/#breadcrumb"},"inLanguage":"es","potentialAction":[{"@type":"ReadAction","target":["https:\/\/zenkit.com\/es\/nosotros\/"]}]},{"@type":"ImageObject","inLanguage":"es","@id":"https:\/\/zenkit.com\/es\/nosotros\/#primaryimage","url":"https:\/\/zenkit.com\/wp-content\/uploads\/2018\/05\/Zenkit-Plane-Drawing.png","contentUrl":"https:\/\/zenkit.com\/wp-content\/uploads\/2018\/05\/Zenkit-Plane-Drawing.png"},{"@type":"BreadcrumbList","@id":"https:\/\/zenkit.com\/es\/nosotros\/#breadcrumb","itemListElement":[{"@type":"ListItem","position":1,"name":"Home","item":"https:\/\/zenkit.com\/es\/"},{"@type":"ListItem","position":2,"name":"Nosotros"}]},{"@type":"WebSite","@id":"https:\/\/zenkit.com\/es\/#website","url":"https:\/\/zenkit.com\/es\/","name":"Zenkit","description":"Zenkit Tagline","potentialAction":[{"@type":"SearchAction","target":{"@type":"EntryPoint","urlTemplate":"https:\/\/zenkit.com\/es\/?s={search_term_string}"},"query-input":{"@type":"PropertyValueSpecification","valueRequired":true,"valueName":"search_term_string"}}],"inLanguage":"es"},false]}},"yasr_visitor_votes":{"stars_attributes":{"read_only":false,"span_bottom":false},"number_of_votes":0,"sum_votes":0},"_links":{"self":[{"href":"https:\/\/zenkit.com\/es\/wp-json\/wp\/v2\/pages\/647","targetHints":{"allow":["GET"]}}],"collection":[{"href":"https:\/\/zenkit.com\/es\/wp-json\/wp\/v2\/pages"}],"about":[{"href":"https:\/\/zenkit.com\/es\/wp-json\/wp\/v2\/types\/page"}],"author":[{"embeddable":true,"href":"https:\/\/zenkit.com\/es\/wp-json\/wp\/v2\/users\/1"}],"replies":[{"embeddable":true,"href":"https:\/\/zenkit.com\/es\/wp-json\/wp\/v2\/comments?post=647"}],"version-history":[{"count":2,"href":"https:\/\/zenkit.com\/es\/wp-json\/wp\/v2\/pages\/647\/revisions"}],"predecessor-version":[{"id":125817,"href":"https:\/\/zenkit.com\/es\/wp-json\/wp\/v2\/pages\/647\/revisions\/125817"}],"wp:attachment":[{"href":"https:\/\/zenkit.com\/es\/wp-json\/wp\/v2\/media?parent=647"}],"curies":[{"name":"wp","href":"https:\/\/api.w.org\/{rel}","templated":true}]}}