{"id":65420,"date":"2019-04-10T14:06:48","date_gmt":"2019-04-10T12:06:48","guid":{"rendered":"https:\/\/zenkit.com\/base\/integraciones\/storychief\/"},"modified":"2025-11-04T06:53:12","modified_gmt":"2025-11-04T05:53:12","slug":"storychief","status":"publish","type":"page","link":"https:\/\/zenkit.com\/es\/integraciones\/storychief\/","title":{"rendered":"StoryChief"},"content":{"rendered":"\n<div style=\"height:45px;--tablet-height:45px;--mobile-height:16px\" class=\"wp-block-lookeen-blocks-responsive-spacer\"><\/div>\n\n\n\n<div class=\"wp-block-group has-global-padding is-layout-constrained wp-block-group-is-layout-constrained\">\n<div class=\"wp-block-columns is-layout-flex wp-container-core-columns-is-layout-467d341d wp-block-columns-is-layout-flex\" id=\"main__integrations\" style=\"margin-top:0px;margin-bottom:0px\">\n<div class=\"wp-block-column side__bar__integrations is-layout-flow wp-block-column-is-layout-flow\" style=\"flex-basis:23%\">\n<h2 class=\"wp-block-heading has-da-blue-color-new has-text-color has-link-color wp-elements-af7390c2cce0abea303876fa405e5592\" style=\"margin-top:0px;margin-bottom:0px;font-size:16px;line-height:1.5\">Integraciones de automatizaci\u00f3n de marketing<\/h2>\n\n\n<nav class=\"is-vertical integrations__menu wp-block-navigation is-layout-flex wp-container-core-navigation-is-layout-5f9f5280 wp-block-navigation-is-layout-flex\" aria-label=\"es-marketing-automation-2-integrations\"><ul class=\"wp-block-navigation__container  is-vertical integrations__menu wp-block-navigation\"><li class=\" wp-block-navigation-item wp-block-navigation-link\"><a class=\"wp-block-navigation-item__content\"  href=\"https:\/\/zenkit.com\/es\/integraciones\/leadboxer\/\"><span class=\"wp-block-navigation-item__label\">LeadBoxer<\/span><\/a><\/li><li class=\" wp-block-navigation-item wp-block-navigation-link\"><a class=\"wp-block-navigation-item__content\"  href=\"https:\/\/zenkit.com\/es\/integraciones\/mailjet\/\"><span class=\"wp-block-navigation-item__label\">Mailjet<\/span><\/a><\/li><li class=\" wp-block-navigation-item wp-block-navigation-link\"><a class=\"wp-block-navigation-item__content\"  href=\"https:\/\/zenkit.com\/es\/integraciones\/moosend\/\"><span class=\"wp-block-navigation-item__label\">Moosend<\/span><\/a><\/li><li class=\" wp-block-navigation-item wp-block-navigation-link\"><a class=\"wp-block-navigation-item__content\"  href=\"https:\/\/zenkit.com\/es\/integraciones\/parseur\/\"><span class=\"wp-block-navigation-item__label\">Parseur<\/span><\/a><\/li><li class=\" wp-block-navigation-item wp-block-navigation-link\"><a class=\"wp-block-navigation-item__content\"  href=\"https:\/\/zenkit.com\/es\/integraciones\/sakari-sms\/\"><span class=\"wp-block-navigation-item__label\">Sakari SMS<\/span><\/a><\/li><li class=\" wp-block-navigation-item wp-block-navigation-link\"><a class=\"wp-block-navigation-item__content\"  href=\"https:\/\/zenkit.com\/es\/integraciones\/sendinblue\/\"><span class=\"wp-block-navigation-item__label\">SendinBlue<\/span><\/a><\/li><li class=\" wp-block-navigation-item wp-block-navigation-link\"><a class=\"wp-block-navigation-item__content\"  href=\"https:\/\/zenkit.com\/es\/integraciones\/sharpspring\/\"><span class=\"wp-block-navigation-item__label\">SharpSpring<\/span><\/a><\/li><li class=\" wp-block-navigation-item wp-block-navigation-link\"><a class=\"wp-block-navigation-item__content\"  href=\"https:\/\/zenkit.com\/es\/integraciones\/simpletexting\/\"><span class=\"wp-block-navigation-item__label\">SimpleTexting<\/span><\/a><\/li><li class=\" wp-block-navigation-item wp-block-navigation-link\"><a class=\"wp-block-navigation-item__content\"  href=\"https:\/\/zenkit.com\/es\/integraciones\/smsapi\/\"><span class=\"wp-block-navigation-item__label\">SMSAPI<\/span><\/a><\/li><li class=\" wp-block-navigation-item wp-block-navigation-link\"><a class=\"wp-block-navigation-item__content\"  href=\"https:\/\/zenkit.com\/es\/integraciones\/smsfactor\/\"><span class=\"wp-block-navigation-item__label\">SMSFactor<\/span><\/a><\/li><li class=\" wp-block-navigation-item wp-block-navigation-link\"><a class=\"wp-block-navigation-item__content\"  href=\"https:\/\/zenkit.com\/es\/integraciones\/storychief\/\"><span class=\"wp-block-navigation-item__label\">StoryChief<\/span><\/a><\/li><li class=\" wp-block-navigation-item wp-block-navigation-link\"><a class=\"wp-block-navigation-item__content\"  href=\"https:\/\/zenkit.com\/es\/integraciones\/thankster\/\"><span class=\"wp-block-navigation-item__label\">Thankster<\/span><\/a><\/li><li class=\" wp-block-navigation-item wp-block-navigation-link\"><a class=\"wp-block-navigation-item__content\"  href=\"https:\/\/zenkit.com\/es\/integraciones\/whatconverts\/\"><span class=\"wp-block-navigation-item__label\">WhatConverts<\/span><\/a><\/li><\/ul><\/nav><\/div>\n\n\n\n<div class=\"wp-block-column content__integrations is-layout-flow wp-block-column-is-layout-flow\" style=\"flex-basis:77%\">\n<div class=\"wp-block-group has-global-padding is-layout-constrained wp-block-group-is-layout-constrained\">\n<div class=\"wp-block-group title is-layout-flex wp-container-core-group-is-layout-ed4b00df wp-block-group-is-layout-flex\">\n<figure class=\"wp-block-image size-full is-resized\"><img loading=\"lazy\" decoding=\"async\" width=\"1000\" height=\"1021\" src=\"https:\/\/zenkit.com\/wp-content\/uploads\/2025\/07\/storychief.webp\" alt=\"\" class=\"wp-image-118149\" style=\"width:auto;height:46px\" srcset=\"https:\/\/zenkit.com\/wp-content\/uploads\/2025\/07\/storychief.webp 1000w, https:\/\/zenkit.com\/wp-content\/uploads\/2025\/07\/storychief-294x300.webp 294w, https:\/\/zenkit.com\/wp-content\/uploads\/2025\/07\/storychief-768x784.webp 768w\" sizes=\"auto, (max-width: 1000px) 100vw, 1000px\" \/><\/figure>\n\n\n\n<h1 class=\"wp-block-heading\">StoryChief &amp; Zenkit<\/h1>\n<\/div>\n\n\n\n<div class=\"wp-block-group has-global-padding is-layout-constrained wp-block-group-is-layout-constrained\">\n<h3 class=\"wp-block-heading\">Conecte sus cuentas de Zenkit y StoryChief<\/h3>\n\n\n\n<p>Conecte con StoryChief para crear historias \u00fanicas de items Zenkit y sincronice la captura de clientes potenciales de las historias a su base de datos de Zenkit.<\/p>\n<\/div>\n<\/div>\n\n\n\n<div style=\"height:48px;--tablet-height:36px;--mobile-height:24px\" class=\"wp-block-lookeen-blocks-responsive-spacer\"><\/div>\n\n\n\n<div class=\"wp-block-group has-global-padding is-layout-constrained wp-block-group-is-layout-constrained\">\n<figure class=\"wp-block-video\"><video controls src=\"https:\/\/zenkit.com\/wp-content\/uploads\/2019\/04\/StoryChief-Demo.mp4\"><\/video><\/figure>\n<\/div>\n\n\n\n<div style=\"height:48px;--tablet-height:36px;--mobile-height:24px\" class=\"wp-block-lookeen-blocks-responsive-spacer\"><\/div>\n\n\n\n<div class=\"wp-block-group has-global-padding is-layout-constrained wp-block-group-is-layout-constrained\">\n<h3 class=\"wp-block-heading display-h2\">Acerca StoryChief<\/h3>\n\n\n\n<p><a href=\"https:\/\/storychief.io\/\">StoryChief<\/a>&nbsp;es una herramienta de automatizaci\u00f3n de contenido de marketing que ayuda a startups, comerciantes SEO y equipos de editorial. Le permite tener m\u00e1s alcance y clientes potenciales con sus art\u00edculos, podcast y videos. Colabore con su equipo en contenido interactivo, optimice historias para buscadores o incluso contrate expertos para crear historias para usted.<\/p>\n\n\n\n<p>Sus historias pueden ser publicadas en m\u00faltiples canales con un solo clic. Con la habilidad para ahorrar hasta cuatro horas por historia en distribuci\u00f3n, usted puede enfocarse en la calidad de las historias. StoryChief tambi\u00e9n provee un dashboard claro para rastrear el desempe\u00f1o a trav\u00e9s de todos sus canales. Para m\u00e1s informaci\u00f3n, por favor visite:&nbsp;<a href=\"https:\/\/storychief.io\/\">https:\/\/storychief.io\/<\/a><\/p>\n<\/div>\n\n\n\n<div style=\"height:48px;--tablet-height:36px;--mobile-height:24px\" class=\"wp-block-lookeen-blocks-responsive-spacer\"><\/div>\n\n\n\n<div class=\"wp-block-group has-global-padding is-layout-constrained wp-block-group-is-layout-constrained\">\n<h3 class=\"wp-block-heading display-h2\">Conectar StoryChief y Zenkit<\/h3>\n\n\n\n<ol class=\"wp-block-list list__style__position-inside\">\n<li><a href=\"https:\/\/zapier.com\/sign-up\/\">Registrarse<\/a>\u00a0a una cuenta Zapier para obtener acceso a Zapier.<\/li>\n\n\n\n<li><a href=\"https:\/\/app.storychief.io\/register\">Crear una cuenta\u00a0<\/a>con StoryChief.<\/li>\n\n\n\n<li>Inicie sesi\u00f3n en Zapier y dir\u00edjase a la\u00a0<a href=\"https:\/\/zapier.com\/apps\/zenkit\/integrations\/storychief\">Zenkit + StoryChief Zapbook\u00a0<\/a>para encontrar plantillas Zap.<\/li>\n\n\n\n<li>O escoja crear su propia integraci\u00f3n Zenkit y StoryChief seleccionandolos cuando cree una zap.<\/li>\n<\/ol>\n<\/div>\n\n\n\n<div style=\"height:48px;--tablet-height:36px;--mobile-height:24px\" class=\"wp-block-lookeen-blocks-responsive-spacer\"><\/div>\n\n\n\n<div class=\"wp-block-group has-global-padding is-layout-constrained wp-block-group-is-layout-constrained\">\n<script type=\"text\/javascript\" src=\"https:\/\/zapier.com\/apps\/embed\/widget.js?guided_zaps=60371\"><\/script>\n<\/div>\n\n\n\n<div style=\"height:48px;--tablet-height:36px;--mobile-height:24px\" class=\"wp-block-lookeen-blocks-responsive-spacer\"><\/div>\n\n\n\n<div class=\"wp-block-group has-global-padding is-layout-constrained wp-block-group-is-layout-constrained\">\n<h3 class=\"wp-block-heading display-h2\">Servicio T\u00e9cnico<\/h3>\n\n\n\n<p>Respaldado por Zapier: Por favor contacte con el&nbsp;<a href=\"https:\/\/zapier.com\/help\/contact-us\/\">servicio t\u00e9cnico de Zapier<\/a>, si usted experimenta cualquier problema. Para m\u00e1s informaci\u00f3n sobre c\u00f3mo utilizar Zenkit con Zapier, por favor lea nuestra&nbsp;<a href=\"https:\/\/zenkit.com\/documentation#\/lists\/HJQBQ1Hw\/sections\/SJYE55zA\/entries\/BJGOKQtA?_k=hyyynn\">documentaci\u00f3n<\/a>.<\/p>\n<\/div>\n<\/div>\n<\/div>\n<\/div>\n\n\n\n<div style=\"height:110px;--tablet-height:60px;--mobile-height:48px\" class=\"wp-block-lookeen-blocks-responsive-spacer\"><\/div>\n","protected":false},"excerpt":{"rendered":"<p>Integraciones de automatizaci\u00f3n de marketing StoryChief &amp; Zenkit Conecte sus cuentas de Zenkit y StoryChief Conecte con StoryChief para crear historias \u00fanicas de items Zenkit y sincronice la captura de clientes potenciales de las historias a su base de datos de Zenkit. Acerca StoryChief StoryChief&nbsp;es una herramienta de automatizaci\u00f3n de contenido de marketing que ayuda [&hellip;]<\/p>\n","protected":false},"author":15,"featured_media":0,"parent":127380,"menu_order":56,"comment_status":"closed","ping_status":"closed","template":"","meta":{"yasr_overall_rating":0,"yasr_post_is_review":"","yasr_auto_insert_disabled":"","yasr_review_type":"","footnotes":""},"class_list":["post-65420","page","type-page","status-publish","hentry"],"yoast_head":"<!-- This site is optimized with the Yoast SEO plugin v27.3 - https:\/\/yoast.com\/product\/yoast-seo-wordpress\/ -->\n<title>StoryChief | Zenkit<\/title>\n<meta name=\"description\" content=\"Zenkit&#039;s integration with StoryChief allows you to automatically sync ideas and contacts. Learn how this integration can grow with you.\" \/>\n<meta name=\"robots\" content=\"index, follow, max-snippet:-1, max-image-preview:large, max-video-preview:-1\" \/>\n<link rel=\"canonical\" href=\"https:\/\/zenkit.com\/es\/integraciones\/storychief\/\" \/>\n<meta property=\"og:locale\" content=\"es_ES\" \/>\n<meta property=\"og:type\" content=\"article\" \/>\n<meta property=\"og:title\" content=\"StoryChief | Zenkit\" \/>\n<meta property=\"og:description\" content=\"Zenkit&#039;s integration with StoryChief allows you to automatically sync ideas and contacts. Learn how this integration can grow with you.\" \/>\n<meta property=\"og:url\" content=\"https:\/\/zenkit.com\/es\/integraciones\/storychief\/\" \/>\n<meta property=\"og:site_name\" content=\"Zenkit\" \/>\n<meta property=\"article:publisher\" content=\"https:\/\/www.facebook.com\/ZenkitHQ\" \/>\n<meta property=\"article:modified_time\" content=\"2025-11-04T05:53:12+00:00\" \/>\n<meta property=\"og:image\" content=\"https:\/\/zenkit.com\/wp-content\/uploads\/2025\/07\/storychief.webp\" \/>\n<meta name=\"twitter:card\" content=\"summary_large_image\" \/>\n<meta name=\"twitter:site\" content=\"@ZenkitHQ\" \/>\n<meta name=\"twitter:label1\" content=\"Tiempo de lectura\" \/>\n\t<meta name=\"twitter:data1\" content=\"1 minuto\" \/>\n<script type=\"application\/ld+json\" class=\"yoast-schema-graph\">{\"@context\":\"https:\\\/\\\/schema.org\",\"@graph\":[{\"@type\":\"WebPage\",\"@id\":\"https:\\\/\\\/zenkit.com\\\/es\\\/integraciones\\\/storychief\\\/\",\"url\":\"https:\\\/\\\/zenkit.com\\\/es\\\/integraciones\\\/storychief\\\/\",\"name\":\"StoryChief | Zenkit\",\"isPartOf\":{\"@id\":\"https:\\\/\\\/zenkit.com\\\/es\\\/#website\"},\"primaryImageOfPage\":{\"@id\":\"https:\\\/\\\/zenkit.com\\\/es\\\/integraciones\\\/storychief\\\/#primaryimage\"},\"image\":{\"@id\":\"https:\\\/\\\/zenkit.com\\\/es\\\/integraciones\\\/storychief\\\/#primaryimage\"},\"thumbnailUrl\":\"https:\\\/\\\/zenkit.com\\\/wp-content\\\/uploads\\\/2025\\\/07\\\/storychief.webp\",\"datePublished\":\"2019-04-10T12:06:48+00:00\",\"dateModified\":\"2025-11-04T05:53:12+00:00\",\"description\":\"Zenkit's integration with StoryChief allows you to automatically sync ideas and contacts. Learn how this integration can grow with you.\",\"breadcrumb\":{\"@id\":\"https:\\\/\\\/zenkit.com\\\/es\\\/integraciones\\\/storychief\\\/#breadcrumb\"},\"inLanguage\":\"es\",\"potentialAction\":[{\"@type\":\"ReadAction\",\"target\":[\"https:\\\/\\\/zenkit.com\\\/es\\\/integraciones\\\/storychief\\\/\"]}]},{\"@type\":\"ImageObject\",\"inLanguage\":\"es\",\"@id\":\"https:\\\/\\\/zenkit.com\\\/es\\\/integraciones\\\/storychief\\\/#primaryimage\",\"url\":\"https:\\\/\\\/zenkit.com\\\/wp-content\\\/uploads\\\/2025\\\/07\\\/storychief.webp\",\"contentUrl\":\"https:\\\/\\\/zenkit.com\\\/wp-content\\\/uploads\\\/2025\\\/07\\\/storychief.webp\"},{\"@type\":\"BreadcrumbList\",\"@id\":\"https:\\\/\\\/zenkit.com\\\/es\\\/integraciones\\\/storychief\\\/#breadcrumb\",\"itemListElement\":[{\"@type\":\"ListItem\",\"position\":1,\"name\":\"Home\",\"item\":\"https:\\\/\\\/zenkit.com\\\/es\\\/\"},{\"@type\":\"ListItem\",\"position\":2,\"name\":\"Integraciones\",\"item\":\"https:\\\/\\\/zenkit.com\\\/es\\\/integraciones\\\/\"},{\"@type\":\"ListItem\",\"position\":3,\"name\":\"StoryChief\"}]},{\"@type\":\"WebSite\",\"@id\":\"https:\\\/\\\/zenkit.com\\\/es\\\/#website\",\"url\":\"https:\\\/\\\/zenkit.com\\\/es\\\/\",\"name\":\"Zenkit\",\"description\":\"Zenkit Tagline\",\"potentialAction\":[{\"@type\":\"SearchAction\",\"target\":{\"@type\":\"EntryPoint\",\"urlTemplate\":\"https:\\\/\\\/zenkit.com\\\/es\\\/?s={search_term_string}\"},\"query-input\":{\"@type\":\"PropertyValueSpecification\",\"valueRequired\":true,\"valueName\":\"search_term_string\"}}],\"inLanguage\":\"es\"},false]}<\/script>\n<!-- \/ Yoast SEO plugin. -->","yoast_head_json":{"title":"StoryChief | Zenkit","description":"Zenkit's integration with StoryChief allows you to automatically sync ideas and contacts. Learn how this integration can grow with you.","robots":{"index":"index","follow":"follow","max-snippet":"max-snippet:-1","max-image-preview":"max-image-preview:large","max-video-preview":"max-video-preview:-1"},"canonical":"https:\/\/zenkit.com\/es\/integraciones\/storychief\/","og_locale":"es_ES","og_type":"article","og_title":"StoryChief | Zenkit","og_description":"Zenkit's integration with StoryChief allows you to automatically sync ideas and contacts. Learn how this integration can grow with you.","og_url":"https:\/\/zenkit.com\/es\/integraciones\/storychief\/","og_site_name":"Zenkit","article_publisher":"https:\/\/www.facebook.com\/ZenkitHQ","article_modified_time":"2025-11-04T05:53:12+00:00","og_image":[{"url":"https:\/\/zenkit.com\/wp-content\/uploads\/2025\/07\/storychief.webp","type":"","width":"","height":""}],"twitter_card":"summary_large_image","twitter_site":"@ZenkitHQ","twitter_misc":{"Tiempo de lectura":"1 minuto"},"schema":{"@context":"https:\/\/schema.org","@graph":[{"@type":"WebPage","@id":"https:\/\/zenkit.com\/es\/integraciones\/storychief\/","url":"https:\/\/zenkit.com\/es\/integraciones\/storychief\/","name":"StoryChief | Zenkit","isPartOf":{"@id":"https:\/\/zenkit.com\/es\/#website"},"primaryImageOfPage":{"@id":"https:\/\/zenkit.com\/es\/integraciones\/storychief\/#primaryimage"},"image":{"@id":"https:\/\/zenkit.com\/es\/integraciones\/storychief\/#primaryimage"},"thumbnailUrl":"https:\/\/zenkit.com\/wp-content\/uploads\/2025\/07\/storychief.webp","datePublished":"2019-04-10T12:06:48+00:00","dateModified":"2025-11-04T05:53:12+00:00","description":"Zenkit's integration with StoryChief allows you to automatically sync ideas and contacts. Learn how this integration can grow with you.","breadcrumb":{"@id":"https:\/\/zenkit.com\/es\/integraciones\/storychief\/#breadcrumb"},"inLanguage":"es","potentialAction":[{"@type":"ReadAction","target":["https:\/\/zenkit.com\/es\/integraciones\/storychief\/"]}]},{"@type":"ImageObject","inLanguage":"es","@id":"https:\/\/zenkit.com\/es\/integraciones\/storychief\/#primaryimage","url":"https:\/\/zenkit.com\/wp-content\/uploads\/2025\/07\/storychief.webp","contentUrl":"https:\/\/zenkit.com\/wp-content\/uploads\/2025\/07\/storychief.webp"},{"@type":"BreadcrumbList","@id":"https:\/\/zenkit.com\/es\/integraciones\/storychief\/#breadcrumb","itemListElement":[{"@type":"ListItem","position":1,"name":"Home","item":"https:\/\/zenkit.com\/es\/"},{"@type":"ListItem","position":2,"name":"Integraciones","item":"https:\/\/zenkit.com\/es\/integraciones\/"},{"@type":"ListItem","position":3,"name":"StoryChief"}]},{"@type":"WebSite","@id":"https:\/\/zenkit.com\/es\/#website","url":"https:\/\/zenkit.com\/es\/","name":"Zenkit","description":"Zenkit Tagline","potentialAction":[{"@type":"SearchAction","target":{"@type":"EntryPoint","urlTemplate":"https:\/\/zenkit.com\/es\/?s={search_term_string}"},"query-input":{"@type":"PropertyValueSpecification","valueRequired":true,"valueName":"search_term_string"}}],"inLanguage":"es"},false]}},"yasr_visitor_votes":{"stars_attributes":{"read_only":false,"span_bottom":false},"number_of_votes":0,"sum_votes":0},"_links":{"self":[{"href":"https:\/\/zenkit.com\/es\/wp-json\/wp\/v2\/pages\/65420","targetHints":{"allow":["GET"]}}],"collection":[{"href":"https:\/\/zenkit.com\/es\/wp-json\/wp\/v2\/pages"}],"about":[{"href":"https:\/\/zenkit.com\/es\/wp-json\/wp\/v2\/types\/page"}],"author":[{"embeddable":true,"href":"https:\/\/zenkit.com\/es\/wp-json\/wp\/v2\/users\/15"}],"replies":[{"embeddable":true,"href":"https:\/\/zenkit.com\/es\/wp-json\/wp\/v2\/comments?post=65420"}],"version-history":[{"count":1,"href":"https:\/\/zenkit.com\/es\/wp-json\/wp\/v2\/pages\/65420\/revisions"}],"predecessor-version":[{"id":131634,"href":"https:\/\/zenkit.com\/es\/wp-json\/wp\/v2\/pages\/65420\/revisions\/131634"}],"up":[{"embeddable":true,"href":"https:\/\/zenkit.com\/es\/wp-json\/wp\/v2\/pages\/127380"}],"wp:attachment":[{"href":"https:\/\/zenkit.com\/es\/wp-json\/wp\/v2\/media?parent=65420"}],"curies":[{"name":"wp","href":"https:\/\/api.w.org\/{rel}","templated":true}]}}