{"id":71370,"date":"2021-03-24T10:13:13","date_gmt":"2021-03-24T09:13:13","guid":{"rendered":"https:\/\/zenkit.com\/microsoftproject-alternative\/"},"modified":"2025-11-04T06:53:14","modified_gmt":"2025-11-04T05:53:14","slug":"microsoftproject-alternative","status":"publish","type":"page","link":"https:\/\/zenkit.com\/es\/alternatives\/microsoftproject-alternative\/","title":{"rendered":"Microsoft Project Alternative"},"content":{"rendered":"\n<div class=\"wp-block-group has-global-padding is-layout-constrained wp-block-group-is-layout-constrained\">\n<div class=\"wp-block-group has-global-padding is-layout-constrained wp-container-core-group-is-layout-5bc7cfa1 wp-block-group-is-layout-constrained\">\n<div style=\"height:45px;--tablet-height:45px;--mobile-height:16px\" class=\"wp-block-lookeen-blocks-responsive-spacer\"><\/div>\n\n\n\n<h1 class=\"wp-block-heading has-text-align-center has-da-blue-color-new has-text-color has-link-color wp-elements-67928b32bb8c557691867a9ba755c7ff\" style=\"margin-bottom:8px;font-size:24px;line-height:1.5\">Zenkit como una Alternativa a Microsoft Project<\/h1>\n\n\n\n<h2 class=\"wp-block-heading has-text-align-center display-h1\">Microsoft Project es un producto de software de administraci\u00f3n de proyectos.<\/h2>\n\n\n\n<div style=\"height:48px;--tablet-height:36px;--mobile-height:24px\" class=\"wp-block-lookeen-blocks-responsive-spacer\"><\/div>\n\n\n\n<p class=\"has-text-align-center\">Ayuda a los directores de proyectos permiti\u00e9ndoles desarrollar programas, asignar tareas a los miembros, realizar un seguimiento del progreso y analizar las cargas de trabajo. Pero, \u00bfqu\u00e9 sucede si necesita m\u00e1s simplicidad en la forma en que usted y su equipo colaboran y realizan un seguimiento de los datos que m\u00e1s le importan?<\/p>\n\n\n\n<p class=\"has-text-align-center\">Con Zenkit, hemos desarrollado una soluci\u00f3n a la administraci\u00f3n de proyectos en l\u00ednea que apoya a equipos al mismo tiempo que estos crecen y evolucionan. Creemos en el poder de tener una estructura fuerte que permite concentrarse en completar tareas. Por eso le proveemos de un apoyo ilimitado en su flujo de trabajo \u2013 d\u00e1ndole una estructura que puede personalizar de la manera que mejor le funcione. Si est\u00e1 buscando una alternativa completa a Microsoft Project, \u00a1d\u00e9 a Zenkit una oportunidad!<\/p>\n<\/div>\n<\/div>\n\n\n\n<div class=\"wp-block-group badges__section has-global-padding is-layout-constrained wp-block-group-is-layout-constrained\">\n<div style=\"height:88px;--tablet-height:60px;--mobile-height:45px\" class=\"wp-block-lookeen-blocks-responsive-spacer\"><\/div>\n\n\n\n<div class=\"wp-block-group has-global-padding is-layout-constrained wp-block-group-is-layout-constrained\">\n<div class=\"wp-block-zenkit-blocks-flexible-table comparison--table first__cell__inrow_header table-cell-mw-318px-desktop h-scroll-mobile\"><table><tbody>\n<tr class=\"wp-block-zenkit-blocks-flexible-table-row table-row\">\n<td class=\"wp-block-zenkit-blocks-flexible-table-cell table-cell\">\n<p class=\"has-text-align-left has-da-blue-color-new has-text-color has-link-color wp-elements-746ce9bbff6fa97ce967ace86c25c47d\" style=\"font-size:22px;font-style:normal;font-weight:700;line-height:1.36\"><\/p>\n<\/td>\n\n\n\n<td class=\"wp-block-zenkit-blocks-flexible-table-cell table-cell\">\n<p class=\"has-text-align-center has-da-blue-color-new has-text-color has-link-color wp-elements-429fad5a83f295a11462fad8d92fa114\" style=\"font-size:22px;font-style:normal;font-weight:700;line-height:1.36\">Microsoft Project<\/p>\n<\/td>\n\n\n\n<td class=\"wp-block-zenkit-blocks-flexible-table-cell table-cell\">\n<p class=\"has-text-align-center has-da-blue-color-new has-text-color has-link-color wp-elements-6af59828f4d8ada9a190d70ae1051521\" style=\"font-size:22px;font-style:normal;font-weight:700;line-height:1.36\">Zenkit<\/p>\n<\/td>\n<\/tr>\n\n\n\n<tr class=\"wp-block-zenkit-blocks-flexible-table-row table-row\">\n<td class=\"wp-block-zenkit-blocks-flexible-table-cell table-cell\">\n<p>\u2705 Gesti\u00f3n de tareas y proyectos<\/p>\n<\/td>\n\n\n\n<td class=\"wp-block-zenkit-blocks-flexible-table-cell table-cell\">\n<figure class=\"wp-block-image size-full is-resized\"><img decoding=\"async\" src=\"https:\/\/zenkit.com\/wp-content\/uploads\/2025\/06\/check.svg\" alt=\"\" class=\"wp-image-115965\" style=\"width:18px\"\/><\/figure>\n<\/td>\n\n\n\n<td class=\"wp-block-zenkit-blocks-flexible-table-cell table-cell\">\n<figure class=\"wp-block-image size-full is-resized\"><img decoding=\"async\" src=\"https:\/\/zenkit.com\/wp-content\/uploads\/2025\/06\/check.svg\" alt=\"\" class=\"wp-image-115965\" style=\"width:18px\"\/><\/figure>\n<\/td>\n<\/tr>\n\n\n\n<tr class=\"wp-block-zenkit-blocks-flexible-table-row table-row\">\n<td class=\"wp-block-zenkit-blocks-flexible-table-cell table-cell\">\n<p>\ud83d\udccb Kanban,listado,Gantt<\/p>\n<\/td>\n\n\n\n<td class=\"wp-block-zenkit-blocks-flexible-table-cell table-cell\">\n<figure class=\"wp-block-image size-full is-resized\"><img decoding=\"async\" src=\"https:\/\/zenkit.com\/wp-content\/uploads\/2025\/06\/check.svg\" alt=\"\" class=\"wp-image-115965\" style=\"width:18px\"\/><\/figure>\n<\/td>\n\n\n\n<td class=\"wp-block-zenkit-blocks-flexible-table-cell table-cell\">\n<figure class=\"wp-block-image size-full is-resized\"><img decoding=\"async\" src=\"https:\/\/zenkit.com\/wp-content\/uploads\/2025\/06\/check.svg\" alt=\"\" class=\"wp-image-115965\" style=\"width:18px\"\/><\/figure>\n<\/td>\n<\/tr>\n\n\n\n<tr class=\"wp-block-zenkit-blocks-flexible-table-row table-row\">\n<td class=\"wp-block-zenkit-blocks-flexible-table-cell table-cell\">\n<p>\ud83e\udd16 Integraci\u00f3n Zapier para automatizaciones<\/p>\n<\/td>\n\n\n\n<td class=\"wp-block-zenkit-blocks-flexible-table-cell table-cell\">\n<figure class=\"wp-block-image size-full is-resized\"><img decoding=\"async\" src=\"https:\/\/zenkit.com\/wp-content\/uploads\/2025\/06\/check.svg\" alt=\"\" class=\"wp-image-115965\" style=\"width:18px\"\/><\/figure>\n<\/td>\n\n\n\n<td class=\"wp-block-zenkit-blocks-flexible-table-cell table-cell\">\n<figure class=\"wp-block-image size-full is-resized\"><img decoding=\"async\" src=\"https:\/\/zenkit.com\/wp-content\/uploads\/2025\/06\/check.svg\" alt=\"\" class=\"wp-image-115965\" style=\"width:18px\"\/><\/figure>\n<\/td>\n<\/tr>\n\n\n\n<tr class=\"wp-block-zenkit-blocks-flexible-table-row table-row\">\n<td class=\"wp-block-zenkit-blocks-flexible-table-cell table-cell\">\n<p>\ud83d\udcd6 Wikis y documentaci\u00f3n<\/p>\n<\/td>\n\n\n\n<td class=\"wp-block-zenkit-blocks-flexible-table-cell table-cell\">\n<figure class=\"wp-block-image size-full is-resized\"><img decoding=\"async\" src=\"https:\/\/zenkit.com\/wp-content\/uploads\/2025\/06\/check.svg\" alt=\"\" class=\"wp-image-115965\" style=\"width:18px\"\/><\/figure>\n<\/td>\n\n\n\n<td class=\"wp-block-zenkit-blocks-flexible-table-cell table-cell\">\n<figure class=\"wp-block-image size-full is-resized\"><img decoding=\"async\" src=\"https:\/\/zenkit.com\/wp-content\/uploads\/2025\/06\/check.svg\" alt=\"\" class=\"wp-image-115965\" style=\"width:18px\"\/><\/figure>\n<\/td>\n<\/tr>\n\n\n\n<tr class=\"wp-block-zenkit-blocks-flexible-table-row table-row\">\n<td class=\"wp-block-zenkit-blocks-flexible-table-cell table-cell\">\n<p>\ud83d\udcac Chats de grupos y mensajes directos<\/p>\n<\/td>\n\n\n\n<td class=\"wp-block-zenkit-blocks-flexible-table-cell table-cell\">\n<figure class=\"wp-block-image size-full is-resized\"><img decoding=\"async\" src=\"https:\/\/zenkit.com\/wp-content\/uploads\/2025\/06\/check.svg\" alt=\"\" class=\"wp-image-115965\" style=\"width:18px\"\/><\/figure>\n<\/td>\n\n\n\n<td class=\"wp-block-zenkit-blocks-flexible-table-cell table-cell\">\n<figure class=\"wp-block-image size-full is-resized\"><img decoding=\"async\" src=\"https:\/\/zenkit.com\/wp-content\/uploads\/2025\/06\/check.svg\" alt=\"\" class=\"wp-image-115965\" style=\"width:18px\"\/><\/figure>\n<\/td>\n<\/tr>\n\n\n\n<tr class=\"wp-block-zenkit-blocks-flexible-table-row table-row\">\n<td class=\"wp-block-zenkit-blocks-flexible-table-cell table-cell\">\n<p>\ud83c\udf0d Disponible en 10+ idiomas<\/p>\n<\/td>\n\n\n\n<td class=\"wp-block-zenkit-blocks-flexible-table-cell table-cell\">\n<figure class=\"wp-block-image size-full is-resized\"><img decoding=\"async\" src=\"https:\/\/zenkit.com\/wp-content\/uploads\/2025\/06\/check.svg\" alt=\"\" class=\"wp-image-115965\" style=\"width:18px\"\/><\/figure>\n<\/td>\n\n\n\n<td class=\"wp-block-zenkit-blocks-flexible-table-cell table-cell\">\n<figure class=\"wp-block-image size-full is-resized\"><img decoding=\"async\" src=\"https:\/\/zenkit.com\/wp-content\/uploads\/2025\/06\/check.svg\" alt=\"\" class=\"wp-image-115965\" style=\"width:18px\"\/><\/figure>\n<\/td>\n<\/tr>\n\n\n\n<tr class=\"wp-block-zenkit-blocks-flexible-table-row table-row\">\n<td class=\"wp-block-zenkit-blocks-flexible-table-cell table-cell\">\n<p>\ud83d\udcde Consulta gratuita inicial en alem\u00e1n<\/p>\n<\/td>\n\n\n\n<td class=\"wp-block-zenkit-blocks-flexible-table-cell table-cell\">\n<figure class=\"wp-block-image size-full is-resized\"><img decoding=\"async\" src=\"https:\/\/zenkit.com\/wp-content\/uploads\/2025\/06\/cross.svg\" alt=\"\" class=\"wp-image-115982\" style=\"width:18px\"\/><\/figure>\n<\/td>\n\n\n\n<td class=\"wp-block-zenkit-blocks-flexible-table-cell table-cell\">\n<figure class=\"wp-block-image size-full is-resized\"><img decoding=\"async\" src=\"https:\/\/zenkit.com\/wp-content\/uploads\/2025\/06\/check.svg\" alt=\"\" class=\"wp-image-115965\" style=\"width:18px\"\/><\/figure>\n<\/td>\n<\/tr>\n\n\n\n<tr class=\"wp-block-zenkit-blocks-flexible-table-row table-row\">\n<td class=\"wp-block-zenkit-blocks-flexible-table-cell table-cell\">\n<p>\ud83c\udde9\ud83c\uddea Servidores localizados en alemania<\/p>\n<\/td>\n\n\n\n<td class=\"wp-block-zenkit-blocks-flexible-table-cell table-cell\">\n<figure class=\"wp-block-image size-full is-resized\"><img decoding=\"async\" src=\"https:\/\/zenkit.com\/wp-content\/uploads\/2025\/06\/cross.svg\" alt=\"\" class=\"wp-image-115982\" style=\"width:18px\"\/><\/figure>\n<\/td>\n\n\n\n<td class=\"wp-block-zenkit-blocks-flexible-table-cell table-cell\">\n<figure class=\"wp-block-image size-full is-resized\"><img decoding=\"async\" src=\"https:\/\/zenkit.com\/wp-content\/uploads\/2025\/06\/check.svg\" alt=\"\" class=\"wp-image-115965\" style=\"width:18px\"\/><\/figure>\n<\/td>\n<\/tr>\n\n\n\n<tr class=\"wp-block-zenkit-blocks-flexible-table-row table-row\">\n<td class=\"wp-block-zenkit-blocks-flexible-table-cell table-cell\">\n<p>\ud83d\udd12 Enfoque en protecci\u00f3n de datos alemana<\/p>\n<\/td>\n\n\n\n<td class=\"wp-block-zenkit-blocks-flexible-table-cell table-cell\">\n<figure class=\"wp-block-image size-full is-resized\"><img decoding=\"async\" src=\"https:\/\/zenkit.com\/wp-content\/uploads\/2025\/06\/cross.svg\" alt=\"\" class=\"wp-image-115982\" style=\"width:18px\"\/><\/figure>\n<\/td>\n\n\n\n<td class=\"wp-block-zenkit-blocks-flexible-table-cell table-cell\">\n<figure class=\"wp-block-image size-full is-resized\"><img decoding=\"async\" src=\"https:\/\/zenkit.com\/wp-content\/uploads\/2025\/06\/check.svg\" alt=\"\" class=\"wp-image-115965\" style=\"width:18px\"\/><\/figure>\n<\/td>\n<\/tr>\n\n\n\n<tr class=\"wp-block-zenkit-blocks-flexible-table-row table-row\">\n<td class=\"wp-block-zenkit-blocks-flexible-table-cell table-cell\">\n<p>\ud83d\udedf Servicio al cliente via email en ingl\u00e9s y en alem\u00e1n<\/p>\n<\/td>\n\n\n\n<td class=\"wp-block-zenkit-blocks-flexible-table-cell table-cell\">\n<figure class=\"wp-block-image size-full is-resized\"><img decoding=\"async\" src=\"https:\/\/zenkit.com\/wp-content\/uploads\/2025\/06\/cross.svg\" alt=\"\" class=\"wp-image-115982\" style=\"width:18px\"\/><\/figure>\n<\/td>\n\n\n\n<td class=\"wp-block-zenkit-blocks-flexible-table-cell table-cell\">\n<figure class=\"wp-block-image size-full is-resized\"><img decoding=\"async\" src=\"https:\/\/zenkit.com\/wp-content\/uploads\/2025\/06\/check.svg\" alt=\"\" class=\"wp-image-115965\" style=\"width:18px\"\/><\/figure>\n<\/td>\n<\/tr>\n<\/tbody><\/table><\/div>\n<\/div>\n\n\n\n<div style=\"height:88px;--tablet-height:60px;--mobile-height:45px\" class=\"wp-block-lookeen-blocks-responsive-spacer\"><\/div>\n<\/div>\n\n\n\n<div class=\"wp-block-group badges__section has-global-padding is-layout-constrained wp-block-group-is-layout-constrained\">\n<div class=\"wp-block-group has-global-padding is-layout-constrained wp-block-group-is-layout-constrained\">\n<div class=\"wp-block-zenkit-blocks-flexible-table comparison--table table-cell-mw-318px-desktop h-scroll-mobile\"><table><tbody>\n<tr class=\"wp-block-zenkit-blocks-flexible-table-row table-row\">\n<td class=\"wp-block-zenkit-blocks-flexible-table-cell table-cell\">\n<p class=\"has-text-align-center has-da-blue-color-new has-text-color has-link-color wp-elements-b9995b3250101c781a511d40dc997063\" style=\"font-size:22px;font-style:normal;font-weight:700;line-height:1.36\">Pros MS Project<\/p>\n<\/td>\n\n\n\n<td class=\"wp-block-zenkit-blocks-flexible-table-cell table-cell\">\n<p class=\"has-text-align-center has-da-blue-color-new has-text-color has-link-color wp-elements-c26dac57997017305d5e134da4e9f83c\" style=\"font-size:22px;font-style:normal;font-weight:700;line-height:1.36\">Contras MS Project<\/p>\n<\/td>\n\n\n\n<td class=\"wp-block-zenkit-blocks-flexible-table-cell table-cell\">\n<p class=\"has-text-align-center has-da-blue-color-new has-text-color has-link-color wp-elements-a061e045c3ce287e967710dbb5a89be1\" style=\"font-size:22px;font-style:normal;font-weight:700;line-height:1.36\">Pros Zenkit<\/p>\n<\/td>\n<\/tr>\n\n\n\n<tr class=\"wp-block-zenkit-blocks-flexible-table-row table-row\">\n<td class=\"wp-block-zenkit-blocks-flexible-table-cell table-cell\">\n<p class=\"has-text-align-center\">Plantillas personalizadas<\/p>\n<\/td>\n\n\n\n<td class=\"wp-block-zenkit-blocks-flexible-table-cell table-cell\">\n<p class=\"has-text-align-center\">Interfaz de usuario desordenada<\/p>\n<\/td>\n\n\n\n<td class=\"wp-block-zenkit-blocks-flexible-table-cell table-cell\">\n<p class=\"has-text-align-center\">Interfaz amigable<\/p>\n<\/td>\n<\/tr>\n\n\n\n<tr class=\"wp-block-zenkit-blocks-flexible-table-row table-row\">\n<td class=\"wp-block-zenkit-blocks-flexible-table-cell table-cell\">\n<p class=\"has-text-align-center\">Integraci\u00f3n con otras herramientas de Microsoft<\/p>\n<\/td>\n\n\n\n<td class=\"wp-block-zenkit-blocks-flexible-table-cell table-cell\">\n<p class=\"has-text-align-center\">Sin actualizaciones en tiempo real sin integraciones<\/p>\n<\/td>\n\n\n\n<td class=\"wp-block-zenkit-blocks-flexible-table-cell table-cell\">\n<p class=\"has-text-align-center\">Colaboraci\u00f3n en tiempo real<\/p>\n<\/td>\n<\/tr>\n\n\n\n<tr class=\"wp-block-zenkit-blocks-flexible-table-row table-row\">\n<td class=\"wp-block-zenkit-blocks-flexible-table-cell table-cell\">\n<p class=\"has-text-align-center\">Ofrece canales de comunicaci\u00f3n<\/p>\n<\/td>\n\n\n\n<td class=\"wp-block-zenkit-blocks-flexible-table-cell table-cell\">\n<p class=\"has-text-align-center\">Curva de aprendizaje pronunciada para nuevos usuarios<\/p>\n<\/td>\n\n\n\n<td class=\"wp-block-zenkit-blocks-flexible-table-cell table-cell\">\n<p class=\"has-text-align-center\">Amplia gama de integraciones<\/p>\n<\/td>\n<\/tr>\n<\/tbody><\/table><\/div>\n<\/div>\n\n\n\n<div style=\"height:88px;--tablet-height:60px;--mobile-height:45px\" class=\"wp-block-lookeen-blocks-responsive-spacer\"><\/div>\n<\/div>\n\n\n\n<div class=\"wp-block-group has-global-padding is-layout-constrained wp-container-core-group-is-layout-7cc94c3e wp-block-group-is-layout-constrained\">\n<figure class=\"wp-block-image aligncenter size-full is-resized\" style=\"margin-bottom:8px\"><img decoding=\"async\" src=\"https:\/\/zenkit.com\/wp-content\/uploads\/2025\/05\/info.svg\" alt=\"Haftungsausschluss\" class=\"wp-image-113476\" style=\"width:36px;height:auto\"\/><\/figure>\n\n\n\n<p class=\"has-text-align-center has-da-grey-1-color has-text-color has-link-color wp-elements-713deeaa25e8c39cfc25a574496b47bf\" style=\"margin-top:0px;margin-bottom:0px;font-style:normal;font-weight:700\"><strong><strong><strong><strong>Descargo de responsabilidad:<\/strong><\/strong><\/strong><\/strong><\/p>\n\n\n\n<p class=\"has-text-align-center\">\u00a0todas las marcas comerciales registradas, nombres de empresas y nombres de marcas utilizados en este sitio web son propiedad de sus respectivos due\u00f1os. Zenkit no tiene afiliaci\u00f3n con ning\u00fan otro producto mencionado en esta p\u00e1gina. Los datos sobre las funciones se obtienen directamente de sitios web relacionados y materiales de marketing a partir de abril de 2019. La informaci\u00f3n y las funciones est\u00e1n sujetas a cambios. Para informar correcciones, comun\u00edquese con nosotros por correo electr\u00f3nico,\u00a0<a href=\"https:\/\/zenkit.com\/es\/contact\/\">cont\u00e1ctenos<\/a>.<\/p>\n<\/div>\n\n\n\n<div style=\"height:110px;--tablet-height:60px;--mobile-height:60px\" class=\"wp-block-lookeen-blocks-responsive-spacer\"><\/div>\n","protected":false},"excerpt":{"rendered":"<p>Zenkit como una Alternativa a Microsoft Project Microsoft Project es un producto de software de administraci\u00f3n de proyectos. Ayuda a los directores de proyectos permiti\u00e9ndoles desarrollar programas, asignar tareas a los miembros, realizar un seguimiento del progreso y analizar las cargas de trabajo. Pero, \u00bfqu\u00e9 sucede si necesita m\u00e1s simplicidad en la forma en que [&hellip;]<\/p>\n","protected":false},"author":30,"featured_media":0,"parent":71401,"menu_order":14,"comment_status":"closed","ping_status":"closed","template":"","meta":{"yasr_overall_rating":0,"yasr_post_is_review":"","yasr_auto_insert_disabled":"","yasr_review_type":"","footnotes":""},"class_list":["post-71370","page","type-page","status-publish","hentry"],"yoast_head":"<!-- This site is optimized with the Yoast SEO plugin v27.4 - https:\/\/yoast.com\/product\/yoast-seo-wordpress\/ -->\n<title>Microsoft Project Alternative | Zenkit<\/title>\n<meta name=\"robots\" content=\"index, follow, max-snippet:-1, max-image-preview:large, max-video-preview:-1\" \/>\n<link rel=\"canonical\" href=\"https:\/\/zenkit.com\/es\/alternatives\/microsoftproject-alternative\/\" \/>\n<meta property=\"og:locale\" content=\"es_ES\" \/>\n<meta property=\"og:type\" content=\"article\" \/>\n<meta property=\"og:title\" content=\"Microsoft Project Alternative | Zenkit\" \/>\n<meta property=\"og:description\" content=\"Zenkit como una Alternativa a Microsoft Project Microsoft Project es un producto de software de administraci\u00f3n de proyectos. Ayuda a los directores de proyectos permiti\u00e9ndoles desarrollar programas, asignar tareas a los miembros, realizar un seguimiento del progreso y analizar las cargas de trabajo. Pero, \u00bfqu\u00e9 sucede si necesita m\u00e1s simplicidad en la forma en que [&hellip;]\" \/>\n<meta property=\"og:url\" content=\"https:\/\/zenkit.com\/es\/alternatives\/microsoftproject-alternative\/\" \/>\n<meta property=\"og:site_name\" content=\"Zenkit\" \/>\n<meta property=\"article:publisher\" content=\"https:\/\/www.facebook.com\/ZenkitHQ\" \/>\n<meta property=\"article:modified_time\" content=\"2025-11-04T05:53:14+00:00\" \/>\n<meta property=\"og:image\" content=\"https:\/\/zenkit.com\/wp-content\/uploads\/2025\/06\/check.svg\" \/>\n<meta name=\"twitter:card\" content=\"summary_large_image\" \/>\n<meta name=\"twitter:site\" content=\"@ZenkitHQ\" \/>\n<meta name=\"twitter:label1\" content=\"Tiempo de lectura\" \/>\n\t<meta name=\"twitter:data1\" content=\"2 minutos\" \/>\n<script type=\"application\/ld+json\" class=\"yoast-schema-graph\">{\"@context\":\"https:\\\/\\\/schema.org\",\"@graph\":[{\"@type\":\"WebPage\",\"@id\":\"https:\\\/\\\/zenkit.com\\\/es\\\/alternatives\\\/microsoftproject-alternative\\\/\",\"url\":\"https:\\\/\\\/zenkit.com\\\/es\\\/alternatives\\\/microsoftproject-alternative\\\/\",\"name\":\"Microsoft Project Alternative | Zenkit\",\"isPartOf\":{\"@id\":\"https:\\\/\\\/zenkit.com\\\/es\\\/#website\"},\"primaryImageOfPage\":{\"@id\":\"https:\\\/\\\/zenkit.com\\\/es\\\/alternatives\\\/microsoftproject-alternative\\\/#primaryimage\"},\"image\":{\"@id\":\"https:\\\/\\\/zenkit.com\\\/es\\\/alternatives\\\/microsoftproject-alternative\\\/#primaryimage\"},\"thumbnailUrl\":\"https:\\\/\\\/zenkit.com\\\/wp-content\\\/uploads\\\/2025\\\/06\\\/check.svg\",\"datePublished\":\"2021-03-24T09:13:13+00:00\",\"dateModified\":\"2025-11-04T05:53:14+00:00\",\"breadcrumb\":{\"@id\":\"https:\\\/\\\/zenkit.com\\\/es\\\/alternatives\\\/microsoftproject-alternative\\\/#breadcrumb\"},\"inLanguage\":\"es\",\"potentialAction\":[{\"@type\":\"ReadAction\",\"target\":[\"https:\\\/\\\/zenkit.com\\\/es\\\/alternatives\\\/microsoftproject-alternative\\\/\"]}]},{\"@type\":\"ImageObject\",\"inLanguage\":\"es\",\"@id\":\"https:\\\/\\\/zenkit.com\\\/es\\\/alternatives\\\/microsoftproject-alternative\\\/#primaryimage\",\"url\":\"https:\\\/\\\/zenkit.com\\\/wp-content\\\/uploads\\\/2025\\\/06\\\/check.svg\",\"contentUrl\":\"https:\\\/\\\/zenkit.com\\\/wp-content\\\/uploads\\\/2025\\\/06\\\/check.svg\"},{\"@type\":\"BreadcrumbList\",\"@id\":\"https:\\\/\\\/zenkit.com\\\/es\\\/alternatives\\\/microsoftproject-alternative\\\/#breadcrumb\",\"itemListElement\":[{\"@type\":\"ListItem\",\"position\":1,\"name\":\"Home\",\"item\":\"https:\\\/\\\/zenkit.com\\\/es\\\/\"},{\"@type\":\"ListItem\",\"position\":2,\"name\":\"Alternativas\",\"item\":\"https:\\\/\\\/zenkit.com\\\/es\\\/alternatives\\\/\"},{\"@type\":\"ListItem\",\"position\":3,\"name\":\"Microsoft Project Alternative\"}]},{\"@type\":\"WebSite\",\"@id\":\"https:\\\/\\\/zenkit.com\\\/es\\\/#website\",\"url\":\"https:\\\/\\\/zenkit.com\\\/es\\\/\",\"name\":\"Zenkit\",\"description\":\"Zenkit Tagline\",\"potentialAction\":[{\"@type\":\"SearchAction\",\"target\":{\"@type\":\"EntryPoint\",\"urlTemplate\":\"https:\\\/\\\/zenkit.com\\\/es\\\/?s={search_term_string}\"},\"query-input\":{\"@type\":\"PropertyValueSpecification\",\"valueRequired\":true,\"valueName\":\"search_term_string\"}}],\"inLanguage\":\"es\"},false]}<\/script>\n<!-- \/ Yoast SEO plugin. -->","yoast_head_json":{"title":"Microsoft Project Alternative | Zenkit","robots":{"index":"index","follow":"follow","max-snippet":"max-snippet:-1","max-image-preview":"max-image-preview:large","max-video-preview":"max-video-preview:-1"},"canonical":"https:\/\/zenkit.com\/es\/alternatives\/microsoftproject-alternative\/","og_locale":"es_ES","og_type":"article","og_title":"Microsoft Project Alternative | Zenkit","og_description":"Zenkit como una Alternativa a Microsoft Project Microsoft Project es un producto de software de administraci\u00f3n de proyectos. Ayuda a los directores de proyectos permiti\u00e9ndoles desarrollar programas, asignar tareas a los miembros, realizar un seguimiento del progreso y analizar las cargas de trabajo. Pero, \u00bfqu\u00e9 sucede si necesita m\u00e1s simplicidad en la forma en que [&hellip;]","og_url":"https:\/\/zenkit.com\/es\/alternatives\/microsoftproject-alternative\/","og_site_name":"Zenkit","article_publisher":"https:\/\/www.facebook.com\/ZenkitHQ","article_modified_time":"2025-11-04T05:53:14+00:00","og_image":[{"url":"https:\/\/zenkit.com\/wp-content\/uploads\/2025\/06\/check.svg","type":"","width":"","height":""}],"twitter_card":"summary_large_image","twitter_site":"@ZenkitHQ","twitter_misc":{"Tiempo de lectura":"2 minutos"},"schema":{"@context":"https:\/\/schema.org","@graph":[{"@type":"WebPage","@id":"https:\/\/zenkit.com\/es\/alternatives\/microsoftproject-alternative\/","url":"https:\/\/zenkit.com\/es\/alternatives\/microsoftproject-alternative\/","name":"Microsoft Project Alternative | Zenkit","isPartOf":{"@id":"https:\/\/zenkit.com\/es\/#website"},"primaryImageOfPage":{"@id":"https:\/\/zenkit.com\/es\/alternatives\/microsoftproject-alternative\/#primaryimage"},"image":{"@id":"https:\/\/zenkit.com\/es\/alternatives\/microsoftproject-alternative\/#primaryimage"},"thumbnailUrl":"https:\/\/zenkit.com\/wp-content\/uploads\/2025\/06\/check.svg","datePublished":"2021-03-24T09:13:13+00:00","dateModified":"2025-11-04T05:53:14+00:00","breadcrumb":{"@id":"https:\/\/zenkit.com\/es\/alternatives\/microsoftproject-alternative\/#breadcrumb"},"inLanguage":"es","potentialAction":[{"@type":"ReadAction","target":["https:\/\/zenkit.com\/es\/alternatives\/microsoftproject-alternative\/"]}]},{"@type":"ImageObject","inLanguage":"es","@id":"https:\/\/zenkit.com\/es\/alternatives\/microsoftproject-alternative\/#primaryimage","url":"https:\/\/zenkit.com\/wp-content\/uploads\/2025\/06\/check.svg","contentUrl":"https:\/\/zenkit.com\/wp-content\/uploads\/2025\/06\/check.svg"},{"@type":"BreadcrumbList","@id":"https:\/\/zenkit.com\/es\/alternatives\/microsoftproject-alternative\/#breadcrumb","itemListElement":[{"@type":"ListItem","position":1,"name":"Home","item":"https:\/\/zenkit.com\/es\/"},{"@type":"ListItem","position":2,"name":"Alternativas","item":"https:\/\/zenkit.com\/es\/alternatives\/"},{"@type":"ListItem","position":3,"name":"Microsoft Project Alternative"}]},{"@type":"WebSite","@id":"https:\/\/zenkit.com\/es\/#website","url":"https:\/\/zenkit.com\/es\/","name":"Zenkit","description":"Zenkit Tagline","potentialAction":[{"@type":"SearchAction","target":{"@type":"EntryPoint","urlTemplate":"https:\/\/zenkit.com\/es\/?s={search_term_string}"},"query-input":{"@type":"PropertyValueSpecification","valueRequired":true,"valueName":"search_term_string"}}],"inLanguage":"es"},false]}},"yasr_visitor_votes":{"stars_attributes":{"read_only":false,"span_bottom":false},"number_of_votes":0,"sum_votes":0},"_links":{"self":[{"href":"https:\/\/zenkit.com\/es\/wp-json\/wp\/v2\/pages\/71370","targetHints":{"allow":["GET"]}}],"collection":[{"href":"https:\/\/zenkit.com\/es\/wp-json\/wp\/v2\/pages"}],"about":[{"href":"https:\/\/zenkit.com\/es\/wp-json\/wp\/v2\/types\/page"}],"author":[{"embeddable":true,"href":"https:\/\/zenkit.com\/es\/wp-json\/wp\/v2\/users\/30"}],"replies":[{"embeddable":true,"href":"https:\/\/zenkit.com\/es\/wp-json\/wp\/v2\/comments?post=71370"}],"version-history":[{"count":2,"href":"https:\/\/zenkit.com\/es\/wp-json\/wp\/v2\/pages\/71370\/revisions"}],"predecessor-version":[{"id":126307,"href":"https:\/\/zenkit.com\/es\/wp-json\/wp\/v2\/pages\/71370\/revisions\/126307"}],"up":[{"embeddable":true,"href":"https:\/\/zenkit.com\/es\/wp-json\/wp\/v2\/pages\/71401"}],"wp:attachment":[{"href":"https:\/\/zenkit.com\/es\/wp-json\/wp\/v2\/media?parent=71370"}],"curies":[{"name":"wp","href":"https:\/\/api.w.org\/{rel}","templated":true}]}}